{"id":2487,"date":"2019-03-08T00:01:15","date_gmt":"2019-03-07T23:01:15","guid":{"rendered":"http:\/\/yogajagat.com\/?page_id=2487"},"modified":"2022-01-27T22:38:00","modified_gmt":"2022-01-27T21:38:00","slug":"detaching-mind-or-concentration","status":"publish","type":"page","link":"https:\/\/yogajagat.com\/sr\/koncentracija-korisno-odvajanje-uma-od-bure-darana\/","title":{"rendered":"Koncentracija i korisno odvajanje uma od buke"},"content":{"rendered":"[vc_row][vc_column][vc_column_text]\n<h3 style=\"text-align: center;\"><span style=\"color: #993300;\">KONCENTRACIJA<\/span><\/h3>\n<h3 style=\"text-align: center;\"><span style=\"color: #800080;\"> Korisno odvajanje uma od bure u njegovom okeanu<\/span><\/h3>\n<hr \/>\n<p>&nbsp;<\/p>\n<p>Koncentracija i njen manjak su bili poznati jo\u0161 anti\u010dkim narodima. I danas su svima nama dobro poznati i to nije ne\u0161to \u0161to treba kritikovati, \u0161ta treba precenjivati ili potcenjivati.<\/p>\n<p><span style=\"color: #ff6600;\">Koncentracija treba danas da postane na\u0161a preventivna medicina i to bez odlaganja.<\/span>[\/vc_column_text][\/vc_column][\/vc_row][vc_row][vc_column][vc_column_text]<img loading=\"lazy\" class=\"aligncenter size-full wp-image-5199\" src=\"https:\/\/i2.wp.com\/yogajagat.com\/wp-content\/uploads\/2020\/02\/DSC08398.jpg?resize=640%2C480\" alt=\"konzentration koncentracija concentration detaching mind\" width=\"640\" height=\"480\" srcset=\"https:\/\/i2.wp.com\/yogajagat.com\/wp-content\/uploads\/2020\/02\/DSC08398.jpg?w=640&amp;ssl=1 640w, https:\/\/i2.wp.com\/yogajagat.com\/wp-content\/uploads\/2020\/02\/DSC08398.jpg?resize=300%2C225&amp;ssl=1 300w\" sizes=\"(max-width: 640px) 100vw, 640px\" data-recalc-dims=\"1\" \/>[\/vc_column_text][\/vc_column][\/vc_row][vc_row][vc_column][vc_custom_heading text=&#8221;Kultivisanje bure u glavi<br \/>\nZa\u0161to je potrebno da kultivi\u0161emo burni okean u na\u0161em umu?&#8221; font_container=&#8221;tag:h2|text_align:center|color:%231ba2b7&#8243; google_fonts=&#8221;font_family:Ubuntu%3A300%2C300italic%2Cregular%2Citalic%2C500%2C500italic%2C700%2C700italic|font_style:300%20light%20italic%3A300%3Aitalic&#8221;][\/vc_column][\/vc_row][vc_row][vc_column][vc_column_text]\n<hr \/>\n<p>&nbsp;<\/p>\n<p>Svakome je poznat ose\u0107aj kada je um rastrojen i kada se o\u010di kao pisa\u0107a ma\u0161ina uvek vra\u0107aju na po\u010detak iste re\u010denice.<\/p>\n<p>Tako\u0111e je svima poznat ose\u0107aj kada um lagano pluta\u00a0negde daleko dok neko nastavlja da pri\u010da dosadne pri\u010de.<\/p>\n<p>A i svako od nas zna koliko naporno i opasno mo\u017ee biti kada druga osoba dr\u017ei volan dok joj je um negde drugde.<\/p>\n<p>&nbsp;<\/p>\n<p>Sada, ukoliko je va\u0161 um usavr\u0161io svoje samo-isklju\u010divanje dok vam mu\u017e, \u017eena ili kolega nastavljaju da pri\u010daju dosadne pri\u010de. Ukoliko se ovo ne zavr\u0161i bolno ni za vas ni za druge, onda je to sjajno!<\/p>\n<p>Me\u0111utim, ima mnogo momenata u na\u0161em \u017eivotu kada nas manjak koncentracije ko\u0161ta tuge, ljutnje ili \u010dak i skrivene pohlepe, i kada je ustvari i za nas i za druge mnogo bolje kada bi bili vi\u0161e prisutni. Bilo bi definitivno manje naporno kada bi na\u0161 um funkcionisao direktnije i br\u017ee, i kada pri tom ne bi i sam ponavljao dosadne radnje uvek iznova.<\/p>\n<p>&nbsp;<\/p>\n<p>\u017divot ipak nije u tome staviti nogu na gas, slo\u017eiti prepun ormar, dobiti &#8220;lajk&#8221; ili pridavati pa\u017enju na &#8220;ne-lajkove&#8221;. (posebno ne-svi\u0111anja drugih osoba ne bi trebalo nimalo da okupiraju na\u0161e vreme i na\u0161 um.)<\/p>\n<p>&nbsp;<\/p>\n<p>Izme\u0111u svakog novog jutra i svake no\u0107i svako ljudsko bi\u0107e ima prilike da pripitomi svoju \u017eivotinjsku prirodu i taj prose\u010dni, jednostavan deo na\u0161eg uma.<\/p>\n<p>Kada \u010dovek uspe da prevazidje taj ni\u017ei deo uma onda \u0107e on \u0161iriti mir u svim svojim svakodnevnim prioritetima, u ku\u0107i, u kancelariji, na ulici, u javnom prevozu, u supermarketu, na putu, na dru\u017eenjima, u \u0161umi, u ili na vodi, na planinama&#8230; A onda \u0107e\u00a0otkriti beskona\u010dnu, \u010distu prirodu ljudskog postojanja.<\/p>\n<p>Zna\u010di, praksa koncentracije ili odvajanja uma nije ni\u0161ta drugo nego prikupljanje uma.<\/p>\n[\/vc_column_text][\/vc_column][\/vc_row][vc_row][vc_column][vc_custom_heading text=&#8221;\u017delje, po\u017euda, strahovi, se\u0107anja&#8221; font_container=&#8221;tag:h2|text_align:center|color:%231ba2b7&#8243; google_fonts=&#8221;font_family:Ubuntu%3A300%2C300italic%2Cregular%2Citalic%2C500%2C500italic%2C700%2C700italic|font_style:300%20light%20italic%3A300%3Aitalic&#8221;][\/vc_column][\/vc_row][vc_row][vc_column][vc_column_text]\n<hr \/>\n<p>&nbsp;<\/p>\n<p>Ima nekoliko razloga zbog kojih ta nemirna supstanca, na\u0161 um, nije uvek sposobna da se skoncentri\u0161e.<\/p>\n<p><em>\u017delja<\/em> \u0107e iznenada postati prekomerno aktivna i tako \u0107e kreirati mno\u0161tvo drugih stvari. Jedan produkt preaktivne \u017eelje je <em>po\u017euda<\/em>. Obe oduzimaju umu dosta i vremena i prostora. Isto je tako i sa strahovima.<\/p>\n<p>Bili na\u0161i <em>strahovi<\/em> svesni ili nesvesni, i oni brzo potro\u0161e veliku koli\u010dinu energetskog potencijala u na\u0161em mozgu.<\/p>\n<p>Zatim, tu su i <em>se\u0107anja<\/em> iz pro\u0161losti.<\/p>\n<p><em>Planovi<\/em> za budu\u0107nost.<\/p>\n<p><em>Analize<\/em> i <em>premeravanja<\/em> situacija, ljudi i okoline iz pro\u0161losti i budu\u0107nosti.<\/p>\n<p>&nbsp;<\/p>\n<p>I svi oni cvrku\u0107u njihova &#8220;ispitivanja&#8221; sve vreme i svuda okolo.<\/p>\n<p>&nbsp;<\/p>\n<p>Ova bura u umu stoji na putu svakome od nas. A tako blokiraju evoluciju novih saznanja i otkri\u0107a u \u017eivotu svakog od nas. \u0160teta je.[\/vc_column_text][\/vc_column][\/vc_row][vc_row][vc_column][vc_column_text]<img loading=\"lazy\" class=\"aligncenter size-full wp-image-4222\" src=\"https:\/\/i1.wp.com\/yogajagat.com\/wp-content\/uploads\/2019\/12\/DSC07647-Kopie.jpg?resize=800%2C517\" alt=\"koncentracija odvajanje uma, dharana\" width=\"800\" height=\"517\" srcset=\"https:\/\/i1.wp.com\/yogajagat.com\/wp-content\/uploads\/2019\/12\/DSC07647-Kopie.jpg?w=800&amp;ssl=1 800w, https:\/\/i1.wp.com\/yogajagat.com\/wp-content\/uploads\/2019\/12\/DSC07647-Kopie.jpg?resize=300%2C194&amp;ssl=1 300w, https:\/\/i1.wp.com\/yogajagat.com\/wp-content\/uploads\/2019\/12\/DSC07647-Kopie.jpg?resize=768%2C496&amp;ssl=1 768w\" sizes=\"(max-width: 800px) 100vw, 800px\" data-recalc-dims=\"1\" \/><\/p>\n<p>&nbsp;<\/p>\n[\/vc_column_text][vc_custom_heading text=&#8221;Ko su neprijatelji slobode?&#8221; font_container=&#8221;tag:h2|text_align:center|color:%231ba2b7&#8243; google_fonts=&#8221;font_family:Ubuntu%3A300%2C300italic%2Cregular%2Citalic%2C500%2C500italic%2C700%2C700italic|font_style:300%20light%20italic%3A300%3Aitalic&#8221;][\/vc_column][\/vc_row][vc_row][vc_column][vc_column_text]\n<hr \/>\n<p>&nbsp;<\/p>\n<p>Strahovi su najve\u0107i neprijatelji slobode. Oni su toliko jaki da mnogi ljudi i ne prime\u0107uju da su se ustvari totalno stopili sa strahovima. \u017divot mnogih ljudi na\u017ealost tako nije ni\u0161ta drugo nego sveza strahova. Tako sna\u017eno su ljudi identifikuju sa strahovima.<\/p>\n<p>Sada, da li je, ipak, mogu\u0107e re\u0107i <em>ne<\/em> sopstvenim strahovima?<\/p>\n<p>&nbsp;<\/p>\n<p>Mogu\u0107e je samo onda kada je um dovoljno jak da posmatra samog sebe bez bilo kakvih preuveli\u010davanja ili ose\u0107aja krivice.<\/p>\n<p>Ni\u0161ta nije nemogu\u0107e. Sve \u0161to treba jeste ve\u017ebati. A tada \u0107e biti samo pitanje vremena kada \u0107e i sama du\u0161a biti <em>pravo<\/em> Sopstvo a ne samo bledilo njegovog krhkog odsjaja.[\/vc_column_text][\/vc_column][\/vc_row][vc_row][vc_column][vc_custom_heading text=&#8221;Svako mo\u017ee da skoncentri\u0161e svoj um&#8221; font_container=&#8221;tag:h2|text_align:center|color:%231ba2b7&#8243; google_fonts=&#8221;font_family:Ubuntu%3A300%2C300italic%2Cregular%2Citalic%2C500%2C500italic%2C700%2C700italic|font_style:300%20light%20italic%3A300%3Aitalic&#8221;][\/vc_column][\/vc_row][vc_row][vc_column][vc_column_text]\n<hr \/>\n<p>&nbsp;<\/p>\n<p>Koncentracija je, kao i sve ostale mentalne aktivnosti, izbor koji se de\u0161ava u umu.<\/p>\n<p>Svesno odvajanje uma od njegovih vrtloga i burnih aktivnosti je jogi\u010dka tehnika koja se zove koncentracija ili <em>Darana.<\/em><\/p>\n<p>&nbsp;<\/p>\n<p>Re\u010d darana (<em>dharana<\/em> ) ima koren u re\u010di <em>dhri<\/em> \u0161to zna\u010di dr\u017eati, nositi ili ostaviti.<\/p>\n<p>&nbsp;<\/p>\n<p>Darana je stanje u kome je um usredsre\u0111en u jednom smeru (engl. <em>one-pointedness<\/em>). To je stanje potpune koncentracije. To je usredsre\u0111ena pa\u017enja.<\/p>\n<p>&nbsp;<\/p>\n<p>Postoje mnogi <a href=\"https:\/\/yogajagat.com\/sr\/svesna-usredsredena-paznja-praktikovanje-svesne-paznje\/\"><span style=\"color: #993300;\">prakti\u010dni saveti<\/span> <\/a>kako pripitomiti burni okean uma. Pri tom se re\u010d &#8220;pripitomiti&#8221; odnosi na smirivanje onog dela uma koji umesto \u010disto\u0107u du\u0161evnog mira donosi mutni nemir i uzburkanost.<\/p>\n<p>Uvek je mnogo mudriji um onaj koji ne &#8220;prepisuje&#8221;, prepri\u010dava i prisvaja tu\u0111e znanje i iskustvo. Za one koje ipak vole ne\u0161to i da pro\u010ditaju, <span style=\"color: #800080;\"><a style=\"color: #800080;\" href=\"https:\/\/yogajagat.com\/sr\/ucenja-starih-naroda-vijnana-bhairava-tantra\/\">stari\u00a0tekstovi <\/a><\/span>odli\u010dno obja\u0161njavaju koncentraciju, koja je osnova za sva vi\u0161a razlaganja i ujedinjenja svesti.<\/p>\n<p>Zna\u010di, samo napred i \u0161irite mir.[\/vc_column_text][\/vc_column][\/vc_row][vc_row][vc_column][vc_column_text]\n<div id=\"attachment_5264\" style=\"width: 490px\" class=\"wp-caption aligncenter\"><img aria-describedby=\"caption-attachment-5264\" loading=\"lazy\" class=\"size-full wp-image-5264\" src=\"https:\/\/i1.wp.com\/yogajagat.com\/wp-content\/uploads\/2020\/02\/044be827-e9fe-46b4-8245-7fa52a97c43a-768x1024-1.jpg?resize=480%2C640\" alt=\"koncentracija\" width=\"480\" height=\"640\" srcset=\"https:\/\/i1.wp.com\/yogajagat.com\/wp-content\/uploads\/2020\/02\/044be827-e9fe-46b4-8245-7fa52a97c43a-768x1024-1.jpg?w=480&amp;ssl=1 480w, https:\/\/i1.wp.com\/yogajagat.com\/wp-content\/uploads\/2020\/02\/044be827-e9fe-46b4-8245-7fa52a97c43a-768x1024-1.jpg?resize=225%2C300&amp;ssl=1 225w\" sizes=\"(max-width: 480px) 100vw, 480px\" data-recalc-dims=\"1\" \/><p id=\"caption-attachment-5264\" class=\"wp-caption-text\">photo by: Mira Prica<\/p><\/div>\n[\/vc_column_text][\/vc_column][\/vc_row]\n","protected":false},"excerpt":{"rendered":"<p>[vc_row][vc_column][vc_column_text]<br \/>\nKONCENTRACIJA<br \/>\n Korisno odvajanje uma od bure u njegovom okeanu<\/p>\n<p>&nbsp;<br \/>\nKoncentracija i njen manjak su bili poznati jo\u0161 anti\u010dkim narodima. I danas su svima nama dobro poznati i to nije ne\u0161to \u0161to treba kritikovati, \u0161ta treba precenjivati ili potcenjivati.<br \/>\nKoncentracija treba danas da postane na\u0161a preventivna medicina i to bez odlaganja.[\/vc_column_text][\/vc_column][\/vc_row][vc_row][vc_column][vc_column_text][\/vc_column_text][\/vc_column][\/vc_row][vc_row][vc_column][vc_custom_heading text=&#8221;Kultivisanje bure u glavi<br \/>\nZa\u0161to je potrebno da kultivi\u0161emo burni okean u na\u0161em umu?&#8221; font_container=&#8221;tag:h2|text_align:center|color:%231ba2b7&#8243; google_fonts=&#8221;font_family:Ubuntu%3A300%2C300italic%2Cregular%2Citalic%2C500%2C500italic%2C700%2C700italic|font_style:300%20light%20italic%3A300%3Aitalic&#8221;][\/vc_column][\/vc_row][vc_row][vc_column][vc_column_text]<\/p>\n<p>&nbsp;<br \/>\nSvakome je poznat ose\u0107aj kada je um rastrojen &#8230;<\/p>\n","protected":false},"author":1,"featured_media":0,"parent":0,"menu_order":0,"comment_status":"closed","ping_status":"open","template":"template-full-width.php","meta":{"_bbp_topic_count":0,"_bbp_reply_count":0,"_bbp_total_topic_count":0,"_bbp_total_reply_count":0,"_bbp_voice_count":0,"_bbp_anonymous_reply_count":0,"_bbp_topic_count_hidden":0,"_bbp_reply_count_hidden":0,"_bbp_forum_subforum_count":0,"inline_featured_image":false,"spay_email":""},"translation":{"provider":"WPGlobus","version":"3.0.1","language":"sr","enabled_languages":["en","de","sr"],"languages":{"en":{"title":true,"content":true,"excerpt":false},"de":{"title":true,"content":true,"excerpt":false},"sr":{"title":true,"content":true,"excerpt":false}}},"yoast_head":"<!-- This site is optimized with the Yoast SEO plugin v18.3 - https:\/\/yoast.com\/wordpress\/plugins\/seo\/ -->\n<title>Koncentracija i korisno odvajanje uma od buke - Lepota promene<\/title>\n<meta name=\"description\" content=\"Koncentracija danas treba da bude na\u0161a preventivna medicina. O \u017eeljama, po\u017eudi, strahovima, se\u0107anjima i o tome ko je najve\u0107i neprijatelj slobode.\" \/>\n<meta name=\"robots\" content=\"index, follow, max-snippet:-1, max-image-preview:large, max-video-preview:-1\" \/>\n<link rel=\"canonical\" href=\"https:\/\/yogajagat.com\/detaching-mind-or-concentration\/\" \/>\n<meta name=\"twitter:label1\" content=\"Est. reading time\" \/>\n\t<meta name=\"twitter:data1\" content=\"12 minutes\" \/>\n<script type=\"application\/ld+json\" class=\"yoast-schema-graph\">{\"@context\":\"https:\/\/schema.org\",\"@graph\":[{\"@type\":\"Organization\",\"@id\":\"https:\/\/yogajagat.com\/#organization\",\"name\":\"Yogajagat\",\"url\":\"https:\/\/yogajagat.com\/\",\"sameAs\":[],\"logo\":{\"@type\":\"ImageObject\",\"@id\":\"https:\/\/yogajagat.com\/#logo\",\"inLanguage\":\"sr\",\"url\":\"https:\/\/i1.wp.com\/yogajagat.com\/wp-content\/uploads\/2019\/03\/DSC08478-Kopie-1.jpg?fit=798%2C800&ssl=1\",\"contentUrl\":\"https:\/\/i1.wp.com\/yogajagat.com\/wp-content\/uploads\/2019\/03\/DSC08478-Kopie-1.jpg?fit=798%2C800&ssl=1\",\"width\":798,\"height\":800,\"caption\":\"Yogajagat\"},\"image\":{\"@id\":\"https:\/\/yogajagat.com\/#logo\"}},{\"@type\":\"WebSite\",\"@id\":\"https:\/\/yogajagat.com\/#website\",\"url\":\"https:\/\/yogajagat.com\/\",\"name\":\"Lepota promene\",\"description\":\"Neprestanom promenom do najlepseg zivotnog iskustva\",\"publisher\":{\"@id\":\"https:\/\/yogajagat.com\/#organization\"},\"potentialAction\":[{\"@type\":\"SearchAction\",\"target\":{\"@type\":\"EntryPoint\",\"urlTemplate\":\"https:\/\/yogajagat.com\/?s={search_term_string}\"},\"query-input\":\"required name=search_term_string\"}],\"inLanguage\":\"sr\"},{\"@type\":\"ImageObject\",\"@id\":\"https:\/\/yogajagat.com\/detaching-mind-or-concentration\/#primaryimage\",\"inLanguage\":\"sr\",\"url\":\"http:\/\/yogajagat.com\/wp-content\/uploads\/2020\/02\/DSC08398.jpg\",\"contentUrl\":\"http:\/\/yogajagat.com\/wp-content\/uploads\/2020\/02\/DSC08398.jpg\"},{\"@type\":\"WebPage\",\"@id\":\"https:\/\/yogajagat.com\/detaching-mind-or-concentration\/#webpage\",\"url\":\"https:\/\/yogajagat.com\/detaching-mind-or-concentration\/\",\"name\":\"Koncentracija i korisno odvajanje uma od buke - Lepota promene\",\"isPartOf\":{\"@id\":\"https:\/\/yogajagat.com\/#website\"},\"primaryImageOfPage\":{\"@id\":\"https:\/\/yogajagat.com\/detaching-mind-or-concentration\/#primaryimage\"},\"datePublished\":\"2019-03-07T23:01:15+00:00\",\"dateModified\":\"2022-01-27T21:38:00+00:00\",\"description\":\"Concentration or detaching mind should become our preventative medicine without delay. Lack of concentration costs us. Who are the enemies of freedom?\",\"breadcrumb\":{\"@id\":\"https:\/\/yogajagat.com\/detaching-mind-or-concentration\/#breadcrumb\"},\"inLanguage\":\"sr\",\"potentialAction\":[{\"@type\":\"ReadAction\",\"target\":[\"https:\/\/yogajagat.com\/detaching-mind-or-concentration\/\"]}]},{\"@type\":\"BreadcrumbList\",\"@id\":\"https:\/\/yogajagat.com\/detaching-mind-or-concentration\/#breadcrumb\",\"itemListElement\":[{\"@type\":\"ListItem\",\"position\":1,\"name\":\"Home\",\"item\":\"https:\/\/yogajagat.com\/sr\/\"},{\"@type\":\"ListItem\",\"position\":2,\"name\":\"DETACHING MIND or CONCENTRATION\"}]}]}<\/script>\n<!-- \/ Yoast SEO plugin. -->","yoast_head_json":{"title":"Koncentracija i korisno odvajanje uma od buke - Lepota promene","description":"Koncentracija danas treba da bude na\u0161a preventivna medicina. O \u017eeljama, po\u017eudi, strahovima, se\u0107anjima i o tome ko je najve\u0107i neprijatelj slobode.","robots":{"index":"index","follow":"follow","max-snippet":"max-snippet:-1","max-image-preview":"max-image-preview:large","max-video-preview":"max-video-preview:-1"},"canonical":"https:\/\/yogajagat.com\/detaching-mind-or-concentration\/","twitter_misc":{"Est. reading time":"12 minutes"},"schema":{"@context":"https:\/\/schema.org","@graph":[{"@type":"Organization","@id":"https:\/\/yogajagat.com\/#organization","name":"Yogajagat","url":"https:\/\/yogajagat.com\/","sameAs":[],"logo":{"@type":"ImageObject","@id":"https:\/\/yogajagat.com\/#logo","inLanguage":"sr","url":"https:\/\/i1.wp.com\/yogajagat.com\/wp-content\/uploads\/2019\/03\/DSC08478-Kopie-1.jpg?fit=798%2C800&ssl=1","contentUrl":"https:\/\/i1.wp.com\/yogajagat.com\/wp-content\/uploads\/2019\/03\/DSC08478-Kopie-1.jpg?fit=798%2C800&ssl=1","width":798,"height":800,"caption":"Yogajagat"},"image":{"@id":"https:\/\/yogajagat.com\/#logo"}},{"@type":"WebSite","@id":"https:\/\/yogajagat.com\/#website","url":"https:\/\/yogajagat.com\/","name":"Lepota promene","description":"Neprestanom promenom do najlepseg zivotnog iskustva","publisher":{"@id":"https:\/\/yogajagat.com\/#organization"},"potentialAction":[{"@type":"SearchAction","target":{"@type":"EntryPoint","urlTemplate":"https:\/\/yogajagat.com\/?s={search_term_string}"},"query-input":"required name=search_term_string"}],"inLanguage":"sr"},{"@type":"ImageObject","@id":"https:\/\/yogajagat.com\/detaching-mind-or-concentration\/#primaryimage","inLanguage":"sr","url":"http:\/\/yogajagat.com\/wp-content\/uploads\/2020\/02\/DSC08398.jpg","contentUrl":"http:\/\/yogajagat.com\/wp-content\/uploads\/2020\/02\/DSC08398.jpg"},{"@type":"WebPage","@id":"https:\/\/yogajagat.com\/detaching-mind-or-concentration\/#webpage","url":"https:\/\/yogajagat.com\/detaching-mind-or-concentration\/","name":"Koncentracija i korisno odvajanje uma od buke - Lepota promene","isPartOf":{"@id":"https:\/\/yogajagat.com\/#website"},"primaryImageOfPage":{"@id":"https:\/\/yogajagat.com\/detaching-mind-or-concentration\/#primaryimage"},"datePublished":"2019-03-07T23:01:15+00:00","dateModified":"2022-01-27T21:38:00+00:00","description":"Concentration or detaching mind should become our preventative medicine without delay. Lack of concentration costs us. Who are the enemies of freedom?","breadcrumb":{"@id":"https:\/\/yogajagat.com\/detaching-mind-or-concentration\/#breadcrumb"},"inLanguage":"sr","potentialAction":[{"@type":"ReadAction","target":["https:\/\/yogajagat.com\/detaching-mind-or-concentration\/"]}]},{"@type":"BreadcrumbList","@id":"https:\/\/yogajagat.com\/detaching-mind-or-concentration\/#breadcrumb","itemListElement":[{"@type":"ListItem","position":1,"name":"Home","item":"https:\/\/yogajagat.com\/sr\/"},{"@type":"ListItem","position":2,"name":"DETACHING MIND or CONCENTRATION"}]}]}},"_links":{"self":[{"href":"https:\/\/yogajagat.com\/sr\/wp-json\/wp\/v2\/pages\/2487"}],"collection":[{"href":"https:\/\/yogajagat.com\/sr\/wp-json\/wp\/v2\/pages"}],"about":[{"href":"https:\/\/yogajagat.com\/sr\/wp-json\/wp\/v2\/types\/page"}],"author":[{"embeddable":true,"href":"https:\/\/yogajagat.com\/sr\/wp-json\/wp\/v2\/users\/1"}],"replies":[{"embeddable":true,"href":"https:\/\/yogajagat.com\/sr\/wp-json\/wp\/v2\/comments?post=2487"}],"version-history":[{"count":21,"href":"https:\/\/yogajagat.com\/sr\/wp-json\/wp\/v2\/pages\/2487\/revisions"}],"predecessor-version":[{"id":5868,"href":"https:\/\/yogajagat.com\/sr\/wp-json\/wp\/v2\/pages\/2487\/revisions\/5868"}],"wp:attachment":[{"href":"https:\/\/yogajagat.com\/sr\/wp-json\/wp\/v2\/media?parent=2487"}],"curies":[{"name":"wp","href":"https:\/\/api.w.org\/{rel}","templated":true}]}}