{"id":2479,"date":"2019-03-07T23:55:52","date_gmt":"2019-03-07T22:55:52","guid":{"rendered":"http:\/\/yogajagat.com\/?page_id=2479"},"modified":"2022-01-27T22:27:02","modified_gmt":"2022-01-27T21:27:02","slug":"withdrawal-of-the-senses-pratyahara","status":"publish","type":"page","link":"https:\/\/yogajagat.com\/sr\/pratjahara-povlacenje-cula-umetnost-priroda\/","title":{"rendered":"Pratjahara, povla\u010denje \u010dula, umetnost, priroda"},"content":{"rendered":"[vc_row][vc_column][vc_column_text]\n<h3 style=\"text-align: center;\"><span style=\"color: #993300;\">PRATJAHARA<\/span><\/h3>\n<h3 style=\"text-align: center;\"><span style=\"color: #008080;\">POVLA\u010cENJE \u010cULA\u00a0<\/span><\/h3>\n<hr \/>\n<p>&nbsp;<\/p>\n<p><em>Pratjahara<\/em> je povla\u010denje osnovnih ljudskih \u010dula iz spolja\u0161njeg sveta.<\/p>\n<p>&nbsp;<\/p>\n<p>Kompletnu predstavu o spolja\u0161njem svetu mi imamo zahvaljuju\u0107i informacijama koje sakupljaju organi na\u0161ih \u010dula. Na\u0161e o\u010di su najve\u0107i &#8220;skuplja\u010di&#8221; informacija. One bez prestanka \u0161alju informacije na\u0161em mozgu. Bez organa vida mi ne bismo znali kako svet izgleda.<\/p>\n<p>Na\u0161 um je kao nespretno, nemirno dete koje \u017eeli da bude svuda i u svako doba. Tu nemirnost prati \u017eelja, \u017eudnja ili potreba da se vidi, omiri\u0161e, dodirne, \u010duje, okusi.<\/p>\n<p>Sada, kao \u0161to na\u0161i mi\u0161i\u0107i ne bi mogli da se pokrenu bez komande na\u0161eg mozga (i najsavremenije &#8220;robotsko odelo&#8221; ili &#8220;exo-skelet&#8221; koji pokre\u0107e paralizovane udove, da bi ih pokrenuo mora da dobije i &#8220;pro\u010dita&#8221; komandu o pokretu iz mozga), tako i svih na\u0161ih pet glavnih ljudskih \u010dula ne bi mogla da obavljaju svoje radnje bez komande koja dolazi iz na\u0161eg mozga.<\/p>\n<p>Aktivnost na\u0161ih \u010dula da se ipak ukrotiti i to polazi za rukom samo jakoj snazi volje. Jaka snaga volje mo\u017ee ono nespretnije da napravi spretnim.<\/p>\n<p>Plodno i korisno povla\u010denje \u010dula, pratjahara, je ljudima sna\u017enog uma mnogo lak\u0161e izvesti.<\/p>\n<p>&nbsp;<\/p>\n[\/vc_column_text][\/vc_column][\/vc_row][vc_row][vc_column][vc_custom_heading text=&#8221;Sloboda uma&#8221; font_container=&#8221;tag:h2|text_align:center|color:%231ba2b7&#8243; google_fonts=&#8221;font_family:Ubuntu%3A300%2C300italic%2Cregular%2Citalic%2C500%2C500italic%2C700%2C700italic|font_style:300%20light%20italic%3A300%3Aitalic&#8221;][\/vc_column][\/vc_row][vc_row][vc_column][vc_column_text]\n<hr \/>\n<p>&nbsp;<\/p>\n<p>Povu\u0107i i izolovati \u010dula iz spolja\u0161njeg sveta nije nimalo lako iz mnogo razloga.<\/p>\n<p>Jedan od njih je da je ve\u0107ina uma jednostavno &#8220;programirana&#8221; tako da mnogi ljudi uglavnom vi\u0161e slu\u0161aju tu\u0111e <em>ne<\/em> nego svoje sopstveno. Mnogim ljudima je mnogo te\u017ee doneti odluku da sebi ka\u017eu <em>ne<\/em> nego da &#8220;igraju kako drugi sviraju&#8221;.<\/p>\n<p>Sve je, zna\u010di, u \u010dvrstoj odluci. Ni\u0161ta nije nemogu\u0107e.<\/p>\n[\/vc_column_text][\/vc_column][\/vc_row][vc_row][vc_column][vc_custom_heading text=&#8221;Povla\u010denje \u010dula i umetnik&#8221; font_container=&#8221;tag:h2|text_align:center|color:%231ba2b7&#8243; google_fonts=&#8221;font_family:Ubuntu%3A300%2C300italic%2Cregular%2Citalic%2C500%2C500italic%2C700%2C700italic|font_style:300%20light%20italic%3A300%3Aitalic&#8221;][\/vc_column][\/vc_row][vc_row][vc_column][vc_column_text]\n<hr \/>\n<p>&nbsp;<\/p>\n<p>&#8220;Oh, ne. Izgubljen je. Ok, umetnik je.&#8221;<\/p>\n<p>Mnogo ste puta ili \u010duli ili i sami izgovorili.<\/p>\n<p>&nbsp;<\/p>\n<p>Duboko povla\u010denje \u010dula iz spolja\u0161njeg sveta mnogi ljudi mogu do\u017eiveti sasvim prirodno i spontano.<\/p>\n<p>Ako ste ikada imali prilike da delite prostor i \u017eivot sa slikarem, muzi\u010derem, vajarom, piscem onda vam je sigurno poznato stanje\u00a0 njihove &#8220;odsutnosti&#8221;. Pravi stvaralac \u0107e zapo\u010deti ju\u010de, a &#8220;vratiti&#8221; (vam) se za dva ili tri dana, smiren i spokojan.<\/p>\n<p>Ta vrsta odsutnosti je stvarala\u010dka odsutnost. Strvarala\u010dka odsutnost je umetnost sama za sebe.<\/p>\n<p>Umetnik uroni u svoju \u010distu kreativnost. Ovo stanje povla\u010denja \u010dula ne zna\u010di da je on zaista odsutan, naprotiv.<\/p>\n<p>Umetnik u isto vreme otkriva objekte \u010dula i njihov je svedok. Razlika je jedino u tome \u0161to su \u010dula umetnika pro\u0107i\u0161\u0107ena na najistan\u010dajnijem energetskom nivou. Ovo stanje odeljenosti uma od objekata \u010dula se u Jogi zove <em>vairagja<\/em> i ono se de\u0161ava iz najve\u0107e dubine srca.<\/p>\n[\/vc_column_text][\/vc_column][\/vc_row][vc_row][vc_column][vc_custom_heading text=&#8221;Priroda i povla\u010denje \u010dula&#8221; font_container=&#8221;tag:h2|text_align:center|color:%231ba2b7&#8243; google_fonts=&#8221;font_family:Ubuntu%3A300%2C300italic%2Cregular%2Citalic%2C500%2C500italic%2C700%2C700italic|font_style:300%20light%20italic%3A300%3Aitalic&#8221;][\/vc_column][\/vc_row][vc_row][vc_column][vc_column_text]\n<hr \/>\n<p>&nbsp;<\/p>\n<p>Bivstvovanje u prirodi i slu\u0161anje jezika mora, drve\u0107a, ptica, vodopada, ili posmatranje zvezda, sunca ili meseca prirodno vodi do stanja gde se \u010dula povla\u010de i gde se o sebi bez sumnje najvi\u0161e (na)u\u010di.<\/p>\n<p>Za razliku od dru\u0161tvenog \u017eivota u kome \u010dovek ve\u0107im delom sebe bude ono \u0161to u su\u0161tini nije, u prirodi on nema tu potrebu. A ni prirodu ne zanima puno\u0107a glava koje kod nje dolaze.<\/p>\n<p>Bivaju\u0107i u prirodi, um nema potrebu da meri, analizira, kalkuli\u0161e i procenjuje ljude, kontakte, lajkovanja ili ne-lajkovanja. Umesto toga, \u010dovek upija ono \u0161to se nudi njegovim o\u010dima, rukama i srcu.<\/p>\n<p>U prirodi \u010dovek u\u017eiva ta\u010dno <em>tamo<\/em>, beskompromisno i bez sumnje.<\/p>\n<p>To u\u017eivanje osloba\u0111a um. Sve\u017ee kreirana sloboda uma \u0107e se zatim preneti na svakodnevni \u017eivot i kontakte sa svetom. Iz tog razloga je va\u017eno biti u prirodi.<\/p>\n<p>Kad se vreme provodi u prirodi, naravno bez nezasite \u017eudnje za dokazivanjem i dopadanjem drugima i bez bu\u010dnih ljudi, glava se prazni od sujete i predrasuda. Tamo se nau\u010di da se ne be\u017ei sa nesigurnih scena \u017eivota ve\u0107 da se prihvate stvari koje su ovde i sada. Uvek ima nekih mogu\u0107nosti.<\/p>\n[\/vc_column_text][\/vc_column][\/vc_row][vc_row][vc_column][vc_custom_heading text=&#8221;Ne samo umetnici&#8221; font_container=&#8221;tag:h2|text_align:center|color:%231ba2b7&#8243; google_fonts=&#8221;font_family:Ubuntu%3A300%2C300italic%2Cregular%2Citalic%2C500%2C500italic%2C700%2C700italic|font_style:300%20light%20italic%3A300%3Aitalic&#8221;][\/vc_column][\/vc_row][vc_row][vc_column][vc_column_text]\n<hr \/>\n<p>&nbsp;<\/p>\n<p>Svako ko je dostigao stanje u kome se ose\u0107a kao mali pu\u017e koji povla\u010di svoja \u010dula u ku\u0107icu a pri tom ne ose\u0107a niti bol niti zadovoljstvo, usavr\u0161io je tu korisnu praksu povla\u010denja \u010dula iz spolja\u0161njeg sveta.<\/p>\n<p>Svako ko je u svom &#8220;stvarala\u010dkom odsustvu&#8221; uspeo da razvije svoje prepoznavanje prirode stvari i istinu do slede\u0107eg nivoa, bio on po profesiji prodavac bilo \u010dega, poreznik, lekar ili pekar, usavr\u0161io je tu korisnu tehniku povla\u010denje \u010dula, ili na jeziku Joge, <em>Pratjahara, <\/em>povla\u010denje osnovnih ljudskih \u010dula iz spolja\u0161njeg sveta.[\/vc_column_text][\/vc_column][\/vc_row][vc_row][vc_column][vc_cta h2=&#8221;Joga Sutra 2.54:&#8221; color=&#8221;turquoise&#8221;]<span lang=\"EN-US\">Kada je um povu\u010den od objekata \u010dula onda i organi \u010dula povla\u010de sebe od objekata, imitiraju\u0107i um. Ovo je poznato kao pratjahara.<\/span>[\/vc_cta][\/vc_column][\/vc_row][vc_row][vc_column][vc_column_text]<img loading=\"lazy\" class=\"aligncenter size-full wp-image-4211\" src=\"https:\/\/i1.wp.com\/yogajagat.com\/wp-content\/uploads\/2019\/12\/DSC03920.jpg?resize=480%2C640\" alt=\"povla\u010denje \u010dula pratjahara umetnost priroda\" width=\"480\" height=\"640\" srcset=\"https:\/\/i1.wp.com\/yogajagat.com\/wp-content\/uploads\/2019\/12\/DSC03920.jpg?w=480&amp;ssl=1 480w, https:\/\/i1.wp.com\/yogajagat.com\/wp-content\/uploads\/2019\/12\/DSC03920.jpg?resize=225%2C300&amp;ssl=1 225w\" sizes=\"(max-width: 480px) 100vw, 480px\" data-recalc-dims=\"1\" \/>[\/vc_column_text][\/vc_column][\/vc_row][vc_row][vc_column][vc_column_text]Pratjahara je, zna\u010di, svesno povla\u010denje osnovnih ljudskih \u010dula. To je tehnika uzvi\u0161enijeg \u017eivota, \u017eivot vi\u0161e <span style=\"color: #993300;\"><a style=\"color: #993300;\" href=\"https:\/\/yogajagat.com\/sr\/ujedinjenje-jedinstvo-dna-joga\/\">Joge.<\/a><\/span> Dosti\u017ee se ve\u017ebom, predano\u0161\u0107u i potpunom iskreno\u0161\u0107u prema sebi i svetu.<\/p>\n<p>&nbsp;<\/p>\n<p>Pratjahara ili povla\u010denje \u010dula jeste \u010dista umetnost \u017eivota. Ona je i<span style=\"color: #800080;\"> <a style=\"color: #800080;\" href=\"https:\/\/yogajagat.com\/sr\/svesna-usredsredena-paznja-praktikovanje-svesne-paznje\/\">svesna pa\u017enja<\/a><\/span> i kada se jednom u potpunosti savlada, vodi do dubljeg<span style=\"color: #993300;\"><a style=\"color: #993300;\" href=\"https:\/\/yogajagat.com\/sr\/samoistrazivanje-i-potpuno-otvaranje-srca\/\"> otvaranja srca<\/a>.<\/span><\/p>\n<p>&nbsp;<\/p>\n<p>Povla\u010denje \u010dula nije izum \u010doveka novog doba i razvijene tehnologije. Vrednost ove tehnike uma bila je poznata \u010doveku jo\u0161 u <span style=\"color: #800080;\"><a style=\"color: #800080;\" href=\"https:\/\/yogajagat.com\/sr\/ljudska-cula-znanje-antickih-naroda\/\">starim vremenima.<\/a><\/span><\/p>\n<p>Kao i u svakoj sferi \u017eivota, uvek je bolje sam isprobati sve tehnike koje vode ka smirenom duhu i spokojnom srcu.<\/p>\n<p>Ove tehnike, iskustva i rezultati tog iskustva se na\u017ealost ne mogu prepisati, niti kopirati.<\/p>\n<p>&nbsp;<\/p>\n<p>Bitno je<span style=\"color: #800080;\"> praviti razlike<\/span> u zivotu a ne ilizije.[\/vc_column_text][\/vc_column][\/vc_row]\n","protected":false},"excerpt":{"rendered":"<p>[vc_row][vc_column][vc_column_text]<br \/>\nPRATJAHARA<br \/>\nPOVLA\u010cENJE \u010cULA\u00a0<\/p>\n<p>&nbsp;<br \/>\nPratjahara je povla\u010denje osnovnih ljudskih \u010dula iz spolja\u0161njeg sveta.<br \/>\n&nbsp;<br \/>\nKompletnu predstavu o spolja\u0161njem svetu mi imamo zahvaljuju\u0107i informacijama koje sakupljaju organi na\u0161ih \u010dula. Na\u0161e o\u010di su najve\u0107i &#8220;skuplja\u010di&#8221; informacija. One bez prestanka \u0161alju informacije na\u0161em mozgu. Bez organa vida mi ne bismo znali kako svet izgleda.<br \/>\nNa\u0161 um je kao nespretno, nemirno dete koje \u017eeli da bude svuda i u svako doba. Tu nemirnost prati \u017eelja, \u017eudnja ili potreba da se vidi, omiri\u0161e, &#8230;<\/p>\n","protected":false},"author":1,"featured_media":0,"parent":0,"menu_order":0,"comment_status":"closed","ping_status":"closed","template":"template-full-width.php","meta":{"_bbp_topic_count":0,"_bbp_reply_count":0,"_bbp_total_topic_count":0,"_bbp_total_reply_count":0,"_bbp_voice_count":0,"_bbp_anonymous_reply_count":0,"_bbp_topic_count_hidden":0,"_bbp_reply_count_hidden":0,"_bbp_forum_subforum_count":0,"inline_featured_image":false,"spay_email":""},"translation":{"provider":"WPGlobus","version":"3.0.1","language":"sr","enabled_languages":["en","de","sr"],"languages":{"en":{"title":true,"content":true,"excerpt":false},"de":{"title":true,"content":true,"excerpt":false},"sr":{"title":true,"content":true,"excerpt":false}}},"yoast_head":"<!-- This site is optimized with the Yoast SEO plugin v18.3 - https:\/\/yoast.com\/wordpress\/plugins\/seo\/ -->\n<title>Pratjahara, povla\u010denje \u010dula, umetnost, priroda - Lepota promene<\/title>\n<meta name=\"description\" content=\"Svako ko je u svom &quot;stvarala\u010dkom odsustvu&quot; uspeo da prepozna vi\u0161e istine, usavr\u0161io je svesno povla\u010denje \u010dula ili pratjahara.\" \/>\n<meta name=\"robots\" content=\"index, follow, max-snippet:-1, max-image-preview:large, max-video-preview:-1\" \/>\n<link rel=\"canonical\" href=\"https:\/\/yogajagat.com\/withdrawal-of-the-senses-pratyahara\/\" \/>\n<meta name=\"twitter:label1\" content=\"Est. reading time\" \/>\n\t<meta name=\"twitter:data1\" content=\"13 minutes\" \/>\n<script type=\"application\/ld+json\" class=\"yoast-schema-graph\">{\"@context\":\"https:\/\/schema.org\",\"@graph\":[{\"@type\":\"Organization\",\"@id\":\"https:\/\/yogajagat.com\/#organization\",\"name\":\"Yogajagat\",\"url\":\"https:\/\/yogajagat.com\/\",\"sameAs\":[],\"logo\":{\"@type\":\"ImageObject\",\"@id\":\"https:\/\/yogajagat.com\/#logo\",\"inLanguage\":\"sr\",\"url\":\"https:\/\/i1.wp.com\/yogajagat.com\/wp-content\/uploads\/2019\/03\/DSC08478-Kopie-1.jpg?fit=798%2C800&ssl=1\",\"contentUrl\":\"https:\/\/i1.wp.com\/yogajagat.com\/wp-content\/uploads\/2019\/03\/DSC08478-Kopie-1.jpg?fit=798%2C800&ssl=1\",\"width\":798,\"height\":800,\"caption\":\"Yogajagat\"},\"image\":{\"@id\":\"https:\/\/yogajagat.com\/#logo\"}},{\"@type\":\"WebSite\",\"@id\":\"https:\/\/yogajagat.com\/#website\",\"url\":\"https:\/\/yogajagat.com\/\",\"name\":\"Lepota promene\",\"description\":\"Neprestanom promenom do najlepseg zivotnog iskustva\",\"publisher\":{\"@id\":\"https:\/\/yogajagat.com\/#organization\"},\"potentialAction\":[{\"@type\":\"SearchAction\",\"target\":{\"@type\":\"EntryPoint\",\"urlTemplate\":\"https:\/\/yogajagat.com\/?s={search_term_string}\"},\"query-input\":\"required name=search_term_string\"}],\"inLanguage\":\"sr\"},{\"@type\":\"ImageObject\",\"@id\":\"https:\/\/yogajagat.com\/withdrawal-of-the-senses-pratyahara\/#primaryimage\",\"inLanguage\":\"sr\",\"url\":\"http:\/\/yogajagat.com\/wp-content\/uploads\/2020\/02\/DSC02693.jpg\",\"contentUrl\":\"http:\/\/yogajagat.com\/wp-content\/uploads\/2020\/02\/DSC02693.jpg\"},{\"@type\":\"WebPage\",\"@id\":\"https:\/\/yogajagat.com\/withdrawal-of-the-senses-pratyahara\/#webpage\",\"url\":\"https:\/\/yogajagat.com\/withdrawal-of-the-senses-pratyahara\/\",\"name\":\"Pratjahara, povla\u010denje \u010dula, umetnost, priroda - Lepota promene\",\"isPartOf\":{\"@id\":\"https:\/\/yogajagat.com\/#website\"},\"primaryImageOfPage\":{\"@id\":\"https:\/\/yogajagat.com\/withdrawal-of-the-senses-pratyahara\/#primaryimage\"},\"datePublished\":\"2019-03-07T22:55:52+00:00\",\"dateModified\":\"2022-01-27T21:27:02+00:00\",\"description\":\"The deep withdrawal of the senses from the outside world many people can experience quite naturally and spontaneously. If you've ever had the opportunity...\",\"breadcrumb\":{\"@id\":\"https:\/\/yogajagat.com\/withdrawal-of-the-senses-pratyahara\/#breadcrumb\"},\"inLanguage\":\"sr\",\"potentialAction\":[{\"@type\":\"ReadAction\",\"target\":[\"https:\/\/yogajagat.com\/withdrawal-of-the-senses-pratyahara\/\"]}]},{\"@type\":\"BreadcrumbList\",\"@id\":\"https:\/\/yogajagat.com\/withdrawal-of-the-senses-pratyahara\/#breadcrumb\",\"itemListElement\":[{\"@type\":\"ListItem\",\"position\":1,\"name\":\"Home\",\"item\":\"https:\/\/yogajagat.com\/sr\/\"},{\"@type\":\"ListItem\",\"position\":2,\"name\":\"Withdrawal of the Senses, Pratyahara\"}]}]}<\/script>\n<!-- \/ Yoast SEO plugin. -->","yoast_head_json":{"title":"Pratjahara, povla\u010denje \u010dula, umetnost, priroda - Lepota promene","description":"Svako ko je u svom \"stvarala\u010dkom odsustvu\" uspeo da prepozna vi\u0161e istine, usavr\u0161io je svesno povla\u010denje \u010dula ili pratjahara.","robots":{"index":"index","follow":"follow","max-snippet":"max-snippet:-1","max-image-preview":"max-image-preview:large","max-video-preview":"max-video-preview:-1"},"canonical":"https:\/\/yogajagat.com\/withdrawal-of-the-senses-pratyahara\/","twitter_misc":{"Est. reading time":"13 minutes"},"schema":{"@context":"https:\/\/schema.org","@graph":[{"@type":"Organization","@id":"https:\/\/yogajagat.com\/#organization","name":"Yogajagat","url":"https:\/\/yogajagat.com\/","sameAs":[],"logo":{"@type":"ImageObject","@id":"https:\/\/yogajagat.com\/#logo","inLanguage":"sr","url":"https:\/\/i1.wp.com\/yogajagat.com\/wp-content\/uploads\/2019\/03\/DSC08478-Kopie-1.jpg?fit=798%2C800&ssl=1","contentUrl":"https:\/\/i1.wp.com\/yogajagat.com\/wp-content\/uploads\/2019\/03\/DSC08478-Kopie-1.jpg?fit=798%2C800&ssl=1","width":798,"height":800,"caption":"Yogajagat"},"image":{"@id":"https:\/\/yogajagat.com\/#logo"}},{"@type":"WebSite","@id":"https:\/\/yogajagat.com\/#website","url":"https:\/\/yogajagat.com\/","name":"Lepota promene","description":"Neprestanom promenom do najlepseg zivotnog iskustva","publisher":{"@id":"https:\/\/yogajagat.com\/#organization"},"potentialAction":[{"@type":"SearchAction","target":{"@type":"EntryPoint","urlTemplate":"https:\/\/yogajagat.com\/?s={search_term_string}"},"query-input":"required name=search_term_string"}],"inLanguage":"sr"},{"@type":"ImageObject","@id":"https:\/\/yogajagat.com\/withdrawal-of-the-senses-pratyahara\/#primaryimage","inLanguage":"sr","url":"http:\/\/yogajagat.com\/wp-content\/uploads\/2020\/02\/DSC02693.jpg","contentUrl":"http:\/\/yogajagat.com\/wp-content\/uploads\/2020\/02\/DSC02693.jpg"},{"@type":"WebPage","@id":"https:\/\/yogajagat.com\/withdrawal-of-the-senses-pratyahara\/#webpage","url":"https:\/\/yogajagat.com\/withdrawal-of-the-senses-pratyahara\/","name":"Pratjahara, povla\u010denje \u010dula, umetnost, priroda - Lepota promene","isPartOf":{"@id":"https:\/\/yogajagat.com\/#website"},"primaryImageOfPage":{"@id":"https:\/\/yogajagat.com\/withdrawal-of-the-senses-pratyahara\/#primaryimage"},"datePublished":"2019-03-07T22:55:52+00:00","dateModified":"2022-01-27T21:27:02+00:00","description":"The deep withdrawal of the senses from the outside world many people can experience quite naturally and spontaneously. If you've ever had the opportunity...","breadcrumb":{"@id":"https:\/\/yogajagat.com\/withdrawal-of-the-senses-pratyahara\/#breadcrumb"},"inLanguage":"sr","potentialAction":[{"@type":"ReadAction","target":["https:\/\/yogajagat.com\/withdrawal-of-the-senses-pratyahara\/"]}]},{"@type":"BreadcrumbList","@id":"https:\/\/yogajagat.com\/withdrawal-of-the-senses-pratyahara\/#breadcrumb","itemListElement":[{"@type":"ListItem","position":1,"name":"Home","item":"https:\/\/yogajagat.com\/sr\/"},{"@type":"ListItem","position":2,"name":"Withdrawal of the Senses, Pratyahara"}]}]}},"_links":{"self":[{"href":"https:\/\/yogajagat.com\/sr\/wp-json\/wp\/v2\/pages\/2479"}],"collection":[{"href":"https:\/\/yogajagat.com\/sr\/wp-json\/wp\/v2\/pages"}],"about":[{"href":"https:\/\/yogajagat.com\/sr\/wp-json\/wp\/v2\/types\/page"}],"author":[{"embeddable":true,"href":"https:\/\/yogajagat.com\/sr\/wp-json\/wp\/v2\/users\/1"}],"replies":[{"embeddable":true,"href":"https:\/\/yogajagat.com\/sr\/wp-json\/wp\/v2\/comments?post=2479"}],"version-history":[{"count":18,"href":"https:\/\/yogajagat.com\/sr\/wp-json\/wp\/v2\/pages\/2479\/revisions"}],"predecessor-version":[{"id":4212,"href":"https:\/\/yogajagat.com\/sr\/wp-json\/wp\/v2\/pages\/2479\/revisions\/4212"}],"wp:attachment":[{"href":"https:\/\/yogajagat.com\/sr\/wp-json\/wp\/v2\/media?parent=2479"}],"curies":[{"name":"wp","href":"https:\/\/api.w.org\/{rel}","templated":true}]}}