{"id":2254,"date":"2019-03-07T23:22:20","date_gmt":"2019-03-07T22:22:20","guid":{"rendered":"http:\/\/yogajagat.com\/?page_id=2254"},"modified":"2020-05-14T13:01:44","modified_gmt":"2020-05-14T11:01:44","slug":"prana-koshas-five-levels-of-energy-body","status":"publish","type":"page","link":"https:\/\/yogajagat.com\/sr\/prana-i-pet-slojeva-energetskog-tela\/","title":{"rendered":"Prana i pet slojeva energetskog tela"},"content":{"rendered":"[vc_row][vc_column][vc_column_text]\n<h3><\/h3>\n<h3 style=\"text-align: center;\"><span style=\"color: #993300;\">IZA SVEGA STOJI PRANA<\/span><\/h3>\n<hr \/>\n<p>&nbsp;<\/p>\n[\/vc_column_text][\/vc_column][\/vc_row][vc_row][vc_column width=&#8221;2\/3&#8243;][vc_column_text]\n<p>&nbsp;<\/p>\n<p>Ono bez \u010dega ne bi bilo \u017eivota jeste prana. Ti postoji\u0161 zahvaljuju\u0107i prani.<\/p>\n<p>Prana je snaga koja se provla\u010di kroz svaki cvet, svako drvo, svako \u017eivo bi\u0107e i svaku \u0107eliju. Vetar duva zahvaljuju\u0107i prani, more se pomera zahlvaljuju\u0107i prani. Svejedno da li spava ili je budno, telo, a ni um ne mogu funkcionisati bez prane.<\/p>\n<p>Hrana i svetlost su pro\u017eete pranom.<\/p>\n<p>Re\u010d <em>prana<\/em> zna\u010di <em>snaga u neprestanom kretanju<\/em>.<\/p>\n<p>&nbsp;<\/p>\n<p>&nbsp;<\/p>\n[\/vc_column_text][\/vc_column][vc_column width=&#8221;1\/3&#8243;][vc_column_text]\n<p>&nbsp;<\/p>\n<p><img loading=\"lazy\" class=\"aligncenter size-full wp-image-5325\" src=\"https:\/\/i0.wp.com\/yogajagat.com\/wp-content\/uploads\/2020\/02\/DSC03212-1024x768-1.jpg?resize=640%2C480\" alt=\"prana\" width=\"640\" height=\"480\" srcset=\"https:\/\/i0.wp.com\/yogajagat.com\/wp-content\/uploads\/2020\/02\/DSC03212-1024x768-1.jpg?w=640&amp;ssl=1 640w, https:\/\/i0.wp.com\/yogajagat.com\/wp-content\/uploads\/2020\/02\/DSC03212-1024x768-1.jpg?resize=300%2C225&amp;ssl=1 300w\" sizes=\"(max-width: 640px) 100vw, 640px\" data-recalc-dims=\"1\" \/><\/p>\n<p>&nbsp;<\/p>\n[\/vc_column_text][\/vc_column][\/vc_row][vc_row][vc_column][vc_custom_heading text=&#8221;Ljudski \u017eivot, kosmi\u010dka zbivanja i tantra&#8221; font_container=&#8221;tag:h2|text_align:center|color:%231aa3b2&#8243; google_fonts=&#8221;font_family:Ubuntu%3A300%2C300italic%2Cregular%2Citalic%2C500%2C500italic%2C700%2C700italic|font_style:300%20light%20italic%3A300%3Aitalic&#8221;][\/vc_column][\/vc_row][vc_row][vc_column][vc_column_text]\n<hr \/>\n<p>&nbsp;<\/p>\n<p>Mo\u017eda ste ve\u0107 \u010duli o prani, Jogi i tantri. Me\u0111utim, posebno ako ste zapadnjaci, iznenadi\u0107ete se koliko ste se ukopali u pogre\u0161ne informacije o zna\u010denju i praksi Joge i tantre.<\/p>\n<p>Kao i mnogi, i vi sigurno mislite da je tantra ne\u0161to od \u010dega bi va\u0161 seksualni \u017eivot trebao da procveta. Nema ni\u010dega lo\u0161eg u procvetalom seksualnom \u017eivotu, bili romanti\u010dari ili ne, vi ste \u017eivo bi\u0107e kao i svako drugo, i cvetni seks ne \u0161kodi.<\/p>\n<p>Me\u0111utim, tantra je najstarija nauka o \u010doveku i naistan\u010danija i naop\u0161irnija filozofija na Zemlji. Onaj ko jednom po\u010dne da se bavi naukom tantre, obi\u010dno se njome bavi do kraja \u017eivota. Toliko je ta nauka obimna.<\/p>\n<p>&nbsp;<\/p>\n<p><img loading=\"lazy\" class=\"aligncenter size-full wp-image-4192\" src=\"https:\/\/i0.wp.com\/yogajagat.com\/wp-content\/uploads\/2019\/11\/DSC00378-Kopie.jpg?resize=800%2C600\" alt=\"prana pet slojeva energetskog tela\" width=\"800\" height=\"600\" srcset=\"https:\/\/i0.wp.com\/yogajagat.com\/wp-content\/uploads\/2019\/11\/DSC00378-Kopie.jpg?w=800&amp;ssl=1 800w, https:\/\/i0.wp.com\/yogajagat.com\/wp-content\/uploads\/2019\/11\/DSC00378-Kopie.jpg?resize=300%2C225&amp;ssl=1 300w, https:\/\/i0.wp.com\/yogajagat.com\/wp-content\/uploads\/2019\/11\/DSC00378-Kopie.jpg?resize=768%2C576&amp;ssl=1 768w\" sizes=\"(max-width: 800px) 100vw, 800px\" data-recalc-dims=\"1\" \/><\/p>\n<p>&nbsp;<\/p>\n<p><a href=\"https:\/\/yogajagat.com\/sr\/ujedinjenje-jedinstvo-dna-joga\/\"><span style=\"color: #993300;\">Joga<\/span><\/a> je deo te nauke.<\/p>\n<p>Po tantri, toj vrlo isrpnoj i temeljnoj nauci, kosmi\u010dka energija je u fizi\u010dkom telu manifestovana kao individualna vitalna energija.<\/p>\n<p>Tu energiju \u010dine pet slojeva energetskog tela, ili ko\u0161e.<\/p>\n[\/vc_column_text][\/vc_column][\/vc_row][vc_row][vc_column][vc_custom_heading text=&#8221;Pet slojeva energetskog tela&#8221; font_container=&#8221;tag:h2|text_align:center|color:%231aa3b2&#8243; google_fonts=&#8221;font_family:Ubuntu%3A300%2C300italic%2Cregular%2Citalic%2C500%2C500italic%2C700%2C700italic|font_style:300%20light%20italic%3A300%3Aitalic&#8221;][\/vc_column][\/vc_row][vc_row][vc_column][vc_column_text]\n<hr \/>\n<p>&nbsp;<\/p>\n<p>Jedan stari indijski tekst koji govori o tih pet slojeva energetskog tela je <em>Taittiriya Upanishad<\/em>.<\/p>\n<p>Pet slojeva ili <em>panca kosha vishleshana<\/em> su po tom tekstu me\u0111usobno povezani slojevi Sopstva. Svaki slede\u0107i sloj je finiji od predhodnog:<\/p>\n<p>&nbsp;<\/p>\n<p>Prvi sloj je fizi\u010dki sloj i to su hrana, vazduh, voda ili <em>anamaja ko\u0161a<\/em>.<\/p>\n<p>Drugi sloj je sloj vitalne energije, <em>pranamaja ko\u0161a<\/em>.<\/p>\n<p>Tre\u0107i sloj je mentalni sloj, svesno iskustvo, ili <em>manomaja ko\u0161a<\/em>.<\/p>\n<p>\u010cetvrti sloj je intuitivno iskustvo spolja\u0161njeg sveta, <em>vi\u0111nanamaja ko\u0161a<\/em>.<\/p>\n<p>Peti sloj je <em>anandamaja ko\u0161a<\/em>, koji je \u010disto iskustvo jedinstva sa kosmi\u010dkom pranom, sa vi\u0161im znanjem gde se sva ostala znanja ulivaju jedno u drugo (<em>Joga<\/em> zna\u010di <em>jedinstvo, <\/em>joga je\u00a0harmonija).<\/p>\n<p>&nbsp;<\/p>\n<p>Prva tri sloja energetskog tela su povezana sa <em>materijom<\/em> a poslednja dva sa<em> duhom<\/em>.<\/p>\n[\/vc_column_text][\/vc_column][\/vc_row][vc_row][vc_column][vc_custom_heading text=&#8221;Povezana de\u0161avanja&#8221; font_container=&#8221;tag:h2|text_align:center|color:%231aa3b2&#8243; google_fonts=&#8221;font_family:Ubuntu%3A300%2C300italic%2Cregular%2Citalic%2C500%2C500italic%2C700%2C700italic|font_style:300%20light%20italic%3A300%3Aitalic&#8221;][\/vc_column][\/vc_row][vc_row][vc_column][vc_column_text]\n<hr \/>\n<p>&nbsp;<\/p>\n<p><em>Prana<\/em> je vitalna energija koju u sebe unosimo preko okolnog sveta.<\/p>\n<p>Prana svakog pojedinca je konstantno povezana sa njenim izvorom kao nekom nevidljivom niti. Obe energije su u konstantnom kretanju i ukoliko kretanje prane stane, i \u017eivot se gasi.<\/p>\n<p>Prana koja se u svim sferama oko nas kre\u0107e nosi veliku vibraciju i na\u0161 dah je najgrublja manifestacije te vibracije. Ono \u0161to povezuje univerzalnu energiju sa indivudalnom je <em>dah<\/em>. Ono \u0161to prvo uradimo kada iz maj\u010dine utrobe stignemo na svet jeste da udahnemo.<\/p>\n<p>Jo\u0161 finije oscilacije od daha su nervne struje, vibracije na\u0161ih misli, emocija, \u017eelja. Zna\u010di, kada nau\u010dimo da kontroli\u0161emo dah, uspe\u0107emo da kontroli\u0161emo i na\u0161e misli i emocije.<\/p>\n<p>U ovome se sastoji duboki smisao svake <a href=\"https:\/\/yogajagat.com\/sr\/pranajama-jogicka-tehnika-disanja-stanje-potunog-mira\/\"><span style=\"color: #993300;\">pranajame,<\/span><\/a>\u00a0tehnike pro\u0161irivanja (engl. expansion) prane ili <a href=\"https:\/\/yogajagat.com\/sr\/pranajama-jogicka-tehnika-disanja-stanje-potunog-mira\/\"><span style=\"color: #993300;\">tehnike disanja<\/span>.<\/a><\/p>\n<p>&nbsp;<\/p>\n[\/vc_column_text][\/vc_column][\/vc_row][vc_row][vc_column][vc_cta h2=&#8221;&#8221;]&#8221;Nitko je netko, jedan besmrtni \u010dovek cijelo je \u010dove\u010danstvo. Kao Kornelije Agripa, ja sam bog, ja sam junak, ja sam filozof, zloduh sam i svijet, a to je samo okoli\u0161an na\u010din da se izrekne kako ne postojim.&#8221;<\/p>\n<p>Horhe Luis Borhes, <em>&#8220;Besmrtnik&#8221;, \u00a0<\/em>Zagreb 1985<\/p>\n[\/vc_cta][\/vc_column][\/vc_row]\n","protected":false},"excerpt":{"rendered":"<p>[vc_row][vc_column][vc_column_text]<\/p>\n<p>IZA SVEGA STOJI PRANA<\/p>\n<p>&nbsp;<br \/>\n[\/vc_column_text][\/vc_column][\/vc_row][vc_row][vc_column width=&#8221;2\/3&#8243;][vc_column_text]<br \/>\n&nbsp;<br \/>\nOno bez \u010dega ne bi bilo \u017eivota jeste prana. Ti postoji\u0161 zahvaljuju\u0107i prani.<br \/>\nPrana je snaga koja se provla\u010di kroz svaki cvet, svako drvo, svako \u017eivo bi\u0107e i svaku \u0107eliju. Vetar duva zahvaljuju\u0107i prani, more se pomera zahlvaljuju\u0107i prani. Svejedno da li spava ili je budno, telo, a ni um ne mogu funkcionisati bez prane.<br \/>\nHrana i svetlost su pro\u017eete pranom.<br \/>\nRe\u010d prana zna\u010di snaga u neprestanom kretanju.<br \/>\n&nbsp;<br ...\n<\/p>\n","protected":false},"author":1,"featured_media":0,"parent":0,"menu_order":0,"comment_status":"closed","ping_status":"closed","template":"template-full-width.php","meta":{"_bbp_topic_count":0,"_bbp_reply_count":0,"_bbp_total_topic_count":0,"_bbp_total_reply_count":0,"_bbp_voice_count":0,"_bbp_anonymous_reply_count":0,"_bbp_topic_count_hidden":0,"_bbp_reply_count_hidden":0,"_bbp_forum_subforum_count":0,"inline_featured_image":false,"spay_email":""},"translation":{"provider":"WPGlobus","version":"3.0.1","language":"sr","enabled_languages":["en","de","sr"],"languages":{"en":{"title":true,"content":true,"excerpt":false},"de":{"title":true,"content":true,"excerpt":false},"sr":{"title":true,"content":true,"excerpt":false}}},"yoast_head":"<!-- This site is optimized with the Yoast SEO plugin v18.3 - https:\/\/yoast.com\/wordpress\/plugins\/seo\/ -->\n<title>Prana i pet slojeva energetskog tela - Lepota promene<\/title>\n<meta name=\"description\" content=\"Prana je snaga koja se provla\u010di kroz svaki cvet, svako drvo, svako \u017eivo bi\u0107e i svaku \u0107eliju. Energetsko telo i pet slojeva, ko\u0161e.\" \/>\n<meta name=\"robots\" content=\"index, follow, max-snippet:-1, max-image-preview:large, max-video-preview:-1\" \/>\n<link rel=\"canonical\" href=\"https:\/\/yogajagat.com\/prana-koshas-five-levels-of-energy-body\/\" \/>\n<meta name=\"twitter:label1\" content=\"Est. reading time\" \/>\n\t<meta name=\"twitter:data1\" content=\"8 minutes\" \/>\n<script type=\"application\/ld+json\" class=\"yoast-schema-graph\">{\"@context\":\"https:\/\/schema.org\",\"@graph\":[{\"@type\":\"Organization\",\"@id\":\"https:\/\/yogajagat.com\/#organization\",\"name\":\"Yogajagat\",\"url\":\"https:\/\/yogajagat.com\/\",\"sameAs\":[],\"logo\":{\"@type\":\"ImageObject\",\"@id\":\"https:\/\/yogajagat.com\/#logo\",\"inLanguage\":\"sr\",\"url\":\"https:\/\/i1.wp.com\/yogajagat.com\/wp-content\/uploads\/2019\/03\/DSC08478-Kopie-1.jpg?fit=798%2C800&ssl=1\",\"contentUrl\":\"https:\/\/i1.wp.com\/yogajagat.com\/wp-content\/uploads\/2019\/03\/DSC08478-Kopie-1.jpg?fit=798%2C800&ssl=1\",\"width\":798,\"height\":800,\"caption\":\"Yogajagat\"},\"image\":{\"@id\":\"https:\/\/yogajagat.com\/#logo\"}},{\"@type\":\"WebSite\",\"@id\":\"https:\/\/yogajagat.com\/#website\",\"url\":\"https:\/\/yogajagat.com\/\",\"name\":\"Lepota promene\",\"description\":\"Neprestanom promenom do najlepseg zivotnog iskustva\",\"publisher\":{\"@id\":\"https:\/\/yogajagat.com\/#organization\"},\"potentialAction\":[{\"@type\":\"SearchAction\",\"target\":{\"@type\":\"EntryPoint\",\"urlTemplate\":\"https:\/\/yogajagat.com\/?s={search_term_string}\"},\"query-input\":\"required name=search_term_string\"}],\"inLanguage\":\"sr\"},{\"@type\":\"ImageObject\",\"@id\":\"https:\/\/yogajagat.com\/prana-koshas-five-levels-of-energy-body\/#primaryimage\",\"inLanguage\":\"sr\",\"url\":\"http:\/\/yogajagat.com\/wp-content\/uploads\/2020\/02\/DSC03212-1024x768-1.jpg\",\"contentUrl\":\"http:\/\/yogajagat.com\/wp-content\/uploads\/2020\/02\/DSC03212-1024x768-1.jpg\"},{\"@type\":\"WebPage\",\"@id\":\"https:\/\/yogajagat.com\/prana-koshas-five-levels-of-energy-body\/#webpage\",\"url\":\"https:\/\/yogajagat.com\/prana-koshas-five-levels-of-energy-body\/\",\"name\":\"Prana i pet slojeva energetskog tela - Lepota promene\",\"isPartOf\":{\"@id\":\"https:\/\/yogajagat.com\/#website\"},\"primaryImageOfPage\":{\"@id\":\"https:\/\/yogajagat.com\/prana-koshas-five-levels-of-energy-body\/#primaryimage\"},\"datePublished\":\"2019-03-07T22:22:20+00:00\",\"dateModified\":\"2020-05-14T11:01:44+00:00\",\"description\":\"Prana je snaga koja se provla\u010di kroz svaki cvet, svako drvo, svako \u017eivo bi\u0107e i svaku \u0107eliju. Energetsko telo i pet slojeva, ko\u0161e.\",\"breadcrumb\":{\"@id\":\"https:\/\/yogajagat.com\/prana-koshas-five-levels-of-energy-body\/#breadcrumb\"},\"inLanguage\":\"sr\",\"potentialAction\":[{\"@type\":\"ReadAction\",\"target\":[\"https:\/\/yogajagat.com\/prana-koshas-five-levels-of-energy-body\/\"]}]},{\"@type\":\"BreadcrumbList\",\"@id\":\"https:\/\/yogajagat.com\/prana-koshas-five-levels-of-energy-body\/#breadcrumb\",\"itemListElement\":[{\"@type\":\"ListItem\",\"position\":1,\"name\":\"Home\",\"item\":\"https:\/\/yogajagat.com\/sr\/\"},{\"@type\":\"ListItem\",\"position\":2,\"name\":\"PRANA, WHAT LIFE IS ALL ABOUT\"}]}]}<\/script>\n<!-- \/ Yoast SEO plugin. -->","yoast_head_json":{"title":"Prana i pet slojeva energetskog tela - Lepota promene","description":"Prana je snaga koja se provla\u010di kroz svaki cvet, svako drvo, svako \u017eivo bi\u0107e i svaku \u0107eliju. Energetsko telo i pet slojeva, ko\u0161e.","robots":{"index":"index","follow":"follow","max-snippet":"max-snippet:-1","max-image-preview":"max-image-preview:large","max-video-preview":"max-video-preview:-1"},"canonical":"https:\/\/yogajagat.com\/prana-koshas-five-levels-of-energy-body\/","twitter_misc":{"Est. reading time":"8 minutes"},"schema":{"@context":"https:\/\/schema.org","@graph":[{"@type":"Organization","@id":"https:\/\/yogajagat.com\/#organization","name":"Yogajagat","url":"https:\/\/yogajagat.com\/","sameAs":[],"logo":{"@type":"ImageObject","@id":"https:\/\/yogajagat.com\/#logo","inLanguage":"sr","url":"https:\/\/i1.wp.com\/yogajagat.com\/wp-content\/uploads\/2019\/03\/DSC08478-Kopie-1.jpg?fit=798%2C800&ssl=1","contentUrl":"https:\/\/i1.wp.com\/yogajagat.com\/wp-content\/uploads\/2019\/03\/DSC08478-Kopie-1.jpg?fit=798%2C800&ssl=1","width":798,"height":800,"caption":"Yogajagat"},"image":{"@id":"https:\/\/yogajagat.com\/#logo"}},{"@type":"WebSite","@id":"https:\/\/yogajagat.com\/#website","url":"https:\/\/yogajagat.com\/","name":"Lepota promene","description":"Neprestanom promenom do najlepseg zivotnog iskustva","publisher":{"@id":"https:\/\/yogajagat.com\/#organization"},"potentialAction":[{"@type":"SearchAction","target":{"@type":"EntryPoint","urlTemplate":"https:\/\/yogajagat.com\/?s={search_term_string}"},"query-input":"required name=search_term_string"}],"inLanguage":"sr"},{"@type":"ImageObject","@id":"https:\/\/yogajagat.com\/prana-koshas-five-levels-of-energy-body\/#primaryimage","inLanguage":"sr","url":"http:\/\/yogajagat.com\/wp-content\/uploads\/2020\/02\/DSC03212-1024x768-1.jpg","contentUrl":"http:\/\/yogajagat.com\/wp-content\/uploads\/2020\/02\/DSC03212-1024x768-1.jpg"},{"@type":"WebPage","@id":"https:\/\/yogajagat.com\/prana-koshas-five-levels-of-energy-body\/#webpage","url":"https:\/\/yogajagat.com\/prana-koshas-five-levels-of-energy-body\/","name":"Prana i pet slojeva energetskog tela - Lepota promene","isPartOf":{"@id":"https:\/\/yogajagat.com\/#website"},"primaryImageOfPage":{"@id":"https:\/\/yogajagat.com\/prana-koshas-five-levels-of-energy-body\/#primaryimage"},"datePublished":"2019-03-07T22:22:20+00:00","dateModified":"2020-05-14T11:01:44+00:00","description":"Prana je snaga koja se provla\u010di kroz svaki cvet, svako drvo, svako \u017eivo bi\u0107e i svaku \u0107eliju. Energetsko telo i pet slojeva, ko\u0161e.","breadcrumb":{"@id":"https:\/\/yogajagat.com\/prana-koshas-five-levels-of-energy-body\/#breadcrumb"},"inLanguage":"sr","potentialAction":[{"@type":"ReadAction","target":["https:\/\/yogajagat.com\/prana-koshas-five-levels-of-energy-body\/"]}]},{"@type":"BreadcrumbList","@id":"https:\/\/yogajagat.com\/prana-koshas-five-levels-of-energy-body\/#breadcrumb","itemListElement":[{"@type":"ListItem","position":1,"name":"Home","item":"https:\/\/yogajagat.com\/sr\/"},{"@type":"ListItem","position":2,"name":"PRANA, WHAT LIFE IS ALL ABOUT"}]}]}},"_links":{"self":[{"href":"https:\/\/yogajagat.com\/sr\/wp-json\/wp\/v2\/pages\/2254"}],"collection":[{"href":"https:\/\/yogajagat.com\/sr\/wp-json\/wp\/v2\/pages"}],"about":[{"href":"https:\/\/yogajagat.com\/sr\/wp-json\/wp\/v2\/types\/page"}],"author":[{"embeddable":true,"href":"https:\/\/yogajagat.com\/sr\/wp-json\/wp\/v2\/users\/1"}],"replies":[{"embeddable":true,"href":"https:\/\/yogajagat.com\/sr\/wp-json\/wp\/v2\/comments?post=2254"}],"version-history":[{"count":23,"href":"https:\/\/yogajagat.com\/sr\/wp-json\/wp\/v2\/pages\/2254\/revisions"}],"predecessor-version":[{"id":5870,"href":"https:\/\/yogajagat.com\/sr\/wp-json\/wp\/v2\/pages\/2254\/revisions\/5870"}],"wp:attachment":[{"href":"https:\/\/yogajagat.com\/sr\/wp-json\/wp\/v2\/media?parent=2254"}],"curies":[{"name":"wp","href":"https:\/\/api.w.org\/{rel}","templated":true}]}}