{"id":2252,"date":"2019-03-07T23:11:57","date_gmt":"2019-03-07T22:11:57","guid":{"rendered":"http:\/\/yogajagat.com\/?page_id=2252"},"modified":"2020-05-07T12:01:50","modified_gmt":"2020-05-07T10:01:50","slug":"yoga-postures-practice-of-asana-body-postures","status":"publish","type":"page","link":"https:\/\/yogajagat.com\/sr\/joga-polozaji-tela-izvodenje-joga-asana\/","title":{"rendered":"Joga polo\u017eaji. Asane i izvo\u0111enje asana"},"content":{"rendered":"[vc_row][vc_column][vc_column_text]\n<h3 style=\"text-align: center;\"><span style=\"color: #993300;\">JOGA POLO\u017dAJI TELA<\/span><\/h3>\n[\/vc_column_text][\/vc_column][\/vc_row][vc_row][vc_column][vc_custom_heading text=&#8221;Joga Asane&#8221; font_container=&#8221;tag:h2|text_align:center|color:%231ba2b7&#8243; google_fonts=&#8221;font_family:Ubuntu%3A300%2C300italic%2Cregular%2Citalic%2C500%2C500italic%2C700%2C700italic|font_style:300%20light%20italic%3A300%3Aitalic&#8221;][\/vc_column][\/vc_row][vc_row][vc_column][vc_column_text]\n<hr \/>\n<p>&nbsp;<\/p>\n<p>Ovaj tekst pi\u0161em za sve radoznale \u010ditaoce ali i kao podsetnik za sve one kojima pojam Asane, Joga- polo\u017eaji tela, u praksi i iskustvu nisu strani.<\/p>\n<p>&nbsp;<\/p>\n<p>Praktikovanje Joga asana nije ne\u0161to od \u010dega bi trebao da poraste nos i ponos.<\/p>\n<p>&nbsp;<\/p>\n<p>Asane, ti polo\u017eaji tela sa neograni\u010denim dejstvima su u kombinaciji sa starim jogi\u010dkim tehnikama disanja u Indiji, odakle i poti\u010de nauka i praksa Joge, deo svakog jutra. Ba\u0161 kao \u0161to vi zapo\u010dnete svako novi jutro umivanjem lica tako i ljudima u Indiji asane, Joga polo\u017eaji tela, i tehnike disanja \u010dini svakojutaranji ritual.<\/p>\n<p>Da biste se ujutru umili ne treba vam nikakva oprema. Da biste se umili ne morate ni da imate tatoo-e na ko\u017ei, ne morate da pletete kosu, ne trebaju vam ni posebni sapuni, kreme, namazi za hleb, seksi pantalonice, patike, notebook-ovi,\u00a0du\u0161eci niti bilo koji od ovakvih \u010duda moderne civilazacije.<\/p>\n<p>Potpuno je isto sa praktikovanjem Joga asana.<\/p>\n<p>Kada praktikujete joga-polo\u017eaje sve \u0161to vam treba je va\u0161 dah i va\u0161e telo. Joga je nauka i praksa stara hiljade godina i ljudsko telo je i danas potpuno isto kao \u0161to je bilo i pre hiljade godine. Praktikovanje jogi\u010dkih polo\u017eaja tela danas je isto toliko prirodna stvar kolika je bila i onda.<\/p>\n<p>Kao \u0161to vi ne \u010dekate ponedeljak ili \u010detvrtak da biste se umili tako ni ljudi u Indiji ne \u010dekaju nikakav poseban dan da bi praktikovali asane.<\/p>\n[\/vc_column_text][\/vc_column][\/vc_row][vc_row][vc_column][vc_custom_heading text=&#8221;Poluznanje je opasna stvar&#8221; font_container=&#8221;tag:h2|text_align:center|color:%231ba2b7&#8243; google_fonts=&#8221;font_family:Ubuntu%3A300%2C300italic%2Cregular%2Citalic%2C500%2C500italic%2C700%2C700italic|font_style:300%20light%20italic%3A300%3Aitalic&#8221;][\/vc_column][\/vc_row][vc_row][vc_column][vc_column_text]\n<hr \/>\n<p>&nbsp;<\/p>\n<p>Kada su ovi korisni Joga polo\u017eaji i njihova praksa iz Indije done\u0161eni na Zapad onda su postali \u201cve\u017ebanje\u201d ili \u201cjoga\u201d.<\/p>\n<p>&nbsp;<\/p>\n<div id=\"attachment_4178\" style=\"width: 650px\" class=\"wp-caption aligncenter\"><img aria-describedby=\"caption-attachment-4178\" loading=\"lazy\" class=\"wp-image-4178\" src=\"https:\/\/i0.wp.com\/yogajagat.com\/wp-content\/uploads\/2019\/11\/DSC02120.jpg?resize=640%2C465\" alt=\"joga polo\u017eaji, asane izvo\u0111enje asana\" width=\"640\" height=\"465\" srcset=\"https:\/\/i0.wp.com\/yogajagat.com\/wp-content\/uploads\/2019\/11\/DSC02120.jpg?w=800&amp;ssl=1 800w, https:\/\/i0.wp.com\/yogajagat.com\/wp-content\/uploads\/2019\/11\/DSC02120.jpg?resize=300%2C218&amp;ssl=1 300w, https:\/\/i0.wp.com\/yogajagat.com\/wp-content\/uploads\/2019\/11\/DSC02120.jpg?resize=768%2C558&amp;ssl=1 768w\" sizes=\"(max-width: 640px) 100vw, 640px\" data-recalc-dims=\"1\" \/><p id=\"caption-attachment-4178\" class=\"wp-caption-text\">&#8220;Ka\u017eem ti, joga pravi od tebe novog \u010doveka!&#8221; &#8220;Bitno je da ja pobe\u0111ujem!&#8221;<\/p><\/div>\n[\/vc_column_text][\/vc_column][\/vc_row][vc_row][vc_column][vc_column_text]Nema ni\u010dega lo\u0161eg u tome da ljudi vise sa plafona ili lome kosti i tetive, za one koji to vole, ali bi ovi ljudi ipak trebalo da stvari nazivaju pravim imenima. Ve\u017ebanje visenja sa plafona je visenje sa plafona i ni\u0161ta vi\u0161e. Mo\u017eda je opasno a mo\u017eda i nije.<br \/>\nAli \u0161ta je u svakom slu\u010daju mnogo opasnije je ube\u0111enje ljudi da o ne\u010demu mnogo znaju tamo gde znaju vrlo malo ili ni\u0161ta.<\/p>\n<p>Iz ovog razloga je vrlo va\u017eno da znate \u0161ta ta\u010dno radite dok u toku praktikovanja Joga-polo\u017eaja tela izvijate i uvijate va\u0161e telo, ili va\u0161e ube\u0111enje.<\/p>\n<p>Svakom \u010doveku je data prilika da postane ekspert ali to zahteva mnogo znanja i prakse.<\/p>\n<p>Nastavak ovog teksta vam daje sa\u017eete informacije o zna\u010denju asana, i za\u0161to i kako ih praktikovati.<\/p>\n[\/vc_column_text][\/vc_column][\/vc_row][vc_row][vc_column][vc_custom_heading text=&#8221;Transformacija na nivou materije&#8221; font_container=&#8221;tag:h2|text_align:center|color:%231ba2b7&#8243; google_fonts=&#8221;font_family:Ubuntu%3A300%2C300italic%2Cregular%2Citalic%2C500%2C500italic%2C700%2C700italic|font_style:300%20light%20italic%3A300%3Aitalic&#8221;][\/vc_column][\/vc_row][vc_row][vc_column][vc_column_text]\n<hr \/>\n<p>&nbsp;<\/p>\n<p>Praktikovanje asana daje nam priliku da do\u017eivimo transformaciju na nivou materije.<\/p>\n<p>Sankritski koren re\u010di <em>asana<\/em> je <em>as<\/em> \u0161to zna\u010di sedeti.<span style=\"color: #993300;\"> <a style=\"color: #993300;\" href=\"https:\/\/yogajagat.com\/sr\/asane-joga-polozaji\/\">Asane<\/a><\/span> ili jogi\u010dki polo\u017eaji tela zna\u010di nisu ve\u017ebe nego Joga polo\u017eaji koje svakako treba izvoditi sa puno pa\u017enje i svesno. Pored mnogobrojnih<span style=\"color: #ff9900;\"> <a style=\"color: #ff9900;\" href=\"https:\/\/yogajagat.com\/sr\/benefits-of-yoga-practice\/\">pozitivnih<\/a><\/span> delovanja na nivou tela, svaki polo\u017eaj ima druga\u010dije dejstvo na na\u0161u svest.<\/p>\n[\/vc_column_text][\/vc_column][\/vc_row][vc_row][vc_column][vc_custom_heading text=&#8221;Na po\u010detku praktikovanja Joga polo\u017eaja&#8221; font_container=&#8221;tag:h2|text_align:center|color:%231ba2b7&#8243; google_fonts=&#8221;font_family:Ubuntu%3A300%2C300italic%2Cregular%2Citalic%2C500%2C500italic%2C700%2C700italic|font_style:300%20light%20italic%3A300%3Aitalic&#8221;][\/vc_column][\/vc_row][vc_row][vc_column][vc_column_text]\n<hr \/>\n<p>&nbsp;<\/p>\n<p>Kod svakog od vas koji se nalazite na po\u010detku praktikovanja asana, bi\u0107e sasvim normalno da ste fokusirani na istezanje mi\u0161i\u0107a i promenama u njima. Sa vremenom se vi\u0161e i vi\u0161e pribli\u017eavate svom unutra\u0161njem svetu. Tako \u0107e vam se posle ispravne i dovoljno duge prakse pru\u017eiti prilika da bolje upoznate svoj sopstveni um kao i njegove slojeve.<\/p>\n<p>Ovo iskustvo \u0107e se prirodno preneti na va\u0161 svakodnevni \u017eivot, jer cilj celokupne Joga-prakse jeste biti jogi u svim deli\u0107ima svakodnevnice a ne samo na joga prostirci.<\/p>\n<p>Ukoliko se Joga polo\u017eaji praktikuju posve\u0107eno i bez takmi\u010darskog duha, po\u010dinju da se menjaju i misli i um, a tako i sva unutra\u0161nja doga\u0111anja, i mentalna i fizi\u010dka. Ova promena se de\u0161ava zato \u0161to ispravno praktikovanje asana menja i funkciju \u017elezda sa unutra\u0161njim lu\u010denjem, nervni, imuni i sve ostale sisteme tela.<\/p>\n<p>Sigurno da je mogu\u0107e da se jogi\u010dki polo\u017eaji tela izvode bez praktikovanja jogi\u010dkih<a href=\"https:\/\/yogajagat.com\/sr\/zadrzavanje-daha-jogicke-tehnike-disanja\/\"><span style=\"color: #993300;\"> tehnika<\/span><\/a> disanja ali je u ovom slu\u010daju svakako dejstvo ove prakse vrlo ograni\u010deno i ostaje na nivou bilo kog sporta. Zato bi ljudi trebalo da se obrazuju i da stvari nazivaju pravim imenima.<\/p>\n[\/vc_column_text][\/vc_column][\/vc_row][vc_row][vc_column][vc_custom_heading text=&#8221;Ono \u0161to se ne vidi iza medicinskih instrumenata&#8221; font_container=&#8221;tag:h2|text_align:center|color:%231ba2b7&#8243; google_fonts=&#8221;font_family:Ubuntu%3A300%2C300italic%2Cregular%2Citalic%2C500%2C500italic%2C700%2C700italic|font_style:300%20light%20italic%3A300%3Aitalic&#8221;][\/vc_column][\/vc_row][vc_row][vc_column][vc_column_text]\n<hr \/>\n<p>&nbsp;<\/p>\n<p>Prema nauci Joge, koja je mnogo starija od moderne medicine, u telu se nalaze odre\u0111ene prepreke psihi\u010dke prirode koje nijedan medicinski intrument ne mo\u017ee da snimi. U Jogi, ove prepreke se zovu<em> Granti (Granthi)<\/em>, ili psihi\u010dki \u010dvorovi:<\/p>\n<p><em>Brama (Brahma) Granthi<\/em> je povezan sa reproduktivnim organima<\/p>\n<p><em>Vi\u0161nu (Vishnu) Granthi<\/em> sa timus i \u0161titnom \u017elezdom<\/p>\n<p><em>Rudra <\/em>(drugo ime za \u0160ivu)<em> Granthi<\/em> sa <em>hipofizom<\/em> (mala \u201c<em>odozdo oka\u010dena<\/em>\u201d \u00a0\u017elezdica u na\u0161em mozgu).<\/p>\n<p>&nbsp;<\/p>\n<p>Ljudsko telo je jedan vredan hram i praktikovanje asana nam daje priliku da transformi\u0161emo ne samo na\u0161 telesni ve\u0107 i na\u0161 sistem mi\u0161ljenja. Zato je va\u017eno praktikovati bez \u010de\u017enje za takmi\u010denjem i pobedom lome\u0107i pri tom i tetive i um, ve\u0107 sa otvorenim srcem i umom. Kod praktikovanja Joga asana se radi o transcendentiranju sebi\u010dnosti i ru\u0161enju barijera.<\/p>\n<p>&nbsp;<\/p>\n[\/vc_column_text][\/vc_column][\/vc_row][vc_row][vc_column][vc_custom_heading text=&#8221;\u0160ta se pri praktikovanju asana ne menja&#8221; font_container=&#8221;tag:h2|text_align:center|color:%231ba2b7&#8243; google_fonts=&#8221;font_family:Ubuntu%3A300%2C300italic%2Cregular%2Citalic%2C500%2C500italic%2C700%2C700italic|font_style:300%20light%20italic%3A300%3Aitalic&#8221;][\/vc_column][\/vc_row][vc_row][vc_column][vc_column_text]\n<hr \/>\n<p>&nbsp;<\/p>\n<p>Na\u017ealost Joga polo\u017eaji i njihovo praktikovanje ne menja one \u0161eme u mozgu koje su odgovorne za depresiju, anksioznost, mr\u017enju, ljubomoru, zavist niti bilo koju ljudsku osobinu koja spre\u010dava svakog \u010doveka da \u017eivi istinski sre\u0107an \u017eivot. Zato se Joga polo\u017eaji trebaju praktikovati u kombinaciji sa svim<span style=\"color: #008080;\"> <a style=\"color: #008080;\" href=\"https:\/\/yogajagat.com\/sr\/zivotni-putevi\/\">ostalim<\/a> <\/span>jogama.<\/p>\n<p><img loading=\"lazy\" class=\"aligncenter size-full wp-image-4475\" src=\"https:\/\/i0.wp.com\/yogajagat.com\/wp-content\/uploads\/2020\/01\/DSC06514.jpg?resize=640%2C480\" alt=\"useful body postures korisni polo\u017eaji tela\" width=\"640\" height=\"480\" srcset=\"https:\/\/i0.wp.com\/yogajagat.com\/wp-content\/uploads\/2020\/01\/DSC06514.jpg?w=640&amp;ssl=1 640w, https:\/\/i0.wp.com\/yogajagat.com\/wp-content\/uploads\/2020\/01\/DSC06514.jpg?resize=300%2C225&amp;ssl=1 300w\" sizes=\"(max-width: 640px) 100vw, 640px\" data-recalc-dims=\"1\" \/>[\/vc_column_text][\/vc_column][\/vc_row][vc_row][vc_column][vc_custom_heading text=&#8221;Praksa Asana je korak-po-korak praksa&#8221; font_container=&#8221;tag:h2|text_align:center|color:%231ba2b7&#8243; google_fonts=&#8221;font_family:Ubuntu%3A300%2C300italic%2Cregular%2Citalic%2C500%2C500italic%2C700%2C700italic|font_style:300%20light%20italic%3A300%3Aitalic&#8221;][\/vc_column][\/vc_row][vc_row][vc_column][vc_column_text]\n<hr \/>\n<p>&nbsp;<\/p>\n<p>Kao i celokupno putovanje jednog \u017eivota tako i \u017eivot asana prakse ima svoje faze. Jednog dana, taj put (mo\u017ee da) dovede \u010doveka do stanja gde \u0107e se asana mo\u0107i da izvodi potpuno bez truda. Ja ovu fazu volim da nazovem faza gde \u201cneko drugi izvodi asanu\u201d. U tom stanju (transcendentni) um je odvojen od tela na najspontaniji i prirodniji na\u010din. \u201c<em>Transcendentalan<\/em>\u201d je naziv za nadmo\u0107no, za ono \u0161to prevazilazi, prose\u010dnom umu, poznato iskustvo.<\/p>\n<p>Majstorstvo Joga asana se zove D\u017eeja,\u00a0<em>Jaya Asana<\/em>. Ovo je vrlo dug put koji vas dovodi do (sa)znanja o <em>materiji<\/em> u va\u0161em telu, znanja o toj igri izme\u0111u materije i gravitacije. Ovo znanje otvara vrata drugih puteva koji vode do vi\u0161ih slojeva va\u0161eg ljudskog postojanja.<\/p>\n<p>Joga polo\u017eaji tela i njihovo praktikovanje, zna\u010di, nije tema ni za kakvo hvalisanje, prepirke, slaganja ili neslaganja, niti je tema za kaficu ili sva\u0111e na kafici.<\/p>\n<p>&nbsp;<\/p>\n<p>Joga je i glavni proces i sredstvo preko koga se dosti\u017ee stanje Joge ili <span style=\"color: #800080;\"><a style=\"color: #800080;\" href=\"https:\/\/yogajagat.com\/sr\/ujedinjenje-jedinstvo-dna-joga\/\">ujedinjenja<\/a>.<\/span>\u00a0Zato zaista, ali zaista, nimalo nije va\u017eno da li neko praktikuje <em>ovaj<\/em> pozdrav suncu ili <em>onaj<\/em>, ili da li neko di\u0161e kao Darth Vader ili ne dok izvodi asane.<\/p>\n<p>&nbsp;<\/p>\n<p>Ko, uop\u0161te na Zemlji, mo\u017ee da zna vi\u0161e o va\u0161em telu nego vi sami?<\/p>\n<p>&nbsp;<\/p>\n<p>Joga polo\u017eaji i njihova praksa vodi vas (mo\u017ee da vas odvede) ta\u010dno do ovog saznanja ali samo onda kada ste iskreni i kada po\u0161tujete i va\u0161e telo i va\u0161e Sopstvo.<\/p>\n<p>Dok god je onaj ko praktikuje Jogu i tehnike Joge jo\u0161 uvek u protivre\u010dnosti sa njegovim li\u010dnim unutra\u0161njim, du\u0161evnim mirom, spokojem i bistrini uma i srca ili ako i dalje povre\u0111uje sebe fizi\u010dki, mentalno ili emocionalno za vreme prakse, znajte da je taj \u010dovek potpuno proma\u0161io smisao Joge na svim nivoima njegovog li\u010dnog postojanja.<\/p>\n[\/vc_column_text][\/vc_column][\/vc_row][vc_row][vc_column][vc_cta h2=&#8221;Joga Sutra 2.46:&#8221; color=&#8221;turquoise&#8221;]\u201c<em>sthira sukham asanam<\/em>\u201d<\/p>\n<p>\u201cAsana (polo\u017eaj) je \u010dvrst ali opu\u0161ten polo\u017eaj\u201d[\/vc_cta][\/vc_column][\/vc_row][vc_row][vc_column][vc_column_text]<em>Sthira<\/em> zna\u010di \u010dvrst, u\u010dvr\u0161\u0107en, <em>Sukham<\/em>\u00a0opu\u0161ten, prijatan i <em>Asanam<\/em>\u00a0sede\u0107i polo\u017eaj.<\/p>\n<p>Zna\u010di, oni koji izvode bolne i nezdrave polo\u017eaje ne praktikuju Jogu. Ovakav na\u010din praktikovanja ne vodi ka putu samo-realizacije ili putu direktnog iskustva svog Sopstva, ve\u0107 ka putu mu\u010denja.<\/p>\n<p>Kao \u0161to je svima nama poznato,\u00a0 mu\u010denje samog sebe je klizav put.<\/p>\n<p>Praktikujte polako, sa verom, blago\u0161\u0107u i osmehom na licu i promena \u0107e sti\u0107i u oba, i u va\u0161e srce i u va\u0161e misli.<\/p>\n[\/vc_column_text][\/vc_column][\/vc_row][vc_row][vc_column][vc_custom_heading text=&#8221;\u0160ta su stari narodi znali&#8221; font_container=&#8221;tag:h2|text_align:center|color:%231ba2b7&#8243; google_fonts=&#8221;font_family:Ubuntu%3A300%2C300italic%2Cregular%2Citalic%2C500%2C500italic%2C700%2C700italic|font_style:300%20light%20italic%3A300%3Aitalic&#8221;][\/vc_column][\/vc_row][vc_row][vc_column][vc_cta h2=&#8221;Kularnava Tantra&#8221; color=&#8221;violet&#8221;]\u201cZato \u0161to donosi samo-ispunjenje (<em>atmasiddhi<\/em>), spre\u010dava sve bolesti (<em>sarvaroga<\/em>) i zato \u0161to daje devet <em>sidija<\/em> (okultne, psihi\u010dke, jogi\u010dke mo\u0107i) (<em>navasiddhi<\/em>), zove se <em>asana<\/em>.[\/vc_cta][\/vc_column][\/vc_row][vc_row][vc_column][vc_cta h2=&#8221;Joga Sutra 2.47:&#8221; color=&#8221;turquoise&#8221;]\u201cKroz kontrolu prirodnih tendencija tela i kroz meditaciju na beskona\u010dno, polo\u017eaj postaje \u010dvrst i opu\u0161ten.\u201d[\/vc_cta][\/vc_column][\/vc_row][vc_row][vc_column][vc_column_text]\u017divimo u dobu sedenja. Sedeti potpuno mirno i sa ispravljenim le\u0111ima i glavom je jednostavno nemogu\u0107e za mnoge ljude.<\/p>\n<p>Joga polo\u017eaji i njihova praksa \u010dini telo \u010dvr\u0161\u0107im i zdravijim i priprema ga za meditaciju, jer je miran i \u010dvrst polo\u017eaj tela va\u017ean za ispravnu<span style=\"color: #800080;\"><a style=\"color: #800080;\" href=\"https:\/\/yogajagat.com\/sr\/meditacija-o-meditaciji-kao-stanju-duha\/\"> meditaciju<\/a>.<\/span>[\/vc_column_text][\/vc_column][\/vc_row][vc_row][vc_column][vc_cta h2=&#8221;Joga Sutra 2.48:&#8221; color=&#8221;turquoise&#8221;]\u201cI zato \u010dovek vi\u0161e nije zbunjen dualno\u0161\u0107u \u010dulnih iskustava.\u201d<\/p>\n[\/vc_cta][\/vc_column][\/vc_row]\n","protected":false},"excerpt":{"rendered":"<p>[vc_row][vc_column][vc_column_text]<br \/>\nJOGA POLO\u017dAJI TELA<br \/>\n[\/vc_column_text][\/vc_column][\/vc_row][vc_row][vc_column][vc_custom_heading text=&#8221;Joga Asane&#8221; font_container=&#8221;tag:h2|text_align:center|color:%231ba2b7&#8243; google_fonts=&#8221;font_family:Ubuntu%3A300%2C300italic%2Cregular%2Citalic%2C500%2C500italic%2C700%2C700italic|font_style:300%20light%20italic%3A300%3Aitalic&#8221;][\/vc_column][\/vc_row][vc_row][vc_column][vc_column_text]<\/p>\n<p>&nbsp;<br \/>\nOvaj tekst pi\u0161em za sve radoznale \u010ditaoce ali i kao podsetnik za sve one kojima pojam Asane, Joga- polo\u017eaji tela, u praksi i iskustvu nisu strani.<br \/>\n&nbsp;<br \/>\nPraktikovanje Joga asana nije ne\u0161to od \u010dega bi trebao da poraste nos i ponos.<br \/>\n&nbsp;<br \/>\nAsane, ti polo\u017eaji tela sa neograni\u010denim dejstvima su u kombinaciji sa starim jogi\u010dkim tehnikama disanja u Indiji, odakle i poti\u010de nauka i praksa Joge, deo svakog jutra. &#8230;<\/p>\n","protected":false},"author":1,"featured_media":0,"parent":0,"menu_order":0,"comment_status":"closed","ping_status":"closed","template":"template-full-width.php","meta":{"_bbp_topic_count":0,"_bbp_reply_count":0,"_bbp_total_topic_count":0,"_bbp_total_reply_count":0,"_bbp_voice_count":0,"_bbp_anonymous_reply_count":0,"_bbp_topic_count_hidden":0,"_bbp_reply_count_hidden":0,"_bbp_forum_subforum_count":0,"inline_featured_image":false,"spay_email":""},"translation":{"provider":"WPGlobus","version":"3.0.1","language":"sr","enabled_languages":["en","de","sr"],"languages":{"en":{"title":true,"content":true,"excerpt":false},"de":{"title":true,"content":true,"excerpt":false},"sr":{"title":true,"content":true,"excerpt":false}}},"yoast_head":"<!-- This site is optimized with the Yoast SEO plugin v18.3 - https:\/\/yoast.com\/wordpress\/plugins\/seo\/ -->\n<title>Joga polo\u017eaji. Asane i izvo\u0111enje asana - Lepota promene<\/title>\n<meta name=\"description\" content=\"Praktikovanje asana daje nam priliku da do\u017eivimo transformaciju na nivou materije. Asane su Joga polo\u017eaji tela, a ne ve\u017ebe. Izvode se polako i posve\u0107eno...\" \/>\n<meta name=\"robots\" content=\"index, follow, max-snippet:-1, max-image-preview:large, max-video-preview:-1\" \/>\n<link rel=\"canonical\" href=\"https:\/\/yogajagat.com\/yoga-postures-practice-of-asana-body-postures\/\" \/>\n<meta name=\"twitter:label1\" content=\"Est. reading time\" \/>\n\t<meta name=\"twitter:data1\" content=\"20 minutes\" \/>\n<script type=\"application\/ld+json\" class=\"yoast-schema-graph\">{\"@context\":\"https:\/\/schema.org\",\"@graph\":[{\"@type\":\"Organization\",\"@id\":\"https:\/\/yogajagat.com\/#organization\",\"name\":\"Yogajagat\",\"url\":\"https:\/\/yogajagat.com\/\",\"sameAs\":[],\"logo\":{\"@type\":\"ImageObject\",\"@id\":\"https:\/\/yogajagat.com\/#logo\",\"inLanguage\":\"sr\",\"url\":\"https:\/\/i1.wp.com\/yogajagat.com\/wp-content\/uploads\/2019\/03\/DSC08478-Kopie-1.jpg?fit=798%2C800&ssl=1\",\"contentUrl\":\"https:\/\/i1.wp.com\/yogajagat.com\/wp-content\/uploads\/2019\/03\/DSC08478-Kopie-1.jpg?fit=798%2C800&ssl=1\",\"width\":798,\"height\":800,\"caption\":\"Yogajagat\"},\"image\":{\"@id\":\"https:\/\/yogajagat.com\/#logo\"}},{\"@type\":\"WebSite\",\"@id\":\"https:\/\/yogajagat.com\/#website\",\"url\":\"https:\/\/yogajagat.com\/\",\"name\":\"Lepota promene\",\"description\":\"Neprestanom promenom do najlepseg zivotnog iskustva\",\"publisher\":{\"@id\":\"https:\/\/yogajagat.com\/#organization\"},\"potentialAction\":[{\"@type\":\"SearchAction\",\"target\":{\"@type\":\"EntryPoint\",\"urlTemplate\":\"https:\/\/yogajagat.com\/?s={search_term_string}\"},\"query-input\":\"required name=search_term_string\"}],\"inLanguage\":\"sr\"},{\"@type\":\"ImageObject\",\"@id\":\"https:\/\/yogajagat.com\/yoga-postures-practice-of-asana-body-postures\/#primaryimage\",\"inLanguage\":\"sr\",\"url\":\"http:\/\/yogajagat.com\/wp-content\/uploads\/2019\/11\/DSC02120.jpg\",\"contentUrl\":\"http:\/\/yogajagat.com\/wp-content\/uploads\/2019\/11\/DSC02120.jpg\"},{\"@type\":\"WebPage\",\"@id\":\"https:\/\/yogajagat.com\/yoga-postures-practice-of-asana-body-postures\/#webpage\",\"url\":\"https:\/\/yogajagat.com\/yoga-postures-practice-of-asana-body-postures\/\",\"name\":\"Joga polo\u017eaji. Asane i izvo\u0111enje asana - Lepota promene\",\"isPartOf\":{\"@id\":\"https:\/\/yogajagat.com\/#website\"},\"primaryImageOfPage\":{\"@id\":\"https:\/\/yogajagat.com\/yoga-postures-practice-of-asana-body-postures\/#primaryimage\"},\"datePublished\":\"2019-03-07T22:11:57+00:00\",\"dateModified\":\"2020-05-07T10:01:50+00:00\",\"description\":\"Praktikovanje asana daje nam priliku da do\u017eivimo transformaciju na nivou materije. Asane su Joga polo\u017eaji tela, a ne ve\u017ebe. Izvode se polako i posve\u0107eno...\",\"breadcrumb\":{\"@id\":\"https:\/\/yogajagat.com\/yoga-postures-practice-of-asana-body-postures\/#breadcrumb\"},\"inLanguage\":\"sr\",\"potentialAction\":[{\"@type\":\"ReadAction\",\"target\":[\"https:\/\/yogajagat.com\/yoga-postures-practice-of-asana-body-postures\/\"]}]},{\"@type\":\"BreadcrumbList\",\"@id\":\"https:\/\/yogajagat.com\/yoga-postures-practice-of-asana-body-postures\/#breadcrumb\",\"itemListElement\":[{\"@type\":\"ListItem\",\"position\":1,\"name\":\"Home\",\"item\":\"https:\/\/yogajagat.com\/sr\/\"},{\"@type\":\"ListItem\",\"position\":2,\"name\":\"Yoga Postures, Practice of Asanas\"}]}]}<\/script>\n<!-- \/ Yoast SEO plugin. -->","yoast_head_json":{"title":"Joga polo\u017eaji. Asane i izvo\u0111enje asana - Lepota promene","description":"Praktikovanje asana daje nam priliku da do\u017eivimo transformaciju na nivou materije. Asane su Joga polo\u017eaji tela, a ne ve\u017ebe. Izvode se polako i posve\u0107eno...","robots":{"index":"index","follow":"follow","max-snippet":"max-snippet:-1","max-image-preview":"max-image-preview:large","max-video-preview":"max-video-preview:-1"},"canonical":"https:\/\/yogajagat.com\/yoga-postures-practice-of-asana-body-postures\/","twitter_misc":{"Est. reading time":"20 minutes"},"schema":{"@context":"https:\/\/schema.org","@graph":[{"@type":"Organization","@id":"https:\/\/yogajagat.com\/#organization","name":"Yogajagat","url":"https:\/\/yogajagat.com\/","sameAs":[],"logo":{"@type":"ImageObject","@id":"https:\/\/yogajagat.com\/#logo","inLanguage":"sr","url":"https:\/\/i1.wp.com\/yogajagat.com\/wp-content\/uploads\/2019\/03\/DSC08478-Kopie-1.jpg?fit=798%2C800&ssl=1","contentUrl":"https:\/\/i1.wp.com\/yogajagat.com\/wp-content\/uploads\/2019\/03\/DSC08478-Kopie-1.jpg?fit=798%2C800&ssl=1","width":798,"height":800,"caption":"Yogajagat"},"image":{"@id":"https:\/\/yogajagat.com\/#logo"}},{"@type":"WebSite","@id":"https:\/\/yogajagat.com\/#website","url":"https:\/\/yogajagat.com\/","name":"Lepota promene","description":"Neprestanom promenom do najlepseg zivotnog iskustva","publisher":{"@id":"https:\/\/yogajagat.com\/#organization"},"potentialAction":[{"@type":"SearchAction","target":{"@type":"EntryPoint","urlTemplate":"https:\/\/yogajagat.com\/?s={search_term_string}"},"query-input":"required name=search_term_string"}],"inLanguage":"sr"},{"@type":"ImageObject","@id":"https:\/\/yogajagat.com\/yoga-postures-practice-of-asana-body-postures\/#primaryimage","inLanguage":"sr","url":"http:\/\/yogajagat.com\/wp-content\/uploads\/2019\/11\/DSC02120.jpg","contentUrl":"http:\/\/yogajagat.com\/wp-content\/uploads\/2019\/11\/DSC02120.jpg"},{"@type":"WebPage","@id":"https:\/\/yogajagat.com\/yoga-postures-practice-of-asana-body-postures\/#webpage","url":"https:\/\/yogajagat.com\/yoga-postures-practice-of-asana-body-postures\/","name":"Joga polo\u017eaji. Asane i izvo\u0111enje asana - Lepota promene","isPartOf":{"@id":"https:\/\/yogajagat.com\/#website"},"primaryImageOfPage":{"@id":"https:\/\/yogajagat.com\/yoga-postures-practice-of-asana-body-postures\/#primaryimage"},"datePublished":"2019-03-07T22:11:57+00:00","dateModified":"2020-05-07T10:01:50+00:00","description":"Praktikovanje asana daje nam priliku da do\u017eivimo transformaciju na nivou materije. Asane su Joga polo\u017eaji tela, a ne ve\u017ebe. Izvode se polako i posve\u0107eno...","breadcrumb":{"@id":"https:\/\/yogajagat.com\/yoga-postures-practice-of-asana-body-postures\/#breadcrumb"},"inLanguage":"sr","potentialAction":[{"@type":"ReadAction","target":["https:\/\/yogajagat.com\/yoga-postures-practice-of-asana-body-postures\/"]}]},{"@type":"BreadcrumbList","@id":"https:\/\/yogajagat.com\/yoga-postures-practice-of-asana-body-postures\/#breadcrumb","itemListElement":[{"@type":"ListItem","position":1,"name":"Home","item":"https:\/\/yogajagat.com\/sr\/"},{"@type":"ListItem","position":2,"name":"Yoga Postures, Practice of Asanas"}]}]}},"_links":{"self":[{"href":"https:\/\/yogajagat.com\/sr\/wp-json\/wp\/v2\/pages\/2252"}],"collection":[{"href":"https:\/\/yogajagat.com\/sr\/wp-json\/wp\/v2\/pages"}],"about":[{"href":"https:\/\/yogajagat.com\/sr\/wp-json\/wp\/v2\/types\/page"}],"author":[{"embeddable":true,"href":"https:\/\/yogajagat.com\/sr\/wp-json\/wp\/v2\/users\/1"}],"replies":[{"embeddable":true,"href":"https:\/\/yogajagat.com\/sr\/wp-json\/wp\/v2\/comments?post=2252"}],"version-history":[{"count":23,"href":"https:\/\/yogajagat.com\/sr\/wp-json\/wp\/v2\/pages\/2252\/revisions"}],"predecessor-version":[{"id":5849,"href":"https:\/\/yogajagat.com\/sr\/wp-json\/wp\/v2\/pages\/2252\/revisions\/5849"}],"wp:attachment":[{"href":"https:\/\/yogajagat.com\/sr\/wp-json\/wp\/v2\/media?parent=2252"}],"curies":[{"name":"wp","href":"https:\/\/api.w.org\/{rel}","templated":true}]}}