{"id":2249,"date":"2019-07-18T01:00:10","date_gmt":"2019-07-18T00:00:10","guid":{"rendered":"http:\/\/yogajagat.com\/?page_id=2249"},"modified":"2020-04-19T15:09:45","modified_gmt":"2020-04-19T13:09:45","slug":"omniscience-growing-knowledge","status":"publish","type":"page","link":"https:\/\/yogajagat.com\/sr\/transcendentno-znanje-vrhovno-znanje-sveznanje\/","title":{"rendered":"Transcendentno znanje, sveznanje"},"content":{"rendered":"[vc_row][vc_column][vc_column_text]\n<h3 style=\"text-align: center;\"><span style=\"color: #993300;\">TRANSCENDENTNO ZNANJE<\/span><\/h3>\n<h4 style=\"text-align: center;\"><span style=\"color: #33cccc;\">VRHOVNO ZNANJE, SVEZNANJE<\/span><\/h4>\n<hr \/>\n<p>&nbsp;<\/p>\n<p>Ovaj tekst jedan je u nizu tekstova o tome<a href=\"https:\/\/yogajagat.com\/sr\/menjanje-navika-i-kreiranje-otmenosti\/\"><span style=\"color: #993300;\"> kako zameniti stare, ustajale navike<\/span><\/a> i postati otmeno ljudsko bi\u0107e. Transcendentno znanje ili sveznanje se ra\u0111a iz prakse.<\/p>\n<p>&nbsp;<\/p>\n<p>Haos u glavi je ponekad plodno korisna stvar, ipak od njega glava mo\u017ee i dobro da zaboli.<\/p>\n<p>Ljudima uglavnom ne uspeva da ukrote svoje kruto uko\u010dene navike i da u red dovedu svoje haoti\u010dne sumnje. Onaj ko je uspeo da to uradi vrlo lako mo\u017ee da prepozna fenomen sveznaju\u0107eg.<\/p>\n<p>&nbsp;<\/p>\n[\/vc_column_text][\/vc_column][\/vc_row][vc_row][vc_column][vc_column_text]\n<div id=\"attachment_3662\" style=\"width: 608px\" class=\"wp-caption aligncenter\"><img aria-describedby=\"caption-attachment-3662\" loading=\"lazy\" class=\"wp-image-3662 size-full\" src=\"https:\/\/i0.wp.com\/yogajagat.com\/wp-content\/uploads\/2019\/07\/IMG_7494.jpg?resize=598%2C598\" alt=\"transcendentno znanje\" width=\"598\" height=\"598\" srcset=\"https:\/\/i0.wp.com\/yogajagat.com\/wp-content\/uploads\/2019\/07\/IMG_7494.jpg?w=598&amp;ssl=1 598w, https:\/\/i0.wp.com\/yogajagat.com\/wp-content\/uploads\/2019\/07\/IMG_7494.jpg?resize=150%2C150&amp;ssl=1 150w, https:\/\/i0.wp.com\/yogajagat.com\/wp-content\/uploads\/2019\/07\/IMG_7494.jpg?resize=300%2C300&amp;ssl=1 300w, https:\/\/i0.wp.com\/yogajagat.com\/wp-content\/uploads\/2019\/07\/IMG_7494.jpg?resize=71%2C71&amp;ssl=1 71w, https:\/\/i0.wp.com\/yogajagat.com\/wp-content\/uploads\/2019\/07\/IMG_7494.jpg?resize=36%2C36&amp;ssl=1 36w\" sizes=\"(max-width: 598px) 100vw, 598px\" data-recalc-dims=\"1\" \/><p id=\"caption-attachment-3662\" class=\"wp-caption-text\">Homer Simpson, Image Source: Internet<\/p><\/div>\n[\/vc_column_text][\/vc_column][\/vc_row][vc_row][vc_column][vc_custom_heading text=&#8221;Ko je ili \u0161ta sveznaju\u0107e&#8221; font_container=&#8221;tag:h2|text_align:center|color:%231ba2b7&#8243; google_fonts=&#8221;font_family:Ubuntu%3A300%2C300italic%2Cregular%2Citalic%2C500%2C500italic%2C700%2C700italic|font_style:300%20light%20italic%3A300%3Aitalic&#8221;][\/vc_column][\/vc_row][vc_row][vc_column][vc_column_text]\n<hr \/>\n<p>&nbsp;<\/p>\n<p>U ljudskoj istoriji sveznaju\u0107e je ozna\u010deno kao <em>transcendentno<\/em>, uzvi\u0161ena Stvarnost, Bog, vi\u0161a svest, vasiona, univerzalna svest.<\/p>\n<p>&nbsp;<\/p>\n<p>Ali, sve su ovo samo re\u010di. Ba\u0161 kao <em>oh la la.<\/em><\/p>\n<p>Da li znate nekoga ko zna kako <em>oh la la<\/em> izgleda?<\/p>\n<p>Ako je <em>oh la la<\/em> ne\u0161to ili neko plemetitog duha, znanja, mo\u0107i i snage, onda se to ne\u0161to ili taj neko odlikuje sveznaju\u0107im.<\/p>\n<p>Na va\u0161oj je ma\u0161ti da napravite projekciju.<\/p>\n<p>&nbsp;<\/p>\n<p>Ne postoji knjiga o sveznaju\u0107em i niko nikoga ne mo\u017ee da podu\u010dava o tome \u0161ta je sveznalost.<\/p>\n<p>To je \u010dist ose\u0107aj. Ose\u0107aji se ne mogu podu\u010davati.<\/p>\n[\/vc_column_text][\/vc_column][\/vc_row][vc_row][vc_column][vc_cta h2=&#8221;Joga Sutra 1.24:&#8221; color=&#8221;turquoise&#8221;]\n<p>I\u0161vara je posebna vrsta Bi\u0107a, nedodirljivo neznanjem i produktima neznanja (<em>avidya<\/em>), utiscima (<em>samskara<\/em>s) kao rezultatima karme ili rezultatima dela.<\/p>\n[\/vc_cta][\/vc_column][\/vc_row][vc_row][vc_column][vc_column_text]\n<p>Na jeziku Joge, ono \u0161to je plemenito i uzvi\u0161eno nazvano je <span style=\"color: #800080;\">Ishvara- Pranidhana<\/span>.<\/p>\n<p><em>Ishvara<\/em> zna\u010di &#8220;kreativni izvor ili uzvi\u0161eni u\u010ditelj&#8221;, <em>pranidhana<\/em> je praktikovanje prisustva.<\/p>\n<p>Prema Vedama, I\u0161vara je stvaraoc vasione.<\/p>\n<p>&nbsp;<\/p>\n<p>Sveznalost, sveznaju\u0107e ili ono \u0161to je visoko transcendentno nije intelektualno znanje nastalo ubacivanjem \u0161to vi\u0161e informacija u glavu.<\/p>\n<p>To je ose\u0107aj prisustva ne\u010dega \u0161to je vi\u0161e i ve\u0107e, u srcu.<\/p>\n<p>&nbsp;<\/p>\n<p>Kada se ovaj ose\u0107aj jednom do\u017eivi onda se on pretvara u ogromno po\u0161tovanje prema svakome i veliki ose\u0107aj za svakoga.<\/p>\n<p>Kada se ruke stave zajedno ispred srca ili ta\u010dke izme\u0111u o\u010diju, u <em>namaste mudru<\/em>, taj gest predstavlja ne samo po\u0161tovanje prema svakom ljudskom srcu ve\u0107 po\u0161tovanje i prema vi\u0161em Bi\u0107u.<\/p>\n[\/vc_column_text][\/vc_column][\/vc_row][vc_row][vc_column][vc_cta h2=&#8221;Joga Sutra 2.45:&#8221; color=&#8221;turquoise&#8221;]\n<p>Kao rezultat predanosti Uzvi\u0161enom (<em>i\u0161vara-pranidana<\/em>), do\u017eivljava se <em>Samadi<\/em>.<\/p>\n[\/vc_cta][\/vc_column][\/vc_row][vc_row][vc_column][vc_column_text]\n<p>Swami \u0160ivananda ka\u017ee:<\/p>\n[\/vc_column_text][\/vc_column][\/vc_row][vc_row][vc_column][vc_cta h2=&#8221;&#8221;]\n<p>&#8220;Samopokorno\u0161\u0107u se dosti\u017ee Samadi, stanje nadsvesti.&#8221;<\/p>\n[\/vc_cta][\/vc_column][\/vc_row][vc_row][vc_column][vc_column_text]\n<p><a href=\"https:\/\/yogajagat.com\/sr\/samadi-sta-se-desava-u-stanju-samadija\/\"><span style=\"color: #800080;\">Samadi <\/span><\/a>je neutralno stanje stopljenog znanja u njegovoj puno\u0107i.<\/p>\n<p>&nbsp;<\/p>\n[\/vc_column_text][\/vc_column][\/vc_row]\n","protected":false},"excerpt":{"rendered":"<p>[vc_row][vc_column][vc_column_text]<br \/>\nTRANSCENDENTNO ZNANJE<br \/>\nVRHOVNO ZNANJE, SVEZNANJE<\/p>\n<p>&nbsp;<br \/>\nOvaj tekst jedan je u nizu tekstova o tome kako zameniti stare, ustajale navike i postati otmeno ljudsko bi\u0107e. Transcendentno znanje ili sveznanje se ra\u0111a iz prakse.<br \/>\n&nbsp;<br \/>\nHaos u glavi je ponekad plodno korisna stvar, ipak od njega glava mo\u017ee i dobro da zaboli.<br \/>\nLjudima uglavnom ne uspeva da ukrote svoje kruto uko\u010dene navike i da u red dovedu svoje haoti\u010dne sumnje. Onaj ko je uspeo da to uradi vrlo lako &#8230;<\/p>\n","protected":false},"author":1,"featured_media":0,"parent":0,"menu_order":0,"comment_status":"closed","ping_status":"closed","template":"template-full-width.php","meta":{"_bbp_topic_count":0,"_bbp_reply_count":0,"_bbp_total_topic_count":0,"_bbp_total_reply_count":0,"_bbp_voice_count":0,"_bbp_anonymous_reply_count":0,"_bbp_topic_count_hidden":0,"_bbp_reply_count_hidden":0,"_bbp_forum_subforum_count":0,"inline_featured_image":false,"spay_email":""},"translation":{"provider":"WPGlobus","version":"3.0.1","language":"sr","enabled_languages":["en","de","sr"],"languages":{"en":{"title":true,"content":true,"excerpt":false},"de":{"title":true,"content":true,"excerpt":false},"sr":{"title":true,"content":true,"excerpt":false}}},"yoast_head":"<!-- This site is optimized with the Yoast SEO plugin v18.3 - https:\/\/yoast.com\/wordpress\/plugins\/seo\/ -->\n<title>Transcendentno znanje, sveznanje - Lepota promene<\/title>\n<meta name=\"description\" content=\"U ljudskoj istoriji sveznaju\u0107e je ozna\u010deno kao transcendentno znanje, uzvi\u0161ena Stvarnost, Bog, vi\u0161a svest, vasiona. To je ose\u0107aj u srcu.\" \/>\n<meta name=\"robots\" content=\"index, follow, max-snippet:-1, max-image-preview:large, max-video-preview:-1\" \/>\n<link rel=\"canonical\" href=\"https:\/\/yogajagat.com\/omniscience-growing-knowledge\/\" \/>\n<meta name=\"twitter:label1\" content=\"Est. reading time\" \/>\n\t<meta name=\"twitter:data1\" content=\"6 minutes\" \/>\n<script type=\"application\/ld+json\" class=\"yoast-schema-graph\">{\"@context\":\"https:\/\/schema.org\",\"@graph\":[{\"@type\":\"Organization\",\"@id\":\"https:\/\/yogajagat.com\/#organization\",\"name\":\"Yogajagat\",\"url\":\"https:\/\/yogajagat.com\/\",\"sameAs\":[],\"logo\":{\"@type\":\"ImageObject\",\"@id\":\"https:\/\/yogajagat.com\/#logo\",\"inLanguage\":\"sr\",\"url\":\"https:\/\/i1.wp.com\/yogajagat.com\/wp-content\/uploads\/2019\/03\/DSC08478-Kopie-1.jpg?fit=798%2C800&ssl=1\",\"contentUrl\":\"https:\/\/i1.wp.com\/yogajagat.com\/wp-content\/uploads\/2019\/03\/DSC08478-Kopie-1.jpg?fit=798%2C800&ssl=1\",\"width\":798,\"height\":800,\"caption\":\"Yogajagat\"},\"image\":{\"@id\":\"https:\/\/yogajagat.com\/#logo\"}},{\"@type\":\"WebSite\",\"@id\":\"https:\/\/yogajagat.com\/#website\",\"url\":\"https:\/\/yogajagat.com\/\",\"name\":\"Lepota promene\",\"description\":\"Neprestanom promenom do najlepseg zivotnog iskustva\",\"publisher\":{\"@id\":\"https:\/\/yogajagat.com\/#organization\"},\"potentialAction\":[{\"@type\":\"SearchAction\",\"target\":{\"@type\":\"EntryPoint\",\"urlTemplate\":\"https:\/\/yogajagat.com\/?s={search_term_string}\"},\"query-input\":\"required name=search_term_string\"}],\"inLanguage\":\"sr\"},{\"@type\":\"ImageObject\",\"@id\":\"https:\/\/yogajagat.com\/omniscience-growing-knowledge\/#primaryimage\",\"inLanguage\":\"sr\",\"url\":\"http:\/\/yogajagat.com\/wp-content\/uploads\/2019\/07\/IMG_7494.jpg\",\"contentUrl\":\"http:\/\/yogajagat.com\/wp-content\/uploads\/2019\/07\/IMG_7494.jpg\"},{\"@type\":\"WebPage\",\"@id\":\"https:\/\/yogajagat.com\/omniscience-growing-knowledge\/#webpage\",\"url\":\"https:\/\/yogajagat.com\/omniscience-growing-knowledge\/\",\"name\":\"Transcendentno znanje, sveznanje - Lepota promene\",\"isPartOf\":{\"@id\":\"https:\/\/yogajagat.com\/#website\"},\"primaryImageOfPage\":{\"@id\":\"https:\/\/yogajagat.com\/omniscience-growing-knowledge\/#primaryimage\"},\"datePublished\":\"2019-07-18T00:00:10+00:00\",\"dateModified\":\"2020-04-19T13:09:45+00:00\",\"description\":\"U ljudskoj istoriji sveznaju\u0107e je ozna\u010deno kao transcendentno znanje, uzvi\u0161ena Stvarnost, Bog, vi\u0161a svest, vasiona. To je ose\u0107aj u srcu.\",\"breadcrumb\":{\"@id\":\"https:\/\/yogajagat.com\/omniscience-growing-knowledge\/#breadcrumb\"},\"inLanguage\":\"sr\",\"potentialAction\":[{\"@type\":\"ReadAction\",\"target\":[\"https:\/\/yogajagat.com\/omniscience-growing-knowledge\/\"]}]},{\"@type\":\"BreadcrumbList\",\"@id\":\"https:\/\/yogajagat.com\/omniscience-growing-knowledge\/#breadcrumb\",\"itemListElement\":[{\"@type\":\"ListItem\",\"position\":1,\"name\":\"Home\",\"item\":\"https:\/\/yogajagat.com\/sr\/\"},{\"@type\":\"ListItem\",\"position\":2,\"name\":\"Omniscience, Growing Knowledge\"}]}]}<\/script>\n<!-- \/ Yoast SEO plugin. -->","yoast_head_json":{"title":"Transcendentno znanje, sveznanje - Lepota promene","description":"U ljudskoj istoriji sveznaju\u0107e je ozna\u010deno kao transcendentno znanje, uzvi\u0161ena Stvarnost, Bog, vi\u0161a svest, vasiona. To je ose\u0107aj u srcu.","robots":{"index":"index","follow":"follow","max-snippet":"max-snippet:-1","max-image-preview":"max-image-preview:large","max-video-preview":"max-video-preview:-1"},"canonical":"https:\/\/yogajagat.com\/omniscience-growing-knowledge\/","twitter_misc":{"Est. reading time":"6 minutes"},"schema":{"@context":"https:\/\/schema.org","@graph":[{"@type":"Organization","@id":"https:\/\/yogajagat.com\/#organization","name":"Yogajagat","url":"https:\/\/yogajagat.com\/","sameAs":[],"logo":{"@type":"ImageObject","@id":"https:\/\/yogajagat.com\/#logo","inLanguage":"sr","url":"https:\/\/i1.wp.com\/yogajagat.com\/wp-content\/uploads\/2019\/03\/DSC08478-Kopie-1.jpg?fit=798%2C800&ssl=1","contentUrl":"https:\/\/i1.wp.com\/yogajagat.com\/wp-content\/uploads\/2019\/03\/DSC08478-Kopie-1.jpg?fit=798%2C800&ssl=1","width":798,"height":800,"caption":"Yogajagat"},"image":{"@id":"https:\/\/yogajagat.com\/#logo"}},{"@type":"WebSite","@id":"https:\/\/yogajagat.com\/#website","url":"https:\/\/yogajagat.com\/","name":"Lepota promene","description":"Neprestanom promenom do najlepseg zivotnog iskustva","publisher":{"@id":"https:\/\/yogajagat.com\/#organization"},"potentialAction":[{"@type":"SearchAction","target":{"@type":"EntryPoint","urlTemplate":"https:\/\/yogajagat.com\/?s={search_term_string}"},"query-input":"required name=search_term_string"}],"inLanguage":"sr"},{"@type":"ImageObject","@id":"https:\/\/yogajagat.com\/omniscience-growing-knowledge\/#primaryimage","inLanguage":"sr","url":"http:\/\/yogajagat.com\/wp-content\/uploads\/2019\/07\/IMG_7494.jpg","contentUrl":"http:\/\/yogajagat.com\/wp-content\/uploads\/2019\/07\/IMG_7494.jpg"},{"@type":"WebPage","@id":"https:\/\/yogajagat.com\/omniscience-growing-knowledge\/#webpage","url":"https:\/\/yogajagat.com\/omniscience-growing-knowledge\/","name":"Transcendentno znanje, sveznanje - Lepota promene","isPartOf":{"@id":"https:\/\/yogajagat.com\/#website"},"primaryImageOfPage":{"@id":"https:\/\/yogajagat.com\/omniscience-growing-knowledge\/#primaryimage"},"datePublished":"2019-07-18T00:00:10+00:00","dateModified":"2020-04-19T13:09:45+00:00","description":"U ljudskoj istoriji sveznaju\u0107e je ozna\u010deno kao transcendentno znanje, uzvi\u0161ena Stvarnost, Bog, vi\u0161a svest, vasiona. To je ose\u0107aj u srcu.","breadcrumb":{"@id":"https:\/\/yogajagat.com\/omniscience-growing-knowledge\/#breadcrumb"},"inLanguage":"sr","potentialAction":[{"@type":"ReadAction","target":["https:\/\/yogajagat.com\/omniscience-growing-knowledge\/"]}]},{"@type":"BreadcrumbList","@id":"https:\/\/yogajagat.com\/omniscience-growing-knowledge\/#breadcrumb","itemListElement":[{"@type":"ListItem","position":1,"name":"Home","item":"https:\/\/yogajagat.com\/sr\/"},{"@type":"ListItem","position":2,"name":"Omniscience, Growing Knowledge"}]}]}},"_links":{"self":[{"href":"https:\/\/yogajagat.com\/sr\/wp-json\/wp\/v2\/pages\/2249"}],"collection":[{"href":"https:\/\/yogajagat.com\/sr\/wp-json\/wp\/v2\/pages"}],"about":[{"href":"https:\/\/yogajagat.com\/sr\/wp-json\/wp\/v2\/types\/page"}],"author":[{"embeddable":true,"href":"https:\/\/yogajagat.com\/sr\/wp-json\/wp\/v2\/users\/1"}],"replies":[{"embeddable":true,"href":"https:\/\/yogajagat.com\/sr\/wp-json\/wp\/v2\/comments?post=2249"}],"version-history":[{"count":14,"href":"https:\/\/yogajagat.com\/sr\/wp-json\/wp\/v2\/pages\/2249\/revisions"}],"predecessor-version":[{"id":5825,"href":"https:\/\/yogajagat.com\/sr\/wp-json\/wp\/v2\/pages\/2249\/revisions\/5825"}],"wp:attachment":[{"href":"https:\/\/yogajagat.com\/sr\/wp-json\/wp\/v2\/media?parent=2249"}],"curies":[{"name":"wp","href":"https:\/\/api.w.org\/{rel}","templated":true}]}}