{"id":2247,"date":"2019-07-17T20:00:04","date_gmt":"2019-07-17T19:00:04","guid":{"rendered":"http:\/\/yogajagat.com\/?page_id=2247"},"modified":"2020-04-19T14:59:14","modified_gmt":"2020-04-19T12:59:14","slug":"mans-best-friend-besides-a-dog","status":"publish","type":"page","link":"https:\/\/yogajagat.com\/sr\/knjige-covekov-najbolji-prijatelj\/","title":{"rendered":"Knjige \u010dovekov najbolji prijatelj"},"content":{"rendered":"[vc_row][vc_column][vc_column_text]\n<h3 style=\"text-align: center;\"><\/h3>\n<h3 style=\"text-align: center;\"><span style=\"color: #993300;\">PORED PSA, NAJBOLJI \u010cOVEKOV PRIJATELJ SU KNJIGE<\/span><\/h3>\n<h3 style=\"text-align: center;\"><span style=\"color: #008080;\">I ti\u0161ina.<\/span><\/h3>\n[\/vc_column_text][\/vc_column][\/vc_row][vc_row][vc_column][vc_column_text]\n<hr \/>\n<p>&nbsp;<\/p>\n<p>Tekst\u00a0<em>Knjige su \u010dovekov najbolji prijatelj pored psa<\/em> je nastavak teksta o kvalitetu \u017eivota i o\u00a0<a href=\"https:\/\/yogajagat.com\/sr\/menjanje-navika-i-kreiranje-otmenosti\/\"><span style=\"color: #993300;\">menjanju starih, umornih navika i kreiranju novih, otmenih<\/span><\/a>.<\/p>\n<p>&nbsp;<\/p>\n<p>Ako \u010dovek ho\u0107e vi\u0161e da sazna o tome da li je i kako knjiga najbolji \u010dovekov prijatelj pored psa, mo\u017ee da posmatra svog psa.<\/p>\n<p>On sedi mirno, posmatra okolo, razmi\u0161lja, istra\u017euje poteze ljudi, njihovu ti\u0161inu, tugu ili jecaj, \u010deka na hranu, \u010deka da iza\u0111e napolje (ne mo\u017ee da do\u010deka) i \u010deka- na ljubav. Istu tu ljubav, pas i daje. Daje mnogo ljubavi. Pas poma\u017ee ljudima i drugim \u017eivotinjama bez pitanja <em>zbog \u010dega, kome ili kada<\/em>\u00a0i usput ne o\u010dekuju\u0107i ni\u0161ta zauzvrat. Ovakva ljubav je jedina prava i takva ljubav \u00a0zove se\u00a0<em>bezuslovna ljubav.<\/em>\u00a0 Pas je, pored davanja bezuslovne ljubavi, i beskrajno strpljiv.<\/p>\n<p>Zna\u010di pas je, ustvari, najbolji jogi.<\/p>\n<p>Ali vi mo\u017eete biti jo\u0161 bolji jogiji od psa. Vi mo\u017eete transformisati sve \u0161to ste videli, \u010duli, dobili, u\u010dinili, rekli. \u010cak i ljubav mo\u017eete transformisati. Va\u0161u o\u010dajni\u010dku \u017eelju za ljubavlju mo\u017eete transformisati tako \u0161to \u0107ete i sami postajati i biti divna ljubav. I sve to u ti\u0161ini.<\/p>\n<p>&nbsp;<\/p>\n<p>Ti\u0161ina reflektuje. U ti\u0161ini \u010dovek u\u010di i nau\u010di \u0161ta je strpljenje. A strpljenjem mo\u017ee da pomogne sam sebi.<\/p>\n<p>\u0160ta ti\u0161ina nudi \u010doveku i njegovom nespokojnom duhu, mo\u017eete \u010ditati na <a href=\"https:\/\/yogajagat.com\/sr\/tisina-covek-i-samospoznaja\/\"><span style=\"color: #993300;\">slede\u0107oj stranici<\/span><\/a>. Na ovoj mo\u017eete pro\u010ditati koje vam knjige, ti stari i najbolji drugovi, mogu pomo\u0107i da po\u010dnete sa pronala\u017eenjem unutra\u0161njeg mira.<\/p>\n[\/vc_column_text][\/vc_column][\/vc_row][vc_row][vc_column][vc_custom_heading text=&#8221;Kvalitet \u017eivota&#8221; font_container=&#8221;tag:h2|text_align:center|color:%231ba2b7&#8243; google_fonts=&#8221;font_family:Ubuntu%3A300%2C300italic%2Cregular%2Citalic%2C500%2C500italic%2C700%2C700italic|font_style:300%20light%20italic%3A300%3Aitalic&#8221;][\/vc_column][\/vc_row][vc_row][vc_column][vc_column_text]\n<hr \/>\n<p>&nbsp;<\/p>\n<p>Svi mi slu\u0161amo ali vrlo malo nas zaista zna kako da slu\u0161a. \u00a0 \u00a0 <img loading=\"lazy\" class=\"alignright wp-image-4082 size-medium\" src=\"https:\/\/i1.wp.com\/yogajagat.com\/wp-content\/uploads\/2019\/11\/DSC00280-181x300.jpg?resize=181%2C300\" alt=\"duhovne knjige, prva knjiga stampana u Srbiji\" width=\"181\" height=\"300\" srcset=\"https:\/\/i2.wp.com\/yogajagat.com\/wp-content\/uploads\/2019\/11\/DSC00280.jpg?resize=181%2C300&amp;ssl=1 181w, https:\/\/i2.wp.com\/yogajagat.com\/wp-content\/uploads\/2019\/11\/DSC00280.jpg?resize=768%2C1270&amp;ssl=1 768w, https:\/\/i2.wp.com\/yogajagat.com\/wp-content\/uploads\/2019\/11\/DSC00280.jpg?resize=619%2C1024&amp;ssl=1 619w, https:\/\/i2.wp.com\/yogajagat.com\/wp-content\/uploads\/2019\/11\/DSC00280.jpg?w=979&amp;ssl=1 979w\" sizes=\"(max-width: 181px) 100vw, 181px\" data-recalc-dims=\"1\" \/><\/p>\n<p>Ako se ne ose\u0107amo dobro i sre\u0107no, \u0161to su ustvari sasvim prirodna stanja svakog \u010doveka, trebalo bi da se zapitamo da li smo zaista okru\u017eeni pravim ljudima, da li se zaista ispravno hranimo, da li \u010ditamo ispravne knjige (danas retko ko i \u010dita knjige, mnogima je jedino obrazovanje na\u017ealost postalo \u010ditanje onog \u0161to se pi\u0161e na socijalnim mre\u017eama). Ako se ne ose\u0107amo dobro u svojoj ko\u017ei, trebalo bi da se zapitamo da li je mogu\u0107e da mi tako olako dozvoljamo drugima da manipuli\u0161u nama samima.<\/p>\n<p>Re\u010di, svejedno da li izgovorene, pro\u010ditane ili \u010dute, svejedno da li one sa znanjem ili bez znanja, sve su one utisci (<em>samskare<\/em>) koji su duboko urezani u na\u0161u podsvest. Vremenom ti utisci postaju misli, a misli postaju ose\u0107anja.<\/p>\n<p>Na\u0161a ose\u0107anja uti\u010du na kompletan telesni sistem, na njegove \u0107elije, tkiva, organe, fascije, nerve. I tako, u su\u0161tini, svako mo\u017ee da bira \u0161ta \u017eeli da bude.<\/p>\n<p>U su\u0161tini, \u010dovek mo\u017ee slobodno da bira svoju i sre\u0107u i mentalno a samim tim i svako ostalo zdravlje.<\/p>\n<p>&nbsp;<\/p>\n<p>Kvalitet ljudskog \u017eivota definitivno zavisi od toga \u010dime se u\u0161i, o\u010di, \u017eeludac, srce i mozak hrane.<\/p>\n<p>&nbsp;<\/p>\n<p><img loading=\"lazy\" class=\"aligncenter wp-image-4083 size-large\" src=\"https:\/\/i1.wp.com\/yogajagat.com\/wp-content\/uploads\/2019\/11\/DSC00271-1024x714.jpg?resize=1024%2C714\" alt=\"knjige \u010dovekov prijatelj\" width=\"1024\" height=\"714\" srcset=\"https:\/\/i0.wp.com\/yogajagat.com\/wp-content\/uploads\/2019\/11\/DSC00271.jpg?w=1024&amp;ssl=1 1024w, https:\/\/i0.wp.com\/yogajagat.com\/wp-content\/uploads\/2019\/11\/DSC00271.jpg?resize=300%2C209&amp;ssl=1 300w, https:\/\/i0.wp.com\/yogajagat.com\/wp-content\/uploads\/2019\/11\/DSC00271.jpg?resize=768%2C536&amp;ssl=1 768w\" sizes=\"(max-width: 1000px) 100vw, 1000px\" data-recalc-dims=\"1\" \/><\/p>\n[\/vc_column_text][\/vc_column][\/vc_row][vc_row][vc_column][vc_custom_heading text=&#8221;Samo-studiranje uz pomo\u0107 starih tekstova&#8221; font_container=&#8221;tag:h2|text_align:center|color:%231ba2b7&#8243; google_fonts=&#8221;font_family:Ubuntu%3A300%2C300italic%2Cregular%2Citalic%2C500%2C500italic%2C700%2C700italic|font_style:300%20light%20italic%3A300%3Aitalic&#8221;][\/vc_column][\/vc_row][vc_row][vc_column][vc_column_text]\n<hr \/>\n<p>&nbsp;<\/p>\n<p>Stare anti\u010dke civilizacije su imale duboko znanje o \u010dovekovoj psihologiji i postojanju. Mudre stare knjige pri\u010daju o dobroj mentalnoj nezi govore\u0107i pri tom da je \u010dovek smrtno telo ali da je njegova stvarna priroda besmrtno bi\u0107e.<\/p>\n<p>Misli dana\u0161njeg \u010doveka se uglavnom bave time kako da se vi\u0161e u\u0161tedi, kako da se do\u0111e do vi\u0161e ode\u0107e, mo\u017eda bolje \u010dokolade ili ve\u0107eg auta. Misli dana\u0161njeg \u010doveka se uglavnom vrte oko stvari materijalne prirode. Ali jo\u0161 je ve\u0107i problem u tome \u0161to \u010dovek misli da je on smrtno bi\u0107e.<\/p>\n<p>Kojim god mislima da je \u010dovek opsednut on se uvek mo\u017ee mnogo bolje ose\u0107ati ako bi dohvatio bilo koju od starih duhovnih knjiga i na \u010dasak uronio u njihove dubine. Nema, u su\u0161tini, danas ni\u010dega novog u istini o ljudskom umu i nije se, u su\u0161tini, od vremena hijeroglifa do danas ni\u0161ta posebno u ljudskom umu promenilo. Samo su problemi postali ve\u0107i i izgleda nere\u0161iviji.<\/p>\n<p>Stare knjige su tako vrlo inspirativne pri\u010de mada se mnoge od njih danas \u010desto smatraju misti\u010dnim upravo zato \u0161to je prose\u010dan \u010dovek obavijen velom neznanja i traganjem za materijalnim umesto za duhovnim. &#8220;Prose\u010dan&#8221; \u010dovek je pri tom \u010dovek svih inteligencija.<\/p>\n<p>Oslobo\u0111en um je um bilo kog \u010doveka oslobo\u0111enog od misli koje ga uni\u0161tavaju, od nestvarnih \u017eelja koja mu srce zarobljavaju, od dela koja mu u \u017eivot donose patnju, od mizerne po\u017eude za nerealnim koja mu dah skra\u0107uje sigurno, lagano i sa mnogo patnje.<\/p>\n<p>Bilo da neko tra\u017ei odgovor na pitanja o kosmosu, mu\u0161karcu i \u017eeni, bilo da tra\u017ei odgovor kako da se sna\u0111e u sopstvenom \u017eivotu sa sobom, drugima i sa prirodom, knjige kao \u0161to su <a href=\"https:\/\/bs.wikipedia.org\/wiki\/Ep_o_Gilgame\u0161u\"><span style=\"color: #800080;\">Ep o Gilgame\u0161u<\/span><\/a>, <a href=\"https:\/\/www.knjizara.com\/pdf\/145066.pdf\"><span style=\"color: #800080;\">Tibetanska knjiga mrtvih<\/span><\/a>, <a href=\"https:\/\/hr.wikipedia.org\/wiki\/Knjiga_mrtvih\"><span style=\"color: #800080;\">Egipatska knjiga mrtvih<\/span><\/a>, bilo koja Veda- Rigveda, Samaveda, Yajurveda, Atharvaveda, ili Yoga Sutra, pravi su izbor.[\/vc_column_text][\/vc_column][\/vc_row][vc_row][vc_column][vc_cta h2=&#8221;Yoga Sutra 2.44:&#8221; color=&#8221;turquoise&#8221;]\n<p>Kao rezultat studiranja, \u010dovek dosti\u017ee viziju o bo\u017eanstvu koje je izabrao da obo\u017eava.<\/p>\n[\/vc_cta][\/vc_column][\/vc_row][vc_row][vc_column][vc_column_text]Svako mo\u017ee da razume ovu Sutru (nit) Joge, zato \u0161to svaki \u010dovek ima neko svoje li\u010dno bo\u017eanstvo. Bez obzira koja je duhovna knjiga bli\u017ea njegovim predstavama o \u017eivotu, \u010dovek bi trebao da \u010dita te redove sa vrlo otvorenim umom.<\/p>\n<p>Samo-studiranje prou\u010davanjem starih tekstova se na jeziku Joge zove <em><span style=\"color: #800080;\">Svadhyaya.\u00a0<\/span><\/em><\/p>\n[\/vc_column_text][\/vc_column][\/vc_row][vc_row][vc_column][vc_custom_heading text=&#8221;Nije stvar u tome biti hodaju\u0107i citat&#8221; font_container=&#8221;tag:h2|text_align:center|color:%231ba2b7&#8243; google_fonts=&#8221;font_family:Ubuntu%3A300%2C300italic%2Cregular%2Citalic%2C500%2C500italic%2C700%2C700italic|font_style:300%20light%20italic%3A300%3Aitalic&#8221;][\/vc_column][\/vc_row][vc_row][vc_column][vc_column_text]\n<hr \/>\n<p>&nbsp;<\/p>\n<p><em>Svadhyaya<\/em> bukvalno zna\u010di <em>samo-studiranje<\/em>. Re\u010d <em>sva<\/em> zna\u010di &#8220;sam svoj, sopstvo&#8221;\u00a0 a <em>adhyaya<\/em> zna\u010di &#8220;studiranje, lekcija, skripta&#8221;. Svadhyaya se odnosi i na studiranje starih mudrosti uop\u0161teno.<\/p>\n<p>&nbsp;<\/p>\n<p>Ali studiranje definitivno nije u tome da se anti\u010dki tekstovi u\u010de napamet, da se re\u010denice u dru\u0161tvu ponosno ponavljaju i da se tako bude ni\u0161ta vi\u0161e nego citat koji hoda. Nije ni u tome da se sa tekstovima poistoveti ve\u0107 je studiranje \u010disto iskustvo refleksije tih re\u010di, istovremeno bivaju\u0107i odvojen od njih.<\/p>\n<p>Tekstovi su jedna stvar a li\u010dno iskustvo druga. Iskustvo je ono \u0161to donosi mudrost a ne mehani\u010dko \u010ditanje i pam\u0107enje.<\/p>\n<p>&nbsp;<\/p>\n<p>\u010covek danas mo\u017ee da na\u0111e mnogo knjiga po knji\u017earama ili na internetu. Mnoge su dodu\u0161e napisane sa masivnim neznanjem o onome o \u010demu pi\u0161u, kao \u0161to je Swami Vivekananda jednom rekao.<\/p>\n<p>&#8220;\u010covek bez pameti pro\u010dita tri slova na sanskritu pa prevede celu knjigu.&#8221;<\/p>\n<p>&nbsp;<\/p>\n<p>Kako god, ako niste sre\u0107ni da ove tekstove \u010ditate u originalu, \u010ditajte one prevode i komentare koji su napisani od znalca iskreno i decenijama posve\u0107enog temi.<\/p>\n<p>\u010covekov najbolji prijatelj pored psa zu definitivno knjige i njihovo \u010ditanje, oslu\u0161kivanje njihovih refleksija u ti\u0161ini. A ne samo gomilanje papira na policama za knjige da bi \u010dovek izgledao &#8220;sofisticiran kada mu do\u0111u gosti.&#8221;<\/p>\n[\/vc_column_text][\/vc_column][\/vc_row][vc_row][vc_column][vc_custom_heading text=&#8221;&#8220;U\u0107i unutra&#8220;&#8221; font_container=&#8221;tag:h2|text_align:center|color:%231ba2b7&#8243; google_fonts=&#8221;font_family:Ubuntu%3A300%2C300italic%2Cregular%2Citalic%2C500%2C500italic%2C700%2C700italic|font_style:300%20light%20italic%3A300%3Aitalic&#8221;][\/vc_column][\/vc_row][vc_row][vc_column][vc_column_text]\n<hr \/>\n<p>&nbsp;<\/p>\n<p>Biti zaglibljen u jednu jedinu knjigu bez sagledavanja daljine i raznolikosti ne \u010dini najbolje uro\u0111enoj mudrosti.<\/p>\n<p>&nbsp;<\/p>\n<p>Uvek je dobro \u010ditati, studirati, biti tolerantan i usvajati razli\u010dite duhovne knjige. <em>Adhyaya<\/em> tako\u0111e zna\u010di i &#8220;u\u0107i unutra&#8221;.<\/p>\n<p>Kako se \u010dovek duhovno razvija tako raste i njegova mo\u0107 razumevanja. Ali \u010dovek ne mo\u017ee duhovno da raste i poraste uz jednu jedinu knjigu.<\/p>\n<p>&nbsp;<\/p>\n<p>Kada se pa\u017enja slepo usmeri na samo jednu jedinu temu i um postaje su\u017eeniji.<\/p>\n<p>Kada je um su\u017een, su\u017eeno je i srce \u0161to, zaista, nije planirana misija \u010dovekovog postojanja. Su\u017eeni i um i srce mogu da dovedu (i neprestalno i dovode) do velike zbrke u svetu.<\/p>\n<p>Smisao \u010ditanja i studiranja duhovnih knjiga nije u tome da se postane slep i u prihvatanju pravila, formalnosti i dogme, ve\u0107 je u postavljanju pitanja. Nesiguran i pasivan traga\u010d uvek orobi svoj um i duh prate\u0107i jednog jedinog gurua (<em>&#8220;guru&#8221;<\/em> je onaj koji &#8220;skida mrak neznanja&#8221;), jedan sistem verovanja ili sistem rituala tog verovanja.<\/p>\n<p>Onaj ko slepo prati jednu jedinu ideju nije slobodan \u010dovek. Um takvog \u010doveka je nesiguran a duh netolerantan. Srce tako orobljenog \u010doveka ne mo\u017ee da se pokrene sa ta\u010dke njegovog smrznutog srca \u0161to mo\u017ee biti vrlo opasno i za njega samog i za celokupno \u010dove\u010danstvo i okru\u017eenje.<\/p>\n<p>Ljudi se u ovom trenutku kolju izme\u0111u sebe u ime naziva jedne knjige ili bolje- u ime pogre\u0161no shva\u0107enih poruka tih knjiga.<\/p>\n<p>&nbsp;<\/p>\n<p>Izbora uvek ima.<\/p>\n<p>Radite uporno na evoluciji razumevanja.<\/p>\n<p>Razumevanje ne dobija svoj pravi oblik preko no\u0107i, to je put korak-po-korak.<\/p>\n<p>Knjige su \u010dovekov najbolji prijatelj, ne najja\u010di neprijatelj.<\/p>\n[\/vc_column_text][\/vc_column][\/vc_row][vc_row][vc_column][vc_custom_heading text=&#8221;Beskorisno studiranje&#8221; font_container=&#8221;tag:h2|text_align:center|color:%231ba2b7&#8243; google_fonts=&#8221;font_family:Ubuntu%3A300%2C300italic%2Cregular%2Citalic%2C500%2C500italic%2C700%2C700italic|font_style:300%20light%20italic%3A300%3Aitalic&#8221;][\/vc_column][\/vc_row][vc_row][vc_column][vc_column_text]\n<hr \/>\n<p>&nbsp;<\/p>\n<p>Adi \u0160ankara ka\u017ee u svojoj <em>Vivekachudamani<\/em> da:<\/p>\n<p>&nbsp;<\/p>\n<p>&#8220;Studiranje (starih) tekstova je beskorisno ukoliko je najvi\u0161a istina nepoznata i jednako je beskorisno kada je najvi\u0161a istina ve\u0107 (s)poznata.&#8221;<\/p>\n<p>&nbsp;<\/p>\n<p>Mnoge anti\u010dke knjige su, ustvari, napisane za one koji su ve\u0107 prevazi\u0161li ni\u017ei\u00a0um a ni\u017ei um je um koji ne zna, i za mnoge ove stare knjige ostaju nerazumljive.<\/p>\n<p>Lako se mo\u017ee desiti da se (nepripremljen) \u010dovek izgubi u moru informacija. Jednom prose\u010dnom umu ne pada lako da primi sve te informacije.<\/p>\n<p><img loading=\"lazy\" class=\"alignright size-medium wp-image-5367\" src=\"https:\/\/i2.wp.com\/yogajagat.com\/wp-content\/uploads\/2020\/02\/DSC00464-225x300.jpg?resize=225%2C300\" alt=\"\u010dovekov najbolji prijatelj\" width=\"225\" height=\"300\" srcset=\"https:\/\/i2.wp.com\/yogajagat.com\/wp-content\/uploads\/2020\/02\/DSC00464.jpg?resize=225%2C300&amp;ssl=1 225w, https:\/\/i2.wp.com\/yogajagat.com\/wp-content\/uploads\/2020\/02\/DSC00464.jpg?w=480&amp;ssl=1 480w\" sizes=\"(max-width: 225px) 100vw, 225px\" data-recalc-dims=\"1\" \/><\/p>\n<p>&nbsp;<\/p>\n<p>Ako \u010ditamo knjige ne zna\u010di i da imamo znanje.<\/p>\n<p>Mudrost defintivno ne dolazi od samog \u010ditanja knjiga.<\/p>\n<p>\u010cak ni mudrost sama nije realizacija vi\u0161e Istine.<\/p>\n<p>Koliko ljudi znate koji su realizovali vi\u0161u Istinu?<\/p>\n<p>&nbsp;<\/p>\n<p>Toliko jogija poznajete.<\/p>\n<p>&nbsp;<\/p>\n<p>&nbsp;<\/p>\n<p>Postoji jedan jednostavan jogi\u010dki trik kako osloboditi um iz okova konzervativnosti.<\/p>\n<p>Jednostavno ponavljajte u sebi <em>pranava mantru<\/em>.<\/p>\n<p><em>Pranava<\/em> je <a href=\"https:\/\/yogajagat.com\/sr\/zvuk-srca-zvuk-om-simbol-duse\/\"><span style=\"color: #993300;\">atmosfersko-kosmi\u010dki zvuk<\/span><\/a> OM-a. A mantra \u00a0je definisana kao:<\/p>\n<p>&nbsp;<\/p>\n<p><em>mananat trayate iti mantraha<\/em>\u00a0\u0161to zna\u010di &#8220;ono \u0161to osloba\u0111a um je mantra&#8221;.[\/vc_column_text][\/vc_column][\/vc_row][vc_row][vc_column][vc_cta h2=&#8221;Yoga Sutra 2.1:&#8221; color=&#8221;turquoise&#8221;]\n<p>Uzdr\u017eavanje (<em>tapas<\/em>), studiranje (<em>svadhyaya<\/em>) i posve\u0107enost plodova rada Uzvi\u0161enom (<em>ishvara-pranidhan<\/em>a) su uvodni koraci prema Jogi.<\/p>\n[\/vc_cta][\/vc_column][\/vc_row]\n","protected":false},"excerpt":{"rendered":"<p>[vc_row][vc_column][vc_column_text]<\/p>\n<p>PORED PSA, NAJBOLJI \u010cOVEKOV PRIJATELJ SU KNJIGE<br \/>\nI ti\u0161ina.<br \/>\n[\/vc_column_text][\/vc_column][\/vc_row][vc_row][vc_column][vc_column_text]<\/p>\n<p>&nbsp;<br \/>\nTekst\u00a0Knjige su \u010dovekov najbolji prijatelj pored psa je nastavak teksta o kvalitetu \u017eivota i o\u00a0menjanju starih, umornih navika i kreiranju novih, otmenih.<br \/>\n&nbsp;<br \/>\nAko \u010dovek ho\u0107e vi\u0161e da sazna o tome da li je i kako knjiga najbolji \u010dovekov prijatelj pored psa, mo\u017ee da posmatra svog psa.<br \/>\nOn sedi mirno, posmatra okolo, razmi\u0161lja, istra\u017euje poteze ljudi, njihovu ti\u0161inu, tugu ili jecaj, \u010deka na hranu, \u010deka da &#8230;<\/p>\n","protected":false},"author":1,"featured_media":0,"parent":0,"menu_order":0,"comment_status":"closed","ping_status":"closed","template":"template-full-width.php","meta":{"_bbp_topic_count":0,"_bbp_reply_count":0,"_bbp_total_topic_count":0,"_bbp_total_reply_count":0,"_bbp_voice_count":0,"_bbp_anonymous_reply_count":0,"_bbp_topic_count_hidden":0,"_bbp_reply_count_hidden":0,"_bbp_forum_subforum_count":0,"inline_featured_image":false,"spay_email":""},"translation":{"provider":"WPGlobus","version":"3.0.1","language":"sr","enabled_languages":["en","de","sr"],"languages":{"en":{"title":true,"content":true,"excerpt":false},"de":{"title":true,"content":true,"excerpt":false},"sr":{"title":true,"content":true,"excerpt":false}}},"yoast_head":"<!-- This site is optimized with the Yoast SEO plugin v18.3 - https:\/\/yoast.com\/wordpress\/plugins\/seo\/ -->\n<title>Knjige \u010dovekov najbolji prijatelj - Lepota promene<\/title>\n<meta name=\"description\" content=\"Pored psa, \u010dovekov najbolji prijatelj su knjige. Za\u0161to treba usvajati razli\u010dite duhovne knjige. Kako oslu\u0161kivati refleksiju starih mudrosti...\" \/>\n<meta name=\"robots\" content=\"index, follow, max-snippet:-1, max-image-preview:large, max-video-preview:-1\" \/>\n<link rel=\"canonical\" href=\"https:\/\/yogajagat.com\/mans-best-friend-besides-a-dog\/\" \/>\n<meta name=\"twitter:label1\" content=\"Est. reading time\" \/>\n\t<meta name=\"twitter:data1\" content=\"20 minutes\" \/>\n<script type=\"application\/ld+json\" class=\"yoast-schema-graph\">{\"@context\":\"https:\/\/schema.org\",\"@graph\":[{\"@type\":\"Organization\",\"@id\":\"https:\/\/yogajagat.com\/#organization\",\"name\":\"Yogajagat\",\"url\":\"https:\/\/yogajagat.com\/\",\"sameAs\":[],\"logo\":{\"@type\":\"ImageObject\",\"@id\":\"https:\/\/yogajagat.com\/#logo\",\"inLanguage\":\"sr\",\"url\":\"https:\/\/i1.wp.com\/yogajagat.com\/wp-content\/uploads\/2019\/03\/DSC08478-Kopie-1.jpg?fit=798%2C800&ssl=1\",\"contentUrl\":\"https:\/\/i1.wp.com\/yogajagat.com\/wp-content\/uploads\/2019\/03\/DSC08478-Kopie-1.jpg?fit=798%2C800&ssl=1\",\"width\":798,\"height\":800,\"caption\":\"Yogajagat\"},\"image\":{\"@id\":\"https:\/\/yogajagat.com\/#logo\"}},{\"@type\":\"WebSite\",\"@id\":\"https:\/\/yogajagat.com\/#website\",\"url\":\"https:\/\/yogajagat.com\/\",\"name\":\"Lepota promene\",\"description\":\"Neprestanom promenom do najlepseg zivotnog iskustva\",\"publisher\":{\"@id\":\"https:\/\/yogajagat.com\/#organization\"},\"potentialAction\":[{\"@type\":\"SearchAction\",\"target\":{\"@type\":\"EntryPoint\",\"urlTemplate\":\"https:\/\/yogajagat.com\/?s={search_term_string}\"},\"query-input\":\"required name=search_term_string\"}],\"inLanguage\":\"sr\"},{\"@type\":\"ImageObject\",\"@id\":\"https:\/\/yogajagat.com\/mans-best-friend-besides-a-dog\/#primaryimage\",\"inLanguage\":\"sr\",\"url\":\"http:\/\/yogajagat.com\/wp-content\/uploads\/2020\/01\/DSC00188.jpg\",\"contentUrl\":\"http:\/\/yogajagat.com\/wp-content\/uploads\/2020\/01\/DSC00188.jpg\"},{\"@type\":\"WebPage\",\"@id\":\"https:\/\/yogajagat.com\/mans-best-friend-besides-a-dog\/#webpage\",\"url\":\"https:\/\/yogajagat.com\/mans-best-friend-besides-a-dog\/\",\"name\":\"Knjige \u010dovekov najbolji prijatelj - Lepota promene\",\"isPartOf\":{\"@id\":\"https:\/\/yogajagat.com\/#website\"},\"primaryImageOfPage\":{\"@id\":\"https:\/\/yogajagat.com\/mans-best-friend-besides-a-dog\/#primaryimage\"},\"datePublished\":\"2019-07-17T19:00:04+00:00\",\"dateModified\":\"2020-04-19T12:59:14+00:00\",\"description\":\"Pored psa, \u010dovekov najbolji prijatelj su knjige. Za\u0161to treba usvajati razli\u010dite duhovne knjige. Kako oslu\u0161kivati refleksiju starih mudrosti...\",\"breadcrumb\":{\"@id\":\"https:\/\/yogajagat.com\/mans-best-friend-besides-a-dog\/#breadcrumb\"},\"inLanguage\":\"sr\",\"potentialAction\":[{\"@type\":\"ReadAction\",\"target\":[\"https:\/\/yogajagat.com\/mans-best-friend-besides-a-dog\/\"]}]},{\"@type\":\"BreadcrumbList\",\"@id\":\"https:\/\/yogajagat.com\/mans-best-friend-besides-a-dog\/#breadcrumb\",\"itemListElement\":[{\"@type\":\"ListItem\",\"position\":1,\"name\":\"Home\",\"item\":\"https:\/\/yogajagat.com\/sr\/\"},{\"@type\":\"ListItem\",\"position\":2,\"name\":\"Man&#8217;s Best Friend Besides a Dog\"}]}]}<\/script>\n<!-- \/ Yoast SEO plugin. -->","yoast_head_json":{"title":"Knjige \u010dovekov najbolji prijatelj - Lepota promene","description":"Pored psa, \u010dovekov najbolji prijatelj su knjige. Za\u0161to treba usvajati razli\u010dite duhovne knjige. Kako oslu\u0161kivati refleksiju starih mudrosti...","robots":{"index":"index","follow":"follow","max-snippet":"max-snippet:-1","max-image-preview":"max-image-preview:large","max-video-preview":"max-video-preview:-1"},"canonical":"https:\/\/yogajagat.com\/mans-best-friend-besides-a-dog\/","twitter_misc":{"Est. reading time":"20 minutes"},"schema":{"@context":"https:\/\/schema.org","@graph":[{"@type":"Organization","@id":"https:\/\/yogajagat.com\/#organization","name":"Yogajagat","url":"https:\/\/yogajagat.com\/","sameAs":[],"logo":{"@type":"ImageObject","@id":"https:\/\/yogajagat.com\/#logo","inLanguage":"sr","url":"https:\/\/i1.wp.com\/yogajagat.com\/wp-content\/uploads\/2019\/03\/DSC08478-Kopie-1.jpg?fit=798%2C800&ssl=1","contentUrl":"https:\/\/i1.wp.com\/yogajagat.com\/wp-content\/uploads\/2019\/03\/DSC08478-Kopie-1.jpg?fit=798%2C800&ssl=1","width":798,"height":800,"caption":"Yogajagat"},"image":{"@id":"https:\/\/yogajagat.com\/#logo"}},{"@type":"WebSite","@id":"https:\/\/yogajagat.com\/#website","url":"https:\/\/yogajagat.com\/","name":"Lepota promene","description":"Neprestanom promenom do najlepseg zivotnog iskustva","publisher":{"@id":"https:\/\/yogajagat.com\/#organization"},"potentialAction":[{"@type":"SearchAction","target":{"@type":"EntryPoint","urlTemplate":"https:\/\/yogajagat.com\/?s={search_term_string}"},"query-input":"required name=search_term_string"}],"inLanguage":"sr"},{"@type":"ImageObject","@id":"https:\/\/yogajagat.com\/mans-best-friend-besides-a-dog\/#primaryimage","inLanguage":"sr","url":"http:\/\/yogajagat.com\/wp-content\/uploads\/2020\/01\/DSC00188.jpg","contentUrl":"http:\/\/yogajagat.com\/wp-content\/uploads\/2020\/01\/DSC00188.jpg"},{"@type":"WebPage","@id":"https:\/\/yogajagat.com\/mans-best-friend-besides-a-dog\/#webpage","url":"https:\/\/yogajagat.com\/mans-best-friend-besides-a-dog\/","name":"Knjige \u010dovekov najbolji prijatelj - Lepota promene","isPartOf":{"@id":"https:\/\/yogajagat.com\/#website"},"primaryImageOfPage":{"@id":"https:\/\/yogajagat.com\/mans-best-friend-besides-a-dog\/#primaryimage"},"datePublished":"2019-07-17T19:00:04+00:00","dateModified":"2020-04-19T12:59:14+00:00","description":"Pored psa, \u010dovekov najbolji prijatelj su knjige. Za\u0161to treba usvajati razli\u010dite duhovne knjige. Kako oslu\u0161kivati refleksiju starih mudrosti...","breadcrumb":{"@id":"https:\/\/yogajagat.com\/mans-best-friend-besides-a-dog\/#breadcrumb"},"inLanguage":"sr","potentialAction":[{"@type":"ReadAction","target":["https:\/\/yogajagat.com\/mans-best-friend-besides-a-dog\/"]}]},{"@type":"BreadcrumbList","@id":"https:\/\/yogajagat.com\/mans-best-friend-besides-a-dog\/#breadcrumb","itemListElement":[{"@type":"ListItem","position":1,"name":"Home","item":"https:\/\/yogajagat.com\/sr\/"},{"@type":"ListItem","position":2,"name":"Man&#8217;s Best Friend Besides a Dog"}]}]}},"_links":{"self":[{"href":"https:\/\/yogajagat.com\/sr\/wp-json\/wp\/v2\/pages\/2247"}],"collection":[{"href":"https:\/\/yogajagat.com\/sr\/wp-json\/wp\/v2\/pages"}],"about":[{"href":"https:\/\/yogajagat.com\/sr\/wp-json\/wp\/v2\/types\/page"}],"author":[{"embeddable":true,"href":"https:\/\/yogajagat.com\/sr\/wp-json\/wp\/v2\/users\/1"}],"replies":[{"embeddable":true,"href":"https:\/\/yogajagat.com\/sr\/wp-json\/wp\/v2\/comments?post=2247"}],"version-history":[{"count":28,"href":"https:\/\/yogajagat.com\/sr\/wp-json\/wp\/v2\/pages\/2247\/revisions"}],"predecessor-version":[{"id":5822,"href":"https:\/\/yogajagat.com\/sr\/wp-json\/wp\/v2\/pages\/2247\/revisions\/5822"}],"wp:attachment":[{"href":"https:\/\/yogajagat.com\/sr\/wp-json\/wp\/v2\/media?parent=2247"}],"curies":[{"name":"wp","href":"https:\/\/api.w.org\/{rel}","templated":true}]}}