{"id":2245,"date":"2019-07-16T22:32:40","date_gmt":"2019-07-16T21:32:40","guid":{"rendered":"http:\/\/yogajagat.com\/?page_id=2245"},"modified":"2020-04-18T21:22:02","modified_gmt":"2020-04-18T19:22:02","slug":"sluggish-lazy-mind-and-yes-i-can","status":"publish","type":"page","link":"https:\/\/yogajagat.com\/sr\/lenjost-uma-i-samoodlucnost\/","title":{"rendered":"Lenjost uma i Da, Mogu!"},"content":{"rendered":"[vc_row][vc_column][vc_column_text]\n<h3 style=\"text-align: center;\"><span style=\"color: #993300;\">LENJOST UMA<\/span><\/h3>\n<h4 style=\"text-align: center;\"><span style=\"color: #33cccc;\">i kako da \u010dovek prevazi\u0111e tu mor\u017eovsku naviku<\/span><\/h4>\n<hr \/>\n<p>&nbsp;<\/p>\n<p style=\"text-align: left;\">Tekst <em>LENJOST UMA<\/em>\u00a0je deo teksta o <span style=\"color: #993300;\">tome <a style=\"color: #993300;\" href=\"https:\/\/yogajagat.com\/sr\/menjanje-navika-i-kreiranje-otmenosti\/\">kako promeniti stare bajate navike<\/a><\/span> i postati otmen \u010dovek.<\/p>\n<p>&nbsp;<\/p>\n<p><img loading=\"lazy\" class=\"aligncenter wp-image-1974\" src=\"https:\/\/i0.wp.com\/yogajagat.com\/wp-content\/uploads\/2018\/06\/DSC08708-1.jpg?resize=604%2C453\" alt=\"lenjost uma\" width=\"604\" height=\"453\" srcset=\"https:\/\/i0.wp.com\/yogajagat.com\/wp-content\/uploads\/2018\/06\/DSC08708-1.jpg?w=1024&amp;ssl=1 1024w, https:\/\/i0.wp.com\/yogajagat.com\/wp-content\/uploads\/2018\/06\/DSC08708-1.jpg?resize=300%2C225&amp;ssl=1 300w, https:\/\/i0.wp.com\/yogajagat.com\/wp-content\/uploads\/2018\/06\/DSC08708-1.jpg?resize=768%2C576&amp;ssl=1 768w\" sizes=\"(max-width: 604px) 100vw, 604px\" data-recalc-dims=\"1\" \/><\/p>\n<p>&nbsp;<\/p>\n<p>U prirodi nikada ni\u0161ta ne miruje. Sve se kre\u0107e, svaka \u010destica u atmosferi je vredna, svaka biljka se otvara i zatvara, svaka \u017eivotinja tra\u017ei, flertuje, ne prestaje da se kre\u0107e. Pas ne voli samo da sedi i \u010deka. Veverica neumorno vodi bitke sa \u0161ojkama i kosovima za svoj kikiriki ili orah, detli\u0107 ne prestaje da gradi svoje pe\u0107inice za njegovu novu \u017eenku, pa zamislite samo, \u017eivo stvorenjce niti 80g te\u0161ko a u samo jednoj sekundi on udari do dvadeset puta u svoj bubanj od praznog stabla drveta. A tek indijske guske koje prele\u0107u vi\u0161e od osam hiljada metara visoke Himalaje, po svim prilikama atmosfere na\u0161e planete&#8230;<\/p>\n<p>Ni voda ne prestaje da se pretvara iz jednog stanja u drugo, sada je okean, sada je ki\u0161a, sada grad ili para. \u010cak i kada ispari, voda postaje ne\u0161to.\u00a0Vetar neumorno prebacuje gomile \u010destica sa jedne strane na drugu, svaka \u010destica i <a href=\"https:\/\/yogajagat.com\/sr\/prana-i-pet-slojeva-energetskog-tela\/\"><span style=\"color: #993300;\">prana<\/span><\/a> su, dakle, u prirodi neprestano vredni i nikada nemaju izgovor za\u0161to ne bi bili vredni. Samo \u010dovekov um uvek nalazi izgovor za\u0161to <em>ne danas <\/em>iako se smatra najrazvijenijom masom na na\u0161oj planeti. Lenjost uma je odlika ve\u0107ine ljudi na Zemlji.[\/vc_column_text][\/vc_column][\/vc_row][vc_row][vc_column][vc_custom_heading text=&#8221;Svaki ljudski um ima svoje \u0161ablone, navike, lenjost&#8221; font_container=&#8221;tag:h2|text_align:center|color:%231ba2b7&#8243; google_fonts=&#8221;font_family:Ubuntu%3A300%2C300italic%2Cregular%2Citalic%2C500%2C500italic%2C700%2C700italic|font_style:300%20light%20italic%3A300%3Aitalic&#8221;][\/vc_column][\/vc_row][vc_row][vc_column][vc_column_text]\n<hr \/>\n<p>&nbsp;<\/p>\n<p>I svakom umu je poznato ono &#8220;<em>sutra \u0107u<\/em>.&#8221;<\/p>\n<p>I svaki um se pre ili kasnije dobro napatio iz razloga \u0161to se to &#8220;<em>sutra<\/em>&#8220;, sasvim prirodno, namno\u017eava samo od sebe. I tako \u017eivot na kraju ne postane ni\u0161ta drugo nego gomila opravdanja svoje sopstvene lenjosti.<\/p>\n<p>Ukoliko ste ve\u0107 uve\u017ebani u tra\u017eenju opravdanja, za takvu delatnost \u0107e vam, prirodno, biti potrebno manje vremena nego nekome ko u tome jo\u0161 nije toliko vi\u010dan kao vi. Neve\u0161tom \u010doveku \u0107e mo\u017eda trebati minut ili dva da prona\u0111e opravdanje za\u0161to &#8220;<em>ne mogu sada, sutra \u0107u<\/em>.&#8221; Neverovatno kako je svaki \u010dovek ma\u0161tovit i kreativan onda kada nalazi izgovor za\u0161to <em>ne sada<\/em>. I kako je neverovatno brz u toj akciji, i onaj uve\u017eban i onaj manje ve\u0161t.<\/p>\n<p>Ali ako ve\u0107 (po)tro\u0161ite dva minuta na opravdanje lenjosti, probajte ne\u0161to novo: iza\u0111ite lepo napolje (i terasa je napolju) na dva minuta, ska\u010dite, protegnite se, ili sedite mirno ta dva minuta, zatvorite o\u010di i stavite vrhove ka\u017eiprsta i palca jedan na drugi, ili dodirnite prvo drvo ili prvu biljku pored vas, ili praktikujte pozdrav suncu ta dva minuta ili \u010dak i jedan minut. Uradite <em>ne\u0161to korisno<\/em>, za vas same ne za druge.<\/p>\n<p><img loading=\"lazy\" class=\"alignright size-medium wp-image-5206\" src=\"https:\/\/i2.wp.com\/yogajagat.com\/wp-content\/uploads\/2020\/02\/1382809_10151887292927512_1626140332_n-300x169.jpg?resize=300%2C169\" alt=\"lenjost uma\" width=\"300\" height=\"169\" srcset=\"https:\/\/i2.wp.com\/yogajagat.com\/wp-content\/uploads\/2020\/02\/1382809_10151887292927512_1626140332_n.jpg?resize=300%2C169&amp;ssl=1 300w, https:\/\/i2.wp.com\/yogajagat.com\/wp-content\/uploads\/2020\/02\/1382809_10151887292927512_1626140332_n.jpg?resize=768%2C432&amp;ssl=1 768w, https:\/\/i2.wp.com\/yogajagat.com\/wp-content\/uploads\/2020\/02\/1382809_10151887292927512_1626140332_n.jpg?w=960&amp;ssl=1 960w\" sizes=\"(max-width: 300px) 100vw, 300px\" data-recalc-dims=\"1\" \/><\/p>\n<p>&nbsp;<\/p>\n<p>Uradite ne\u0161to \u0161to je sasvim suprotno od va\u0161e utabane lenjosti, ali radite to svaki dan.<\/p>\n<p>To se zove <em>trud<\/em>.<\/p>\n<p>&nbsp;<\/p>\n<p>Nijedan trud nije odvojen od muke i po\u017ertvovanja \u0161to zna\u010di, da biste probudili tromu lenjost, treba da \u017ertvujete i svoj um.<\/p>\n<p>&nbsp;<\/p>\n<p>Ljutite se kad \u010dekate na druge a i vi sami \u010dekate.<br \/>\nKako to, koga to? \u010cekate nekoga da vas u\u010dini sre\u0107nijim?<\/p>\n<p>Razo\u010dara\u0107u vas, nikada to ne\u0107ete do\u010dekati.<\/p>\n<p>&nbsp;<\/p>\n<p>Kada se jednom um probudi i osvesti, u duh se useljava jaka snaga volje. U takvom duhu ima dosta slobodnih mesta za novo, za \u010distije, za manje bolno jer je lenjost jedna beskorisna tvorevina koja boli.[\/vc_column_text][\/vc_column][\/vc_row][vc_row][vc_column][vc_custom_heading text=&#8221;Vatra koja gori&#8221; font_container=&#8221;tag:h2|text_align:center|color:%231ba2b7&#8243; google_fonts=&#8221;font_family:Ubuntu%3A300%2C300italic%2Cregular%2Citalic%2C500%2C500italic%2C700%2C700italic|font_style:300%20light%20italic%3A300%3Aitalic&#8221;][\/vc_column][\/vc_row][vc_row][vc_column][vc_column_text]\n<hr \/>\n<p>&nbsp;<\/p>\n<p>Kada se pokrene mo\u0107na kurbla u smrtno lenjom umu, de\u0161ava se kraj i novi po\u010detak.<\/p>\n<p>I trud i unutra\u0161nje po\u017ertvovanje osloba\u0111aju i sre\u0107u, i energiju. Sre\u0107a jeste energija. Ta energija spaljuje sve ne\u010disto\u0107e.<\/p>\n<p>&nbsp;<\/p>\n<p>Ako ustanete i pomerite se od va\u0161e u\u010dmale lenjosti sagore\u0107ete i mentalno sme\u0107e u glavi. Jedna vatra uvek potpaljuje drugu.<\/p>\n<p>Mentalna vatra tako ulazi u rat sa emocionalnim ne\u010disto\u0107ama i igra je gotova: preovlada\u0107e jasno razmi\u0161ljanje i samokontrola. Pri tom mentalna vatra nije sva\u0111a sa samim sobom ili sa drugima. Jasno razmi\u0161ljanje i samokontrola nisu scene sa kulisama. Sve su ovo vrlo jasne i konkretne stvari.<\/p>\n<p>&nbsp;<\/p>\n<p>\u010cisto\u0107a je uvek dobra prilika za mirno\u0107u duha.<\/p>\n<p>Mirno\u0107a duha budi nove unutra\u0161nje snage.[\/vc_column_text][\/vc_column][\/vc_row][vc_row][vc_column][vc_custom_heading text=&#8221;Jogi\u010dki tekst o novonastaloj vatri&#8221; font_container=&#8221;tag:h2|text_align:center|color:%231ba2b7&#8243; google_fonts=&#8221;font_family:Ubuntu%3A300%2C300italic%2Cregular%2Citalic%2C500%2C500italic%2C700%2C700italic|font_style:300%20light%20italic%3A300%3Aitalic&#8221;][\/vc_column][\/vc_row][vc_row][vc_column][vc_column_text]\n<hr \/>\n<p>&nbsp;<\/p>\n<p>Joga je prva nauka o \u010doveku a tekstovi te nauke daju mnogo korisnih saveta koji su va\u017eili za \u010doveka od kada je \u010dovek postao- \u010dovek.<\/p>\n<p>Ta goru\u0107a vatra se u Jogi naziva <span style=\"color: #800080;\"><em>Tapas.<\/em><\/span><\/p>\n<p>Ta ve\u010dita borba izme\u0111u <em>izvini, ume moj, ne mogu danas<\/em> i <em>da, mogu!<\/em>\u00a0 je stroga i primoravaju\u0107a ali ta borba bodri i ja\u010da smrtno lenj um. I donosi ogromnu izdr\u017eljivost i slobodu koje su, posle svega, prave poslastice.<\/p>\n<p>Ukoliko se odlu\u010dite da praktikujete<a href=\"https:\/\/yogajagat.com\/sr\/joga-polozaji-tela-izvodenje-joga-asana\/\"> <span style=\"color: #800080;\">asanu ili dve<\/span><\/a>, taj minut ili dva, \u010dinite to istrajno.<\/p>\n<p><em>Napomena: ipak pre nego \u0161to nastavite sa ovom praksom, proverite\u00a0na stranicama ove obimne knjige-web stranice od <a href=\"https:\/\/yogajagat.com\/sr\/ujedinjenje-jedinstvo-dna-joga\/\"><span style=\"color: #993300;\">ove <\/span><\/a>do poslednje koju mo\u017eete videti na desnoj strani ovog web sajta da li je i vas tragi\u010dno shvatanje Joge kao trenutno najve\u0107i i najnemoralniji biznis na Zemlji odveo na potpuno pogre\u0161ni kolosek ili ne. \u010cak i ako ste usavr\u0161ili Jedinstvo Joge, \u010ditajte ove stranice.<\/em><\/p>\n<p>Ukoliko se i time mu\u010dite, onda se mu\u010dite iskreno, predano, svesno, sa punom samo-odgovorno\u0161\u0107u i sa velikom snagom volje za promenu i izazov.<\/p>\n<p>&nbsp;<\/p>\n<p>Svaka tortura uma i tela zatvara srce. Svaka nova tortura navla\u010di nove oblake na ljudsko srce.<\/p>\n<p>A svrha \u017eivota je otvaranje srca \u0161to zna\u010di biti u skladu sa vi\u0161om sve\u0161\u0107u, vi\u0161om istinom, vi\u0161im znanjem i stvarno\u0161\u0107u. Zna\u010di biti povezan sa izvorom.<\/p>\n<p>&nbsp;<\/p>\n<p>Re\u010d <em>tapas<\/em> zna\u010di:<\/p>\n<p>toplota, vatra, (<em>pa\u1e45\u0107a tap\u0101\u1e49si<\/em>, pet vatri kojima je asket izlo\u017een u toploj sezoni, tj. \u010detiri vatre koje gore u nekoliko \u010detvrti i sunce koje gori odozgo), bol, patnja, religiozno uzdr\u017eavanje, pokor, pokajanje, poniznost, praktikovanje mentalnog ili li\u010dnog samoodricanja ili nametanje telesnih muka, meditacija povezana sa ovim praktikovanjima, moralna vrlina, zasluga.<\/p>\n<p>(li\u010dni prevod iz re\u010dnika Molliera Williamsa)<\/p>\n<p>Na vama je da li \u0107ete se izboriti sa ovom vatrom ili \u0107e lenjost uma sagoreti va\u0161u, jo\u0161 uvek itekako, \u017eivu kreativnost.<\/p>\n[\/vc_column_text][\/vc_column][\/vc_row][vc_row][vc_column][vc_cta h2=&#8221;Joga Sutra 2.43:&#8221; color=&#8221;turquoise&#8221;]Kao rezultat poniznosti, ne\u010disto\u0107e bivaju otklonjene. Tada u telo i \u010dulne organe ulaze nove mo\u0107i.[\/vc_cta][\/vc_column][\/vc_row][vc_row][vc_column][vc_column_text]<img loading=\"lazy\" class=\"aligncenter size-full wp-image-5111\" src=\"https:\/\/i0.wp.com\/yogajagat.com\/wp-content\/uploads\/2020\/02\/DSC02408.jpg?resize=640%2C450\" alt=\"lenjost uma\" width=\"640\" height=\"450\" srcset=\"https:\/\/i0.wp.com\/yogajagat.com\/wp-content\/uploads\/2020\/02\/DSC02408.jpg?w=640&amp;ssl=1 640w, https:\/\/i0.wp.com\/yogajagat.com\/wp-content\/uploads\/2020\/02\/DSC02408.jpg?resize=300%2C211&amp;ssl=1 300w\" sizes=\"(max-width: 640px) 100vw, 640px\" data-recalc-dims=\"1\" \/>[\/vc_column_text][\/vc_column][\/vc_row]\n","protected":false},"excerpt":{"rendered":"<p>[vc_row][vc_column][vc_column_text]<br \/>\nLENJOST UMA<br \/>\ni kako da \u010dovek prevazi\u0111e tu mor\u017eovsku naviku<\/p>\n<p>&nbsp;<br \/>\nTekst LENJOST UMA\u00a0je deo teksta o tome kako promeniti stare bajate navike i postati otmen \u010dovek.<br \/>\n&nbsp;<\/p>\n<p>&nbsp;<br \/>\nU prirodi nikada ni\u0161ta ne miruje. Sve se kre\u0107e, svaka \u010destica u atmosferi je vredna, svaka biljka se otvara i zatvara, svaka \u017eivotinja tra\u017ei, flertuje, ne prestaje da se kre\u0107e. Pas ne voli samo da sedi i \u010deka. Veverica neumorno vodi bitke sa \u0161ojkama i kosovima za svoj &#8230;<\/p>\n","protected":false},"author":1,"featured_media":0,"parent":0,"menu_order":0,"comment_status":"closed","ping_status":"closed","template":"template-full-width.php","meta":{"_bbp_topic_count":0,"_bbp_reply_count":0,"_bbp_total_topic_count":0,"_bbp_total_reply_count":0,"_bbp_voice_count":0,"_bbp_anonymous_reply_count":0,"_bbp_topic_count_hidden":0,"_bbp_reply_count_hidden":0,"_bbp_forum_subforum_count":0,"inline_featured_image":false,"spay_email":""},"translation":{"provider":"WPGlobus","version":"3.0.1","language":"sr","enabled_languages":["en","de","sr"],"languages":{"en":{"title":true,"content":true,"excerpt":false},"de":{"title":true,"content":true,"excerpt":false},"sr":{"title":true,"content":true,"excerpt":false}}},"yoast_head":"<!-- This site is optimized with the Yoast SEO plugin v18.3 - https:\/\/yoast.com\/wordpress\/plugins\/seo\/ -->\n<title>Lenjost uma i Da, Mogu! - Lepota promene<\/title>\n<meta name=\"description\" content=\"Odakle tolika lenjost uma, kako je savladati. Trud i (po)\u017ertvovanje osloba\u0111aju i sre\u0107u i energiju. Sre\u0107a jeste energija. Trud proizvodi vatru, vatra...\" \/>\n<meta name=\"robots\" content=\"index, follow, max-snippet:-1, max-image-preview:large, max-video-preview:-1\" \/>\n<link rel=\"canonical\" href=\"https:\/\/yogajagat.com\/sluggish-lazy-mind-and-yes-i-can\/\" \/>\n<meta name=\"twitter:label1\" content=\"Est. reading time\" \/>\n\t<meta name=\"twitter:data1\" content=\"13 minutes\" \/>\n<script type=\"application\/ld+json\" class=\"yoast-schema-graph\">{\"@context\":\"https:\/\/schema.org\",\"@graph\":[{\"@type\":\"Organization\",\"@id\":\"https:\/\/yogajagat.com\/#organization\",\"name\":\"Yogajagat\",\"url\":\"https:\/\/yogajagat.com\/\",\"sameAs\":[],\"logo\":{\"@type\":\"ImageObject\",\"@id\":\"https:\/\/yogajagat.com\/#logo\",\"inLanguage\":\"sr\",\"url\":\"https:\/\/i1.wp.com\/yogajagat.com\/wp-content\/uploads\/2019\/03\/DSC08478-Kopie-1.jpg?fit=798%2C800&ssl=1\",\"contentUrl\":\"https:\/\/i1.wp.com\/yogajagat.com\/wp-content\/uploads\/2019\/03\/DSC08478-Kopie-1.jpg?fit=798%2C800&ssl=1\",\"width\":798,\"height\":800,\"caption\":\"Yogajagat\"},\"image\":{\"@id\":\"https:\/\/yogajagat.com\/#logo\"}},{\"@type\":\"WebSite\",\"@id\":\"https:\/\/yogajagat.com\/#website\",\"url\":\"https:\/\/yogajagat.com\/\",\"name\":\"Lepota promene\",\"description\":\"Neprestanom promenom do najlepseg zivotnog iskustva\",\"publisher\":{\"@id\":\"https:\/\/yogajagat.com\/#organization\"},\"potentialAction\":[{\"@type\":\"SearchAction\",\"target\":{\"@type\":\"EntryPoint\",\"urlTemplate\":\"https:\/\/yogajagat.com\/?s={search_term_string}\"},\"query-input\":\"required name=search_term_string\"}],\"inLanguage\":\"sr\"},{\"@type\":\"ImageObject\",\"@id\":\"https:\/\/yogajagat.com\/sluggish-lazy-mind-and-yes-i-can\/#primaryimage\",\"inLanguage\":\"sr\",\"url\":\"http:\/\/yogajagat.com\/wp-content\/uploads\/2018\/06\/DSC08708-1.jpg\",\"contentUrl\":\"http:\/\/yogajagat.com\/wp-content\/uploads\/2018\/06\/DSC08708-1.jpg\"},{\"@type\":\"WebPage\",\"@id\":\"https:\/\/yogajagat.com\/sluggish-lazy-mind-and-yes-i-can\/#webpage\",\"url\":\"https:\/\/yogajagat.com\/sluggish-lazy-mind-and-yes-i-can\/\",\"name\":\"Lenjost uma i Da, Mogu! - Lepota promene\",\"isPartOf\":{\"@id\":\"https:\/\/yogajagat.com\/#website\"},\"primaryImageOfPage\":{\"@id\":\"https:\/\/yogajagat.com\/sluggish-lazy-mind-and-yes-i-can\/#primaryimage\"},\"datePublished\":\"2019-07-16T21:32:40+00:00\",\"dateModified\":\"2020-04-18T19:22:02+00:00\",\"description\":\"Odakle tolika lenjost uma, kako je savladati. Trud i (po)\u017ertvovanje osloba\u0111aju i sre\u0107u i energiju. Sre\u0107a jeste energija. Trud proizvodi vatru, vatra...\",\"breadcrumb\":{\"@id\":\"https:\/\/yogajagat.com\/sluggish-lazy-mind-and-yes-i-can\/#breadcrumb\"},\"inLanguage\":\"sr\",\"potentialAction\":[{\"@type\":\"ReadAction\",\"target\":[\"https:\/\/yogajagat.com\/sluggish-lazy-mind-and-yes-i-can\/\"]}]},{\"@type\":\"BreadcrumbList\",\"@id\":\"https:\/\/yogajagat.com\/sluggish-lazy-mind-and-yes-i-can\/#breadcrumb\",\"itemListElement\":[{\"@type\":\"ListItem\",\"position\":1,\"name\":\"Home\",\"item\":\"https:\/\/yogajagat.com\/sr\/\"},{\"@type\":\"ListItem\",\"position\":2,\"name\":\"Sluggish Lazy Mind and YES, I CAN!\"}]}]}<\/script>\n<!-- \/ Yoast SEO plugin. -->","yoast_head_json":{"title":"Lenjost uma i Da, Mogu! - Lepota promene","description":"Odakle tolika lenjost uma, kako je savladati. Trud i (po)\u017ertvovanje osloba\u0111aju i sre\u0107u i energiju. Sre\u0107a jeste energija. Trud proizvodi vatru, vatra...","robots":{"index":"index","follow":"follow","max-snippet":"max-snippet:-1","max-image-preview":"max-image-preview:large","max-video-preview":"max-video-preview:-1"},"canonical":"https:\/\/yogajagat.com\/sluggish-lazy-mind-and-yes-i-can\/","twitter_misc":{"Est. reading time":"13 minutes"},"schema":{"@context":"https:\/\/schema.org","@graph":[{"@type":"Organization","@id":"https:\/\/yogajagat.com\/#organization","name":"Yogajagat","url":"https:\/\/yogajagat.com\/","sameAs":[],"logo":{"@type":"ImageObject","@id":"https:\/\/yogajagat.com\/#logo","inLanguage":"sr","url":"https:\/\/i1.wp.com\/yogajagat.com\/wp-content\/uploads\/2019\/03\/DSC08478-Kopie-1.jpg?fit=798%2C800&ssl=1","contentUrl":"https:\/\/i1.wp.com\/yogajagat.com\/wp-content\/uploads\/2019\/03\/DSC08478-Kopie-1.jpg?fit=798%2C800&ssl=1","width":798,"height":800,"caption":"Yogajagat"},"image":{"@id":"https:\/\/yogajagat.com\/#logo"}},{"@type":"WebSite","@id":"https:\/\/yogajagat.com\/#website","url":"https:\/\/yogajagat.com\/","name":"Lepota promene","description":"Neprestanom promenom do najlepseg zivotnog iskustva","publisher":{"@id":"https:\/\/yogajagat.com\/#organization"},"potentialAction":[{"@type":"SearchAction","target":{"@type":"EntryPoint","urlTemplate":"https:\/\/yogajagat.com\/?s={search_term_string}"},"query-input":"required name=search_term_string"}],"inLanguage":"sr"},{"@type":"ImageObject","@id":"https:\/\/yogajagat.com\/sluggish-lazy-mind-and-yes-i-can\/#primaryimage","inLanguage":"sr","url":"http:\/\/yogajagat.com\/wp-content\/uploads\/2018\/06\/DSC08708-1.jpg","contentUrl":"http:\/\/yogajagat.com\/wp-content\/uploads\/2018\/06\/DSC08708-1.jpg"},{"@type":"WebPage","@id":"https:\/\/yogajagat.com\/sluggish-lazy-mind-and-yes-i-can\/#webpage","url":"https:\/\/yogajagat.com\/sluggish-lazy-mind-and-yes-i-can\/","name":"Lenjost uma i Da, Mogu! - Lepota promene","isPartOf":{"@id":"https:\/\/yogajagat.com\/#website"},"primaryImageOfPage":{"@id":"https:\/\/yogajagat.com\/sluggish-lazy-mind-and-yes-i-can\/#primaryimage"},"datePublished":"2019-07-16T21:32:40+00:00","dateModified":"2020-04-18T19:22:02+00:00","description":"Odakle tolika lenjost uma, kako je savladati. Trud i (po)\u017ertvovanje osloba\u0111aju i sre\u0107u i energiju. Sre\u0107a jeste energija. Trud proizvodi vatru, vatra...","breadcrumb":{"@id":"https:\/\/yogajagat.com\/sluggish-lazy-mind-and-yes-i-can\/#breadcrumb"},"inLanguage":"sr","potentialAction":[{"@type":"ReadAction","target":["https:\/\/yogajagat.com\/sluggish-lazy-mind-and-yes-i-can\/"]}]},{"@type":"BreadcrumbList","@id":"https:\/\/yogajagat.com\/sluggish-lazy-mind-and-yes-i-can\/#breadcrumb","itemListElement":[{"@type":"ListItem","position":1,"name":"Home","item":"https:\/\/yogajagat.com\/sr\/"},{"@type":"ListItem","position":2,"name":"Sluggish Lazy Mind and YES, I CAN!"}]}]}},"_links":{"self":[{"href":"https:\/\/yogajagat.com\/sr\/wp-json\/wp\/v2\/pages\/2245"}],"collection":[{"href":"https:\/\/yogajagat.com\/sr\/wp-json\/wp\/v2\/pages"}],"about":[{"href":"https:\/\/yogajagat.com\/sr\/wp-json\/wp\/v2\/types\/page"}],"author":[{"embeddable":true,"href":"https:\/\/yogajagat.com\/sr\/wp-json\/wp\/v2\/users\/1"}],"replies":[{"embeddable":true,"href":"https:\/\/yogajagat.com\/sr\/wp-json\/wp\/v2\/comments?post=2245"}],"version-history":[{"count":26,"href":"https:\/\/yogajagat.com\/sr\/wp-json\/wp\/v2\/pages\/2245\/revisions"}],"predecessor-version":[{"id":5798,"href":"https:\/\/yogajagat.com\/sr\/wp-json\/wp\/v2\/pages\/2245\/revisions\/5798"}],"wp:attachment":[{"href":"https:\/\/yogajagat.com\/sr\/wp-json\/wp\/v2\/media?parent=2245"}],"curies":[{"name":"wp","href":"https:\/\/api.w.org\/{rel}","templated":true}]}}