{"id":2241,"date":"2019-07-11T12:46:06","date_gmt":"2019-07-11T11:46:06","guid":{"rendered":"http:\/\/yogajagat.com\/?page_id=2241"},"modified":"2021-02-28T18:45:56","modified_gmt":"2021-02-28T17:45:56","slug":"purification-of-the-mind-by-clearing-the-heart","status":"publish","type":"page","link":"https:\/\/yogajagat.com\/sr\/prociscavanje-duha-i-srca\/","title":{"rendered":"Pro\u010di\u0161\u0107avanje duha i srca"},"content":{"rendered":"[vc_row][vc_column][vc_column_text]\n<h3 style=\"text-align: center;\">\u00a0<span style=\"color: #993300;\">PRO\u010cI\u0160\u0106AVANJE DUHA<\/span><\/h3>\n<h3 style=\"text-align: center;\"><span style=\"color: #008080;\">BISTRENJEM SRCA<\/span><\/h3>\n<hr \/>\n<h3 style=\"text-align: center;\">\u00a0<\/h3>\n<p>Pro\u010di\u0161\u0107avanje duha bistrenjem srca nastavak je teksta o <a href=\"https:\/\/yogajagat.com\/sr\/menjanje-navika-i-kreiranje-otmenosti\/\"><span style=\"color: #993300;\">promenama navika<\/span><\/a> i kreiranju novih, otmenijih.<\/p>\n<p>Ima mnogo na\u010dina kako bi \u010dovek mogao da izbistri srce a time pro\u010disti duh. Na\u017ealost tu nema jedne jedine metode koje bi \u010dovek uve\u010de mogao da stavi pod jastuk i da se ujutru probudi nov i oplemenjen, druga\u010diji i zadovoljniji, zdraviji i bla\u017eeniji.<\/p>\n<p>Ova stranica govori o jednoj metodi od mnogih a to je kako unutra\u0161nju buku pretvoriti u unutra\u0161nji mir. Ni\u0161ta nije nemogu\u0107e, \u010dovek mora samo uporno da ve\u017eba na svom miru.<\/p>\n[\/vc_column_text][\/vc_column][\/vc_row][vc_row][vc_column][vc_column_text]\n<p><img loading=\"lazy\" class=\"aligncenter size-full wp-image-5324\" src=\"https:\/\/i2.wp.com\/yogajagat.com\/wp-content\/uploads\/2020\/02\/DSC04359-1024x768-1.jpg?resize=640%2C480\" alt=\"pro\u010di\u0161\u0107avanje duha\" width=\"640\" height=\"480\" srcset=\"https:\/\/i2.wp.com\/yogajagat.com\/wp-content\/uploads\/2020\/02\/DSC04359-1024x768-1.jpg?w=640&amp;ssl=1 640w, https:\/\/i2.wp.com\/yogajagat.com\/wp-content\/uploads\/2020\/02\/DSC04359-1024x768-1.jpg?resize=300%2C225&amp;ssl=1 300w\" sizes=\"(max-width: 640px) 100vw, 640px\" data-recalc-dims=\"1\" \/><\/p>\n[\/vc_column_text][\/vc_column][\/vc_row][vc_row][vc_column][vc_cta h2=&#8221;&#8221;]\n<p style=\"text-align: center;\"><span style=\"color: #800080;\">&#8220;Kako korisno i dobro mogu da govore ljudi koji umeju da \u0107ute!&#8221;<\/span><\/p>\n<p style=\"text-align: center;\"><span style=\"color: #800080;\">&#8211; Ivo Andri\u0107<\/span><\/p>\n[\/vc_cta][\/vc_column][\/vc_row][vc_row][vc_column][vc_column_text]\n<p>Ovo je zasigurno glavna odlika jednog pravog majstora. Pravi majstor zna da se u ti\u0161ini nalaze svi odgovori.<\/p>\n<p>Iz tog razloga pre nego \u0161to progovori, on prvo opa\u017ea u ti\u0161ini.<\/p>\n<p>&nbsp;<\/p>\n<p>Koliko ljudi poznajete koji prvo opa\u017eaju zatim govore?<\/p>\n<p>Toliko majstora poznajete.<\/p>\n<p>&nbsp;<\/p>\n[\/vc_column_text][\/vc_column][\/vc_row][vc_row][vc_column][vc_custom_heading text=&#8221;Svako mo\u017ee biti otmen, i majstor&#8221; font_container=&#8221;tag:h2|text_align:center|color:%231ba2b7&#8243; google_fonts=&#8221;font_family:Ubuntu%3A300%2C300italic%2Cregular%2Citalic%2C500%2C500italic%2C700%2C700italic|font_style:300%20light%20italic%3A300%3Aitalic&#8221;][\/vc_column][\/vc_row][vc_row][vc_column][vc_column_text]\n<hr \/>\n<p>&nbsp;<\/p>\n<p>Sve se vrti oko onoga \u0161to se zove pro\u010di\u0161\u0107avanje i bistrenje duha. Duh ugo\u0161\u0107ava na\u0161e navike. Zna\u010di da se sve vrti oko pro\u010di\u0161\u0107avanja na\u0161ih navika.<\/p>\n<p>Svako mo\u017ee da promeni svoje navike samo ako ho\u0107e, i nema ljudskog stvorenja na Zemlji koje to ne bi moglo da uradi. Samo zavisi od toga koliko je potencijalni majstor spreman da \u017ertvuje svoj duh (um). Nema bolje droge od sopstvenog duha. Klini\u010dki lek mo\u017ee nekoliko sati, meseci a mo\u017eda i du\u017ei niz godina dr\u017eati pod kontrolom jedan deo mozga ali \u0107e zato sistematski i zauvek uni\u0161titi potencijal mnogih drugih mo\u017edanih delova.<\/p>\n<p>&nbsp;<\/p>\n<p>\u010covek ima psa ljubimca. Ali \u010dak ni pas ljubimac ne mo\u017ee da odr\u017ei mir u duhu \u010doveka trajno. Jednog dana \u0107e pas ljubimac umreti i ljudski um \u0107e ponovo biti van pameti.<\/p>\n<p>Ali jednu stvar svaki \u010dovek na svetu mo\u017ee da u\u010dini za sebe a to je <em>samokontrola<\/em>. Samokontrola nije uporno uve\u017ebavanje kako da drugima dozvolite da kontroli\u0161u va\u0161 um ve\u0107 je to \u010dvrsta odluka da promenite svoje li\u010dne navike. Sve se vrti oko navika uma. Um je vrlo lenja i koruptivna stvar.<\/p>\n<p>&nbsp;<\/p>\n<p>Jedan od odli\u010dnih dopinga protiv lenjosti je<em> ti\u0161ina<\/em>. On nimalo nije lak. Mnogo je lak\u0161e pri\u010dati bez prestanka nego za\u0107utati. Ljudi danas \u010dak pla\u0107aju kurseve i \u010dasove gde bi mogli da za\u0107ute. Ali ne morate da se zatvorite u neku pe\u0107inu ili da pla\u0107ate \u0107utanje. Mo\u017eete odlu\u010diti da za\u0107utite \u010dak i onda kada izgleda nemogu\u0107e (za)\u0107utati.<\/p>\n<p>A tada, kada se jednom u\u0107utite, druge glave \u0107e to odmah prepoznati i odmah \u0107e vas pitati \u0161ta se sa vama de\u0161ava.<\/p>\n<p>Po navici va\u0161 um \u0107e odgovoriti: &#8220;ni\u0161ta mi nije&#8221;. I u\u0107uta\u0107e.<\/p>\n<p>&nbsp;<\/p>\n[\/vc_column_text][\/vc_column][\/vc_row][vc_row][vc_column][vc_custom_heading text=&#8221;Prihvatite rizik ti\u0161ine&#8221; font_container=&#8221;tag:h2|text_align:center|color:%231ba2b7&#8243; google_fonts=&#8221;font_family:Ubuntu%3A300%2C300italic%2Cregular%2Citalic%2C500%2C500italic%2C700%2C700italic|font_style:300%20light%20italic%3A300%3Aitalic&#8221;][\/vc_column][\/vc_row][vc_row][vc_column][vc_column_text]\n<hr \/>\n<p>&nbsp;<\/p>\n<p style=\"text-align: left;\">Ti\u0161ina otvara nove horizonte. <a href=\"https:\/\/yogajagat.com\/sr\/tisina-covek-i-samospoznaja\/\"><span style=\"color: #800080;\">U svetu ti\u0161ine<\/span><\/a>\u00a0unutra\u0161nji razgovori \u0107e vremenom biti kontrolisani preusmeravanjem. Preusmerava\u0107ete va\u0161e misli i ne\u0107ete imati potrebe da boravite u pogre\u0161nom dru\u0161tvu pri\u010daju\u0107i besmislice.<\/p>\n<p>Oni koji ne razumeju va\u0161e \u0107utanje ne razumeju ni sebe same. Niti vas vole.<\/p>\n<p>Promenite takvo dru\u0161tvo.<\/p>\n<p>&nbsp;<\/p>\n<p>Ti\u0161ina ispunjava srce novom i kreativnijom energijom. Otvori\u0107e nove staze, pokaza\u0107e vam nove smerove. Zato treba iskoristiti sopstvenu snagu volje i po\u010deti sa menjanjem sopstvenog puta.<\/p>\n<p>&nbsp;<\/p>\n<p>Kada uspete da pro\u010distite va\u0161 unutra\u0161nji \u017eivot i spolja\u0161nja \u010disto\u0107a \u0107e tako\u0111e biti uredna. Navika da stvari nazivate pogre\u0161nim nazivima i da ih postavljate na pogre\u0161na mesta, bi\u0107e pro\u0161lost. Kad god da se dogodi, bi\u0107e to radost ujedinjenja.<\/p>\n<p>Ali je ipak najbolje da to potvrdite sami. Samo za\u0107utite i to je sve. Ukoliko ste ve\u0107 poku\u0161ali i ukoliko isti haos ponovo ispliva, probajte ponovo.<\/p>\n<p>&nbsp;<\/p>\n[\/vc_column_text][\/vc_column][\/vc_row][vc_row][vc_column][vc_custom_heading text=&#8221;Jogi\u010dki tekst o pro\u010di\u0161\u0107avanju duha&#8221; font_container=&#8221;tag:h2|text_align:center|color:%231ba2b7&#8243; google_fonts=&#8221;font_family:Ubuntu%3A300%2C300italic%2Cregular%2Citalic%2C500%2C500italic%2C700%2C700italic|font_style:300%20light%20italic%3A300%3Aitalic&#8221;][\/vc_column][\/vc_row][vc_row][vc_column][vc_column_text]\n<hr \/>\n<p>&nbsp;<\/p>\n<p>Kroz celokupnu prirodu, kroz vas, kroz va\u0161u decu, familiju, kroz va\u0161eg psa, kroz svaku formu \u017eivota, kroz vazduh, svetlost i tamu neba teku razli\u010dite energije. Joga te suptilne energije mo\u0107i svake vrste prirode i pojava naziva <em>gunama <\/em>i ona razlikuje tri vrste <em>guna<\/em>, to su:<\/p>\n<p><em>sattva<\/em> (\u010disto\u0107a, svetlost, lako\u0107a),<\/p>\n<p><em>raja<\/em> (akcija, strast)<\/p>\n<p><em>tamas<\/em> (tama, inercija).<\/p>\n<p>Kvalitet koji te\u010de pro\u010di\u0161\u0107enim srcem i duhom je sattva.<\/p>\n<p>&nbsp;<\/p>\n<p>Pro\u010di\u0161\u0107avanje duha i srca se na sanskritu naziva\u00a0<em><span style=\"color: #800080;\">Chauca<\/span><\/em>.<\/p>\n[\/vc_column_text][\/vc_column][\/vc_row][vc_row][vc_column][vc_cta h2=&#8221;Joga Sutra 2.40-41&#8243; color=&#8221;turquoise&#8221;]\n<p>Kao rezultat \u010disto\u0107e javlja se ravnodu\u0161nost prema telu i gnu\u0161anje prema fizi\u010dkom kontaktu sa drugima. \u010covek dosti\u017ee \u010dednost srca, vedrinu duha, snagu koncentracije, kontrolu strasti i pogodnost za realizaciju sopstva.<\/p>\n[\/vc_cta][\/vc_column][\/vc_row]\n","protected":false},"excerpt":{"rendered":"<p>[vc_row][vc_column][vc_column_text]<br \/>\n\u00a0PRO\u010cI\u0160\u0106AVANJE DUHA<br \/>\nBISTRENJEM SRCA<\/p>\n<p>\u00a0<br \/>\nPro\u010di\u0161\u0107avanje duha bistrenjem srca nastavak je teksta o promenama navika i kreiranju novih, otmenijih.<br \/>\nIma mnogo na\u010dina kako bi \u010dovek mogao da izbistri srce a time pro\u010disti duh. Na\u017ealost tu nema jedne jedine metode koje bi \u010dovek uve\u010de mogao da stavi pod jastuk i da se ujutru probudi nov i oplemenjen, druga\u010diji i zadovoljniji, zdraviji i bla\u017eeniji.<br \/>\nOva stranica govori o jednoj metodi od mnogih a to je kako unutra\u0161nju buku pretvoriti u &#8230;<\/p>\n","protected":false},"author":1,"featured_media":0,"parent":0,"menu_order":0,"comment_status":"closed","ping_status":"closed","template":"template-full-width.php","meta":{"_bbp_topic_count":0,"_bbp_reply_count":0,"_bbp_total_topic_count":0,"_bbp_total_reply_count":0,"_bbp_voice_count":0,"_bbp_anonymous_reply_count":0,"_bbp_topic_count_hidden":0,"_bbp_reply_count_hidden":0,"_bbp_forum_subforum_count":0,"inline_featured_image":false,"spay_email":""},"translation":{"provider":"WPGlobus","version":"3.0.1","language":"sr","enabled_languages":["en","de","sr"],"languages":{"en":{"title":true,"content":true,"excerpt":false},"de":{"title":true,"content":true,"excerpt":false},"sr":{"title":true,"content":true,"excerpt":false}}},"yoast_head":"<!-- This site is optimized with the Yoast SEO plugin v18.3 - https:\/\/yoast.com\/wordpress\/plugins\/seo\/ -->\n<title>Pro\u010di\u0161\u0107avanje duha i srca - Lepota promene<\/title>\n<meta name=\"description\" content=\"Pro\u010di\u0161\u0107avanje duha bistrenjem srca. Kako ti\u0161ina ispunjava srce novom i kreativnijom energijom, otvara nove staze, ukazuje na nove smerove. Zato treba...\" \/>\n<meta name=\"robots\" content=\"index, follow, max-snippet:-1, max-image-preview:large, max-video-preview:-1\" \/>\n<link rel=\"canonical\" href=\"https:\/\/yogajagat.com\/purification-of-the-mind-by-clearing-the-heart\/\" \/>\n<meta name=\"twitter:label1\" content=\"Est. reading time\" \/>\n\t<meta name=\"twitter:data1\" content=\"4 minutes\" \/>\n<script type=\"application\/ld+json\" class=\"yoast-schema-graph\">{\"@context\":\"https:\/\/schema.org\",\"@graph\":[{\"@type\":\"Organization\",\"@id\":\"https:\/\/yogajagat.com\/#organization\",\"name\":\"Yogajagat\",\"url\":\"https:\/\/yogajagat.com\/\",\"sameAs\":[],\"logo\":{\"@type\":\"ImageObject\",\"@id\":\"https:\/\/yogajagat.com\/#logo\",\"inLanguage\":\"sr\",\"url\":\"https:\/\/i1.wp.com\/yogajagat.com\/wp-content\/uploads\/2019\/03\/DSC08478-Kopie-1.jpg?fit=798%2C800&ssl=1\",\"contentUrl\":\"https:\/\/i1.wp.com\/yogajagat.com\/wp-content\/uploads\/2019\/03\/DSC08478-Kopie-1.jpg?fit=798%2C800&ssl=1\",\"width\":798,\"height\":800,\"caption\":\"Yogajagat\"},\"image\":{\"@id\":\"https:\/\/yogajagat.com\/#logo\"}},{\"@type\":\"WebSite\",\"@id\":\"https:\/\/yogajagat.com\/#website\",\"url\":\"https:\/\/yogajagat.com\/\",\"name\":\"Lepota promene\",\"description\":\"Neprestanom promenom do najlepseg zivotnog iskustva\",\"publisher\":{\"@id\":\"https:\/\/yogajagat.com\/#organization\"},\"potentialAction\":[{\"@type\":\"SearchAction\",\"target\":{\"@type\":\"EntryPoint\",\"urlTemplate\":\"https:\/\/yogajagat.com\/?s={search_term_string}\"},\"query-input\":\"required name=search_term_string\"}],\"inLanguage\":\"sr\"},{\"@type\":\"ImageObject\",\"@id\":\"https:\/\/yogajagat.com\/purification-of-the-mind-by-clearing-the-heart\/#primaryimage\",\"inLanguage\":\"sr\",\"url\":\"http:\/\/yogajagat.com\/wp-content\/uploads\/2020\/02\/DSC00731-1024x768-1.jpg\",\"contentUrl\":\"http:\/\/yogajagat.com\/wp-content\/uploads\/2020\/02\/DSC00731-1024x768-1.jpg\"},{\"@type\":\"WebPage\",\"@id\":\"https:\/\/yogajagat.com\/purification-of-the-mind-by-clearing-the-heart\/#webpage\",\"url\":\"https:\/\/yogajagat.com\/purification-of-the-mind-by-clearing-the-heart\/\",\"name\":\"Pro\u010di\u0161\u0107avanje duha i srca - Lepota promene\",\"isPartOf\":{\"@id\":\"https:\/\/yogajagat.com\/#website\"},\"primaryImageOfPage\":{\"@id\":\"https:\/\/yogajagat.com\/purification-of-the-mind-by-clearing-the-heart\/#primaryimage\"},\"datePublished\":\"2019-07-11T11:46:06+00:00\",\"dateModified\":\"2021-02-28T17:45:56+00:00\",\"description\":\"Pro\u010di\u0161\u0107avanje duha bistrenjem srca. Kako ti\u0161ina ispunjava srce novom i kreativnijom energijom, otvara nove staze, ukazuje na nove smerove. Zato treba...\",\"breadcrumb\":{\"@id\":\"https:\/\/yogajagat.com\/purification-of-the-mind-by-clearing-the-heart\/#breadcrumb\"},\"inLanguage\":\"sr\",\"potentialAction\":[{\"@type\":\"ReadAction\",\"target\":[\"https:\/\/yogajagat.com\/purification-of-the-mind-by-clearing-the-heart\/\"]}]},{\"@type\":\"BreadcrumbList\",\"@id\":\"https:\/\/yogajagat.com\/purification-of-the-mind-by-clearing-the-heart\/#breadcrumb\",\"itemListElement\":[{\"@type\":\"ListItem\",\"position\":1,\"name\":\"Home\",\"item\":\"https:\/\/yogajagat.com\/sr\/\"},{\"@type\":\"ListItem\",\"position\":2,\"name\":\"Purification Of The Mind by Clearing the Heart\"}]}]}<\/script>\n<!-- \/ Yoast SEO plugin. -->","yoast_head_json":{"title":"Pro\u010di\u0161\u0107avanje duha i srca - Lepota promene","description":"Pro\u010di\u0161\u0107avanje duha bistrenjem srca. Kako ti\u0161ina ispunjava srce novom i kreativnijom energijom, otvara nove staze, ukazuje na nove smerove. Zato treba...","robots":{"index":"index","follow":"follow","max-snippet":"max-snippet:-1","max-image-preview":"max-image-preview:large","max-video-preview":"max-video-preview:-1"},"canonical":"https:\/\/yogajagat.com\/purification-of-the-mind-by-clearing-the-heart\/","twitter_misc":{"Est. reading time":"4 minutes"},"schema":{"@context":"https:\/\/schema.org","@graph":[{"@type":"Organization","@id":"https:\/\/yogajagat.com\/#organization","name":"Yogajagat","url":"https:\/\/yogajagat.com\/","sameAs":[],"logo":{"@type":"ImageObject","@id":"https:\/\/yogajagat.com\/#logo","inLanguage":"sr","url":"https:\/\/i1.wp.com\/yogajagat.com\/wp-content\/uploads\/2019\/03\/DSC08478-Kopie-1.jpg?fit=798%2C800&ssl=1","contentUrl":"https:\/\/i1.wp.com\/yogajagat.com\/wp-content\/uploads\/2019\/03\/DSC08478-Kopie-1.jpg?fit=798%2C800&ssl=1","width":798,"height":800,"caption":"Yogajagat"},"image":{"@id":"https:\/\/yogajagat.com\/#logo"}},{"@type":"WebSite","@id":"https:\/\/yogajagat.com\/#website","url":"https:\/\/yogajagat.com\/","name":"Lepota promene","description":"Neprestanom promenom do najlepseg zivotnog iskustva","publisher":{"@id":"https:\/\/yogajagat.com\/#organization"},"potentialAction":[{"@type":"SearchAction","target":{"@type":"EntryPoint","urlTemplate":"https:\/\/yogajagat.com\/?s={search_term_string}"},"query-input":"required name=search_term_string"}],"inLanguage":"sr"},{"@type":"ImageObject","@id":"https:\/\/yogajagat.com\/purification-of-the-mind-by-clearing-the-heart\/#primaryimage","inLanguage":"sr","url":"http:\/\/yogajagat.com\/wp-content\/uploads\/2020\/02\/DSC00731-1024x768-1.jpg","contentUrl":"http:\/\/yogajagat.com\/wp-content\/uploads\/2020\/02\/DSC00731-1024x768-1.jpg"},{"@type":"WebPage","@id":"https:\/\/yogajagat.com\/purification-of-the-mind-by-clearing-the-heart\/#webpage","url":"https:\/\/yogajagat.com\/purification-of-the-mind-by-clearing-the-heart\/","name":"Pro\u010di\u0161\u0107avanje duha i srca - Lepota promene","isPartOf":{"@id":"https:\/\/yogajagat.com\/#website"},"primaryImageOfPage":{"@id":"https:\/\/yogajagat.com\/purification-of-the-mind-by-clearing-the-heart\/#primaryimage"},"datePublished":"2019-07-11T11:46:06+00:00","dateModified":"2021-02-28T17:45:56+00:00","description":"Pro\u010di\u0161\u0107avanje duha bistrenjem srca. Kako ti\u0161ina ispunjava srce novom i kreativnijom energijom, otvara nove staze, ukazuje na nove smerove. Zato treba...","breadcrumb":{"@id":"https:\/\/yogajagat.com\/purification-of-the-mind-by-clearing-the-heart\/#breadcrumb"},"inLanguage":"sr","potentialAction":[{"@type":"ReadAction","target":["https:\/\/yogajagat.com\/purification-of-the-mind-by-clearing-the-heart\/"]}]},{"@type":"BreadcrumbList","@id":"https:\/\/yogajagat.com\/purification-of-the-mind-by-clearing-the-heart\/#breadcrumb","itemListElement":[{"@type":"ListItem","position":1,"name":"Home","item":"https:\/\/yogajagat.com\/sr\/"},{"@type":"ListItem","position":2,"name":"Purification Of The Mind by Clearing the Heart"}]}]}},"_links":{"self":[{"href":"https:\/\/yogajagat.com\/sr\/wp-json\/wp\/v2\/pages\/2241"}],"collection":[{"href":"https:\/\/yogajagat.com\/sr\/wp-json\/wp\/v2\/pages"}],"about":[{"href":"https:\/\/yogajagat.com\/sr\/wp-json\/wp\/v2\/types\/page"}],"author":[{"embeddable":true,"href":"https:\/\/yogajagat.com\/sr\/wp-json\/wp\/v2\/users\/1"}],"replies":[{"embeddable":true,"href":"https:\/\/yogajagat.com\/sr\/wp-json\/wp\/v2\/comments?post=2241"}],"version-history":[{"count":21,"href":"https:\/\/yogajagat.com\/sr\/wp-json\/wp\/v2\/pages\/2241\/revisions"}],"predecessor-version":[{"id":6042,"href":"https:\/\/yogajagat.com\/sr\/wp-json\/wp\/v2\/pages\/2241\/revisions\/6042"}],"wp:attachment":[{"href":"https:\/\/yogajagat.com\/sr\/wp-json\/wp\/v2\/media?parent=2241"}],"curies":[{"name":"wp","href":"https:\/\/api.w.org\/{rel}","templated":true}]}}