{"id":2239,"date":"2019-05-14T23:49:15","date_gmt":"2019-05-14T22:49:15","guid":{"rendered":"http:\/\/yogajagat.com\/?page_id=2239"},"modified":"2020-04-16T11:59:56","modified_gmt":"2020-04-16T09:59:56","slug":"changing-old-habits-creating-master-ones","status":"publish","type":"page","link":"https:\/\/yogajagat.com\/sr\/menjanje-navika-i-kreiranje-otmenosti\/","title":{"rendered":"Menjanje navika i kreiranje otmenosti"},"content":{"rendered":"[vc_row][vc_column][vc_column_text]\n<h3 style=\"text-align: center;\"><span style=\"color: #993300;\">MENJANJE NAVIKA<\/span><\/h3>\n[\/vc_column_text][\/vc_column][\/vc_row][vc_row][vc_column][vc_column_text]\n<hr \/>\n<p>&nbsp;<\/p>\n<p>Menjanje navika nije recept za brzu poslasticu koju bi u\u017eivali sami ili sa gostima u va\u0161em gnezdu gde kod ga stvarate ili ste ga stvorili. Ili ne\u0161to \u0161to biste na brzinu kupili ili prodali. To je dug put. Onim ljudima koji su po prirodi samo\u017eiviji nego drugi, ova trasformacija \u0107e te\u017ee pasti. Samo\u017eiv nije onaj ko ne deli ru\u010dak ili svoja materijalna bogatstva sa drugima. Samo\u017eiv je onaj koji ni sam sebi ne \u017eeli da pomogne.<\/p>\n<p>&nbsp;<\/p>\n<p>Ljudi puno pri\u010daju, malo znaju, jo\u0161 manje su spremni da se pozabave higijenom svoje li\u010dne psihe. Uvek je lak\u0161e baviti se drugima. Zato mnogi biraju taj put. Za ovaj put nije potrebna nikakva snaga. Potrebna je dosada, nezadovoljstvo samim sobom, nemogu\u0107nost da se prihvati Promena.<\/p>\n<div id=\"attachment_4302\" style=\"width: 310px\" class=\"wp-caption alignright\"><img aria-describedby=\"caption-attachment-4302\" loading=\"lazy\" class=\"size-medium wp-image-4302\" src=\"https:\/\/i2.wp.com\/yogajagat.com\/wp-content\/uploads\/2020\/01\/DSC01584-300x226.jpg?resize=300%2C226\" alt=\"menjanje navika\" width=\"300\" height=\"226\" srcset=\"https:\/\/i1.wp.com\/yogajagat.com\/wp-content\/uploads\/2020\/01\/DSC01584.jpg?resize=300%2C226&amp;ssl=1 300w, https:\/\/i1.wp.com\/yogajagat.com\/wp-content\/uploads\/2020\/01\/DSC01584.jpg?w=640&amp;ssl=1 640w\" sizes=\"(max-width: 300px) 100vw, 300px\" data-recalc-dims=\"1\" \/><p id=\"caption-attachment-4302\" class=\"wp-caption-text\">crte\u017e: yogajagat.com<\/p><\/div>\n<p>&nbsp;<\/p>\n<p>Navike \u010dine va\u0161 \u017eivot od jutra do sutra.<\/p>\n<p>Ono \u0161to sebi dozvoljavate ili ne dozvoljavate, to dolazi iz va\u0161ih navika.[\/vc_column_text][\/vc_column][\/vc_row][vc_row][vc_column][vc_custom_heading text=&#8221;Po\u010detna ta\u010dka&#8221; font_container=&#8221;tag:h2|text_align:center|color:%231ba2b7&#8243; google_fonts=&#8221;font_family:Ubuntu%3A300%2C300italic%2Cregular%2Citalic%2C500%2C500italic%2C700%2C700italic|font_style:300%20light%20italic%3A300%3Aitalic&#8221;][\/vc_column][\/vc_row][vc_row][vc_column][vc_column_text]\n<hr \/>\n<p>&nbsp;<\/p>\n<p>Svaki pojedinac ima svoj put.<\/p>\n<p>Mo\u017eda jedinstvena ljudska bi\u0107a na Zemlji poput Abigail i Brittany Hensel koji imaju dva mozga ali jedno telo ne mogu odlu\u010divati o svom fizi\u010dkom kretanju, ali \u010dak i ova najfenomenalnija ljudska bi\u0107a na Zemlji mogu ujediniti svoje odluke.<\/p>\n<p>&nbsp;<\/p>\n<p>Svima vama data je mogu\u0107nost da se promenite, ujedinite, transformi\u0161ete, oslobodite, volite, divite se, da budete spokojni i da osetite snagu unutra\u0161njeg mira.<\/p>\n<p>Unutra\u0161nji mir ne dolazi preko no\u0107i. To je ogroman rad na svom menjanju. Menjanje navika je snaga za sebe i po\u010detak te velike promene.<\/p>\n<p>&nbsp;<\/p>\n<p><em>Mo\u017eete da promenite druge samo onda kada promenite sebe.<\/em><\/p>\n<p>&nbsp;<\/p>\n[\/vc_column_text][\/vc_column][\/vc_row][vc_row][vc_column width=&#8221;1\/2&#8243;][vc_column_text]\n<div id=\"attachment_3719\" style=\"width: 235px\" class=\"wp-caption alignright\"><img aria-describedby=\"caption-attachment-3719\" loading=\"lazy\" class=\"wp-image-3719 size-medium\" src=\"https:\/\/i1.wp.com\/yogajagat.com\/wp-content\/uploads\/2019\/07\/SDC12608-Kopie-2-225x300.jpg?resize=225%2C300\" alt=\"menjanje navika changing habits\" width=\"225\" height=\"300\" srcset=\"https:\/\/i1.wp.com\/yogajagat.com\/wp-content\/uploads\/2019\/07\/SDC12608-Kopie-2.jpg?resize=225%2C300&amp;ssl=1 225w, https:\/\/i1.wp.com\/yogajagat.com\/wp-content\/uploads\/2019\/07\/SDC12608-Kopie-2.jpg?resize=768%2C1024&amp;ssl=1 768w, https:\/\/i1.wp.com\/yogajagat.com\/wp-content\/uploads\/2019\/07\/SDC12608-Kopie-2.jpg?w=960&amp;ssl=1 960w\" sizes=\"(max-width: 225px) 100vw, 225px\" data-recalc-dims=\"1\" \/><p id=\"caption-attachment-3719\" class=\"wp-caption-text\">2 D objekt: yogajagat.com<\/p><\/div>\n[\/vc_column_text][\/vc_column][vc_column width=&#8221;1\/2&#8243;][vc_column_text]\n<div id=\"attachment_3718\" style=\"width: 235px\" class=\"wp-caption alignleft\"><img aria-describedby=\"caption-attachment-3718\" loading=\"lazy\" class=\"wp-image-3718 size-medium\" src=\"https:\/\/i0.wp.com\/yogajagat.com\/wp-content\/uploads\/2019\/07\/SDC12610-Kopie-225x300.jpg?resize=225%2C300\" alt=\"menjanje navika changing habits\" width=\"225\" height=\"300\" srcset=\"https:\/\/i0.wp.com\/yogajagat.com\/wp-content\/uploads\/2019\/07\/SDC12610-Kopie.jpg?resize=225%2C300&amp;ssl=1 225w, https:\/\/i0.wp.com\/yogajagat.com\/wp-content\/uploads\/2019\/07\/SDC12610-Kopie.jpg?resize=768%2C1024&amp;ssl=1 768w, https:\/\/i0.wp.com\/yogajagat.com\/wp-content\/uploads\/2019\/07\/SDC12610-Kopie.jpg?w=960&amp;ssl=1 960w\" sizes=\"(max-width: 225px) 100vw, 225px\" data-recalc-dims=\"1\" \/><p id=\"caption-attachment-3718\" class=\"wp-caption-text\">2 D objekt: yogajagat.com<\/p><\/div>\n[\/vc_column_text][\/vc_column][\/vc_row][vc_row][vc_column][vc_column_text]\n<p>&nbsp;<\/p>\n<p>\u010cak i kada ste najzadovoljniji sobom, a zadovoljni ste uglavnom svojim poslom, karijerom, va\u0161om divnom decom, va\u0161im stanom ili dobrim autom, \u010dak \u0107e se i tada pojaviti neka iskra tihe, unutra\u0161nje nesre\u0107e.<\/p>\n<p>Posao vam vremenom postane naporan ili ga vi\u0161e ne volite.<\/p>\n<p>Karijerom tako\u0111e niste zadovoljni jer sebe vidite na mnogo vi\u0161em nivou i od sebe samih i od ostalih a ne mo\u017eete da se izborite sa malogra\u0111anskim duhovima.<\/p>\n<p>Deca odrastu, zavr\u0161e fakultet, udaju se ili o\u017eene, odu u svoj li\u010dni \u017eivot na koji, naravno, samim svojim postojanjem imaju pravo. Vi ostanete sami. \u0160to ste do tada manje bili intelektualno ili duhovno aktivni, toliko vi\u0161e izgubite smisao za \u017eivot. Neki roditelji se, bilo majke ili o\u010devi, potpuno predaju. A neke majke se \u010dak odlu\u010de i da sebi oduzmu \u017eivot.<\/p>\n<p>Stan vam vremenom postane dosadan \u010dak i onda kada jednom u trideset godina re\u0161ite da u njemu ne\u0161to promenite, pa makar i boju zidova.<\/p>\n<p>Auto vam vremenom postane star i neupotrebljiv za va\u0161e \u017eelje i \u017eudnje.[\/vc_column_text][\/vc_column][\/vc_row][vc_row][vc_column][vc_custom_heading text=&#8221;Sve do\u0111e i pro\u0111e, ostanete samo vi, goli sa va\u0161im navikama&#8221; font_container=&#8221;tag:h2|text_align:center|color:%231ba2b7&#8243; google_fonts=&#8221;font_family:Ubuntu%3A300%2C300italic%2Cregular%2Citalic%2C500%2C500italic%2C700%2C700italic|font_style:300%20light%20italic%3A300%3Aitalic&#8221;][\/vc_column][\/vc_row][vc_row][vc_column][vc_column_text]\n<hr \/>\n<p>&nbsp;<\/p>\n<p>Ali i dalje vam ostaje zadatak kako da savladate isrpljuju\u0107e odnose, kontakte ili razgovore sa psiholo\u0161ko-patolo\u0161kim pona\u0161anjem \u00a0okoline. Podsetite se, nikada i ni\u0161ta ne treba li\u010dno shvatati, \u010dak i onda kada su va\u0161i roditelji ili bra\u0107e i sestre u pitanju.<\/p>\n<p>Uzrok ekstremne sebi\u010dnosti mnogih roditelja le\u017ei u starom, plasti\u010dnom mozgu i kre\u010du u epifizi koji opet imaju svoj li\u010dni \u017eivot i navike. Mnoge glave nisu ulo\u017eile energiju u svoje promene i transformacije.<\/p>\n<p>A za ekstremno isrcpljuju\u0107e odnose nekih od sestara sa svojom bra\u0107om ili obrnuto, uzrok le\u017ei u ekstremnoj nesigurnosti psihe drugog.<\/p>\n<p>Vi ne mo\u017eete da <em>popravite<\/em> tu\u0111u psihu. Nikada to nemojte da zaboravite.<\/p>\n<p>&nbsp;<\/p>\n<p>Mo\u017eete samo da promenite svoj odnos prema unutra\u0161njem stanju stvari. I \u0161to je za vas najbitinije, samo vi sami mo\u017eete da savladate va\u0161u tugu, pre svega onu koja se ra\u0111a iz nemo\u0107i da popravite tu\u0111u psihu. Tu se de\u0161ava kraj i novi po\u010detak.<\/p>\n<p>Okon\u010dajte sami sebi patnju i transformi\u0161ite sami svoju svest.<\/p>\n<p>&nbsp;<\/p>\n<p>Ova<a href=\"https:\/\/yogajagat.com\/sr\/\"><span style=\"color: #800080;\"> celokupna knjiga-stranica<\/span><\/a> se upravo bavi Promenom koja vam mo\u017ee pomo\u0107i da prepoznate, kreirate i \u017eivite prave, istinske vrednosti \u017eivota.<\/p>\n<p>\u010citajte i inspiri\u0161ite se o tome kako mo\u017eete <a href=\"https:\/\/yogajagat.com\/sr\/duh-ljudski-kako-organizovati-um\/\"><span style=\"color: #800080;\">organizovati svoj duh<\/span><\/a> a ne tu\u0111,<\/p>\n<p>o tome koliko je <a href=\"https:\/\/yogajagat.com\/sr\/iskrenost-istinitost-istina\/\"><span style=\"color: #993300;\">biti iskren<\/span><\/a> pre svega prema samom sebi va\u017eno,<\/p>\n<p>o tome da li ste, ipak, sigurni, da nikome nikada ni\u0161ta niste <a href=\"https:\/\/yogajagat.com\/sr\/oduzimanje-kradja-kopiranje-i-ostali-zivotni-putevi\/\"><span style=\"color: #008080;\">oduzeli<\/span><\/a>, koliko ste slatkih re\u010di kupili ili prodali drugima,<\/p>\n<p>ili o\u00a0<span style=\"color: #ff9900;\"><a style=\"color: #ff9900;\" href=\"https:\/\/yogajagat.com\/sr\/pohlepa-siromastvo-izobilje-i-kraljevi\/\">siroma\u0161tvu i pohlep<\/a>i,<\/span><\/p>\n<p>o tome kako izbistriti li\u010dni duh i postati majstor unutra\u0161njeg govora, odakle tolika nesigurnost u ljudima i kako ovladati egom, o <a href=\"https:\/\/yogajagat.com\/sr\/lenjost-uma-i-samoodlucnost\/\"><span style=\"color: #993300;\">DA, MO\u017dETE,<\/span><\/a><\/p>\n<p>o tome da je <a href=\"https:\/\/yogajagat.com\/sr\/knjige-covekov-najbolji-prijatelj\/\"><span style=\"color: #993300;\">pas divno \u017eivo bi\u0107e<\/span> <\/a>ali da ne treba da se poistove\u0107ujete sa njim tako da vam va\u0161 pas bude ceo celcati \u017eivot,<\/p>\n<p>o tome da ima i <a href=\"https:\/\/yogajagat.com\/sr\/tisina-covek-i-samospoznaja\/\"><span style=\"color: #993300;\">drugih vernih prijatelja<\/span><\/a> osim psa, i mnogo, mnogo vi\u0161e.<\/p>\n<p>&nbsp;<\/p>\n[\/vc_column_text][\/vc_column][\/vc_row]\n","protected":false},"excerpt":{"rendered":"<p>[vc_row][vc_column][vc_column_text]<br \/>\nMENJANJE NAVIKA<br \/>\n[\/vc_column_text][\/vc_column][\/vc_row][vc_row][vc_column][vc_column_text]<\/p>\n<p>&nbsp;<br \/>\nMenjanje navika nije recept za brzu poslasticu koju bi u\u017eivali sami ili sa gostima u va\u0161em gnezdu gde kod ga stvarate ili ste ga stvorili. Ili ne\u0161to \u0161to biste na brzinu kupili ili prodali. To je dug put. Onim ljudima koji su po prirodi samo\u017eiviji nego drugi, ova trasformacija \u0107e te\u017ee pasti. Samo\u017eiv nije onaj ko ne deli ru\u010dak ili svoja materijalna bogatstva sa drugima. Samo\u017eiv je onaj koji ni sam sebi ne \u017eeli &#8230;<\/p>\n","protected":false},"author":1,"featured_media":0,"parent":0,"menu_order":0,"comment_status":"closed","ping_status":"closed","template":"template-full-width.php","meta":{"_bbp_topic_count":0,"_bbp_reply_count":0,"_bbp_total_topic_count":0,"_bbp_total_reply_count":0,"_bbp_voice_count":0,"_bbp_anonymous_reply_count":0,"_bbp_topic_count_hidden":0,"_bbp_reply_count_hidden":0,"_bbp_forum_subforum_count":0,"inline_featured_image":false,"spay_email":""},"translation":{"provider":"WPGlobus","version":"3.0.1","language":"sr","enabled_languages":["en","de","sr"],"languages":{"en":{"title":true,"content":true,"excerpt":false},"de":{"title":true,"content":true,"excerpt":false},"sr":{"title":true,"content":true,"excerpt":false}}},"yoast_head":"<!-- This site is optimized with the Yoast SEO plugin v18.3 - https:\/\/yoast.com\/wordpress\/plugins\/seo\/ -->\n<title>Menjanje navika i kreiranje otmenosti - Lepota promene<\/title>\n<meta name=\"description\" content=\"Svaki pojedinac ima svoj put. Menjanje navika i transformacija, ujedinjenje, oslobodjenje, prava istinska ljubav, obo\u017eavanje, unutra\u0161nji mir i spokoj...\" \/>\n<meta name=\"robots\" content=\"index, follow, max-snippet:-1, max-image-preview:large, max-video-preview:-1\" \/>\n<link rel=\"canonical\" href=\"https:\/\/yogajagat.com\/changing-old-habits-creating-master-ones\/\" \/>\n<meta name=\"twitter:label1\" content=\"Est. reading time\" \/>\n\t<meta name=\"twitter:data1\" content=\"10 minutes\" \/>\n<script type=\"application\/ld+json\" class=\"yoast-schema-graph\">{\"@context\":\"https:\/\/schema.org\",\"@graph\":[{\"@type\":\"Organization\",\"@id\":\"https:\/\/yogajagat.com\/#organization\",\"name\":\"Yogajagat\",\"url\":\"https:\/\/yogajagat.com\/\",\"sameAs\":[],\"logo\":{\"@type\":\"ImageObject\",\"@id\":\"https:\/\/yogajagat.com\/#logo\",\"inLanguage\":\"sr\",\"url\":\"https:\/\/i1.wp.com\/yogajagat.com\/wp-content\/uploads\/2019\/03\/DSC08478-Kopie-1.jpg?fit=798%2C800&ssl=1\",\"contentUrl\":\"https:\/\/i1.wp.com\/yogajagat.com\/wp-content\/uploads\/2019\/03\/DSC08478-Kopie-1.jpg?fit=798%2C800&ssl=1\",\"width\":798,\"height\":800,\"caption\":\"Yogajagat\"},\"image\":{\"@id\":\"https:\/\/yogajagat.com\/#logo\"}},{\"@type\":\"WebSite\",\"@id\":\"https:\/\/yogajagat.com\/#website\",\"url\":\"https:\/\/yogajagat.com\/\",\"name\":\"Lepota promene\",\"description\":\"Neprestanom promenom do najlepseg zivotnog iskustva\",\"publisher\":{\"@id\":\"https:\/\/yogajagat.com\/#organization\"},\"potentialAction\":[{\"@type\":\"SearchAction\",\"target\":{\"@type\":\"EntryPoint\",\"urlTemplate\":\"https:\/\/yogajagat.com\/?s={search_term_string}\"},\"query-input\":\"required name=search_term_string\"}],\"inLanguage\":\"sr\"},{\"@type\":\"ImageObject\",\"@id\":\"https:\/\/yogajagat.com\/changing-old-habits-creating-master-ones\/#primaryimage\",\"inLanguage\":\"sr\",\"url\":\"http:\/\/yogajagat.com\/wp-content\/uploads\/2020\/01\/DSC01584-300x226.jpg\",\"contentUrl\":\"http:\/\/yogajagat.com\/wp-content\/uploads\/2020\/01\/DSC01584-300x226.jpg\"},{\"@type\":\"WebPage\",\"@id\":\"https:\/\/yogajagat.com\/changing-old-habits-creating-master-ones\/#webpage\",\"url\":\"https:\/\/yogajagat.com\/changing-old-habits-creating-master-ones\/\",\"name\":\"Menjanje navika i kreiranje otmenosti - Lepota promene\",\"isPartOf\":{\"@id\":\"https:\/\/yogajagat.com\/#website\"},\"primaryImageOfPage\":{\"@id\":\"https:\/\/yogajagat.com\/changing-old-habits-creating-master-ones\/#primaryimage\"},\"datePublished\":\"2019-05-14T22:49:15+00:00\",\"dateModified\":\"2020-04-16T09:59:56+00:00\",\"description\":\"Svaki pojedinac ima svoj put. Menjanje navika i transformacija, ujedinjenje, oslobodjenje, prava istinska ljubav, obo\u017eavanje, unutra\u0161nji mir i spokoj...\",\"breadcrumb\":{\"@id\":\"https:\/\/yogajagat.com\/changing-old-habits-creating-master-ones\/#breadcrumb\"},\"inLanguage\":\"sr\",\"potentialAction\":[{\"@type\":\"ReadAction\",\"target\":[\"https:\/\/yogajagat.com\/changing-old-habits-creating-master-ones\/\"]}]},{\"@type\":\"BreadcrumbList\",\"@id\":\"https:\/\/yogajagat.com\/changing-old-habits-creating-master-ones\/#breadcrumb\",\"itemListElement\":[{\"@type\":\"ListItem\",\"position\":1,\"name\":\"Home\",\"item\":\"https:\/\/yogajagat.com\/sr\/\"},{\"@type\":\"ListItem\",\"position\":2,\"name\":\"CHANGING OLD HABITS, CREATING MASTER ONES\"}]}]}<\/script>\n<!-- \/ Yoast SEO plugin. -->","yoast_head_json":{"title":"Menjanje navika i kreiranje otmenosti - Lepota promene","description":"Svaki pojedinac ima svoj put. Menjanje navika i transformacija, ujedinjenje, oslobodjenje, prava istinska ljubav, obo\u017eavanje, unutra\u0161nji mir i spokoj...","robots":{"index":"index","follow":"follow","max-snippet":"max-snippet:-1","max-image-preview":"max-image-preview:large","max-video-preview":"max-video-preview:-1"},"canonical":"https:\/\/yogajagat.com\/changing-old-habits-creating-master-ones\/","twitter_misc":{"Est. reading time":"10 minutes"},"schema":{"@context":"https:\/\/schema.org","@graph":[{"@type":"Organization","@id":"https:\/\/yogajagat.com\/#organization","name":"Yogajagat","url":"https:\/\/yogajagat.com\/","sameAs":[],"logo":{"@type":"ImageObject","@id":"https:\/\/yogajagat.com\/#logo","inLanguage":"sr","url":"https:\/\/i1.wp.com\/yogajagat.com\/wp-content\/uploads\/2019\/03\/DSC08478-Kopie-1.jpg?fit=798%2C800&ssl=1","contentUrl":"https:\/\/i1.wp.com\/yogajagat.com\/wp-content\/uploads\/2019\/03\/DSC08478-Kopie-1.jpg?fit=798%2C800&ssl=1","width":798,"height":800,"caption":"Yogajagat"},"image":{"@id":"https:\/\/yogajagat.com\/#logo"}},{"@type":"WebSite","@id":"https:\/\/yogajagat.com\/#website","url":"https:\/\/yogajagat.com\/","name":"Lepota promene","description":"Neprestanom promenom do najlepseg zivotnog iskustva","publisher":{"@id":"https:\/\/yogajagat.com\/#organization"},"potentialAction":[{"@type":"SearchAction","target":{"@type":"EntryPoint","urlTemplate":"https:\/\/yogajagat.com\/?s={search_term_string}"},"query-input":"required name=search_term_string"}],"inLanguage":"sr"},{"@type":"ImageObject","@id":"https:\/\/yogajagat.com\/changing-old-habits-creating-master-ones\/#primaryimage","inLanguage":"sr","url":"http:\/\/yogajagat.com\/wp-content\/uploads\/2020\/01\/DSC01584-300x226.jpg","contentUrl":"http:\/\/yogajagat.com\/wp-content\/uploads\/2020\/01\/DSC01584-300x226.jpg"},{"@type":"WebPage","@id":"https:\/\/yogajagat.com\/changing-old-habits-creating-master-ones\/#webpage","url":"https:\/\/yogajagat.com\/changing-old-habits-creating-master-ones\/","name":"Menjanje navika i kreiranje otmenosti - Lepota promene","isPartOf":{"@id":"https:\/\/yogajagat.com\/#website"},"primaryImageOfPage":{"@id":"https:\/\/yogajagat.com\/changing-old-habits-creating-master-ones\/#primaryimage"},"datePublished":"2019-05-14T22:49:15+00:00","dateModified":"2020-04-16T09:59:56+00:00","description":"Svaki pojedinac ima svoj put. Menjanje navika i transformacija, ujedinjenje, oslobodjenje, prava istinska ljubav, obo\u017eavanje, unutra\u0161nji mir i spokoj...","breadcrumb":{"@id":"https:\/\/yogajagat.com\/changing-old-habits-creating-master-ones\/#breadcrumb"},"inLanguage":"sr","potentialAction":[{"@type":"ReadAction","target":["https:\/\/yogajagat.com\/changing-old-habits-creating-master-ones\/"]}]},{"@type":"BreadcrumbList","@id":"https:\/\/yogajagat.com\/changing-old-habits-creating-master-ones\/#breadcrumb","itemListElement":[{"@type":"ListItem","position":1,"name":"Home","item":"https:\/\/yogajagat.com\/sr\/"},{"@type":"ListItem","position":2,"name":"CHANGING OLD HABITS, CREATING MASTER ONES"}]}]}},"_links":{"self":[{"href":"https:\/\/yogajagat.com\/sr\/wp-json\/wp\/v2\/pages\/2239"}],"collection":[{"href":"https:\/\/yogajagat.com\/sr\/wp-json\/wp\/v2\/pages"}],"about":[{"href":"https:\/\/yogajagat.com\/sr\/wp-json\/wp\/v2\/types\/page"}],"author":[{"embeddable":true,"href":"https:\/\/yogajagat.com\/sr\/wp-json\/wp\/v2\/users\/1"}],"replies":[{"embeddable":true,"href":"https:\/\/yogajagat.com\/sr\/wp-json\/wp\/v2\/comments?post=2239"}],"version-history":[{"count":23,"href":"https:\/\/yogajagat.com\/sr\/wp-json\/wp\/v2\/pages\/2239\/revisions"}],"predecessor-version":[{"id":5790,"href":"https:\/\/yogajagat.com\/sr\/wp-json\/wp\/v2\/pages\/2239\/revisions\/5790"}],"wp:attachment":[{"href":"https:\/\/yogajagat.com\/sr\/wp-json\/wp\/v2\/media?parent=2239"}],"curies":[{"name":"wp","href":"https:\/\/api.w.org\/{rel}","templated":true}]}}