{"id":2237,"date":"2019-07-09T16:55:48","date_gmt":"2019-07-09T15:55:48","guid":{"rendered":"http:\/\/yogajagat.com\/?page_id=2237"},"modified":"2020-04-16T11:47:14","modified_gmt":"2020-04-16T09:47:14","slug":"sexual-energy-chastity-and-continence","status":"publish","type":"page","link":"https:\/\/yogajagat.com\/sr\/seksualna-energija-samo-uzdrzavanje-i-ljubav\/","title":{"rendered":"Seksualna energija, samo-uzdr\u017eavanje i ljubav"},"content":{"rendered":"[vc_row][vc_column][vc_custom_heading text=&#8221;Ljudi i \u017eivotinje&#8221; font_container=&#8221;tag:h2|text_align:center|color:%231ba2b7&#8243; google_fonts=&#8221;font_family:Ubuntu%3A300%2C300italic%2Cregular%2Citalic%2C500%2C500italic%2C700%2C700italic|font_style:300%20light%20italic%3A300%3Aitalic&#8221;][\/vc_column][\/vc_row][vc_row][vc_column][vc_column_text]\n<h3>\u00a0<\/h3>\n<h3 style=\"text-align: center;\"><span style=\"color: #993300;\">\u00a0Seksualna energija<\/span><\/h3>\n<h3 style=\"text-align: center;\"><span style=\"color: #993300;\">sli\u010dnosti i razlike<\/span><\/h3>\n<hr \/>\n<p>&nbsp;<\/p>\n<p>Seksualna energija je motor i bez tog motora ne bi bilo ni \u017eivotinja ni nas. To nije \u010dudo, to je biologija.<\/p>\n<p>Obe vrste imaju sposobnost samo-uzdr\u017eavanja mada su \u017eivotinje tu mnogo jednostavnije.<\/p>\n<p>Samo posmatrajte koliko strpljenja jadan pas mora imati da bi osvojio \u017eenku.<br \/>Ponekad nam se \u010dini da nam se pas \u010dak i zaljubio.<\/p>\n<p>U najranije jutro, mu\u0161ke ptice svakog dana ve\u0107 uveliko pevaju svoje divne pesme dozivanja koje svakom probudjenom \u010doveku zagreju srce i na lice donesu sme\u0161ak sre\u0107e.<br \/>Pogledajte samo koliko umetnosti i vremena treba jednom mu\u017ejaku carske ptice za njegovo osvajanje. A pri tom se \u010desto ni\u0161ta i ne desi.<\/p>\n<p>Ali najve\u0107em brojem ljudi na Zemlji ne uspeva niti da bude zagerajnog srca niti da i sam tolika srca tako dugoro\u010dno zagreje. Ovaj fijasko le\u017ei u ljudskom egu.<\/p>\n<p>&nbsp;<\/p>\n<p>Svaka misao, svaka izgovorena re\u010d, svako delo u \u017eivotu svakog \u010doveka vo\u0111eno je njegovim egom. Unutra\u0161nji \u017eivot svakog \u010doveka nema samo jedno JA ve\u0107 nekoliko.<\/p>\n<p>Tako je i \u010dovekov seks vo\u0111en njegovim egom. Na kom nivou se nalazi evolucija njegovog ega, nalazi se i njegov seksualni \u017eivot. Zvu\u010di jednostavno.<\/p>\n[\/vc_column_text][\/vc_column][\/vc_row][vc_row][vc_column][vc_column_text]\n<p><img loading=\"lazy\" class=\"aligncenter size-full wp-image-5611\" src=\"https:\/\/i1.wp.com\/yogajagat.com\/wp-content\/uploads\/2020\/03\/IMG_7711-Kopie-2-1.jpg?resize=640%2C427\" alt=\"seksualna energija sexual energy\" width=\"640\" height=\"427\" srcset=\"https:\/\/i1.wp.com\/yogajagat.com\/wp-content\/uploads\/2020\/03\/IMG_7711-Kopie-2-1.jpg?w=640&amp;ssl=1 640w, https:\/\/i1.wp.com\/yogajagat.com\/wp-content\/uploads\/2020\/03\/IMG_7711-Kopie-2-1.jpg?resize=300%2C200&amp;ssl=1 300w, https:\/\/i1.wp.com\/yogajagat.com\/wp-content\/uploads\/2020\/03\/IMG_7711-Kopie-2-1.jpg?resize=600%2C400&amp;ssl=1 600w\" sizes=\"(max-width: 640px) 100vw, 640px\" data-recalc-dims=\"1\" \/><\/p>\n<p>&nbsp;<\/p>\n<p>&nbsp;<\/p>\n[\/vc_column_text][\/vc_column][\/vc_row][vc_row][vc_column][vc_custom_heading text=&#8221;Seks i ljubav, i univerzumi izme\u0111u&#8221; font_container=&#8221;tag:h2|text_align:center|color:%231ba2b7&#8243; google_fonts=&#8221;font_family:Ubuntu%3A300%2C300italic%2Cregular%2Citalic%2C500%2C500italic%2C700%2C700italic|font_style:300%20light%20italic%3A300%3Aitalic&#8221;][\/vc_column][\/vc_row][vc_row][vc_column][vc_column_text]\n<hr \/>\n<p>&nbsp;<\/p>\n<p>Iako je \u010dak i na\u0161 najdivniji psiholog, psihoanaliti\u010dar, topla du\u0161a, divan gospodin Vladeta Jeroti\u0107, govorio da bez seksa nema ljubavi, to mi\u0161ljenje ipak pripada kli\u0161eu zapadne, zatvorene i krute nauke. \u0160kolska se psihologija, ta mlada nauka, bavi mehani\u010dkim delom \u010dovekovog mozga. Kada pri\u010da o ljubavi ona misli na jedan mali ograni\u010deni deo ljudskog potencijala da voli.<br \/>Mnogo univerzuma ima izme\u0111u seksa i ljubavi iz razloga \u0161to postoje uzvi\u0161eniji nivoi u ljudskom \u017eivotu od onog \u017eivotinjskog.<\/p>\n<p>\u017dena mo\u017ee da voli mu\u0161karca a da pri tom osim zagrljaja, tog dodira grudnim ko\u0161em koji \u010duva i neguje srce, drugi fizi\u010dki kontakt nikada nije imala. Nekim \u017eenama je tako data divna sposobnost da vole vi\u0161e mu\u0161karaca u isto vreme. Takve \u017eene nisu unesre\u0107ene. One su bla\u017eene. Isto je i sa mu\u0161karcima, pretpostavljamo.<\/p>\n<p>Ljudskom bi\u0107u je data sposobnost da voli ne samo drugi pol, svoje dete, svoje roditelje, sestre, bra\u0107u, drugove&#8230; \u010covek mo\u017ee voleti sve i bezuslovno. Dubinu vazduha, beskrajnost, jezik zvezda, oko veverice ili jazavi\u010dara, zvuk li\u0161\u0107a na vetru, energiju sunca, sam \u017eivot. Re\u010d ljubav je jedna ali ljubavi ima mnogo.<\/p>\n<p>Svaka ljubav koja nije uslovna je uzvi\u0161eno stanje svesti. Ljubav koja donosi radost a ne patnju je zdrava, istinska i jedina prava ljubav.<\/p>\n<p>Isto tako, iza svake uslovne i zapovedni\u010dke ljubavi koja zahteva i manipuli\u0161e tu\u0111om slobodom bilo da se (ka\u017ee da se) voli, dete, \u017eena, mu\u017e ili ku\u0107ni ljubimac, stoji nekultivisan ego.<\/p>\n<p>Ljubav ne obe\u0107ava, niti dr\u017ei uzde u rukama.<\/p>\n<p>Ona voli, po\u0161tuje, podr\u017eava, transformi\u0161e, gradi, uzvisuje, toleri\u0161e, odr\u017eava \u017eivot.<\/p>\n<p>Pas nas voli a pri tom ne zahteva ni\u0161ta. Mi njemu zapovedamo a ne on nama. On nas \u010dak i nagra\u0111uje. Strpljivo i verno \u010deka svaki na\u0161 potez. I zbog toga ga ljudi obi\u010dno i vole. &#8220;Kad do\u0111em ku\u0107i, moj pas me uvek \u010deka.&#8221;<\/p>\n<p>Vrlo malom broju ljudi na Zemlji je uspelo da na ovaj na\u010din ose\u0107a drugo ljudsko bi\u0107e. \u010covek koji se nikada nije pozabavio svojim li\u010dnim egom a ne time koliko je kom\u0161inica imala ljubavnika nikada se ne\u0107e osloboditi patnje, ose\u0107aja samo\u0107e, odba\u010denosti, nepripadanja. Ne postoji lek koji se mo\u017ee progutati i koji mo\u017ee promeniti ova ose\u0107anja na bolje.<\/p>\n<p style=\"text-align: left;\">Onim ljudima koji spas od samo\u0107e, odba\u010denosti, nepripadanja i neprihvatanja bekompromisno tra\u017ee \u010dak i u religiji, na\u017ealost nijedna religija ne mo\u017ee da donese<a href=\"https:\/\/yogajagat.com\/sr\/put-srca-i-posvecenosti\/\"><span style=\"color: #993300;\"> istinski ose\u0107aj ljubavi<\/span>.<\/a><\/p>\n<p>Samo jaka snaga volje da se otarasi svega \u0161to \u010doveku stoji na putu to mo\u017ee, dubinski, istinski i trajno.<\/p>\n<p>Lepota se nalazi svuda okolo ali \u010dovek mora da prestane da sa\u017ealjeva sam sebe, da se bavi stvarima koje nemaju smisla i da bude prosjak. Treba da otvori o\u010di i ruke, duh i du\u0161u da bi primetio lepotu i sa njom se ujedinio.<\/p>\n<p>&nbsp;<\/p>\n[\/vc_column_text][\/vc_column][\/vc_row][vc_row][vc_column][vc_custom_heading text=&#8221;Skrivene mo\u0107i u \u010doveku&#8221; font_container=&#8221;tag:h2|text_align:center|color:%231ba2b7&#8243; google_fonts=&#8221;font_family:Ubuntu%3A300%2C300italic%2Cregular%2Citalic%2C500%2C500italic%2C700%2C700italic|font_style:300%20light%20italic%3A300%3Aitalic&#8221;][\/vc_column][\/vc_row][vc_row][vc_column][vc_column_text]\n<hr \/>\n<p>&nbsp;<\/p>\n<p>Najstarije nauke o \u010doveku ka\u017eu da <a href=\"https:\/\/yogajagat.com\/sr\/svrha-hatha-joge-kuda-vodi-hatha-joga\/\"><span style=\"color: #993300;\">na\u0161a ki\u010dma<\/span><\/a> ima dva kraja, jedan uperen ka zemlji i drugi uperen ka nebu. Donji deo na\u0161eg tela nosi na\u0161e polne organe ali i skrivene snage i mo\u0107i \u010dovekove svesti. Seksualna energija je mo\u0107na ali je i najgrublji aspekt nemanifestovane energije.<\/p>\n<p>Stari indijski spisi kao i hinduizam jedine su nauke ili sistemi verovanja kojima seksualna energija nije tabu i koju oni ne odbacuju ve\u0107 daju vrlo prakti\u010dne pouke za transformaciju tog grubog nivoa postojanja.<\/p>\n<p>&nbsp;<\/p>\n[\/vc_column_text][\/vc_column][\/vc_row][vc_row][vc_column][vc_custom_heading text=&#8221;Praksa na putu ka samorealizaciji&#8221; font_container=&#8221;tag:h2|text_align:center|color:%231ba2b7&#8243; google_fonts=&#8221;font_family:Ubuntu%3A300%2C300italic%2Cregular%2Citalic%2C500%2C500italic%2C700%2C700italic|font_style:300%20light%20italic%3A300%3Aitalic&#8221;][\/vc_column][\/vc_row][vc_row][vc_column][vc_column_text]\n<hr \/>\n<p>&nbsp;<\/p>\n<p>Ta praksa se zove Brama\u010darja <em>(Brahmacharya)<\/em>.<\/p>\n<p><em>Brahman<\/em> zna\u010di &#8220;krajnja, skrivena realnost, bo\u017eanstvo, apsolutna, beskona\u010dna svest&#8221;, <em>charya<\/em> zna\u010di &#8220;\u017eiveti unutra&#8221; ili &#8220;staza, put&#8221;.<\/p>\n<p>Brahmacharya je samouzdr\u017eavanje ili kontrola. Na mentalnom nivou je to odsustvo misli, fantazija i pri\u010danja o seksu. Biolo\u0161ki je to kontrola po\u017eude kroz apstinenciju, celibat.<\/p>\n<p>\u017divotinje imaju mo\u0107 samokontrole te primarne energije ali je \u010doveku dato da pored samokontrole svesno izabere i put transformisanja te nemanifestovane u vi\u0161u energiju bivstvovanja. \u010covek koji se nalazi na takvom putu, nalazi se na putu ka samorealizaciji. Ovakav put je, kao i svi ostali putevi, mogu\u0107 samo kad je \u010dovek predan, ispravan i iskren.<\/p>\n<p>Ima mnogo ljudi, posebno mu\u0161karaca (mali podsetnik: ovi tekstovi su napisani od jedne \u017eene) koji \u017eive \u017eivot &#8220;po knjizi&#8221;. Sigurno da ima monaha, sve\u0161tenika ili jogija na pravom putu ali mnogo vi\u0161e ima mu\u0161karaca, posebno na Zapadu, koji veruju da \u017eive \u017eivot jogija i da praktikuju brahmacharyu, ali su im misli ne\u010diste. Sve fantazije se odvijaju u glavi ionako.\u00a0Ovakva zabluda ih vodi u jo\u0161 ve\u0107e frustracije, neuroze i jo\u0161 dublje dvoli\u010dnosti.<\/p>\n<p>Put brahmacharya je put velikog izazova, posebno za mu\u0161karca. U prirodi mu\u0161karca je da produ\u017eava vrstu. To nije \u010dudo, to je biologija.<\/p>\n<p>Jednom prilikom sam srela jednog vrlo iskrenog predava\u010da advaite vedante u Americi, koji mi je rekao: &#8220;Za nas zapadnjake vrlo te\u0161ko je biti Swami. Jednog dana se pojavi lepa \u017eena ispred tebe i sve je gotovo&#8221;.<\/p>\n<p>(<em>advaita vedanta<\/em>, nazna\u010dajniji pravac u indijskoj filozofiji, nauka <em>non-dualizma<\/em>, <em>vedanta<\/em>&#8211; &#8220;krajnje znanje&#8221;, <em>advaita<\/em>&#8211; non dulaziam: jedinstvo <em>Atmana<\/em>, individualne du\u0161e i <em>Brahmana<\/em>, univerzalne, svepro\u017eimaju\u0107e du\u0161e. Swami je onaj koji je posvetio \u017eivot Jogi; spiritulani u\u010ditelj u ili van institucija, asketik, po starom u\u010denju i tradiciji monah&#8230;).<\/p>\n<p>Brahmacharya se kao faza u \u017eivotu ili Joge pojavljuje sasvim prirodno kada je aspirant (onaj ko se nalazi na putu transformacije i ujedinjenja sa vi\u0161om istinom) spreman i nema potrebe da izla\u017ee mukama ni sopstveno telo, duh ili du\u0161u a ni prirodno-kosmi\u010dke sile. Svaki istinski traga\u010d \u0107e na svom putu ka krajnjoj istini i realnosti prirodno postati brahmachari. Ovaj deo puta na stazi samorealizacije i <a href=\"https:\/\/yogajagat.com\/sr\/ujedinjenje-jedinstvo-dna-joga\/\"><span style=\"color: #993300;\">ujedinjenja<\/span><\/a> sa vi\u0161im je u \u017eivotu jedne \u017eene mnogo lak\u0161i.<\/p>\n<p>Kao na svakom putu iskrenosti, ostaviti \u017eivotinju da \u017eivi a ne pojesti je, i ne biti zavistan od bilo kojih spolja\u0161njih enteogena je iskren i pravi put.<\/p>\n<p>(<em>en-theo-gono<\/em>: <em>en<\/em>&#8211; u, <em>theos<\/em>-bog, <em>genesthi<\/em>&#8211; prouzrokovati; psihodelici, psihoaktivni lekovi. Ovde podrazumevam i alkohol.)<\/p>\n<p>Istinita i \u010dista praksa, nezavisno od toga koliko traje, otvara nove horizonte \u017eivota, mo\u0107na seksualna energija biva transfrormisana u \u010distu kreativnost i jo\u0161 mo\u0107nije energije, vrlo suptilne Od\u017ee (<em>Ojas<\/em>). Ove mo\u0107ne energije ja\u010daju snagu volje, podmla\u0111uju \u0107elije i produ\u017eavaju mladost uma i tela. Telo brama\u010darija zra\u010di ogromnom energijom i drugima je veoma privla\u010dno.<\/p>\n<p>\u010cak i o\u017eenjeni ljudi mogu biti brama\u010dariji i mudro koristiti svoju mo\u0107nu seksualnu energiju koja\u00a0je, kao i sve druge energije, deo kosmi\u010dke (<em>Maha Shakti\u00a0<\/em>).<\/p>\n<p>&nbsp;<\/p>\n[\/vc_column_text][\/vc_column][\/vc_row][vc_row][vc_column width=&#8221;1\/4&#8243;][vc_column_text]\n<div id=\"attachment_4301\" style=\"width: 181px\" class=\"wp-caption aligncenter\"><img aria-describedby=\"caption-attachment-4301\" loading=\"lazy\" class=\"wp-image-4301 size-medium\" src=\"https:\/\/i1.wp.com\/yogajagat.com\/wp-content\/uploads\/2020\/01\/DSC01594-171x300.jpeg?resize=171%2C300\" alt=\"\" width=\"171\" height=\"300\" srcset=\"https:\/\/i0.wp.com\/yogajagat.com\/wp-content\/uploads\/2020\/01\/DSC01594.jpeg?resize=171%2C300&amp;ssl=1 171w, https:\/\/i0.wp.com\/yogajagat.com\/wp-content\/uploads\/2020\/01\/DSC01594.jpeg?w=364&amp;ssl=1 364w\" sizes=\"(max-width: 171px) 100vw, 171px\" data-recalc-dims=\"1\" \/><p id=\"caption-attachment-4301\" class=\"wp-caption-text\">crte\u017e: yogajagat.com<\/p><\/div>\n[\/vc_column_text][\/vc_column][vc_column width=&#8221;3\/4&#8243;][vc_cta h2=&#8221;Yoga Sutra 2.38:&#8221; color=&#8221;turquoise&#8221;]\n<p>Kada \u010dovek postane postojan u svom suzdr\u017eavanju od inkontinencije (misli se na izlu\u010divanje semena), sti\u010de duhovnu energiju.<\/p>\n[\/vc_cta][\/vc_column][\/vc_row]\n","protected":false},"excerpt":{"rendered":"<p>[vc_row][vc_column][vc_custom_heading text=&#8221;Ljudi i \u017eivotinje&#8221; font_container=&#8221;tag:h2|text_align:center|color:%231ba2b7&#8243; google_fonts=&#8221;font_family:Ubuntu%3A300%2C300italic%2Cregular%2Citalic%2C500%2C500italic%2C700%2C700italic|font_style:300%20light%20italic%3A300%3Aitalic&#8221;][\/vc_column][\/vc_row][vc_row][vc_column][vc_column_text]<br \/>\n\u00a0<br \/>\n\u00a0Seksualna energija<br \/>\nsli\u010dnosti i razlike<\/p>\n<p>&nbsp;<br \/>\nSeksualna energija je motor i bez tog motora ne bi bilo ni \u017eivotinja ni nas. To nije \u010dudo, to je biologija.<br \/>\nObe vrste imaju sposobnost samo-uzdr\u017eavanja mada su \u017eivotinje tu mnogo jednostavnije.<br \/>\nSamo posmatrajte koliko strpljenja jadan pas mora imati da bi osvojio \u017eenku.Ponekad nam se \u010dini da nam se pas \u010dak i zaljubio.<br \/>\nU najranije jutro, mu\u0161ke ptice svakog dana ve\u0107 uveliko pevaju svoje divne &#8230;<\/p>\n","protected":false},"author":1,"featured_media":0,"parent":0,"menu_order":0,"comment_status":"closed","ping_status":"closed","template":"template-full-width.php","meta":{"_bbp_topic_count":0,"_bbp_reply_count":0,"_bbp_total_topic_count":0,"_bbp_total_reply_count":0,"_bbp_voice_count":0,"_bbp_anonymous_reply_count":0,"_bbp_topic_count_hidden":0,"_bbp_reply_count_hidden":0,"_bbp_forum_subforum_count":0,"inline_featured_image":false,"spay_email":""},"translation":{"provider":"WPGlobus","version":"3.0.1","language":"sr","enabled_languages":["en","de","sr"],"languages":{"en":{"title":true,"content":true,"excerpt":false},"de":{"title":true,"content":true,"excerpt":false},"sr":{"title":true,"content":true,"excerpt":false}}},"yoast_head":"<!-- This site is optimized with the Yoast SEO plugin v18.3 - https:\/\/yoast.com\/wordpress\/plugins\/seo\/ -->\n<title>Seksualna energija, samo-uzdr\u017eavanje i ljubav - Lepota promene<\/title>\n<meta name=\"description\" content=\"Seksualna energija je motor i bez tog motora ne bi bilo ni \u017eivotinja ni nas. To je biologija. Seks i ljubav i univerzumi izme\u0111u...\" \/>\n<meta name=\"robots\" content=\"index, follow, max-snippet:-1, max-image-preview:large, max-video-preview:-1\" \/>\n<link rel=\"canonical\" href=\"https:\/\/yogajagat.com\/sexual-energy-chastity-and-continence\/\" \/>\n<meta name=\"twitter:label1\" content=\"Est. reading time\" \/>\n\t<meta name=\"twitter:data1\" content=\"17 minutes\" \/>\n<script type=\"application\/ld+json\" class=\"yoast-schema-graph\">{\"@context\":\"https:\/\/schema.org\",\"@graph\":[{\"@type\":\"Organization\",\"@id\":\"https:\/\/yogajagat.com\/#organization\",\"name\":\"Yogajagat\",\"url\":\"https:\/\/yogajagat.com\/\",\"sameAs\":[],\"logo\":{\"@type\":\"ImageObject\",\"@id\":\"https:\/\/yogajagat.com\/#logo\",\"inLanguage\":\"sr\",\"url\":\"https:\/\/i1.wp.com\/yogajagat.com\/wp-content\/uploads\/2019\/03\/DSC08478-Kopie-1.jpg?fit=798%2C800&ssl=1\",\"contentUrl\":\"https:\/\/i1.wp.com\/yogajagat.com\/wp-content\/uploads\/2019\/03\/DSC08478-Kopie-1.jpg?fit=798%2C800&ssl=1\",\"width\":798,\"height\":800,\"caption\":\"Yogajagat\"},\"image\":{\"@id\":\"https:\/\/yogajagat.com\/#logo\"}},{\"@type\":\"WebSite\",\"@id\":\"https:\/\/yogajagat.com\/#website\",\"url\":\"https:\/\/yogajagat.com\/\",\"name\":\"Lepota promene\",\"description\":\"Neprestanom promenom do najlepseg zivotnog iskustva\",\"publisher\":{\"@id\":\"https:\/\/yogajagat.com\/#organization\"},\"potentialAction\":[{\"@type\":\"SearchAction\",\"target\":{\"@type\":\"EntryPoint\",\"urlTemplate\":\"https:\/\/yogajagat.com\/?s={search_term_string}\"},\"query-input\":\"required name=search_term_string\"}],\"inLanguage\":\"sr\"},{\"@type\":\"ImageObject\",\"@id\":\"https:\/\/yogajagat.com\/sexual-energy-chastity-and-continence\/#primaryimage\",\"inLanguage\":\"sr\",\"url\":\"http:\/\/yogajagat.com\/wp-content\/uploads\/2020\/03\/IMG_7711-Kopie-2-1.jpg\",\"contentUrl\":\"http:\/\/yogajagat.com\/wp-content\/uploads\/2020\/03\/IMG_7711-Kopie-2-1.jpg\"},{\"@type\":\"WebPage\",\"@id\":\"https:\/\/yogajagat.com\/sexual-energy-chastity-and-continence\/#webpage\",\"url\":\"https:\/\/yogajagat.com\/sexual-energy-chastity-and-continence\/\",\"name\":\"Seksualna energija, samo-uzdr\u017eavanje i ljubav - Lepota promene\",\"isPartOf\":{\"@id\":\"https:\/\/yogajagat.com\/#website\"},\"primaryImageOfPage\":{\"@id\":\"https:\/\/yogajagat.com\/sexual-energy-chastity-and-continence\/#primaryimage\"},\"datePublished\":\"2019-07-09T15:55:48+00:00\",\"dateModified\":\"2020-04-16T09:47:14+00:00\",\"description\":\"Seksualna energija je motor i bez tog motora ne bi bilo ni \u017eivotinja ni nas. To je biologija. Seks i ljubav i univerzumi izme\u0111u...\",\"breadcrumb\":{\"@id\":\"https:\/\/yogajagat.com\/sexual-energy-chastity-and-continence\/#breadcrumb\"},\"inLanguage\":\"sr\",\"potentialAction\":[{\"@type\":\"ReadAction\",\"target\":[\"https:\/\/yogajagat.com\/sexual-energy-chastity-and-continence\/\"]}]},{\"@type\":\"BreadcrumbList\",\"@id\":\"https:\/\/yogajagat.com\/sexual-energy-chastity-and-continence\/#breadcrumb\",\"itemListElement\":[{\"@type\":\"ListItem\",\"position\":1,\"name\":\"Home\",\"item\":\"https:\/\/yogajagat.com\/sr\/\"},{\"@type\":\"ListItem\",\"position\":2,\"name\":\"Sexual energy, Chastity and continence\"}]}]}<\/script>\n<!-- \/ Yoast SEO plugin. -->","yoast_head_json":{"title":"Seksualna energija, samo-uzdr\u017eavanje i ljubav - Lepota promene","description":"Seksualna energija je motor i bez tog motora ne bi bilo ni \u017eivotinja ni nas. To je biologija. Seks i ljubav i univerzumi izme\u0111u...","robots":{"index":"index","follow":"follow","max-snippet":"max-snippet:-1","max-image-preview":"max-image-preview:large","max-video-preview":"max-video-preview:-1"},"canonical":"https:\/\/yogajagat.com\/sexual-energy-chastity-and-continence\/","twitter_misc":{"Est. reading time":"17 minutes"},"schema":{"@context":"https:\/\/schema.org","@graph":[{"@type":"Organization","@id":"https:\/\/yogajagat.com\/#organization","name":"Yogajagat","url":"https:\/\/yogajagat.com\/","sameAs":[],"logo":{"@type":"ImageObject","@id":"https:\/\/yogajagat.com\/#logo","inLanguage":"sr","url":"https:\/\/i1.wp.com\/yogajagat.com\/wp-content\/uploads\/2019\/03\/DSC08478-Kopie-1.jpg?fit=798%2C800&ssl=1","contentUrl":"https:\/\/i1.wp.com\/yogajagat.com\/wp-content\/uploads\/2019\/03\/DSC08478-Kopie-1.jpg?fit=798%2C800&ssl=1","width":798,"height":800,"caption":"Yogajagat"},"image":{"@id":"https:\/\/yogajagat.com\/#logo"}},{"@type":"WebSite","@id":"https:\/\/yogajagat.com\/#website","url":"https:\/\/yogajagat.com\/","name":"Lepota promene","description":"Neprestanom promenom do najlepseg zivotnog iskustva","publisher":{"@id":"https:\/\/yogajagat.com\/#organization"},"potentialAction":[{"@type":"SearchAction","target":{"@type":"EntryPoint","urlTemplate":"https:\/\/yogajagat.com\/?s={search_term_string}"},"query-input":"required name=search_term_string"}],"inLanguage":"sr"},{"@type":"ImageObject","@id":"https:\/\/yogajagat.com\/sexual-energy-chastity-and-continence\/#primaryimage","inLanguage":"sr","url":"http:\/\/yogajagat.com\/wp-content\/uploads\/2020\/03\/IMG_7711-Kopie-2-1.jpg","contentUrl":"http:\/\/yogajagat.com\/wp-content\/uploads\/2020\/03\/IMG_7711-Kopie-2-1.jpg"},{"@type":"WebPage","@id":"https:\/\/yogajagat.com\/sexual-energy-chastity-and-continence\/#webpage","url":"https:\/\/yogajagat.com\/sexual-energy-chastity-and-continence\/","name":"Seksualna energija, samo-uzdr\u017eavanje i ljubav - Lepota promene","isPartOf":{"@id":"https:\/\/yogajagat.com\/#website"},"primaryImageOfPage":{"@id":"https:\/\/yogajagat.com\/sexual-energy-chastity-and-continence\/#primaryimage"},"datePublished":"2019-07-09T15:55:48+00:00","dateModified":"2020-04-16T09:47:14+00:00","description":"Seksualna energija je motor i bez tog motora ne bi bilo ni \u017eivotinja ni nas. To je biologija. Seks i ljubav i univerzumi izme\u0111u...","breadcrumb":{"@id":"https:\/\/yogajagat.com\/sexual-energy-chastity-and-continence\/#breadcrumb"},"inLanguage":"sr","potentialAction":[{"@type":"ReadAction","target":["https:\/\/yogajagat.com\/sexual-energy-chastity-and-continence\/"]}]},{"@type":"BreadcrumbList","@id":"https:\/\/yogajagat.com\/sexual-energy-chastity-and-continence\/#breadcrumb","itemListElement":[{"@type":"ListItem","position":1,"name":"Home","item":"https:\/\/yogajagat.com\/sr\/"},{"@type":"ListItem","position":2,"name":"Sexual energy, Chastity and continence"}]}]}},"_links":{"self":[{"href":"https:\/\/yogajagat.com\/sr\/wp-json\/wp\/v2\/pages\/2237"}],"collection":[{"href":"https:\/\/yogajagat.com\/sr\/wp-json\/wp\/v2\/pages"}],"about":[{"href":"https:\/\/yogajagat.com\/sr\/wp-json\/wp\/v2\/types\/page"}],"author":[{"embeddable":true,"href":"https:\/\/yogajagat.com\/sr\/wp-json\/wp\/v2\/users\/1"}],"replies":[{"embeddable":true,"href":"https:\/\/yogajagat.com\/sr\/wp-json\/wp\/v2\/comments?post=2237"}],"version-history":[{"count":19,"href":"https:\/\/yogajagat.com\/sr\/wp-json\/wp\/v2\/pages\/2237\/revisions"}],"predecessor-version":[{"id":5789,"href":"https:\/\/yogajagat.com\/sr\/wp-json\/wp\/v2\/pages\/2237\/revisions\/5789"}],"wp:attachment":[{"href":"https:\/\/yogajagat.com\/sr\/wp-json\/wp\/v2\/media?parent=2237"}],"curies":[{"name":"wp","href":"https:\/\/api.w.org\/{rel}","templated":true}]}}