{"id":2235,"date":"2019-05-17T21:29:43","date_gmt":"2019-05-17T20:29:43","guid":{"rendered":"http:\/\/yogajagat.com\/?page_id=2235"},"modified":"2020-06-05T22:55:36","modified_gmt":"2020-06-05T20:55:36","slug":"poverty-and-greed-abundance-and-kings","status":"publish","type":"page","link":"https:\/\/yogajagat.com\/sr\/pohlepa-siromastvo-izobilje-i-kraljevi\/","title":{"rendered":"Pohlepa i siroma\u0161tvo. Izobilje i kraljevi"},"content":{"rendered":"[vc_row][vc_column][vc_column_text]\n<h3 style=\"text-align: center;\"><span style=\"color: #993300;\">POHLEPA I SIROMA\u0160TVO<\/span><\/h3>\n[\/vc_column_text][\/vc_column][\/vc_row][vc_row][vc_column][vc_column_text]Tema ovog teksta je pohlepa i siroma\u0161tvo. Ovaj tekst govori o tome kako mi druga\u010dije zovemo <em>imati i<\/em>\u00a0<em>nemati<\/em>, o duplim licima siroma\u0161tva i izobilja, o tome koliko je pametno sa\u010duvati se od slatkih re\u010di i laskanja, a u ovom tekstu vam dajem i par saveta kako da <em>Napravite Razliku<\/em> i da sagledate i pogledate pravo u o\u010di upravo tom stanju u kome se trenutno nalazite.<\/p>\n<p><img loading=\"lazy\" class=\"aligncenter size-full wp-image-5305\" src=\"https:\/\/i1.wp.com\/yogajagat.com\/wp-content\/uploads\/2020\/02\/DSC09131-1024x768-1.jpg?resize=640%2C480\" alt=\"pohlepa i siroma\u0161tvo poverty and greed\" width=\"640\" height=\"480\" srcset=\"https:\/\/i1.wp.com\/yogajagat.com\/wp-content\/uploads\/2020\/02\/DSC09131-1024x768-1.jpg?w=640&amp;ssl=1 640w, https:\/\/i1.wp.com\/yogajagat.com\/wp-content\/uploads\/2020\/02\/DSC09131-1024x768-1.jpg?resize=300%2C225&amp;ssl=1 300w\" sizes=\"(max-width: 640px) 100vw, 640px\" data-recalc-dims=\"1\" \/>[\/vc_column_text][\/vc_column][\/vc_row][vc_row][vc_column][vc_column_text]\n<h3><\/h3>\n<h4 style=\"text-align: center;\"><span style=\"color: #993300;\">SUBJEKT U ODNOSU PREMA OBJEKTU<\/span><\/h4>\n<hr \/>\n<p>&nbsp;<\/p>\n<p>Ni\u0161ta \u0161to odlikuje na\u0161e pretke od pre miliona godina ne nedostaje ni nama danas.<\/p>\n<p>Me\u0111utim, ni hijenu ni pe\u0107inskog \u010doveka niko nije dresirao da bude pohlepan, da ne otima i ne uzima ono \u0161to mu ne pripada. I hijena i neandertalac su znali koliko im treba da bi pre\u017eiveli, za vi\u0161e od toga oni nisu rizikovali svoj \u017eivot. \u010cak se ni ribe, kao vrsta \u017eivota koja poseduje mnogo razvijeniju svest o okolini od ostalih speciesa (mo\u017eda ekstremno razvijenu intuiciju), nisu se prejedale i tako ubijale same sebe.<\/p>\n<p>Interesantno, to nije sa dana\u0161njim \u010dovekom.<\/p>\n<p>&nbsp;<\/p>\n<p>\u0160ta se desilo ljudskom srcu i najrazvijenijoj svesti na Zemlji? Za\u0161to on sebi dozvoljava da ga neka druga osoba, neki drugi sistem, neko drugo stanje tako dresira i okrene od smislenih misli i dela?<\/p>\n<p>Kakva se to velika tragedija ljudskom srcu desila da ono \u010dak i ne ose\u0107a da se unazadilo na ni\u017ei nivo evolucije? Srce \u010dak ni samo sebe vi\u0161e ne ose\u0107a.<\/p>\n<p>Mnoga ljudska srca i mozgovi danas \u010dak u\u017eivaju u pohlepi, toliko neprisutni, toliko razdvojeni od same svoje prirode.<\/p>\n<p>&nbsp;<\/p>\n<p>Da li su ljudske osobine pohlepa i gramzivost genetski uro\u0111ene ili ne, malo je filozofska i mnogo vi\u0161e tema analize ljudske psihe. Pelcer za ove ljudske osobine sigurno je, jo\u0161 jednom, vaspitanje (mo\u017eda i nasle\u0111e), sami uslova \u017eivota, okolina, li\u010dni mentalitet, sposobnost samokontrole i pre svega razvijenosti energije srca.<\/p>\n<p>Pohlepa na materijalnom nivou (za novcem, za objektima), na emocionalnom nivou (za priznavanjem u dru\u0161tvu, \u017eudnja za pa\u017enjom), na mentalnom i duhovnom nivou (\u017eudnja za mo\u0107i) je svet doveo do krajnje materijalne, emocionalne, mentalne i duhovne disharmonije.<\/p>\n<p>\u010cak su i bogovi pohlepni poru\u010duju\u0107i nam da bi samo njih trebali da volimo, da se samo na njih oslanjamo i da samo njima verujemo.<\/p>\n<p>Svim ovim kombinacijama \u010dovek je tako svoju svest, koja se kao i sve ostale pojave, forme i oblici, neprestano razvija i oblikuje bez obzira da li to neko to \u017eeli ili ne (dr\u017eanje ljudske svesti i ljudskih potencijala pod kontrolom je delatnost stara od kada se pojavilo i prvo ljudsko izobilje i to je druga tema) umesto unapredio, unazadio.<\/p>\n<p>&nbsp;<\/p>\n<p>\u010cega je vredna ta lakomislena prodaja <a href=\"https:\/\/yogajagat.com\/sr\/dobrota-i-plemenitost-najveci-ljudski-darovi\/\"><span style=\"color: #993300;\">dobrote<\/span> <\/a>sopstvenog srca onih ljudi koji su dozvolili sebi da budu dresirani da la\u017eu, otimaju, i otimaju jo\u0161 vi\u0161e? Toliko je \u010dovek danas dobro (ali fino i tiho) izdresiran da on \u010dak ni sam sebe ne vidi i ne \u010duje.<\/p>\n<p>Vidi i \u010duje samo svoju pohlepu i gramzivost.<\/p>\n<p>Mnogi laskaju, mnogo je ulizica.<\/p>\n<p>Da li su, dragi ljudi, brzi automobili, velike ku\u0107e, skupa putovanja, torbe i pantalone zaista vredni tako olake prodaje srca i divne, ljudske du\u0161e?<\/p>\n<p>Ne zaboravite, kada odete, ljudi \u0107e se, ipak, se\u0107ati energije va\u0161ih dela (i dela va\u0161ih roditelja, ako ste sre\u0107ni) a ne marke va\u0161e ta\u0161ne ili automobila.[\/vc_column_text][\/vc_column][\/vc_row][vc_row][vc_column][vc_custom_heading text=&#8221;Imati \/ nemati&#8221; font_container=&#8221;tag:h2|text_align:center|color:%231ba2b7&#8243; google_fonts=&#8221;font_family:Ubuntu%3A300%2C300italic%2Cregular%2Citalic%2C500%2C500italic%2C700%2C700italic|font_style:300%20light%20italic%3A300%3Aitalic&#8221;][\/vc_column][\/vc_row][vc_row][vc_column][vc_column_text]\n<hr \/>\n<p>&nbsp;<\/p>\n<p>Na\u0161a planeta je prepuna ljudi. Ona ugo\u0161\u010dava 7,7 biliona ljudi razli\u010ditih navika, mi\u0161ljenja, pristupa \u017eivotu, nadarenosti ili boje ko\u017ee.<\/p>\n<p>Ali da bi ostao u \u017eivotu, svakom \u010doveku na Zemlji je potrebna ista koli\u010dina vode, hrane, tople ode\u0107e i krov na glavom. To je ono bez \u010dega ljudsko bi\u0107e ne mo\u017ee da pre\u017eivi.<\/p>\n<p>Ne-imati ljudi obi\u010dno nazivaju siroma\u0161tvom.<\/p>\n<p>Kako god, ovo iskustvo je posebno na\u0161em narodu poznato. Da li smo se svi rodili na uglu Zemlje kome je ba\u0161 tako dato, da li nam je tako odre\u0111eno, da li smo tako zaslu\u017eili, da li smo sami sebi dozvolili tu upornu nema\u0161tinu (govorim, naravno, o ve\u0107ini populacije \u010ditavog komada Zemlje od Vardara do Triglava), da li iza tog malog par\u010deta Zemlje stoji neka velika misti\u010dna sila bila ona sila prirode, Vasione ili bankara, odredi\u0107e li\u010dna filozofija, li\u010dna sposobnost mi\u0161ljenja i verovanja, li\u010dna kreativnost, intuicija i li\u010dna mo\u0107 uvida svakog od nas.<\/p>\n<p>Kako god, na Zapadu ljudi imaju vi\u0161e problema sa gojazno\u0161\u0107u nego sa nedostatkom hrane.<\/p>\n<p>Ve\u0107ina ljudi u Africi \u017eivi u totalnom siroma\u0161tvu nemaju\u0107i ni vodu.<\/p>\n<p>Na Zapadu svaka pojedina\u010dna osoba poseduje stotinu puta vi\u0161e nego \u0161to mu je potrebno.<\/p>\n<p>Na zemlji 2,3 milijarde ljudi nema one najosnovnije uslove za sam \u017eivot.<\/p>\n<p>Jedan jedini gra\u0111anin zapadne Evrope poseduje stotinu puta vi\u0161e nego \u010dovek istog obrazovanja, na istom radnom mestu u isto\u010dnoj Evropi. Evropa je mali prostor, granice su vrlo blizu jedna druge, i one vidljive i one nevidljive.<\/p>\n<p>Sre\u0107om, siroma\u0161tvo je u mnogim zemljama Evrope jo\u0161 uvek samo tema za filozofiranja sa drugarima. Sre\u0107om, mnogi ljudi u zapadnoj Evropi i ostalim bogatim zemljama imaju samo &#8220;mi\u0161ljenje&#8221; o tome \u0161ta je siroma\u0161tvo (ili \u0161ta bi to moglo da bude) a ne pravo iskustvo o tome.<\/p>\n<p>Odnos imati-nemati je na Zemlji van balansa. Pohlepa i siroma\u0161tvo nikada ranije nisu bili na vi\u0161oj i br\u017eoj klackalici nego danas.<\/p>\n<p>Ko je odgovoran za ovaj neverovatan disbalans na Zemlji ili u pojedina\u010dnoj Zemlji, tema je politike, etike i morala ljudske vrste. Vlada ogroman haos, od morala i etike svakog pojedinca do zdravlja razuma politi\u010dara.<\/p>\n<p>Kako god, ovaj disbalans ide ukorak sa razvojem tehnologije. Tako smo hteli, tako biramo. I tako ostavljamo da bude.<\/p>\n<p>Tako\u0111e ne zaboravite da je &#8220;happy pill&#8221; izmi\u0161ljena u najbogatijoj zemlji sveta kao i da su nju prvi konzumirali upravo stanovnici te zemlje.<\/p>\n<p>Kao neko koga je \u017eivot nosio i dovodio u razne uglove \u017eivota mogla bih dosta da pi\u0161em i govorim o nema\u0161tini i izobilju, ili o igrama koje pohlepa i siroma\u0161tvo mogu da odigraju, ali \u0107u se na ovoj stranici ipak vi\u0161e pozabaviti time kako ostati balansiran i pored provokacija izobilja. Ova celokupna web strana govori upravo o tome kako ostati izbalansiran na svim poljima \u017eivota.[\/vc_column_text][\/vc_column][\/vc_row][vc_row][vc_column][vc_column_text]<img loading=\"lazy\" class=\"aligncenter size-full wp-image-5359\" src=\"https:\/\/i2.wp.com\/yogajagat.com\/wp-content\/uploads\/2020\/02\/DSC03701.jpg?resize=640%2C480\" alt=\"poverty vs abundance pohlepa i siromastvo\" width=\"640\" height=\"480\" srcset=\"https:\/\/i2.wp.com\/yogajagat.com\/wp-content\/uploads\/2020\/02\/DSC03701.jpg?w=640&amp;ssl=1 640w, https:\/\/i2.wp.com\/yogajagat.com\/wp-content\/uploads\/2020\/02\/DSC03701.jpg?resize=300%2C225&amp;ssl=1 300w\" sizes=\"(max-width: 640px) 100vw, 640px\" data-recalc-dims=\"1\" \/>[\/vc_column_text][\/vc_column][\/vc_row][vc_row][vc_column][vc_custom_heading text=&#8221;I izobilje i siroma\u0161tvo su jedna para sa dva lica&#8221; font_container=&#8221;tag:h2|text_align:center|color:%231ba2b7&#8243; google_fonts=&#8221;font_family:Ubuntu%3A300%2C300italic%2Cregular%2Citalic%2C500%2C500italic%2C700%2C700italic|font_style:300%20light%20italic%3A300%3Aitalic&#8221;][\/vc_column][\/vc_row][vc_row][vc_column][vc_column_text]\n<hr \/>\n<p>&nbsp;<\/p>\n<p>I izobilje i siroma\u0161tvo imaju dupla lica.<\/p>\n<p>\u201cBio sam siroma\u0161an, sada imam i sada \u0107u to i da poka\u017eem\u201d- i\u00a0tako je izgubio smisao za meru.<\/p>\n<p>Izobilje podhranjuje pohlepu a pohlepa postaje slepac koji se polako ali sigurno gubi u vrednostima. Vrednosti postaju isklju\u010divo materijalne. A vodilja im je kompleks ni\u017ee vrednosti.<\/p>\n<p>&nbsp;<\/p>\n<p>Dan za danom, sve ono subjektivno novi bogata\u0161 (u odnosu na samog sebe) pretvara u objekte, koji, kao \u0161to svaka od na\u0161ih du\u0161a u svojoj dubini zna, nisu niti izvor sre\u0107e i spokoja, niti smisao \u017eivota.<\/p>\n<p>\u010covek tako svog najozbiljnijeg u\u010ditelja i najve\u0107eg gurua (<em>guru<\/em>\u2013 vo\u0111a, u\u010ditelj, onaj koji otklanja tamu u znanju) prepusti povr\u0161nom, gramzivom, praznom snobizmu. Kao \u0161to samozaljubljeni bogata\u0161 kome je srce potpuno opsednuto objektima i posedovanjem ne mo\u017ee da vidi kakvu budalu od sebe pravi, ne mo\u017ee to ni snob.<\/p>\n<p>Sigurno da nema ni\u010dega lo\u0161eg u finansijski dobro stoje\u0107im stanjima, naravno, ali se mnogi od onih koji se (ponekad vrlo brzo, kako?) obogate, vrlo brzo i izgube u toj novoj ko\u017ei. Vrlo malo njih \u0107e uspeti da odr\u017ei \u010disto srce i glavu. Ne zaboravite, izobilje je u biti sve ono \u0161to nam ne treba da bi pre\u017eiveli. Najve\u0107i broj zapadnih ku\u0107a ispunjene su stvarima koje nikom \u017eivom ne trebaju.<\/p>\n<p>Ono \u0161to je za dana\u0161nje dresirane prodavce blagostanja realnost, nije realnost ostalom svetu.<\/p>\n<p>Tragedija koja se evoluciji ljudske svesti desila jeste da <em>mo\u0107<\/em> danas za mnoge ljudske glave zna\u010di novac.<\/p>\n<p>To je ta\u010dno.<\/p>\n<p>&nbsp;<\/p>\n<p>Me\u0111utim, kao \u0161to se svetlost javlja samo tamo gde ima tame, tako i tragedija u na\u0161oj evoluciji ima i svoj par a to je bla\u017eenstvo srca. Razvoj i transformacija svesti razvija i transformi\u0161e i srce.<\/p>\n<p>&nbsp;<\/p>\n<p>Evolucija pri tom nije ni\u0161ta drugo nego transformacija i menjanje formi i njihovih potencijala.<\/p>\n<p>&nbsp;<\/p>\n<p>Imate dva pola u sebi i oko sebe, vi ste kormilar, tre\u0107i, i odlu\u010duju\u0107i.<\/p>\n<p>Svaki dan i svaka no\u0107 stoji svakom \u010doveku na raspolaganju.<\/p>\n<p>Na \u010doveku je da transformi\u0161e ovo lice jedne pare.<\/p>\n<p>Razvijenom srcu, koje umu donosi bistrinu, niko ne mo\u017ee prodati ljubav i spokoj. Takav \u010dovek je ljubav sama.<\/p>\n<h3><\/h3>\n<h3 style=\"text-align: center;\"><span style=\"color: #993300;\">STRAHOVI<\/span><\/h3>\n<hr \/>\n<p>&nbsp;<\/p>\n<p>Svaka manipulacija je odjek straha. Strah se pretvara u agresivnosti (re\u010di i dela).<\/p>\n<p>Agresivnost je odlika nisko razvijene svesti.<\/p>\n<p>Postoji i tzv. pozitivan strah, od predaka nasle\u0111en, strah dobar i neophodan za opstanak. Manipulacija ljudima nije \u010dist instinkt pre\u017eivljavanja ve\u0107 kompleks ni\u017ee vrednosti, posledica duhovne slabosti i niskih strasti. Ribe i hijene nemaju kompleks ni\u017ee vrednosti.<\/p>\n<p>Postoji naravno i pozitivna pohlepa koja je, za razliku od ove samo- destruktivne mala ali za li\u010dnu, pozitivnu kreativnost. Ona je vrlo produktivna.<\/p>\n<p>Pitanje je da li \u0107e i kada mali ili veliki \u010dovek sazreti i prepoznati granicu izme\u0111u pozitivne kreativnosti (a \u017eivot bez kreativnosti je mrtav \u017eivot) i one samo-uni\u0161tavaju\u0107e i okrenuti kormilo samo-realizacije ka pravim koordinatama. &#8220;Mali \u010dovek&#8221; da transformi\u0161e svoju nema\u0161tinu u mudrost, &#8220;veliki \u010dovek&#8221; da transformi\u0161e svoje izobilje u- mudrost.<\/p>\n<p>Sve se, kao i u svakom delu i potezu ljudi, odbija o ili na samo postojanje i pro\u0161iruje na celokupno \u010dove\u010danstvo. Tako i pohlepa i siroma\u0161tvo.[\/vc_column_text][\/vc_column][\/vc_row][vc_row][vc_column][vc_custom_heading text=&#8221;Slatke re\u010di&#8221; font_container=&#8221;tag:h2|text_align:center|color:%231ba2b7&#8243; google_fonts=&#8221;font_family:Ubuntu%3A300%2C300italic%2Cregular%2Citalic%2C500%2C500italic%2C700%2C700italic|font_style:300%20light%20italic%3A300%3Aitalic&#8221;][\/vc_column][\/vc_row][vc_row][vc_column][vc_column_text]\n<hr \/>\n<p>&nbsp;<\/p>\n<p>Dana\u0161nje vo\u0111e sveta su inteligentni ljudi kojima je mo\u017eda energija srca i dobrote na vrlo niskom nivou ali su im zato intelekt i svest o slabostima drugih na veoma visokom.<\/p>\n<p>Staze ulizica su kao i staze svakog parazita klizave, maglovite i slepe ulice koje ne vode nikuda osim u blato, u neizbe\u017eno ismejavanje i cinizam okoline.<\/p>\n<p><img loading=\"lazy\" class=\"alignright wp-image-5286 size-medium\" src=\"https:\/\/i0.wp.com\/yogajagat.com\/wp-content\/uploads\/2020\/02\/DSC06829-1024x768-1-300x225.jpg?resize=300%2C225\" alt=\"pohlepa i siroma\u0161tvo\" width=\"300\" height=\"225\" srcset=\"https:\/\/i1.wp.com\/yogajagat.com\/wp-content\/uploads\/2020\/02\/DSC06829-1024x768-1.jpg?resize=300%2C225&amp;ssl=1 300w, https:\/\/i1.wp.com\/yogajagat.com\/wp-content\/uploads\/2020\/02\/DSC06829-1024x768-1.jpg?w=640&amp;ssl=1 640w\" sizes=\"(max-width: 300px) 100vw, 300px\" data-recalc-dims=\"1\" \/>Dru\u0161tvo zna da bude vrlo okrutno prema ulizicama mada je um veoma koruptivna pojava.<\/p>\n<p>&nbsp;<\/p>\n<p>Najve\u0107i mudraci su ljudi koji \u017eive jednostavnim \u017eivotom bez \u017eelje za posedovanjem, manipulacijom i otimanjem.<\/p>\n<p>Treba jednostavno dobro promisliti pre nego \u0161to se napazari neka slatka re\u010d i ulizi\u010dki odgovori licima od kamena.[\/vc_column_text][\/vc_column][\/vc_row][vc_row][vc_column][vc_custom_heading text=&#8221;Po indijskim drevnim spisima&#8221; font_container=&#8221;tag:h2|text_align:center|color:%231ba2b7&#8243; google_fonts=&#8221;font_family:Ubuntu%3A300%2C300italic%2Cregular%2Citalic%2C500%2C500italic%2C700%2C700italic|font_style:300%20light%20italic%3A300%3Aitalic&#8221;][\/vc_column][\/vc_row][vc_row][vc_column][vc_column_text]\n<hr \/>\n<p>&nbsp;<\/p>\n<p>\u2026 ova vrsta morala ili <em>Dharme<\/em> je poznata kao\u00a0<span style=\"color: #800080;\">Apiragraha\u00a0<\/span>a ljudi sa transformiranom sve\u0161\u0107u se zovu <em>Rad\u017ee<\/em>, kraljevi (otud Rad\u017ea ili\u00a0<a href=\"https:\/\/yogajagat.com\/sr\/razmisljanje-i-uvid-put-rezonovanja\/\"><span style=\"color: #993300;\">Raja Yoga<\/span><\/a>, Joga kraljeva).<\/p>\n<p>Jednom rad\u017ei je i prazna, gola slamarica dovoljna jer je njegova svest o pravim kvavitetima ljudskog uma i njegove veze sa kosmi\u010dkim energijama na vrlo visokom, transformisanom nivou. A ima i ljudi koji su spokojni i sa golom zemljom kao krevetom i golim nebom kao pokriva\u010dem. Ovakvih ljudi ima vrlo malo na Zemlji.<\/p>\n[\/vc_column_text][vc_cta h2=&#8221;Yoga Sutra 2.39:&#8221; color=&#8221;turquoise&#8221;]Kada \u010dovek postane nepokolebljiv u svojoj suzdr\u017eanosti od pohlepe, sti\u010de znanje o svojim pro\u0161lim, sada\u0161njim i budu\u0107im postojanjima.[\/vc_cta][\/vc_column][\/vc_row][vc_row][vc_column][vc_column_text]Radi se i\u00a0o tome da se slatke re\u010di i (uglavnom prazna) obe\u0107anja ne trebaju uzimati tako olako jer ovo vodi u jo\u0161 ve\u0107e ropstvo i nova razo\u010darenja.<\/p>\n<p>&nbsp;<\/p>\n<p>Probajte da ostvarite svoje ciljeve radom i iskreno\u0161\u0107u, odreknite se \u017eivota ulizica i o\u010dekivanja.<\/p>\n<p>Ovo je te\u017eak rad ali donosi neizmeran mir duhu i spokoj srcu. A to je najve\u0107e bogatstvo svake \u017eive ljudske du\u0161e.<\/p>\n<p>&nbsp;<\/p>\n<p>Ne zaboravite \u0161ta smo jednom rekli:<\/p>\n<p>Ko ho\u0107e ve\u0107e, izgubi iz vre\u0107e.<\/p>\n<p>Valjda smo, jednom, znali o \u010demu smo pri\u010dali.[\/vc_column_text][\/vc_column][\/vc_row]\n","protected":false},"excerpt":{"rendered":"<p>[vc_row][vc_column][vc_column_text]<br \/>\nPOHLEPA I SIROMA\u0160TVO<br \/>\n[\/vc_column_text][\/vc_column][\/vc_row][vc_row][vc_column][vc_column_text]Tema ovog teksta je pohlepa i siroma\u0161tvo. Ovaj tekst govori o tome kako mi druga\u010dije zovemo imati i\u00a0nemati, o duplim licima siroma\u0161tva i izobilja, o tome koliko je pametno sa\u010duvati se od slatkih re\u010di i laskanja, a u ovom tekstu vam dajem i par saveta kako da Napravite Razliku i da sagledate i pogledate pravo u o\u010di upravo tom stanju u kome se trenutno nalazite.<br \/>\n[\/vc_column_text][\/vc_column][\/vc_row][vc_row][vc_column][vc_column_text]<\/p>\n<p>SUBJEKT U ODNOSU PREMA OBJEKTU<\/p>\n<p>&nbsp;<br \/>\nNi\u0161ta \u0161to &#8230;<\/p>\n","protected":false},"author":1,"featured_media":0,"parent":0,"menu_order":0,"comment_status":"closed","ping_status":"closed","template":"template-full-width.php","meta":{"_bbp_topic_count":0,"_bbp_reply_count":0,"_bbp_total_topic_count":0,"_bbp_total_reply_count":0,"_bbp_voice_count":0,"_bbp_anonymous_reply_count":0,"_bbp_topic_count_hidden":0,"_bbp_reply_count_hidden":0,"_bbp_forum_subforum_count":0,"inline_featured_image":false,"spay_email":""},"translation":{"provider":"WPGlobus","version":"3.0.1","language":"sr","enabled_languages":["en","de","sr"],"languages":{"en":{"title":true,"content":true,"excerpt":false},"de":{"title":true,"content":true,"excerpt":false},"sr":{"title":true,"content":true,"excerpt":false}}},"yoast_head":"<!-- This site is optimized with the Yoast SEO plugin v18.3 - https:\/\/yoast.com\/wordpress\/plugins\/seo\/ -->\n<title>Pohlepa i siroma\u0161tvo. Izobilje i kraljevi - Lepota promene<\/title>\n<meta name=\"description\" content=\"Pohlepa i siroma\u0161tvo. Evolucija nije ni\u0161ta drugo nego transformacija i menjanje formi i njihovih potencijala. Dva pola i du\u0161a...\" \/>\n<meta name=\"robots\" content=\"index, follow, max-snippet:-1, max-image-preview:large, max-video-preview:-1\" \/>\n<link rel=\"canonical\" href=\"https:\/\/yogajagat.com\/poverty-and-greed-abundance-and-kings\/\" \/>\n<meta name=\"twitter:label1\" content=\"Est. reading time\" \/>\n\t<meta name=\"twitter:data1\" content=\"34 minutes\" \/>\n<script type=\"application\/ld+json\" class=\"yoast-schema-graph\">{\"@context\":\"https:\/\/schema.org\",\"@graph\":[{\"@type\":\"Organization\",\"@id\":\"https:\/\/yogajagat.com\/#organization\",\"name\":\"Yogajagat\",\"url\":\"https:\/\/yogajagat.com\/\",\"sameAs\":[],\"logo\":{\"@type\":\"ImageObject\",\"@id\":\"https:\/\/yogajagat.com\/#logo\",\"inLanguage\":\"sr\",\"url\":\"https:\/\/i1.wp.com\/yogajagat.com\/wp-content\/uploads\/2019\/03\/DSC08478-Kopie-1.jpg?fit=798%2C800&ssl=1\",\"contentUrl\":\"https:\/\/i1.wp.com\/yogajagat.com\/wp-content\/uploads\/2019\/03\/DSC08478-Kopie-1.jpg?fit=798%2C800&ssl=1\",\"width\":798,\"height\":800,\"caption\":\"Yogajagat\"},\"image\":{\"@id\":\"https:\/\/yogajagat.com\/#logo\"}},{\"@type\":\"WebSite\",\"@id\":\"https:\/\/yogajagat.com\/#website\",\"url\":\"https:\/\/yogajagat.com\/\",\"name\":\"Lepota promene\",\"description\":\"Neprestanom promenom do najlepseg zivotnog iskustva\",\"publisher\":{\"@id\":\"https:\/\/yogajagat.com\/#organization\"},\"potentialAction\":[{\"@type\":\"SearchAction\",\"target\":{\"@type\":\"EntryPoint\",\"urlTemplate\":\"https:\/\/yogajagat.com\/?s={search_term_string}\"},\"query-input\":\"required name=search_term_string\"}],\"inLanguage\":\"sr\"},{\"@type\":\"ImageObject\",\"@id\":\"https:\/\/yogajagat.com\/poverty-and-greed-abundance-and-kings\/#primaryimage\",\"inLanguage\":\"sr\",\"url\":\"http:\/\/yogajagat.com\/wp-content\/uploads\/2020\/02\/DSC09131-1024x768-1.jpg\",\"contentUrl\":\"http:\/\/yogajagat.com\/wp-content\/uploads\/2020\/02\/DSC09131-1024x768-1.jpg\"},{\"@type\":\"WebPage\",\"@id\":\"https:\/\/yogajagat.com\/poverty-and-greed-abundance-and-kings\/#webpage\",\"url\":\"https:\/\/yogajagat.com\/poverty-and-greed-abundance-and-kings\/\",\"name\":\"Pohlepa i siroma\u0161tvo. Izobilje i kraljevi - Lepota promene\",\"isPartOf\":{\"@id\":\"https:\/\/yogajagat.com\/#website\"},\"primaryImageOfPage\":{\"@id\":\"https:\/\/yogajagat.com\/poverty-and-greed-abundance-and-kings\/#primaryimage\"},\"datePublished\":\"2019-05-17T20:29:43+00:00\",\"dateModified\":\"2020-06-05T20:55:36+00:00\",\"description\":\"Pohlepa i siroma\u0161tvo. Evolucija nije ni\u0161ta drugo nego transformacija i menjanje formi i njihovih potencijala. Dva pola i du\u0161a...\",\"breadcrumb\":{\"@id\":\"https:\/\/yogajagat.com\/poverty-and-greed-abundance-and-kings\/#breadcrumb\"},\"inLanguage\":\"sr\",\"potentialAction\":[{\"@type\":\"ReadAction\",\"target\":[\"https:\/\/yogajagat.com\/poverty-and-greed-abundance-and-kings\/\"]}]},{\"@type\":\"BreadcrumbList\",\"@id\":\"https:\/\/yogajagat.com\/poverty-and-greed-abundance-and-kings\/#breadcrumb\",\"itemListElement\":[{\"@type\":\"ListItem\",\"position\":1,\"name\":\"Home\",\"item\":\"https:\/\/yogajagat.com\/sr\/\"},{\"@type\":\"ListItem\",\"position\":2,\"name\":\"Poverty and Greed, Abundance and Kings\"}]}]}<\/script>\n<!-- \/ Yoast SEO plugin. -->","yoast_head_json":{"title":"Pohlepa i siroma\u0161tvo. Izobilje i kraljevi - Lepota promene","description":"Pohlepa i siroma\u0161tvo. Evolucija nije ni\u0161ta drugo nego transformacija i menjanje formi i njihovih potencijala. Dva pola i du\u0161a...","robots":{"index":"index","follow":"follow","max-snippet":"max-snippet:-1","max-image-preview":"max-image-preview:large","max-video-preview":"max-video-preview:-1"},"canonical":"https:\/\/yogajagat.com\/poverty-and-greed-abundance-and-kings\/","twitter_misc":{"Est. reading time":"34 minutes"},"schema":{"@context":"https:\/\/schema.org","@graph":[{"@type":"Organization","@id":"https:\/\/yogajagat.com\/#organization","name":"Yogajagat","url":"https:\/\/yogajagat.com\/","sameAs":[],"logo":{"@type":"ImageObject","@id":"https:\/\/yogajagat.com\/#logo","inLanguage":"sr","url":"https:\/\/i1.wp.com\/yogajagat.com\/wp-content\/uploads\/2019\/03\/DSC08478-Kopie-1.jpg?fit=798%2C800&ssl=1","contentUrl":"https:\/\/i1.wp.com\/yogajagat.com\/wp-content\/uploads\/2019\/03\/DSC08478-Kopie-1.jpg?fit=798%2C800&ssl=1","width":798,"height":800,"caption":"Yogajagat"},"image":{"@id":"https:\/\/yogajagat.com\/#logo"}},{"@type":"WebSite","@id":"https:\/\/yogajagat.com\/#website","url":"https:\/\/yogajagat.com\/","name":"Lepota promene","description":"Neprestanom promenom do najlepseg zivotnog iskustva","publisher":{"@id":"https:\/\/yogajagat.com\/#organization"},"potentialAction":[{"@type":"SearchAction","target":{"@type":"EntryPoint","urlTemplate":"https:\/\/yogajagat.com\/?s={search_term_string}"},"query-input":"required name=search_term_string"}],"inLanguage":"sr"},{"@type":"ImageObject","@id":"https:\/\/yogajagat.com\/poverty-and-greed-abundance-and-kings\/#primaryimage","inLanguage":"sr","url":"http:\/\/yogajagat.com\/wp-content\/uploads\/2020\/02\/DSC09131-1024x768-1.jpg","contentUrl":"http:\/\/yogajagat.com\/wp-content\/uploads\/2020\/02\/DSC09131-1024x768-1.jpg"},{"@type":"WebPage","@id":"https:\/\/yogajagat.com\/poverty-and-greed-abundance-and-kings\/#webpage","url":"https:\/\/yogajagat.com\/poverty-and-greed-abundance-and-kings\/","name":"Pohlepa i siroma\u0161tvo. Izobilje i kraljevi - Lepota promene","isPartOf":{"@id":"https:\/\/yogajagat.com\/#website"},"primaryImageOfPage":{"@id":"https:\/\/yogajagat.com\/poverty-and-greed-abundance-and-kings\/#primaryimage"},"datePublished":"2019-05-17T20:29:43+00:00","dateModified":"2020-06-05T20:55:36+00:00","description":"Pohlepa i siroma\u0161tvo. Evolucija nije ni\u0161ta drugo nego transformacija i menjanje formi i njihovih potencijala. Dva pola i du\u0161a...","breadcrumb":{"@id":"https:\/\/yogajagat.com\/poverty-and-greed-abundance-and-kings\/#breadcrumb"},"inLanguage":"sr","potentialAction":[{"@type":"ReadAction","target":["https:\/\/yogajagat.com\/poverty-and-greed-abundance-and-kings\/"]}]},{"@type":"BreadcrumbList","@id":"https:\/\/yogajagat.com\/poverty-and-greed-abundance-and-kings\/#breadcrumb","itemListElement":[{"@type":"ListItem","position":1,"name":"Home","item":"https:\/\/yogajagat.com\/sr\/"},{"@type":"ListItem","position":2,"name":"Poverty and Greed, Abundance and Kings"}]}]}},"_links":{"self":[{"href":"https:\/\/yogajagat.com\/sr\/wp-json\/wp\/v2\/pages\/2235"}],"collection":[{"href":"https:\/\/yogajagat.com\/sr\/wp-json\/wp\/v2\/pages"}],"about":[{"href":"https:\/\/yogajagat.com\/sr\/wp-json\/wp\/v2\/types\/page"}],"author":[{"embeddable":true,"href":"https:\/\/yogajagat.com\/sr\/wp-json\/wp\/v2\/users\/1"}],"replies":[{"embeddable":true,"href":"https:\/\/yogajagat.com\/sr\/wp-json\/wp\/v2\/comments?post=2235"}],"version-history":[{"count":24,"href":"https:\/\/yogajagat.com\/sr\/wp-json\/wp\/v2\/pages\/2235\/revisions"}],"predecessor-version":[{"id":5895,"href":"https:\/\/yogajagat.com\/sr\/wp-json\/wp\/v2\/pages\/2235\/revisions\/5895"}],"wp:attachment":[{"href":"https:\/\/yogajagat.com\/sr\/wp-json\/wp\/v2\/media?parent=2235"}],"curies":[{"name":"wp","href":"https:\/\/api.w.org\/{rel}","templated":true}]}}