{"id":2231,"date":"2019-04-12T01:21:11","date_gmt":"2019-04-12T00:21:11","guid":{"rendered":"http:\/\/yogajagat.com\/?page_id=2231"},"modified":"2021-06-14T17:30:23","modified_gmt":"2021-06-14T15:30:23","slug":"honesty-earnestness-veracity","status":"publish","type":"page","link":"https:\/\/yogajagat.com\/sr\/iskrenost-istinitost-istina\/","title":{"rendered":"Iskrenost. Istinitost. Istina."},"content":{"rendered":"[vc_row][vc_column][vc_column_text]\n<h3 style=\"text-align: center;\"><span style=\"color: #993300;\">ISKRENOST, ISTINITOST, ISTINA<\/span><\/h3>\n[\/vc_column_text][\/vc_column][\/vc_row][vc_row][vc_column][vc_custom_heading text=&#8221;Ljudska prava i zakoni prirode&#8221; font_container=&#8221;tag:h2|text_align:center|color:%231da5ba&#8221; google_fonts=&#8221;font_family:Ubuntu%3A300%2C300italic%2Cregular%2Citalic%2C500%2C500italic%2C700%2C700italic|font_style:300%20light%20italic%3A300%3Aitalic&#8221;][\/vc_column][\/vc_row][vc_row][vc_column][vc_column_text]\n<h4 style=\"text-align: center;\"><\/h4>\n<p><img loading=\"lazy\" class=\"aligncenter wp-image-4498 size-medium\" src=\"https:\/\/i1.wp.com\/yogajagat.com\/wp-content\/uploads\/2020\/01\/DSC09925-225x300.jpg?resize=225%2C300\" alt=\"iskrenost\" width=\"225\" height=\"300\" srcset=\"https:\/\/i0.wp.com\/yogajagat.com\/wp-content\/uploads\/2020\/01\/DSC09925.jpg?resize=225%2C300&amp;ssl=1 225w, https:\/\/i0.wp.com\/yogajagat.com\/wp-content\/uploads\/2020\/01\/DSC09925.jpg?w=480&amp;ssl=1 480w\" sizes=\"(max-width: 225px) 100vw, 225px\" data-recalc-dims=\"1\" \/><\/p>\n<p>U svakom ljudskom dru\u0161tvu sloboda govora i izra\u017eavanja uvek je bila i uvek \u0107e biti potreba i pravo svakog \u010doveka.<br \/>\nIskrenost i istinitost prema sebi i drugima uvek su bili veoma izazovni.[\/vc_column_text][\/vc_column][\/vc_row][vc_row][vc_column][vc_custom_heading text=&#8221;Za\u0161to je govoriti direktno iz srca tako izazovno?&#8221; font_container=&#8221;tag:h2|text_align:center|color:%231a99ad&#8221; google_fonts=&#8221;font_family:Ubuntu%3A300%2C300italic%2Cregular%2Citalic%2C500%2C500italic%2C700%2C700italic|font_style:300%20light%20italic%3A300%3Aitalic&#8221;][\/vc_column][\/vc_row][vc_row][vc_column][vc_column_text]\n<hr \/>\n<p>&nbsp;<\/p>\n<p>Kako rastemo i razvijamo se tako na\u0161a ranjivost raste.<\/p>\n<p>Tu se ne radi samo o tome ko je kakvih karakteristika kao pojedinac (a svako od nas je pojedinac i individua od prvog dana postojanja) ve\u0107 se radi o tome da je ranjivost ogledalo \u010ditavog na\u0161eg dru\u0161tva. Od roditeljskog doma do danas, ranjivost je ta klju\u010dna re\u010d i neprera\u0111ena emocija.[\/vc_column_text][\/vc_column][\/vc_row][vc_row][vc_column][vc_custom_heading text=&#8221;Rast&#8221; font_container=&#8221;tag:h2|text_align:center|color:%231a99ad&#8221; google_fonts=&#8221;font_family:Ubuntu%3A300%2C300italic%2Cregular%2Citalic%2C500%2C500italic%2C700%2C700italic|font_style:300%20light%20italic%3A300%3Aitalic&#8221;][\/vc_column][\/vc_row][vc_row][vc_column][vc_column_text]\n<hr \/>\n<p>&nbsp;<\/p>\n<p>Kako odrastamo tako sve vi\u0161e postajemo svesni manipulacije, neprestanog ube\u0111ivanja, kontrole uma, preterivanja. Oni su oduvek bili prisutni u okviru manjih ili ve\u0107ih grupa ljudi. Bilo ih je pre nas, i osta\u0107e i posle nas.<\/p>\n<p>Produkti tih ljudskih akcija su ekstremni strahovi i ose\u0107aj krivice pojedinca, i oni su postali su velika prepreka kako za li\u010dnu tako i za evoluciju kolektiva iz razloga \u0161to je sve povezano. Kolektiv je skup li\u010dnog. Sebi\u010dna dela ljudi su kao ogledalo. Sebi\u010dni potez jednog \u010doveka \u0107e zatvoriti srce drugog, uni\u0161ti\u0107e poverenje a poverenje je osnova ljubavi. Odsustvo poverenja je razlog za\u0161to me\u0111u ljudima ima vrlo malo refleksije, ako je uop\u0161te i ima.<\/p>\n<p>Kao i u svim drugim poljima ljudske egzistencije, klima, mustre dru\u0161tva, njegovo bogatstvo i struktura jezika igraju veliku ulogu u komunikaciji izme\u0111u ljudi i u onoj unutra\u0161njoj komunikaciji.[\/vc_column_text][\/vc_column][\/vc_row][vc_row][vc_column][vc_custom_heading text=&#8221;Ljudi koji govore otvorenim srcem zaista postoje&#8221; font_container=&#8221;tag:h2|text_align:center|color:%231a99ad&#8221; google_fonts=&#8221;font_family:Ubuntu%3A300%2C300italic%2Cregular%2Citalic%2C500%2C500italic%2C700%2C700italic|font_style:300%20light%20italic%3A300%3Aitalic&#8221;][\/vc_column][\/vc_row][vc_row][vc_column][vc_column_text]\n<hr \/>\n<p>&nbsp;<\/p>\n<p>Uprkos skepti\u010darima i svemu oko pojave <em>poverenje-<\/em><em>nepoverenje<\/em>, postoje ljudi koji se izra\u017eavaju pravo iz srca. U dru\u0161tvu ovih ljudi svi se ose\u0107amo dobro i svi volimo taj lepi ose\u0107aj jer je jednostavan. A samo jednostavnost mo\u017ee doneti spokoj i divan ose\u0107aj unutra\u0161nje slobode.[\/vc_column_text][\/vc_column][\/vc_row][vc_row][vc_column][vc_custom_heading text=&#8221;Ko su ljudi koji govore iz srca?&#8221; font_container=&#8221;tag:h2|text_align:center|color:%231a99ad&#8221; google_fonts=&#8221;font_family:Ubuntu%3A300%2C300italic%2Cregular%2Citalic%2C500%2C500italic%2C700%2C700italic|font_style:300%20light%20italic%3A300%3Aitalic&#8221;][\/vc_column][\/vc_row][vc_row][vc_column][vc_column_text]\n<hr \/>\n<p>&nbsp;<\/p>\n<p>Oni koji prate svoje srce.<\/p>\n<p>Ti ljudi su vrlo spokojni, topli i uzemljeni ljudi. Oni nisu glasni. Ljudi koji govore iz srca \u010dak i kada im se drugi smeju i\u00a0rugaju veoma su opu\u0161teni ljudi i bukvalno vrlo topli ljudi. Ako ih dodirnete i zagrlite lako \u0107ete se u to uveriti.<\/p>\n<p>To je izazov, ali koristan izazov. Veoma je korisno biti ne\u017ean, razgovarati i delovati od srca jer je na\u0161e srce veoma mo\u0107no i sastoji se od veoma mo\u0107nih vibracija.[\/vc_column_text][\/vc_column][\/vc_row][vc_row][vc_column][vc_custom_heading text=&#8221;Kako mo\u017eete u\u010diniti svoje srce sna\u017enijim?&#8221; font_container=&#8221;tag:h2|text_align:center|color:%231a99ad&#8221; google_fonts=&#8221;font_family:Ubuntu%3A300%2C300italic%2Cregular%2Citalic%2C500%2C500italic%2C700%2C700italic|font_style:300%20light%20italic%3A300%3Aitalic&#8221;][\/vc_column][\/vc_row][vc_row][vc_column][vc_column_text]\n<hr \/>\n<p>&nbsp;<\/p>\n<p style=\"text-align: center;\">Davanjem.<\/p>\n<p>&nbsp;<\/p>\n<p>Deljenjem sopstvenog srca i njegovih mo\u0107i sa drugima direkto iz njega samog a ne iz iluzija (iz iluzija o sebi i svom li\u010dnom &#8220;transformisanom srcu&#8221;- ima ljudi koji o sebi govore da imaju &#8220;transformisano srce&#8221; ali su to opasna predstavljanja samog sebe drugima.)<\/p>\n<p>Oduvek je va\u017eilo da dobijemo nazad ono \u0161ta smo ulo\u017eili.<\/p>\n<p>\u010covek \u0107e sada pomisliti na nekakve materijalne stvari koje je dao drugima i onda \u0107e biti ube\u0111en da je dao- zna\u010di da je i zaslu\u017eio da dobije. Ali n eradi se o toj vrsti davanja, iako donese lep zlatni presek u li\u010dnom srcu i li\u010dnom dahu. Radi se o iskrenosti, pravoj, istinskoj, \u010distoj iskrenosti prema sebi, pre svega ostalog.<\/p>\n<p>Iskrenost se isplati.<\/p>\n<p>&nbsp;<\/p>\n<p>Ovde \u017eelim da podelim sa vama jednu kratku pri\u010du iz mog privatnog \u017eivota.<\/p>\n<p>U ve\u0107ini sredina, prvi kontakt komunikacije bi\u0107e razgovor o vremenskim uslovima. Sa tom pojavom se susre\u0107em uvek iznova. Gde kod da \u017eivi\u0161, kom\u0161ije \u0107e uvek nastaviti pri\u010du o vremenskim uslovima. Zimi \u0107e se \u017ealiti i razgovarati o hladno\u0107i, leti \u0107ete ih ponovo pozdraviti sa &#8220;zdravo, dobar dan&#8221;, oni \u0107e odgovoriti: &#8220;\u0160to je toplo!&#8221;. Razgovor \u0107e zatim nastaviti kombinacijom primedbi za\u0161to je tako hladno u julu ili kako je tako toplo u februaru.\u00a0Pogotovo u tim slu\u010dajevima je zbog dosta komplikovanih kombinacija \u00a0CO2-hemijski tragovi na nebu-kapitalizam-kom\u0161ija-klima danas bolje ne ulaziti u raspravu.<\/p>\n<p>Iako po\u017eelim da \u010dujem ne\u0161to novo, njihovo <em>li\u010dno<\/em> mi\u0161ljenje, ne\u0161to o njima samima, o njihovim ljudskim ose\u0107anjima, <em>du\u0161i,\u00a0<\/em>uvek se iznova suo\u010davam sa istim pristupom me\u0111uljudske komunikacije- koliko je napolju hladno i koliko je napolju toplo.<\/p>\n<p>Odgovaraju\u0107i da je sasvim normalno da je u februaru hladno i da je juli juli i da je normalno da je u julu toplo, kao \u0161to pretpostavljate- oformila sam \u010ditavu brigadu neprijatelja oko sebe.<\/p>\n<p>&nbsp;<\/p>\n<p>\u010covek je uvek bli\u017ei istomi\u0161ljeniku.<\/p>\n<p>&nbsp;<\/p>\n<p style=\"text-align: left;\">(Mnogo ozbiljnije pri\u010de o mom velikom i te\u0161kom iskustvu slobode mi\u0161ljenja i govora, iskrenosti i istini, mo\u017eete \u010ditati <a href=\"https:\/\/yogajagat.com\/sr\/bivsa-skola-hatha-joge-u-kelnu-nemacka\/\"><span style=\"color: #993300;\">ovde<\/span><\/a>)<\/p>\n<p>&nbsp;<\/p>\n<p>Kada sam do\u0161la u Nema\u010dku, govore\u0107i \u0161ta ose\u0107am i mislim i smeju\u0107i se ba\u0161 kao \u0161to se smejem danas i svuda drugde (smeju\u0107i, ne ismejavaju\u0107i, ove dve ljudske osobine nemaju istu nameru, predistoriju, smisao) ljudi su me, retko direktno a naj\u010de\u0161\u0107e preko drugog, pitali da li imam neke psihi\u010dke probleme.<\/p>\n<p>&nbsp;<\/p>\n<p>Mi ljudi smo grube \u017eivotinje, lako zloupotrebimo tu\u0111u iskrenost. Okolo mo\u017eemo \u0161etati sa maskom na licu govore\u0107i svetu da smo iskreni kad nismo. Glavni razlog za ovakve podvige le\u017ei u vrlo malom znanju o sopstvenim vrednostima.<\/p>\n<p>\u010covek mo\u017ee da prepozna tu\u0111e vrednosti i iskrenost samo ako i sam poseduje ove osobine.<\/p>\n<p>&nbsp;<\/p>\n<p>Ljudi ponavljaju uvek nanovo iste suve pri\u010de verovatno misle\u0107i da \u0107e izgledati manje pametno ako ih ne ponavljaju. Ali ako pri\u010date pri\u010de sa smislom a iz srca, a ne ponavljate klonirane re\u010denice koje svi oko vas ponavljaju, sigurno ne\u0107ete biti najomiljeniji u dru\u0161tvu, jer se izdvajate od mase, ali \u0107ete, negde u dubini, biti vi\u0161e po\u0161tovani, mo\u017eda od manjine, svejedno, bi\u0107e dovoljno. Oni koji vas ne vole zato \u0161to govorite ono \u0161to oni ne o\u010dekuju od vas da vi govorite ne vole ni sami sebe (ne me\u0161ajte umi\u0161ljenost i patolo\u0161ku samo-zaljubljenost i prihvatanje svojih mana, slabosti i unutra\u0161njeg po\u017ertvovanja koji se zaista i zovu- ljubav prema sebi).<\/p>\n<p>Ponavljanje istih napornih pri\u010da jovo nanovo posta\u0107e navika va\u0161eg uma. Um se lako izgubi u moru besmisla.<\/p>\n[\/vc_column_text][\/vc_column][\/vc_row][vc_row][vc_column][vc_custom_heading text=&#8221;&#8220;Hladni ljudi&#8220;&#8221; font_container=&#8221;tag:h2|text_align:center|color:%231a99ad&#8221; google_fonts=&#8221;font_family:Ubuntu%3A300%2C300italic%2Cregular%2Citalic%2C500%2C500italic%2C700%2C700italic|font_style:300%20light%20italic%3A300%3Aitalic&#8221;][\/vc_column][\/vc_row][vc_row][vc_column][vc_column_text]\n<hr \/>\n<p>&nbsp;<\/p>\n<p>Ljudi \u010dija su srca zatvorena su hladni ljudi. Ljudi koji ne pokazuju svoja ose\u0107anja u dru\u0161tvu i literaturi svake vrste zovemo hladnim ljudima. Promena samih sebe takvim ljudima jako te\u0161ko pada, skoro im je promena nemogu\u0107a zato \u0161to su to ljudi koji su vrlo duboko ukorenjeni u svoje obrasce mi\u0161ljenja, pona\u0161anja, predrasuda, navika i plasti\u010dnosti mozga.<\/p>\n<p>Jednostavno, ne poku\u0161avajte da promenite mozak drugog, promenite svoj.<\/p>\n<p>Iskrenost je izazovna, ali vrlo plodna.[\/vc_column_text][\/vc_column][\/vc_row][vc_row][vc_column][vc_custom_heading text=&#8221;Prihvatite rizik&#8221; font_container=&#8221;tag:h2|text_align:center|color:%231a99ad&#8221; google_fonts=&#8221;font_family:Ubuntu%3A300%2C300italic%2Cregular%2Citalic%2C500%2C500italic%2C700%2C700italic|font_style:300%20light%20italic%3A300%3Aitalic&#8221;][\/vc_column][\/vc_row][vc_row][vc_column][vc_column_text]\n<hr \/>\n<p>&nbsp;<\/p>\n<p style=\"text-align: center;\">Kako?<\/p>\n<p>&nbsp;<\/p>\n<p>Prihvatite sebe kao ono \u0161to jeste, ljudska bi\u0107a kome je dat najlep\u0161i dar-\u00a0 govor, i to govor iz srca.<\/p>\n<p>Kad se taj dar (is)koristi, vodi najve\u0107em bla\u017eenstvu i sre\u0107i. Vodi ka ispunjenom i spokojnom \u017eivotu.<\/p>\n<p>Svaki \u010dovek na svetu \u017eeli da vodi spokojan i ispunjen \u017eivot, \u010dak i ako ne izgleda tako.<\/p>\n<p>Ipak, taj iskren govor treba da je i umeren i kontrolisan, ina\u010de lako mo\u017ee da postane besmisleno torokanje i blebetanje. Sve \u0161to se uvek i na isti na\u010din kao neki raport ponavlja, jednostavno gubi vrednost.<\/p>\n<p>&nbsp;<\/p>\n<h4 style=\"text-align: center;\"><span style=\"color: #008080;\">Shvatite da je jedina konstanta- promena.<\/span><\/h4>\n<hr \/>\n<p>&nbsp;<\/p>\n<p>Svaka \u017eivotinja, biljka, ljudska \u0107elija i kost, ljudski mi\u0161i\u0107 i organ prolaze kroz promene is sata u sat, dan za danom, godina za godinom. Na\u0161e kosti se razvijaju do dvadeset \u0161este godine, neke se oformljavaju i kasnije. Inteligencija nam se razvija do oko tridesete ili kasnije, ovo zavisi i od va\u0161e sre\u0107e sa kim i kako \u017eivite.<\/p>\n<p>Mo\u017eda \u017eivite okru\u017eeni smrtno dosadnim neinspirativnim ljudima ali to nije razlog da se \u010dovek pona\u0161a kao grubijan. Naprotiv, govorite i delajte iz srca, tako \u0107e se i va\u0161a li\u010dna inteligencija razvijati. \u0106ak je i moderna nauka ve\u0107 odavno potvrdila staro znanje- da srce ustvari komanduje mozgu a ne obrnuto.<\/p>\n<p>Svest se menja. Sve se menja. Trebali bi da prihvatimo ovu istinu i da te\u010demo sa njom a ne da ovu istinu o promeni neprestano ko\u010dimo komplikuju\u0107i tako stvari u \u017eivotu i sebi i drugima.[\/vc_column_text][\/vc_column][\/vc_row][vc_row][vc_column][vc_custom_heading text=&#8221;Ponekad je dobro i da se pre\u0107uti&#8221; font_container=&#8221;tag:h2|text_align:center|color:%231a99ad&#8221; google_fonts=&#8221;font_family:Ubuntu%3A300%2C300italic%2Cregular%2Citalic%2C500%2C500italic%2C700%2C700italic|font_style:300%20light%20italic%3A300%3Aitalic&#8221;][\/vc_column][\/vc_row][vc_row][vc_column][vc_column_text]\n<hr \/>\n[\/vc_column_text][\/vc_column][\/vc_row][vc_row][vc_column width=&#8221;2\/3&#8243;][vc_column_text]U ime odr\u017eavanja harmonije i spre\u010davanja nasilja, ponekad je bolje da se za\u0107uti i povu\u010de iz rasprave.<\/p>\n<p>Ja sam uobi\u010davala da (na)pravim budalu od sebe i bez re\u010di ostavim prijateljice koje bih volela, ne\u0107u vas slagati ako vam ka\u017eem da sam ih \u010dak i obo\u017eavala, kada bih osetila da im se kakav oblak zavla\u010di u glave i srca, obi\u010dno dolaze\u0107i iz njihovih obla\u010dnih veza. \u017denin mozak mo\u017ee lako da se pomuti dobrim seksom. I tako olako ode i njen mozak&#8230;<\/p>\n<p>&nbsp;<\/p>\n<p>Ka\u017eu, jezik mo\u017ee da prese\u010de vi\u0161e glava nego \u0161to to mo\u017ee ma\u010d.<\/p>\n<p>Horhe Luis Borhes je jednom negde rekao:<\/p>\n<p>&nbsp;<\/p>\n<p><span style=\"color: #800080;\">&#8220;Ne govori dok ne potvrdi\u0161 ti\u0161inu&#8221;.<\/span>[\/vc_column_text][\/vc_column][vc_column width=&#8221;1\/3&#8243;][vc_column_text]\n<p><img loading=\"lazy\" class=\"aligncenter size-full wp-image-5071\" src=\"https:\/\/i1.wp.com\/yogajagat.com\/wp-content\/uploads\/2020\/02\/DSC01522.jpg?resize=325%2C494\" alt=\"ehrlichkeit honesty iskrenost\" width=\"325\" height=\"494\" srcset=\"https:\/\/i1.wp.com\/yogajagat.com\/wp-content\/uploads\/2020\/02\/DSC01522.jpg?w=325&amp;ssl=1 325w, https:\/\/i1.wp.com\/yogajagat.com\/wp-content\/uploads\/2020\/02\/DSC01522.jpg?resize=197%2C300&amp;ssl=1 197w\" sizes=\"(max-width: 325px) 100vw, 325px\" data-recalc-dims=\"1\" \/>[\/vc_column_text][\/vc_column][\/vc_row][vc_row][vc_column][vc_custom_heading text=&#8221;Psihologija Joge&#8221; font_container=&#8221;tag:h2|text_align:center|color:%231a99ad&#8221; google_fonts=&#8221;font_family:Ubuntu%3A300%2C300italic%2Cregular%2Citalic%2C500%2C500italic%2C700%2C700italic|font_style:300%20light%20italic%3A300%3Aitalic&#8221;][\/vc_column][\/vc_row][vc_row][vc_column][vc_column_text]\n<hr \/>\n<p>&nbsp;<\/p>\n<p>Na jeziku psihologije Joge, iskrenost se zove <span style=\"color: #800080;\">Satya<\/span>.[\/vc_column_text][\/vc_column][\/vc_row][vc_row][vc_column][vc_cta h2=&#8221;Joga sutra 2.36&#8243; color=&#8221;turquoise&#8221;]Kada \u010dovek postane nepokolebljiv u svom uzdr\u017eavanju od neistine, dobija mo\u0107 da i za sebe i za druge do\u0111e do plodova dobrih dela ne moraju\u0107i sam da ih \u010dini.[\/vc_cta][\/vc_column][\/vc_row][vc_row][vc_column][vc_column_text]Govor iz srca zaista nije ne\u0161to o \u010demu bi mogla da se dr\u017ee predavanja, ili ne\u0161to \u0161to treba da se posebno u\u010di, ili ne\u0161to \u0161to bi moglo da se proda ili pozajmi. Sa ovim darom je rodjeno svako srce na zemlji. Dobro je da se \u010dovek povu\u010de u osamu na neko vreme da bi prepoznao istinu o sebi i svojim vremenom zaboravljenih darova. Nikad nije kasno.[\/vc_column_text][\/vc_column][\/vc_row]\n","protected":false},"excerpt":{"rendered":"<p>[vc_row][vc_column][vc_column_text]<br \/>\nISKRENOST, ISTINITOST, ISTINA<br \/>\n[\/vc_column_text][\/vc_column][\/vc_row][vc_row][vc_column][vc_custom_heading text=&#8221;Ljudska prava i zakoni prirode&#8221; font_container=&#8221;tag:h2|text_align:center|color:%231da5ba&#8221; google_fonts=&#8221;font_family:Ubuntu%3A300%2C300italic%2Cregular%2Citalic%2C500%2C500italic%2C700%2C700italic|font_style:300%20light%20italic%3A300%3Aitalic&#8221;][\/vc_column][\/vc_row][vc_row][vc_column][vc_column_text]<\/p>\n<p>\nU svakom ljudskom dru\u0161tvu sloboda govora i izra\u017eavanja uvek je bila i uvek \u0107e biti potreba i pravo svakog \u010doveka.<br \/>\nIskrenost i istinitost prema sebi i drugima uvek su bili veoma izazovni.[\/vc_column_text][\/vc_column][\/vc_row][vc_row][vc_column][vc_custom_heading text=&#8221;Za\u0161to je govoriti direktno iz srca tako izazovno?&#8221; font_container=&#8221;tag:h2|text_align:center|color:%231a99ad&#8221; google_fonts=&#8221;font_family:Ubuntu%3A300%2C300italic%2Cregular%2Citalic%2C500%2C500italic%2C700%2C700italic|font_style:300%20light%20italic%3A300%3Aitalic&#8221;][\/vc_column][\/vc_row][vc_row][vc_column][vc_column_text]<\/p>\n<p>&nbsp;<br \/>\nKako rastemo i razvijamo se tako na\u0161a ranjivost raste.<br \/>\nTu se ne radi samo o tome ko je kakvih karakteristika kao pojedinac &#8230;<\/p>\n","protected":false},"author":1,"featured_media":0,"parent":0,"menu_order":0,"comment_status":"closed","ping_status":"closed","template":"template-full-width.php","meta":{"_bbp_topic_count":0,"_bbp_reply_count":0,"_bbp_total_topic_count":0,"_bbp_total_reply_count":0,"_bbp_voice_count":0,"_bbp_anonymous_reply_count":0,"_bbp_topic_count_hidden":0,"_bbp_reply_count_hidden":0,"_bbp_forum_subforum_count":0,"inline_featured_image":false,"spay_email":""},"translation":{"provider":"WPGlobus","version":"3.0.1","language":"sr","enabled_languages":["en","de","sr"],"languages":{"en":{"title":true,"content":true,"excerpt":false},"de":{"title":true,"content":true,"excerpt":false},"sr":{"title":true,"content":true,"excerpt":false}}},"yoast_head":"<!-- This site is optimized with the Yoast SEO plugin v18.3 - https:\/\/yoast.com\/wordpress\/plugins\/seo\/ -->\n<title>Iskrenost. Istinitost. Istina. - Lepota promene<\/title>\n<meta name=\"description\" content=\"Sloboda govora i izra\u017eavanja uvek je bila i uvek \u0107e biti potreba i pravo svakog \u010doveka. Iskrenost prema sebi, pre svega ostalog...\" \/>\n<meta name=\"robots\" content=\"index, follow, max-snippet:-1, max-image-preview:large, max-video-preview:-1\" \/>\n<link rel=\"canonical\" href=\"https:\/\/yogajagat.com\/honesty-earnestness-veracity\/\" \/>\n<meta name=\"twitter:label1\" content=\"Est. reading time\" \/>\n\t<meta name=\"twitter:data1\" content=\"7 minutes\" \/>\n<script type=\"application\/ld+json\" class=\"yoast-schema-graph\">{\"@context\":\"https:\/\/schema.org\",\"@graph\":[{\"@type\":\"Organization\",\"@id\":\"https:\/\/yogajagat.com\/#organization\",\"name\":\"Yogajagat\",\"url\":\"https:\/\/yogajagat.com\/\",\"sameAs\":[],\"logo\":{\"@type\":\"ImageObject\",\"@id\":\"https:\/\/yogajagat.com\/#logo\",\"inLanguage\":\"sr\",\"url\":\"https:\/\/i1.wp.com\/yogajagat.com\/wp-content\/uploads\/2019\/03\/DSC08478-Kopie-1.jpg?fit=798%2C800&ssl=1\",\"contentUrl\":\"https:\/\/i1.wp.com\/yogajagat.com\/wp-content\/uploads\/2019\/03\/DSC08478-Kopie-1.jpg?fit=798%2C800&ssl=1\",\"width\":798,\"height\":800,\"caption\":\"Yogajagat\"},\"image\":{\"@id\":\"https:\/\/yogajagat.com\/#logo\"}},{\"@type\":\"WebSite\",\"@id\":\"https:\/\/yogajagat.com\/#website\",\"url\":\"https:\/\/yogajagat.com\/\",\"name\":\"Lepota promene\",\"description\":\"Neprestanom promenom do najlepseg zivotnog iskustva\",\"publisher\":{\"@id\":\"https:\/\/yogajagat.com\/#organization\"},\"potentialAction\":[{\"@type\":\"SearchAction\",\"target\":{\"@type\":\"EntryPoint\",\"urlTemplate\":\"https:\/\/yogajagat.com\/?s={search_term_string}\"},\"query-input\":\"required name=search_term_string\"}],\"inLanguage\":\"sr\"},{\"@type\":\"ImageObject\",\"@id\":\"https:\/\/yogajagat.com\/honesty-earnestness-veracity\/#primaryimage\",\"inLanguage\":\"sr\",\"url\":\"http:\/\/yogajagat.com\/wp-content\/uploads\/2020\/01\/DSC09925-225x300.jpg\",\"contentUrl\":\"http:\/\/yogajagat.com\/wp-content\/uploads\/2020\/01\/DSC09925-225x300.jpg\"},{\"@type\":\"WebPage\",\"@id\":\"https:\/\/yogajagat.com\/honesty-earnestness-veracity\/#webpage\",\"url\":\"https:\/\/yogajagat.com\/honesty-earnestness-veracity\/\",\"name\":\"Iskrenost. Istinitost. Istina. - Lepota promene\",\"isPartOf\":{\"@id\":\"https:\/\/yogajagat.com\/#website\"},\"primaryImageOfPage\":{\"@id\":\"https:\/\/yogajagat.com\/honesty-earnestness-veracity\/#primaryimage\"},\"datePublished\":\"2019-04-12T00:21:11+00:00\",\"dateModified\":\"2021-06-14T15:30:23+00:00\",\"description\":\"Sloboda govora i izra\u017eavanja uvek je bila i uvek \u0107e biti potreba i pravo svakog \u010doveka. Iskrenost prema sebi, pre svega ostalog...\",\"breadcrumb\":{\"@id\":\"https:\/\/yogajagat.com\/honesty-earnestness-veracity\/#breadcrumb\"},\"inLanguage\":\"sr\",\"potentialAction\":[{\"@type\":\"ReadAction\",\"target\":[\"https:\/\/yogajagat.com\/honesty-earnestness-veracity\/\"]}]},{\"@type\":\"BreadcrumbList\",\"@id\":\"https:\/\/yogajagat.com\/honesty-earnestness-veracity\/#breadcrumb\",\"itemListElement\":[{\"@type\":\"ListItem\",\"position\":1,\"name\":\"Home\",\"item\":\"https:\/\/yogajagat.com\/sr\/\"},{\"@type\":\"ListItem\",\"position\":2,\"name\":\"Honesty, earnestness, veracity\"}]}]}<\/script>\n<!-- \/ Yoast SEO plugin. -->","yoast_head_json":{"title":"Iskrenost. Istinitost. Istina. - Lepota promene","description":"Sloboda govora i izra\u017eavanja uvek je bila i uvek \u0107e biti potreba i pravo svakog \u010doveka. Iskrenost prema sebi, pre svega ostalog...","robots":{"index":"index","follow":"follow","max-snippet":"max-snippet:-1","max-image-preview":"max-image-preview:large","max-video-preview":"max-video-preview:-1"},"canonical":"https:\/\/yogajagat.com\/honesty-earnestness-veracity\/","twitter_misc":{"Est. reading time":"7 minutes"},"schema":{"@context":"https:\/\/schema.org","@graph":[{"@type":"Organization","@id":"https:\/\/yogajagat.com\/#organization","name":"Yogajagat","url":"https:\/\/yogajagat.com\/","sameAs":[],"logo":{"@type":"ImageObject","@id":"https:\/\/yogajagat.com\/#logo","inLanguage":"sr","url":"https:\/\/i1.wp.com\/yogajagat.com\/wp-content\/uploads\/2019\/03\/DSC08478-Kopie-1.jpg?fit=798%2C800&ssl=1","contentUrl":"https:\/\/i1.wp.com\/yogajagat.com\/wp-content\/uploads\/2019\/03\/DSC08478-Kopie-1.jpg?fit=798%2C800&ssl=1","width":798,"height":800,"caption":"Yogajagat"},"image":{"@id":"https:\/\/yogajagat.com\/#logo"}},{"@type":"WebSite","@id":"https:\/\/yogajagat.com\/#website","url":"https:\/\/yogajagat.com\/","name":"Lepota promene","description":"Neprestanom promenom do najlepseg zivotnog iskustva","publisher":{"@id":"https:\/\/yogajagat.com\/#organization"},"potentialAction":[{"@type":"SearchAction","target":{"@type":"EntryPoint","urlTemplate":"https:\/\/yogajagat.com\/?s={search_term_string}"},"query-input":"required name=search_term_string"}],"inLanguage":"sr"},{"@type":"ImageObject","@id":"https:\/\/yogajagat.com\/honesty-earnestness-veracity\/#primaryimage","inLanguage":"sr","url":"http:\/\/yogajagat.com\/wp-content\/uploads\/2020\/01\/DSC09925-225x300.jpg","contentUrl":"http:\/\/yogajagat.com\/wp-content\/uploads\/2020\/01\/DSC09925-225x300.jpg"},{"@type":"WebPage","@id":"https:\/\/yogajagat.com\/honesty-earnestness-veracity\/#webpage","url":"https:\/\/yogajagat.com\/honesty-earnestness-veracity\/","name":"Iskrenost. Istinitost. Istina. - Lepota promene","isPartOf":{"@id":"https:\/\/yogajagat.com\/#website"},"primaryImageOfPage":{"@id":"https:\/\/yogajagat.com\/honesty-earnestness-veracity\/#primaryimage"},"datePublished":"2019-04-12T00:21:11+00:00","dateModified":"2021-06-14T15:30:23+00:00","description":"Sloboda govora i izra\u017eavanja uvek je bila i uvek \u0107e biti potreba i pravo svakog \u010doveka. Iskrenost prema sebi, pre svega ostalog...","breadcrumb":{"@id":"https:\/\/yogajagat.com\/honesty-earnestness-veracity\/#breadcrumb"},"inLanguage":"sr","potentialAction":[{"@type":"ReadAction","target":["https:\/\/yogajagat.com\/honesty-earnestness-veracity\/"]}]},{"@type":"BreadcrumbList","@id":"https:\/\/yogajagat.com\/honesty-earnestness-veracity\/#breadcrumb","itemListElement":[{"@type":"ListItem","position":1,"name":"Home","item":"https:\/\/yogajagat.com\/sr\/"},{"@type":"ListItem","position":2,"name":"Honesty, earnestness, veracity"}]}]}},"_links":{"self":[{"href":"https:\/\/yogajagat.com\/sr\/wp-json\/wp\/v2\/pages\/2231"}],"collection":[{"href":"https:\/\/yogajagat.com\/sr\/wp-json\/wp\/v2\/pages"}],"about":[{"href":"https:\/\/yogajagat.com\/sr\/wp-json\/wp\/v2\/types\/page"}],"author":[{"embeddable":true,"href":"https:\/\/yogajagat.com\/sr\/wp-json\/wp\/v2\/users\/1"}],"replies":[{"embeddable":true,"href":"https:\/\/yogajagat.com\/sr\/wp-json\/wp\/v2\/comments?post=2231"}],"version-history":[{"count":34,"href":"https:\/\/yogajagat.com\/sr\/wp-json\/wp\/v2\/pages\/2231\/revisions"}],"predecessor-version":[{"id":6121,"href":"https:\/\/yogajagat.com\/sr\/wp-json\/wp\/v2\/pages\/2231\/revisions\/6121"}],"wp:attachment":[{"href":"https:\/\/yogajagat.com\/sr\/wp-json\/wp\/v2\/media?parent=2231"}],"curies":[{"name":"wp","href":"https:\/\/api.w.org\/{rel}","templated":true}]}}