{"id":2229,"date":"2019-04-11T19:43:05","date_gmt":"2019-04-11T18:43:05","guid":{"rendered":"http:\/\/yogajagat.com\/?page_id=2229"},"modified":"2022-01-27T22:49:14","modified_gmt":"2022-01-27T21:49:14","slug":"nonviolence-how-to-overcome-violence","status":"publish","type":"page","link":"https:\/\/yogajagat.com\/sr\/zivotinje-ljudi-i-nenasilje\/","title":{"rendered":"Nenasilje, \u017eivotinje i ljudi"},"content":{"rendered":"[vc_row][vc_column][vc_custom_heading text=&#8221;Ljudi. Moral i nenasilje&#8221; font_container=&#8221;tag:h2|text_align:center|color:%231ba2b7&#8243; google_fonts=&#8221;font_family:Ubuntu%3A300%2C300italic%2Cregular%2Citalic%2C500%2C500italic%2C700%2C700italic|font_style:300%20light%20italic%3A300%3Aitalic&#8221;][\/vc_column][\/vc_row][vc_row][vc_column][vc_column_text]\n<h3><\/h3>\n<h3 style=\"text-align: center;\"><span style=\"color: #993300;\">Zbog \u010dega je nenasilje ljudima tako strano?<\/span><\/h3>\n<hr \/>\n<p>&nbsp;<\/p>\n<p>Ljudi, iako dvono\u017ene \u017eivotinje, poseduju vi\u0161u svest od ni\u017eih \u017eivotinja.<\/p>\n<p>Ali, \u010dovek je najmanje \u010dista \u017eivotinja od svih \u017eivotinja.<\/p>\n<p>On mo\u017ee otvoriti \u010deljust i ugristi drugo \u017eivo bi\u0107e bilo zubima, re\u010dima, rukama ili nogama. Umotan svojim nekontrolisanim gnevom i u svom kratkom ili du\u017eem ludilu, stisnu\u0107e zube i napasti ili ubiti drugo \u017eivo bi\u0107e. Rukama koje su direktno povezane sa njegovim srcem \u010dovek mo\u017ee stvoriti mnoge stvari.<\/p>\n<p>Ni\u017ee \u017eivotinje, opet, ne mogu da idu na odmor ili u kupovinu (same) ali mogu da bezuslovno poka\u017eu ljubav, poverenje, predanost, po\u0161tovanje. Na svom jeziku one mogu stvoriti mnoge stvari. Ali ne mogu sebi naneti \u0161tetu onako kako ljudi svojim mislima to mogu. Kako god, ova celokupna knjiga-web stranica ne govori o tome kako postati dobra \u017eivotinja ve\u0107 kako organizovati sopstvene neuredne misli, ukrotiti sopstveno nenasilje i pro\u0161iriti sopstvenu svest.[\/vc_column_text][\/vc_column][\/vc_row][vc_row][vc_column][vc_custom_heading text=&#8221;Praktikovanje nenasilja&#8221; font_container=&#8221;tag:h2|text_align:center|color:%231ba2b7&#8243; google_fonts=&#8221;font_family:Ubuntu%3A300%2C300italic%2Cregular%2Citalic%2C500%2C500italic%2C700%2C700italic|font_style:300%20light%20italic%3A300%3Aitalic&#8221;][\/vc_column][\/vc_row][vc_row][vc_column width=&#8221;2\/3&#8243;][vc_column_text]\n<hr \/>\n<p>&nbsp;<\/p>\n<p>\u010covek mo\u017ee da bira \u0161ta \u017eeli da bude.<\/p>\n<p>Ne povre\u0111ivati sebe samog ili druga \u017eiva bi\u0107a mentalno ili fizi\u010dki zna\u010di izabrati da se ne bude nasilan. Re\u010di i dela su poput bumeranga i vra\u0107aju\u0107i se nazad, taj bumerang \u0107e prese\u0107i mnoga druga i srca i ishode. To je nepogre\u0161iva stvar.<\/p>\n<p>Nenasilna komunikacija, terapija koja je prona\u0111ena 60-ih, danas je popularnija vi\u0161e nego ikada. Terapijom jedan \u010dovek poku\u0161ava da nau\u010di drugog kako da ispravi sopstvene nasilne misli, govor i dela. Ali, da li su nam potrebne takve terapije ako su na\u0161a srca zatvorena? To je kao tr\u010danje u krug.<\/p>\n<p>Trebali bi da ve\u017ebamo otvaranje srca koliko god da je na\u0161a porodica ili dru\u0161tvo bilo ili je i dalje okrutno prema nama. Kada je srce otvoreno onda nema mesta za nasilne misli i re\u010di.<\/p>\n<p>Otvorenog srca i kada su na\u0161e misli, re\u010di i dela ujedinjeni, ne pla\u0161imo se ni od sebe ni od drugih. To mo\u017eemo ovako iskazati: neka oni\u00a0koje ljubi\u0161 budu kao sunce kada u sili svojoj izlazi.[\/vc_column_text][\/vc_column][vc_column width=&#8221;1\/3&#8243;][vc_column_text]\n<p>&nbsp;<\/p>\n<p><a href=\"https:\/\/i0.wp.com\/yogajagat.com\/wp-content\/uploads\/2020\/02\/DSC07081-768x1024-1.jpg\" data-rel=\"lightbox-image-0\" data-rl_title=\"\" data-rl_caption=\"\" title=\"\"><img loading=\"lazy\" class=\"details-image aligncenter\" draggable=\"false\" src=\"https:\/\/i0.wp.com\/yogajagat.com\/wp-content\/uploads\/2020\/02\/DSC07081-768x1024-1.jpg?resize=480%2C640\" alt=\"nenasilje nonviolence\" width=\"480\" height=\"640\" data-recalc-dims=\"1\" \/><\/a><\/p>\n[\/vc_column_text][\/vc_column][\/vc_row][vc_row][vc_column][vc_cta h2=&#8221;&#8221; txt_align=&#8221;center&#8221;]<span style=\"color: #993300;\">\u201eNeminem laede; imo omnes, quantum potes, juva.\u201c<\/span><\/p>\n<p><span style=\"color: #993300;\">\u201eVerletze niemanden, vielmehr hilf allen, soweit du kannst. Dieser ist und bleibt der wahre reine Inhalt aller Moral.\u201c<\/span><\/p>\n<p><span style=\"color: #993300;\">\u201eInjure no one; on the contrary, help everyone as much as you can\u201c<\/span><\/p>\n<p><span style=\"color: #993300;\">&#8220;Ne povre\u0111uj nikoga. Naprotiv, pomozi svima koliko god mo\u017ee\u0161. To jeste i ostaje istinski \u010dista sadr\u017eina celokupnog morala &#8220;<\/span><\/p>\n<p><span style=\"color: #993300;\">\u2013 Arthur Schopenhauer<\/span>[\/vc_cta][\/vc_column][\/vc_row][vc_row][vc_column][vc_custom_heading text=&#8221;Upiranje prsta na druge&#8221; font_container=&#8221;tag:h2|text_align:center|color:%231ba2b7&#8243; google_fonts=&#8221;font_family:Ubuntu%3A300%2C300italic%2Cregular%2Citalic%2C500%2C500italic%2C700%2C700italic|font_style:300%20light%20italic%3A300%3Aitalic&#8221;][\/vc_column][\/vc_row][vc_row][vc_column][vc_column_text]\n<hr \/>\n<p>&nbsp;<\/p>\n<p>Kako se ose\u0107ate kada neko sa vama razgovara sa uperenim ka\u017eiprstom na vas?<\/p>\n<p>Ako poka\u017eete prstom na nekoga, \u0161ta \u017eelite od te osobe?<\/p>\n<p>&nbsp;<\/p>\n<p>Kada \u010dovek uperi ka\u017eiprst na drugog \u010doveka on \u017eeli ne\u0161to da mu proda. \u017deli da ga stavi pod kontrolu, pretnju, da prebaci neku svoju li\u010dnu krivicu na drugog. Krivicu za \u0161ta? \u0160ta \u017eele upera\u010di-prsta da prodaju drugima?<\/p>\n<p>&nbsp;<\/p>\n<p>Trebali bi da istra\u017eujemo sopstvene slabosti i komplekse pre nego \u0161to prstom poka\u017eemo na nekoga.<\/p>\n<div id=\"attachment_4298\" style=\"width: 330px\" class=\"wp-caption alignright\"><img aria-describedby=\"caption-attachment-4298\" loading=\"lazy\" class=\"wp-image-4298 size-full\" src=\"https:\/\/i2.wp.com\/yogajagat.com\/wp-content\/uploads\/2020\/01\/DSC01603.jpg?resize=320%2C240\" alt=\"nenasilje\" width=\"320\" height=\"240\" srcset=\"https:\/\/i2.wp.com\/yogajagat.com\/wp-content\/uploads\/2020\/01\/DSC01603.jpg?w=320&amp;ssl=1 320w, https:\/\/i2.wp.com\/yogajagat.com\/wp-content\/uploads\/2020\/01\/DSC01603.jpg?resize=300%2C225&amp;ssl=1 300w\" sizes=\"(max-width: 320px) 100vw, 320px\" data-recalc-dims=\"1\" \/><p id=\"caption-attachment-4298\" class=\"wp-caption-text\">crte\u017e: yogajagat.com<\/p><\/div>\n<p>Danas mo\u017eete videti dosta trgovaca kako svoje proizvode ogla\u0161avaju istom tehnikom koriste\u0107i istu boju glasa i, isti taj ka\u017eiprst. Zanimljivo je da je sve vi\u0161e mladih koji ponavljaju takav pokret. \u010cak i neke mlade \u017eene koje nam na youtube-u govore kako da napravimo kola\u010d koriste istu boju tog trgova\u010dko-peva\u010dkog glasa pokazuju\u0107i ka\u017eiprstom na publiku.<\/p>\n<p>Trebali bi promeniti tu \u0161kolu jer niko ne voli da se prstom pokazuje na njega. U \u010dovekovom umu to ra\u0111a jo\u0161 ve\u0107i otpor i bes. Pored toga, tri prsta, tri strele, okrenute su ka unutra\u0161njosti bilo kola\u010da ili \u010doveka.<\/p>\n<p>&nbsp;<\/p>\n<p>U zemlji u kojoj sam odrasla pokazuju\u0107i prstom na nekoga otkriva najni\u017eu kulturu i najgore porodi\u010dno obrazovanje. Nasmeje me kada se setim kako je ta velika borba bila, taj put kontrole prsta nas male dece.[\/vc_column_text][\/vc_column][\/vc_row][vc_row][vc_column][vc_custom_heading text=&#8221;Povre\u0111ivanje drugih uvek se zavr\u0161i sopstvenom patnjom&#8221; font_container=&#8221;tag:h2|text_align:center|color:%231ba2b7&#8243; google_fonts=&#8221;font_family:Ubuntu%3A300%2C300italic%2Cregular%2Citalic%2C500%2C500italic%2C700%2C700italic|font_style:300%20light%20italic%3A300%3Aitalic&#8221;][\/vc_column][\/vc_row][vc_row][vc_column][vc_column_text]\n<hr \/>\n<p>&nbsp;<\/p>\n<p>Svejedno da li neko izvodi Joga polo\u017eaje, ve\u017ebe disanja, da li vi\u010de na druge (glasno ili u sebi, isto je) ili koristi druge da bi le\u010dio sopstvene strahove, neobra\u0111ene emocije i sirova ose\u0107anja, takve akcije se uvek zavr\u0161avaju u sopstvenom bolu. Postoje mnogi prirodni zakoni koji postavljaju stvari na svoja mesta i u pravo vreme. I jedan od njih je princip akcije i reakcije, zakon uzroka i posledice.<\/p>\n<p>Sve je povezano. Kada se nenasilje praktikuje i ovi zakoni se sla\u017eu a tako se otvaraju i novi, mnogo lep\u0161i horizonti u \u017eivotu.[\/vc_column_text][\/vc_column][\/vc_row][vc_row][vc_column][vc_custom_heading text=&#8221;NPD (Narcissistic Personality Disorder) ili narcisti\u010dki poreme\u0107aj li\u010dnosti&#8221; font_container=&#8221;tag:h2|text_align:center|color:%231ba2b7&#8243; google_fonts=&#8221;font_family:Ubuntu%3A300%2C300italic%2Cregular%2Citalic%2C500%2C500italic%2C700%2C700italic|font_style:300%20light%20italic%3A300%3Aitalic&#8221;][\/vc_column][\/vc_row][vc_row][vc_column][vc_column_text]\n<hr \/>\n<p>&nbsp;<\/p>\n<p>Ka\u017ee se da su osobe sa psiholo\u0161kim poreme\u0107ajem zvanim narcizam pravi rak dru\u0161tva.<\/p>\n<p>Mnogo je razloga zbog kojih su ljudi narcisti. Jedan od glavnih uzroka koji hrani ovaj poreme\u0107aj \u010dovekove psihe je ogroman nedostatak ljubavi u ku\u0107i njihovih roditelja i kasnije tokom celog \u017eivota. Narcisi \u017eive u svom bednom, praznom svetu i oni mogu videti samo sebe. Za prekrivanje svoje psiholo\u0161ke rupe oni ne biraju ni sredstva ni ljude a mogu biti i vrlo agresivni. Zna\u010di prava bolest za celokupno okru\u017eenje. Oni nemaju ose\u0107aja za druge. Sam mozak, taj organ i ta ma\u0161ina, ovih ljudi ima par poreme\u0107aja i jednostavno nema na\u010dina da se ove rupe izle\u010de.<\/p>\n<p><img loading=\"lazy\" class=\"aligncenter wp-image-5059 size-medium\" src=\"https:\/\/i1.wp.com\/yogajagat.com\/wp-content\/uploads\/2020\/02\/DSC00935-300x225.jpg?resize=300%2C225\" alt=\"nenasilje narcizam\" width=\"300\" height=\"225\" srcset=\"https:\/\/i1.wp.com\/yogajagat.com\/wp-content\/uploads\/2020\/02\/DSC00935.jpg?resize=300%2C225&amp;ssl=1 300w, https:\/\/i1.wp.com\/yogajagat.com\/wp-content\/uploads\/2020\/02\/DSC00935.jpg?w=640&amp;ssl=1 640w\" sizes=\"(max-width: 300px) 100vw, 300px\" data-recalc-dims=\"1\" \/><\/p>\n<p>&nbsp;<\/p>\n<h4 style=\"text-align: center;\"><span style=\"color: #33cccc;\">Promenite svoj pristup<\/span><\/h4>\n<p>&nbsp;<\/p>\n<p>Narcisi \u017eive u svom svetu i oni ne misle da imaju psiholo\u0161ki poreme\u0107aj.<\/p>\n<p>Bez sa\u017ealjenja i sa puno volje trebali biste da odvojite glavu od identifikacije sa tim ljudima i da date sve kako biste se \u0161to pre re\u0161ili ovih karcinoma, jer nema ni na\u010dina, ni leka, ni sredstava koji bi popravili o\u0161te\u0107eni mozak narcista.<\/p>\n<p>Bez obzira da li ste svoje misli i emocije upetljali sa njima ili ste od njih razdvojeni, narcisi \u0107e i dalje biti narcisi.<\/p>\n<p>Praktikovanje bilo <a href=\"https:\/\/yogajagat.com\/sr\/zivotni-putevi\/\"><span style=\"color: #993300;\">koje Joge<\/span><\/a>, <a href=\"https:\/\/yogajagat.com\/sr\/pranajama-jogicka-tehnika-disanja-stanje-potunog-mira\/\"><span style=\"color: #800080;\">pranajame<\/span><\/a>, <a href=\"https:\/\/yogajagat.com\/sr\/joga-polozaji-tela-izvodenje-joga-asana\/\"><span style=\"color: #33cccc;\">asane<\/span><\/a> i <a href=\"https:\/\/yogajagat.com\/sr\/meditacija-o-meditaciji-kao-stanju-duha\/\"><span style=\"color: #993300;\">meditacije<\/span><\/a> su va\u0161e najbolje podr\u0161ke beskona\u010dnoj smirenosti, lako\u0107i, ispravnosti. Prvi princip koji bi trebao da vam bude glavna vodilja je <span style=\"color: #993300;\">nenasilje<\/span>, prema vama samima, prema \u017eivotinjama, prirodi, stvarima, situacijama i drugim ljudima.[\/vc_column_text][\/vc_column][\/vc_row][vc_row][vc_column][vc_custom_heading text=&#8221;Nasilje tokom praktikovanja Hatha Joge&#8221; font_container=&#8221;tag:h2|text_align:center|color:%231ba2b7&#8243; google_fonts=&#8221;font_family:Ubuntu%3A300%2C300italic%2Cregular%2Citalic%2C500%2C500italic%2C700%2C700italic|font_style:300%20light%20italic%3A300%3Aitalic&#8221;][\/vc_column][\/vc_row][vc_row][vc_column][vc_column_text]\n<hr \/>\n<p>&nbsp;<\/p>\n<p>Na milionima \u010dasova joge ljudi danas, vrlo zanimljivo, povre\u0111uju sebe.<\/p>\n<p>Ego ovih ljudi koji sami sebi nanose bol tokom praktikovanja joge je vrlo jak. Oni ne mogu da gledaju i da podnesu da drugi budu bolji od njih. Ovakav proma\u0161en smisao praktikovanja Joge je zajedni\u010dki i za mu\u0161karce i za \u017eene, mada su svi \u010dasovi joge na Zapadu uglavnom vi\u0161e pose\u0107eni \u017eenama. Mu\u0161karci na Zapadu zbog svog duha retko odlaze na \u010das joge. Ovo novo doba je ipak doba pumpanja mi\u0161i\u0107nih vlakana a ne duha.<\/p>\n<p>\u010cak i neki instruktori joge na Zapadu zarade ispadanje ki\u010dmenih prstenova, slomljene tetive ili druge povrede. Ljudi se previ\u0161e upre\u017eu u ime joge iako \u017eivot uvek daje vrlo prakti\u010dan izbor svakom od njih.<\/p>\n<p>Praktikovanje pranajame, asana i meditacije je ekstremno korisno, ali nije za svakoga. Mogu se praktikovati <a href=\"https:\/\/yogajagat.com\/sr\/zivotni-putevi\/\"><span style=\"color: #993300;\">razli\u010dite<\/span><\/a> Joge. <a href=\"https:\/\/yogajagat.com\/sr\/ujedinjenje-jedinstvo-dna-joga\/\"><span style=\"color: #993300;\">Joga<\/span><\/a>, da vas podsetim, nije razdvojena od \u017eivota.<\/p>\n<p>Nema potrebe za nasiljem i silom.<\/p>\n<p>\u0160ta god da odlu\u010dite da praktikujete prvo se pripremite za prihvatanje sopstvenog tela, inteligencije, slabosti kao i svojih sopstvenih lepota.<\/p>\n<p>I praktikujte nenasilje, pre svega prema sebi samima.<\/p>\n<p>Iz takve unutra\u0161nje emotivne, ljubavne, mentalne i telesne harmonije ra\u0111a se i nenasilje prema svemu \u0161to \u010doveka okru\u017euje.[\/vc_column_text][\/vc_column][\/vc_row][vc_row][vc_column][vc_custom_heading text=&#8221;Psiho-filozofija Joge o nenasilju&#8221; font_container=&#8221;tag:h2|text_align:center|color:%231ba2b7&#8243; google_fonts=&#8221;font_family:Ubuntu%3A300%2C300italic%2Cregular%2Citalic%2C500%2C500italic%2C700%2C700italic|font_style:300%20light%20italic%3A300%3Aitalic&#8221;][\/vc_column][\/vc_row][vc_row][vc_column][vc_column_text]\n<hr \/>\n<p>&nbsp;<\/p>\n<p>Nenasilje je anti\u010dka poruka i na sanskritu se zove <span style=\"color: #800080;\">Ahimza.<\/span>[\/vc_column_text][\/vc_column][\/vc_row][vc_row][vc_column][vc_cta h2=&#8221;Joga Sutra 2:35:&#8221; color=&#8221;turquoise&#8221;]Kada je \u010dovek utvr\u0111en u njegovom uzdr\u017eavanju od nenasilja onda sva ostala \u017eiva bi\u0107a u njegovom prisustvu prestaju da ose\u0107aju neprijateljstvo i mr\u017enju.[\/vc_cta][\/vc_column][\/vc_row]\n","protected":false},"excerpt":{"rendered":"<p>[vc_row][vc_column][vc_custom_heading text=&#8221;Ljudi. Moral i nenasilje&#8221; font_container=&#8221;tag:h2|text_align:center|color:%231ba2b7&#8243; google_fonts=&#8221;font_family:Ubuntu%3A300%2C300italic%2Cregular%2Citalic%2C500%2C500italic%2C700%2C700italic|font_style:300%20light%20italic%3A300%3Aitalic&#8221;][\/vc_column][\/vc_row][vc_row][vc_column][vc_column_text]<\/p>\n<p>Zbog \u010dega je nenasilje ljudima tako strano?<\/p>\n<p>&nbsp;<br \/>\nLjudi, iako dvono\u017ene \u017eivotinje, poseduju vi\u0161u svest od ni\u017eih \u017eivotinja.<br \/>\nAli, \u010dovek je najmanje \u010dista \u017eivotinja od svih \u017eivotinja.<br \/>\nOn mo\u017ee otvoriti \u010deljust i ugristi drugo \u017eivo bi\u0107e bilo zubima, re\u010dima, rukama ili nogama. Umotan svojim nekontrolisanim gnevom i u svom kratkom ili du\u017eem ludilu, stisnu\u0107e zube i napasti ili ubiti drugo \u017eivo bi\u0107e. Rukama koje su direktno povezane sa njegovim srcem \u010dovek &#8230;<\/p>\n","protected":false},"author":1,"featured_media":4298,"parent":0,"menu_order":0,"comment_status":"closed","ping_status":"closed","template":"template-full-width.php","meta":{"_bbp_topic_count":0,"_bbp_reply_count":0,"_bbp_total_topic_count":0,"_bbp_total_reply_count":0,"_bbp_voice_count":0,"_bbp_anonymous_reply_count":0,"_bbp_topic_count_hidden":0,"_bbp_reply_count_hidden":0,"_bbp_forum_subforum_count":0,"inline_featured_image":false,"spay_email":""},"translation":{"provider":"WPGlobus","version":"3.0.1","language":"sr","enabled_languages":["en","de","sr"],"languages":{"en":{"title":true,"content":true,"excerpt":false},"de":{"title":true,"content":true,"excerpt":false},"sr":{"title":true,"content":true,"excerpt":false}}},"yoast_head":"<!-- This site is optimized with the Yoast SEO plugin v18.3 - https:\/\/yoast.com\/wordpress\/plugins\/seo\/ -->\n<title>Nenasilje, \u017eivotinje i ljudi - Lepota promene<\/title>\n<meta name=\"description\" content=\"Kada nam je srce otvoreno i kada su na\u0161e misli, re\u010di i dela ujedinjeni, ne pla\u0161imo se ni sebe ni drugih. Moral ljudi i nenasilje. Joga Sutra 2.35. Ahimza...\" \/>\n<meta name=\"robots\" content=\"index, follow, max-snippet:-1, max-image-preview:large, max-video-preview:-1\" \/>\n<link rel=\"canonical\" href=\"https:\/\/yogajagat.com\/nonviolence-how-to-overcome-violence\/\" \/>\n<meta name=\"twitter:label1\" content=\"Est. reading time\" \/>\n\t<meta name=\"twitter:data1\" content=\"18 minutes\" \/>\n<script type=\"application\/ld+json\" class=\"yoast-schema-graph\">{\"@context\":\"https:\/\/schema.org\",\"@graph\":[{\"@type\":\"Organization\",\"@id\":\"https:\/\/yogajagat.com\/#organization\",\"name\":\"Yogajagat\",\"url\":\"https:\/\/yogajagat.com\/\",\"sameAs\":[],\"logo\":{\"@type\":\"ImageObject\",\"@id\":\"https:\/\/yogajagat.com\/#logo\",\"inLanguage\":\"sr\",\"url\":\"https:\/\/i1.wp.com\/yogajagat.com\/wp-content\/uploads\/2019\/03\/DSC08478-Kopie-1.jpg?fit=798%2C800&ssl=1\",\"contentUrl\":\"https:\/\/i1.wp.com\/yogajagat.com\/wp-content\/uploads\/2019\/03\/DSC08478-Kopie-1.jpg?fit=798%2C800&ssl=1\",\"width\":798,\"height\":800,\"caption\":\"Yogajagat\"},\"image\":{\"@id\":\"https:\/\/yogajagat.com\/#logo\"}},{\"@type\":\"WebSite\",\"@id\":\"https:\/\/yogajagat.com\/#website\",\"url\":\"https:\/\/yogajagat.com\/\",\"name\":\"Lepota promene\",\"description\":\"Neprestanom promenom do najlepseg zivotnog iskustva\",\"publisher\":{\"@id\":\"https:\/\/yogajagat.com\/#organization\"},\"potentialAction\":[{\"@type\":\"SearchAction\",\"target\":{\"@type\":\"EntryPoint\",\"urlTemplate\":\"https:\/\/yogajagat.com\/?s={search_term_string}\"},\"query-input\":\"required name=search_term_string\"}],\"inLanguage\":\"sr\"},{\"@type\":\"ImageObject\",\"@id\":\"https:\/\/yogajagat.com\/nonviolence-how-to-overcome-violence\/#primaryimage\",\"inLanguage\":\"sr\",\"url\":\"https:\/\/i2.wp.com\/yogajagat.com\/wp-content\/uploads\/2020\/01\/DSC01603.jpg?fit=320%2C240&ssl=1\",\"contentUrl\":\"https:\/\/i2.wp.com\/yogajagat.com\/wp-content\/uploads\/2020\/01\/DSC01603.jpg?fit=320%2C240&ssl=1\",\"width\":320,\"height\":240,\"caption\":\"nenasilje nonviolence violence\"},{\"@type\":\"WebPage\",\"@id\":\"https:\/\/yogajagat.com\/nonviolence-how-to-overcome-violence\/#webpage\",\"url\":\"https:\/\/yogajagat.com\/nonviolence-how-to-overcome-violence\/\",\"name\":\"Nenasilje, \u017eivotinje i ljudi - Lepota promene\",\"isPartOf\":{\"@id\":\"https:\/\/yogajagat.com\/#website\"},\"primaryImageOfPage\":{\"@id\":\"https:\/\/yogajagat.com\/nonviolence-how-to-overcome-violence\/#primaryimage\"},\"datePublished\":\"2019-04-11T18:43:05+00:00\",\"dateModified\":\"2022-01-27T21:49:14+00:00\",\"description\":\"\u201eNeminem laede; imo omnes, quantum potes, juva.\u201c Nonviolence is something that can be ovrecome. How Yoga practice can increase nonviolence? Yoga Sutra 2.35\",\"breadcrumb\":{\"@id\":\"https:\/\/yogajagat.com\/nonviolence-how-to-overcome-violence\/#breadcrumb\"},\"inLanguage\":\"sr\",\"potentialAction\":[{\"@type\":\"ReadAction\",\"target\":[\"https:\/\/yogajagat.com\/nonviolence-how-to-overcome-violence\/\"]}]},{\"@type\":\"BreadcrumbList\",\"@id\":\"https:\/\/yogajagat.com\/nonviolence-how-to-overcome-violence\/#breadcrumb\",\"itemListElement\":[{\"@type\":\"ListItem\",\"position\":1,\"name\":\"Home\",\"item\":\"https:\/\/yogajagat.com\/sr\/\"},{\"@type\":\"ListItem\",\"position\":2,\"name\":\"Nonviolence, How to Overcome Violence\"}]}]}<\/script>\n<!-- \/ Yoast SEO plugin. -->","yoast_head_json":{"title":"Nenasilje, \u017eivotinje i ljudi - Lepota promene","description":"Kada nam je srce otvoreno i kada su na\u0161e misli, re\u010di i dela ujedinjeni, ne pla\u0161imo se ni sebe ni drugih. Moral ljudi i nenasilje. Joga Sutra 2.35. Ahimza...","robots":{"index":"index","follow":"follow","max-snippet":"max-snippet:-1","max-image-preview":"max-image-preview:large","max-video-preview":"max-video-preview:-1"},"canonical":"https:\/\/yogajagat.com\/nonviolence-how-to-overcome-violence\/","twitter_misc":{"Est. reading time":"18 minutes"},"schema":{"@context":"https:\/\/schema.org","@graph":[{"@type":"Organization","@id":"https:\/\/yogajagat.com\/#organization","name":"Yogajagat","url":"https:\/\/yogajagat.com\/","sameAs":[],"logo":{"@type":"ImageObject","@id":"https:\/\/yogajagat.com\/#logo","inLanguage":"sr","url":"https:\/\/i1.wp.com\/yogajagat.com\/wp-content\/uploads\/2019\/03\/DSC08478-Kopie-1.jpg?fit=798%2C800&ssl=1","contentUrl":"https:\/\/i1.wp.com\/yogajagat.com\/wp-content\/uploads\/2019\/03\/DSC08478-Kopie-1.jpg?fit=798%2C800&ssl=1","width":798,"height":800,"caption":"Yogajagat"},"image":{"@id":"https:\/\/yogajagat.com\/#logo"}},{"@type":"WebSite","@id":"https:\/\/yogajagat.com\/#website","url":"https:\/\/yogajagat.com\/","name":"Lepota promene","description":"Neprestanom promenom do najlepseg zivotnog iskustva","publisher":{"@id":"https:\/\/yogajagat.com\/#organization"},"potentialAction":[{"@type":"SearchAction","target":{"@type":"EntryPoint","urlTemplate":"https:\/\/yogajagat.com\/?s={search_term_string}"},"query-input":"required name=search_term_string"}],"inLanguage":"sr"},{"@type":"ImageObject","@id":"https:\/\/yogajagat.com\/nonviolence-how-to-overcome-violence\/#primaryimage","inLanguage":"sr","url":"https:\/\/i2.wp.com\/yogajagat.com\/wp-content\/uploads\/2020\/01\/DSC01603.jpg?fit=320%2C240&ssl=1","contentUrl":"https:\/\/i2.wp.com\/yogajagat.com\/wp-content\/uploads\/2020\/01\/DSC01603.jpg?fit=320%2C240&ssl=1","width":320,"height":240,"caption":"nenasilje nonviolence violence"},{"@type":"WebPage","@id":"https:\/\/yogajagat.com\/nonviolence-how-to-overcome-violence\/#webpage","url":"https:\/\/yogajagat.com\/nonviolence-how-to-overcome-violence\/","name":"Nenasilje, \u017eivotinje i ljudi - Lepota promene","isPartOf":{"@id":"https:\/\/yogajagat.com\/#website"},"primaryImageOfPage":{"@id":"https:\/\/yogajagat.com\/nonviolence-how-to-overcome-violence\/#primaryimage"},"datePublished":"2019-04-11T18:43:05+00:00","dateModified":"2022-01-27T21:49:14+00:00","description":"\u201eNeminem laede; imo omnes, quantum potes, juva.\u201c Nonviolence is something that can be ovrecome. How Yoga practice can increase nonviolence? Yoga Sutra 2.35","breadcrumb":{"@id":"https:\/\/yogajagat.com\/nonviolence-how-to-overcome-violence\/#breadcrumb"},"inLanguage":"sr","potentialAction":[{"@type":"ReadAction","target":["https:\/\/yogajagat.com\/nonviolence-how-to-overcome-violence\/"]}]},{"@type":"BreadcrumbList","@id":"https:\/\/yogajagat.com\/nonviolence-how-to-overcome-violence\/#breadcrumb","itemListElement":[{"@type":"ListItem","position":1,"name":"Home","item":"https:\/\/yogajagat.com\/sr\/"},{"@type":"ListItem","position":2,"name":"Nonviolence, How to Overcome Violence"}]}]}},"_links":{"self":[{"href":"https:\/\/yogajagat.com\/sr\/wp-json\/wp\/v2\/pages\/2229"}],"collection":[{"href":"https:\/\/yogajagat.com\/sr\/wp-json\/wp\/v2\/pages"}],"about":[{"href":"https:\/\/yogajagat.com\/sr\/wp-json\/wp\/v2\/types\/page"}],"author":[{"embeddable":true,"href":"https:\/\/yogajagat.com\/sr\/wp-json\/wp\/v2\/users\/1"}],"replies":[{"embeddable":true,"href":"https:\/\/yogajagat.com\/sr\/wp-json\/wp\/v2\/comments?post=2229"}],"version-history":[{"count":31,"href":"https:\/\/yogajagat.com\/sr\/wp-json\/wp\/v2\/pages\/2229\/revisions"}],"predecessor-version":[{"id":5882,"href":"https:\/\/yogajagat.com\/sr\/wp-json\/wp\/v2\/pages\/2229\/revisions\/5882"}],"wp:featuredmedia":[{"embeddable":true,"href":"https:\/\/yogajagat.com\/sr\/wp-json\/wp\/v2\/media\/4298"}],"wp:attachment":[{"href":"https:\/\/yogajagat.com\/sr\/wp-json\/wp\/v2\/media?parent=2229"}],"curies":[{"name":"wp","href":"https:\/\/api.w.org\/{rel}","templated":true}]}}