{"id":2223,"date":"2019-04-11T16:49:03","date_gmt":"2019-04-11T15:49:03","guid":{"rendered":"http:\/\/yogajagat.com\/?page_id=2223"},"modified":"2021-06-14T13:07:23","modified_gmt":"2021-06-14T11:07:23","slug":"steps-of-the-life-journey-step-by-step-to-inner-peace","status":"publish","type":"page","link":"https:\/\/yogajagat.com\/sr\/korak-po-korak-do-unutrasnjeg-mira\/","title":{"rendered":"Korak po korak do unutra\u0161njeg mira"},"content":{"rendered":"[vc_row][vc_column][vc_column_text]\n<h3><\/h3>\n<h3 style=\"text-align: center;\"><span style=\"color: #993300;\">KORAK PO KORAK DO UNUTRA\u0160NJEG MIRA<\/span><\/h3>\n<hr \/>\n[\/vc_column_text][\/vc_column][\/vc_row][vc_row][vc_column][vc_column_text]Pre\u010dice? Ili korak po korak do unutra\u0161njeg mira?<\/p>\n<p>&nbsp;<\/p>\n<p>Svi koji su ikada koristili pre\u010dice znaju kako one mogu biti klizave.<\/p>\n<p>Sada, ako vam ka\u017eem da postoje plemenitiji putevi a ne samo klizave pre\u010dice ali da morate ne\u0161to u sebi i da menajte, va\u0161 um \u0107e ponoviti: \u201eNe \u017eelim ni\u0161ta da menjam. Drugi bi trebalo da se menjaju. &#8221;<\/p>\n<p>U redu, slede\u0107e stranice govore o drugima.<\/p>\n<p>Ako u bilo kojoj pri\u010di prepoznate sebe, onda ova re\u0161enja mo\u017eda ni za vas nisu tako lo\u0161a.<\/p>\n<p>Ni\u0161ta nije nemogu\u0107e.<\/p>\n[\/vc_column_text][\/vc_column][\/vc_row][vc_row][vc_column][vc_column_text]\n<div id=\"attachment_4948\" style=\"width: 610px\" class=\"wp-caption aligncenter\"><img aria-describedby=\"caption-attachment-4948\" loading=\"lazy\" class=\"wp-image-4948\" src=\"https:\/\/i0.wp.com\/yogajagat.com\/wp-content\/uploads\/2020\/01\/the-little-prince-best-quotes-cover-800x469-1024x575-1-300x168.jpg?resize=600%2C337\" alt=\"korak po korak steps stuffen\" width=\"600\" height=\"337\" srcset=\"https:\/\/i1.wp.com\/yogajagat.com\/wp-content\/uploads\/2020\/01\/the-little-prince-best-quotes-cover-800x469-1024x575-1.jpg?resize=300%2C168&amp;ssl=1 300w, https:\/\/i1.wp.com\/yogajagat.com\/wp-content\/uploads\/2020\/01\/the-little-prince-best-quotes-cover-800x469-1024x575-1.jpg?resize=768%2C431&amp;ssl=1 768w, https:\/\/i1.wp.com\/yogajagat.com\/wp-content\/uploads\/2020\/01\/the-little-prince-best-quotes-cover-800x469-1024x575-1.jpg?w=800&amp;ssl=1 800w\" sizes=\"(max-width: 600px) 100vw, 600px\" data-recalc-dims=\"1\" \/><p id=\"caption-attachment-4948\" class=\"wp-caption-text\">Source: Internet<\/p><\/div>\n[\/vc_column_text][\/vc_column][\/vc_row][vc_row][vc_column][vc_cta h2=&#8221;&#8221;]\n<p style=\"text-align: center;\"><span style=\"color: #993300;\">&#8220;Ne mo\u017eemo re\u0161iti probleme misle\u0107i isto kao kada smo ih i stvorili&#8221; <\/span><\/p>\n<p style=\"text-align: center;\"><span style=\"color: #993300;\">-Albert Ajn\u0161tajn<\/span><\/p>\n[\/vc_cta][\/vc_column][\/vc_row][vc_row][vc_column][vc_custom_heading text=&#8221;Usput&#8221; font_container=&#8221;tag:h2|text_align:center|color:%231d98b7&#8243; google_fonts=&#8221;font_family:Ubuntu%3A300%2C300italic%2Cregular%2Citalic%2C500%2C500italic%2C700%2C700italic|font_style:300%20light%20italic%3A300%3Aitalic&#8221;][\/vc_column][\/vc_row][vc_row][vc_column][vc_column_text]\n<hr \/>\n<p>&nbsp;<\/p>\n<p>Ni\u0161ta ne miruje. Sve te\u010de povezano. I sve ima svoje korake.<\/p>\n<p>Svaka \u017eiva osoba hoda. Mo\u017ee biti da i osobe koje nisu \u017eive hodaju ali to je tema o kojoj znamo vrlo malo ili ba\u0161 ni\u0161ta.<\/p>\n<p>Koju god li\u010dnu filozofiju da biramo ili smo odabrali, \u017eivot \u0107e svakoga od nas odvesti upravo tamo gde bi i trebali biti.<\/p>\n<p>Sada \u0107e buntovni ljudski um izbaciti ideje kao \u0161to su:<\/p>\n<p><em>&#8220;Nije po\u0161teno. Nisam to zaslu\u017eio.&#8221;<\/em><\/p>\n<p><em>&#8221; &#8220;Za\u0161to ja?&#8221; <\/em><\/p>\n<p><em>&#8220;To nije moja krivica. ON je to uradio.&#8221; \u00a0 <\/em><\/p>\n<p>&nbsp;<\/p>\n<p>To je ono \u0161to vi mislite o sebi. Ali priroda nije uvek onakva kakva vi mislite da ona jeste. Stvari izvan va\u0161e glave izgledaju druga\u010dije. Prirodu ne zanima \u0161to ste vi tamo i \u0161ta vi mislite o sebi. Priroda, koja nije samo umiljato li\u0161\u0107e ve\u0107 sva de\u0161avanja iznad, ispod i u sredini prostora, ima <em>svoju<\/em> prirodu i <em>svoje<\/em> zakone. I ona nikoga ne zapostavlja. \u010cak ni jednojaj\u010dane blizance. Jednojaj\u010dani blizanci su po prvi put udahnuli vazduh mo\u017eda istog sata, ali ne i istog minuta. Na to, dva identi\u010dna brata blizanca \u0107e se o\u017eeniti dvema razli\u010ditim \u017eenama i knjiga sudbine je zapisala svoju prvu stranu.<\/p>\n<p>Bez obzira da li ste ro\u0111eni sami ili ne va\u017eno je da se penjete merdevinama sada, da sada praznite glavu da biste je napunili novim vrednostima i da smirujete duh da biste ispunili srce najve\u0107im blagom. Ne sutra ve\u0107 sada.[\/vc_column_text][\/vc_column][\/vc_row][vc_row][vc_column][vc_custom_heading text=&#8221;Koraci&#8221; font_container=&#8221;tag:h2|text_align:center|color:%231d98b7&#8243; google_fonts=&#8221;font_family:Ubuntu%3A300%2C300italic%2Cregular%2Citalic%2C500%2C500italic%2C700%2C700italic|font_style:300%20light%20italic%3A300%3Aitalic&#8221;][\/vc_column][\/vc_row][vc_row][vc_column][vc_column_text]\n<hr \/>\n<p>&nbsp;<\/p>\n<p>Mnogobrojne stranice u ovoj knjizi-web sajtu govore o koracima kojima svako pojedina\u010dno ljudsko bi\u0107e hoda.<\/p>\n<p>Govore o tome kako da \u010dovek stekne otmene karakteristike jednog ljudskog bi\u0107a dok je njegovo bi\u0107e jo\u0161 u \u017eivotu, govore o svim vrstama zdravlja i o tome kako da \u010dovek savlada tugu. Stranice daju savete sa razmi\u0161ljanje i praksu, govore o <a href=\"https:\/\/yogajagat.com\/sr\/zivotni-putevi\/\"><span style=\"color: #993300;\">raznim putevima<\/span><\/a> u \u017eivotu koji su naizgled svi razli\u010diti.<\/p>\n<p>U tome ima istine. Putevi su razli\u010diti ali je unutra\u0161nji mir, tiho zadovoljstvo i spokojno srce<span style=\"color: #993300;\"> uvek isti<\/span> mir, isto zadovoljstvo i isti spokoj.<\/p>\n<p>&nbsp;<\/p>\n[\/vc_column_text][\/vc_column][\/vc_row]\n","protected":false},"excerpt":{"rendered":"<p>[vc_row][vc_column][vc_column_text]<\/p>\n<p>KORAK PO KORAK DO UNUTRA\u0160NJEG MIRA<\/p>\n<p>[\/vc_column_text][\/vc_column][\/vc_row][vc_row][vc_column][vc_column_text]Pre\u010dice? Ili korak po korak do unutra\u0161njeg mira?<br \/>\n&nbsp;<br \/>\nSvi koji su ikada koristili pre\u010dice znaju kako one mogu biti klizave.<br \/>\nSada, ako vam ka\u017eem da postoje plemenitiji putevi a ne samo klizave pre\u010dice ali da morate ne\u0161to u sebi i da menajte, va\u0161 um \u0107e ponoviti: \u201eNe \u017eelim ni\u0161ta da menjam. Drugi bi trebalo da se menjaju. &#8221;<br \/>\nU redu, slede\u0107e stranice govore o drugima.<br \/>\nAko u bilo kojoj pri\u010di &#8230;<\/p>\n","protected":false},"author":1,"featured_media":0,"parent":0,"menu_order":0,"comment_status":"closed","ping_status":"closed","template":"template-full-width.php","meta":{"_bbp_topic_count":0,"_bbp_reply_count":0,"_bbp_total_topic_count":0,"_bbp_total_reply_count":0,"_bbp_voice_count":0,"_bbp_anonymous_reply_count":0,"_bbp_topic_count_hidden":0,"_bbp_reply_count_hidden":0,"_bbp_forum_subforum_count":0,"inline_featured_image":false,"spay_email":""},"translation":{"provider":"WPGlobus","version":"3.0.1","language":"sr","enabled_languages":["en","de","sr"],"languages":{"en":{"title":true,"content":true,"excerpt":false},"de":{"title":true,"content":true,"excerpt":false},"sr":{"title":true,"content":true,"excerpt":false}}},"yoast_head":"<!-- This site is optimized with the Yoast SEO plugin v18.3 - https:\/\/yoast.com\/wordpress\/plugins\/seo\/ -->\n<title>Korak po korak do unutra\u0161njeg mira - Lepota promene<\/title>\n<meta name=\"description\" content=\"Korak po korak do unutra\u0161njeg mira. Ove stranice govore o tome kako da \u010dovek stekne otmene karakteristike jednog ljudskog bi\u0107a dok je njegovo bi\u0107e jos \u017eivo\" \/>\n<meta name=\"robots\" content=\"index, follow, max-snippet:-1, max-image-preview:large, max-video-preview:-1\" \/>\n<link rel=\"canonical\" href=\"https:\/\/yogajagat.com\/steps-of-the-life-journey-step-by-step-to-inner-peace\/\" \/>\n<meta name=\"twitter:label1\" content=\"Est. reading time\" \/>\n\t<meta name=\"twitter:data1\" content=\"3 minutes\" \/>\n<script type=\"application\/ld+json\" class=\"yoast-schema-graph\">{\"@context\":\"https:\/\/schema.org\",\"@graph\":[{\"@type\":\"Organization\",\"@id\":\"https:\/\/yogajagat.com\/#organization\",\"name\":\"Yogajagat\",\"url\":\"https:\/\/yogajagat.com\/\",\"sameAs\":[],\"logo\":{\"@type\":\"ImageObject\",\"@id\":\"https:\/\/yogajagat.com\/#logo\",\"inLanguage\":\"sr\",\"url\":\"https:\/\/i1.wp.com\/yogajagat.com\/wp-content\/uploads\/2019\/03\/DSC08478-Kopie-1.jpg?fit=798%2C800&ssl=1\",\"contentUrl\":\"https:\/\/i1.wp.com\/yogajagat.com\/wp-content\/uploads\/2019\/03\/DSC08478-Kopie-1.jpg?fit=798%2C800&ssl=1\",\"width\":798,\"height\":800,\"caption\":\"Yogajagat\"},\"image\":{\"@id\":\"https:\/\/yogajagat.com\/#logo\"}},{\"@type\":\"WebSite\",\"@id\":\"https:\/\/yogajagat.com\/#website\",\"url\":\"https:\/\/yogajagat.com\/\",\"name\":\"Lepota promene\",\"description\":\"Neprestanom promenom do najlepseg zivotnog iskustva\",\"publisher\":{\"@id\":\"https:\/\/yogajagat.com\/#organization\"},\"potentialAction\":[{\"@type\":\"SearchAction\",\"target\":{\"@type\":\"EntryPoint\",\"urlTemplate\":\"https:\/\/yogajagat.com\/?s={search_term_string}\"},\"query-input\":\"required name=search_term_string\"}],\"inLanguage\":\"sr\"},{\"@type\":\"ImageObject\",\"@id\":\"https:\/\/yogajagat.com\/steps-of-the-life-journey-step-by-step-to-inner-peace\/#primaryimage\",\"inLanguage\":\"sr\",\"url\":\"http:\/\/yogajagat.com\/wp-content\/uploads\/2020\/01\/the-little-prince-best-quotes-cover-800x469-1024x575-1.jpg\",\"contentUrl\":\"http:\/\/yogajagat.com\/wp-content\/uploads\/2020\/01\/the-little-prince-best-quotes-cover-800x469-1024x575-1.jpg\"},{\"@type\":\"WebPage\",\"@id\":\"https:\/\/yogajagat.com\/steps-of-the-life-journey-step-by-step-to-inner-peace\/#webpage\",\"url\":\"https:\/\/yogajagat.com\/steps-of-the-life-journey-step-by-step-to-inner-peace\/\",\"name\":\"Korak po korak do unutra\u0161njeg mira - Lepota promene\",\"isPartOf\":{\"@id\":\"https:\/\/yogajagat.com\/#website\"},\"primaryImageOfPage\":{\"@id\":\"https:\/\/yogajagat.com\/steps-of-the-life-journey-step-by-step-to-inner-peace\/#primaryimage\"},\"datePublished\":\"2019-04-11T15:49:03+00:00\",\"dateModified\":\"2021-06-14T11:07:23+00:00\",\"description\":\"Korak po korak do unutra\u0161njeg mira. Ove stranice govore o tome kako da \u010dovek stekne otmene karakteristike jednog ljudskog bi\u0107a dok je njegovo bi\u0107e jos \u017eivo\",\"breadcrumb\":{\"@id\":\"https:\/\/yogajagat.com\/steps-of-the-life-journey-step-by-step-to-inner-peace\/#breadcrumb\"},\"inLanguage\":\"sr\",\"potentialAction\":[{\"@type\":\"ReadAction\",\"target\":[\"https:\/\/yogajagat.com\/steps-of-the-life-journey-step-by-step-to-inner-peace\/\"]}]},{\"@type\":\"BreadcrumbList\",\"@id\":\"https:\/\/yogajagat.com\/steps-of-the-life-journey-step-by-step-to-inner-peace\/#breadcrumb\",\"itemListElement\":[{\"@type\":\"ListItem\",\"position\":1,\"name\":\"Home\",\"item\":\"https:\/\/yogajagat.com\/sr\/\"},{\"@type\":\"ListItem\",\"position\":2,\"name\":\"Steps of the Life Journey. Step by Step to Inner Peace\"}]}]}<\/script>\n<!-- \/ Yoast SEO plugin. -->","yoast_head_json":{"title":"Korak po korak do unutra\u0161njeg mira - Lepota promene","description":"Korak po korak do unutra\u0161njeg mira. Ove stranice govore o tome kako da \u010dovek stekne otmene karakteristike jednog ljudskog bi\u0107a dok je njegovo bi\u0107e jos \u017eivo","robots":{"index":"index","follow":"follow","max-snippet":"max-snippet:-1","max-image-preview":"max-image-preview:large","max-video-preview":"max-video-preview:-1"},"canonical":"https:\/\/yogajagat.com\/steps-of-the-life-journey-step-by-step-to-inner-peace\/","twitter_misc":{"Est. reading time":"3 minutes"},"schema":{"@context":"https:\/\/schema.org","@graph":[{"@type":"Organization","@id":"https:\/\/yogajagat.com\/#organization","name":"Yogajagat","url":"https:\/\/yogajagat.com\/","sameAs":[],"logo":{"@type":"ImageObject","@id":"https:\/\/yogajagat.com\/#logo","inLanguage":"sr","url":"https:\/\/i1.wp.com\/yogajagat.com\/wp-content\/uploads\/2019\/03\/DSC08478-Kopie-1.jpg?fit=798%2C800&ssl=1","contentUrl":"https:\/\/i1.wp.com\/yogajagat.com\/wp-content\/uploads\/2019\/03\/DSC08478-Kopie-1.jpg?fit=798%2C800&ssl=1","width":798,"height":800,"caption":"Yogajagat"},"image":{"@id":"https:\/\/yogajagat.com\/#logo"}},{"@type":"WebSite","@id":"https:\/\/yogajagat.com\/#website","url":"https:\/\/yogajagat.com\/","name":"Lepota promene","description":"Neprestanom promenom do najlepseg zivotnog iskustva","publisher":{"@id":"https:\/\/yogajagat.com\/#organization"},"potentialAction":[{"@type":"SearchAction","target":{"@type":"EntryPoint","urlTemplate":"https:\/\/yogajagat.com\/?s={search_term_string}"},"query-input":"required name=search_term_string"}],"inLanguage":"sr"},{"@type":"ImageObject","@id":"https:\/\/yogajagat.com\/steps-of-the-life-journey-step-by-step-to-inner-peace\/#primaryimage","inLanguage":"sr","url":"http:\/\/yogajagat.com\/wp-content\/uploads\/2020\/01\/the-little-prince-best-quotes-cover-800x469-1024x575-1.jpg","contentUrl":"http:\/\/yogajagat.com\/wp-content\/uploads\/2020\/01\/the-little-prince-best-quotes-cover-800x469-1024x575-1.jpg"},{"@type":"WebPage","@id":"https:\/\/yogajagat.com\/steps-of-the-life-journey-step-by-step-to-inner-peace\/#webpage","url":"https:\/\/yogajagat.com\/steps-of-the-life-journey-step-by-step-to-inner-peace\/","name":"Korak po korak do unutra\u0161njeg mira - Lepota promene","isPartOf":{"@id":"https:\/\/yogajagat.com\/#website"},"primaryImageOfPage":{"@id":"https:\/\/yogajagat.com\/steps-of-the-life-journey-step-by-step-to-inner-peace\/#primaryimage"},"datePublished":"2019-04-11T15:49:03+00:00","dateModified":"2021-06-14T11:07:23+00:00","description":"Korak po korak do unutra\u0161njeg mira. Ove stranice govore o tome kako da \u010dovek stekne otmene karakteristike jednog ljudskog bi\u0107a dok je njegovo bi\u0107e jos \u017eivo","breadcrumb":{"@id":"https:\/\/yogajagat.com\/steps-of-the-life-journey-step-by-step-to-inner-peace\/#breadcrumb"},"inLanguage":"sr","potentialAction":[{"@type":"ReadAction","target":["https:\/\/yogajagat.com\/steps-of-the-life-journey-step-by-step-to-inner-peace\/"]}]},{"@type":"BreadcrumbList","@id":"https:\/\/yogajagat.com\/steps-of-the-life-journey-step-by-step-to-inner-peace\/#breadcrumb","itemListElement":[{"@type":"ListItem","position":1,"name":"Home","item":"https:\/\/yogajagat.com\/sr\/"},{"@type":"ListItem","position":2,"name":"Steps of the Life Journey. Step by Step to Inner Peace"}]}]}},"_links":{"self":[{"href":"https:\/\/yogajagat.com\/sr\/wp-json\/wp\/v2\/pages\/2223"}],"collection":[{"href":"https:\/\/yogajagat.com\/sr\/wp-json\/wp\/v2\/pages"}],"about":[{"href":"https:\/\/yogajagat.com\/sr\/wp-json\/wp\/v2\/types\/page"}],"author":[{"embeddable":true,"href":"https:\/\/yogajagat.com\/sr\/wp-json\/wp\/v2\/users\/1"}],"replies":[{"embeddable":true,"href":"https:\/\/yogajagat.com\/sr\/wp-json\/wp\/v2\/comments?post=2223"}],"version-history":[{"count":34,"href":"https:\/\/yogajagat.com\/sr\/wp-json\/wp\/v2\/pages\/2223\/revisions"}],"predecessor-version":[{"id":6120,"href":"https:\/\/yogajagat.com\/sr\/wp-json\/wp\/v2\/pages\/2223\/revisions\/6120"}],"wp:attachment":[{"href":"https:\/\/yogajagat.com\/sr\/wp-json\/wp\/v2\/media?parent=2223"}],"curies":[{"name":"wp","href":"https:\/\/api.w.org\/{rel}","templated":true}]}}