{"id":645,"date":"2015-02-01T21:30:23","date_gmt":"2015-02-01T21:30:23","guid":{"rendered":"http:\/\/yogajagat.com\/?page_id=645"},"modified":"2021-02-11T15:06:05","modified_gmt":"2021-02-11T14:06:05","slug":"deep-relaxation-yogic-sleep-nidra","status":"publish","type":"page","link":"https:\/\/yogajagat.com\/de\/vollstandige-entspannung-die-technik-des-yoga-nidra\/","title":{"rendered":"Vollst\u00e4ndige Entspannung, die Technik des Yoga Nidra"},"content":{"rendered":"[vc_row][vc_column][vc_column_text]\n<h3 style=\"text-align: center;\"><span style=\"color: #993300;\">VOLLST\u00c4NDIGE ENTSPANNUNG<\/span><\/h3>\n<h3 style=\"text-align: center;\"><span style=\"color: #993300;\">DIE TECHNIK DES YOGA NIDRA<\/span><\/h3>\n<p>&nbsp;<\/p>\n<hr \/>\n<p>&nbsp;<\/p>\n<p>Der V<em>ollst\u00e4ndige Entspannung, die Technik<\/em>\u00a0des <em>Yoga Nidra<\/em> ist zur Zeit in <a href=\"https:\/\/yogajagat.com\/deep-relaxation-yogic-sleep-nidra\/\">englischer Sprache<\/a> verf\u00fcgbar.<\/p>\n[\/vc_column_text][\/vc_column][\/vc_row]\n","protected":false},"excerpt":{"rendered":"<p>[vc_row][vc_column][vc_column_text]<br \/>\nVOLLST\u00c4NDIGE ENTSPANNUNG<br \/>\nDIE TECHNIK DES YOGA NIDRA<br \/>\n&nbsp;<\/p>\n<p>&nbsp;<br \/>\nDer Vollst\u00e4ndige Entspannung, die Technik\u00a0des Yoga Nidra ist zur Zeit in englischer Sprache verf\u00fcgbar.<br \/>\n[\/vc_column_text][\/vc_column][\/vc_row]<\/p>\n","protected":false},"author":1,"featured_media":0,"parent":0,"menu_order":0,"comment_status":"open","ping_status":"open","template":"template-full-width.php","meta":{"_bbp_topic_count":0,"_bbp_reply_count":0,"_bbp_total_topic_count":0,"_bbp_total_reply_count":0,"_bbp_voice_count":0,"_bbp_anonymous_reply_count":0,"_bbp_topic_count_hidden":0,"_bbp_reply_count_hidden":0,"_bbp_forum_subforum_count":0,"inline_featured_image":false,"spay_email":""},"translation":{"provider":"WPGlobus","version":"3.0.1","language":"de","enabled_languages":["en","de","sr"],"languages":{"en":{"title":true,"content":true,"excerpt":false},"de":{"title":true,"content":true,"excerpt":false},"sr":{"title":true,"content":true,"excerpt":false}}},"yoast_head":"<!-- This site is optimized with the Yoast SEO plugin v18.3 - https:\/\/yoast.com\/wordpress\/plugins\/seo\/ -->\n<title>Vollst\u00e4ndige Entspannung, die Technik des Yoga Nidra - Sch\u00f6nheit der Ver\u00e4nderung<\/title>\n<meta name=\"description\" content=\"Vollst\u00e4ndige Entspannung, die Technik des Yoga Nidra...\" \/>\n<meta name=\"robots\" content=\"index, follow, max-snippet:-1, max-image-preview:large, max-video-preview:-1\" \/>\n<link rel=\"canonical\" href=\"https:\/\/yogajagat.com\/deep-relaxation-yogic-sleep-nidra\/\" \/>\n<meta name=\"twitter:label1\" content=\"Gesch\u00e4tzte Lesezeit\" \/>\n\t<meta name=\"twitter:data1\" content=\"1\u00a0Minute\" \/>\n<script type=\"application\/ld+json\" class=\"yoast-schema-graph\">{\"@context\":\"https:\/\/schema.org\",\"@graph\":[{\"@type\":\"Organization\",\"@id\":\"https:\/\/yogajagat.com\/#organization\",\"name\":\"Yogajagat\",\"url\":\"https:\/\/yogajagat.com\/\",\"sameAs\":[],\"logo\":{\"@type\":\"ImageObject\",\"@id\":\"https:\/\/yogajagat.com\/#logo\",\"inLanguage\":\"de\",\"url\":\"https:\/\/i1.wp.com\/yogajagat.com\/wp-content\/uploads\/2019\/03\/DSC08478-Kopie-1.jpg?fit=798%2C800&ssl=1\",\"contentUrl\":\"https:\/\/i1.wp.com\/yogajagat.com\/wp-content\/uploads\/2019\/03\/DSC08478-Kopie-1.jpg?fit=798%2C800&ssl=1\",\"width\":798,\"height\":800,\"caption\":\"Yogajagat\"},\"image\":{\"@id\":\"https:\/\/yogajagat.com\/#logo\"}},{\"@type\":\"WebSite\",\"@id\":\"https:\/\/yogajagat.com\/#website\",\"url\":\"https:\/\/yogajagat.com\/\",\"name\":\"Sch\u00f6nheit der Ver\u00e4nderung\",\"description\":\"Mit st\u00e4ndiger Ver\u00e4nderung zum sch\u00f6nsten Lebenserfahrung\",\"publisher\":{\"@id\":\"https:\/\/yogajagat.com\/#organization\"},\"potentialAction\":[{\"@type\":\"SearchAction\",\"target\":{\"@type\":\"EntryPoint\",\"urlTemplate\":\"https:\/\/yogajagat.com\/?s={search_term_string}\"},\"query-input\":\"required name=search_term_string\"}],\"inLanguage\":\"de\"},{\"@type\":\"ImageObject\",\"@id\":\"https:\/\/yogajagat.com\/deep-relaxation-yogic-sleep-nidra\/#primaryimage\",\"inLanguage\":\"de\",\"url\":\"http:\/\/yogajagat.com\/wp-content\/uploads\/2020\/02\/DSC07708-Kopie-1024x768-1.jpg\",\"contentUrl\":\"http:\/\/yogajagat.com\/wp-content\/uploads\/2020\/02\/DSC07708-Kopie-1024x768-1.jpg\"},{\"@type\":\"WebPage\",\"@id\":\"https:\/\/yogajagat.com\/deep-relaxation-yogic-sleep-nidra\/#webpage\",\"url\":\"https:\/\/yogajagat.com\/deep-relaxation-yogic-sleep-nidra\/\",\"name\":\"Vollst\u00e4ndige Entspannung, die Technik des Yoga Nidra - Sch\u00f6nheit der Ver\u00e4nderung\",\"isPartOf\":{\"@id\":\"https:\/\/yogajagat.com\/#website\"},\"primaryImageOfPage\":{\"@id\":\"https:\/\/yogajagat.com\/deep-relaxation-yogic-sleep-nidra\/#primaryimage\"},\"datePublished\":\"2015-02-01T21:30:23+00:00\",\"dateModified\":\"2021-02-11T14:06:05+00:00\",\"description\":\"Vollst\u00e4ndige Entspannung, die Technik des Yoga Nidra...\",\"breadcrumb\":{\"@id\":\"https:\/\/yogajagat.com\/deep-relaxation-yogic-sleep-nidra\/#breadcrumb\"},\"inLanguage\":\"de\",\"potentialAction\":[{\"@type\":\"ReadAction\",\"target\":[\"https:\/\/yogajagat.com\/deep-relaxation-yogic-sleep-nidra\/\"]}]},{\"@type\":\"BreadcrumbList\",\"@id\":\"https:\/\/yogajagat.com\/deep-relaxation-yogic-sleep-nidra\/#breadcrumb\",\"itemListElement\":[{\"@type\":\"ListItem\",\"position\":1,\"name\":\"Home\",\"item\":\"https:\/\/yogajagat.com\/sr\/\"},{\"@type\":\"ListItem\",\"position\":2,\"name\":\"Deep Relaxation, Yogic Sleep, Nidra\"}]}]}<\/script>\n<!-- \/ Yoast SEO plugin. -->","yoast_head_json":{"title":"Vollst\u00e4ndige Entspannung, die Technik des Yoga Nidra - Sch\u00f6nheit der Ver\u00e4nderung","description":"Vollst\u00e4ndige Entspannung, die Technik des Yoga Nidra...","robots":{"index":"index","follow":"follow","max-snippet":"max-snippet:-1","max-image-preview":"max-image-preview:large","max-video-preview":"max-video-preview:-1"},"canonical":"https:\/\/yogajagat.com\/deep-relaxation-yogic-sleep-nidra\/","twitter_misc":{"Gesch\u00e4tzte Lesezeit":"1\u00a0Minute"},"schema":{"@context":"https:\/\/schema.org","@graph":[{"@type":"Organization","@id":"https:\/\/yogajagat.com\/#organization","name":"Yogajagat","url":"https:\/\/yogajagat.com\/","sameAs":[],"logo":{"@type":"ImageObject","@id":"https:\/\/yogajagat.com\/#logo","inLanguage":"de","url":"https:\/\/i1.wp.com\/yogajagat.com\/wp-content\/uploads\/2019\/03\/DSC08478-Kopie-1.jpg?fit=798%2C800&ssl=1","contentUrl":"https:\/\/i1.wp.com\/yogajagat.com\/wp-content\/uploads\/2019\/03\/DSC08478-Kopie-1.jpg?fit=798%2C800&ssl=1","width":798,"height":800,"caption":"Yogajagat"},"image":{"@id":"https:\/\/yogajagat.com\/#logo"}},{"@type":"WebSite","@id":"https:\/\/yogajagat.com\/#website","url":"https:\/\/yogajagat.com\/","name":"Sch\u00f6nheit der Ver\u00e4nderung","description":"Mit st\u00e4ndiger Ver\u00e4nderung zum sch\u00f6nsten Lebenserfahrung","publisher":{"@id":"https:\/\/yogajagat.com\/#organization"},"potentialAction":[{"@type":"SearchAction","target":{"@type":"EntryPoint","urlTemplate":"https:\/\/yogajagat.com\/?s={search_term_string}"},"query-input":"required name=search_term_string"}],"inLanguage":"de"},{"@type":"ImageObject","@id":"https:\/\/yogajagat.com\/deep-relaxation-yogic-sleep-nidra\/#primaryimage","inLanguage":"de","url":"http:\/\/yogajagat.com\/wp-content\/uploads\/2020\/02\/DSC07708-Kopie-1024x768-1.jpg","contentUrl":"http:\/\/yogajagat.com\/wp-content\/uploads\/2020\/02\/DSC07708-Kopie-1024x768-1.jpg"},{"@type":"WebPage","@id":"https:\/\/yogajagat.com\/deep-relaxation-yogic-sleep-nidra\/#webpage","url":"https:\/\/yogajagat.com\/deep-relaxation-yogic-sleep-nidra\/","name":"Vollst\u00e4ndige Entspannung, die Technik des Yoga Nidra - Sch\u00f6nheit der Ver\u00e4nderung","isPartOf":{"@id":"https:\/\/yogajagat.com\/#website"},"primaryImageOfPage":{"@id":"https:\/\/yogajagat.com\/deep-relaxation-yogic-sleep-nidra\/#primaryimage"},"datePublished":"2015-02-01T21:30:23+00:00","dateModified":"2021-02-11T14:06:05+00:00","description":"Vollst\u00e4ndige Entspannung, die Technik des Yoga Nidra...","breadcrumb":{"@id":"https:\/\/yogajagat.com\/deep-relaxation-yogic-sleep-nidra\/#breadcrumb"},"inLanguage":"de","potentialAction":[{"@type":"ReadAction","target":["https:\/\/yogajagat.com\/deep-relaxation-yogic-sleep-nidra\/"]}]},{"@type":"BreadcrumbList","@id":"https:\/\/yogajagat.com\/deep-relaxation-yogic-sleep-nidra\/#breadcrumb","itemListElement":[{"@type":"ListItem","position":1,"name":"Home","item":"https:\/\/yogajagat.com\/sr\/"},{"@type":"ListItem","position":2,"name":"Deep Relaxation, Yogic Sleep, Nidra"}]}]}},"_links":{"self":[{"href":"https:\/\/yogajagat.com\/de\/wp-json\/wp\/v2\/pages\/645"}],"collection":[{"href":"https:\/\/yogajagat.com\/de\/wp-json\/wp\/v2\/pages"}],"about":[{"href":"https:\/\/yogajagat.com\/de\/wp-json\/wp\/v2\/types\/page"}],"author":[{"embeddable":true,"href":"https:\/\/yogajagat.com\/de\/wp-json\/wp\/v2\/users\/1"}],"replies":[{"embeddable":true,"href":"https:\/\/yogajagat.com\/de\/wp-json\/wp\/v2\/comments?post=645"}],"version-history":[{"count":38,"href":"https:\/\/yogajagat.com\/de\/wp-json\/wp\/v2\/pages\/645\/revisions"}],"predecessor-version":[{"id":6011,"href":"https:\/\/yogajagat.com\/de\/wp-json\/wp\/v2\/pages\/645\/revisions\/6011"}],"wp:attachment":[{"href":"https:\/\/yogajagat.com\/de\/wp-json\/wp\/v2\/media?parent=645"}],"curies":[{"name":"wp","href":"https:\/\/api.w.org\/{rel}","templated":true}]}}