{"id":603,"date":"2015-01-26T00:28:41","date_gmt":"2015-01-26T00:28:41","guid":{"rendered":"http:\/\/yogajagat.com\/?page_id=603"},"modified":"2020-02-25T14:11:07","modified_gmt":"2020-02-25T13:11:07","slug":"hatha-yoga-the-oldest-text-on-hatha-yoga-pradipika","status":"publish","type":"page","link":"https:\/\/yogajagat.com\/de\/hatha-yoga-bedeutung\/","title":{"rendered":"Hatha Yoga"},"content":{"rendered":"<p><em>(Die gesamte Website ist in der englischen Version zur Zeit viel ausf\u00fchrlicher geschrieben.)<\/em><\/p>\n<p><strong>HATHA YOGA<\/strong><\/p>\n<p>Die \u00e4lteste Schrift \u00fcber Hatha Yoga ist sehr wahrscheinlich die Hatha Yoga Pradipika, die von Swami Swatmarama im 15. Jahrhundert geschrieben wurde. Die Techniken, die in den Hatha Yoga Pradipika beschrieben wurden, basieren auf das alte Wissen \u00fcber den Menschen und seinem Geist, wie auch auf der eigenen Erfahrung des Swatmarama.<\/p>\n<p>Hatha Yoga ist ein komplexes System, das das gleiche Ziel wie Raja Yoga hat, das h\u00f6here Bewusstsein und damit die Verreinigung mit der Quelle zu erreichen.<\/p>\n<p>Die Techniken des Hatha Yoga daf\u00fcr sind:<br \/>\n&#8211; <strong>Yamas und Niyamas<\/strong><br \/>\n&#8211; <strong>Asanas<\/strong>, oder K\u00f6rperstellungen, die der gr\u00f6bere Teil und der Anfang der Praxis sind<br \/>\n&#8211; <strong>Pranayama<\/strong>, Atemkontrolle (heute auch Atemtechniken genannt)<br \/>\n&#8211; <strong>Mudras<\/strong>, Hand oder K\u00f6rperstellungen, auch innere Einstellungen<br \/>\n&#8211; <strong>Bandhas<\/strong>, bewusste anatomische Blockierungen, mit denen man das Prana in den bestimmten K\u00f6rperbereichen speichert und von dort weiterleitet<br \/>\n&#8211; <strong>Shatkarmas<\/strong>, yogische Techniken der K\u00f6rperreinigung<br \/>\n&#8211; <strong>Meditation und Tiefenentspannung<\/strong><\/p>\n<p>Das Ziel des Hatha Yoga ist die Erweckung der <strong>Kundalini Shakti<\/strong>. Das ist das latente kosmische Prana (Vitalenergie), das gr\u00f6\u00dfte Potenzial und die m\u00e4chtigste Kraft eines Lebenswesens, die im unteren Teil der Wirbels\u00e4ule sitzt. Die Wirbels\u00e4ule ist nicht nur eine S\u00e4ule aus Knochen sondern der Tr\u00e4ger des Bewusstseinskanals. Dieser Kanal hei\u00dft Sushumna und wenn er gereinigt und ge\u00f6ffnet ist, verreinigt sich die individuelle Seele mit der kosmischen.<br \/>\nAus diesem Grund, ist es nicht richtig, Hatha Yoga nur als reine K\u00f6rper\u00fcbungen zu verstehen.<\/p>\n<p>Als der Embryo sich Schritt f\u00fcr Schritt zum ersten Atem entwickelt, so entfaltet der Mensch seit seinem ersten Atem, seine psychischen Zentren Schritt f\u00fcr Schritt hin zur seinen Quelle.<\/p>\n<p>Als Einheit, bezieht sich das Wort Yoga (und die Yogapraxis) auf die Vereinigung des Yin und des Yang, die zwei Hirnh\u00e4lften, der Parasympathikus mit dem Sympathikus. Yoga ist die Einheit zwischen der Sonne (HA) und dem Mond (THA), Zeit und Raum, Prakriti (Natur, die weibliche kreative Energie) und Purusha (reines Bewusstsein, Quelle des Bewusstseins, der m\u00e4nnliche Aspekt), Shiva (statische, m\u00e4nnliche Energie) und Shakti (dynamische, weibliche Energie).<\/p>\n<p><em>\u201cYoga ist zu anstrengend f\u00fcr mich\u201d<\/em><\/p>\n<p>In diesem Fall, geht es um Sport.<\/p>\n<p>Hatha Yoga ist kein wettbewerbf\u00e4higer Sport und kann von jedem praktiziert werden, unabh\u00e4ngig der mentalen und k\u00f6rperlichen Kapazit\u00e4t. Das erste Prinzip im Raja Yoga (und der Zweck des Hatha Yoga ist Raja Yoga) ist AHIMSA, was nicht verletzen hei\u00dft, und daher ist es sehr weise die Yoga Asanas langsam und mit gro\u00dfer Aufmerksamkeit zu praktizieren. Dehnungen sind w\u00e4hrend der Yogapraxis selbstverst\u00e4ndlich, Schmerzen geh\u00f6ren nicht zu Yoga.<\/p>\n<p>Der Atem ist das m\u00e4chtigste Werkzeug und das einzige was man im Leben wirklich hat.<br \/>\nWenn dich dein Atem verl\u00e4st, wird es dich nicht mehr geben. Daher ist es sehr weise, den Atem zu pflegen.<br \/>\nSchildkr\u00f6ten und Elefanten leben viel l\u00e4nger als Hasen oder Hunde weil sie langsamer atmen.<br \/>\nMit vollen (und gesunden) Lungen, ist es m\u00f6glich zu leben und das Leben zu verl\u00e4ngern.<br \/>\nPranayama und anderen tantrische und Hatha Yoga Techniken sind die einzige Methode.<\/p>\n<p>Die Praxis des Hatha Yoga bietet uns die M\u00f6glichkeit, Reinheit und Spontanit\u00e4t des Kindes in uns wiederherzustellen und diese zu erhalten, und gleichzeitig mit beiden F\u00fc\u00dfen fest auf dem Boden zu bleiben.<\/p>\n<p>Die Yogamatte ist ein fliegender Teppich, der dich zu den Landschaften bringen kann, die dir bis jetzt nicht bekannt waren. Es ist deine wahre Natur.<\/p>\n<p>Allerdings kommen die Fortschritte nicht \u00fcber Nacht.<br \/>\nYoga lernt man nicht auswendig, man kann es nicht kopieren. Die Theorie und das philosophieren bringt uns nicht viel. Im Hatha Yoga geht es um reine Erfahrung.<\/p>\n<p>Yoga ist ein wundersch\u00f6ner Begleiter auf der Reise nach dem wahren Selbst.<br \/>\nNur wenn der Geist v\u00f6llig ruhig ist, kannst du die Wahrheit erkennen.<\/p>\n<p>Viele Menschen reden viel aber sagen nichts. Ehrlichkeit, Geduld und Ausdauer, die die Hatha Yoga Praxis entwickelt, \u00fcbertr\u00e4gt sich auf das allt\u00e4gliche Leben. Man wird ein geduldiger Zuh\u00f6rer und Beobachter mit klarem Kopf und gelassenem Herzen sein, der den Unterschied machen kann.<\/p>\n<p>Der Mensch ist in der heutigen Gesellschaft sehr oft der \u00dcberredung, der \u00dcbertreibung, dem Schrecken und dem st\u00e4ndigen Schuldgef\u00fchl ausgesetzt.<\/p>\n<p>Hatha Yoga entwickelt die Intuition. Das ist eine Sprache ohne Worte, die einem Menschen hilft, vollkommen selbst\u00e4ndig zu sein und mit eigenem Kopf zu denken.<\/p>\n<p>Schritt f\u00fcr Schritt fort, ist was man Fortschritt nennt.<br \/>\nAlles ist da und Yoga ist die einzige Methode, die alle Sachen wieder zur Einheit bringen kann.<\/p>\n<p><strong>WEITERE THERAPEUTISCHE WIRKUNGEN VON HATHA YOGA<\/strong><\/p>\n<p>Sanfte Bewegungen und Dehnungen:<br \/>\n&#8211; k\u00f6nnen die Schwellungen in den Gelenken reduzieren, sie erh\u00f6hen die Beweglichkeit der Gelenke und verbessern das Gleichgewicht des Nervensystems<br \/>\n&#8211; bauen St\u00e4rke der Muskeln und Knochen aus, erh\u00f6hen die Mobilit\u00e4t in den Gelenken, korrigieren die K\u00f6rperhaltung, m\u00e4\u00dfigen Hyperaktivit\u00e4t, revitalisieren die niedrige Energie<br \/>\n&#8211; verbessern den Herz-Kreislauf, f\u00f6rdern die Verdauung, verbessernden Schlaf und normalisieren den Blutdruck und das Cholesterin<br \/>\n&#8211; beeinflussen die Atmung, den Kreislauf und die Aufnahme von Sauerstoff<br \/>\n&#8211; ver\u00e4ndern die Sekretion der endokrinen Dr\u00fcsen wie Bauchspeicheldr\u00fcse, Schilddr\u00fcse, Adrenalindr\u00fcse, welches sich auf das Verhalten des Menschen auswirkt.<br \/>\n&#8211; reduzieren Stress, der die Ursache der meisten Krankheiten ist.<br \/>\nMit l\u00e4ngerer Haltung einer Asana werden die Muskeln entspannter und die tiefsten Muskulaturschichten werden ge\u00f6ffnet. Damit \u00f6ffnen sich Knochen, Gelenke und Wirbels\u00e4ule.<\/p>\n<p>Der Hatha Yoga:<br \/>\n&#8211; entwickelt die Konzentration, verst\u00e4rkt die inneren Einstellungen, er lehrt uns Entscheidungen zu treffen, so dass wir uns selbst und die Anderen respektieren, hilft das Selbstbild zu entwickeln, unabh\u00e4ngig von den Anderen, erm\u00f6glicht das Loslassen von der Tendenz kritisch zu sich selbst und wertend zu den Anderen zu sein, fordert eine gesunde Weise Risiken einzugehen, zu experimentieren und den K\u00f6rper zu erkundigen<br \/>\n&#8211; hilft uns, uns f\u00fcr unsere gr\u00f6\u00dferen Qualit\u00e4ten des Mitgef\u00fchls, der Gewaltlosigkeit und G\u00fcte, zu \u00f6ffnen<br \/>\n&#8211; f\u00f6rdert das Selbstvertrauen durch die Bewertung der innere Stimme<br \/>\n&#8211; entwickelt Verbundenheit mit uns selbst, mit anderen und der Natur.<\/p>\n<p>Es gibt nichts was unm\u00f6glich ist.<\/p>\n","protected":false},"excerpt":{"rendered":"<p>(Die gesamte Website ist in der englischen Version zur Zeit viel ausf\u00fchrlicher geschrieben.)<br \/>\nHATHA YOGA<br \/>\nDie \u00e4lteste Schrift \u00fcber Hatha Yoga ist sehr wahrscheinlich die Hatha Yoga Pradipika, die von Swami Swatmarama im 15. Jahrhundert geschrieben wurde. Die Techniken, die in den Hatha Yoga Pradipika beschrieben wurden, basieren auf das alte Wissen \u00fcber den Menschen und seinem Geist, wie auch auf der eigenen Erfahrung des Swatmarama.<br \/>\nHatha Yoga ist ein komplexes System, das das gleiche Ziel wie Raja Yoga hat, &#8230;<\/p>\n","protected":false},"author":1,"featured_media":0,"parent":0,"menu_order":0,"comment_status":"open","ping_status":"open","template":"template-full-width.php","meta":{"_bbp_topic_count":0,"_bbp_reply_count":0,"_bbp_total_topic_count":0,"_bbp_total_reply_count":0,"_bbp_voice_count":0,"_bbp_anonymous_reply_count":0,"_bbp_topic_count_hidden":0,"_bbp_reply_count_hidden":0,"_bbp_forum_subforum_count":0,"inline_featured_image":false,"spay_email":""},"translation":{"provider":"WPGlobus","version":"3.0.1","language":"de","enabled_languages":["en","de","sr"],"languages":{"en":{"title":true,"content":true,"excerpt":false},"de":{"title":true,"content":true,"excerpt":false},"sr":{"title":true,"content":true,"excerpt":false}}},"yoast_head":"<!-- This site is optimized with the Yoast SEO plugin v18.3 - https:\/\/yoast.com\/wordpress\/plugins\/seo\/ -->\n<title>Hatha Yoga - Sch\u00f6nheit der Ver\u00e4nderung<\/title>\n<meta name=\"robots\" content=\"index, follow, max-snippet:-1, max-image-preview:large, max-video-preview:-1\" \/>\n<link rel=\"canonical\" href=\"https:\/\/yogajagat.com\/sr\/hatha-joga-pradipika-najstariji-tekst-o-hatha-jogi\/\" \/>\n<meta name=\"twitter:label1\" content=\"Gesch\u00e4tzte Lesezeit\" \/>\n\t<meta name=\"twitter:data1\" content=\"10\u00a0Minuten\" \/>\n<script type=\"application\/ld+json\" class=\"yoast-schema-graph\">{\"@context\":\"https:\/\/schema.org\",\"@graph\":[{\"@type\":\"Organization\",\"@id\":\"https:\/\/yogajagat.com\/#organization\",\"name\":\"Yogajagat\",\"url\":\"https:\/\/yogajagat.com\/\",\"sameAs\":[],\"logo\":{\"@type\":\"ImageObject\",\"@id\":\"https:\/\/yogajagat.com\/#logo\",\"inLanguage\":\"de\",\"url\":\"https:\/\/i1.wp.com\/yogajagat.com\/wp-content\/uploads\/2019\/03\/DSC08478-Kopie-1.jpg?fit=798%2C800&ssl=1\",\"contentUrl\":\"https:\/\/i1.wp.com\/yogajagat.com\/wp-content\/uploads\/2019\/03\/DSC08478-Kopie-1.jpg?fit=798%2C800&ssl=1\",\"width\":798,\"height\":800,\"caption\":\"Yogajagat\"},\"image\":{\"@id\":\"https:\/\/yogajagat.com\/#logo\"}},{\"@type\":\"WebSite\",\"@id\":\"https:\/\/yogajagat.com\/#website\",\"url\":\"https:\/\/yogajagat.com\/\",\"name\":\"Sch\u00f6nheit der Ver\u00e4nderung\",\"description\":\"Mit st\u00e4ndiger Ver\u00e4nderung zum sch\u00f6nsten Lebenserfahrung\",\"publisher\":{\"@id\":\"https:\/\/yogajagat.com\/#organization\"},\"potentialAction\":[{\"@type\":\"SearchAction\",\"target\":{\"@type\":\"EntryPoint\",\"urlTemplate\":\"https:\/\/yogajagat.com\/?s={search_term_string}\"},\"query-input\":\"required name=search_term_string\"}],\"inLanguage\":\"de\"},{\"@type\":\"ImageObject\",\"@id\":\"https:\/\/yogajagat.com\/sr\/hatha-joga-pradipika-najstariji-tekst-o-hatha-jogi\/#primaryimage\",\"inLanguage\":\"de\",\"url\":\"http:\/\/yogajagat.com\/wp-content\/uploads\/2020\/02\/10623532_10152762418162512_3257582330070230682_o.jpg\",\"contentUrl\":\"http:\/\/yogajagat.com\/wp-content\/uploads\/2020\/02\/10623532_10152762418162512_3257582330070230682_o.jpg\"},{\"@type\":\"WebPage\",\"@id\":\"https:\/\/yogajagat.com\/sr\/hatha-joga-pradipika-najstariji-tekst-o-hatha-jogi\/#webpage\",\"url\":\"https:\/\/yogajagat.com\/sr\/hatha-joga-pradipika-najstariji-tekst-o-hatha-jogi\/\",\"name\":\"Hatha Yoga - Sch\u00f6nheit der Ver\u00e4nderung\",\"isPartOf\":{\"@id\":\"https:\/\/yogajagat.com\/#website\"},\"primaryImageOfPage\":{\"@id\":\"https:\/\/yogajagat.com\/sr\/hatha-joga-pradipika-najstariji-tekst-o-hatha-jogi\/#primaryimage\"},\"datePublished\":\"2015-01-26T00:28:41+00:00\",\"dateModified\":\"2020-02-25T13:11:07+00:00\",\"description\":\"\",\"breadcrumb\":{\"@id\":\"https:\/\/yogajagat.com\/sr\/hatha-joga-pradipika-najstariji-tekst-o-hatha-jogi\/#breadcrumb\"},\"inLanguage\":\"de\",\"potentialAction\":[{\"@type\":\"ReadAction\",\"target\":[\"https:\/\/yogajagat.com\/sr\/hatha-joga-pradipika-najstariji-tekst-o-hatha-jogi\/\"]}]},{\"@type\":\"BreadcrumbList\",\"@id\":\"https:\/\/yogajagat.com\/sr\/hatha-joga-pradipika-najstariji-tekst-o-hatha-jogi\/#breadcrumb\",\"itemListElement\":[{\"@type\":\"ListItem\",\"position\":1,\"name\":\"Home\",\"item\":\"https:\/\/yogajagat.com\/sr\/\"},{\"@type\":\"ListItem\",\"position\":2,\"name\":\"Hatha Joga Pradipika. Najstariji pisani tekst\"}]}]}<\/script>\n<!-- \/ Yoast SEO plugin. -->","yoast_head_json":{"title":"Hatha Yoga - Sch\u00f6nheit der Ver\u00e4nderung","robots":{"index":"index","follow":"follow","max-snippet":"max-snippet:-1","max-image-preview":"max-image-preview:large","max-video-preview":"max-video-preview:-1"},"canonical":"https:\/\/yogajagat.com\/sr\/hatha-joga-pradipika-najstariji-tekst-o-hatha-jogi\/","twitter_misc":{"Gesch\u00e4tzte Lesezeit":"10\u00a0Minuten"},"schema":{"@context":"https:\/\/schema.org","@graph":[{"@type":"Organization","@id":"https:\/\/yogajagat.com\/#organization","name":"Yogajagat","url":"https:\/\/yogajagat.com\/","sameAs":[],"logo":{"@type":"ImageObject","@id":"https:\/\/yogajagat.com\/#logo","inLanguage":"de","url":"https:\/\/i1.wp.com\/yogajagat.com\/wp-content\/uploads\/2019\/03\/DSC08478-Kopie-1.jpg?fit=798%2C800&ssl=1","contentUrl":"https:\/\/i1.wp.com\/yogajagat.com\/wp-content\/uploads\/2019\/03\/DSC08478-Kopie-1.jpg?fit=798%2C800&ssl=1","width":798,"height":800,"caption":"Yogajagat"},"image":{"@id":"https:\/\/yogajagat.com\/#logo"}},{"@type":"WebSite","@id":"https:\/\/yogajagat.com\/#website","url":"https:\/\/yogajagat.com\/","name":"Sch\u00f6nheit der Ver\u00e4nderung","description":"Mit st\u00e4ndiger Ver\u00e4nderung zum sch\u00f6nsten Lebenserfahrung","publisher":{"@id":"https:\/\/yogajagat.com\/#organization"},"potentialAction":[{"@type":"SearchAction","target":{"@type":"EntryPoint","urlTemplate":"https:\/\/yogajagat.com\/?s={search_term_string}"},"query-input":"required name=search_term_string"}],"inLanguage":"de"},{"@type":"ImageObject","@id":"https:\/\/yogajagat.com\/sr\/hatha-joga-pradipika-najstariji-tekst-o-hatha-jogi\/#primaryimage","inLanguage":"de","url":"http:\/\/yogajagat.com\/wp-content\/uploads\/2020\/02\/10623532_10152762418162512_3257582330070230682_o.jpg","contentUrl":"http:\/\/yogajagat.com\/wp-content\/uploads\/2020\/02\/10623532_10152762418162512_3257582330070230682_o.jpg"},{"@type":"WebPage","@id":"https:\/\/yogajagat.com\/sr\/hatha-joga-pradipika-najstariji-tekst-o-hatha-jogi\/#webpage","url":"https:\/\/yogajagat.com\/sr\/hatha-joga-pradipika-najstariji-tekst-o-hatha-jogi\/","name":"Hatha Yoga - Sch\u00f6nheit der Ver\u00e4nderung","isPartOf":{"@id":"https:\/\/yogajagat.com\/#website"},"primaryImageOfPage":{"@id":"https:\/\/yogajagat.com\/sr\/hatha-joga-pradipika-najstariji-tekst-o-hatha-jogi\/#primaryimage"},"datePublished":"2015-01-26T00:28:41+00:00","dateModified":"2020-02-25T13:11:07+00:00","description":"","breadcrumb":{"@id":"https:\/\/yogajagat.com\/sr\/hatha-joga-pradipika-najstariji-tekst-o-hatha-jogi\/#breadcrumb"},"inLanguage":"de","potentialAction":[{"@type":"ReadAction","target":["https:\/\/yogajagat.com\/sr\/hatha-joga-pradipika-najstariji-tekst-o-hatha-jogi\/"]}]},{"@type":"BreadcrumbList","@id":"https:\/\/yogajagat.com\/sr\/hatha-joga-pradipika-najstariji-tekst-o-hatha-jogi\/#breadcrumb","itemListElement":[{"@type":"ListItem","position":1,"name":"Home","item":"https:\/\/yogajagat.com\/sr\/"},{"@type":"ListItem","position":2,"name":"Hatha Joga Pradipika. Najstariji pisani tekst"}]}]}},"_links":{"self":[{"href":"https:\/\/yogajagat.com\/de\/wp-json\/wp\/v2\/pages\/603"}],"collection":[{"href":"https:\/\/yogajagat.com\/de\/wp-json\/wp\/v2\/pages"}],"about":[{"href":"https:\/\/yogajagat.com\/de\/wp-json\/wp\/v2\/types\/page"}],"author":[{"embeddable":true,"href":"https:\/\/yogajagat.com\/de\/wp-json\/wp\/v2\/users\/1"}],"replies":[{"embeddable":true,"href":"https:\/\/yogajagat.com\/de\/wp-json\/wp\/v2\/comments?post=603"}],"version-history":[{"count":78,"href":"https:\/\/yogajagat.com\/de\/wp-json\/wp\/v2\/pages\/603\/revisions"}],"predecessor-version":[{"id":5488,"href":"https:\/\/yogajagat.com\/de\/wp-json\/wp\/v2\/pages\/603\/revisions\/5488"}],"wp:attachment":[{"href":"https:\/\/yogajagat.com\/de\/wp-json\/wp\/v2\/media?parent=603"}],"curies":[{"name":"wp","href":"https:\/\/api.w.org\/{rel}","templated":true}]}}