{"id":572,"date":"2015-01-25T18:21:48","date_gmt":"2015-01-25T18:21:48","guid":{"rendered":"http:\/\/yogajagat.com\/?page_id=572"},"modified":"2021-02-11T14:43:37","modified_gmt":"2021-02-11T13:43:37","slug":"paths-in-life-where-we-are","status":"publish","type":"page","link":"https:\/\/yogajagat.com\/de\/lebenswege\/","title":{"rendered":"Lebenswege"},"content":{"rendered":"[vc_row][vc_column][vc_column_text]\n<h3><\/h3>\n<h3 style=\"text-align: center;\"><span style=\"color: #993300;\">LEBENSWEGE<\/span><\/h3>\n<h4 style=\"text-align: center;\"><span style=\"color: #800080;\">Wo sind wir gerade? Wo gehen wir hin?<\/span><\/h4>\n<hr \/>\n<p>&nbsp;<\/p>\n<p>Lebenswege sind die Fokussierung den Geistes in einer bestimmten Richtung.<\/p>\n<p>Wir brauchen immer eine Idee und wir brauchen Zeit. Manchmal gehen wir drei Schritte vorw\u00e4rts und zwei Schritte zur\u00fcck, manchmal umgekehrt. Der Takt h\u00e4ngt von unserer Kreativit\u00e4t, der Intensit\u00e4t unserer <a href=\"https:\/\/yogajagat.com\/de\/schritt-fur-schritt-zum-inneren-frieden\/\"><span style=\"color: #993300;\">Schritte<\/span><\/a> und der Best\u00e4ndigkeit unserer Schuhe ab.<\/p>\n<p>Niemand kann den Weg des Anderen gehen. Obwohl alles miteinander verbunden und alles in jeder Sph\u00e4re miteinander verflochten ist, sind Lebenswege eine einzigartige Sache.<\/p>\n<p>Auf jedem Lebensweg gibt es viele Steine, die von der Stra\u00dfe entfernt werden sollen.\u00a0Die Qualit\u00e4t der Schuhe sind immer verschieden, jedoch sind alle Gipfel eine gro\u00dfe Familie, die gleichen, top-Qualit\u00e4ten hat.[\/vc_column_text][\/vc_column][\/vc_row][vc_row][vc_column][vc_column_text]<img loading=\"lazy\" class=\"aligncenter size-full wp-image-5261\" src=\"https:\/\/i1.wp.com\/yogajagat.com\/wp-content\/uploads\/2020\/02\/DSC02958-1024x768-1.jpg?resize=640%2C480\" alt=\"Lebenswege\" width=\"640\" height=\"480\" srcset=\"https:\/\/i1.wp.com\/yogajagat.com\/wp-content\/uploads\/2020\/02\/DSC02958-1024x768-1.jpg?w=640&amp;ssl=1 640w, https:\/\/i1.wp.com\/yogajagat.com\/wp-content\/uploads\/2020\/02\/DSC02958-1024x768-1.jpg?resize=300%2C225&amp;ssl=1 300w\" sizes=\"(max-width: 640px) 100vw, 640px\" data-recalc-dims=\"1\" \/>[\/vc_column_text][\/vc_column][\/vc_row][vc_row][vc_column][vc_custom_heading text=&#8220;Jeder ist auf der Suche nach etwas&#8220; font_container=&#8220;tag:h2|text_align:center|color:%231ba2b7&#8243; google_fonts=&#8220;font_family:Ubuntu%3A300%2C300italic%2Cregular%2Citalic%2C500%2C500italic%2C700%2C700italic|font_style:300%20light%20italic%3A300%3Aitalic&#8220;][\/vc_column][\/vc_row][vc_row][vc_column][vc_column_text]\n<hr \/>\n<p>&nbsp;<\/p>\n<p>Jemand wird einfach in die Welt rausgehen, jemand wird Musik aus seinem Leben machen, jemand wird sein Leben mit verschiedenen Farben f\u00e4rben, jemand wird zum Himmel aufblicken und \u00fcber das Leben nachdenken. Nichts h\u00f6rt jemals auf.<\/p>\n<p>Und nur wenn die Sohlen unserer Schuhe abgenutzt sind, k\u00f6nnen wir eine Ver\u00e4nderung in der Welt sehen, f\u00fchlen und erleben.<br \/>\nWir sind selbst der Sch\u00f6pfer.<\/p>\n<p>Das Leben selbst ist ein Privileg, weil es uns immer eine Wahl gibt. Unter jedem Stein liegt ein neuer Duft, eine neue Farbe, ein neues Licht.<\/p>\n<p>Und wenn wir finden, wonach wir suchen, wird unser Verstand gro\u00dfartige Ideen hervorbringen.<\/p>\n[\/vc_column_text][\/vc_column][\/vc_row][vc_row][vc_column][vc_custom_heading text=&#8220;Lebensrichtungen&#8220; font_container=&#8220;tag:h2|text_align:center|color:%231ba2b7&#8243; google_fonts=&#8220;font_family:Ubuntu%3A300%2C300italic%2Cregular%2Citalic%2C500%2C500italic%2C700%2C700italic|font_style:300%20light%20italic%3A300%3Aitalic&#8220;][\/vc_column][\/vc_row][vc_row][vc_column][vc_column_text]\n<hr \/>\n<p>&nbsp;<\/p>\n<p>Jeder hat viele F\u00e4higkeiten. Du bist nicht anders als andere.<\/p>\n<p>Egal, ob du ein romantischer Tr\u00e4umer, ein unerm\u00fcdlicher Logiker, ein optimistischer Sch\u00f6pfer, ein Realist oder nur ein Maler bist, du hast viele Gaben, die dich genau dahin bringen, wo du wirklich hingeh\u00f6rst.<\/p>\n<p>Im Wesentlichen sind alle Menschen Sch\u00f6pfer. Aber der Mensch muss irgendwo anfangen. Das Leben ist ein Gerichtssaal. Und wenn ein Mann ehrlich ist, wird der Prozess eine gem\u00fctliche kleine Wohnung und keine br\u00f6ckelige Ruine sein.<\/p>\n<p>&nbsp;<\/p>\n<p>Wir k\u00f6nnen viel tun.<br \/>\nWir k\u00f6nnen mehr mit dem eigenen Kopf denken (Denken ist erlaubt), wir k\u00f6nnen geben und teilen, ein bisschen mehr an unserer eigenen Ehrlichkeit arbeiten, mehr an der Herausforderung arbeiten, einen <em>gr\u00f6\u00dferen Unterschied<\/em>\u00a0und weniger Illusionen im Leben zu machen. Wenn du dich jedoch dazu entschlie\u00dft, ruhig zu lernen, liegt es an dir, denn dein Weg hat seine eigenen Steine \u200b\u200bund seine eigenen Spuren.<\/p>\n<p>Deine Lebensreise ist einzigartig.<\/p>\n<p>Dein pers\u00f6nliches Urteil wird dich pers\u00f6nlich dahin bringen, wo dein Herz und dein Geist wirklich hingeh\u00f6ren. Klingt rau. Aber es \u00a0ist so.<\/p>\n<p>Die Leute haben \u00fcber uns geschrieben, wie wir es heute sind, vor Jahrhunderten. Seid nicht \u00fcberrascht, wenn ihr euch in einer dieser Schriften wieder erkennen.<\/p>\n<p>Tats\u00e4chlich hat sich nie etwas ge\u00e4ndert. Heute haben wir zwar unser neues ID-Fahrzeug geschaffen, aber weder unsere nackte Seele noch unsere innere Entwicklung, Stimme, Verwirrung, Klang, Begierde, Leiden, nicht einmal wahres Gl\u00fcck, oder besser, das Gef\u00fchl f\u00fcr wahres Gl\u00fcck, haben sich bewegt. Jedoch alles \u00e4ndert und bewegt sich st\u00e4ndig. Selbst wenn das Gl\u00fcck echt ist, kann es noch tiefer und noch gr\u00f6\u00dfer sein.<\/p>\n<p>Deshalb, kreiere deine neue D\u00fcfte, neue Farben, neue Lichter.<\/p>\n<p>Lebenswege sind deine Wege, sie geh\u00f6ren dir und du solltest zusammen mit deinen eigenen Wegen flie\u00dfen, ein nach dem anderen.<\/p>\n<p>Die Seiten auf dieser Webseite reden \u00fcber Wege, die genau dir gegeben wurden, welche genau du ausgew\u00e4hlt hast und f\u00fcr welche du noch Zeit hast.[\/vc_column_text][\/vc_column][\/vc_row]\n","protected":false},"excerpt":{"rendered":"<p>[vc_row][vc_column][vc_column_text]<\/p>\n<p>LEBENSWEGE<br \/>\nWo sind wir gerade? Wo gehen wir hin?<\/p>\n<p>&nbsp;<br \/>\nLebenswege sind die Fokussierung den Geistes in einer bestimmten Richtung.<br \/>\nWir brauchen immer eine Idee und wir brauchen Zeit. Manchmal gehen wir drei Schritte vorw\u00e4rts und zwei Schritte zur\u00fcck, manchmal umgekehrt. Der Takt h\u00e4ngt von unserer Kreativit\u00e4t, der Intensit\u00e4t unserer Schritte und der Best\u00e4ndigkeit unserer Schuhe ab.<br \/>\nNiemand kann den Weg des Anderen gehen. Obwohl alles miteinander verbunden und alles in jeder Sph\u00e4re miteinander verflochten ist, sind &#8230;<\/p>\n","protected":false},"author":1,"featured_media":0,"parent":0,"menu_order":0,"comment_status":"closed","ping_status":"closed","template":"template-full-width.php","meta":{"_bbp_topic_count":0,"_bbp_reply_count":0,"_bbp_total_topic_count":0,"_bbp_total_reply_count":0,"_bbp_voice_count":0,"_bbp_anonymous_reply_count":0,"_bbp_topic_count_hidden":0,"_bbp_reply_count_hidden":0,"_bbp_forum_subforum_count":0,"inline_featured_image":false,"spay_email":""},"translation":{"provider":"WPGlobus","version":"3.0.1","language":"de","enabled_languages":["en","de","sr"],"languages":{"en":{"title":true,"content":true,"excerpt":false},"de":{"title":true,"content":true,"excerpt":false},"sr":{"title":true,"content":true,"excerpt":false}}},"yoast_head":"<!-- This site is optimized with the Yoast SEO plugin v18.3 - https:\/\/yoast.com\/wordpress\/plugins\/seo\/ -->\n<title>Lebenswege - Sch\u00f6nheit der Ver\u00e4nderung<\/title>\n<meta name=\"description\" content=\"Lebenswege und wo sind wir jetzt gerade...\" \/>\n<meta name=\"robots\" content=\"index, follow, max-snippet:-1, max-image-preview:large, max-video-preview:-1\" \/>\n<link rel=\"canonical\" href=\"https:\/\/yogajagat.com\/sr\/zivotni-putevi\/\" \/>\n<meta name=\"twitter:label1\" content=\"Gesch\u00e4tzte Lesezeit\" \/>\n\t<meta name=\"twitter:data1\" content=\"3\u00a0Minuten\" \/>\n<script type=\"application\/ld+json\" class=\"yoast-schema-graph\">{\"@context\":\"https:\/\/schema.org\",\"@graph\":[{\"@type\":\"Organization\",\"@id\":\"https:\/\/yogajagat.com\/#organization\",\"name\":\"Yogajagat\",\"url\":\"https:\/\/yogajagat.com\/\",\"sameAs\":[],\"logo\":{\"@type\":\"ImageObject\",\"@id\":\"https:\/\/yogajagat.com\/#logo\",\"inLanguage\":\"de\",\"url\":\"https:\/\/i1.wp.com\/yogajagat.com\/wp-content\/uploads\/2019\/03\/DSC08478-Kopie-1.jpg?fit=798%2C800&ssl=1\",\"contentUrl\":\"https:\/\/i1.wp.com\/yogajagat.com\/wp-content\/uploads\/2019\/03\/DSC08478-Kopie-1.jpg?fit=798%2C800&ssl=1\",\"width\":798,\"height\":800,\"caption\":\"Yogajagat\"},\"image\":{\"@id\":\"https:\/\/yogajagat.com\/#logo\"}},{\"@type\":\"WebSite\",\"@id\":\"https:\/\/yogajagat.com\/#website\",\"url\":\"https:\/\/yogajagat.com\/\",\"name\":\"Sch\u00f6nheit der Ver\u00e4nderung\",\"description\":\"Mit st\u00e4ndiger Ver\u00e4nderung zum sch\u00f6nsten Lebenserfahrung\",\"publisher\":{\"@id\":\"https:\/\/yogajagat.com\/#organization\"},\"potentialAction\":[{\"@type\":\"SearchAction\",\"target\":{\"@type\":\"EntryPoint\",\"urlTemplate\":\"https:\/\/yogajagat.com\/?s={search_term_string}\"},\"query-input\":\"required name=search_term_string\"}],\"inLanguage\":\"de\"},{\"@type\":\"ImageObject\",\"@id\":\"https:\/\/yogajagat.com\/sr\/zivotni-putevi\/#primaryimage\",\"inLanguage\":\"de\",\"url\":\"http:\/\/yogajagat.com\/wp-content\/uploads\/2020\/02\/DSC01693-1024x768-1.jpg\",\"contentUrl\":\"http:\/\/yogajagat.com\/wp-content\/uploads\/2020\/02\/DSC01693-1024x768-1.jpg\"},{\"@type\":\"WebPage\",\"@id\":\"https:\/\/yogajagat.com\/sr\/zivotni-putevi\/#webpage\",\"url\":\"https:\/\/yogajagat.com\/sr\/zivotni-putevi\/\",\"name\":\"Lebenswege - Sch\u00f6nheit der Ver\u00e4nderung\",\"isPartOf\":{\"@id\":\"https:\/\/yogajagat.com\/#website\"},\"primaryImageOfPage\":{\"@id\":\"https:\/\/yogajagat.com\/sr\/zivotni-putevi\/#primaryimage\"},\"datePublished\":\"2015-01-25T18:21:48+00:00\",\"dateModified\":\"2021-02-11T13:43:37+00:00\",\"description\":\"Lebenswege und wo sind wir jetzt gerade...\",\"breadcrumb\":{\"@id\":\"https:\/\/yogajagat.com\/sr\/zivotni-putevi\/#breadcrumb\"},\"inLanguage\":\"de\",\"potentialAction\":[{\"@type\":\"ReadAction\",\"target\":[\"https:\/\/yogajagat.com\/sr\/zivotni-putevi\/\"]}]},{\"@type\":\"BreadcrumbList\",\"@id\":\"https:\/\/yogajagat.com\/sr\/zivotni-putevi\/#breadcrumb\",\"itemListElement\":[{\"@type\":\"ListItem\",\"position\":1,\"name\":\"Home\",\"item\":\"https:\/\/yogajagat.com\/sr\/\"},{\"@type\":\"ListItem\",\"position\":2,\"name\":\"\u017divotni putevi, i kako do ujedinjenja\"}]}]}<\/script>\n<!-- \/ Yoast SEO plugin. -->","yoast_head_json":{"title":"Lebenswege - Sch\u00f6nheit der Ver\u00e4nderung","description":"Lebenswege und wo sind wir jetzt gerade...","robots":{"index":"index","follow":"follow","max-snippet":"max-snippet:-1","max-image-preview":"max-image-preview:large","max-video-preview":"max-video-preview:-1"},"canonical":"https:\/\/yogajagat.com\/sr\/zivotni-putevi\/","twitter_misc":{"Gesch\u00e4tzte Lesezeit":"3\u00a0Minuten"},"schema":{"@context":"https:\/\/schema.org","@graph":[{"@type":"Organization","@id":"https:\/\/yogajagat.com\/#organization","name":"Yogajagat","url":"https:\/\/yogajagat.com\/","sameAs":[],"logo":{"@type":"ImageObject","@id":"https:\/\/yogajagat.com\/#logo","inLanguage":"de","url":"https:\/\/i1.wp.com\/yogajagat.com\/wp-content\/uploads\/2019\/03\/DSC08478-Kopie-1.jpg?fit=798%2C800&ssl=1","contentUrl":"https:\/\/i1.wp.com\/yogajagat.com\/wp-content\/uploads\/2019\/03\/DSC08478-Kopie-1.jpg?fit=798%2C800&ssl=1","width":798,"height":800,"caption":"Yogajagat"},"image":{"@id":"https:\/\/yogajagat.com\/#logo"}},{"@type":"WebSite","@id":"https:\/\/yogajagat.com\/#website","url":"https:\/\/yogajagat.com\/","name":"Sch\u00f6nheit der Ver\u00e4nderung","description":"Mit st\u00e4ndiger Ver\u00e4nderung zum sch\u00f6nsten Lebenserfahrung","publisher":{"@id":"https:\/\/yogajagat.com\/#organization"},"potentialAction":[{"@type":"SearchAction","target":{"@type":"EntryPoint","urlTemplate":"https:\/\/yogajagat.com\/?s={search_term_string}"},"query-input":"required name=search_term_string"}],"inLanguage":"de"},{"@type":"ImageObject","@id":"https:\/\/yogajagat.com\/sr\/zivotni-putevi\/#primaryimage","inLanguage":"de","url":"http:\/\/yogajagat.com\/wp-content\/uploads\/2020\/02\/DSC01693-1024x768-1.jpg","contentUrl":"http:\/\/yogajagat.com\/wp-content\/uploads\/2020\/02\/DSC01693-1024x768-1.jpg"},{"@type":"WebPage","@id":"https:\/\/yogajagat.com\/sr\/zivotni-putevi\/#webpage","url":"https:\/\/yogajagat.com\/sr\/zivotni-putevi\/","name":"Lebenswege - Sch\u00f6nheit der Ver\u00e4nderung","isPartOf":{"@id":"https:\/\/yogajagat.com\/#website"},"primaryImageOfPage":{"@id":"https:\/\/yogajagat.com\/sr\/zivotni-putevi\/#primaryimage"},"datePublished":"2015-01-25T18:21:48+00:00","dateModified":"2021-02-11T13:43:37+00:00","description":"Lebenswege und wo sind wir jetzt gerade...","breadcrumb":{"@id":"https:\/\/yogajagat.com\/sr\/zivotni-putevi\/#breadcrumb"},"inLanguage":"de","potentialAction":[{"@type":"ReadAction","target":["https:\/\/yogajagat.com\/sr\/zivotni-putevi\/"]}]},{"@type":"BreadcrumbList","@id":"https:\/\/yogajagat.com\/sr\/zivotni-putevi\/#breadcrumb","itemListElement":[{"@type":"ListItem","position":1,"name":"Home","item":"https:\/\/yogajagat.com\/sr\/"},{"@type":"ListItem","position":2,"name":"\u017divotni putevi, i kako do ujedinjenja"}]}]}},"_links":{"self":[{"href":"https:\/\/yogajagat.com\/de\/wp-json\/wp\/v2\/pages\/572"}],"collection":[{"href":"https:\/\/yogajagat.com\/de\/wp-json\/wp\/v2\/pages"}],"about":[{"href":"https:\/\/yogajagat.com\/de\/wp-json\/wp\/v2\/types\/page"}],"author":[{"embeddable":true,"href":"https:\/\/yogajagat.com\/de\/wp-json\/wp\/v2\/users\/1"}],"replies":[{"embeddable":true,"href":"https:\/\/yogajagat.com\/de\/wp-json\/wp\/v2\/comments?post=572"}],"version-history":[{"count":67,"href":"https:\/\/yogajagat.com\/de\/wp-json\/wp\/v2\/pages\/572\/revisions"}],"predecessor-version":[{"id":6008,"href":"https:\/\/yogajagat.com\/de\/wp-json\/wp\/v2\/pages\/572\/revisions\/6008"}],"wp:attachment":[{"href":"https:\/\/yogajagat.com\/de\/wp-json\/wp\/v2\/media?parent=572"}],"curies":[{"name":"wp","href":"https:\/\/api.w.org\/{rel}","templated":true}]}}