{"id":5670,"date":"2020-03-18T21:50:47","date_gmt":"2020-03-18T20:50:47","guid":{"rendered":"http:\/\/yogajagat.com\/?page_id=5670"},"modified":"2021-12-29T14:47:35","modified_gmt":"2021-12-29T13:47:35","slug":"coronavirus-appeal","status":"publish","type":"page","link":"https:\/\/yogajagat.com\/de\/coronavirus-appell\/","title":{"rendered":"CORONAVIRUS APPELL"},"content":{"rendered":"[vc_row][vc_column][vc_column_text]\n<h3 style=\"text-align: center;\"><span style=\"color: #993300;\">CORONAVIRUS<\/span><\/h3>\n<p>&nbsp;<\/p>\n<p>( <em>Ich habe diesen Text als \u201eAppell\u201c am 18. M\u00e4rz 2020 geschrieben als uns die gro\u00dfe \u00dcberraschung der Pandemie des &#8222;Coronaviruses&#8220; damals traf.<\/em><br \/>\n<em>In diesem Text gibt es historische, psychologische und soziologische Wahrheiten \u00fcber Pandemien wie ich sie verstehe sowie meine pers\u00f6nlichen Gef\u00fchle und Sorgen zu Infektionen, Pandemien, Grenzen, der menschlichen Psyche &#8230; ich war mir selbst sicher, dass das neue Virus nicht ein Werk der Natur sondern die Innovation einiger weniger Menschen auf der Welt ist, aber \u00fcber seine Gefahr f\u00fcr das menschliche Leben war ich mir nicht sicher. Aus diesem Grund habe ich aufgeh\u00f6rt live zu unterrichten, \u00fcber andere lock-downs und Schlie\u00dfungen kennt ihr bereits&#8230;<\/em><br \/>\n<em>Heute im Jahr 2021 ist, hoffe ich, schon allen klar, dass das Coronavirus nur eine Variante der Grippe ist und dass uns die Pandemie aus vielen unmenschlichen Gr\u00fcnden von einigen unmenschlichen aber finanziell m\u00e4chtigen Menschen aufgezwungen wurde. Ich habe den Text auf meiner Website hinterlassen. Update in anderen Texten.<\/em> )<\/p>\n<p>&nbsp;<\/p>\n<p>Das Coronavirus ist wie jedes andere Virus, ein Leben f\u00fcr sich.<\/p>\n<p>Wenn das Allround-Klima passt, wird es sich einnisten, wenn nicht, wird es gehen und auf ein neues geeignetes Klima warten.<\/p>\n<p>Viren und gro\u00dfe Epidemien haben die Geschichte der Welt ver\u00e4ndert, die Grenzen zwischen L\u00e4ndern und Kontinenten auf diesem sch\u00f6nen Planeten, sie haben die Grenzen des menschlichen Bewusstseins, der menschlichen Qualit\u00e4ten und Nichtqualit\u00e4ten, der Kommunikation zwischen Menschen ver\u00e4ndert. Die Religionen haben sich dank Epidemien verbreitet.<\/p>\n<p>Es gibt nichts Ernsteres auf der Erde als eine Epidemie. Krieg ist auch nicht so ernst wie eine Epidemie.<\/p>\n<p>&nbsp;<\/p>\n<p>Ein Virus ist kein Krieg, in dem sich eine Person unter der Erde verstecken kann (f\u00fcr meine Mitb\u00fcrger: &#8230;falls man einen Platz im Bunker vor pensionierten Offizieren findet, erinnert euch), oder wo man eine K\u00fcchenaluminiumfolie \u00fcber die Felder strecken kann, um die gruselige Flugzeuge vertreiben kann, die den Tod s\u00e4en (erinnert euch)\u2026<\/p>\n<p>&nbsp;<\/p>\n<p>Niemand hat Informationen dar\u00fcber, wie viele Menschen heute mit dem Coronavirus infiziert sind. Vielleicht trage ich es schon in meinem K\u00f6rper, vielleicht du, vielleicht hast du es schon an deine Kinder oder deine Kinder an dich weitergegeben.<\/p>\n<p>&nbsp;<\/p>\n<p>Niemand wei\u00df, ob das Virus in K\u00f6rpern mutiert, die einwandfrei gesund oder bereits mehr oder weniger schwach sind, ob es aggressiver wird oder sich vollst\u00e4ndig zur\u00fcckzieht.<\/p>\n<p>&nbsp;<\/p>\n<p>Wir sind jetzt alle zusammen hier, ob wir riesige, gr\u00f6\u00dfere oder kleinere Berge von Geld haben, ob wir diejenigen sind, denen vor Ende des Monats das Geld ausgeht oder obdachlos sind, ob wir erwerbst\u00e4tig, freiberuflich oder arbeitslos sind&#8230; der Virus macht keinen Unterschied.[\/vc_column_text][\/vc_column][\/vc_row][vc_row][vc_column][vc_custom_heading text=&#8220;Es ist jetzt oder nie&#8220; font_container=&#8220;tag:h2|text_align:center|color:%231facc1&#8243; google_fonts=&#8220;font_family:Ubuntu%3A300%2C300italic%2Cregular%2Citalic%2C500%2C500italic%2C700%2C700italic|font_style:300%20light%20italic%3A300%3Aitalic&#8220;][\/vc_column][\/vc_row][vc_row][vc_column][vc_column_text]\n<hr \/>\n<p>&nbsp;<\/p>\n<p>Bisher hatte niemand in seinem Leben eine so reife Gelegenheit, seine pers\u00f6nliche Reife und sein pers\u00f6nlichstes Gleichgewicht zu zeigen.<\/p>\n<p>&nbsp;<\/p>\n<p>(<em>Eine kurze Erinnerung an meine Landsleute<\/em>)<\/p>\n<p><em>Sogar diejenigen von uns, die genau wissen, was Krieg ist, welche Folgen das T\u00f6ten hat, leben mit ein oder zwei Kilo Wei\u00dfmehl, Wei\u00dfzucker und ein oder zwei Liter Sonnenblumen\u00f6l pro Monat zu haben und sogar ohne Strom und Wasser zu leben. Sogar wir, die sehr hartn\u00e4ckig im \u00dcberleben sind, auch wir hatten keine reifere Gelegenheit, unseren reifen Verstand und unser pers\u00f6nliches Gleichgewicht zu zeigen.<\/em><\/p>\n<p>&nbsp;<\/p>\n<p>Sogar jene K\u00f6pfe und Herzen (hier denke ich an alle Menschen, die wissen, was eine menschliche Trag\u00f6die ist), die st\u00e4ndig neue Aufgaben hatten um das R\u00e4tsel des Verstandes l\u00f6sen, scheinen es nicht geschafft zu haben, den bestochenen Komfort des Lebens zu leugnen.<\/p>\n<p>Diejenigen, die gl\u00fccklicherweise oder ungl\u00fccklicherweise noch nie Bilder von solch zutiefst harten Wahrheiten des Lebens gesehen und erlebt haben, haben jetzt auch die reifste Gelegenheit, ihre pers\u00f6nliche Reife und Ausgewogenheit in ihren Verstand zu zeigen.<\/p>\n<p>&nbsp;<\/p>\n<p>Also diese, von mir zum ersten Mal, geschriebene und ausgesprochene Unterteilungen in &#8222;wir&#8220; und &#8222;ihr&#8220;, hier und jetzt machen keinen Sinn.<\/p>\n<p>Das Coronavirus interessiert sich f\u00fcr unsere Lebenserfahrung nicht.<\/p>\n[\/vc_column_text][\/vc_column][\/vc_row][vc_row][vc_column][vc_custom_heading text=&#8220;Die einzige richtige Handlung, die jeder Mensch jetzt f\u00fcr sich selbst, f\u00fcr seine Kinder und f\u00fcr alle Menschen machen kann&#8220; font_container=&#8220;tag:h2|text_align:center|color:%231baaba&#8220; google_fonts=&#8220;font_family:Ubuntu%3A300%2C300italic%2Cregular%2Citalic%2C500%2C500italic%2C700%2C700italic|font_style:300%20light%20italic%3A300%3Aitalic&#8220;][\/vc_column][\/vc_row][vc_row][vc_column][vc_column_text]\n<hr \/>\n<p>&nbsp;<\/p>\n<p>Dies ist nicht die Zeit, in der Menschen in den Variationen und St\u00e4rken ihrer Unsicherheit oder Luxuszynismus konkurrieren sollten.<\/p>\n<p>In diesem Moment sollte man das Ma\u00df an Sinn, Verzweiflung und in der amateurhaften Berechnung menschlicher Trag\u00f6dien haben.<\/p>\n<p>In diesem Moment m\u00fcsst ihr im Gleichgewicht mit eurem gesunden Verstand sein. Die vollendete und inkompetente Vorstellungskraft und die kluge und sinnlose Ausschliesslichkeit sollte man jetzt (oder nie) in das Gleichgewicht bringen. Das ist das einzige was uns allen Gutes bringen kann.<\/p>\n<p><strong>\u00a0<\/strong><\/p>\n<p>Diese Tage und Wochen werden die Geschichte, die Bedeutung und den Sinn der Grenzen zwischen L\u00e4ndern und Kontinenten sowie die Grenzen innerhalb der menschlichen Psyche, der menschlichen Zellen, Gef\u00fchle, Gedanken und Handlungen ver\u00e4ndern.<\/p>\n<p>&nbsp;<\/p>\n<p>Diese Tage und Wochen sind die reifste Gelegenheit, den Grad eurer Selbstbeherrschung, Selbstverantwortung, Reife und eures Mitgef\u00fchls zu zeigen.<\/p>\n<p>&nbsp;<\/p>\n<p>Dies ist eine Zeit gro\u00dfer Pr\u00fcfungen.<\/p>\n<p>&nbsp;<\/p>\n<p>Vergesst bitte niemals die ber\u00fchmten Naturgesetze, die keinen von euch umgehen kann.<\/p>\n<p>&nbsp;<\/p>\n<p style=\"text-align: center;\"><span style=\"color: #ff6600;\">Liebe Freunde und Sch\u00fcler, bleibt diese Tage oder Wochen zu Hause.<\/span><\/p>\n<p style=\"text-align: center;\"><span style=\"color: #ff6600;\">Das Coronavirus ist wie jedes andere Virus ein Virus, das Infektion und Tod s\u00e4t.<\/span><\/p>\n<p>&nbsp;<\/p>\n<p>Zeit z\u00e4hlt nicht. Jeder eurer Schritte z\u00e4hlt.<\/p>\n<p>&nbsp;<\/p>\n<p>In eurem Land gibt es reichlich zu essen und keiner von euch wird hungrig oder durstig sein. Jeder von euch hatte schon vor ein paar Wochen um ein Vielfaches mehr im Haus als ihr wirklich braucht, und heute habt ihr noch mehr.<\/p>\n<p>&nbsp;<\/p>\n<p>Schlaft zuerst aus, es sei denn, ihr geh\u00f6rt zu denen, die zu Hause nicht arbeiten k\u00f6nnen.<\/p>\n<p>Denkt daran, dass Schlaf eine der Ursachen f\u00fcr eine unausgeglichene Gesundheit ist. Wenn eure Gesundheit ausgeglichen ist, ist es f\u00fcr euch, eure Kinder, eure Freunde und Verwandten, euer Land und alle Lebewesen einfacher, das gesamte Leben auf der Erde zu verwalten.<\/p>\n<p>&nbsp;<\/p>\n<p>Es gibt viele Dinge, die ihr dagegen tun k\u00f6nntet.<\/p>\n<p>Wenn ihr das Gl\u00fcck habt, in einer pers\u00f6nlichen Bibliothek \u201eeingesperrt\u201c zu sein, nutzt die Gelegenheit. Auch diese gesamte <a href=\"https:\/\/yogajagat.com\/de\/\"><span style=\"color: #993300;\">Buch-Website<\/span><\/a> bietet euch viele Tipps.<\/p>\n<p>Es gibt wirklich viele Dinge, die ihr jetzt entdecken und erneut erleben k\u00f6nnt.<\/p>\n<p>&nbsp;<\/p>\n<p>Alles andere wird kommen, bleibt vern\u00fcnftig, wegen euch selbst, wegen euren Kindern, euren Eltern, wegen mir, wegen allen Menschen und der ganzen Menschheit.<\/p>\n<p>&nbsp;<\/p>\n<p style=\"text-align: center;\"><span style=\"color: #ff6600;\">Zu Hause zu bleiben ist kein \u201eAbzug der Freiheit\u201c, sondern ein Angebot, am Leben zu bleiben.<\/span><\/p>\n[\/vc_column_text][\/vc_column][\/vc_row][vc_row][vc_column][vc_column_text]<img loading=\"lazy\" class=\"aligncenter size-full wp-image-5181\" src=\"https:\/\/i2.wp.com\/yogajagat.com\/wp-content\/uploads\/2020\/02\/DSC02195-1.jpg?resize=480%2C640\" alt=\"korona virus coronavirus\" width=\"480\" height=\"640\" srcset=\"https:\/\/i2.wp.com\/yogajagat.com\/wp-content\/uploads\/2020\/02\/DSC02195-1.jpg?w=480&amp;ssl=1 480w, https:\/\/i2.wp.com\/yogajagat.com\/wp-content\/uploads\/2020\/02\/DSC02195-1.jpg?resize=225%2C300&amp;ssl=1 225w\" sizes=\"(max-width: 480px) 100vw, 480px\" data-recalc-dims=\"1\" \/>[\/vc_column_text][\/vc_column][\/vc_row][vc_row][vc_column][vc_column_text]\n<div id=\"attachment_5697\" style=\"width: 310px\" class=\"wp-caption aligncenter\"><img aria-describedby=\"caption-attachment-5697\" loading=\"lazy\" class=\"wp-image-5697 size-medium\" src=\"https:\/\/i2.wp.com\/yogajagat.com\/wp-content\/uploads\/2020\/03\/9b388391-37ac-4310-9bb1-4bc91c6971a9-Kopie-300x201.jpg?resize=300%2C201\" alt=\"\" width=\"300\" height=\"201\" srcset=\"https:\/\/i0.wp.com\/yogajagat.com\/wp-content\/uploads\/2020\/03\/9b388391-37ac-4310-9bb1-4bc91c6971a9-Kopie.jpg?resize=300%2C201&amp;ssl=1 300w, https:\/\/i0.wp.com\/yogajagat.com\/wp-content\/uploads\/2020\/03\/9b388391-37ac-4310-9bb1-4bc91c6971a9-Kopie.jpg?resize=600%2C400&amp;ssl=1 600w, https:\/\/i0.wp.com\/yogajagat.com\/wp-content\/uploads\/2020\/03\/9b388391-37ac-4310-9bb1-4bc91c6971a9-Kopie.jpg?w=750&amp;ssl=1 750w\" sizes=\"(max-width: 300px) 100vw, 300px\" data-recalc-dims=\"1\" \/><p id=\"caption-attachment-5697\" class=\"wp-caption-text\">Piazza Italia, In the Province of Bergamo. Photo by: Guido<\/p><\/div>\n[\/vc_column_text][\/vc_column][\/vc_row][vc_row][vc_column][vc_column_text]Posted on: 18. M\u00e4rz 2020<\/p>\n<p>Edit: \u00a022. M\u00e4rz 2020: photo &#8222;in the Province of Bergamo&#8220;[\/vc_column_text][\/vc_column][\/vc_row]\n","protected":false},"excerpt":{"rendered":"<p>[vc_row][vc_column][vc_column_text]<br \/>\nCORONAVIRUS<br \/>\n&nbsp;<br \/>\n( Ich habe diesen Text als \u201eAppell\u201c am 18. M\u00e4rz 2020 geschrieben als uns die gro\u00dfe \u00dcberraschung der Pandemie des &#8222;Coronaviruses&#8220; damals traf.<br \/>\nIn diesem Text gibt es historische, psychologische und soziologische Wahrheiten \u00fcber Pandemien wie ich sie verstehe sowie meine pers\u00f6nlichen Gef\u00fchle und Sorgen zu Infektionen, Pandemien, Grenzen, der menschlichen Psyche &#8230; ich war mir selbst sicher, dass das neue Virus nicht ein Werk der Natur sondern die Innovation einiger weniger Menschen auf der Welt ist, &#8230;<\/p>\n","protected":false},"author":1,"featured_media":0,"parent":0,"menu_order":0,"comment_status":"closed","ping_status":"closed","template":"template-full-width.php","meta":{"_bbp_topic_count":0,"_bbp_reply_count":0,"_bbp_total_topic_count":0,"_bbp_total_reply_count":0,"_bbp_voice_count":0,"_bbp_anonymous_reply_count":0,"_bbp_topic_count_hidden":0,"_bbp_reply_count_hidden":0,"_bbp_forum_subforum_count":0,"inline_featured_image":false,"spay_email":""},"translation":{"provider":"WPGlobus","version":"3.0.1","language":"de","enabled_languages":["en","de","sr"],"languages":{"en":{"title":true,"content":true,"excerpt":false},"de":{"title":true,"content":true,"excerpt":false},"sr":{"title":true,"content":true,"excerpt":false}}},"yoast_head":"<!-- This site is optimized with the Yoast SEO plugin v18.3 - https:\/\/yoast.com\/wordpress\/plugins\/seo\/ -->\n<title>CORONAVIRUS APPELL - Sch\u00f6nheit der Ver\u00e4nderung<\/title>\n<meta name=\"description\" content=\"Coronavirus ist wie jedes andere Virus, ein Leben f\u00fcr sich. Die einzige Handlung, die jeder Mensch jetzt f\u00fcr sich, seine Kinder und f\u00fcr alle Menschen...\" \/>\n<meta name=\"robots\" content=\"index, follow, max-snippet:-1, max-image-preview:large, max-video-preview:-1\" \/>\n<link rel=\"canonical\" href=\"https:\/\/yogajagat.com\/coronavirus-appeal\/\" \/>\n<meta name=\"twitter:label1\" content=\"Gesch\u00e4tzte Lesezeit\" \/>\n\t<meta name=\"twitter:data1\" content=\"5\u00a0Minuten\" \/>\n<script type=\"application\/ld+json\" class=\"yoast-schema-graph\">{\"@context\":\"https:\/\/schema.org\",\"@graph\":[{\"@type\":\"Organization\",\"@id\":\"https:\/\/yogajagat.com\/#organization\",\"name\":\"Yogajagat\",\"url\":\"https:\/\/yogajagat.com\/\",\"sameAs\":[],\"logo\":{\"@type\":\"ImageObject\",\"@id\":\"https:\/\/yogajagat.com\/#logo\",\"inLanguage\":\"de\",\"url\":\"https:\/\/i1.wp.com\/yogajagat.com\/wp-content\/uploads\/2019\/03\/DSC08478-Kopie-1.jpg?fit=798%2C800&ssl=1\",\"contentUrl\":\"https:\/\/i1.wp.com\/yogajagat.com\/wp-content\/uploads\/2019\/03\/DSC08478-Kopie-1.jpg?fit=798%2C800&ssl=1\",\"width\":798,\"height\":800,\"caption\":\"Yogajagat\"},\"image\":{\"@id\":\"https:\/\/yogajagat.com\/#logo\"}},{\"@type\":\"WebSite\",\"@id\":\"https:\/\/yogajagat.com\/#website\",\"url\":\"https:\/\/yogajagat.com\/\",\"name\":\"Sch\u00f6nheit der Ver\u00e4nderung\",\"description\":\"Mit st\u00e4ndiger Ver\u00e4nderung zum sch\u00f6nsten Lebenserfahrung\",\"publisher\":{\"@id\":\"https:\/\/yogajagat.com\/#organization\"},\"potentialAction\":[{\"@type\":\"SearchAction\",\"target\":{\"@type\":\"EntryPoint\",\"urlTemplate\":\"https:\/\/yogajagat.com\/?s={search_term_string}\"},\"query-input\":\"required name=search_term_string\"}],\"inLanguage\":\"de\"},{\"@type\":\"ImageObject\",\"@id\":\"https:\/\/yogajagat.com\/coronavirus-appeal\/#primaryimage\",\"inLanguage\":\"de\",\"url\":\"http:\/\/yogajagat.com\/wp-content\/uploads\/2020\/02\/DSC02195-1.jpg\",\"contentUrl\":\"http:\/\/yogajagat.com\/wp-content\/uploads\/2020\/02\/DSC02195-1.jpg\"},{\"@type\":\"WebPage\",\"@id\":\"https:\/\/yogajagat.com\/coronavirus-appeal\/#webpage\",\"url\":\"https:\/\/yogajagat.com\/coronavirus-appeal\/\",\"name\":\"CORONAVIRUS APPELL - Sch\u00f6nheit der Ver\u00e4nderung\",\"isPartOf\":{\"@id\":\"https:\/\/yogajagat.com\/#website\"},\"primaryImageOfPage\":{\"@id\":\"https:\/\/yogajagat.com\/coronavirus-appeal\/#primaryimage\"},\"datePublished\":\"2020-03-18T20:50:47+00:00\",\"dateModified\":\"2021-12-29T13:47:35+00:00\",\"description\":\"Coronavirus ist wie jedes andere Virus, ein Leben f\u00fcr sich. Die einzige Handlung, die jeder Mensch jetzt f\u00fcr sich, seine Kinder und f\u00fcr alle Menschen...\",\"breadcrumb\":{\"@id\":\"https:\/\/yogajagat.com\/coronavirus-appeal\/#breadcrumb\"},\"inLanguage\":\"de\",\"potentialAction\":[{\"@type\":\"ReadAction\",\"target\":[\"https:\/\/yogajagat.com\/coronavirus-appeal\/\"]}]},{\"@type\":\"BreadcrumbList\",\"@id\":\"https:\/\/yogajagat.com\/coronavirus-appeal\/#breadcrumb\",\"itemListElement\":[{\"@type\":\"ListItem\",\"position\":1,\"name\":\"Home\",\"item\":\"https:\/\/yogajagat.com\/sr\/\"},{\"@type\":\"ListItem\",\"position\":2,\"name\":\"CORONAVIRUS APPEAL\"}]}]}<\/script>\n<!-- \/ Yoast SEO plugin. -->","yoast_head_json":{"title":"CORONAVIRUS APPELL - Sch\u00f6nheit der Ver\u00e4nderung","description":"Coronavirus ist wie jedes andere Virus, ein Leben f\u00fcr sich. Die einzige Handlung, die jeder Mensch jetzt f\u00fcr sich, seine Kinder und f\u00fcr alle Menschen...","robots":{"index":"index","follow":"follow","max-snippet":"max-snippet:-1","max-image-preview":"max-image-preview:large","max-video-preview":"max-video-preview:-1"},"canonical":"https:\/\/yogajagat.com\/coronavirus-appeal\/","twitter_misc":{"Gesch\u00e4tzte Lesezeit":"5\u00a0Minuten"},"schema":{"@context":"https:\/\/schema.org","@graph":[{"@type":"Organization","@id":"https:\/\/yogajagat.com\/#organization","name":"Yogajagat","url":"https:\/\/yogajagat.com\/","sameAs":[],"logo":{"@type":"ImageObject","@id":"https:\/\/yogajagat.com\/#logo","inLanguage":"de","url":"https:\/\/i1.wp.com\/yogajagat.com\/wp-content\/uploads\/2019\/03\/DSC08478-Kopie-1.jpg?fit=798%2C800&ssl=1","contentUrl":"https:\/\/i1.wp.com\/yogajagat.com\/wp-content\/uploads\/2019\/03\/DSC08478-Kopie-1.jpg?fit=798%2C800&ssl=1","width":798,"height":800,"caption":"Yogajagat"},"image":{"@id":"https:\/\/yogajagat.com\/#logo"}},{"@type":"WebSite","@id":"https:\/\/yogajagat.com\/#website","url":"https:\/\/yogajagat.com\/","name":"Sch\u00f6nheit der Ver\u00e4nderung","description":"Mit st\u00e4ndiger Ver\u00e4nderung zum sch\u00f6nsten Lebenserfahrung","publisher":{"@id":"https:\/\/yogajagat.com\/#organization"},"potentialAction":[{"@type":"SearchAction","target":{"@type":"EntryPoint","urlTemplate":"https:\/\/yogajagat.com\/?s={search_term_string}"},"query-input":"required name=search_term_string"}],"inLanguage":"de"},{"@type":"ImageObject","@id":"https:\/\/yogajagat.com\/coronavirus-appeal\/#primaryimage","inLanguage":"de","url":"http:\/\/yogajagat.com\/wp-content\/uploads\/2020\/02\/DSC02195-1.jpg","contentUrl":"http:\/\/yogajagat.com\/wp-content\/uploads\/2020\/02\/DSC02195-1.jpg"},{"@type":"WebPage","@id":"https:\/\/yogajagat.com\/coronavirus-appeal\/#webpage","url":"https:\/\/yogajagat.com\/coronavirus-appeal\/","name":"CORONAVIRUS APPELL - Sch\u00f6nheit der Ver\u00e4nderung","isPartOf":{"@id":"https:\/\/yogajagat.com\/#website"},"primaryImageOfPage":{"@id":"https:\/\/yogajagat.com\/coronavirus-appeal\/#primaryimage"},"datePublished":"2020-03-18T20:50:47+00:00","dateModified":"2021-12-29T13:47:35+00:00","description":"Coronavirus ist wie jedes andere Virus, ein Leben f\u00fcr sich. Die einzige Handlung, die jeder Mensch jetzt f\u00fcr sich, seine Kinder und f\u00fcr alle Menschen...","breadcrumb":{"@id":"https:\/\/yogajagat.com\/coronavirus-appeal\/#breadcrumb"},"inLanguage":"de","potentialAction":[{"@type":"ReadAction","target":["https:\/\/yogajagat.com\/coronavirus-appeal\/"]}]},{"@type":"BreadcrumbList","@id":"https:\/\/yogajagat.com\/coronavirus-appeal\/#breadcrumb","itemListElement":[{"@type":"ListItem","position":1,"name":"Home","item":"https:\/\/yogajagat.com\/sr\/"},{"@type":"ListItem","position":2,"name":"CORONAVIRUS APPEAL"}]}]}},"_links":{"self":[{"href":"https:\/\/yogajagat.com\/de\/wp-json\/wp\/v2\/pages\/5670"}],"collection":[{"href":"https:\/\/yogajagat.com\/de\/wp-json\/wp\/v2\/pages"}],"about":[{"href":"https:\/\/yogajagat.com\/de\/wp-json\/wp\/v2\/types\/page"}],"author":[{"embeddable":true,"href":"https:\/\/yogajagat.com\/de\/wp-json\/wp\/v2\/users\/1"}],"replies":[{"embeddable":true,"href":"https:\/\/yogajagat.com\/de\/wp-json\/wp\/v2\/comments?post=5670"}],"version-history":[{"count":33,"href":"https:\/\/yogajagat.com\/de\/wp-json\/wp\/v2\/pages\/5670\/revisions"}],"predecessor-version":[{"id":6194,"href":"https:\/\/yogajagat.com\/de\/wp-json\/wp\/v2\/pages\/5670\/revisions\/6194"}],"wp:attachment":[{"href":"https:\/\/yogajagat.com\/de\/wp-json\/wp\/v2\/media?parent=5670"}],"curies":[{"name":"wp","href":"https:\/\/api.w.org\/{rel}","templated":true}]}}