{"id":4955,"date":"2020-01-28T22:11:43","date_gmt":"2020-01-28T21:11:43","guid":{"rendered":"http:\/\/yogajagat.com\/?page_id=4955"},"modified":"2020-03-03T16:17:08","modified_gmt":"2020-03-03T15:17:08","slug":"human-mind-organizing-mind-fight-a-battle","status":"publish","type":"page","link":"https:\/\/yogajagat.com\/de\/der-geist-des-menschen-wie-kann-man-seinen-geist-organisieren\/","title":{"rendered":"Der Geist des Menschen. Wie kann man seinen Geist organisieren"},"content":{"rendered":"[vc_row][vc_column][vc_column_text]\n<h3 style=\"text-align: center;\"><span style=\"color: #993300;\">DER GEIST DES MENSCHEN<\/span><\/h3>\n<p>&nbsp;<\/p>\n<h4 style=\"text-align: center;\"><span style=\"color: #33cccc;\">WIE KANN MAN SEINEN GEIST ORGANISIEREN<\/span><\/h4>\n[\/vc_column_text][\/vc_column][\/vc_row][vc_row][vc_column][vc_column_text]\n<div id=\"attachment_3716\" style=\"width: 717px\" class=\"wp-caption aligncenter\"><img aria-describedby=\"caption-attachment-3716\" loading=\"lazy\" class=\"wp-image-3716 size-full\" src=\"https:\/\/i2.wp.com\/yogajagat.com\/wp-content\/uploads\/2019\/07\/DSC1837-Kopie-1024x678-Kopie.jpg?resize=707%2C657\" alt=\"human mind ljudski duh geist des menschen\" width=\"707\" height=\"657\" srcset=\"https:\/\/i2.wp.com\/yogajagat.com\/wp-content\/uploads\/2019\/07\/DSC1837-Kopie-1024x678-Kopie.jpg?w=707&amp;ssl=1 707w, https:\/\/i2.wp.com\/yogajagat.com\/wp-content\/uploads\/2019\/07\/DSC1837-Kopie-1024x678-Kopie.jpg?resize=300%2C279&amp;ssl=1 300w\" sizes=\"(max-width: 707px) 100vw, 707px\" data-recalc-dims=\"1\" \/><p id=\"caption-attachment-3716\" class=\"wp-caption-text\">THE BRAIN, Exhibition METAMORPHOSIS, TWINS. Athens. Greece. www.yogajagat.com<\/p><\/div>\n[\/vc_column_text][\/vc_column][\/vc_row][vc_row][vc_column][vc_column_text]\n<hr \/>\n<p>&nbsp;<\/p>\n<p>Das Leben entstand, es wird eines Tages ausgel\u00f6scht und zwischen diesen beiden nat\u00fcrlichen Ereignissen sollte die Natur des Geistes und der Seele gest\u00e4rkt und zum Schweigen gebracht, ermutigt und \u00fcberlassen, erkannt und transformiert werden.<\/p>\n<p>Alles Leben ist daher eine Herausforderung. Der Morgen verwandelt das Gestern, die Nacht bietet eine Verwandlung des Lebensinhalts vom Vorgestern und der Kopf denkt jetzt.<\/p>\n<p>Und \u00fcber das Morgen, kann der Mensch wissen, wann er \u00e4lter ist als heute.[\/vc_column_text][\/vc_column][\/vc_row][vc_row][vc_column][vc_custom_heading text=&#8220;Man kann seinen Geist organisieren &#8220; font_container=&#8220;tag:h2|text_align:center|color:%231d98b7&#8243; google_fonts=&#8220;font_family:Ubuntu%3A300%2C300italic%2Cregular%2Citalic%2C500%2C500italic%2C700%2C700italic|font_style:300%20light%20italic%3A300%3Aitalic&#8220;][\/vc_column][\/vc_row][vc_row][vc_column][vc_column_text]\n<hr \/>\n<p>&nbsp;<\/p>\n<p>Der Mann tr\u00e4gt hinter seinen Augen das komplexeste Organ der Welt. Und trotzdem er ist nie zufrieden.<\/p>\n<p>Jeder Kopf spielt verschiedene Spiele. Einige K\u00f6pfe werden versuchen genau euren Kopf und euer Herz mit ihrer Unwissenheit, schwachen Psyche und mit einem kleinst\u00e4dtischem Geist zu zermahlen. Jemand wird dem anderen schmeicheln. Jemand wird immer jemand anderes sein und somit sich selbst und der ganzen Menschheit Schaden zuf\u00fcgen.<\/p>\n<p>So sieht es in unserer Welt aus. Was jedoch f\u00fcr einen die Wahrheit ist, ist nicht f\u00fcr einen anderen.<\/p>\n<p>Aber es ist sicher, dass jeder lebende Mensch seinen Geist, K\u00f6rper und seine Seele organisieren kann. Diese sind sogar sehr gut zu organisieren. Und das geht dann, wenn man spontan und mutig ist wie ein\u00a0Kind.<\/p>\n<p>Es ist notwendig, das Sch\u00f6nste in sich selbst und nicht das Schlimmste in anderen zu pflegen, und Frieden und nicht Krieg zu praktizieren. Toleranz ist eine starke menschliche Eigenschaft. Sie ist anstrengend und erfordert viel Verzicht.<\/p>\n<p>Die rostigen T\u00fcren des Geistes zu schlie\u00dfen und die neuen zu \u00f6ffnen ist eine neue lange Mission. Der Geist des Menschen ist eine vielf\u00e4ltige und f\u00e4hige Substanz die auch die schwierigsten Missionen schaffen kann.<\/p>\n<p>Alles, was man tun soll, ist die eigenen Energien zu erkennen und sie zu lehren, den eigenen Verteidigungsmechanismus gegen alle sch\u00e4dlichen, vor allem die eigene, innere Unreinheiten zu beseitigen, denn alle Kriege werden im Kopf gef\u00fchrt.<\/p>\n<p>Und wenn die Kriege sterben, k\u00f6nnen sich sowohl K\u00f6rper als auch Geist verwandeln und die Seele entwickeln.<\/p>\n<h4 style=\"text-align: center;\"><span style=\"color: #993300;\">Nichts ist unm\u00f6glich.<\/span><\/h4>\n<p>&nbsp;<\/p>\n<p style=\"text-align: left;\">Auf dieser gesamten Website k\u00f6nnt ihr viel \u00fcber den Geist des Menschen und viele Antworten und Tipps, wie man seine innere Ruhe finden kann, seinen Geist mit dem H\u00f6heren <a href=\"https:\/\/yogajagat.com\/de\/einheit-ganzwerdung-vereinigung-die-menschliche-dna\/\"><span style=\"color: #993300;\">vereinigen<\/span><\/a> kann, wie man mit den <a href=\"https:\/\/yogajagat.com\/de\/schritt-fur-schritt-zum-inneren-frieden\/\"><span style=\"color: #993300;\">Schritten<\/span><\/a> und Pfaden des menschlichen Lebens wie auch mit Traurigkeit umgehen kann, \u00fcber allen Arten von Gesundheit und vieles mehr, erfahren.<\/p>\n<p>&nbsp;<\/p>\n[\/vc_column_text][\/vc_column][\/vc_row]\n","protected":false},"excerpt":{"rendered":"<p>[vc_row][vc_column][vc_column_text]<br \/>\nDER GEIST DES MENSCHEN<br \/>\n&nbsp;<br \/>\nWIE KANN MAN SEINEN GEIST ORGANISIEREN<br \/>\n[\/vc_column_text][\/vc_column][\/vc_row][vc_row][vc_column][vc_column_text]<br \/>\n[\/vc_column_text][\/vc_column][\/vc_row][vc_row][vc_column][vc_column_text]<\/p>\n<p>&nbsp;<br \/>\nDas Leben entstand, es wird eines Tages ausgel\u00f6scht und zwischen diesen beiden nat\u00fcrlichen Ereignissen sollte die Natur des Geistes und der Seele gest\u00e4rkt und zum Schweigen gebracht, ermutigt und \u00fcberlassen, erkannt und transformiert werden.<br \/>\nAlles Leben ist daher eine Herausforderung. Der Morgen verwandelt das Gestern, die Nacht bietet eine Verwandlung des Lebensinhalts vom Vorgestern und der Kopf denkt jetzt.<br \/>\nUnd \u00fcber das Morgen, kann &#8230;<\/p>\n","protected":false},"author":1,"featured_media":0,"parent":0,"menu_order":0,"comment_status":"closed","ping_status":"closed","template":"template-full-width.php","meta":{"_bbp_topic_count":0,"_bbp_reply_count":0,"_bbp_total_topic_count":0,"_bbp_total_reply_count":0,"_bbp_voice_count":0,"_bbp_anonymous_reply_count":0,"_bbp_topic_count_hidden":0,"_bbp_reply_count_hidden":0,"_bbp_forum_subforum_count":0,"inline_featured_image":false,"spay_email":""},"translation":{"provider":"WPGlobus","version":"3.0.1","language":"de","enabled_languages":["en","de","sr"],"languages":{"en":{"title":true,"content":true,"excerpt":false},"de":{"title":true,"content":true,"excerpt":false},"sr":{"title":true,"content":true,"excerpt":false}}},"yoast_head":"<!-- This site is optimized with the Yoast SEO plugin v18.3 - https:\/\/yoast.com\/wordpress\/plugins\/seo\/ -->\n<title>Der Geist des Menschen. Wie kann man seinen Geist organisieren - Sch\u00f6nheit der Ver\u00e4nderung<\/title>\n<meta name=\"description\" content=\"Der Geist des Menschen ist eine vielf\u00e4ltige und f\u00e4hige Substanz die auch die schwierigsten Missionen schaffen kann. Wie kann man seinen Geist organisieren..\" \/>\n<meta name=\"robots\" content=\"index, follow, max-snippet:-1, max-image-preview:large, max-video-preview:-1\" \/>\n<link rel=\"canonical\" href=\"https:\/\/yogajagat.com\/sr\/duh-ljudski-kako-organizovati-um\/\" \/>\n<meta name=\"twitter:label1\" content=\"Gesch\u00e4tzte Lesezeit\" \/>\n\t<meta name=\"twitter:data1\" content=\"8\u00a0Minuten\" \/>\n<script type=\"application\/ld+json\" class=\"yoast-schema-graph\">{\"@context\":\"https:\/\/schema.org\",\"@graph\":[{\"@type\":\"Organization\",\"@id\":\"https:\/\/yogajagat.com\/#organization\",\"name\":\"Yogajagat\",\"url\":\"https:\/\/yogajagat.com\/\",\"sameAs\":[],\"logo\":{\"@type\":\"ImageObject\",\"@id\":\"https:\/\/yogajagat.com\/#logo\",\"inLanguage\":\"de\",\"url\":\"https:\/\/i1.wp.com\/yogajagat.com\/wp-content\/uploads\/2019\/03\/DSC08478-Kopie-1.jpg?fit=798%2C800&ssl=1\",\"contentUrl\":\"https:\/\/i1.wp.com\/yogajagat.com\/wp-content\/uploads\/2019\/03\/DSC08478-Kopie-1.jpg?fit=798%2C800&ssl=1\",\"width\":798,\"height\":800,\"caption\":\"Yogajagat\"},\"image\":{\"@id\":\"https:\/\/yogajagat.com\/#logo\"}},{\"@type\":\"WebSite\",\"@id\":\"https:\/\/yogajagat.com\/#website\",\"url\":\"https:\/\/yogajagat.com\/\",\"name\":\"Sch\u00f6nheit der Ver\u00e4nderung\",\"description\":\"Mit st\u00e4ndiger Ver\u00e4nderung zum sch\u00f6nsten Lebenserfahrung\",\"publisher\":{\"@id\":\"https:\/\/yogajagat.com\/#organization\"},\"potentialAction\":[{\"@type\":\"SearchAction\",\"target\":{\"@type\":\"EntryPoint\",\"urlTemplate\":\"https:\/\/yogajagat.com\/?s={search_term_string}\"},\"query-input\":\"required name=search_term_string\"}],\"inLanguage\":\"de\"},{\"@type\":\"ImageObject\",\"@id\":\"https:\/\/yogajagat.com\/sr\/duh-ljudski-kako-organizovati-um\/#primaryimage\",\"inLanguage\":\"de\",\"url\":\"http:\/\/yogajagat.com\/wp-content\/uploads\/2019\/07\/DSC1837-Kopie-1024x678-Kopie-300x279.jpg\",\"contentUrl\":\"http:\/\/yogajagat.com\/wp-content\/uploads\/2019\/07\/DSC1837-Kopie-1024x678-Kopie-300x279.jpg\"},{\"@type\":\"WebPage\",\"@id\":\"https:\/\/yogajagat.com\/sr\/duh-ljudski-kako-organizovati-um\/#webpage\",\"url\":\"https:\/\/yogajagat.com\/sr\/duh-ljudski-kako-organizovati-um\/\",\"name\":\"Der Geist des Menschen. Wie kann man seinen Geist organisieren - Sch\u00f6nheit der Ver\u00e4nderung\",\"isPartOf\":{\"@id\":\"https:\/\/yogajagat.com\/#website\"},\"primaryImageOfPage\":{\"@id\":\"https:\/\/yogajagat.com\/sr\/duh-ljudski-kako-organizovati-um\/#primaryimage\"},\"datePublished\":\"2020-01-28T21:11:43+00:00\",\"dateModified\":\"2020-03-03T15:17:08+00:00\",\"description\":\"Der Geist des Menschen ist eine vielf\u00e4ltige und f\u00e4hige Substanz die auch die schwierigsten Missionen schaffen kann. Wie kann man seinen Geist organisieren..\",\"breadcrumb\":{\"@id\":\"https:\/\/yogajagat.com\/sr\/duh-ljudski-kako-organizovati-um\/#breadcrumb\"},\"inLanguage\":\"de\",\"potentialAction\":[{\"@type\":\"ReadAction\",\"target\":[\"https:\/\/yogajagat.com\/sr\/duh-ljudski-kako-organizovati-um\/\"]}]},{\"@type\":\"BreadcrumbList\",\"@id\":\"https:\/\/yogajagat.com\/sr\/duh-ljudski-kako-organizovati-um\/#breadcrumb\",\"itemListElement\":[{\"@type\":\"ListItem\",\"position\":1,\"name\":\"Home\",\"item\":\"https:\/\/yogajagat.com\/sr\/\"},{\"@type\":\"ListItem\",\"position\":2,\"name\":\"Duh ljudski. Kako organizovati um i pro\u0161iriti mo\u0107 duha\"}]}]}<\/script>\n<!-- \/ Yoast SEO plugin. -->","yoast_head_json":{"title":"Der Geist des Menschen. Wie kann man seinen Geist organisieren - Sch\u00f6nheit der Ver\u00e4nderung","description":"Der Geist des Menschen ist eine vielf\u00e4ltige und f\u00e4hige Substanz die auch die schwierigsten Missionen schaffen kann. Wie kann man seinen Geist organisieren..","robots":{"index":"index","follow":"follow","max-snippet":"max-snippet:-1","max-image-preview":"max-image-preview:large","max-video-preview":"max-video-preview:-1"},"canonical":"https:\/\/yogajagat.com\/sr\/duh-ljudski-kako-organizovati-um\/","twitter_misc":{"Gesch\u00e4tzte Lesezeit":"8\u00a0Minuten"},"schema":{"@context":"https:\/\/schema.org","@graph":[{"@type":"Organization","@id":"https:\/\/yogajagat.com\/#organization","name":"Yogajagat","url":"https:\/\/yogajagat.com\/","sameAs":[],"logo":{"@type":"ImageObject","@id":"https:\/\/yogajagat.com\/#logo","inLanguage":"de","url":"https:\/\/i1.wp.com\/yogajagat.com\/wp-content\/uploads\/2019\/03\/DSC08478-Kopie-1.jpg?fit=798%2C800&ssl=1","contentUrl":"https:\/\/i1.wp.com\/yogajagat.com\/wp-content\/uploads\/2019\/03\/DSC08478-Kopie-1.jpg?fit=798%2C800&ssl=1","width":798,"height":800,"caption":"Yogajagat"},"image":{"@id":"https:\/\/yogajagat.com\/#logo"}},{"@type":"WebSite","@id":"https:\/\/yogajagat.com\/#website","url":"https:\/\/yogajagat.com\/","name":"Sch\u00f6nheit der Ver\u00e4nderung","description":"Mit st\u00e4ndiger Ver\u00e4nderung zum sch\u00f6nsten Lebenserfahrung","publisher":{"@id":"https:\/\/yogajagat.com\/#organization"},"potentialAction":[{"@type":"SearchAction","target":{"@type":"EntryPoint","urlTemplate":"https:\/\/yogajagat.com\/?s={search_term_string}"},"query-input":"required name=search_term_string"}],"inLanguage":"de"},{"@type":"ImageObject","@id":"https:\/\/yogajagat.com\/sr\/duh-ljudski-kako-organizovati-um\/#primaryimage","inLanguage":"de","url":"http:\/\/yogajagat.com\/wp-content\/uploads\/2019\/07\/DSC1837-Kopie-1024x678-Kopie-300x279.jpg","contentUrl":"http:\/\/yogajagat.com\/wp-content\/uploads\/2019\/07\/DSC1837-Kopie-1024x678-Kopie-300x279.jpg"},{"@type":"WebPage","@id":"https:\/\/yogajagat.com\/sr\/duh-ljudski-kako-organizovati-um\/#webpage","url":"https:\/\/yogajagat.com\/sr\/duh-ljudski-kako-organizovati-um\/","name":"Der Geist des Menschen. Wie kann man seinen Geist organisieren - Sch\u00f6nheit der Ver\u00e4nderung","isPartOf":{"@id":"https:\/\/yogajagat.com\/#website"},"primaryImageOfPage":{"@id":"https:\/\/yogajagat.com\/sr\/duh-ljudski-kako-organizovati-um\/#primaryimage"},"datePublished":"2020-01-28T21:11:43+00:00","dateModified":"2020-03-03T15:17:08+00:00","description":"Der Geist des Menschen ist eine vielf\u00e4ltige und f\u00e4hige Substanz die auch die schwierigsten Missionen schaffen kann. Wie kann man seinen Geist organisieren..","breadcrumb":{"@id":"https:\/\/yogajagat.com\/sr\/duh-ljudski-kako-organizovati-um\/#breadcrumb"},"inLanguage":"de","potentialAction":[{"@type":"ReadAction","target":["https:\/\/yogajagat.com\/sr\/duh-ljudski-kako-organizovati-um\/"]}]},{"@type":"BreadcrumbList","@id":"https:\/\/yogajagat.com\/sr\/duh-ljudski-kako-organizovati-um\/#breadcrumb","itemListElement":[{"@type":"ListItem","position":1,"name":"Home","item":"https:\/\/yogajagat.com\/sr\/"},{"@type":"ListItem","position":2,"name":"Duh ljudski. Kako organizovati um i pro\u0161iriti mo\u0107 duha"}]}]}},"_links":{"self":[{"href":"https:\/\/yogajagat.com\/de\/wp-json\/wp\/v2\/pages\/4955"}],"collection":[{"href":"https:\/\/yogajagat.com\/de\/wp-json\/wp\/v2\/pages"}],"about":[{"href":"https:\/\/yogajagat.com\/de\/wp-json\/wp\/v2\/types\/page"}],"author":[{"embeddable":true,"href":"https:\/\/yogajagat.com\/de\/wp-json\/wp\/v2\/users\/1"}],"replies":[{"embeddable":true,"href":"https:\/\/yogajagat.com\/de\/wp-json\/wp\/v2\/comments?post=4955"}],"version-history":[{"count":21,"href":"https:\/\/yogajagat.com\/de\/wp-json\/wp\/v2\/pages\/4955\/revisions"}],"predecessor-version":[{"id":5619,"href":"https:\/\/yogajagat.com\/de\/wp-json\/wp\/v2\/pages\/4955\/revisions\/5619"}],"wp:attachment":[{"href":"https:\/\/yogajagat.com\/de\/wp-json\/wp\/v2\/media?parent=4955"}],"curies":[{"name":"wp","href":"https:\/\/api.w.org\/{rel}","templated":true}]}}