{"id":4844,"date":"2020-01-22T16:36:28","date_gmt":"2020-01-22T15:36:28","guid":{"rendered":"http:\/\/yogajagat.com\/?page_id=4844"},"modified":"2025-01-28T12:28:37","modified_gmt":"2025-01-28T11:28:37","slug":"hatha-joga-casovi","status":"publish","type":"page","link":"https:\/\/yogajagat.com\/de\/hatha-yogastunden-suedstadt-koeln\/","title":{"rendered":"Hatha Yogastunden"},"content":{"rendered":"[vc_row][vc_column][vc_column_text]\n<p><main id=\"content\" class=\"content_full_width\" role=\"main\"><\/main><\/p>\n<div class=\"vc_row wpb_row vc_row-fluid\">\n<div class=\"wpb_column vc_column_container vc_col-sm-12\">\n<div class=\"vc_column-inner\">\n<div class=\"wpb_wrapper\">\n<div class=\"wpb_text_column wpb_content_element \">\n<div class=\"wpb_wrapper\">\n<p>Right now there\u2019s neither physical nor online place where I give classes, lectures or workshops.<\/p>\n<p>But anyone who has the feeling that some invisible hand is leading him to slow down and to learn more deeply and honestly about himself and the world through practice or theory of the wonderful, great, old Indian science of Hatha yoga (and not surfaced, competitive Western sport as Yoga today is), my heart will be more than happy to be there for him.<\/p>\n<p>Simply contact me.<\/p>\n<p>Love.<\/p>\n<p>Lika<\/p>\n<p>&nbsp;<\/p>\n<p><em>Zurzeit gibt es weder einen physichen noch einen online Ort an dem ich Stunden, Vortr\u00e4ge oder Workshops gebe.<\/em><\/p>\n<p><em>Aber jeder der das Gef\u00fchl hat, dass eine unsichtbare Hand ihn dazu f\u00fchrt langsamer zu werden und tiefer und ehrlicher \u00fcber sich selbst und die Welt durch Praxis oder Theorie der wunderbaren, gro\u00dfen und alten indischen Wissenschaft von Hatha Yoga (und nicht den oberfl\u00e4chlichen konkurrenzbetonten Sport wie Yoga heute ist) zu lernen, wird mein Herz mehr als gl\u00fccklich sein f\u00fcr ihn da zu sein.<\/em><\/p>\n<p>&nbsp;<\/p>\n<p><em>Mit Liebe.<\/em><\/p>\n<p><em>Lika<\/em><\/p>\n<\/div>\n<\/div>\n<\/div>\n<\/div>\n<\/div>\n<\/div>\n[\/vc_column_text][vc_column_text]\n<h3 style=\"text-align: center;\"><\/h3>\n<p>&nbsp;<\/p>\n<p>Auf dieser Seiten kann man weiterlesen \u00fcber <a href=\"https:\/\/yogajagat.com\/de\/benefits-of-yoga-practice-yoga-an-ancient-message\/\"><span style=\"color: #993300;\">Vorteile der Yogapraxis<\/span><\/a>,\u00a0\u00fcber die <a href=\"https:\/\/yogajagat.com\/de\/kostenlose-hatha-yoga-stunden\/\"><span style=\"color: #993300;\">kostenlosen Hatha Yogastunden \u00a0&#8230;<\/span><\/a><\/p>\n<p>Au\u00dferdem, diese gesamte Buch-Webseite bietet\u00a0ganz viele Texte zum Lesen, \u00a0Erfahren, Erkennen, Lernen&#8230;<\/p>\n<p>&nbsp;<\/p>\n<p>&nbsp;<\/p>\n<p>&nbsp;<\/p>\n[\/vc_column_text][\/vc_column][\/vc_row]\n","protected":false},"excerpt":{"rendered":"<p>[vc_row][vc_column][vc_column_text]<\/p>\n<p>Right now there\u2019s neither physical nor online place where I give classes, lectures or workshops.<br \/>\nBut anyone who has the feeling that some invisible hand is leading him to slow down and to learn more deeply and honestly about himself and the world through practice or theory of the wonderful, great, old Indian science of Hatha yoga (and not surfaced, competitive Western sport as Yoga today is), my heart will be more &#8230;<\/p>\n","protected":false},"author":1,"featured_media":0,"parent":0,"menu_order":0,"comment_status":"closed","ping_status":"closed","template":"template-full-width.php","meta":{"_bbp_topic_count":0,"_bbp_reply_count":0,"_bbp_total_topic_count":0,"_bbp_total_reply_count":0,"_bbp_voice_count":0,"_bbp_anonymous_reply_count":0,"_bbp_topic_count_hidden":0,"_bbp_reply_count_hidden":0,"_bbp_forum_subforum_count":0,"inline_featured_image":false,"spay_email":""},"translation":{"provider":"WPGlobus","version":"3.0.1","language":"de","enabled_languages":["en","de","sr"],"languages":{"en":{"title":true,"content":true,"excerpt":false},"de":{"title":true,"content":true,"excerpt":false},"sr":{"title":true,"content":true,"excerpt":false}}},"yoast_head":"<!-- This site is optimized with the Yoast SEO plugin v18.3 - https:\/\/yoast.com\/wordpress\/plugins\/seo\/ -->\n<title>Hatha Yogastunden - Sch\u00f6nheit der Ver\u00e4nderung<\/title>\n<meta name=\"description\" content=\"Hatha Yogastunden. Jeder ist herzlich wilkommen. Weiterlesen: Unterrichstweise, kostenlose Yogastunden, Vorteile der Yogapraxis...\" \/>\n<meta name=\"robots\" content=\"index, follow, max-snippet:-1, max-image-preview:large, max-video-preview:-1\" \/>\n<link rel=\"canonical\" href=\"https:\/\/yogajagat.com\/hatha-joga-casovi\/\" \/>\n<meta name=\"twitter:label1\" content=\"Gesch\u00e4tzte Lesezeit\" \/>\n\t<meta name=\"twitter:data1\" content=\"1\u00a0Minute\" \/>\n<script type=\"application\/ld+json\" class=\"yoast-schema-graph\">{\"@context\":\"https:\/\/schema.org\",\"@graph\":[{\"@type\":\"Organization\",\"@id\":\"https:\/\/yogajagat.com\/#organization\",\"name\":\"Yogajagat\",\"url\":\"https:\/\/yogajagat.com\/\",\"sameAs\":[],\"logo\":{\"@type\":\"ImageObject\",\"@id\":\"https:\/\/yogajagat.com\/#logo\",\"inLanguage\":\"de\",\"url\":\"https:\/\/i1.wp.com\/yogajagat.com\/wp-content\/uploads\/2019\/03\/DSC08478-Kopie-1.jpg?fit=798%2C800&ssl=1\",\"contentUrl\":\"https:\/\/i1.wp.com\/yogajagat.com\/wp-content\/uploads\/2019\/03\/DSC08478-Kopie-1.jpg?fit=798%2C800&ssl=1\",\"width\":798,\"height\":800,\"caption\":\"Yogajagat\"},\"image\":{\"@id\":\"https:\/\/yogajagat.com\/#logo\"}},{\"@type\":\"WebSite\",\"@id\":\"https:\/\/yogajagat.com\/#website\",\"url\":\"https:\/\/yogajagat.com\/\",\"name\":\"Sch\u00f6nheit der Ver\u00e4nderung\",\"description\":\"Mit st\u00e4ndiger Ver\u00e4nderung zum sch\u00f6nsten Lebenserfahrung\",\"publisher\":{\"@id\":\"https:\/\/yogajagat.com\/#organization\"},\"potentialAction\":[{\"@type\":\"SearchAction\",\"target\":{\"@type\":\"EntryPoint\",\"urlTemplate\":\"https:\/\/yogajagat.com\/?s={search_term_string}\"},\"query-input\":\"required name=search_term_string\"}],\"inLanguage\":\"de\"},{\"@type\":\"WebPage\",\"@id\":\"https:\/\/yogajagat.com\/hatha-joga-casovi\/#webpage\",\"url\":\"https:\/\/yogajagat.com\/hatha-joga-casovi\/\",\"name\":\"Hatha Yogastunden - Sch\u00f6nheit der Ver\u00e4nderung\",\"isPartOf\":{\"@id\":\"https:\/\/yogajagat.com\/#website\"},\"datePublished\":\"2020-01-22T15:36:28+00:00\",\"dateModified\":\"2025-01-28T11:28:37+00:00\",\"description\":\"Hatha Joga \u010dasovi. Svako je srda\u010dno dobrodo\u0161ao. \u010citajte dalje o sekvenci asana, koristi praktikovanja Hatha Joge, besplatnim \u010dasovima Joge...\",\"breadcrumb\":{\"@id\":\"https:\/\/yogajagat.com\/hatha-joga-casovi\/#breadcrumb\"},\"inLanguage\":\"de\",\"potentialAction\":[{\"@type\":\"ReadAction\",\"target\":[\"https:\/\/yogajagat.com\/hatha-joga-casovi\/\"]}]},{\"@type\":\"BreadcrumbList\",\"@id\":\"https:\/\/yogajagat.com\/hatha-joga-casovi\/#breadcrumb\",\"itemListElement\":[{\"@type\":\"ListItem\",\"position\":1,\"name\":\"Home\",\"item\":\"https:\/\/yogajagat.com\/sr\/\"},{\"@type\":\"ListItem\",\"position\":2,\"name\":\"HATHA YOGA CLASSES IN COLOGNE, GERMANY\"}]}]}<\/script>\n<!-- \/ Yoast SEO plugin. -->","yoast_head_json":{"title":"Hatha Yogastunden - Sch\u00f6nheit der Ver\u00e4nderung","description":"Hatha Yogastunden. Jeder ist herzlich wilkommen. Weiterlesen: Unterrichstweise, kostenlose Yogastunden, Vorteile der Yogapraxis...","robots":{"index":"index","follow":"follow","max-snippet":"max-snippet:-1","max-image-preview":"max-image-preview:large","max-video-preview":"max-video-preview:-1"},"canonical":"https:\/\/yogajagat.com\/hatha-joga-casovi\/","twitter_misc":{"Gesch\u00e4tzte Lesezeit":"1\u00a0Minute"},"schema":{"@context":"https:\/\/schema.org","@graph":[{"@type":"Organization","@id":"https:\/\/yogajagat.com\/#organization","name":"Yogajagat","url":"https:\/\/yogajagat.com\/","sameAs":[],"logo":{"@type":"ImageObject","@id":"https:\/\/yogajagat.com\/#logo","inLanguage":"de","url":"https:\/\/i1.wp.com\/yogajagat.com\/wp-content\/uploads\/2019\/03\/DSC08478-Kopie-1.jpg?fit=798%2C800&ssl=1","contentUrl":"https:\/\/i1.wp.com\/yogajagat.com\/wp-content\/uploads\/2019\/03\/DSC08478-Kopie-1.jpg?fit=798%2C800&ssl=1","width":798,"height":800,"caption":"Yogajagat"},"image":{"@id":"https:\/\/yogajagat.com\/#logo"}},{"@type":"WebSite","@id":"https:\/\/yogajagat.com\/#website","url":"https:\/\/yogajagat.com\/","name":"Sch\u00f6nheit der Ver\u00e4nderung","description":"Mit st\u00e4ndiger Ver\u00e4nderung zum sch\u00f6nsten Lebenserfahrung","publisher":{"@id":"https:\/\/yogajagat.com\/#organization"},"potentialAction":[{"@type":"SearchAction","target":{"@type":"EntryPoint","urlTemplate":"https:\/\/yogajagat.com\/?s={search_term_string}"},"query-input":"required name=search_term_string"}],"inLanguage":"de"},{"@type":"WebPage","@id":"https:\/\/yogajagat.com\/hatha-joga-casovi\/#webpage","url":"https:\/\/yogajagat.com\/hatha-joga-casovi\/","name":"Hatha Yogastunden - Sch\u00f6nheit der Ver\u00e4nderung","isPartOf":{"@id":"https:\/\/yogajagat.com\/#website"},"datePublished":"2020-01-22T15:36:28+00:00","dateModified":"2025-01-28T11:28:37+00:00","description":"Hatha Joga \u010dasovi. Svako je srda\u010dno dobrodo\u0161ao. \u010citajte dalje o sekvenci asana, koristi praktikovanja Hatha Joge, besplatnim \u010dasovima Joge...","breadcrumb":{"@id":"https:\/\/yogajagat.com\/hatha-joga-casovi\/#breadcrumb"},"inLanguage":"de","potentialAction":[{"@type":"ReadAction","target":["https:\/\/yogajagat.com\/hatha-joga-casovi\/"]}]},{"@type":"BreadcrumbList","@id":"https:\/\/yogajagat.com\/hatha-joga-casovi\/#breadcrumb","itemListElement":[{"@type":"ListItem","position":1,"name":"Home","item":"https:\/\/yogajagat.com\/sr\/"},{"@type":"ListItem","position":2,"name":"HATHA YOGA CLASSES IN COLOGNE, GERMANY"}]}]}},"_links":{"self":[{"href":"https:\/\/yogajagat.com\/de\/wp-json\/wp\/v2\/pages\/4844"}],"collection":[{"href":"https:\/\/yogajagat.com\/de\/wp-json\/wp\/v2\/pages"}],"about":[{"href":"https:\/\/yogajagat.com\/de\/wp-json\/wp\/v2\/types\/page"}],"author":[{"embeddable":true,"href":"https:\/\/yogajagat.com\/de\/wp-json\/wp\/v2\/users\/1"}],"replies":[{"embeddable":true,"href":"https:\/\/yogajagat.com\/de\/wp-json\/wp\/v2\/comments?post=4844"}],"version-history":[{"count":22,"href":"https:\/\/yogajagat.com\/de\/wp-json\/wp\/v2\/pages\/4844\/revisions"}],"predecessor-version":[{"id":6257,"href":"https:\/\/yogajagat.com\/de\/wp-json\/wp\/v2\/pages\/4844\/revisions\/6257"}],"wp:attachment":[{"href":"https:\/\/yogajagat.com\/de\/wp-json\/wp\/v2\/media?parent=4844"}],"curies":[{"name":"wp","href":"https:\/\/api.w.org\/{rel}","templated":true}]}}