{"id":4825,"date":"2020-01-21T23:51:06","date_gmt":"2020-01-21T22:51:06","guid":{"rendered":"http:\/\/yogajagat.com\/?page_id=4825"},"modified":"2020-06-09T21:16:26","modified_gmt":"2020-06-09T19:16:26","slug":"former-hatha-yoga-school-cologne-germany","status":"publish","type":"page","link":"https:\/\/yogajagat.com\/de\/ehemalige-hatha-yoga-schule-in-koln\/","title":{"rendered":"Ehemalige Hatha Yoga Schule in K\u00f6ln"},"content":{"rendered":"[vc_row][vc_column][vc_column_text]\n<h3 style=\"text-align: center;\"><span style=\"color: #993300;\">EHEMALIGE<\/span><\/h3>\n<h3 style=\"text-align: center;\"><span style=\"color: #993300;\">HATHA YOGA SCHULE IN K\u00d6LN<\/span><\/h3>\n<hr \/>\n<p>&nbsp;<\/p>\n<p><em>Obwohl die Geschichte der Hatha Yoga Schule in K\u00f6ln der Vergangenheit angeh\u00f6rt, ist es jedoch erw\u00e4hnenswert, da man jetzt lernt.<\/em><\/p>\n<p>Als ein statischer Ort war <em>YOGAJAGAT<\/em> eine Schule (und kein Studio), in der seit Anfang 2015 die klassischen Techniken des reichen Systems des Hatha Yoga praktiziert wurden und es in K\u00f6ln beheimatet war.<\/p>\n<p>Der Raum der Schule wurde leider mit den verborgenen Wassersch\u00e4den und Baum\u00e4ngel vermietet, was zu viel Gesetzlosigkeit, Anarchie und Anomie f\u00fchrte und vielen Menschen damit traurige Tage und N\u00e4chte gebracht hatte.<\/p>\n<p>Nat\u00fcrlich, nichts kann eine endg\u00fcltige Definition sein, weder des Universums noch des Lebens auf der Erde. Jedoch f\u00fchrte das Ungleichgewicht in der inneren wie auch in der zwischenmenschlichen Kommunikation, zwischen Mensch und Natur, Universum und Mensch gr\u00f6\u00dftenteils dazu, dass die Schule im Mai 2017 geschlossen wurde.<\/p>\n<p>Die Erfahrung dazu habe ich chronologisch und detailliert aufgeschrieben. Dieser Blog, zusammen mit zwei offenen Briefen, an Frau Barbara Frenz and Herrn Stephan Rotthaus, ist das Tagebuch der Erfahrungen:<\/p>\n<p>Offener Brief an Frau Barbara Frenz (Gesch\u00e4ftsf\u00fchrerin der Hans-Martin-Schleyer Stiftung):<\/p>\n<p><span style=\"color: #993300;\"><a style=\"color: #993300;\" href=\"https:\/\/behindlila.wordpress.com\/2018\/06\/28\/offener-brief-an-frau-barbara-frenz\/\">https:\/\/behindlila.wordpress.com\/2018\/06\/28\/offener-brief-an-frau-barbara-frenz\/<\/a><\/span><\/p>\n<p>Offener Brief an Herrn Stephan Rotthaus:<\/p>\n<p><a href=\"https:\/\/behindlila.wordpress.com\/2018\/06\/28\/offener-brief-an-herrn-stephan-rotthaus\/\"><span style=\"color: #993300;\">https:\/\/behindlila.wordpress.com\/2018\/06\/28\/offener-brief-an-herrn-stephan-rotthaus\/<\/span><\/a><\/p>\n<p>Der Blog:<\/p>\n<p><span style=\"color: #993300;\"><a style=\"color: #993300;\" href=\"https:\/\/behindlila.wordpress.com\">https:\/\/behindlila.wordpress.com<\/a><\/span><\/p>\n<p>Die Geschichten im Blog drehen sich nicht nur um den Raum irgendwo in Deutschland und ein paar Leute, sondern um die menschliche Natur, die jeden lebenden Menschen unabh\u00e4ngig vom Zeitpunkt und Ort des Geschehens inspirieren kann.<\/p>\n[\/vc_column_text][\/vc_column][\/vc_row][vc_row][vc_column][vc_column_text]\n<div id=\"attachment_4826\" style=\"width: 662px\" class=\"wp-caption aligncenter\"><img aria-describedby=\"caption-attachment-4826\" loading=\"lazy\" class=\"size-full wp-image-4826\" src=\"https:\/\/i0.wp.com\/yogajagat.com\/wp-content\/uploads\/2020\/01\/dsc01390-2.jpg?resize=652%2C489\" alt=\"hatha yoga school cologne ehemalige hatha yoga schule koeln bivsa skola u kelnu\" width=\"652\" height=\"489\" srcset=\"https:\/\/i0.wp.com\/yogajagat.com\/wp-content\/uploads\/2020\/01\/dsc01390-2.jpg?w=652&amp;ssl=1 652w, https:\/\/i0.wp.com\/yogajagat.com\/wp-content\/uploads\/2020\/01\/dsc01390-2.jpg?resize=300%2C225&amp;ssl=1 300w\" sizes=\"(max-width: 652px) 100vw, 652px\" data-recalc-dims=\"1\" \/><p id=\"caption-attachment-4826\" class=\"wp-caption-text\">A Good Conscience is a Soft Pillow<\/p><\/div>\n[\/vc_column_text][\/vc_column][\/vc_row][vc_row][vc_column][vc_custom_heading text=&#8220;Meine tiefste Dankbarkeit &#8220; font_container=&#8220;tag:h2|text_align:center|color:%231a9eb2&#8243; google_fonts=&#8220;font_family:Ubuntu%3A300%2C300italic%2Cregular%2Citalic%2C500%2C500italic%2C700%2C700italic|font_style:300%20light%20italic%3A300%3Aitalic&#8220;][\/vc_column][\/vc_row][vc_row][vc_column][vc_column_text]\n<hr \/>\n<p>&nbsp;<\/p>\n<p>An dieser Stelle m\u00f6chte ich mich herzlichst bei den Assessoren des Mietervereins K\u00f6ln daf\u00fcr bedanken, dass sie mich mir gro\u00dfartigem Wissen und Geduld, riesiger Erfahrung, M\u00fche und Professionalit\u00e4t unterst\u00fctz haben, meine Rechte zu bekommen.[\/vc_column_text][\/vc_column][\/vc_row]\n","protected":false},"excerpt":{"rendered":"<p>[vc_row][vc_column][vc_column_text]<br \/>\nEHEMALIGE<br \/>\nHATHA YOGA SCHULE IN K\u00d6LN<\/p>\n<p>&nbsp;<br \/>\nObwohl die Geschichte der Hatha Yoga Schule in K\u00f6ln der Vergangenheit angeh\u00f6rt, ist es jedoch erw\u00e4hnenswert, da man jetzt lernt.<br \/>\nAls ein statischer Ort war YOGAJAGAT eine Schule (und kein Studio), in der seit Anfang 2015 die klassischen Techniken des reichen Systems des Hatha Yoga praktiziert wurden und es in K\u00f6ln beheimatet war.<br \/>\nDer Raum der Schule wurde leider mit den verborgenen Wassersch\u00e4den und Baum\u00e4ngel vermietet, was zu viel Gesetzlosigkeit, Anarchie &#8230;<\/p>\n","protected":false},"author":1,"featured_media":0,"parent":0,"menu_order":0,"comment_status":"closed","ping_status":"closed","template":"template-full-width.php","meta":{"_bbp_topic_count":0,"_bbp_reply_count":0,"_bbp_total_topic_count":0,"_bbp_total_reply_count":0,"_bbp_voice_count":0,"_bbp_anonymous_reply_count":0,"_bbp_topic_count_hidden":0,"_bbp_reply_count_hidden":0,"_bbp_forum_subforum_count":0,"inline_featured_image":false,"spay_email":""},"translation":{"provider":"WPGlobus","version":"3.0.1","language":"de","enabled_languages":["en","de","sr"],"languages":{"en":{"title":true,"content":true,"excerpt":false},"de":{"title":true,"content":true,"excerpt":false},"sr":{"title":true,"content":true,"excerpt":false}}},"yoast_head":"<!-- This site is optimized with the Yoast SEO plugin v18.3 - https:\/\/yoast.com\/wordpress\/plugins\/seo\/ -->\n<title>Ehemalige Hatha Yoga Schule in K\u00f6ln - Sch\u00f6nheit der Ver\u00e4nderung<\/title>\n<meta name=\"description\" content=\"Ehemalige Hatha Yoga Schule in K\u00f6ln. Offene Briefe an Frau Barbara Frenz (Gesch\u00e4ftf\u00fchrerin der Hans-Martin-Schleyer Stiftung) und Herrn Stephan Rotthaus...\" \/>\n<meta name=\"robots\" content=\"index, follow, max-snippet:-1, max-image-preview:large, max-video-preview:-1\" \/>\n<link rel=\"canonical\" href=\"https:\/\/yogajagat.com\/sr\/bivsa-skola-hatha-joge-u-kelnu-nemacka\/\" \/>\n<meta name=\"twitter:label1\" content=\"Gesch\u00e4tzte Lesezeit\" \/>\n\t<meta name=\"twitter:data1\" content=\"39\u00a0Minuten\" \/>\n<script type=\"application\/ld+json\" class=\"yoast-schema-graph\">{\"@context\":\"https:\/\/schema.org\",\"@graph\":[{\"@type\":\"Organization\",\"@id\":\"https:\/\/yogajagat.com\/#organization\",\"name\":\"Yogajagat\",\"url\":\"https:\/\/yogajagat.com\/\",\"sameAs\":[],\"logo\":{\"@type\":\"ImageObject\",\"@id\":\"https:\/\/yogajagat.com\/#logo\",\"inLanguage\":\"de\",\"url\":\"https:\/\/i1.wp.com\/yogajagat.com\/wp-content\/uploads\/2019\/03\/DSC08478-Kopie-1.jpg?fit=798%2C800&ssl=1\",\"contentUrl\":\"https:\/\/i1.wp.com\/yogajagat.com\/wp-content\/uploads\/2019\/03\/DSC08478-Kopie-1.jpg?fit=798%2C800&ssl=1\",\"width\":798,\"height\":800,\"caption\":\"Yogajagat\"},\"image\":{\"@id\":\"https:\/\/yogajagat.com\/#logo\"}},{\"@type\":\"WebSite\",\"@id\":\"https:\/\/yogajagat.com\/#website\",\"url\":\"https:\/\/yogajagat.com\/\",\"name\":\"Sch\u00f6nheit der Ver\u00e4nderung\",\"description\":\"Mit st\u00e4ndiger Ver\u00e4nderung zum sch\u00f6nsten Lebenserfahrung\",\"publisher\":{\"@id\":\"https:\/\/yogajagat.com\/#organization\"},\"potentialAction\":[{\"@type\":\"SearchAction\",\"target\":{\"@type\":\"EntryPoint\",\"urlTemplate\":\"https:\/\/yogajagat.com\/?s={search_term_string}\"},\"query-input\":\"required name=search_term_string\"}],\"inLanguage\":\"de\"},{\"@type\":\"ImageObject\",\"@id\":\"https:\/\/yogajagat.com\/sr\/bivsa-skola-hatha-joge-u-kelnu-nemacka\/#primaryimage\",\"inLanguage\":\"de\",\"url\":\"http:\/\/yogajagat.com\/wp-content\/uploads\/2020\/01\/dsc01390-2.jpg\",\"contentUrl\":\"http:\/\/yogajagat.com\/wp-content\/uploads\/2020\/01\/dsc01390-2.jpg\"},{\"@type\":\"WebPage\",\"@id\":\"https:\/\/yogajagat.com\/sr\/bivsa-skola-hatha-joge-u-kelnu-nemacka\/#webpage\",\"url\":\"https:\/\/yogajagat.com\/sr\/bivsa-skola-hatha-joge-u-kelnu-nemacka\/\",\"name\":\"Ehemalige Hatha Yoga Schule in K\u00f6ln - Sch\u00f6nheit der Ver\u00e4nderung\",\"isPartOf\":{\"@id\":\"https:\/\/yogajagat.com\/#website\"},\"primaryImageOfPage\":{\"@id\":\"https:\/\/yogajagat.com\/sr\/bivsa-skola-hatha-joge-u-kelnu-nemacka\/#primaryimage\"},\"datePublished\":\"2020-01-21T22:51:06+00:00\",\"dateModified\":\"2020-06-09T19:16:26+00:00\",\"description\":\"Ehemalige Hatha Yoga Schule in K\u00f6ln. Offene Briefe an Frau Barbara Frenz (Gesch\u00e4ftf\u00fchrerin der Hans-Martin-Schleyer Stiftung) und Herrn Stephan Rotthaus...\",\"breadcrumb\":{\"@id\":\"https:\/\/yogajagat.com\/sr\/bivsa-skola-hatha-joge-u-kelnu-nemacka\/#breadcrumb\"},\"inLanguage\":\"de\",\"potentialAction\":[{\"@type\":\"ReadAction\",\"target\":[\"https:\/\/yogajagat.com\/sr\/bivsa-skola-hatha-joge-u-kelnu-nemacka\/\"]}]},{\"@type\":\"BreadcrumbList\",\"@id\":\"https:\/\/yogajagat.com\/sr\/bivsa-skola-hatha-joge-u-kelnu-nemacka\/#breadcrumb\",\"itemListElement\":[{\"@type\":\"ListItem\",\"position\":1,\"name\":\"Home\",\"item\":\"https:\/\/yogajagat.com\/sr\/\"},{\"@type\":\"ListItem\",\"position\":2,\"name\":\"Biv\u0161a \u0161kola Hatha Joge u Kelnu, Nema\u010dka\"}]}]}<\/script>\n<!-- \/ Yoast SEO plugin. -->","yoast_head_json":{"title":"Ehemalige Hatha Yoga Schule in K\u00f6ln - Sch\u00f6nheit der Ver\u00e4nderung","description":"Ehemalige Hatha Yoga Schule in K\u00f6ln. Offene Briefe an Frau Barbara Frenz (Gesch\u00e4ftf\u00fchrerin der Hans-Martin-Schleyer Stiftung) und Herrn Stephan Rotthaus...","robots":{"index":"index","follow":"follow","max-snippet":"max-snippet:-1","max-image-preview":"max-image-preview:large","max-video-preview":"max-video-preview:-1"},"canonical":"https:\/\/yogajagat.com\/sr\/bivsa-skola-hatha-joge-u-kelnu-nemacka\/","twitter_misc":{"Gesch\u00e4tzte Lesezeit":"39\u00a0Minuten"},"schema":{"@context":"https:\/\/schema.org","@graph":[{"@type":"Organization","@id":"https:\/\/yogajagat.com\/#organization","name":"Yogajagat","url":"https:\/\/yogajagat.com\/","sameAs":[],"logo":{"@type":"ImageObject","@id":"https:\/\/yogajagat.com\/#logo","inLanguage":"de","url":"https:\/\/i1.wp.com\/yogajagat.com\/wp-content\/uploads\/2019\/03\/DSC08478-Kopie-1.jpg?fit=798%2C800&ssl=1","contentUrl":"https:\/\/i1.wp.com\/yogajagat.com\/wp-content\/uploads\/2019\/03\/DSC08478-Kopie-1.jpg?fit=798%2C800&ssl=1","width":798,"height":800,"caption":"Yogajagat"},"image":{"@id":"https:\/\/yogajagat.com\/#logo"}},{"@type":"WebSite","@id":"https:\/\/yogajagat.com\/#website","url":"https:\/\/yogajagat.com\/","name":"Sch\u00f6nheit der Ver\u00e4nderung","description":"Mit st\u00e4ndiger Ver\u00e4nderung zum sch\u00f6nsten Lebenserfahrung","publisher":{"@id":"https:\/\/yogajagat.com\/#organization"},"potentialAction":[{"@type":"SearchAction","target":{"@type":"EntryPoint","urlTemplate":"https:\/\/yogajagat.com\/?s={search_term_string}"},"query-input":"required name=search_term_string"}],"inLanguage":"de"},{"@type":"ImageObject","@id":"https:\/\/yogajagat.com\/sr\/bivsa-skola-hatha-joge-u-kelnu-nemacka\/#primaryimage","inLanguage":"de","url":"http:\/\/yogajagat.com\/wp-content\/uploads\/2020\/01\/dsc01390-2.jpg","contentUrl":"http:\/\/yogajagat.com\/wp-content\/uploads\/2020\/01\/dsc01390-2.jpg"},{"@type":"WebPage","@id":"https:\/\/yogajagat.com\/sr\/bivsa-skola-hatha-joge-u-kelnu-nemacka\/#webpage","url":"https:\/\/yogajagat.com\/sr\/bivsa-skola-hatha-joge-u-kelnu-nemacka\/","name":"Ehemalige Hatha Yoga Schule in K\u00f6ln - Sch\u00f6nheit der Ver\u00e4nderung","isPartOf":{"@id":"https:\/\/yogajagat.com\/#website"},"primaryImageOfPage":{"@id":"https:\/\/yogajagat.com\/sr\/bivsa-skola-hatha-joge-u-kelnu-nemacka\/#primaryimage"},"datePublished":"2020-01-21T22:51:06+00:00","dateModified":"2020-06-09T19:16:26+00:00","description":"Ehemalige Hatha Yoga Schule in K\u00f6ln. Offene Briefe an Frau Barbara Frenz (Gesch\u00e4ftf\u00fchrerin der Hans-Martin-Schleyer Stiftung) und Herrn Stephan Rotthaus...","breadcrumb":{"@id":"https:\/\/yogajagat.com\/sr\/bivsa-skola-hatha-joge-u-kelnu-nemacka\/#breadcrumb"},"inLanguage":"de","potentialAction":[{"@type":"ReadAction","target":["https:\/\/yogajagat.com\/sr\/bivsa-skola-hatha-joge-u-kelnu-nemacka\/"]}]},{"@type":"BreadcrumbList","@id":"https:\/\/yogajagat.com\/sr\/bivsa-skola-hatha-joge-u-kelnu-nemacka\/#breadcrumb","itemListElement":[{"@type":"ListItem","position":1,"name":"Home","item":"https:\/\/yogajagat.com\/sr\/"},{"@type":"ListItem","position":2,"name":"Biv\u0161a \u0161kola Hatha Joge u Kelnu, Nema\u010dka"}]}]}},"_links":{"self":[{"href":"https:\/\/yogajagat.com\/de\/wp-json\/wp\/v2\/pages\/4825"}],"collection":[{"href":"https:\/\/yogajagat.com\/de\/wp-json\/wp\/v2\/pages"}],"about":[{"href":"https:\/\/yogajagat.com\/de\/wp-json\/wp\/v2\/types\/page"}],"author":[{"embeddable":true,"href":"https:\/\/yogajagat.com\/de\/wp-json\/wp\/v2\/users\/1"}],"replies":[{"embeddable":true,"href":"https:\/\/yogajagat.com\/de\/wp-json\/wp\/v2\/comments?post=4825"}],"version-history":[{"count":6,"href":"https:\/\/yogajagat.com\/de\/wp-json\/wp\/v2\/pages\/4825\/revisions"}],"predecessor-version":[{"id":5911,"href":"https:\/\/yogajagat.com\/de\/wp-json\/wp\/v2\/pages\/4825\/revisions\/5911"}],"wp:attachment":[{"href":"https:\/\/yogajagat.com\/de\/wp-json\/wp\/v2\/media?parent=4825"}],"curies":[{"name":"wp","href":"https:\/\/api.w.org\/{rel}","templated":true}]}}