{"id":4708,"date":"2020-01-21T20:16:17","date_gmt":"2020-01-21T19:16:17","guid":{"rendered":"http:\/\/yogajagat.com\/?page_id=4708"},"modified":"2021-02-11T15:12:01","modified_gmt":"2021-02-11T14:12:01","slug":"private-hatha-yoga-classes","status":"publish","type":"page","link":"https:\/\/yogajagat.com\/de\/private-yogastunden-privates-yoga-coaching\/","title":{"rendered":"PRIVATE YOGASTUNDEN, YOGA COACHING"},"content":{"rendered":"[vc_row][vc_column][vc_column_text]\n<h3><\/h3>\n<h3 style=\"text-align: center;\"><span style=\"color: #993300;\">PRIVATE YOGASTUNDEN<\/span><\/h3>\n<h4 style=\"text-align: center;\"><span style=\"color: #993300;\">Privates Yoga Coaching, Yoga Zuhause<\/span><\/h4>\n<hr \/>\n<p>&nbsp;<\/p>\n<p>Bitte kontaktiert mich nicht f\u00fcr private Yogastunden, privates Yoga Coaching, Yoga Zuhause etc.<\/p>\n<p>In Wahrheit, gibt es solche Dinge nicht.<\/p>\n<p>Private Yogastunden sind ein Wunder der neuen Zeit und einer reichen westlichen Gesellschaft. Solche Erfindungen sind ein Wunder, das schnell und einfach die Taschen f\u00fcllt, es ist aber kein ehrliches Wunder. Und es macht auch keinen Sinn.<\/p>\n<p>Jeder Mensch ist ein<span style=\"color: #993300;\">\u00a0<a style=\"color: #993300;\" href=\"https:\/\/yogajagat.com\/de\/every-human-being-is-a-true-treasure\/\">wahrer Schatz<\/a>.<\/span><\/p>\n<p>Knochen, Sehnen, Muskeln (das Herz ist auch ein Muskel), K\u00f6rpersysteme, Organe (das Gehirn ist auch ein Organ), das spirituelle Herz und so weiter, diejenigen, die unversch\u00e4mt astronomische Preise f\u00fcr sogenannte &#8222;private Yogastunden, &#8222;privates Yoga Coaching, &#8222;Yoga Zuhause&#8220; zahlen wollen, sind nicht anders als andere.<\/p>\n<p>Muskeldehnung in jeder Stunde ist Muskeldehnung, nicht mehr und nicht weniger.<\/p>\n<p>Auch<span style=\"color: #993300;\">\u00a0<a style=\"color: #993300;\" href=\"https:\/\/yogajagat.com\/de\/the-main-aim-of-hatha-yoga\/\">diese<\/a><\/span> Praxis ist nicht anders.<\/p>\n<p>Au\u00dferdem, <a href=\"https:\/\/yogajagat.com\/de\/yoga-spirit-truth-unification-unity\/\"><span style=\"color: #993300;\">Yoga<\/span><\/a> ist kein Privileg f\u00fcr reiche Menschen.<\/p>\n<p>Die Preise f\u00fcr Hatha Yogastunden sind f\u00fcr alle gleich.[\/vc_column_text][\/vc_column][\/vc_row][vc_row][vc_column][vc_custom_heading text=&#8220;Was tun mit gro\u00dfem Geld\u00fcberschuss?&#8220; font_container=&#8220;tag:h2|text_align:center|color:%231b9db7&#8243; google_fonts=&#8220;font_family:Ubuntu%3A300%2C300italic%2Cregular%2Citalic%2C500%2C500italic%2C700%2C700italic|font_style:300%20light%20italic%3A300%3Aitalic&#8220;][\/vc_column][\/vc_row][vc_row][vc_column][vc_column_text]\n<hr \/>\n<p>&nbsp;<\/p>\n<p>Wenn ihr eine harmonische und freundschaftliche Beziehung zu euch selbst und anderen sucht, dann solltet ihr euch\u00a0<em>im Inneren <\/em>\u00e4ndern.<br \/>\nIhr braucht neue Kraft von<em> innen<\/em>, neue Beziehungen von <em>innen<\/em>, neue Entscheidungen von <em>innen, <\/em>neue Zwischenr\u00e4ume von <em>innen, <\/em>neue Freir\u00e4ume\u00a0<em>von innen<\/em>\u00a0zu schaffen.<\/p>\n<p>Diese gesamte Buch-Website ist ein kostenloses &#8222;Coaching&#8220;. Auf dieser gesamten Website kann man viele Ideen finden, wie und wo man damit beginnen soll.<\/p>\n<p>&nbsp;<\/p>\n<p>Wenn ihr viel mehr Geld besitzt als andere, gebt ihr es an diejenigen weiter, die viel weniger Geld als ihr, oder an diejenigen, die \u00fcberhaupt kein Geld haben.<\/p>\n<p>&nbsp;<\/p>\n<p>Wenn ihr sehr hartn\u00e4ckige Muskeln habt, sucht bitte einen guten und erfahrenen Masseur, Physio- oder einen anderen Therapeuten. Yogastunden alleine, auch wenn sie &#8222;privat&#8220; sind, k\u00f6nnen euch ohne zus\u00e4tzliche manuelle Therapie nicht helfen.<\/p>\n<p>&nbsp;<\/p>\n<p>Wenn ihr euch verlieben wollt, geht einfach raus und verliebt euch.[\/vc_column_text][\/vc_column][\/vc_row][vc_row][vc_column][vc_custom_heading text=&#8220;Wieso Hatha Yoga in einer Gruppe praktizieren?&#8220; font_container=&#8220;tag:h2|text_align:center|color:%231d98b7&#8243; google_fonts=&#8220;font_family:Ubuntu%3A300%2C300italic%2Cregular%2Citalic%2C500%2C500italic%2C700%2C700italic|font_style:300%20light%20italic%3A300%3Aitalic&#8220;][\/vc_column][\/vc_row][vc_row][vc_column][vc_column_text]\n<hr \/>\n<p>&nbsp;<\/p>\n<p>Warum in einer Gruppe praktizieren?<\/p>\n<p>&nbsp;<\/p>\n<p>Die Praxis von Hatha Yoga mit anderen Menschen zusammen hat viele Vorteile.<\/p>\n<p>Diese Praxis ermutigt Menschen, inspiriert sie, sie schafft Authentizit\u00e4t, Vertrauen und Zuverl\u00e4ssigkeit, verst\u00e4rkt die Ausdauer. Eine solche Praxis entwickelt einen Sinn f\u00fcr gesunden Humor und vor allem sie kann\u00a0die Einsamkeit heilen, die mit keiner privaten Yogastunde oder Geld geheilt werden kann.<\/p>\n<p>Direkt <em>in der Gruppe<\/em> (um eine Ver\u00e4nderung zu kreieren man braucht <em>zwei Pole<\/em>) man kann neue Beziehungen <em>im Inneren<\/em>, neue Zwischenr\u00e4ume <em>im Inneren<\/em>, neue Freir\u00e4ume <em>im Inneren<\/em>\u00a0schaffen und\u00a0die richtige Entscheidungen <em>im Inneren<\/em>\u00a0treffen.<\/p>\n<p>&nbsp;<\/p>\n<p>Wenn ihr gerade verliebt seid, das Beste was man mit diesen wunderbaren Zustand machen kann, ist ihn mit anderen zu teilen.<\/p>\n<p>Dann kommt zur Stunde und verbreitet euer Gl\u00fcck.<\/p>\n[\/vc_column_text][\/vc_column][\/vc_row][vc_row][vc_column][vc_column_text]<img loading=\"lazy\" class=\"aligncenter size-full wp-image-4484\" src=\"https:\/\/i2.wp.com\/yogajagat.com\/wp-content\/uploads\/2020\/01\/DSC01842.jpg?resize=640%2C480\" alt=\"private yoga classes privatni casovi joge privatstunden\" width=\"640\" height=\"480\" srcset=\"https:\/\/i2.wp.com\/yogajagat.com\/wp-content\/uploads\/2020\/01\/DSC01842.jpg?w=640&amp;ssl=1 640w, https:\/\/i2.wp.com\/yogajagat.com\/wp-content\/uploads\/2020\/01\/DSC01842.jpg?resize=300%2C225&amp;ssl=1 300w\" sizes=\"(max-width: 640px) 100vw, 640px\" data-recalc-dims=\"1\" \/>[\/vc_column_text][\/vc_column][\/vc_row]\n","protected":false},"excerpt":{"rendered":"<p>[vc_row][vc_column][vc_column_text]<\/p>\n<p>PRIVATE YOGASTUNDEN<br \/>\nPrivates Yoga Coaching, Yoga Zuhause<\/p>\n<p>&nbsp;<br \/>\nBitte kontaktiert mich nicht f\u00fcr private Yogastunden, privates Yoga Coaching, Yoga Zuhause etc.<br \/>\nIn Wahrheit, gibt es solche Dinge nicht.<br \/>\nPrivate Yogastunden sind ein Wunder der neuen Zeit und einer reichen westlichen Gesellschaft. Solche Erfindungen sind ein Wunder, das schnell und einfach die Taschen f\u00fcllt, es ist aber kein ehrliches Wunder. Und es macht auch keinen Sinn.<br \/>\nJeder Mensch ist ein\u00a0wahrer Schatz.<br \/>\nKnochen, Sehnen, Muskeln (das Herz ist auch &#8230;<\/p>\n","protected":false},"author":1,"featured_media":0,"parent":0,"menu_order":0,"comment_status":"closed","ping_status":"closed","template":"template-full-width.php","meta":{"_bbp_topic_count":0,"_bbp_reply_count":0,"_bbp_total_topic_count":0,"_bbp_total_reply_count":0,"_bbp_voice_count":0,"_bbp_anonymous_reply_count":0,"_bbp_topic_count_hidden":0,"_bbp_reply_count_hidden":0,"_bbp_forum_subforum_count":0,"inline_featured_image":false,"spay_email":""},"translation":{"provider":"WPGlobus","version":"3.0.1","language":"de","enabled_languages":["en","de","sr"],"languages":{"en":{"title":true,"content":true,"excerpt":false},"de":{"title":true,"content":true,"excerpt":false},"sr":{"title":true,"content":true,"excerpt":false}}},"yoast_head":"<!-- This site is optimized with the Yoast SEO plugin v18.3 - https:\/\/yoast.com\/wordpress\/plugins\/seo\/ -->\n<title>PRIVATE YOGASTUNDEN, YOGA COACHING - Sch\u00f6nheit der Ver\u00e4nderung<\/title>\n<meta name=\"description\" content=\"Bitte kontaktiert mich nicht f\u00fcr private Yogastunden, privates Coaching, Yoga Zuhause... In Wahrheit, gibt es solche Dinge nicht,...\" \/>\n<meta name=\"robots\" content=\"index, follow, max-snippet:-1, max-image-preview:large, max-video-preview:-1\" \/>\n<link rel=\"canonical\" href=\"https:\/\/yogajagat.com\/private-hatha-yoga-classes\/\" \/>\n<meta name=\"twitter:label1\" content=\"Gesch\u00e4tzte Lesezeit\" \/>\n\t<meta name=\"twitter:data1\" content=\"3\u00a0Minuten\" \/>\n<script type=\"application\/ld+json\" class=\"yoast-schema-graph\">{\"@context\":\"https:\/\/schema.org\",\"@graph\":[{\"@type\":\"Organization\",\"@id\":\"https:\/\/yogajagat.com\/#organization\",\"name\":\"Yogajagat\",\"url\":\"https:\/\/yogajagat.com\/\",\"sameAs\":[],\"logo\":{\"@type\":\"ImageObject\",\"@id\":\"https:\/\/yogajagat.com\/#logo\",\"inLanguage\":\"de\",\"url\":\"https:\/\/i1.wp.com\/yogajagat.com\/wp-content\/uploads\/2019\/03\/DSC08478-Kopie-1.jpg?fit=798%2C800&ssl=1\",\"contentUrl\":\"https:\/\/i1.wp.com\/yogajagat.com\/wp-content\/uploads\/2019\/03\/DSC08478-Kopie-1.jpg?fit=798%2C800&ssl=1\",\"width\":798,\"height\":800,\"caption\":\"Yogajagat\"},\"image\":{\"@id\":\"https:\/\/yogajagat.com\/#logo\"}},{\"@type\":\"WebSite\",\"@id\":\"https:\/\/yogajagat.com\/#website\",\"url\":\"https:\/\/yogajagat.com\/\",\"name\":\"Sch\u00f6nheit der Ver\u00e4nderung\",\"description\":\"Mit st\u00e4ndiger Ver\u00e4nderung zum sch\u00f6nsten Lebenserfahrung\",\"publisher\":{\"@id\":\"https:\/\/yogajagat.com\/#organization\"},\"potentialAction\":[{\"@type\":\"SearchAction\",\"target\":{\"@type\":\"EntryPoint\",\"urlTemplate\":\"https:\/\/yogajagat.com\/?s={search_term_string}\"},\"query-input\":\"required name=search_term_string\"}],\"inLanguage\":\"de\"},{\"@type\":\"ImageObject\",\"@id\":\"https:\/\/yogajagat.com\/private-hatha-yoga-classes\/#primaryimage\",\"inLanguage\":\"de\",\"url\":\"http:\/\/yogajagat.com\/wp-content\/uploads\/2020\/01\/DSC01842.jpg\",\"contentUrl\":\"http:\/\/yogajagat.com\/wp-content\/uploads\/2020\/01\/DSC01842.jpg\"},{\"@type\":\"WebPage\",\"@id\":\"https:\/\/yogajagat.com\/private-hatha-yoga-classes\/#webpage\",\"url\":\"https:\/\/yogajagat.com\/private-hatha-yoga-classes\/\",\"name\":\"PRIVATE YOGASTUNDEN, YOGA COACHING - Sch\u00f6nheit der Ver\u00e4nderung\",\"isPartOf\":{\"@id\":\"https:\/\/yogajagat.com\/#website\"},\"primaryImageOfPage\":{\"@id\":\"https:\/\/yogajagat.com\/private-hatha-yoga-classes\/#primaryimage\"},\"datePublished\":\"2020-01-21T19:16:17+00:00\",\"dateModified\":\"2021-02-11T14:12:01+00:00\",\"description\":\"Bitte kontaktiert mich nicht f\u00fcr private Yogastunden, privates Coaching, Yoga Zuhause... In Wahrheit, gibt es solche Dinge nicht,...\",\"breadcrumb\":{\"@id\":\"https:\/\/yogajagat.com\/private-hatha-yoga-classes\/#breadcrumb\"},\"inLanguage\":\"de\",\"potentialAction\":[{\"@type\":\"ReadAction\",\"target\":[\"https:\/\/yogajagat.com\/private-hatha-yoga-classes\/\"]}]},{\"@type\":\"BreadcrumbList\",\"@id\":\"https:\/\/yogajagat.com\/private-hatha-yoga-classes\/#breadcrumb\",\"itemListElement\":[{\"@type\":\"ListItem\",\"position\":1,\"name\":\"Home\",\"item\":\"https:\/\/yogajagat.com\/sr\/\"},{\"@type\":\"ListItem\",\"position\":2,\"name\":\"PRIVATE HATHA YOGA CLASSES\"}]}]}<\/script>\n<!-- \/ Yoast SEO plugin. -->","yoast_head_json":{"title":"PRIVATE YOGASTUNDEN, YOGA COACHING - Sch\u00f6nheit der Ver\u00e4nderung","description":"Bitte kontaktiert mich nicht f\u00fcr private Yogastunden, privates Coaching, Yoga Zuhause... In Wahrheit, gibt es solche Dinge nicht,...","robots":{"index":"index","follow":"follow","max-snippet":"max-snippet:-1","max-image-preview":"max-image-preview:large","max-video-preview":"max-video-preview:-1"},"canonical":"https:\/\/yogajagat.com\/private-hatha-yoga-classes\/","twitter_misc":{"Gesch\u00e4tzte Lesezeit":"3\u00a0Minuten"},"schema":{"@context":"https:\/\/schema.org","@graph":[{"@type":"Organization","@id":"https:\/\/yogajagat.com\/#organization","name":"Yogajagat","url":"https:\/\/yogajagat.com\/","sameAs":[],"logo":{"@type":"ImageObject","@id":"https:\/\/yogajagat.com\/#logo","inLanguage":"de","url":"https:\/\/i1.wp.com\/yogajagat.com\/wp-content\/uploads\/2019\/03\/DSC08478-Kopie-1.jpg?fit=798%2C800&ssl=1","contentUrl":"https:\/\/i1.wp.com\/yogajagat.com\/wp-content\/uploads\/2019\/03\/DSC08478-Kopie-1.jpg?fit=798%2C800&ssl=1","width":798,"height":800,"caption":"Yogajagat"},"image":{"@id":"https:\/\/yogajagat.com\/#logo"}},{"@type":"WebSite","@id":"https:\/\/yogajagat.com\/#website","url":"https:\/\/yogajagat.com\/","name":"Sch\u00f6nheit der Ver\u00e4nderung","description":"Mit st\u00e4ndiger Ver\u00e4nderung zum sch\u00f6nsten Lebenserfahrung","publisher":{"@id":"https:\/\/yogajagat.com\/#organization"},"potentialAction":[{"@type":"SearchAction","target":{"@type":"EntryPoint","urlTemplate":"https:\/\/yogajagat.com\/?s={search_term_string}"},"query-input":"required name=search_term_string"}],"inLanguage":"de"},{"@type":"ImageObject","@id":"https:\/\/yogajagat.com\/private-hatha-yoga-classes\/#primaryimage","inLanguage":"de","url":"http:\/\/yogajagat.com\/wp-content\/uploads\/2020\/01\/DSC01842.jpg","contentUrl":"http:\/\/yogajagat.com\/wp-content\/uploads\/2020\/01\/DSC01842.jpg"},{"@type":"WebPage","@id":"https:\/\/yogajagat.com\/private-hatha-yoga-classes\/#webpage","url":"https:\/\/yogajagat.com\/private-hatha-yoga-classes\/","name":"PRIVATE YOGASTUNDEN, YOGA COACHING - Sch\u00f6nheit der Ver\u00e4nderung","isPartOf":{"@id":"https:\/\/yogajagat.com\/#website"},"primaryImageOfPage":{"@id":"https:\/\/yogajagat.com\/private-hatha-yoga-classes\/#primaryimage"},"datePublished":"2020-01-21T19:16:17+00:00","dateModified":"2021-02-11T14:12:01+00:00","description":"Bitte kontaktiert mich nicht f\u00fcr private Yogastunden, privates Coaching, Yoga Zuhause... In Wahrheit, gibt es solche Dinge nicht,...","breadcrumb":{"@id":"https:\/\/yogajagat.com\/private-hatha-yoga-classes\/#breadcrumb"},"inLanguage":"de","potentialAction":[{"@type":"ReadAction","target":["https:\/\/yogajagat.com\/private-hatha-yoga-classes\/"]}]},{"@type":"BreadcrumbList","@id":"https:\/\/yogajagat.com\/private-hatha-yoga-classes\/#breadcrumb","itemListElement":[{"@type":"ListItem","position":1,"name":"Home","item":"https:\/\/yogajagat.com\/sr\/"},{"@type":"ListItem","position":2,"name":"PRIVATE HATHA YOGA CLASSES"}]}]}},"_links":{"self":[{"href":"https:\/\/yogajagat.com\/de\/wp-json\/wp\/v2\/pages\/4708"}],"collection":[{"href":"https:\/\/yogajagat.com\/de\/wp-json\/wp\/v2\/pages"}],"about":[{"href":"https:\/\/yogajagat.com\/de\/wp-json\/wp\/v2\/types\/page"}],"author":[{"embeddable":true,"href":"https:\/\/yogajagat.com\/de\/wp-json\/wp\/v2\/users\/1"}],"replies":[{"embeddable":true,"href":"https:\/\/yogajagat.com\/de\/wp-json\/wp\/v2\/comments?post=4708"}],"version-history":[{"count":34,"href":"https:\/\/yogajagat.com\/de\/wp-json\/wp\/v2\/pages\/4708\/revisions"}],"predecessor-version":[{"id":6012,"href":"https:\/\/yogajagat.com\/de\/wp-json\/wp\/v2\/pages\/4708\/revisions\/6012"}],"wp:attachment":[{"href":"https:\/\/yogajagat.com\/de\/wp-json\/wp\/v2\/media?parent=4708"}],"curies":[{"name":"wp","href":"https:\/\/api.w.org\/{rel}","templated":true}]}}