{"id":4673,"date":"2020-01-19T21:47:09","date_gmt":"2020-01-19T20:47:09","guid":{"rendered":"http:\/\/yogajagat.com\/?page_id=4673"},"modified":"2020-01-19T21:58:09","modified_gmt":"2020-01-19T20:58:09","slug":"other-side-of-a-coin-other-opportunities","status":"publish","type":"page","link":"https:\/\/yogajagat.com\/de\/andere-seite-der-medaille-weitere-gelegenheiten\/","title":{"rendered":"Andere Seite der Medaille, weitere Gelegenheiten"},"content":{"rendered":"[vc_row][vc_column][vc_column_text]\n<h3 style=\"text-align: center;\"><span style=\"color: #008080;\">WELCHE GELEGENHEITEN BIETET<\/span><\/h3>\n<p>&nbsp;<\/p>\n<h3 style=\"text-align: center;\">\u00a0<span style=\"color: #993300;\">Die andere Seite der Medaille<\/span><\/h3>\n<p>&nbsp;<\/p>\n<p>Der materielle F\u00fclle tr\u00e4gt eine gro\u00dfe Herausforderung und eine noch gr\u00f6\u00dferen Fluch f\u00fcr die Menschen. Dieser Fluch, die andere Seite der Medaille, verstellt das menschliche Empfinden f\u00fcr G\u00fcte, das h\u00f6chste menschliche Merkmal, und damit die Gedanken und Handlungen des Menschen vollst\u00e4ndig.<\/p>\n<p>&nbsp;<\/p>\n<p>Je mehr das Materielle in das Leben der Menschen gelangt, desto mehr Herzen schrumpfen, wie Kleider nach einer W\u00e4sche.<\/p>\n<p>Viele H\u00e4nde ziehen sich, wie nach dem Waschen, zusammen und formen eine geballte Faust, die vor dem Herzen hervor ragt.<\/p>\n<p>&nbsp;<\/p>\n<p>Zum Gl\u00fcck hatte ich, und habe ich immer noch, die Gelegenheit mit wundervollen Leuten in meinem Unterricht zu atmen. Jedoch als jemand der Ver\u00e4nderung und Liebe verbreitet, sollte ich auch einige andere Erfahrungen erw\u00e4hnen.<\/p>\n<p>Zum Gl\u00fcck nicht so h\u00e4ufig, dennoch interessante Gedanken und Handlungen wie &#8222;<em>Ich gebe dir 5 \u20ac mehr und du unterrichtest mich eine halbe Stunde l\u00e4nger&#8220;<\/em>\u00a0geh\u00f6ren auch zu meiner langj\u00e4hrigen Erfahrung im Yoga Lehren (in Deutschland).<\/p>\n<p>&nbsp;<\/p>\n<p><span style=\"color: #993300;\">Das Leben besteht aus Treffen und Begegnung.<\/span><\/p>\n<p><span style=\"color: #993300;\">Und diese sind unsere Lebensl\u00e4ufe.<\/span><\/p>\n<p>&nbsp;<\/p>\n<h3 style=\"text-align: center;\"><span style=\"color: #993300;\">Herzliche Empfehlungen (Angebote) von Herzen<\/span><\/h3>\n<p>&nbsp;<\/p>\n<p>Um rechtzeitig die Ausbreitung der wenig sch\u00f6nen Vibrationen zu verhindern, an alle, die den Drang haben mir m\u00fcndlich oder schriftlich einen Vorschlag \u00fcber die Kosten meines Unterrichts anzubieten oder mir so viel Geld zu geben (manchmal auch, traurigerweise vor mir werfen) wie sie es f\u00fcr richtig halten, an diejenigen, die mein reines Mitgef\u00fchl f\u00fcr nicht-genug-Geld-f\u00fcr-di-Stunden-haben auf etwa andere Weise als diese, die man als moralisch bezeichnet, verstanden haben, an dieser Stelle gebe ich von Herzen ein paar Empfehlungen (Gelegenheiten), um ihr inneres Leben wieder zu beleben und zu harmonisieren.<\/p>\n<p>&nbsp;<\/p>\n<p>Schlaft mehr, liebe Leute, denn es ist der Tiefschlaf, in dem das Ego zerf\u00e4llt.<\/p>\n<p>Nebenbei, ber\u00fccksichtigt auch die Hygiene eurer Psyche.<\/p>\n<p>&nbsp;<\/p>\n<p>Nichts ist unm\u00f6glich.<\/p>\n<p>Ich unterst\u00fctze euch dabei, Ver\u00e4nderung und Liebe zu verbreiten.<\/p>\n<p>&nbsp;<\/p>\n<p>Auf den Seiten dieses Buches findet ihr sehr viele Tipps, von konstruktives Denken, das die Fesseln des Leidens lindert, bis zur Bedeutung der Atemkontrolle (also Emotionen, Gedanken, W\u00fcnsche).<\/p>\n<p>Denkt daran, was ihr in unseren Kursen gelernt habt, und \u00fcbt es selbst immer wieder.<\/p>\n<p>Selbst die einfachste <a href=\"https:\/\/yogajagat.com\/de\/yoga-postures-practice-of-asana-body-postures\/\"><span style=\"color: #993300;\">Yoga Haltungen<\/span><\/a> kann das Ego Schritt f\u00fcr Schritt z\u00e4hmen.<\/p>\n<p>&nbsp;<\/p>\n<p>Au\u00dferdem w\u00fcnsche ich den Welt-Reisenden von Herzen viel Erfolg auf ihren Reisen. M\u00f6gen alle Kontinente euch in euren Biografien viel Sch\u00f6nheit bringen.<\/p>\n<p>Denkt daran, liebe Leute, dass die andere Seite der Medaille wirklich eine andere Seite hat.[\/vc_column_text][\/vc_column][\/vc_row][vc_row][vc_column][vc_column_text]<img loading=\"lazy\" class=\"aligncenter wp-image-4486 size-full\" src=\"https:\/\/i0.wp.com\/yogajagat.com\/wp-content\/uploads\/2020\/01\/DSC09551.jpg?resize=640%2C480\" alt=\"the other side of a coin druga strana medalje andere seite der medaille\" width=\"640\" height=\"480\" srcset=\"https:\/\/i0.wp.com\/yogajagat.com\/wp-content\/uploads\/2020\/01\/DSC09551.jpg?w=640&amp;ssl=1 640w, https:\/\/i0.wp.com\/yogajagat.com\/wp-content\/uploads\/2020\/01\/DSC09551.jpg?resize=300%2C225&amp;ssl=1 300w\" sizes=\"(max-width: 640px) 100vw, 640px\" data-recalc-dims=\"1\" \/>[\/vc_column_text][\/vc_column][\/vc_row]\n","protected":false},"excerpt":{"rendered":"<p>[vc_row][vc_column][vc_column_text]<br \/>\nWELCHE GELEGENHEITEN BIETET<br \/>\n&nbsp;<br \/>\n\u00a0Die andere Seite der Medaille<br \/>\n&nbsp;<br \/>\nDer materielle F\u00fclle tr\u00e4gt eine gro\u00dfe Herausforderung und eine noch gr\u00f6\u00dferen Fluch f\u00fcr die Menschen. Dieser Fluch, die andere Seite der Medaille, verstellt das menschliche Empfinden f\u00fcr G\u00fcte, das h\u00f6chste menschliche Merkmal, und damit die Gedanken und Handlungen des Menschen vollst\u00e4ndig.<br \/>\n&nbsp;<br \/>\nJe mehr das Materielle in das Leben der Menschen gelangt, desto mehr Herzen schrumpfen, wie Kleider nach einer W\u00e4sche.<br \/>\nViele H\u00e4nde ziehen sich, wie nach dem Waschen, &#8230;<\/p>\n","protected":false},"author":1,"featured_media":0,"parent":0,"menu_order":0,"comment_status":"closed","ping_status":"closed","template":"template-full-width.php","meta":{"_bbp_topic_count":0,"_bbp_reply_count":0,"_bbp_total_topic_count":0,"_bbp_total_reply_count":0,"_bbp_voice_count":0,"_bbp_anonymous_reply_count":0,"_bbp_topic_count_hidden":0,"_bbp_reply_count_hidden":0,"_bbp_forum_subforum_count":0,"inline_featured_image":false,"spay_email":""},"translation":{"provider":"WPGlobus","version":"3.0.1","language":"de","enabled_languages":["en","de","sr"],"languages":{"en":{"title":true,"content":true,"excerpt":false},"de":{"title":true,"content":true,"excerpt":false},"sr":{"title":true,"content":true,"excerpt":false}}},"yoast_head":"<!-- This site is optimized with the Yoast SEO plugin v18.3 - https:\/\/yoast.com\/wordpress\/plugins\/seo\/ -->\n<title>Andere Seite der Medaille, weitere Gelegenheiten - Sch\u00f6nheit der Ver\u00e4nderung<\/title>\n<meta name=\"description\" content=\"Der materielle F\u00fclle tr\u00e4gt eine gro\u00dfe Herausforderung und einen noch gr\u00f6\u00dferen Fluch f\u00fcr die Menschen. Dieser Fluch, die andere Seite der Medaille ist...\" \/>\n<meta name=\"robots\" content=\"index, follow, max-snippet:-1, max-image-preview:large, max-video-preview:-1\" \/>\n<link rel=\"canonical\" href=\"https:\/\/yogajagat.com\/other-side-of-a-coin-other-opportunities\/\" \/>\n<meta name=\"twitter:label1\" content=\"Gesch\u00e4tzte Lesezeit\" \/>\n\t<meta name=\"twitter:data1\" content=\"7\u00a0Minuten\" \/>\n<script type=\"application\/ld+json\" class=\"yoast-schema-graph\">{\"@context\":\"https:\/\/schema.org\",\"@graph\":[{\"@type\":\"Organization\",\"@id\":\"https:\/\/yogajagat.com\/#organization\",\"name\":\"Yogajagat\",\"url\":\"https:\/\/yogajagat.com\/\",\"sameAs\":[],\"logo\":{\"@type\":\"ImageObject\",\"@id\":\"https:\/\/yogajagat.com\/#logo\",\"inLanguage\":\"de\",\"url\":\"https:\/\/i1.wp.com\/yogajagat.com\/wp-content\/uploads\/2019\/03\/DSC08478-Kopie-1.jpg?fit=798%2C800&ssl=1\",\"contentUrl\":\"https:\/\/i1.wp.com\/yogajagat.com\/wp-content\/uploads\/2019\/03\/DSC08478-Kopie-1.jpg?fit=798%2C800&ssl=1\",\"width\":798,\"height\":800,\"caption\":\"Yogajagat\"},\"image\":{\"@id\":\"https:\/\/yogajagat.com\/#logo\"}},{\"@type\":\"WebSite\",\"@id\":\"https:\/\/yogajagat.com\/#website\",\"url\":\"https:\/\/yogajagat.com\/\",\"name\":\"Sch\u00f6nheit der Ver\u00e4nderung\",\"description\":\"Mit st\u00e4ndiger Ver\u00e4nderung zum sch\u00f6nsten Lebenserfahrung\",\"publisher\":{\"@id\":\"https:\/\/yogajagat.com\/#organization\"},\"potentialAction\":[{\"@type\":\"SearchAction\",\"target\":{\"@type\":\"EntryPoint\",\"urlTemplate\":\"https:\/\/yogajagat.com\/?s={search_term_string}\"},\"query-input\":\"required name=search_term_string\"}],\"inLanguage\":\"de\"},{\"@type\":\"ImageObject\",\"@id\":\"https:\/\/yogajagat.com\/other-side-of-a-coin-other-opportunities\/#primaryimage\",\"inLanguage\":\"de\",\"url\":\"http:\/\/yogajagat.com\/wp-content\/uploads\/2020\/01\/DSC09551.jpg\",\"contentUrl\":\"http:\/\/yogajagat.com\/wp-content\/uploads\/2020\/01\/DSC09551.jpg\"},{\"@type\":\"WebPage\",\"@id\":\"https:\/\/yogajagat.com\/other-side-of-a-coin-other-opportunities\/#webpage\",\"url\":\"https:\/\/yogajagat.com\/other-side-of-a-coin-other-opportunities\/\",\"name\":\"Andere Seite der Medaille, weitere Gelegenheiten - Sch\u00f6nheit der Ver\u00e4nderung\",\"isPartOf\":{\"@id\":\"https:\/\/yogajagat.com\/#website\"},\"primaryImageOfPage\":{\"@id\":\"https:\/\/yogajagat.com\/other-side-of-a-coin-other-opportunities\/#primaryimage\"},\"datePublished\":\"2020-01-19T20:47:09+00:00\",\"dateModified\":\"2020-01-19T20:58:09+00:00\",\"description\":\"Der materielle F\u00fclle tr\u00e4gt eine gro\u00dfe Herausforderung und einen noch gr\u00f6\u00dferen Fluch f\u00fcr die Menschen. Dieser Fluch, die andere Seite der Medaille ist...\",\"breadcrumb\":{\"@id\":\"https:\/\/yogajagat.com\/other-side-of-a-coin-other-opportunities\/#breadcrumb\"},\"inLanguage\":\"de\",\"potentialAction\":[{\"@type\":\"ReadAction\",\"target\":[\"https:\/\/yogajagat.com\/other-side-of-a-coin-other-opportunities\/\"]}]},{\"@type\":\"BreadcrumbList\",\"@id\":\"https:\/\/yogajagat.com\/other-side-of-a-coin-other-opportunities\/#breadcrumb\",\"itemListElement\":[{\"@type\":\"ListItem\",\"position\":1,\"name\":\"Home\",\"item\":\"https:\/\/yogajagat.com\/sr\/\"},{\"@type\":\"ListItem\",\"position\":2,\"name\":\"Other Side of a Coin, Other Opportunities\"}]}]}<\/script>\n<!-- \/ Yoast SEO plugin. -->","yoast_head_json":{"title":"Andere Seite der Medaille, weitere Gelegenheiten - Sch\u00f6nheit der Ver\u00e4nderung","description":"Der materielle F\u00fclle tr\u00e4gt eine gro\u00dfe Herausforderung und einen noch gr\u00f6\u00dferen Fluch f\u00fcr die Menschen. Dieser Fluch, die andere Seite der Medaille ist...","robots":{"index":"index","follow":"follow","max-snippet":"max-snippet:-1","max-image-preview":"max-image-preview:large","max-video-preview":"max-video-preview:-1"},"canonical":"https:\/\/yogajagat.com\/other-side-of-a-coin-other-opportunities\/","twitter_misc":{"Gesch\u00e4tzte Lesezeit":"7\u00a0Minuten"},"schema":{"@context":"https:\/\/schema.org","@graph":[{"@type":"Organization","@id":"https:\/\/yogajagat.com\/#organization","name":"Yogajagat","url":"https:\/\/yogajagat.com\/","sameAs":[],"logo":{"@type":"ImageObject","@id":"https:\/\/yogajagat.com\/#logo","inLanguage":"de","url":"https:\/\/i1.wp.com\/yogajagat.com\/wp-content\/uploads\/2019\/03\/DSC08478-Kopie-1.jpg?fit=798%2C800&ssl=1","contentUrl":"https:\/\/i1.wp.com\/yogajagat.com\/wp-content\/uploads\/2019\/03\/DSC08478-Kopie-1.jpg?fit=798%2C800&ssl=1","width":798,"height":800,"caption":"Yogajagat"},"image":{"@id":"https:\/\/yogajagat.com\/#logo"}},{"@type":"WebSite","@id":"https:\/\/yogajagat.com\/#website","url":"https:\/\/yogajagat.com\/","name":"Sch\u00f6nheit der Ver\u00e4nderung","description":"Mit st\u00e4ndiger Ver\u00e4nderung zum sch\u00f6nsten Lebenserfahrung","publisher":{"@id":"https:\/\/yogajagat.com\/#organization"},"potentialAction":[{"@type":"SearchAction","target":{"@type":"EntryPoint","urlTemplate":"https:\/\/yogajagat.com\/?s={search_term_string}"},"query-input":"required name=search_term_string"}],"inLanguage":"de"},{"@type":"ImageObject","@id":"https:\/\/yogajagat.com\/other-side-of-a-coin-other-opportunities\/#primaryimage","inLanguage":"de","url":"http:\/\/yogajagat.com\/wp-content\/uploads\/2020\/01\/DSC09551.jpg","contentUrl":"http:\/\/yogajagat.com\/wp-content\/uploads\/2020\/01\/DSC09551.jpg"},{"@type":"WebPage","@id":"https:\/\/yogajagat.com\/other-side-of-a-coin-other-opportunities\/#webpage","url":"https:\/\/yogajagat.com\/other-side-of-a-coin-other-opportunities\/","name":"Andere Seite der Medaille, weitere Gelegenheiten - Sch\u00f6nheit der Ver\u00e4nderung","isPartOf":{"@id":"https:\/\/yogajagat.com\/#website"},"primaryImageOfPage":{"@id":"https:\/\/yogajagat.com\/other-side-of-a-coin-other-opportunities\/#primaryimage"},"datePublished":"2020-01-19T20:47:09+00:00","dateModified":"2020-01-19T20:58:09+00:00","description":"Der materielle F\u00fclle tr\u00e4gt eine gro\u00dfe Herausforderung und einen noch gr\u00f6\u00dferen Fluch f\u00fcr die Menschen. Dieser Fluch, die andere Seite der Medaille ist...","breadcrumb":{"@id":"https:\/\/yogajagat.com\/other-side-of-a-coin-other-opportunities\/#breadcrumb"},"inLanguage":"de","potentialAction":[{"@type":"ReadAction","target":["https:\/\/yogajagat.com\/other-side-of-a-coin-other-opportunities\/"]}]},{"@type":"BreadcrumbList","@id":"https:\/\/yogajagat.com\/other-side-of-a-coin-other-opportunities\/#breadcrumb","itemListElement":[{"@type":"ListItem","position":1,"name":"Home","item":"https:\/\/yogajagat.com\/sr\/"},{"@type":"ListItem","position":2,"name":"Other Side of a Coin, Other Opportunities"}]}]}},"_links":{"self":[{"href":"https:\/\/yogajagat.com\/de\/wp-json\/wp\/v2\/pages\/4673"}],"collection":[{"href":"https:\/\/yogajagat.com\/de\/wp-json\/wp\/v2\/pages"}],"about":[{"href":"https:\/\/yogajagat.com\/de\/wp-json\/wp\/v2\/types\/page"}],"author":[{"embeddable":true,"href":"https:\/\/yogajagat.com\/de\/wp-json\/wp\/v2\/users\/1"}],"replies":[{"embeddable":true,"href":"https:\/\/yogajagat.com\/de\/wp-json\/wp\/v2\/comments?post=4673"}],"version-history":[{"count":18,"href":"https:\/\/yogajagat.com\/de\/wp-json\/wp\/v2\/pages\/4673\/revisions"}],"predecessor-version":[{"id":4704,"href":"https:\/\/yogajagat.com\/de\/wp-json\/wp\/v2\/pages\/4673\/revisions\/4704"}],"wp:attachment":[{"href":"https:\/\/yogajagat.com\/de\/wp-json\/wp\/v2\/media?parent=4673"}],"curies":[{"name":"wp","href":"https:\/\/api.w.org\/{rel}","templated":true}]}}