{"id":4659,"date":"2020-01-19T21:46:50","date_gmt":"2020-01-19T20:46:50","guid":{"rendered":"http:\/\/yogajagat.com\/?page_id=4659"},"modified":"2020-02-28T20:40:17","modified_gmt":"2020-02-28T19:40:17","slug":"free-hatha-yoga-classes-warmest-invitation","status":"publish","type":"page","link":"https:\/\/yogajagat.com\/de\/kostenlose-hatha-yogastunden\/","title":{"rendered":"Kostenlose Yogastunden Hatha Yoga"},"content":{"rendered":"[vc_row][vc_column][vc_column_text]\n<h3 style=\"text-align: center;\"><span style=\"color: #008080;\">KOSTENLOSE YOGASTUNDEN<\/span><\/h3>\n<hr \/>\n<p>&nbsp;<\/p>\n<p><span style=\"color: #993300;\">Wieso kostenlose Hatha Yogastunden?<\/span><br \/>\nDie Erfahrung in einem Land mit einer vielf\u00e4ltigen Geschichte und einer der gr\u00f6\u00dften Inflationsraten der Welt zu leben, Yoga in Deutschland zu unterrichten, die Erfahrung eines gro\u00dfen Mangels an Mitteln f\u00fcr die grundlegendsten Lebensbed\u00fcrfnisse sowie meine pers\u00f6nliche Lebenserfahrung im Allgemeinen, haben mich zu einer Vielzahl von Lebenssituationen und an den unterschiedlichsten Orten gef\u00fchrt.<\/p>\n<p>&nbsp;<\/p>\n<h3 style=\"text-align: center;\"><span style=\"color: #993300;\">Herzlichste Einladung zu kostenlosen Hatha Yoga Stunden<\/span><\/h3>\n<p>&nbsp;<\/p>\n<p>Alle von euch, liebe Interessierte, die bereit sind, die gro\u00dfen Potentiale in euch zu entdecken und euren inneren Frieden und euer Wohlbefinden auf allen Ebenen eures wundervollen Daseins wiederherzustellen, lade ich von ganzem Herzen zu kostenlosen Hatha Yoga Stunden ein.<\/p>\n<p>&nbsp;<\/p>\n<p>Alles was ihr tun solltet, ist mich kurz zu informieren.<\/p>\n<p>Wenn ihr es leichter f\u00e4llt, k\u00f6nnt ihr auch ein offizielles Dokument mitbringen, aus dem hervorgeht, dass ihr nicht \u00fcber ausreichende Unterhaltsmittel verf\u00fcgen.<\/p>\n<p>Und alles andere wird von den unvermeidlichen Gesetzen und Kreisen der<a href=\"https:\/\/yogajagat.com\/de\/karma-yoga-ashrams-philanthropy\/\"><span style=\"color: #993300;\"> G\u00fcte und Aufrichtigkeit<\/span> <\/a>geregelt.[\/vc_column_text][\/vc_column][\/vc_row][vc_row][vc_column][vc_column_text]<img loading=\"lazy\" class=\"aligncenter size-full wp-image-4495\" src=\"https:\/\/i2.wp.com\/yogajagat.com\/wp-content\/uploads\/2020\/01\/DSC02216.jpg?resize=640%2C538\" alt=\"besplatni \u010dasovi hatha joge free hatha yoga classes\" width=\"640\" height=\"538\" srcset=\"https:\/\/i2.wp.com\/yogajagat.com\/wp-content\/uploads\/2020\/01\/DSC02216.jpg?w=640&amp;ssl=1 640w, https:\/\/i2.wp.com\/yogajagat.com\/wp-content\/uploads\/2020\/01\/DSC02216.jpg?resize=300%2C252&amp;ssl=1 300w\" sizes=\"(max-width: 640px) 100vw, 640px\" data-recalc-dims=\"1\" \/><\/p>\n<p>&nbsp;<\/p>\n[\/vc_column_text][\/vc_column][\/vc_row][vc_row][vc_column][vc_custom_heading text=&#8220;Kurz \u00fcber die andere Seite der Medaille&#8220; font_container=&#8220;tag:h2|text_align:center|color:%231ea2bc&#8220; google_fonts=&#8220;font_family:Ubuntu%3A300%2C300italic%2Cregular%2Citalic%2C500%2C500italic%2C700%2C700italic|font_style:300%20light%20italic%3A300%3Aitalic&#8220;][\/vc_column][\/vc_row][vc_row][vc_column][vc_column_text]\n<hr \/>\n<p>&nbsp;<\/p>\n<p>Kostenlose Hatha Yoga Stunden sind meiner Erfahrung nicht fremd.<\/p>\n<p>Bisher habe ich eine gro\u00dfe Anzahl von Hatha Yoga Stunden in Deutschland abgehalten entweder ganz kostenlos oder zu einem symbolischen Preis, an Orten, die von vielen als \u201eunter meinem Wissens- und Erfahrungsniveau\u201c eingestuft wurden.<\/p>\n<p>Das ist nicht so. Ganz im Gegenteil.<\/p>\n<p>Die M\u00f6glichkeit an diesen &#8222;etwas anderen&#8220; Orten zu unterrichten hat mein Herz gest\u00e4rkt.<\/p>\n<p>&nbsp;<\/p>\n<p>Um an einige dieser Orte anzukommen musste ich oftmals sogar schwarz fahren, weil ich kein Geld hatte um ein Ticket zu bezahlen.<br \/>\nEin solches Risiko war eine weitere Gelegenheit f\u00fcr mich, mich zu verj\u00fcngen.<br \/>\nRisiko ist ein Merkmal eines jungen nicht eines alten Geistes.<\/p>\n<p>&nbsp;<\/p>\n<p>Das Unterrichten von Yoga beinhaltet sicherlich den Kontakt mit Menschen aller unterschiedlichsten Pers\u00f6nlichkeiten und Schicksale.<\/p>\n<p>Das Leben besteht aus Treffen und Begegnungen.<\/p>\n<p>Und diese sind unsere Biografien.<\/p>\n<p>&nbsp;<\/p>\n<p>Neben hunderten von sch\u00f6nen Begegnungen w\u00e4hrend meines langj\u00e4hrigen Hatha Yoga Unterrichts (in Deutschland) sind mir auch einige etwas unterschiedliche Begegnungen (in Deutschland) bekannt.<\/p>\n<p>Vielleicht ist es nicht zu erwarten aber ich habe ein paar kurze Zeilen \u00fcber diese etwas andere Erfahrung auf Papier gebracht.<\/p>\n<p>Diese Zeilen sind im Namen des Gleichgewichts und der Entwicklung der menschlichen Seele, im Namen von Ver\u00e4nderung und Liebe, geschrieben.<\/p>\n<p>Man kann sie auf<a href=\"https:\/\/yogajagat.com\/de\/andere-seite-der-medaille-weitere-gelegenheiten\/\"><span style=\"color: #993300;\"> dieser<\/span><\/a> Seite lesen.[\/vc_column_text][\/vc_column][\/vc_row]\n","protected":false},"excerpt":{"rendered":"<p>[vc_row][vc_column][vc_column_text]<br \/>\nKOSTENLOSE YOGASTUNDEN<\/p>\n<p>&nbsp;<br \/>\nWieso kostenlose Hatha Yogastunden?<br \/>\nDie Erfahrung in einem Land mit einer vielf\u00e4ltigen Geschichte und einer der gr\u00f6\u00dften Inflationsraten der Welt zu leben, Yoga in Deutschland zu unterrichten, die Erfahrung eines gro\u00dfen Mangels an Mitteln f\u00fcr die grundlegendsten Lebensbed\u00fcrfnisse sowie meine pers\u00f6nliche Lebenserfahrung im Allgemeinen, haben mich zu einer Vielzahl von Lebenssituationen und an den unterschiedlichsten Orten gef\u00fchrt.<br \/>\n&nbsp;<br \/>\nHerzlichste Einladung zu kostenlosen Hatha Yoga Stunden<br \/>\n&nbsp;<br \/>\nAlle von euch, liebe Interessierte, die bereit sind, die &#8230;<\/p>\n","protected":false},"author":1,"featured_media":0,"parent":0,"menu_order":0,"comment_status":"closed","ping_status":"closed","template":"template-full-width.php","meta":{"_bbp_topic_count":0,"_bbp_reply_count":0,"_bbp_total_topic_count":0,"_bbp_total_reply_count":0,"_bbp_voice_count":0,"_bbp_anonymous_reply_count":0,"_bbp_topic_count_hidden":0,"_bbp_reply_count_hidden":0,"_bbp_forum_subforum_count":0,"inline_featured_image":false,"spay_email":""},"translation":{"provider":"WPGlobus","version":"3.0.1","language":"de","enabled_languages":["en","de","sr"],"languages":{"en":{"title":true,"content":true,"excerpt":false},"de":{"title":true,"content":true,"excerpt":false},"sr":{"title":true,"content":true,"excerpt":false}}},"yoast_head":"<!-- This site is optimized with the Yoast SEO plugin v18.3 - https:\/\/yoast.com\/wordpress\/plugins\/seo\/ -->\n<title>Kostenlose Yogastunden Hatha Yoga - Sch\u00f6nheit der Ver\u00e4nderung<\/title>\n<meta name=\"description\" content=\"Kostenlose Hatha Yogastunden... alle von euch, liebe Interessierte, die bereit sind... lade ich von ganzem Herzen zu kostenlosen Hatha Yoga Stunden ein...\" \/>\n<meta name=\"robots\" content=\"index, follow, max-snippet:-1, max-image-preview:large, max-video-preview:-1\" \/>\n<link rel=\"canonical\" href=\"https:\/\/yogajagat.com\/free-hatha-yoga-classes-warmest-invitation\/\" \/>\n<meta name=\"twitter:label1\" content=\"Gesch\u00e4tzte Lesezeit\" \/>\n\t<meta name=\"twitter:data1\" content=\"8\u00a0Minuten\" \/>\n<script type=\"application\/ld+json\" class=\"yoast-schema-graph\">{\"@context\":\"https:\/\/schema.org\",\"@graph\":[{\"@type\":\"Organization\",\"@id\":\"https:\/\/yogajagat.com\/#organization\",\"name\":\"Yogajagat\",\"url\":\"https:\/\/yogajagat.com\/\",\"sameAs\":[],\"logo\":{\"@type\":\"ImageObject\",\"@id\":\"https:\/\/yogajagat.com\/#logo\",\"inLanguage\":\"de\",\"url\":\"https:\/\/i1.wp.com\/yogajagat.com\/wp-content\/uploads\/2019\/03\/DSC08478-Kopie-1.jpg?fit=798%2C800&ssl=1\",\"contentUrl\":\"https:\/\/i1.wp.com\/yogajagat.com\/wp-content\/uploads\/2019\/03\/DSC08478-Kopie-1.jpg?fit=798%2C800&ssl=1\",\"width\":798,\"height\":800,\"caption\":\"Yogajagat\"},\"image\":{\"@id\":\"https:\/\/yogajagat.com\/#logo\"}},{\"@type\":\"WebSite\",\"@id\":\"https:\/\/yogajagat.com\/#website\",\"url\":\"https:\/\/yogajagat.com\/\",\"name\":\"Sch\u00f6nheit der Ver\u00e4nderung\",\"description\":\"Mit st\u00e4ndiger Ver\u00e4nderung zum sch\u00f6nsten Lebenserfahrung\",\"publisher\":{\"@id\":\"https:\/\/yogajagat.com\/#organization\"},\"potentialAction\":[{\"@type\":\"SearchAction\",\"target\":{\"@type\":\"EntryPoint\",\"urlTemplate\":\"https:\/\/yogajagat.com\/?s={search_term_string}\"},\"query-input\":\"required name=search_term_string\"}],\"inLanguage\":\"de\"},{\"@type\":\"ImageObject\",\"@id\":\"https:\/\/yogajagat.com\/free-hatha-yoga-classes-warmest-invitation\/#primaryimage\",\"inLanguage\":\"de\",\"url\":\"http:\/\/yogajagat.com\/wp-content\/uploads\/2020\/01\/DSC02216.jpg\",\"contentUrl\":\"http:\/\/yogajagat.com\/wp-content\/uploads\/2020\/01\/DSC02216.jpg\"},{\"@type\":\"WebPage\",\"@id\":\"https:\/\/yogajagat.com\/free-hatha-yoga-classes-warmest-invitation\/#webpage\",\"url\":\"https:\/\/yogajagat.com\/free-hatha-yoga-classes-warmest-invitation\/\",\"name\":\"Kostenlose Yogastunden Hatha Yoga - Sch\u00f6nheit der Ver\u00e4nderung\",\"isPartOf\":{\"@id\":\"https:\/\/yogajagat.com\/#website\"},\"primaryImageOfPage\":{\"@id\":\"https:\/\/yogajagat.com\/free-hatha-yoga-classes-warmest-invitation\/#primaryimage\"},\"datePublished\":\"2020-01-19T20:46:50+00:00\",\"dateModified\":\"2020-02-28T19:40:17+00:00\",\"description\":\"Kostenlose Hatha Yogastunden... alle von euch, liebe Interessierte, die bereit sind... lade ich von ganzem Herzen zu kostenlosen Hatha Yoga Stunden ein...\",\"breadcrumb\":{\"@id\":\"https:\/\/yogajagat.com\/free-hatha-yoga-classes-warmest-invitation\/#breadcrumb\"},\"inLanguage\":\"de\",\"potentialAction\":[{\"@type\":\"ReadAction\",\"target\":[\"https:\/\/yogajagat.com\/free-hatha-yoga-classes-warmest-invitation\/\"]}]},{\"@type\":\"BreadcrumbList\",\"@id\":\"https:\/\/yogajagat.com\/free-hatha-yoga-classes-warmest-invitation\/#breadcrumb\",\"itemListElement\":[{\"@type\":\"ListItem\",\"position\":1,\"name\":\"Home\",\"item\":\"https:\/\/yogajagat.com\/sr\/\"},{\"@type\":\"ListItem\",\"position\":2,\"name\":\"Free Hatha Yoga Classes Warmest Invitation\"}]}]}<\/script>\n<!-- \/ Yoast SEO plugin. -->","yoast_head_json":{"title":"Kostenlose Yogastunden Hatha Yoga - Sch\u00f6nheit der Ver\u00e4nderung","description":"Kostenlose Hatha Yogastunden... alle von euch, liebe Interessierte, die bereit sind... lade ich von ganzem Herzen zu kostenlosen Hatha Yoga Stunden ein...","robots":{"index":"index","follow":"follow","max-snippet":"max-snippet:-1","max-image-preview":"max-image-preview:large","max-video-preview":"max-video-preview:-1"},"canonical":"https:\/\/yogajagat.com\/free-hatha-yoga-classes-warmest-invitation\/","twitter_misc":{"Gesch\u00e4tzte Lesezeit":"8\u00a0Minuten"},"schema":{"@context":"https:\/\/schema.org","@graph":[{"@type":"Organization","@id":"https:\/\/yogajagat.com\/#organization","name":"Yogajagat","url":"https:\/\/yogajagat.com\/","sameAs":[],"logo":{"@type":"ImageObject","@id":"https:\/\/yogajagat.com\/#logo","inLanguage":"de","url":"https:\/\/i1.wp.com\/yogajagat.com\/wp-content\/uploads\/2019\/03\/DSC08478-Kopie-1.jpg?fit=798%2C800&ssl=1","contentUrl":"https:\/\/i1.wp.com\/yogajagat.com\/wp-content\/uploads\/2019\/03\/DSC08478-Kopie-1.jpg?fit=798%2C800&ssl=1","width":798,"height":800,"caption":"Yogajagat"},"image":{"@id":"https:\/\/yogajagat.com\/#logo"}},{"@type":"WebSite","@id":"https:\/\/yogajagat.com\/#website","url":"https:\/\/yogajagat.com\/","name":"Sch\u00f6nheit der Ver\u00e4nderung","description":"Mit st\u00e4ndiger Ver\u00e4nderung zum sch\u00f6nsten Lebenserfahrung","publisher":{"@id":"https:\/\/yogajagat.com\/#organization"},"potentialAction":[{"@type":"SearchAction","target":{"@type":"EntryPoint","urlTemplate":"https:\/\/yogajagat.com\/?s={search_term_string}"},"query-input":"required name=search_term_string"}],"inLanguage":"de"},{"@type":"ImageObject","@id":"https:\/\/yogajagat.com\/free-hatha-yoga-classes-warmest-invitation\/#primaryimage","inLanguage":"de","url":"http:\/\/yogajagat.com\/wp-content\/uploads\/2020\/01\/DSC02216.jpg","contentUrl":"http:\/\/yogajagat.com\/wp-content\/uploads\/2020\/01\/DSC02216.jpg"},{"@type":"WebPage","@id":"https:\/\/yogajagat.com\/free-hatha-yoga-classes-warmest-invitation\/#webpage","url":"https:\/\/yogajagat.com\/free-hatha-yoga-classes-warmest-invitation\/","name":"Kostenlose Yogastunden Hatha Yoga - Sch\u00f6nheit der Ver\u00e4nderung","isPartOf":{"@id":"https:\/\/yogajagat.com\/#website"},"primaryImageOfPage":{"@id":"https:\/\/yogajagat.com\/free-hatha-yoga-classes-warmest-invitation\/#primaryimage"},"datePublished":"2020-01-19T20:46:50+00:00","dateModified":"2020-02-28T19:40:17+00:00","description":"Kostenlose Hatha Yogastunden... alle von euch, liebe Interessierte, die bereit sind... lade ich von ganzem Herzen zu kostenlosen Hatha Yoga Stunden ein...","breadcrumb":{"@id":"https:\/\/yogajagat.com\/free-hatha-yoga-classes-warmest-invitation\/#breadcrumb"},"inLanguage":"de","potentialAction":[{"@type":"ReadAction","target":["https:\/\/yogajagat.com\/free-hatha-yoga-classes-warmest-invitation\/"]}]},{"@type":"BreadcrumbList","@id":"https:\/\/yogajagat.com\/free-hatha-yoga-classes-warmest-invitation\/#breadcrumb","itemListElement":[{"@type":"ListItem","position":1,"name":"Home","item":"https:\/\/yogajagat.com\/sr\/"},{"@type":"ListItem","position":2,"name":"Free Hatha Yoga Classes Warmest Invitation"}]}]}},"_links":{"self":[{"href":"https:\/\/yogajagat.com\/de\/wp-json\/wp\/v2\/pages\/4659"}],"collection":[{"href":"https:\/\/yogajagat.com\/de\/wp-json\/wp\/v2\/pages"}],"about":[{"href":"https:\/\/yogajagat.com\/de\/wp-json\/wp\/v2\/types\/page"}],"author":[{"embeddable":true,"href":"https:\/\/yogajagat.com\/de\/wp-json\/wp\/v2\/users\/1"}],"replies":[{"embeddable":true,"href":"https:\/\/yogajagat.com\/de\/wp-json\/wp\/v2\/comments?post=4659"}],"version-history":[{"count":27,"href":"https:\/\/yogajagat.com\/de\/wp-json\/wp\/v2\/pages\/4659\/revisions"}],"predecessor-version":[{"id":5583,"href":"https:\/\/yogajagat.com\/de\/wp-json\/wp\/v2\/pages\/4659\/revisions\/5583"}],"wp:attachment":[{"href":"https:\/\/yogajagat.com\/de\/wp-json\/wp\/v2\/media?parent=4659"}],"curies":[{"name":"wp","href":"https:\/\/api.w.org\/{rel}","templated":true}]}}