{"id":4448,"date":"2020-01-29T20:47:11","date_gmt":"2020-01-29T19:47:11","guid":{"rendered":"http:\/\/yogajagat.com\/?page_id=4448"},"modified":"2021-06-18T08:13:03","modified_gmt":"2021-06-18T06:13:03","slug":"take-a-challenge-of-change-understand-practice-and-become-a-whole","status":"publish","type":"page","link":"https:\/\/yogajagat.com\/de\/","title":{"rendered":"Nimm die Herausforderung der Ver\u00e4nderung an"},"content":{"rendered":"[vc_row][vc_column][vc_custom_heading text=&#8220;Nimm die Herausforderung der Ver\u00e4nderung an&#8220; font_container=&#8220;tag:h1|font_size:40|text_align:center|color:%231ba5b5&#8243; google_fonts=&#8220;font_family:Ubuntu%3A300%2C300italic%2Cregular%2Citalic%2C500%2C500italic%2C700%2C700italic|font_style:300%20light%20italic%3A300%3Aitalic&#8220;][\/vc_column][\/vc_row][vc_row][vc_column][vc_custom_heading text=&#8220;Verstehe, \u00fcbe und werde frei und in Frieden vereint&#8220; font_container=&#8220;tag:h2|font_size:30|text_align:center|color:%23b27b29&#8243; google_fonts=&#8220;font_family:Ubuntu%3A300%2C300italic%2Cregular%2Citalic%2C500%2C500italic%2C700%2C700italic|font_style:300%20light%20italic%3A300%3Aitalic&#8220;][\/vc_column][\/vc_row][vc_row][vc_column][vc_column_text]\n<h4><\/h4>\n<h4><\/h4>\n<h4 style=\"text-align: center;\"><\/h4>\n<hr \/>\n<p>&nbsp;<\/p>\n<p>Unser Leben besteht aus Treffen und Begegnungen.\u00a0Und unsere Treffen und Begegnungen sind unsere Herausforderungen f\u00fcr Ver\u00e4nderungen und Angebote f\u00fcr Frieden und Liebe.<br \/>\nDie Buch-Website <em>Nimm die Herausforderung der Ver\u00e4nderung an<\/em> gibt euch viele\u00a0Ratschl\u00e4ge, wie ihr, mit eurem neuen Verst\u00e4ndnis \u00fcber euren eigenen K\u00f6rper, Gedanken und euren Geist, eure und die Tage anderer Menschen angenehmer gestalten k\u00f6nnt. Also, die eigene Seele erkennen und pflegen. Nur dann k\u00f6nnt ihr eure ungeschickte Auseinandersetzungen und harte Kriege in vollendeter Liebe und raffiniertem Frieden verwandeln.<\/p>\n<p>Betrachtet diese ruhig als <em>die-Regel-brechen<\/em> Ratschl\u00e4ge.<\/p>\n<p>Wenn nicht rein wissenschaftlich oder zitiert, sind die Texte auf dieser Webseite die Reflexionen meiner <a href=\"https:\/\/yogajagat.com\/de\/lika-holzem\/\"><span style=\"color: #993300;\">pers\u00f6nlichen<\/span><\/a> Erfahrung des Denkens, Tuns, Lernens, Zuh\u00f6rens, Spielens und des Lebens im Allgemeinen\u00a0die ich im Laufe der Zeit immer weiter durch neue Erfahrungen \u201e\u00fcbersetzt\u201c hatte.[\/vc_column_text][\/vc_column][\/vc_row][vc_row][vc_column][vc_column_text]\n<h4><span style=\"color: #993300;\">Mit mehr Geduld und Aufrichtigkeit Vorw\u00e4rts zur inneren Reife<\/span><\/h4>\n<hr \/>\n<p>&nbsp;<\/p>\n<p>Vielleicht nicht alle Texte werden dir zum jetzigen Zeitpunkt klar und verst\u00e4ndlich sein, aber mach dir keine Sorgen. Dies ist kein Grund, die Website zu verlassen. Stattdessen reiche deine Tage mit ein bisschen mehr Geduld und Ehrlichkeit an.<\/p>\n<p>Auf nat\u00fcrlichste und spontanste Weise erh\u00f6ht diese Kombination sowohl die geistige als auch die psychische Reife.<\/p>\n<p>Wenn du von innen heraus w\u00e4chst, erkennst du nicht nur den Sinn des Lebens, sondern auch die ganz nat\u00fcrliche, spontane Wildheit in dir, die unter einer sehr guten Kontrolle gehalten wird.<\/p>\n<p>Diese Wildheit in dir ist das wahre-du, egal wie alt du bist.<\/p>\n<p>Wenn dein ganzes Wesen mit deinem wahren Ich flie\u00dft, wird es gr\u00f6\u00dfere Chancen f\u00fcr alle Arten von Gesundheit geben.[\/vc_column_text][\/vc_column][\/vc_row][vc_row][vc_column][vc_column_text]\n<h4><span style=\"color: #993300;\">Geht es auf dieser Website um Yoga?<\/span><\/h4>\n<hr \/>\n<p>&nbsp;<\/p>\n<p>Nein.<\/p>\n<p>Obwohl man viele Informationen \u00fcber <em>Yoga<\/em> (der gleiche Yoga, der vor Jahrhunderten <em>Yoga<\/em> genannt wurde) und Ausdr\u00fccke die aus der alten Wissenschaft des Yoga abgeleitet wurden, finden kann, handelt die <em>Nimm die Herausforderung der Ver\u00e4nderung an<\/em>\u00a0 Website von den Kurven auf dem Weg und Erweiterung der Treppen des Lebens eines jeden von uns.<\/p>\n<p>Die Seite ist f\u00fcr jeden geschrieben, egal in welchem Beruf man ist.<\/p>\n<p>&nbsp;<\/p>\n<p>Diese Webseite ist hier um Glauben, Hoffnung und Vertrauen f\u00fcr alles was unbekannt ist zu entwickeln, und Leben, Gesundheit und Liebe tu verbreiten.<\/p>\n<p>Obwohl diese Seiten eine Online Lehre sein m\u00f6gen, sind sie weder eine systematische und detaillierte Studie, noch die endg\u00fcltige Definition von irgendetwas (die es ohnehin nicht gibt), sondern vielmehr ein Impuls der Vielfalt und Ver\u00e4nderung in unserem menschlichen Leben.[\/vc_column_text][\/vc_column][\/vc_row][vc_row][vc_column][vc_column_text]\n<h3><span style=\"color: #993300;\">Warum ist die Webseite &#8222;Nimm die Herausforderung der Ver\u00e4nderung an&#8220; kein gedrucktes Buch?<\/span><\/h3>\n<hr \/>\n[\/vc_column_text][\/vc_column][\/vc_row][vc_row][vc_column width=&#8220;1\/2&#8243;][vc_column_text]Ich wei\u00df, dass diese Art von Schriften ein gedrucktes Buch sein sollte, das ihr riechen und sowohl mit euren Fingern als auch mit eurem Herzen f\u00fchlen k\u00f6nntet.<\/p>\n<p>Aber ich kenne auch mindestens eine Person, die nie ein einziges gedrucktes Buch gelesen hat, die verzweifelt nach Ver\u00e4nderung und Liebe sucht und auch das Internet nutzt.<\/p>\n<p>Also, wegen mindestens einer Person habe ich mich entschlossen, dieses Mal genau hier ein Buch wie dieses zu schreiben.[\/vc_column_text][\/vc_column][vc_column width=&#8220;1\/2&#8243;][vc_column_text]<img loading=\"lazy\" class=\"aligncenter wp-image-4454 size-medium\" src=\"https:\/\/i1.wp.com\/yogajagat.com\/wp-content\/uploads\/2020\/01\/DSC07420-300x225.jpg?resize=300%2C225\" alt=\"take a challenge of change prihvatite izazov promene nimm herausforderung der ver\u00e4nderung an\" width=\"300\" height=\"225\" srcset=\"https:\/\/i1.wp.com\/yogajagat.com\/wp-content\/uploads\/2020\/01\/DSC07420.jpg?resize=300%2C225&amp;ssl=1 300w, https:\/\/i1.wp.com\/yogajagat.com\/wp-content\/uploads\/2020\/01\/DSC07420.jpg?w=640&amp;ssl=1 640w\" sizes=\"(max-width: 300px) 100vw, 300px\" data-recalc-dims=\"1\" \/>[\/vc_column_text][\/vc_column][\/vc_row][vc_row][vc_column][vc_column_text]\n<h4><span style=\"color: #993300;\">Wie man dieses Buch liest<\/span><\/h4>\n<hr \/>\n<p>&nbsp;<\/p>\n<p>Das Webseite-Buch<em> Nimm die Herausforderung der Ver\u00e4nderung an<\/em> kann ohne Reihenfolge gelesen werden, aber da die Website, insbesondere die Seiten unten <a href=\"https:\/\/yogajagat.com\/de\/einheit-ganzwerdung-vereinigung-die-menschliche-dna\/\"><span style=\"color: #993300;\">Ganzwerdung<\/span>\u00a0<\/a>Angebote, M\u00f6glichkeiten, Praktiken, Erfahrungen, Ver\u00e4nderungen und Liebe Seite f\u00fcr Seite aufzeigt, ist es am besten, mit der ersten oberen Seite zu beginnen.[\/vc_column_text][\/vc_column][\/vc_row][vc_row][vc_column][vc_column_text]\n<h4><span style=\"color: #993300;\">Einige Ratschl\u00e4ge<\/span><\/h4>\n<hr \/>\n<p>&nbsp;<\/p>\n<p>Lasst euch inspirieren, fragt euch, findet Antworten, denkt nach und \u00fcberdenkt, aber vor allem empfehle ich euch, weniger zu schlafen wenn ihr zu viel Langeweile habt oder mehr zu schlafen wenn ihr keine Zeit zum Schlafen habt,\u00a0weniger zu essen, bewusster zu atmen, aktiver in der Natur, kreativer und leiser zu sein und mehr zu zuh\u00f6ren, und eure H\u00e4nde und Zeit mit den Dingen zu teilen, die eure Seele wirklich liebt.<\/p>\n<p>Und nimmt das Leben und alle Dinge nicht so w\u00f6rtlich und t\u00f6dlich ernst an.[\/vc_column_text][\/vc_column][\/vc_row][vc_row][vc_column][vc_column_text]\n<h4><span style=\"color: #993300;\">\u00dcber den Namen Yogajagat<\/span><\/h4>\n<hr \/>\n<p>&nbsp;<\/p>\n<p>Das Wort <em>Yoga\u00a0<\/em>\u00a0bedeutet<a href=\"https:\/\/yogajagat.com\/de\/einheit-ganzwerdung-vereinigung-die-menschliche-dna\/\"><span style=\"color: #993300;\"> Vereinigung<\/span><\/a> oder Einheit.<\/p>\n<p>&nbsp;<\/p>\n<p>Das Wort <em>Jagat<\/em>\u00a0(\u201e<strong>j<\/strong>\u201c gesprochen wie \u201ej\u201c in <strong>J<\/strong>azz), hat wie jedes Sanskrit Wort viele Bedeutungen wie zum Beispiel:<\/p>\n<p>die ganze Welt, das ganze Universum, kosmische Manifestation, alles was lebendig und leblos ist.<\/p>\n<p>&nbsp;<\/p>\n<p>Als ein statischer Ort war Yogajagat eine <a href=\"https:\/\/yogajagat.com\/de\/ehemalige-hatha-yoga-schule-in-koln\/\"><span style=\"color: #993300;\">Hatha Yoga Schule<\/span><\/a> (und kein Studio) in K\u00f6ln von Anfang 2015 bis Mitte 2017.[\/vc_column_text][\/vc_column][\/vc_row][vc_row][vc_column][vc_column_text]\n<h4><span style=\"color: #993300;\">Sprachen<\/span><\/h4>\n<hr \/>\n<p>&nbsp;<\/p>\n<p>Das Schreiben nimmt sehr viel Zeit in Anspruch. Wenn dieselbe Person gleichzeitig die Website erstellt, nimmt dies noch mehr Zeit in Anspruch.<\/p>\n<p>Trotz meines Gef\u00fchles pers\u00f6nlich mit verschiedenen Nationen in ihrer eigenen Sprache zu sprechen, werden die Texte derzeit manchmal nur in einer oder zwei Sprachen und manchmal in allen drei Sprachen geschrieben.<\/p>\n<p>Weder Deutsch noch Englisch ist meine Muttersprache. Meine Muttersprache ist S\u00fcdslawisch und ich lebe meistens in Deutschland.[\/vc_column_text][\/vc_column][\/vc_row][vc_row][vc_column][vc_column_text]\n<h4><span style=\"color: #993300;\">Fotos<\/span><\/h4>\n<hr \/>\n<p>&nbsp;<\/p>\n<p>Alle Fotos auf dieser Webseite wurden von mir aufgenommen, sofern nicht anders\u00a0gekennzeichnet.<\/p>\n<p>Die Fotos auf allen drei Seiten (Sprachen) sind sehr oft unterschiedlich.[\/vc_column_text][\/vc_column][\/vc_row][vc_row][vc_column][vc_column_text]\n<h4><span style=\"color: #993300;\">Logo<\/span><\/h4>\n<hr \/>\n<p>&nbsp;<\/p>\n<p>Die <em>Sri Yantra<\/em>, die man auf der Webseite links oben zu sehen ist, ist die Kopie der originellen \u00d6lmalerei aus meiner eigenen Kollektion und von mir gemalt und sie wurde ohne die Verwendung von sch\u00e4dlichem Terpentin gemalt.<\/p>\n<p>Falls ihr Interesse an der originellen \u00d6lgem\u00e4lde der Yantras habt, k\u00f6nnt ihr diese <span style=\"color: #993300;\"><a style=\"color: #993300;\" href=\"https:\/\/yogajagat.com\/de\/contact-new\/\" target=\"_blank\" rel=\"noopener noreferrer\">einfach<\/a><\/span> bei mir bestellen.[\/vc_column_text][\/vc_column][\/vc_row][vc_row][vc_column][vc_column_text]\n<h4><span style=\"color: #993300;\">Webdesign<\/span><\/h4>\n<hr \/>\n<p>&nbsp;<\/p>\n<p>Neben der gro\u00dfen und schnellen Hilfe eines erfahrenen in Belgrad lebenden Webdesigners, gro\u00dfer Teil der Gestaltung dieser Webseite wie sei heute ist, ist meine eigene Arbeit. Die gesamte Webseite pflege ich selbst.[\/vc_column_text][\/vc_column][\/vc_row]\n","protected":false},"excerpt":{"rendered":"<p>[vc_row][vc_column][vc_custom_heading text=&#8220;Nimm die Herausforderung der Ver\u00e4nderung an&#8220; font_container=&#8220;tag:h1|font_size:40|text_align:center|color:%231ba5b5&#8243; google_fonts=&#8220;font_family:Ubuntu%3A300%2C300italic%2Cregular%2Citalic%2C500%2C500italic%2C700%2C700italic|font_style:300%20light%20italic%3A300%3Aitalic&#8220;][\/vc_column][\/vc_row][vc_row][vc_column][vc_custom_heading text=&#8220;Verstehe, \u00fcbe und werde frei und in Frieden vereint&#8220; font_container=&#8220;tag:h2|font_size:30|text_align:center|color:%23b27b29&#8243; google_fonts=&#8220;font_family:Ubuntu%3A300%2C300italic%2Cregular%2Citalic%2C500%2C500italic%2C700%2C700italic|font_style:300%20light%20italic%3A300%3Aitalic&#8220;][\/vc_column][\/vc_row][vc_row][vc_column][vc_column_text]<\/p>\n<p>\n&nbsp;<br \/>\nUnser Leben besteht aus Treffen und Begegnungen.\u00a0Und unsere Treffen und Begegnungen sind unsere Herausforderungen f\u00fcr Ver\u00e4nderungen und Angebote f\u00fcr Frieden und Liebe.<br \/>\nDie Buch-Website Nimm die Herausforderung der Ver\u00e4nderung an gibt euch viele\u00a0Ratschl\u00e4ge, wie ihr, mit eurem neuen Verst\u00e4ndnis \u00fcber euren eigenen K\u00f6rper, Gedanken und euren Geist, eure und die Tage anderer Menschen angenehmer gestalten &#8230;<\/p>\n","protected":false},"author":1,"featured_media":0,"parent":0,"menu_order":0,"comment_status":"closed","ping_status":"closed","template":"template-full-width.php","meta":{"_bbp_topic_count":0,"_bbp_reply_count":0,"_bbp_total_topic_count":0,"_bbp_total_reply_count":0,"_bbp_voice_count":0,"_bbp_anonymous_reply_count":0,"_bbp_topic_count_hidden":0,"_bbp_reply_count_hidden":0,"_bbp_forum_subforum_count":0,"inline_featured_image":false,"spay_email":""},"translation":{"provider":"WPGlobus","version":"3.0.1","language":"de","enabled_languages":["en","de","sr"],"languages":{"en":{"title":true,"content":true,"excerpt":false},"de":{"title":true,"content":true,"excerpt":false},"sr":{"title":true,"content":true,"excerpt":false}}},"yoast_head":"<!-- This site is optimized with the Yoast SEO plugin v18.3 - https:\/\/yoast.com\/wordpress\/plugins\/seo\/ -->\n<title>Nimm die Herausforderung der Ver\u00e4nderung an - Sch\u00f6nheit der Ver\u00e4nderung<\/title>\n<meta name=\"description\" content=\"Nimm die Herausforderung der Ver\u00e4nderung an. Verstehen, \u00fcben und frei werden. Glauben, Hoffnung und Vertrauen f\u00fcr alles was unbekannt ist entwickeln...\" \/>\n<meta name=\"robots\" content=\"index, follow, max-snippet:-1, max-image-preview:large, max-video-preview:-1\" \/>\n<link rel=\"canonical\" href=\"https:\/\/yogajagat.com\/sr\/\" \/>\n<meta name=\"twitter:label1\" content=\"Gesch\u00e4tzte Lesezeit\" \/>\n\t<meta name=\"twitter:data1\" content=\"5\u00a0Minuten\" \/>\n<script type=\"application\/ld+json\" class=\"yoast-schema-graph\">{\"@context\":\"https:\/\/schema.org\",\"@graph\":[{\"@type\":\"Organization\",\"@id\":\"https:\/\/yogajagat.com\/#organization\",\"name\":\"Yogajagat\",\"url\":\"https:\/\/yogajagat.com\/\",\"sameAs\":[],\"logo\":{\"@type\":\"ImageObject\",\"@id\":\"https:\/\/yogajagat.com\/#logo\",\"inLanguage\":\"de\",\"url\":\"https:\/\/i1.wp.com\/yogajagat.com\/wp-content\/uploads\/2019\/03\/DSC08478-Kopie-1.jpg?fit=798%2C800&ssl=1\",\"contentUrl\":\"https:\/\/i1.wp.com\/yogajagat.com\/wp-content\/uploads\/2019\/03\/DSC08478-Kopie-1.jpg?fit=798%2C800&ssl=1\",\"width\":798,\"height\":800,\"caption\":\"Yogajagat\"},\"image\":{\"@id\":\"https:\/\/yogajagat.com\/#logo\"}},{\"@type\":\"WebSite\",\"@id\":\"https:\/\/yogajagat.com\/#website\",\"url\":\"https:\/\/yogajagat.com\/\",\"name\":\"Sch\u00f6nheit der Ver\u00e4nderung\",\"description\":\"Mit st\u00e4ndiger Ver\u00e4nderung zum sch\u00f6nsten Lebenserfahrung\",\"publisher\":{\"@id\":\"https:\/\/yogajagat.com\/#organization\"},\"potentialAction\":[{\"@type\":\"SearchAction\",\"target\":{\"@type\":\"EntryPoint\",\"urlTemplate\":\"https:\/\/yogajagat.com\/?s={search_term_string}\"},\"query-input\":\"required name=search_term_string\"}],\"inLanguage\":\"de\"},{\"@type\":\"ImageObject\",\"@id\":\"https:\/\/yogajagat.com\/sr\/#primaryimage\",\"inLanguage\":\"de\",\"url\":\"http:\/\/yogajagat.com\/wp-content\/uploads\/2020\/01\/DSC07420-300x225.jpg\",\"contentUrl\":\"http:\/\/yogajagat.com\/wp-content\/uploads\/2020\/01\/DSC07420-300x225.jpg\"},{\"@type\":\"WebPage\",\"@id\":\"https:\/\/yogajagat.com\/sr\/#webpage\",\"url\":\"https:\/\/yogajagat.com\/sr\/\",\"name\":\"Nimm die Herausforderung der Ver\u00e4nderung an - Sch\u00f6nheit der Ver\u00e4nderung\",\"isPartOf\":{\"@id\":\"https:\/\/yogajagat.com\/#website\"},\"primaryImageOfPage\":{\"@id\":\"https:\/\/yogajagat.com\/sr\/#primaryimage\"},\"datePublished\":\"2020-01-29T19:47:11+00:00\",\"dateModified\":\"2021-06-18T06:13:03+00:00\",\"description\":\"Nimm die Herausforderung der Ver\u00e4nderung an. Verstehen, \u00fcben und frei werden. Glauben, Hoffnung und Vertrauen f\u00fcr alles was unbekannt ist entwickeln...\",\"breadcrumb\":{\"@id\":\"https:\/\/yogajagat.com\/sr\/#breadcrumb\"},\"inLanguage\":\"de\",\"potentialAction\":[{\"@type\":\"ReadAction\",\"target\":[\"https:\/\/yogajagat.com\/sr\/\"]}]},{\"@type\":\"BreadcrumbList\",\"@id\":\"https:\/\/yogajagat.com\/sr\/#breadcrumb\",\"itemListElement\":[{\"@type\":\"ListItem\",\"position\":1,\"name\":\"Home\",\"item\":\"https:\/\/yogajagat.com\/sr\/\"},{\"@type\":\"ListItem\",\"position\":2,\"name\":\"Prihvatite izazov promene i postanite slobodni\"}]}]}<\/script>\n<!-- \/ Yoast SEO plugin. -->","yoast_head_json":{"title":"Nimm die Herausforderung der Ver\u00e4nderung an - Sch\u00f6nheit der Ver\u00e4nderung","description":"Nimm die Herausforderung der Ver\u00e4nderung an. Verstehen, \u00fcben und frei werden. Glauben, Hoffnung und Vertrauen f\u00fcr alles was unbekannt ist entwickeln...","robots":{"index":"index","follow":"follow","max-snippet":"max-snippet:-1","max-image-preview":"max-image-preview:large","max-video-preview":"max-video-preview:-1"},"canonical":"https:\/\/yogajagat.com\/sr\/","twitter_misc":{"Gesch\u00e4tzte Lesezeit":"5\u00a0Minuten"},"schema":{"@context":"https:\/\/schema.org","@graph":[{"@type":"Organization","@id":"https:\/\/yogajagat.com\/#organization","name":"Yogajagat","url":"https:\/\/yogajagat.com\/","sameAs":[],"logo":{"@type":"ImageObject","@id":"https:\/\/yogajagat.com\/#logo","inLanguage":"de","url":"https:\/\/i1.wp.com\/yogajagat.com\/wp-content\/uploads\/2019\/03\/DSC08478-Kopie-1.jpg?fit=798%2C800&ssl=1","contentUrl":"https:\/\/i1.wp.com\/yogajagat.com\/wp-content\/uploads\/2019\/03\/DSC08478-Kopie-1.jpg?fit=798%2C800&ssl=1","width":798,"height":800,"caption":"Yogajagat"},"image":{"@id":"https:\/\/yogajagat.com\/#logo"}},{"@type":"WebSite","@id":"https:\/\/yogajagat.com\/#website","url":"https:\/\/yogajagat.com\/","name":"Sch\u00f6nheit der Ver\u00e4nderung","description":"Mit st\u00e4ndiger Ver\u00e4nderung zum sch\u00f6nsten Lebenserfahrung","publisher":{"@id":"https:\/\/yogajagat.com\/#organization"},"potentialAction":[{"@type":"SearchAction","target":{"@type":"EntryPoint","urlTemplate":"https:\/\/yogajagat.com\/?s={search_term_string}"},"query-input":"required name=search_term_string"}],"inLanguage":"de"},{"@type":"ImageObject","@id":"https:\/\/yogajagat.com\/sr\/#primaryimage","inLanguage":"de","url":"http:\/\/yogajagat.com\/wp-content\/uploads\/2020\/01\/DSC07420-300x225.jpg","contentUrl":"http:\/\/yogajagat.com\/wp-content\/uploads\/2020\/01\/DSC07420-300x225.jpg"},{"@type":"WebPage","@id":"https:\/\/yogajagat.com\/sr\/#webpage","url":"https:\/\/yogajagat.com\/sr\/","name":"Nimm die Herausforderung der Ver\u00e4nderung an - Sch\u00f6nheit der Ver\u00e4nderung","isPartOf":{"@id":"https:\/\/yogajagat.com\/#website"},"primaryImageOfPage":{"@id":"https:\/\/yogajagat.com\/sr\/#primaryimage"},"datePublished":"2020-01-29T19:47:11+00:00","dateModified":"2021-06-18T06:13:03+00:00","description":"Nimm die Herausforderung der Ver\u00e4nderung an. Verstehen, \u00fcben und frei werden. Glauben, Hoffnung und Vertrauen f\u00fcr alles was unbekannt ist entwickeln...","breadcrumb":{"@id":"https:\/\/yogajagat.com\/sr\/#breadcrumb"},"inLanguage":"de","potentialAction":[{"@type":"ReadAction","target":["https:\/\/yogajagat.com\/sr\/"]}]},{"@type":"BreadcrumbList","@id":"https:\/\/yogajagat.com\/sr\/#breadcrumb","itemListElement":[{"@type":"ListItem","position":1,"name":"Home","item":"https:\/\/yogajagat.com\/sr\/"},{"@type":"ListItem","position":2,"name":"Prihvatite izazov promene i postanite slobodni"}]}]}},"_links":{"self":[{"href":"https:\/\/yogajagat.com\/de\/wp-json\/wp\/v2\/pages\/4448"}],"collection":[{"href":"https:\/\/yogajagat.com\/de\/wp-json\/wp\/v2\/pages"}],"about":[{"href":"https:\/\/yogajagat.com\/de\/wp-json\/wp\/v2\/types\/page"}],"author":[{"embeddable":true,"href":"https:\/\/yogajagat.com\/de\/wp-json\/wp\/v2\/users\/1"}],"replies":[{"embeddable":true,"href":"https:\/\/yogajagat.com\/de\/wp-json\/wp\/v2\/comments?post=4448"}],"version-history":[{"count":152,"href":"https:\/\/yogajagat.com\/de\/wp-json\/wp\/v2\/pages\/4448\/revisions"}],"predecessor-version":[{"id":6130,"href":"https:\/\/yogajagat.com\/de\/wp-json\/wp\/v2\/pages\/4448\/revisions\/6130"}],"wp:attachment":[{"href":"https:\/\/yogajagat.com\/de\/wp-json\/wp\/v2\/media?parent=4448"}],"curies":[{"name":"wp","href":"https:\/\/api.w.org\/{rel}","templated":true}]}}