{"id":4423,"date":"2020-01-16T19:41:33","date_gmt":"2020-01-16T18:41:33","guid":{"rendered":"http:\/\/yogajagat.com\/?page_id=4423"},"modified":"2020-02-28T22:12:47","modified_gmt":"2020-02-28T21:12:47","slug":"short-warm-message-to-yoga-teachers","status":"publish","type":"page","link":"https:\/\/yogajagat.com\/de\/short-warm-message-to-yoga-teachers\/","title":{"rendered":"Short Warm Message to Yoga Teachers"},"content":{"rendered":"[vc_row][vc_column][vc_custom_heading text=&#8220;Short Message to Yoga Teachers&#8220; font_container=&#8220;tag:h2|text_align:center|color:%23b7702a&#8220; google_fonts=&#8220;font_family:Ubuntu%3A300%2C300italic%2Cregular%2Citalic%2C500%2C500italic%2C700%2C700italic|font_style:300%20light%20italic%3A300%3Aitalic&#8220;][\/vc_column][\/vc_row][vc_row][vc_column][vc_column_text]\n<p>&nbsp;<\/p>\n<p>The complete book-website <em>Yogajagat<\/em> is written based on my own experience and self-study. So, this message to yoga teachers is based on both, the experience being a student and a <a href=\"https:\/\/yogajagat.com\/lika-holzem-yoga-world-of-teaching\/\"><span style=\"color: #993300;\">longtime teacher.<\/span><\/a><\/p>\n[\/vc_column_text][\/vc_column][\/vc_row][vc_row][vc_column][vc_column_text]For years I was welcoming yoga teachers to my classes and lectures with my full heart nevertheless loving all miracles in our space, loving it with my opened mind too.<\/p>\n<hr \/>\n<h3><\/h3>\n<h3 style=\"text-align: center;\"><span style=\"color: #33cccc;\">My Warm Message to Yoga Teachers<\/span><\/h3>\n[\/vc_column_text][\/vc_column][\/vc_row][vc_row][vc_column width=&#8220;1\/2&#8243;][vc_column_text]\n<h3><\/h3>\n<p>&nbsp;<\/p>\n<p>&nbsp;<\/p>\n<p>All you, dear ones, who call yourself yoga teachers,<\/p>\n<p>In the name of time, Yoga and development of spirits and souls please work on opening your body, own mind and heart<a href=\"https:\/\/yogajagat.com\/morality-life-shortcuts-responsibility\/\"><span class=\"apple-converted-space\">\u00a0<\/span><span style=\"color: #993300;\">practicing<\/span><\/a><span class=\"apple-converted-space\" style=\"color: #993300;\">\u00a0<\/span>what you are<span style=\"color: #993300;\"><span class=\"apple-converted-space\">\u00a0<\/span><a style=\"color: #993300;\" href=\"https:\/\/yogajagat.com\/morality-self-discipline-morality-and-self-realisation\/\">teaching.<\/a><\/span><\/p>\n<p>&nbsp;<\/p>\n<p>Beside that, avoid using \u201csecret\u201d apps on your mobile phone in classes or giving \u201cworkshops\u201d based on borrowed experience and knowledge.<\/p>\n<p>Instead, work hardly, diligently, dedicated, strict in your moral outlook and your fairness to others and you will uncover the biggest secrets.<\/p>\n<p>&nbsp;<\/p>\n[\/vc_column_text][\/vc_column][vc_column width=&#8220;1\/2&#8243;][vc_column_text]\n<p>&nbsp;<\/p>\n<p>&nbsp;<\/p>\n<p><img loading=\"lazy\" class=\"aligncenter size-full wp-image-4425\" src=\"https:\/\/i1.wp.com\/yogajagat.com\/wp-content\/uploads\/2020\/01\/DSC05479.jpg-1-768x1024-2.jpg?resize=480%2C640\" alt=\"message to yoga teachers poruka uciteljima joge\" width=\"480\" height=\"640\" srcset=\"https:\/\/i1.wp.com\/yogajagat.com\/wp-content\/uploads\/2020\/01\/DSC05479.jpg-1-768x1024-2.jpg?w=480&amp;ssl=1 480w, https:\/\/i1.wp.com\/yogajagat.com\/wp-content\/uploads\/2020\/01\/DSC05479.jpg-1-768x1024-2.jpg?resize=225%2C300&amp;ssl=1 225w\" sizes=\"(max-width: 480px) 100vw, 480px\" data-recalc-dims=\"1\" \/>[\/vc_column_text][\/vc_column][\/vc_row]\n","protected":false},"excerpt":{"rendered":"<p>[vc_row][vc_column][vc_custom_heading text=&#8220;Short Message to Yoga Teachers&#8220; font_container=&#8220;tag:h2|text_align:center|color:%23b7702a&#8220; google_fonts=&#8220;font_family:Ubuntu%3A300%2C300italic%2Cregular%2Citalic%2C500%2C500italic%2C700%2C700italic|font_style:300%20light%20italic%3A300%3Aitalic&#8220;][\/vc_column][\/vc_row][vc_row][vc_column][vc_column_text]<br \/>\n&nbsp;<br \/>\nThe complete book-website Yogajagat is written based on my own experience and self-study. So, this message to yoga teachers is based on both, the experience being a student and a longtime teacher.<br \/>\n[\/vc_column_text][\/vc_column][\/vc_row][vc_row][vc_column][vc_column_text]For years I was welcoming yoga teachers to my classes and lectures with my full heart nevertheless loving all miracles in our space, loving it with my opened mind too.<\/p>\n<p>\nMy Warm Message to Yoga Teachers<br \/>\n[\/vc_column_text][\/vc_column][\/vc_row][vc_row][vc_column &#8230;<\/p>\n","protected":false},"author":1,"featured_media":0,"parent":0,"menu_order":0,"comment_status":"closed","ping_status":"closed","template":"template-full-width.php","meta":{"_bbp_topic_count":0,"_bbp_reply_count":0,"_bbp_total_topic_count":0,"_bbp_total_reply_count":0,"_bbp_voice_count":0,"_bbp_anonymous_reply_count":0,"_bbp_topic_count_hidden":0,"_bbp_reply_count_hidden":0,"_bbp_forum_subforum_count":0,"inline_featured_image":false,"spay_email":""},"translation":{"provider":"WPGlobus","version":"3.0.1","language":"de","enabled_languages":["en","de","sr"],"languages":{"en":{"title":true,"content":true,"excerpt":false},"de":{"title":false,"content":false,"excerpt":false},"sr":{"title":true,"content":true,"excerpt":false}}},"yoast_head":"<!-- This site is optimized with the Yoast SEO plugin v18.3 - https:\/\/yoast.com\/wordpress\/plugins\/seo\/ -->\n<title>- Sch\u00f6nheit der Ver\u00e4nderung<\/title>\n<meta name=\"robots\" content=\"index, follow, max-snippet:-1, max-image-preview:large, max-video-preview:-1\" \/>\n<link rel=\"canonical\" href=\"https:\/\/yogajagat.com\/short-warm-message-to-yoga-teachers\/\" \/>\n<meta name=\"twitter:label1\" content=\"Gesch\u00e4tzte Lesezeit\" \/>\n\t<meta name=\"twitter:data1\" content=\"3\u00a0Minuten\" \/>\n<script type=\"application\/ld+json\" class=\"yoast-schema-graph\">{\"@context\":\"https:\/\/schema.org\",\"@graph\":[{\"@type\":\"Organization\",\"@id\":\"https:\/\/yogajagat.com\/#organization\",\"name\":\"Yogajagat\",\"url\":\"https:\/\/yogajagat.com\/\",\"sameAs\":[],\"logo\":{\"@type\":\"ImageObject\",\"@id\":\"https:\/\/yogajagat.com\/#logo\",\"inLanguage\":\"de\",\"url\":\"https:\/\/i1.wp.com\/yogajagat.com\/wp-content\/uploads\/2019\/03\/DSC08478-Kopie-1.jpg?fit=798%2C800&ssl=1\",\"contentUrl\":\"https:\/\/i1.wp.com\/yogajagat.com\/wp-content\/uploads\/2019\/03\/DSC08478-Kopie-1.jpg?fit=798%2C800&ssl=1\",\"width\":798,\"height\":800,\"caption\":\"Yogajagat\"},\"image\":{\"@id\":\"https:\/\/yogajagat.com\/#logo\"}},{\"@type\":\"WebSite\",\"@id\":\"https:\/\/yogajagat.com\/#website\",\"url\":\"https:\/\/yogajagat.com\/\",\"name\":\"Sch\u00f6nheit der Ver\u00e4nderung\",\"description\":\"Mit st\u00e4ndiger Ver\u00e4nderung zum sch\u00f6nsten Lebenserfahrung\",\"publisher\":{\"@id\":\"https:\/\/yogajagat.com\/#organization\"},\"potentialAction\":[{\"@type\":\"SearchAction\",\"target\":{\"@type\":\"EntryPoint\",\"urlTemplate\":\"https:\/\/yogajagat.com\/?s={search_term_string}\"},\"query-input\":\"required name=search_term_string\"}],\"inLanguage\":\"de\"},{\"@type\":\"ImageObject\",\"@id\":\"https:\/\/yogajagat.com\/short-warm-message-to-yoga-teachers\/#primaryimage\",\"inLanguage\":\"de\",\"url\":\"http:\/\/yogajagat.com\/wp-content\/uploads\/2020\/01\/DSC05479.jpg-1-768x1024-2.jpg\",\"contentUrl\":\"http:\/\/yogajagat.com\/wp-content\/uploads\/2020\/01\/DSC05479.jpg-1-768x1024-2.jpg\"},{\"@type\":\"WebPage\",\"@id\":\"https:\/\/yogajagat.com\/short-warm-message-to-yoga-teachers\/#webpage\",\"url\":\"https:\/\/yogajagat.com\/short-warm-message-to-yoga-teachers\/\",\"name\":\"- Sch\u00f6nheit der Ver\u00e4nderung\",\"isPartOf\":{\"@id\":\"https:\/\/yogajagat.com\/#website\"},\"primaryImageOfPage\":{\"@id\":\"https:\/\/yogajagat.com\/short-warm-message-to-yoga-teachers\/#primaryimage\"},\"datePublished\":\"2020-01-16T18:41:33+00:00\",\"dateModified\":\"2020-02-28T21:12:47+00:00\",\"description\":\"\",\"breadcrumb\":{\"@id\":\"https:\/\/yogajagat.com\/short-warm-message-to-yoga-teachers\/#breadcrumb\"},\"inLanguage\":\"de\",\"potentialAction\":[{\"@type\":\"ReadAction\",\"target\":[\"https:\/\/yogajagat.com\/short-warm-message-to-yoga-teachers\/\"]}]},{\"@type\":\"BreadcrumbList\",\"@id\":\"https:\/\/yogajagat.com\/short-warm-message-to-yoga-teachers\/#breadcrumb\",\"itemListElement\":[{\"@type\":\"ListItem\",\"position\":1,\"name\":\"Home\",\"item\":\"https:\/\/yogajagat.com\/sr\/\"},{\"@type\":\"ListItem\",\"position\":2,\"name\":\"Short Warm Message to Yoga Teachers\"}]}]}<\/script>\n<!-- \/ Yoast SEO plugin. -->","yoast_head_json":{"title":"- Sch\u00f6nheit der Ver\u00e4nderung","robots":{"index":"index","follow":"follow","max-snippet":"max-snippet:-1","max-image-preview":"max-image-preview:large","max-video-preview":"max-video-preview:-1"},"canonical":"https:\/\/yogajagat.com\/short-warm-message-to-yoga-teachers\/","twitter_misc":{"Gesch\u00e4tzte Lesezeit":"3\u00a0Minuten"},"schema":{"@context":"https:\/\/schema.org","@graph":[{"@type":"Organization","@id":"https:\/\/yogajagat.com\/#organization","name":"Yogajagat","url":"https:\/\/yogajagat.com\/","sameAs":[],"logo":{"@type":"ImageObject","@id":"https:\/\/yogajagat.com\/#logo","inLanguage":"de","url":"https:\/\/i1.wp.com\/yogajagat.com\/wp-content\/uploads\/2019\/03\/DSC08478-Kopie-1.jpg?fit=798%2C800&ssl=1","contentUrl":"https:\/\/i1.wp.com\/yogajagat.com\/wp-content\/uploads\/2019\/03\/DSC08478-Kopie-1.jpg?fit=798%2C800&ssl=1","width":798,"height":800,"caption":"Yogajagat"},"image":{"@id":"https:\/\/yogajagat.com\/#logo"}},{"@type":"WebSite","@id":"https:\/\/yogajagat.com\/#website","url":"https:\/\/yogajagat.com\/","name":"Sch\u00f6nheit der Ver\u00e4nderung","description":"Mit st\u00e4ndiger Ver\u00e4nderung zum sch\u00f6nsten Lebenserfahrung","publisher":{"@id":"https:\/\/yogajagat.com\/#organization"},"potentialAction":[{"@type":"SearchAction","target":{"@type":"EntryPoint","urlTemplate":"https:\/\/yogajagat.com\/?s={search_term_string}"},"query-input":"required name=search_term_string"}],"inLanguage":"de"},{"@type":"ImageObject","@id":"https:\/\/yogajagat.com\/short-warm-message-to-yoga-teachers\/#primaryimage","inLanguage":"de","url":"http:\/\/yogajagat.com\/wp-content\/uploads\/2020\/01\/DSC05479.jpg-1-768x1024-2.jpg","contentUrl":"http:\/\/yogajagat.com\/wp-content\/uploads\/2020\/01\/DSC05479.jpg-1-768x1024-2.jpg"},{"@type":"WebPage","@id":"https:\/\/yogajagat.com\/short-warm-message-to-yoga-teachers\/#webpage","url":"https:\/\/yogajagat.com\/short-warm-message-to-yoga-teachers\/","name":"- Sch\u00f6nheit der Ver\u00e4nderung","isPartOf":{"@id":"https:\/\/yogajagat.com\/#website"},"primaryImageOfPage":{"@id":"https:\/\/yogajagat.com\/short-warm-message-to-yoga-teachers\/#primaryimage"},"datePublished":"2020-01-16T18:41:33+00:00","dateModified":"2020-02-28T21:12:47+00:00","description":"","breadcrumb":{"@id":"https:\/\/yogajagat.com\/short-warm-message-to-yoga-teachers\/#breadcrumb"},"inLanguage":"de","potentialAction":[{"@type":"ReadAction","target":["https:\/\/yogajagat.com\/short-warm-message-to-yoga-teachers\/"]}]},{"@type":"BreadcrumbList","@id":"https:\/\/yogajagat.com\/short-warm-message-to-yoga-teachers\/#breadcrumb","itemListElement":[{"@type":"ListItem","position":1,"name":"Home","item":"https:\/\/yogajagat.com\/sr\/"},{"@type":"ListItem","position":2,"name":"Short Warm Message to Yoga Teachers"}]}]}},"_links":{"self":[{"href":"https:\/\/yogajagat.com\/de\/wp-json\/wp\/v2\/pages\/4423"}],"collection":[{"href":"https:\/\/yogajagat.com\/de\/wp-json\/wp\/v2\/pages"}],"about":[{"href":"https:\/\/yogajagat.com\/de\/wp-json\/wp\/v2\/types\/page"}],"author":[{"embeddable":true,"href":"https:\/\/yogajagat.com\/de\/wp-json\/wp\/v2\/users\/1"}],"replies":[{"embeddable":true,"href":"https:\/\/yogajagat.com\/de\/wp-json\/wp\/v2\/comments?post=4423"}],"version-history":[{"count":30,"href":"https:\/\/yogajagat.com\/de\/wp-json\/wp\/v2\/pages\/4423\/revisions"}],"predecessor-version":[{"id":5602,"href":"https:\/\/yogajagat.com\/de\/wp-json\/wp\/v2\/pages\/4423\/revisions\/5602"}],"wp:attachment":[{"href":"https:\/\/yogajagat.com\/de\/wp-json\/wp\/v2\/media?parent=4423"}],"curies":[{"name":"wp","href":"https:\/\/api.w.org\/{rel}","templated":true}]}}