{"id":4406,"date":"2020-01-16T14:40:18","date_gmt":"2020-01-16T13:40:18","guid":{"rendered":"http:\/\/yogajagat.com\/?page_id=4406"},"modified":"2020-01-22T23:08:52","modified_gmt":"2020-01-22T22:08:52","slug":"asana-sequence-yogajagat-school","status":"publish","type":"page","link":"https:\/\/yogajagat.com\/de\/asana-reihenfolge-hatha-yogaschule-yogajagat\/","title":{"rendered":"Asana Reihenfolge Hatha Yogaschule Yogajagat"},"content":{"rendered":"[vc_row][vc_column][vc_column_text]\n<h3 style=\"text-align: center;\"><span style=\"color: #993300;\">THE ASANA SEQUENCE<\/span><\/h3>\n<hr \/>\n<p>&nbsp;<\/p>\n<p><em>What Asana Sequence is practiced at this School?<\/em><\/p>\n<p>The teaching in this Yoga school (not studio) is based on the original roots in traditional Hatha Yoga and the root of traditional Hatha Yoga is Tantra.<\/p>\n<p>Tantra is the ancient science and the path of human being to his highest powers, creative forces and a fully open heart. (you can get a lot more information about tantra by typing the word tantra into the search box in the upper left corner of this site)<\/p>\n<p>The science of <a href=\"https:\/\/yogajagat.com\/ancient-teachings-vijnana-bhairava-tantra\/\"><span style=\"color: #993300;\">Tantra<\/span><\/a> sees the manifestation of the Soul occurring in a certain sequence. As Hatha Yoga is part of Tantra, it sees the manifestation of the Soul in exactly the same order as Tantra. This order on the physic and psycho-energetic level begins on the crown of the head and moves down to the navel center. Hence, from the gross matter to the subtle.<\/p>\n<p>This sequence of Yoga<a href=\"https:\/\/yogajagat.com\/yoga-postures-practice-of-asana-body-postures\/\"><span style=\"color: #993300;\"> Asanas<\/span> <\/a>with many variations has brought a lot of transformation and beauty to myself and this is the sequence that is practiced in my classes.<\/p>\n<div id=\"attachment_1289\" style=\"width: 310px\" class=\"wp-caption alignright\"><img aria-describedby=\"caption-attachment-1289\" loading=\"lazy\" class=\"wp-image-1289 size-medium\" src=\"https:\/\/i1.wp.com\/yogajagat.com\/wp-content\/uploads\/2016\/05\/DSC07185-300x225.jpg?resize=300%2C225\" alt=\"shiva the father of yoga asana sequence sekvenca \" width=\"300\" height=\"225\" srcset=\"https:\/\/i1.wp.com\/yogajagat.com\/wp-content\/uploads\/2016\/05\/DSC07185.jpg?resize=300%2C225&amp;ssl=1 300w, https:\/\/i1.wp.com\/yogajagat.com\/wp-content\/uploads\/2016\/05\/DSC07185.jpg?resize=768%2C576&amp;ssl=1 768w, https:\/\/i1.wp.com\/yogajagat.com\/wp-content\/uploads\/2016\/05\/DSC07185.jpg?resize=1024%2C768&amp;ssl=1 1024w, https:\/\/i1.wp.com\/yogajagat.com\/wp-content\/uploads\/2016\/05\/DSC07185.jpg?w=1280&amp;ssl=1 1280w\" sizes=\"(max-width: 300px) 100vw, 300px\" data-recalc-dims=\"1\" \/><p id=\"caption-attachment-1289\" class=\"wp-caption-text\">Shiva, \u201ethe father of Yoga\u201c. The original tradition of Hatha Yoga follows the same sequence of the Shiva\u2019s teachings.<\/p><\/div>\n<p>I suggest you regular practice.<\/p>\n<p>If you happen to be in the vicinity of Cologne, Germany, you are most warmly welcome to take classes. On the attached pages you can read about art of teaching, what you can expect and what you need to bring to the class.<\/p>\n<p>&nbsp;<\/p>\n<p>All other informations you are looking for you will find on the entire book-website Yogajagat.com[\/vc_column_text][\/vc_column][\/vc_row][vc_row][vc_column][vc_custom_heading text=&#8220;Practicing Yoga Asanas&#8220; font_container=&#8220;tag:h2|text_align:center|color:%231988aa&#8220; google_fonts=&#8220;font_family:Ubuntu%3A300%2C300italic%2Cregular%2Citalic%2C500%2C500italic%2C700%2C700italic|font_style:300%20light%20italic%3A300%3Aitalic&#8220;][\/vc_column][\/vc_row][vc_row][vc_column][vc_column_text]\n<hr \/>\n<p>&nbsp;<\/p>\n<p>Between asanas we make a short brake. There are many reasons for that. This way of practicing makes a lot of sense on all levels of body systems, from detoxification of tissues and the entire body to complete calming down the entire nervous system.<\/p>\n<p>&nbsp;<\/p>\n[\/vc_column_text][\/vc_column][\/vc_row][vc_row][vc_column][vc_column_text]<span style=\"color: #008080;\">It is always wise for each person to try out for himself his own ways to his inner Change and inner Serenity, and universal Peace and Love.<\/span><\/p>\n<p><span style=\"color: #008080;\">Nothing on Earth is more valuable than that.<\/span><\/p>\n<p><span style=\"color: #008080;\">I am supporting you on that path with all my heart.<\/span>[\/vc_column_text][\/vc_column][\/vc_row]\n","protected":false},"excerpt":{"rendered":"<p>[vc_row][vc_column][vc_column_text]<br \/>\nTHE ASANA SEQUENCE<\/p>\n<p>&nbsp;<br \/>\nWhat Asana Sequence is practiced at this School?<br \/>\nThe teaching in this Yoga school (not studio) is based on the original roots in traditional Hatha Yoga and the root of traditional Hatha Yoga is Tantra.<br \/>\nTantra is the ancient science and the path of human being to his highest powers, creative forces and a fully open heart. (you can get a lot more information about tantra by typing the word tantra into the search &#8230;<\/p>\n","protected":false},"author":1,"featured_media":0,"parent":0,"menu_order":0,"comment_status":"closed","ping_status":"closed","template":"template-full-width.php","meta":{"_bbp_topic_count":0,"_bbp_reply_count":0,"_bbp_total_topic_count":0,"_bbp_total_reply_count":0,"_bbp_voice_count":0,"_bbp_anonymous_reply_count":0,"_bbp_topic_count_hidden":0,"_bbp_reply_count_hidden":0,"_bbp_forum_subforum_count":0,"inline_featured_image":false,"spay_email":""},"translation":{"provider":"WPGlobus","version":"3.0.1","language":"de","enabled_languages":["en","de","sr"],"languages":{"en":{"title":true,"content":true,"excerpt":false},"de":{"title":true,"content":false,"excerpt":false},"sr":{"title":true,"content":true,"excerpt":false}}},"yoast_head":"<!-- This site is optimized with the Yoast SEO plugin v18.3 - https:\/\/yoast.com\/wordpress\/plugins\/seo\/ -->\n<title>Asana Reihenfolge Hatha Yogaschule Yogajagat - Sch\u00f6nheit der Ver\u00e4nderung<\/title>\n<meta name=\"description\" content=\"Asana Reihenfolge... Was ist Tantra... Wer ist Shiva... Wie praktiziert man Yoga Asanas... Wer ist ein weiser Aspirant...\" \/>\n<meta name=\"robots\" content=\"index, follow, max-snippet:-1, max-image-preview:large, max-video-preview:-1\" \/>\n<link rel=\"canonical\" href=\"https:\/\/yogajagat.com\/asana-sequence-yogajagat-school\/\" \/>\n<meta name=\"twitter:label1\" content=\"Gesch\u00e4tzte Lesezeit\" \/>\n\t<meta name=\"twitter:data1\" content=\"5\u00a0Minuten\" \/>\n<script type=\"application\/ld+json\" class=\"yoast-schema-graph\">{\"@context\":\"https:\/\/schema.org\",\"@graph\":[{\"@type\":\"Organization\",\"@id\":\"https:\/\/yogajagat.com\/#organization\",\"name\":\"Yogajagat\",\"url\":\"https:\/\/yogajagat.com\/\",\"sameAs\":[],\"logo\":{\"@type\":\"ImageObject\",\"@id\":\"https:\/\/yogajagat.com\/#logo\",\"inLanguage\":\"de\",\"url\":\"https:\/\/i1.wp.com\/yogajagat.com\/wp-content\/uploads\/2019\/03\/DSC08478-Kopie-1.jpg?fit=798%2C800&ssl=1\",\"contentUrl\":\"https:\/\/i1.wp.com\/yogajagat.com\/wp-content\/uploads\/2019\/03\/DSC08478-Kopie-1.jpg?fit=798%2C800&ssl=1\",\"width\":798,\"height\":800,\"caption\":\"Yogajagat\"},\"image\":{\"@id\":\"https:\/\/yogajagat.com\/#logo\"}},{\"@type\":\"WebSite\",\"@id\":\"https:\/\/yogajagat.com\/#website\",\"url\":\"https:\/\/yogajagat.com\/\",\"name\":\"Sch\u00f6nheit der Ver\u00e4nderung\",\"description\":\"Mit st\u00e4ndiger Ver\u00e4nderung zum sch\u00f6nsten Lebenserfahrung\",\"publisher\":{\"@id\":\"https:\/\/yogajagat.com\/#organization\"},\"potentialAction\":[{\"@type\":\"SearchAction\",\"target\":{\"@type\":\"EntryPoint\",\"urlTemplate\":\"https:\/\/yogajagat.com\/?s={search_term_string}\"},\"query-input\":\"required name=search_term_string\"}],\"inLanguage\":\"de\"},{\"@type\":\"ImageObject\",\"@id\":\"https:\/\/yogajagat.com\/asana-sequence-yogajagat-school\/#primaryimage\",\"inLanguage\":\"de\",\"url\":\"http:\/\/yogajagat.com\/wp-content\/uploads\/2016\/05\/DSC07185-300x225.jpg\",\"contentUrl\":\"http:\/\/yogajagat.com\/wp-content\/uploads\/2016\/05\/DSC07185-300x225.jpg\"},{\"@type\":\"WebPage\",\"@id\":\"https:\/\/yogajagat.com\/asana-sequence-yogajagat-school\/#webpage\",\"url\":\"https:\/\/yogajagat.com\/asana-sequence-yogajagat-school\/\",\"name\":\"Asana Reihenfolge Hatha Yogaschule Yogajagat - Sch\u00f6nheit der Ver\u00e4nderung\",\"isPartOf\":{\"@id\":\"https:\/\/yogajagat.com\/#website\"},\"primaryImageOfPage\":{\"@id\":\"https:\/\/yogajagat.com\/asana-sequence-yogajagat-school\/#primaryimage\"},\"datePublished\":\"2020-01-16T13:40:18+00:00\",\"dateModified\":\"2020-01-22T22:08:52+00:00\",\"description\":\"Asana Reihenfolge... Was ist Tantra... Wer ist Shiva... Wie praktiziert man Yoga Asanas... Wer ist ein weiser Aspirant...\",\"breadcrumb\":{\"@id\":\"https:\/\/yogajagat.com\/asana-sequence-yogajagat-school\/#breadcrumb\"},\"inLanguage\":\"de\",\"potentialAction\":[{\"@type\":\"ReadAction\",\"target\":[\"https:\/\/yogajagat.com\/asana-sequence-yogajagat-school\/\"]}]},{\"@type\":\"BreadcrumbList\",\"@id\":\"https:\/\/yogajagat.com\/asana-sequence-yogajagat-school\/#breadcrumb\",\"itemListElement\":[{\"@type\":\"ListItem\",\"position\":1,\"name\":\"Home\",\"item\":\"https:\/\/yogajagat.com\/sr\/\"},{\"@type\":\"ListItem\",\"position\":2,\"name\":\"Asana Sequence Yogajagat School\"}]}]}<\/script>\n<!-- \/ Yoast SEO plugin. -->","yoast_head_json":{"title":"Asana Reihenfolge Hatha Yogaschule Yogajagat - Sch\u00f6nheit der Ver\u00e4nderung","description":"Asana Reihenfolge... Was ist Tantra... Wer ist Shiva... Wie praktiziert man Yoga Asanas... Wer ist ein weiser Aspirant...","robots":{"index":"index","follow":"follow","max-snippet":"max-snippet:-1","max-image-preview":"max-image-preview:large","max-video-preview":"max-video-preview:-1"},"canonical":"https:\/\/yogajagat.com\/asana-sequence-yogajagat-school\/","twitter_misc":{"Gesch\u00e4tzte Lesezeit":"5\u00a0Minuten"},"schema":{"@context":"https:\/\/schema.org","@graph":[{"@type":"Organization","@id":"https:\/\/yogajagat.com\/#organization","name":"Yogajagat","url":"https:\/\/yogajagat.com\/","sameAs":[],"logo":{"@type":"ImageObject","@id":"https:\/\/yogajagat.com\/#logo","inLanguage":"de","url":"https:\/\/i1.wp.com\/yogajagat.com\/wp-content\/uploads\/2019\/03\/DSC08478-Kopie-1.jpg?fit=798%2C800&ssl=1","contentUrl":"https:\/\/i1.wp.com\/yogajagat.com\/wp-content\/uploads\/2019\/03\/DSC08478-Kopie-1.jpg?fit=798%2C800&ssl=1","width":798,"height":800,"caption":"Yogajagat"},"image":{"@id":"https:\/\/yogajagat.com\/#logo"}},{"@type":"WebSite","@id":"https:\/\/yogajagat.com\/#website","url":"https:\/\/yogajagat.com\/","name":"Sch\u00f6nheit der Ver\u00e4nderung","description":"Mit st\u00e4ndiger Ver\u00e4nderung zum sch\u00f6nsten Lebenserfahrung","publisher":{"@id":"https:\/\/yogajagat.com\/#organization"},"potentialAction":[{"@type":"SearchAction","target":{"@type":"EntryPoint","urlTemplate":"https:\/\/yogajagat.com\/?s={search_term_string}"},"query-input":"required name=search_term_string"}],"inLanguage":"de"},{"@type":"ImageObject","@id":"https:\/\/yogajagat.com\/asana-sequence-yogajagat-school\/#primaryimage","inLanguage":"de","url":"http:\/\/yogajagat.com\/wp-content\/uploads\/2016\/05\/DSC07185-300x225.jpg","contentUrl":"http:\/\/yogajagat.com\/wp-content\/uploads\/2016\/05\/DSC07185-300x225.jpg"},{"@type":"WebPage","@id":"https:\/\/yogajagat.com\/asana-sequence-yogajagat-school\/#webpage","url":"https:\/\/yogajagat.com\/asana-sequence-yogajagat-school\/","name":"Asana Reihenfolge Hatha Yogaschule Yogajagat - Sch\u00f6nheit der Ver\u00e4nderung","isPartOf":{"@id":"https:\/\/yogajagat.com\/#website"},"primaryImageOfPage":{"@id":"https:\/\/yogajagat.com\/asana-sequence-yogajagat-school\/#primaryimage"},"datePublished":"2020-01-16T13:40:18+00:00","dateModified":"2020-01-22T22:08:52+00:00","description":"Asana Reihenfolge... Was ist Tantra... Wer ist Shiva... Wie praktiziert man Yoga Asanas... Wer ist ein weiser Aspirant...","breadcrumb":{"@id":"https:\/\/yogajagat.com\/asana-sequence-yogajagat-school\/#breadcrumb"},"inLanguage":"de","potentialAction":[{"@type":"ReadAction","target":["https:\/\/yogajagat.com\/asana-sequence-yogajagat-school\/"]}]},{"@type":"BreadcrumbList","@id":"https:\/\/yogajagat.com\/asana-sequence-yogajagat-school\/#breadcrumb","itemListElement":[{"@type":"ListItem","position":1,"name":"Home","item":"https:\/\/yogajagat.com\/sr\/"},{"@type":"ListItem","position":2,"name":"Asana Sequence Yogajagat School"}]}]}},"_links":{"self":[{"href":"https:\/\/yogajagat.com\/de\/wp-json\/wp\/v2\/pages\/4406"}],"collection":[{"href":"https:\/\/yogajagat.com\/de\/wp-json\/wp\/v2\/pages"}],"about":[{"href":"https:\/\/yogajagat.com\/de\/wp-json\/wp\/v2\/types\/page"}],"author":[{"embeddable":true,"href":"https:\/\/yogajagat.com\/de\/wp-json\/wp\/v2\/users\/1"}],"replies":[{"embeddable":true,"href":"https:\/\/yogajagat.com\/de\/wp-json\/wp\/v2\/comments?post=4406"}],"version-history":[{"count":30,"href":"https:\/\/yogajagat.com\/de\/wp-json\/wp\/v2\/pages\/4406\/revisions"}],"predecessor-version":[{"id":4882,"href":"https:\/\/yogajagat.com\/de\/wp-json\/wp\/v2\/pages\/4406\/revisions\/4882"}],"wp:attachment":[{"href":"https:\/\/yogajagat.com\/de\/wp-json\/wp\/v2\/media?parent=4406"}],"curies":[{"name":"wp","href":"https:\/\/api.w.org\/{rel}","templated":true}]}}