{"id":4401,"date":"2020-01-16T19:05:58","date_gmt":"2020-01-16T18:05:58","guid":{"rendered":"http:\/\/yogajagat.com\/?page_id=4401"},"modified":"2020-02-28T22:08:56","modified_gmt":"2020-02-28T21:08:56","slug":"clearing-up-confusion-in-life-and-about-hatha-yoga-classes","status":"publish","type":"page","link":"https:\/\/yogajagat.com\/de\/clearing-up-confusion-in-life-and-about-hatha-yoga-classes\/","title":{"rendered":"Clearing Up Confusion in Life and About Hatha Yoga Classes"},"content":{"rendered":"[vc_row][vc_column][vc_column_text]\n<h3 style=\"text-align: center;\"><span style=\"color: #993300;\">Clearing Up Confusion in Life and About Hatha Yoga Classes<\/span><\/h3>\n<hr \/>\n<p>&nbsp;<\/p>\n<p><em>We live in a time where\u00a0<\/em><a href=\"https:\/\/yogajagat.com\/unification-or-becoming-a-whole\/\"><strong><span style=\"color: #993300;\">Yoga<\/span> <\/strong><\/a><em>sadly has become a huge business but business that is far from any<\/em> <span style=\"color: #993300;\"><a style=\"color: #993300;\" href=\"https:\/\/yogajagat.com\/morality-life-shortcuts-responsibility\/\">moral rules<\/a> <\/span><em>of business.<br \/>\n<\/em><em>Those who have decided to stay away from that sad business, today, instead of few sentences on the true beauty and sincere simplicity of Yoga, have to write pages and pages.<br \/>\n<\/em><span style=\"color: #008080;\">There is a huge need for clearing up confusion in life and about Hatha Yoga classes.<\/span><\/p>\n<p>&nbsp;<\/p>\n<p>&nbsp;<\/p>\n<p>In these<a href=\"https:\/\/yogajagat.com\/yoga-asanas-images-yoga-postures-photos\/\"><span style=\"color: #993300;\"> images<em>\u00a0<\/em><\/span><\/a>you can see some of very advanced Yoga asanas but don\u2019t be confused, I do not teach most of these asanas in the classes.<\/p>\n<p>People who can perform such body postures do not need classes unless they did all the work for advertising something or someone else.\u00a0To my classes<a href=\"https:\/\/yogajagat.com\/art-of-teaching-hatha-yoga-mind-resistance\/\"><span style=\"color: #993300;\"> you don\u2019t need<\/span><\/a> to bring that obsession with you.<\/p>\n<p>I am more for the evolution of the wonderful human soul and for a joyful and non competitive performance of the body postures without sweating and pain.<\/p>\n<p>&nbsp;<\/p>\n<p>At my 50 my body is still more flexible than most of the bodies 20 years old and I still can perform plenty of very advanced\u00a0asanas whether they are named by the body parts, animals, sun, moon or gods.<\/p>\n<p>In a while, my practice and other circumstances naturally and spontaneously got me feeling like kind of prolonged tree, waterfall, photon, own maturity, someone else\u2019s hand or rip, beauty itself, gene, sky, day, night.<\/p>\n[\/vc_column_text][\/vc_column][\/vc_row][vc_row][vc_column][vc_custom_heading text=&#8220;What Matters in Life and in Hatha Yoga Classes&#8220; font_container=&#8220;tag:h2|text_align:center|color:%23dd9933&#8243; google_fonts=&#8220;font_family:Ubuntu%3A300%2C300italic%2Cregular%2Citalic%2C500%2C500italic%2C700%2C700italic|font_style:300%20light%20italic%3A300%3Aitalic&#8220;][\/vc_column][\/vc_row][vc_row][vc_column][vc_column_text]\n<hr \/>\n<p>&nbsp;<\/p>\n<p><span style=\"color: #993300;\">Important is not to judge, measure, miss-trust or to compare yourself with anything and anyone.<\/span><\/p>\n<p>&nbsp;<\/p>\n<p>The only things matter for you are to be your gentle self, be kind to yourself and to practice the things in a right manner.<\/p>\n<p>And the right things will come.<\/p>\n<p>&nbsp;<\/p>\n<p>Of course there are many who are keen to learn some of the interesting yoga postures like a headstand and I am teaching such advanced Asanas gladly. In Sanskrit it is called <em>Sirsasana <\/em>which literally means body posture on head.<\/p>\n<p>&nbsp;<\/p>\n<p>But have in mind that headstand is life-like, when you stop using shortcuts looking like an effortless jumping frog and when you learn how to use your<em> inner,<\/em> human power then you\u00a0will be able to bear your entire life on your own head. And much more.<\/p>\n<p>&nbsp;<\/p>\n<p>Of course you will need a steady body for it too (especially if you are a westerner because the body of \u00a0a Westerner, his entire approach to life and spirituality differs significantly from that of the East). It makes fun to try it and it depends on you, as I don\u2019t teach names of body postures but alive people.<\/p>\n<p>But please keep in mind that headstand definitely should not be the goal of human life.<\/p>\n<p>Body maneuver like a handstand has never been and will never be a true practice of Yoga that matters in any way.<\/p>\n<p>&nbsp;<\/p>\n<p style=\"text-align: left;\">It is always better to try yourself than to mere read the books or to let yourself be guided by other\u2019s opinions and rules.<\/p>\n<p style=\"text-align: left;\"><span style=\"color: #993300;\">The only real knowledge is the one that comes from the inner knowledge.<\/span><\/p>\n<p style=\"text-align: left;\"><span style=\"color: #993300;\">The inner knowledge comes from inner experiences.<\/span><\/p>\n<p style=\"text-align: left;\"><span style=\"color: #993300;\">The inner experiences come from the inner sacrifice.<\/span><\/p>\n<p>\u00a0[\/vc_column_text][\/vc_column][\/vc_row][vc_row][vc_column][vc_column_text]<img loading=\"lazy\" class=\"aligncenter size-full wp-image-1990\" src=\"https:\/\/i2.wp.com\/yogajagat.com\/wp-content\/uploads\/2018\/06\/DSC09093.jpg?resize=800%2C600\" alt=\"clear up confusion in life and taking hatha yoga classes\" width=\"800\" height=\"600\" srcset=\"https:\/\/i2.wp.com\/yogajagat.com\/wp-content\/uploads\/2018\/06\/DSC09093.jpg?w=800&amp;ssl=1 800w, https:\/\/i2.wp.com\/yogajagat.com\/wp-content\/uploads\/2018\/06\/DSC09093.jpg?resize=300%2C225&amp;ssl=1 300w, https:\/\/i2.wp.com\/yogajagat.com\/wp-content\/uploads\/2018\/06\/DSC09093.jpg?resize=768%2C576&amp;ssl=1 768w\" sizes=\"(max-width: 800px) 100vw, 800px\" data-recalc-dims=\"1\" \/>[\/vc_column_text][\/vc_column][\/vc_row][vc_row][vc_column][vc_column_text]There are countless<a href=\"https:\/\/yogajagat.com\/benefits-of-yoga-practice-yoga-an-ancient-message\/\"><span style=\"color: #993300;\"> benefits<\/span> <\/a>of Hatha Yoga practice. Besides that, every human being is a <a href=\"https:\/\/yogajagat.com\/every-human-being-is-a-true-treasure\/\"><span style=\"color: #993300;\">true treasure<\/span><\/a>.[\/vc_column_text][\/vc_column][\/vc_row]\n","protected":false},"excerpt":{"rendered":"<p>[vc_row][vc_column][vc_column_text]<br \/>\nClearing Up Confusion in Life and About Hatha Yoga Classes<\/p>\n<p>&nbsp;<br \/>\nWe live in a time where\u00a0Yoga sadly has become a huge business but business that is far from any moral rules of business.<br \/>\nThose who have decided to stay away from that sad business, today, instead of few sentences on the true beauty and sincere simplicity of Yoga, have to write pages and pages.<br \/>\nThere is a huge need for clearing up confusion in life and about &#8230;<\/p>\n","protected":false},"author":1,"featured_media":0,"parent":0,"menu_order":0,"comment_status":"closed","ping_status":"closed","template":"template-full-width.php","meta":{"_bbp_topic_count":0,"_bbp_reply_count":0,"_bbp_total_topic_count":0,"_bbp_total_reply_count":0,"_bbp_voice_count":0,"_bbp_anonymous_reply_count":0,"_bbp_topic_count_hidden":0,"_bbp_reply_count_hidden":0,"_bbp_forum_subforum_count":0,"inline_featured_image":false,"spay_email":""},"translation":{"provider":"WPGlobus","version":"3.0.1","language":"de","enabled_languages":["en","de","sr"],"languages":{"en":{"title":true,"content":true,"excerpt":false},"de":{"title":false,"content":false,"excerpt":false},"sr":{"title":true,"content":true,"excerpt":false}}},"yoast_head":"<!-- This site is optimized with the Yoast SEO plugin v18.3 - https:\/\/yoast.com\/wordpress\/plugins\/seo\/ -->\n<title>- Sch\u00f6nheit der Ver\u00e4nderung<\/title>\n<meta name=\"robots\" content=\"index, follow, max-snippet:-1, max-image-preview:large, max-video-preview:-1\" \/>\n<link rel=\"canonical\" href=\"https:\/\/yogajagat.com\/clearing-up-confusion-in-life-and-about-hatha-yoga-classes\/\" \/>\n<meta name=\"twitter:label1\" content=\"Gesch\u00e4tzte Lesezeit\" \/>\n\t<meta name=\"twitter:data1\" content=\"7\u00a0Minuten\" \/>\n<script type=\"application\/ld+json\" class=\"yoast-schema-graph\">{\"@context\":\"https:\/\/schema.org\",\"@graph\":[{\"@type\":\"Organization\",\"@id\":\"https:\/\/yogajagat.com\/#organization\",\"name\":\"Yogajagat\",\"url\":\"https:\/\/yogajagat.com\/\",\"sameAs\":[],\"logo\":{\"@type\":\"ImageObject\",\"@id\":\"https:\/\/yogajagat.com\/#logo\",\"inLanguage\":\"de\",\"url\":\"https:\/\/i1.wp.com\/yogajagat.com\/wp-content\/uploads\/2019\/03\/DSC08478-Kopie-1.jpg?fit=798%2C800&ssl=1\",\"contentUrl\":\"https:\/\/i1.wp.com\/yogajagat.com\/wp-content\/uploads\/2019\/03\/DSC08478-Kopie-1.jpg?fit=798%2C800&ssl=1\",\"width\":798,\"height\":800,\"caption\":\"Yogajagat\"},\"image\":{\"@id\":\"https:\/\/yogajagat.com\/#logo\"}},{\"@type\":\"WebSite\",\"@id\":\"https:\/\/yogajagat.com\/#website\",\"url\":\"https:\/\/yogajagat.com\/\",\"name\":\"Sch\u00f6nheit der Ver\u00e4nderung\",\"description\":\"Mit st\u00e4ndiger Ver\u00e4nderung zum sch\u00f6nsten Lebenserfahrung\",\"publisher\":{\"@id\":\"https:\/\/yogajagat.com\/#organization\"},\"potentialAction\":[{\"@type\":\"SearchAction\",\"target\":{\"@type\":\"EntryPoint\",\"urlTemplate\":\"https:\/\/yogajagat.com\/?s={search_term_string}\"},\"query-input\":\"required name=search_term_string\"}],\"inLanguage\":\"de\"},{\"@type\":\"ImageObject\",\"@id\":\"https:\/\/yogajagat.com\/clearing-up-confusion-in-life-and-about-hatha-yoga-classes\/#primaryimage\",\"inLanguage\":\"de\",\"url\":\"http:\/\/yogajagat.com\/wp-content\/uploads\/2018\/06\/DSC09093.jpg\",\"contentUrl\":\"http:\/\/yogajagat.com\/wp-content\/uploads\/2018\/06\/DSC09093.jpg\"},{\"@type\":\"WebPage\",\"@id\":\"https:\/\/yogajagat.com\/clearing-up-confusion-in-life-and-about-hatha-yoga-classes\/#webpage\",\"url\":\"https:\/\/yogajagat.com\/clearing-up-confusion-in-life-and-about-hatha-yoga-classes\/\",\"name\":\"- Sch\u00f6nheit der Ver\u00e4nderung\",\"isPartOf\":{\"@id\":\"https:\/\/yogajagat.com\/#website\"},\"primaryImageOfPage\":{\"@id\":\"https:\/\/yogajagat.com\/clearing-up-confusion-in-life-and-about-hatha-yoga-classes\/#primaryimage\"},\"datePublished\":\"2020-01-16T18:05:58+00:00\",\"dateModified\":\"2020-02-28T21:08:56+00:00\",\"description\":\"\",\"breadcrumb\":{\"@id\":\"https:\/\/yogajagat.com\/clearing-up-confusion-in-life-and-about-hatha-yoga-classes\/#breadcrumb\"},\"inLanguage\":\"de\",\"potentialAction\":[{\"@type\":\"ReadAction\",\"target\":[\"https:\/\/yogajagat.com\/clearing-up-confusion-in-life-and-about-hatha-yoga-classes\/\"]}]},{\"@type\":\"BreadcrumbList\",\"@id\":\"https:\/\/yogajagat.com\/clearing-up-confusion-in-life-and-about-hatha-yoga-classes\/#breadcrumb\",\"itemListElement\":[{\"@type\":\"ListItem\",\"position\":1,\"name\":\"Home\",\"item\":\"https:\/\/yogajagat.com\/sr\/\"},{\"@type\":\"ListItem\",\"position\":2,\"name\":\"Clearing Up Confusion in Life and About Hatha Yoga Classes\"}]}]}<\/script>\n<!-- \/ Yoast SEO plugin. -->","yoast_head_json":{"title":"- Sch\u00f6nheit der Ver\u00e4nderung","robots":{"index":"index","follow":"follow","max-snippet":"max-snippet:-1","max-image-preview":"max-image-preview:large","max-video-preview":"max-video-preview:-1"},"canonical":"https:\/\/yogajagat.com\/clearing-up-confusion-in-life-and-about-hatha-yoga-classes\/","twitter_misc":{"Gesch\u00e4tzte Lesezeit":"7\u00a0Minuten"},"schema":{"@context":"https:\/\/schema.org","@graph":[{"@type":"Organization","@id":"https:\/\/yogajagat.com\/#organization","name":"Yogajagat","url":"https:\/\/yogajagat.com\/","sameAs":[],"logo":{"@type":"ImageObject","@id":"https:\/\/yogajagat.com\/#logo","inLanguage":"de","url":"https:\/\/i1.wp.com\/yogajagat.com\/wp-content\/uploads\/2019\/03\/DSC08478-Kopie-1.jpg?fit=798%2C800&ssl=1","contentUrl":"https:\/\/i1.wp.com\/yogajagat.com\/wp-content\/uploads\/2019\/03\/DSC08478-Kopie-1.jpg?fit=798%2C800&ssl=1","width":798,"height":800,"caption":"Yogajagat"},"image":{"@id":"https:\/\/yogajagat.com\/#logo"}},{"@type":"WebSite","@id":"https:\/\/yogajagat.com\/#website","url":"https:\/\/yogajagat.com\/","name":"Sch\u00f6nheit der Ver\u00e4nderung","description":"Mit st\u00e4ndiger Ver\u00e4nderung zum sch\u00f6nsten Lebenserfahrung","publisher":{"@id":"https:\/\/yogajagat.com\/#organization"},"potentialAction":[{"@type":"SearchAction","target":{"@type":"EntryPoint","urlTemplate":"https:\/\/yogajagat.com\/?s={search_term_string}"},"query-input":"required name=search_term_string"}],"inLanguage":"de"},{"@type":"ImageObject","@id":"https:\/\/yogajagat.com\/clearing-up-confusion-in-life-and-about-hatha-yoga-classes\/#primaryimage","inLanguage":"de","url":"http:\/\/yogajagat.com\/wp-content\/uploads\/2018\/06\/DSC09093.jpg","contentUrl":"http:\/\/yogajagat.com\/wp-content\/uploads\/2018\/06\/DSC09093.jpg"},{"@type":"WebPage","@id":"https:\/\/yogajagat.com\/clearing-up-confusion-in-life-and-about-hatha-yoga-classes\/#webpage","url":"https:\/\/yogajagat.com\/clearing-up-confusion-in-life-and-about-hatha-yoga-classes\/","name":"- Sch\u00f6nheit der Ver\u00e4nderung","isPartOf":{"@id":"https:\/\/yogajagat.com\/#website"},"primaryImageOfPage":{"@id":"https:\/\/yogajagat.com\/clearing-up-confusion-in-life-and-about-hatha-yoga-classes\/#primaryimage"},"datePublished":"2020-01-16T18:05:58+00:00","dateModified":"2020-02-28T21:08:56+00:00","description":"","breadcrumb":{"@id":"https:\/\/yogajagat.com\/clearing-up-confusion-in-life-and-about-hatha-yoga-classes\/#breadcrumb"},"inLanguage":"de","potentialAction":[{"@type":"ReadAction","target":["https:\/\/yogajagat.com\/clearing-up-confusion-in-life-and-about-hatha-yoga-classes\/"]}]},{"@type":"BreadcrumbList","@id":"https:\/\/yogajagat.com\/clearing-up-confusion-in-life-and-about-hatha-yoga-classes\/#breadcrumb","itemListElement":[{"@type":"ListItem","position":1,"name":"Home","item":"https:\/\/yogajagat.com\/sr\/"},{"@type":"ListItem","position":2,"name":"Clearing Up Confusion in Life and About Hatha Yoga Classes"}]}]}},"_links":{"self":[{"href":"https:\/\/yogajagat.com\/de\/wp-json\/wp\/v2\/pages\/4401"}],"collection":[{"href":"https:\/\/yogajagat.com\/de\/wp-json\/wp\/v2\/pages"}],"about":[{"href":"https:\/\/yogajagat.com\/de\/wp-json\/wp\/v2\/types\/page"}],"author":[{"embeddable":true,"href":"https:\/\/yogajagat.com\/de\/wp-json\/wp\/v2\/users\/1"}],"replies":[{"embeddable":true,"href":"https:\/\/yogajagat.com\/de\/wp-json\/wp\/v2\/comments?post=4401"}],"version-history":[{"count":25,"href":"https:\/\/yogajagat.com\/de\/wp-json\/wp\/v2\/pages\/4401\/revisions"}],"predecessor-version":[{"id":5600,"href":"https:\/\/yogajagat.com\/de\/wp-json\/wp\/v2\/pages\/4401\/revisions\/5600"}],"wp:attachment":[{"href":"https:\/\/yogajagat.com\/de\/wp-json\/wp\/v2\/media?parent=4401"}],"curies":[{"name":"wp","href":"https:\/\/api.w.org\/{rel}","templated":true}]}}