{"id":4380,"date":"2020-01-16T17:19:15","date_gmt":"2020-01-16T16:19:15","guid":{"rendered":"http:\/\/yogajagat.com\/?page_id=4380"},"modified":"2020-02-28T22:04:22","modified_gmt":"2020-02-28T21:04:22","slug":"what-i-promise-you-coming-to-hatha-yoga-classes","status":"publish","type":"page","link":"https:\/\/yogajagat.com\/de\/what-i-promise-you-coming-to-hatha-yoga-classes\/","title":{"rendered":"What I Promise You Coming to Hatha Yoga Classes"},"content":{"rendered":"[vc_row][vc_column][vc_column_text]\n<h3><\/h3>\n<h3><\/h3>\n<h3 style=\"text-align: center;\"><span style=\"color: #993300;\">What I Promise You<\/span><\/h3>\n<hr \/>\n<p>&nbsp;<\/p>\n<p>I promise you nothing.<\/p>\n<p>Taking part in my Hatha Yoga classes I do not promise you anything. Neither that you will be flexible as a rubber, nor that you will lose your weight nor that you will become <span style=\"color: #993300;\">Yoga<\/span> yourself.<\/p>\n<p>&nbsp;<\/p>\n[\/vc_column_text][\/vc_column][\/vc_row][vc_row][vc_column][vc_custom_heading text=&#8220;What Matters Most in Life and in Practice of Hatha Yoga&#8220; font_container=&#8220;tag:h2|text_align:center|color:%231da3b7&#8243; google_fonts=&#8220;font_family:Ubuntu%3A300%2C300italic%2Cregular%2Citalic%2C500%2C500italic%2C700%2C700italic|font_style:300%20light%20italic%3A300%3Aitalic&#8220;][\/vc_column][\/vc_row][vc_row][vc_column][vc_column_text]\n<hr \/>\n<p>&nbsp;<\/p>\n<p>As Yoga is not a fitness but the<a href=\"https:\/\/yogajagat.com\/unification-or-becoming-a-whole\/\"> <span style=\"color: #993300;\">science of the soul<\/span>,<\/a> if you practice Yoga techniques:<\/p>\n<p><span style=\"color: #993300;\">with big humility, <\/span><\/p>\n<p><span style=\"color: #993300;\">with honesty,<\/span><\/p>\n<p><span style=\"color: #993300;\">with patience, <\/span><\/p>\n<p><span style=\"color: #993300;\">with deep understanding of softness, <\/span><\/p>\n<p><span style=\"color: #993300;\">with proper diet and self control, <\/span><\/p>\n<p><span style=\"color: #993300;\">with tolerance toward and acceptance of your own weaknesses be these of your joints or your mind, <\/span><\/p>\n<p><span style=\"color: #993300;\">with strong willpower to overcome your own past, your laziness, your need for imitation, your prejudice, anger, enviousness, hate, jealousy, desire to be better than others or feeling that you are worse than others, <\/span><\/p>\n<p><span style=\"color: #993300;\">you are on the best way to open your body and mind.<\/span><\/p>\n<p>&nbsp;<\/p>\n<p>The main thing that matters on this path is that you have to truly critically explore deep basis of your own being and consciousness.<\/p>\n<p>And the results will come.<\/p>\n[\/vc_column_text][\/vc_column][\/vc_row][vc_row][vc_column][vc_custom_heading text=&#8220;You Have My Support&#8220; font_container=&#8220;tag:h2|text_align:center|color:%231da3b7&#8243; google_fonts=&#8220;font_family:Ubuntu%3A300%2C300italic%2Cregular%2Citalic%2C500%2C500italic%2C700%2C700italic|font_style:300%20light%20italic%3A300%3Aitalic&#8220;][vc_column_text]\n<hr \/>\n<p>&nbsp;<\/p>\n<p>I am supporting you in all this with all my heart and experience.<\/p>\n<p>Every <a href=\"https:\/\/yogajagat.com\/every-human-being-is-a-true-treasure\/\"><span style=\"color: #993300;\">human is a true treasure<\/span><\/a>\u00a0and every single human being has always been and will always be supported by me on his own path of understanding of his authentic own-self and living free of diseases of his body, mind, senses and spirit, as much as possible.<\/p>\n<p>&nbsp;<\/p>\n[\/vc_column_text][\/vc_column][\/vc_row][vc_row][vc_column][vc_custom_heading text=&#8220;The Real Knowledge Is a True Treasure&#8220; font_container=&#8220;tag:h2|text_align:center|color:%231da3b7&#8243; google_fonts=&#8220;font_family:Ubuntu%3A300%2C300italic%2Cregular%2Citalic%2C500%2C500italic%2C700%2C700italic|font_style:300%20light%20italic%3A300%3Aitalic&#8220;][\/vc_column][\/vc_row][vc_row][vc_column][vc_column_text]\n<hr \/>\n<p>&nbsp;<\/p>\n<p>It is always better to try yourself than to mere read the books or to let yourself be guided by other\u2019s opinions and rules.<\/p>\n<p>The only real knowledge is the one that comes from the inner knowledge.<\/p>\n<p>The inner knowledge comes from inner experiences.<\/p>\n<p>The inner experiences come from the inner sacrifice.<\/p>\n<p>&nbsp;<\/p>\n<p>Leonard Cohen says in his \u201cAnthem\u201d\u00a0<em>Forget your perfect offerings, let the light come in.<\/em><\/p>\n<p>&nbsp;<\/p>\n<p>Also leave your vast expectations behind and let the health come in.<\/p>\n<p>And the health will come.<\/p>\n<p>&nbsp;<\/p>\n<p style=\"text-align: center;\"><span style=\"color: #993300;\">Take a challenge.<\/span><\/p>\n[\/vc_column_text][vc_column_text]<img loading=\"lazy\" class=\"aligncenter size-full wp-image-4252\" src=\"https:\/\/i0.wp.com\/yogajagat.com\/wp-content\/uploads\/2019\/12\/DSC04691-2.jpg?resize=640%2C480\" alt=\"what i promise you\" width=\"640\" height=\"480\" srcset=\"https:\/\/i0.wp.com\/yogajagat.com\/wp-content\/uploads\/2019\/12\/DSC04691-2.jpg?w=640&amp;ssl=1 640w, https:\/\/i0.wp.com\/yogajagat.com\/wp-content\/uploads\/2019\/12\/DSC04691-2.jpg?resize=300%2C225&amp;ssl=1 300w\" sizes=\"(max-width: 640px) 100vw, 640px\" data-recalc-dims=\"1\" \/>[\/vc_column_text][\/vc_column][\/vc_row]\n","protected":false},"excerpt":{"rendered":"<p>[vc_row][vc_column][vc_column_text]<\/p>\n<p>\nWhat I Promise You<\/p>\n<p>&nbsp;<br \/>\nI promise you nothing.<br \/>\nTaking part in my Hatha Yoga classes I do not promise you anything. Neither that you will be flexible as a rubber, nor that you will lose your weight nor that you will become Yoga yourself.<br \/>\n&nbsp;<br \/>\n[\/vc_column_text][\/vc_column][\/vc_row][vc_row][vc_column][vc_custom_heading text=&#8220;What Matters Most in Life and in Practice of Hatha Yoga&#8220; font_container=&#8220;tag:h2|text_align:center|color:%231da3b7&#8243; google_fonts=&#8220;font_family:Ubuntu%3A300%2C300italic%2Cregular%2Citalic%2C500%2C500italic%2C700%2C700italic|font_style:300%20light%20italic%3A300%3Aitalic&#8220;][\/vc_column][\/vc_row][vc_row][vc_column][vc_column_text]<\/p>\n<p>&nbsp;<br \/>\nAs Yoga is not a fitness but the science of the soul, if you &#8230;<\/p>\n","protected":false},"author":1,"featured_media":0,"parent":0,"menu_order":0,"comment_status":"closed","ping_status":"closed","template":"template-full-width.php","meta":{"_bbp_topic_count":0,"_bbp_reply_count":0,"_bbp_total_topic_count":0,"_bbp_total_reply_count":0,"_bbp_voice_count":0,"_bbp_anonymous_reply_count":0,"_bbp_topic_count_hidden":0,"_bbp_reply_count_hidden":0,"_bbp_forum_subforum_count":0,"inline_featured_image":false,"spay_email":""},"translation":{"provider":"WPGlobus","version":"3.0.1","language":"de","enabled_languages":["en","de","sr"],"languages":{"en":{"title":true,"content":true,"excerpt":false},"de":{"title":false,"content":false,"excerpt":false},"sr":{"title":true,"content":true,"excerpt":false}}},"yoast_head":"<!-- This site is optimized with the Yoast SEO plugin v18.3 - https:\/\/yoast.com\/wordpress\/plugins\/seo\/ -->\n<title>- Sch\u00f6nheit der Ver\u00e4nderung<\/title>\n<meta name=\"robots\" content=\"index, follow, max-snippet:-1, max-image-preview:large, max-video-preview:-1\" \/>\n<link rel=\"canonical\" href=\"https:\/\/yogajagat.com\/what-i-promise-you-coming-to-hatha-yoga-classes\/\" \/>\n<meta name=\"twitter:label1\" content=\"Gesch\u00e4tzte Lesezeit\" \/>\n\t<meta name=\"twitter:data1\" content=\"6\u00a0Minuten\" \/>\n<script type=\"application\/ld+json\" class=\"yoast-schema-graph\">{\"@context\":\"https:\/\/schema.org\",\"@graph\":[{\"@type\":\"Organization\",\"@id\":\"https:\/\/yogajagat.com\/#organization\",\"name\":\"Yogajagat\",\"url\":\"https:\/\/yogajagat.com\/\",\"sameAs\":[],\"logo\":{\"@type\":\"ImageObject\",\"@id\":\"https:\/\/yogajagat.com\/#logo\",\"inLanguage\":\"de\",\"url\":\"https:\/\/i1.wp.com\/yogajagat.com\/wp-content\/uploads\/2019\/03\/DSC08478-Kopie-1.jpg?fit=798%2C800&ssl=1\",\"contentUrl\":\"https:\/\/i1.wp.com\/yogajagat.com\/wp-content\/uploads\/2019\/03\/DSC08478-Kopie-1.jpg?fit=798%2C800&ssl=1\",\"width\":798,\"height\":800,\"caption\":\"Yogajagat\"},\"image\":{\"@id\":\"https:\/\/yogajagat.com\/#logo\"}},{\"@type\":\"WebSite\",\"@id\":\"https:\/\/yogajagat.com\/#website\",\"url\":\"https:\/\/yogajagat.com\/\",\"name\":\"Sch\u00f6nheit der Ver\u00e4nderung\",\"description\":\"Mit st\u00e4ndiger Ver\u00e4nderung zum sch\u00f6nsten Lebenserfahrung\",\"publisher\":{\"@id\":\"https:\/\/yogajagat.com\/#organization\"},\"potentialAction\":[{\"@type\":\"SearchAction\",\"target\":{\"@type\":\"EntryPoint\",\"urlTemplate\":\"https:\/\/yogajagat.com\/?s={search_term_string}\"},\"query-input\":\"required name=search_term_string\"}],\"inLanguage\":\"de\"},{\"@type\":\"ImageObject\",\"@id\":\"https:\/\/yogajagat.com\/what-i-promise-you-coming-to-hatha-yoga-classes\/#primaryimage\",\"inLanguage\":\"de\",\"url\":\"http:\/\/yogajagat.com\/wp-content\/uploads\/2019\/12\/DSC04691-2.jpg\",\"contentUrl\":\"http:\/\/yogajagat.com\/wp-content\/uploads\/2019\/12\/DSC04691-2.jpg\"},{\"@type\":\"WebPage\",\"@id\":\"https:\/\/yogajagat.com\/what-i-promise-you-coming-to-hatha-yoga-classes\/#webpage\",\"url\":\"https:\/\/yogajagat.com\/what-i-promise-you-coming-to-hatha-yoga-classes\/\",\"name\":\"- Sch\u00f6nheit der Ver\u00e4nderung\",\"isPartOf\":{\"@id\":\"https:\/\/yogajagat.com\/#website\"},\"primaryImageOfPage\":{\"@id\":\"https:\/\/yogajagat.com\/what-i-promise-you-coming-to-hatha-yoga-classes\/#primaryimage\"},\"datePublished\":\"2020-01-16T16:19:15+00:00\",\"dateModified\":\"2020-02-28T21:04:22+00:00\",\"description\":\"\",\"breadcrumb\":{\"@id\":\"https:\/\/yogajagat.com\/what-i-promise-you-coming-to-hatha-yoga-classes\/#breadcrumb\"},\"inLanguage\":\"de\",\"potentialAction\":[{\"@type\":\"ReadAction\",\"target\":[\"https:\/\/yogajagat.com\/what-i-promise-you-coming-to-hatha-yoga-classes\/\"]}]},{\"@type\":\"BreadcrumbList\",\"@id\":\"https:\/\/yogajagat.com\/what-i-promise-you-coming-to-hatha-yoga-classes\/#breadcrumb\",\"itemListElement\":[{\"@type\":\"ListItem\",\"position\":1,\"name\":\"Home\",\"item\":\"https:\/\/yogajagat.com\/sr\/\"},{\"@type\":\"ListItem\",\"position\":2,\"name\":\"What I Promise You Coming to Hatha Yoga Classes\"}]}]}<\/script>\n<!-- \/ Yoast SEO plugin. -->","yoast_head_json":{"title":"- Sch\u00f6nheit der Ver\u00e4nderung","robots":{"index":"index","follow":"follow","max-snippet":"max-snippet:-1","max-image-preview":"max-image-preview:large","max-video-preview":"max-video-preview:-1"},"canonical":"https:\/\/yogajagat.com\/what-i-promise-you-coming-to-hatha-yoga-classes\/","twitter_misc":{"Gesch\u00e4tzte Lesezeit":"6\u00a0Minuten"},"schema":{"@context":"https:\/\/schema.org","@graph":[{"@type":"Organization","@id":"https:\/\/yogajagat.com\/#organization","name":"Yogajagat","url":"https:\/\/yogajagat.com\/","sameAs":[],"logo":{"@type":"ImageObject","@id":"https:\/\/yogajagat.com\/#logo","inLanguage":"de","url":"https:\/\/i1.wp.com\/yogajagat.com\/wp-content\/uploads\/2019\/03\/DSC08478-Kopie-1.jpg?fit=798%2C800&ssl=1","contentUrl":"https:\/\/i1.wp.com\/yogajagat.com\/wp-content\/uploads\/2019\/03\/DSC08478-Kopie-1.jpg?fit=798%2C800&ssl=1","width":798,"height":800,"caption":"Yogajagat"},"image":{"@id":"https:\/\/yogajagat.com\/#logo"}},{"@type":"WebSite","@id":"https:\/\/yogajagat.com\/#website","url":"https:\/\/yogajagat.com\/","name":"Sch\u00f6nheit der Ver\u00e4nderung","description":"Mit st\u00e4ndiger Ver\u00e4nderung zum sch\u00f6nsten Lebenserfahrung","publisher":{"@id":"https:\/\/yogajagat.com\/#organization"},"potentialAction":[{"@type":"SearchAction","target":{"@type":"EntryPoint","urlTemplate":"https:\/\/yogajagat.com\/?s={search_term_string}"},"query-input":"required name=search_term_string"}],"inLanguage":"de"},{"@type":"ImageObject","@id":"https:\/\/yogajagat.com\/what-i-promise-you-coming-to-hatha-yoga-classes\/#primaryimage","inLanguage":"de","url":"http:\/\/yogajagat.com\/wp-content\/uploads\/2019\/12\/DSC04691-2.jpg","contentUrl":"http:\/\/yogajagat.com\/wp-content\/uploads\/2019\/12\/DSC04691-2.jpg"},{"@type":"WebPage","@id":"https:\/\/yogajagat.com\/what-i-promise-you-coming-to-hatha-yoga-classes\/#webpage","url":"https:\/\/yogajagat.com\/what-i-promise-you-coming-to-hatha-yoga-classes\/","name":"- Sch\u00f6nheit der Ver\u00e4nderung","isPartOf":{"@id":"https:\/\/yogajagat.com\/#website"},"primaryImageOfPage":{"@id":"https:\/\/yogajagat.com\/what-i-promise-you-coming-to-hatha-yoga-classes\/#primaryimage"},"datePublished":"2020-01-16T16:19:15+00:00","dateModified":"2020-02-28T21:04:22+00:00","description":"","breadcrumb":{"@id":"https:\/\/yogajagat.com\/what-i-promise-you-coming-to-hatha-yoga-classes\/#breadcrumb"},"inLanguage":"de","potentialAction":[{"@type":"ReadAction","target":["https:\/\/yogajagat.com\/what-i-promise-you-coming-to-hatha-yoga-classes\/"]}]},{"@type":"BreadcrumbList","@id":"https:\/\/yogajagat.com\/what-i-promise-you-coming-to-hatha-yoga-classes\/#breadcrumb","itemListElement":[{"@type":"ListItem","position":1,"name":"Home","item":"https:\/\/yogajagat.com\/sr\/"},{"@type":"ListItem","position":2,"name":"What I Promise You Coming to Hatha Yoga Classes"}]}]}},"_links":{"self":[{"href":"https:\/\/yogajagat.com\/de\/wp-json\/wp\/v2\/pages\/4380"}],"collection":[{"href":"https:\/\/yogajagat.com\/de\/wp-json\/wp\/v2\/pages"}],"about":[{"href":"https:\/\/yogajagat.com\/de\/wp-json\/wp\/v2\/types\/page"}],"author":[{"embeddable":true,"href":"https:\/\/yogajagat.com\/de\/wp-json\/wp\/v2\/users\/1"}],"replies":[{"embeddable":true,"href":"https:\/\/yogajagat.com\/de\/wp-json\/wp\/v2\/comments?post=4380"}],"version-history":[{"count":34,"href":"https:\/\/yogajagat.com\/de\/wp-json\/wp\/v2\/pages\/4380\/revisions"}],"predecessor-version":[{"id":5598,"href":"https:\/\/yogajagat.com\/de\/wp-json\/wp\/v2\/pages\/4380\/revisions\/5598"}],"wp:attachment":[{"href":"https:\/\/yogajagat.com\/de\/wp-json\/wp\/v2\/media?parent=4380"}],"curies":[{"name":"wp","href":"https:\/\/api.w.org\/{rel}","templated":true}]}}