{"id":4353,"date":"2020-01-16T15:15:35","date_gmt":"2020-01-16T14:15:35","guid":{"rendered":"http:\/\/yogajagat.com\/?page_id=4353"},"modified":"2020-01-16T16:57:05","modified_gmt":"2020-01-16T15:57:05","slug":"every-human-being-is-a-true-treasure","status":"publish","type":"page","link":"https:\/\/yogajagat.com\/de\/every-human-being-is-a-true-treasure\/","title":{"rendered":"Every Human Being Is a True Treasure"},"content":{"rendered":"[vc_row][vc_column][vc_custom_heading text=&#8220;How Do I Teach Hatha Yoga&#8220; font_container=&#8220;tag:h2|text_align:center|color:%23bc6518&#8243; google_fonts=&#8220;font_family:Ubuntu%3A300%2C300italic%2Cregular%2Citalic%2C500%2C500italic%2C700%2C700italic|font_style:300%20light%20italic%3A300%3Aitalic&#8220;][\/vc_column][\/vc_row][vc_row][vc_column][vc_column_text]\n<hr \/>\n<p>&nbsp;<\/p>\n<h3 style=\"text-align: center;\"><span style=\"color: #33cccc;\">Every Human Being Is A True Treasure\u00a0<\/span><\/h3>\n<p>My feelings and convictions are that every human being is a true treasure. About how every human being is a true treasure and how it happened that he still knows nothing about that phenomenon, you can read on this entire book-website, page by page.<\/p>\n<p>How do I personally teach Hatha Yoga techniques?<\/p>\n<p>&nbsp;<\/p>\n<p>Without exception my heart welcomes each and everyone who wishes to come closer to the truth that every human being a true treasure.<\/p>\n<p>Without exceptions my heart welcomes all those who truly want to live, who want to take care of a joyful, healthy, satisfying existence full of pleasure but also who is ready to make the change within, who is open to calm down, to create new powers allowing himself to live the best of his own life.[\/vc_column_text][\/vc_column][\/vc_row][vc_row][vc_column][vc_custom_heading text=&#8220;Little Example&#8220; font_container=&#8220;tag:h2|text_align:center|color:%23dd9933&#8243; google_fonts=&#8220;font_family:Ubuntu%3A300%2C300italic%2Cregular%2Citalic%2C500%2C500italic%2C700%2C700italic|font_style:300%20light%20italic%3A300%3Aitalic&#8220;][\/vc_column][\/vc_row][vc_row][vc_column][vc_column_text]\n<hr \/>\n<p>&nbsp;<\/p>\n<p>Sun salutation is, for example salutation to the Sun which is Life and you are free to decide yourself how do you want to treat your life. Whether you want to be a solder to your life or to have most tender communication with yourself it is your personal choice.<\/p>\n<p>But remember, being kind to own life is always much profitable choice.<\/p>\n[\/vc_column_text][\/vc_column][\/vc_row][vc_row][vc_column][vc_custom_heading text=&#8220;Few Words From My Private Life&#8220; font_container=&#8220;tag:h2|text_align:center|color:%23dd9933&#8243; google_fonts=&#8220;font_family:Ubuntu%3A300%2C300italic%2Cregular%2Citalic%2C500%2C500italic%2C700%2C700italic|font_style:300%20light%20italic%3A300%3Aitalic&#8220;][\/vc_column][\/vc_row][vc_row][vc_column][vc_column_text]\n<hr \/>\n<p>&nbsp;<\/p>\n<p>Twins are usually operated from many things, they are born with some things more and some things less than usual siblings are.<\/p>\n<p>Being developed, born and having growing up as a twin, I have been naturally operated from greed and competition.<br \/>\nAlso artist and students of art are operated from some things. Living life as a student of art or an artist means that one is completely free to express himself. In such environment there is support and a mutual inspiration instead of competition. Having that life, I am very used to respect authenticity, softness and freedom of every life.<\/p>\n<p>As a big enemy of controlling, brain washing and manipulation with people and their emotions, feelings, mind, creativity, fantasy, belief systems, money or body I naturally do not do it to anyone else.<\/p>\n<p>To put me under control was an impossible mission for many even when I was a child.\u00a0Even my father who most of his life was a solder in his expression, wishes, heart and entire mind did not managed to control the way of my mind- and heart expressions.<\/p>\n[\/vc_column_text][vc_column_text]<img loading=\"lazy\" class=\"aligncenter size-full wp-image-4246\" src=\"https:\/\/i2.wp.com\/yogajagat.com\/wp-content\/uploads\/2019\/12\/DSC05009.jpg?resize=640%2C480\" alt=\"every human being is a true treasure\" width=\"640\" height=\"480\" srcset=\"https:\/\/i2.wp.com\/yogajagat.com\/wp-content\/uploads\/2019\/12\/DSC05009.jpg?w=640&amp;ssl=1 640w, https:\/\/i2.wp.com\/yogajagat.com\/wp-content\/uploads\/2019\/12\/DSC05009.jpg?resize=300%2C225&amp;ssl=1 300w\" sizes=\"(max-width: 640px) 100vw, 640px\" data-recalc-dims=\"1\" \/>[\/vc_column_text][vc_custom_heading text=&#8220;Yet In a Hatha Yoga Class&#8230;&#8220; font_container=&#8220;tag:h2|text_align:center|color:%23dd9933&#8243; google_fonts=&#8220;font_family:Ubuntu%3A300%2C300italic%2Cregular%2Citalic%2C500%2C500italic%2C700%2C700italic|font_style:300%20light%20italic%3A300%3Aitalic&#8220;][\/vc_column][\/vc_row][vc_row][vc_column][vc_column_text]\n<hr \/>\n<p>&nbsp;<\/p>\n<p>&#8230; one needs to use and move his body and an inadequate performing of postures leads to injuries of both the musculoskeletal and mind system. Your body and your mind are too precious to get so many injuries. A special pity is when you do it yourself own.<br \/>\nBeside that, there are no two identical spines in the world and no body is build like the other.<br \/>\nPractice smart.<\/p>\n<p style=\"text-align: center;\"><em>Every human being is a true treasure.<\/em><\/p>\n<p>Following and respecting this truth, with my vast experience on practicing (but never hurting any part of my body or mind), with my self studying and with long term teaching of <a href=\"https:\/\/yogajagat.com\/yoga-postures-practice-of-asana-body-postures\/\"><span style=\"color: #993300;\">Yoga asanas<\/span><\/a>, <a href=\"https:\/\/yogajagat.com\/pranayama-breathing-technique-state-of-tranquility\/\"><span style=\"color: #993300;\">Pranayama<\/span><\/a> and other Yoga sciences you will, according to the architecture of your body certainly get the instructions how to protect yourself from unnecessary injuries.\u00a0This will also help you to let your energy flow in its most authentic way and it will give you a hint how to awake your entire life on every level of your wonderful existence.<\/p>\n<p>&nbsp;<\/p>\n<p style=\"text-align: center;\">This is how I teach Hatha Yoga.<\/p>\n[\/vc_column_text][\/vc_column][\/vc_row]\n","protected":false},"excerpt":{"rendered":"<p>[vc_row][vc_column][vc_custom_heading text=&#8220;How Do I Teach Hatha Yoga&#8220; font_container=&#8220;tag:h2|text_align:center|color:%23bc6518&#8243; google_fonts=&#8220;font_family:Ubuntu%3A300%2C300italic%2Cregular%2Citalic%2C500%2C500italic%2C700%2C700italic|font_style:300%20light%20italic%3A300%3Aitalic&#8220;][\/vc_column][\/vc_row][vc_row][vc_column][vc_column_text]<\/p>\n<p>&nbsp;<br \/>\nEvery Human Being Is A True Treasure\u00a0<br \/>\nMy feelings and convictions are that every human being is a true treasure. About how every human being is a true treasure and how it happened that he still knows nothing about that phenomenon, you can read on this entire book-website, page by page.<br \/>\nHow do I personally teach Hatha Yoga techniques?<br \/>\n&nbsp;<br \/>\nWithout exception my heart welcomes each and everyone who &#8230;<\/p>\n","protected":false},"author":1,"featured_media":0,"parent":0,"menu_order":0,"comment_status":"closed","ping_status":"closed","template":"template-full-width.php","meta":{"_bbp_topic_count":0,"_bbp_reply_count":0,"_bbp_total_topic_count":0,"_bbp_total_reply_count":0,"_bbp_voice_count":0,"_bbp_anonymous_reply_count":0,"_bbp_topic_count_hidden":0,"_bbp_reply_count_hidden":0,"_bbp_forum_subforum_count":0,"inline_featured_image":false,"spay_email":""},"translation":{"provider":"WPGlobus","version":"3.0.1","language":"de","enabled_languages":["en","de","sr"],"languages":{"en":{"title":true,"content":true,"excerpt":false},"de":{"title":false,"content":false,"excerpt":false},"sr":{"title":true,"content":true,"excerpt":false}}},"yoast_head":"<!-- This site is optimized with the Yoast SEO plugin v18.3 - https:\/\/yoast.com\/wordpress\/plugins\/seo\/ -->\n<title>- Sch\u00f6nheit der Ver\u00e4nderung<\/title>\n<meta name=\"robots\" content=\"index, follow, max-snippet:-1, max-image-preview:large, max-video-preview:-1\" \/>\n<link rel=\"canonical\" href=\"https:\/\/yogajagat.com\/de\/every-human-being-is-a-true-treasure\/\" \/>\n<meta name=\"twitter:label1\" content=\"Gesch\u00e4tzte Lesezeit\" \/>\n\t<meta name=\"twitter:data1\" content=\"8\u00a0Minuten\" \/>\n<script type=\"application\/ld+json\" class=\"yoast-schema-graph\">{\"@context\":\"https:\/\/schema.org\",\"@graph\":[{\"@type\":\"Organization\",\"@id\":\"https:\/\/yogajagat.com\/#organization\",\"name\":\"Yogajagat\",\"url\":\"https:\/\/yogajagat.com\/\",\"sameAs\":[],\"logo\":{\"@type\":\"ImageObject\",\"@id\":\"https:\/\/yogajagat.com\/#logo\",\"inLanguage\":\"de\",\"url\":\"https:\/\/i1.wp.com\/yogajagat.com\/wp-content\/uploads\/2019\/03\/DSC08478-Kopie-1.jpg?fit=798%2C800&ssl=1\",\"contentUrl\":\"https:\/\/i1.wp.com\/yogajagat.com\/wp-content\/uploads\/2019\/03\/DSC08478-Kopie-1.jpg?fit=798%2C800&ssl=1\",\"width\":798,\"height\":800,\"caption\":\"Yogajagat\"},\"image\":{\"@id\":\"https:\/\/yogajagat.com\/#logo\"}},{\"@type\":\"WebSite\",\"@id\":\"https:\/\/yogajagat.com\/#website\",\"url\":\"https:\/\/yogajagat.com\/\",\"name\":\"Sch\u00f6nheit der Ver\u00e4nderung\",\"description\":\"Mit st\u00e4ndiger Ver\u00e4nderung zum sch\u00f6nsten Lebenserfahrung\",\"publisher\":{\"@id\":\"https:\/\/yogajagat.com\/#organization\"},\"potentialAction\":[{\"@type\":\"SearchAction\",\"target\":{\"@type\":\"EntryPoint\",\"urlTemplate\":\"https:\/\/yogajagat.com\/?s={search_term_string}\"},\"query-input\":\"required name=search_term_string\"}],\"inLanguage\":\"de\"},{\"@type\":\"ImageObject\",\"@id\":\"https:\/\/yogajagat.com\/de\/every-human-being-is-a-true-treasure\/#primaryimage\",\"inLanguage\":\"de\",\"url\":\"http:\/\/yogajagat.com\/wp-content\/uploads\/2019\/12\/DSC05009.jpg\",\"contentUrl\":\"http:\/\/yogajagat.com\/wp-content\/uploads\/2019\/12\/DSC05009.jpg\"},{\"@type\":\"WebPage\",\"@id\":\"https:\/\/yogajagat.com\/de\/every-human-being-is-a-true-treasure\/#webpage\",\"url\":\"https:\/\/yogajagat.com\/de\/every-human-being-is-a-true-treasure\/\",\"name\":\"- Sch\u00f6nheit der Ver\u00e4nderung\",\"isPartOf\":{\"@id\":\"https:\/\/yogajagat.com\/#website\"},\"primaryImageOfPage\":{\"@id\":\"https:\/\/yogajagat.com\/de\/every-human-being-is-a-true-treasure\/#primaryimage\"},\"datePublished\":\"2020-01-16T14:15:35+00:00\",\"dateModified\":\"2020-01-16T15:57:05+00:00\",\"description\":\"\",\"breadcrumb\":{\"@id\":\"https:\/\/yogajagat.com\/de\/every-human-being-is-a-true-treasure\/#breadcrumb\"},\"inLanguage\":\"de\",\"potentialAction\":[{\"@type\":\"ReadAction\",\"target\":[\"https:\/\/yogajagat.com\/de\/every-human-being-is-a-true-treasure\/\"]}]},{\"@type\":\"BreadcrumbList\",\"@id\":\"https:\/\/yogajagat.com\/de\/every-human-being-is-a-true-treasure\/#breadcrumb\",\"itemListElement\":[{\"@type\":\"ListItem\",\"position\":1,\"name\":\"Home\",\"item\":\"https:\/\/yogajagat.com\/sr\/\"},{\"@type\":\"ListItem\",\"position\":2,\"name\":\"Every Human Being Is a True Treasure\"}]}]}<\/script>\n<!-- \/ Yoast SEO plugin. -->","yoast_head_json":{"title":"- Sch\u00f6nheit der Ver\u00e4nderung","robots":{"index":"index","follow":"follow","max-snippet":"max-snippet:-1","max-image-preview":"max-image-preview:large","max-video-preview":"max-video-preview:-1"},"canonical":"https:\/\/yogajagat.com\/de\/every-human-being-is-a-true-treasure\/","twitter_misc":{"Gesch\u00e4tzte Lesezeit":"8\u00a0Minuten"},"schema":{"@context":"https:\/\/schema.org","@graph":[{"@type":"Organization","@id":"https:\/\/yogajagat.com\/#organization","name":"Yogajagat","url":"https:\/\/yogajagat.com\/","sameAs":[],"logo":{"@type":"ImageObject","@id":"https:\/\/yogajagat.com\/#logo","inLanguage":"de","url":"https:\/\/i1.wp.com\/yogajagat.com\/wp-content\/uploads\/2019\/03\/DSC08478-Kopie-1.jpg?fit=798%2C800&ssl=1","contentUrl":"https:\/\/i1.wp.com\/yogajagat.com\/wp-content\/uploads\/2019\/03\/DSC08478-Kopie-1.jpg?fit=798%2C800&ssl=1","width":798,"height":800,"caption":"Yogajagat"},"image":{"@id":"https:\/\/yogajagat.com\/#logo"}},{"@type":"WebSite","@id":"https:\/\/yogajagat.com\/#website","url":"https:\/\/yogajagat.com\/","name":"Sch\u00f6nheit der Ver\u00e4nderung","description":"Mit st\u00e4ndiger Ver\u00e4nderung zum sch\u00f6nsten Lebenserfahrung","publisher":{"@id":"https:\/\/yogajagat.com\/#organization"},"potentialAction":[{"@type":"SearchAction","target":{"@type":"EntryPoint","urlTemplate":"https:\/\/yogajagat.com\/?s={search_term_string}"},"query-input":"required name=search_term_string"}],"inLanguage":"de"},{"@type":"ImageObject","@id":"https:\/\/yogajagat.com\/de\/every-human-being-is-a-true-treasure\/#primaryimage","inLanguage":"de","url":"http:\/\/yogajagat.com\/wp-content\/uploads\/2019\/12\/DSC05009.jpg","contentUrl":"http:\/\/yogajagat.com\/wp-content\/uploads\/2019\/12\/DSC05009.jpg"},{"@type":"WebPage","@id":"https:\/\/yogajagat.com\/de\/every-human-being-is-a-true-treasure\/#webpage","url":"https:\/\/yogajagat.com\/de\/every-human-being-is-a-true-treasure\/","name":"- Sch\u00f6nheit der Ver\u00e4nderung","isPartOf":{"@id":"https:\/\/yogajagat.com\/#website"},"primaryImageOfPage":{"@id":"https:\/\/yogajagat.com\/de\/every-human-being-is-a-true-treasure\/#primaryimage"},"datePublished":"2020-01-16T14:15:35+00:00","dateModified":"2020-01-16T15:57:05+00:00","description":"","breadcrumb":{"@id":"https:\/\/yogajagat.com\/de\/every-human-being-is-a-true-treasure\/#breadcrumb"},"inLanguage":"de","potentialAction":[{"@type":"ReadAction","target":["https:\/\/yogajagat.com\/de\/every-human-being-is-a-true-treasure\/"]}]},{"@type":"BreadcrumbList","@id":"https:\/\/yogajagat.com\/de\/every-human-being-is-a-true-treasure\/#breadcrumb","itemListElement":[{"@type":"ListItem","position":1,"name":"Home","item":"https:\/\/yogajagat.com\/sr\/"},{"@type":"ListItem","position":2,"name":"Every Human Being Is a True Treasure"}]}]}},"_links":{"self":[{"href":"https:\/\/yogajagat.com\/de\/wp-json\/wp\/v2\/pages\/4353"}],"collection":[{"href":"https:\/\/yogajagat.com\/de\/wp-json\/wp\/v2\/pages"}],"about":[{"href":"https:\/\/yogajagat.com\/de\/wp-json\/wp\/v2\/types\/page"}],"author":[{"embeddable":true,"href":"https:\/\/yogajagat.com\/de\/wp-json\/wp\/v2\/users\/1"}],"replies":[{"embeddable":true,"href":"https:\/\/yogajagat.com\/de\/wp-json\/wp\/v2\/comments?post=4353"}],"version-history":[{"count":26,"href":"https:\/\/yogajagat.com\/de\/wp-json\/wp\/v2\/pages\/4353\/revisions"}],"predecessor-version":[{"id":4608,"href":"https:\/\/yogajagat.com\/de\/wp-json\/wp\/v2\/pages\/4353\/revisions\/4608"}],"wp:attachment":[{"href":"https:\/\/yogajagat.com\/de\/wp-json\/wp\/v2\/media?parent=4353"}],"curies":[{"name":"wp","href":"https:\/\/api.w.org\/{rel}","templated":true}]}}