{"id":3869,"date":"2019-07-27T19:53:29","date_gmt":"2019-07-27T18:53:29","guid":{"rendered":"http:\/\/yogajagat.com\/?page_id=3869"},"modified":"2020-06-17T14:08:07","modified_gmt":"2020-06-17T12:08:07","slug":"yoga-sutra-threads-of-unification","status":"publish","type":"page","link":"https:\/\/yogajagat.com\/de\/das-yoga-sutra\/","title":{"rendered":"Das Yoga Sutra"},"content":{"rendered":"[vc_row][vc_column][vc_column_text]\n<h3 style=\"text-align: center;\"><span style=\"color: #993300;\">DAS YOGA SUTRA IST DIE GRUNDLAGE DER YOGA-TRADITION<\/span><\/h3>\n<hr \/>\n<p>&nbsp;<\/p>\n<p>Das Yoga Sutra ist ein alter indischer spiritueller (nicht religi\u00f6ser) Text, der \u00fcber den menschlichen Geist und wie man seinen Geist und Verstand, Herz und Seele <a href=\"https:\/\/yogajagat.com\/de\/der-geist-des-menschen-wie-kann-man-seinen-geist-organisieren\/\"><span style=\"color: #993300;\">organisieren kann<\/span> <\/a>(siehe auch beigef\u00fcgte Texte).<\/p>\n<p><em>Yoga<\/em> bedeutet Vereinigung,<em> Sutra<\/em> bedeutet Faden. Das bedeutet, dass es etwas ist, was zusammenh\u00e4lt.<\/p>\n<p>Der Text beginnt mit dem Sutra:[\/vc_column_text][\/vc_column][\/vc_row][vc_row][vc_column][vc_cta h2=&#8220;&#8220;]\n<p style=\"text-align: center;\"><span style=\"color: #800080;\">\u201cYogash citta-vritti-nirodha\u201d<\/span><\/p>\n[\/vc_cta][\/vc_column][\/vc_row][vc_row][vc_column][vc_column_text]Das Yoga Sutra sind kurze und weise Gedanken. Sie wurden m\u00fcndlich vom Lehrer an den Sch\u00fcler weitergegeben. Es wird gesagt, dass es von Patanjali zusammengestellt wurde.<\/p>\n<p>Das Yoga Sutra ist das Fundament des <a href=\"https:\/\/yogajagat.com\/de\/nachdenken-logisches-denken-einsicht\/\"><span style=\"color: #993300;\">Raja Yoga<\/span><\/a>, der\u00a0das Fundament der Yoga Tradition ist.<\/p>\n<p>Je nach kollektiver oder pers\u00f6nlicher Psychologie kann dieses Sutra unterschiedlich verstanden werden. Die Bedeutung einzelner W\u00f6rter ist:<\/p>\n<p><em>Yoga<\/em> &#8211; Vereinigung<\/p>\n<p><em>Citta<\/em> &#8211; Geist, Verstand (engl. mind)<\/p>\n<p><em>vritti<\/em> &#8211; Wirbel, Schwingung, Vibration, Fluktuation, Welle, Schwanken, Bewegung, Verdrehung<\/p>\n<p><em>Nirodha<\/em> &#8211; etwas, das zur Meisterschaft gebracht wird, zur Perfektion; Steuerung; etwas, das geregelt ist.<\/p>\n<p>&nbsp;<\/p>\n<p>Yoga ist die Kontrolle der Schwingungen des Geistes.<\/p>\n<p>&nbsp;<\/p>\n<p>Raja Yoga ist der Weg f\u00fcr diejenigen, die die Gabe des grundlegenden und unerbittlichen Denkens haben. Dieser Weg f\u00fchrt zu einem wahren Einblick in die Natur aller Dinge. Es ist ein langer Weg und wie der Name schon sagt, ist der <em>Aspirant<\/em>\u00a0der K\u00f6nig, der seinen eigenen Verstand unter Kontrolle hat. Der materielle Reichtum eines K\u00f6nigs, oder eines Menschen der sich aufgrund seines materiellen Besitzes (oder seines akademischen Titels) wie ein K\u00f6nig f\u00fchlt, ist in diesem Fall wertlos.<\/p>\n<p>Die Yoga Sutras vergleichen unseren Geist <em>(Citta)<\/em> und seine Schwingungen <em>(Vrittis)<\/em> mit den Wellen auf der Oberfl\u00e4che des Sees, die durch \u00e4u\u00dfere und innere Faktoren verursacht werden.<\/p>\n<p>In Worten sieht es so aus:<\/p>\n<p>Unsere Emotionen, Gedanken, Eindr\u00fccke, Erinnerungen (das hei\u00dft unbewusstes und unbewusstes Denken) sind innere Schwingungen oder der Meeresboden.<\/p>\n<p>Unsere Sinne, unser Sehen, Riechen, Schmecken, Ber\u00fchren und H\u00f6ren erzeugen Wind oder Wellen und sie sind \u00e4u\u00dfere Schwingungen.<\/p>\n<p>Und nur wenn das Wasser ruhig und somit bewusst ist, kann ein Mensch sein wahres Wesen wahrnehmen, seine Seele erfassen und sie mit dem Geist, der h\u00f6heren Realit\u00e4t, dem h\u00f6heren Bewusstsein verbinden.<\/p>\n<p>Dieser Weg ist auch als <em>Ashtanga Yoga<\/em> bekannt (nicht zu verwechseln mit dem modernen Yoga Stil, den Pattabhi Jois in Misore, Indien, erfunden hat).<\/p>\n<p><em>Ashta<\/em> bedeutet acht und <em>Anga<\/em> bedeutet Gliedma\u00dfen.<\/p>\n<p>&nbsp;<\/p>\n<p>Wor\u00fcber das Yoga Sutra noch spricht, und ob <em>Erkenne dich selbst<\/em> nur ein Sprichwort oder eine M\u00f6glichkeit ist, lest in diesem <a href=\"https:\/\/yogajagat.com\/de\/erkenne-dich-selbst-die-yoga-sutras-eine-ausfuhrliche-anleitung\/\"><span style=\"color: #993300;\">kurzen Text <\/span><\/a>weiter.[\/vc_column_text][\/vc_column][\/vc_row][vc_row][vc_column][vc_column_text]<img loading=\"lazy\" class=\"aligncenter wp-image-5271 size-full\" src=\"https:\/\/i2.wp.com\/yogajagat.com\/wp-content\/uploads\/2020\/02\/IMG_7589-1024x731-1.jpg?resize=640%2C457\" alt=\"das Yoga Sutra\" width=\"640\" height=\"457\" srcset=\"https:\/\/i2.wp.com\/yogajagat.com\/wp-content\/uploads\/2020\/02\/IMG_7589-1024x731-1.jpg?w=640&amp;ssl=1 640w, https:\/\/i2.wp.com\/yogajagat.com\/wp-content\/uploads\/2020\/02\/IMG_7589-1024x731-1.jpg?resize=300%2C214&amp;ssl=1 300w\" sizes=\"(max-width: 640px) 100vw, 640px\" data-recalc-dims=\"1\" \/>[\/vc_column_text][\/vc_column][\/vc_row]\n","protected":false},"excerpt":{"rendered":"<p>[vc_row][vc_column][vc_column_text]<br \/>\nDAS YOGA SUTRA IST DIE GRUNDLAGE DER YOGA-TRADITION<\/p>\n<p>&nbsp;<br \/>\nDas Yoga Sutra ist ein alter indischer spiritueller (nicht religi\u00f6ser) Text, der \u00fcber den menschlichen Geist und wie man seinen Geist und Verstand, Herz und Seele organisieren kann (siehe auch beigef\u00fcgte Texte).<br \/>\nYoga bedeutet Vereinigung, Sutra bedeutet Faden. Das bedeutet, dass es etwas ist, was zusammenh\u00e4lt.<br \/>\nDer Text beginnt mit dem Sutra:[\/vc_column_text][\/vc_column][\/vc_row][vc_row][vc_column][vc_cta h2=&#8220;&#8220;]<br \/>\n\u201cYogash citta-vritti-nirodha\u201d<br \/>\n[\/vc_cta][\/vc_column][\/vc_row][vc_row][vc_column][vc_column_text]Das Yoga Sutra sind kurze und weise Gedanken. Sie wurden m\u00fcndlich vom Lehrer an &#8230;<\/p>\n","protected":false},"author":1,"featured_media":0,"parent":0,"menu_order":0,"comment_status":"closed","ping_status":"closed","template":"template-full-width.php","meta":{"_bbp_topic_count":0,"_bbp_reply_count":0,"_bbp_total_topic_count":0,"_bbp_total_reply_count":0,"_bbp_voice_count":0,"_bbp_anonymous_reply_count":0,"_bbp_topic_count_hidden":0,"_bbp_reply_count_hidden":0,"_bbp_forum_subforum_count":0,"inline_featured_image":false,"spay_email":""},"translation":{"provider":"WPGlobus","version":"3.0.1","language":"de","enabled_languages":["en","de","sr"],"languages":{"en":{"title":true,"content":true,"excerpt":false},"de":{"title":true,"content":true,"excerpt":false},"sr":{"title":true,"content":true,"excerpt":false}}},"yoast_head":"<!-- This site is optimized with the Yoast SEO plugin v18.3 - https:\/\/yoast.com\/wordpress\/plugins\/seo\/ -->\n<title>Das Yoga Sutra - Sch\u00f6nheit der Ver\u00e4nderung<\/title>\n<meta name=\"description\" content=\"Das Yoga Sutra sind kurze und weise Gedanken, das Fundament des Raja Yoga, der\u00a0das Fundament der Yoga Tradition ist. \u201cYogash citta-vritti-nirodha\u201d.\" \/>\n<meta name=\"robots\" content=\"index, follow, max-snippet:-1, max-image-preview:large, max-video-preview:-1\" \/>\n<link rel=\"canonical\" href=\"https:\/\/yogajagat.com\/de\/das-yoga-sutra\/\" \/>\n<meta name=\"twitter:label1\" content=\"Gesch\u00e4tzte Lesezeit\" \/>\n\t<meta name=\"twitter:data1\" content=\"7\u00a0Minuten\" \/>\n<script type=\"application\/ld+json\" class=\"yoast-schema-graph\">{\"@context\":\"https:\/\/schema.org\",\"@graph\":[{\"@type\":\"Organization\",\"@id\":\"https:\/\/yogajagat.com\/#organization\",\"name\":\"Yogajagat\",\"url\":\"https:\/\/yogajagat.com\/\",\"sameAs\":[],\"logo\":{\"@type\":\"ImageObject\",\"@id\":\"https:\/\/yogajagat.com\/#logo\",\"inLanguage\":\"de\",\"url\":\"https:\/\/i1.wp.com\/yogajagat.com\/wp-content\/uploads\/2019\/03\/DSC08478-Kopie-1.jpg?fit=798%2C800&ssl=1\",\"contentUrl\":\"https:\/\/i1.wp.com\/yogajagat.com\/wp-content\/uploads\/2019\/03\/DSC08478-Kopie-1.jpg?fit=798%2C800&ssl=1\",\"width\":798,\"height\":800,\"caption\":\"Yogajagat\"},\"image\":{\"@id\":\"https:\/\/yogajagat.com\/#logo\"}},{\"@type\":\"WebSite\",\"@id\":\"https:\/\/yogajagat.com\/#website\",\"url\":\"https:\/\/yogajagat.com\/\",\"name\":\"Sch\u00f6nheit der Ver\u00e4nderung\",\"description\":\"Mit st\u00e4ndiger Ver\u00e4nderung zum sch\u00f6nsten Lebenserfahrung\",\"publisher\":{\"@id\":\"https:\/\/yogajagat.com\/#organization\"},\"potentialAction\":[{\"@type\":\"SearchAction\",\"target\":{\"@type\":\"EntryPoint\",\"urlTemplate\":\"https:\/\/yogajagat.com\/?s={search_term_string}\"},\"query-input\":\"required name=search_term_string\"}],\"inLanguage\":\"de\"},{\"@type\":\"ImageObject\",\"@id\":\"https:\/\/yogajagat.com\/de\/das-yoga-sutra\/#primaryimage\",\"inLanguage\":\"de\",\"url\":\"http:\/\/yogajagat.com\/wp-content\/uploads\/2020\/02\/DSC09133-1024x768-1.jpg\",\"contentUrl\":\"http:\/\/yogajagat.com\/wp-content\/uploads\/2020\/02\/DSC09133-1024x768-1.jpg\"},{\"@type\":\"WebPage\",\"@id\":\"https:\/\/yogajagat.com\/de\/das-yoga-sutra\/#webpage\",\"url\":\"https:\/\/yogajagat.com\/de\/das-yoga-sutra\/\",\"name\":\"Das Yoga Sutra - Sch\u00f6nheit der Ver\u00e4nderung\",\"isPartOf\":{\"@id\":\"https:\/\/yogajagat.com\/#website\"},\"primaryImageOfPage\":{\"@id\":\"https:\/\/yogajagat.com\/de\/das-yoga-sutra\/#primaryimage\"},\"datePublished\":\"2019-07-27T18:53:29+00:00\",\"dateModified\":\"2020-06-17T12:08:07+00:00\",\"description\":\"Das Yoga Sutra sind kurze und weise Gedanken, das Fundament des Raja Yoga, der\u00a0das Fundament der Yoga Tradition ist. \u201cYogash citta-vritti-nirodha\u201d.\",\"breadcrumb\":{\"@id\":\"https:\/\/yogajagat.com\/de\/das-yoga-sutra\/#breadcrumb\"},\"inLanguage\":\"de\",\"potentialAction\":[{\"@type\":\"ReadAction\",\"target\":[\"https:\/\/yogajagat.com\/de\/das-yoga-sutra\/\"]}]},{\"@type\":\"BreadcrumbList\",\"@id\":\"https:\/\/yogajagat.com\/de\/das-yoga-sutra\/#breadcrumb\",\"itemListElement\":[{\"@type\":\"ListItem\",\"position\":1,\"name\":\"Home\",\"item\":\"https:\/\/yogajagat.com\/sr\/\"},{\"@type\":\"ListItem\",\"position\":2,\"name\":\"Das Yoga Sutra\"}]}]}<\/script>\n<!-- \/ Yoast SEO plugin. -->","yoast_head_json":{"title":"Das Yoga Sutra - Sch\u00f6nheit der Ver\u00e4nderung","description":"Das Yoga Sutra sind kurze und weise Gedanken, das Fundament des Raja Yoga, der\u00a0das Fundament der Yoga Tradition ist. \u201cYogash citta-vritti-nirodha\u201d.","robots":{"index":"index","follow":"follow","max-snippet":"max-snippet:-1","max-image-preview":"max-image-preview:large","max-video-preview":"max-video-preview:-1"},"canonical":"https:\/\/yogajagat.com\/de\/das-yoga-sutra\/","twitter_misc":{"Gesch\u00e4tzte Lesezeit":"7\u00a0Minuten"},"schema":{"@context":"https:\/\/schema.org","@graph":[{"@type":"Organization","@id":"https:\/\/yogajagat.com\/#organization","name":"Yogajagat","url":"https:\/\/yogajagat.com\/","sameAs":[],"logo":{"@type":"ImageObject","@id":"https:\/\/yogajagat.com\/#logo","inLanguage":"de","url":"https:\/\/i1.wp.com\/yogajagat.com\/wp-content\/uploads\/2019\/03\/DSC08478-Kopie-1.jpg?fit=798%2C800&ssl=1","contentUrl":"https:\/\/i1.wp.com\/yogajagat.com\/wp-content\/uploads\/2019\/03\/DSC08478-Kopie-1.jpg?fit=798%2C800&ssl=1","width":798,"height":800,"caption":"Yogajagat"},"image":{"@id":"https:\/\/yogajagat.com\/#logo"}},{"@type":"WebSite","@id":"https:\/\/yogajagat.com\/#website","url":"https:\/\/yogajagat.com\/","name":"Sch\u00f6nheit der Ver\u00e4nderung","description":"Mit st\u00e4ndiger Ver\u00e4nderung zum sch\u00f6nsten Lebenserfahrung","publisher":{"@id":"https:\/\/yogajagat.com\/#organization"},"potentialAction":[{"@type":"SearchAction","target":{"@type":"EntryPoint","urlTemplate":"https:\/\/yogajagat.com\/?s={search_term_string}"},"query-input":"required name=search_term_string"}],"inLanguage":"de"},{"@type":"ImageObject","@id":"https:\/\/yogajagat.com\/de\/das-yoga-sutra\/#primaryimage","inLanguage":"de","url":"http:\/\/yogajagat.com\/wp-content\/uploads\/2020\/02\/DSC09133-1024x768-1.jpg","contentUrl":"http:\/\/yogajagat.com\/wp-content\/uploads\/2020\/02\/DSC09133-1024x768-1.jpg"},{"@type":"WebPage","@id":"https:\/\/yogajagat.com\/de\/das-yoga-sutra\/#webpage","url":"https:\/\/yogajagat.com\/de\/das-yoga-sutra\/","name":"Das Yoga Sutra - Sch\u00f6nheit der Ver\u00e4nderung","isPartOf":{"@id":"https:\/\/yogajagat.com\/#website"},"primaryImageOfPage":{"@id":"https:\/\/yogajagat.com\/de\/das-yoga-sutra\/#primaryimage"},"datePublished":"2019-07-27T18:53:29+00:00","dateModified":"2020-06-17T12:08:07+00:00","description":"Das Yoga Sutra sind kurze und weise Gedanken, das Fundament des Raja Yoga, der\u00a0das Fundament der Yoga Tradition ist. \u201cYogash citta-vritti-nirodha\u201d.","breadcrumb":{"@id":"https:\/\/yogajagat.com\/de\/das-yoga-sutra\/#breadcrumb"},"inLanguage":"de","potentialAction":[{"@type":"ReadAction","target":["https:\/\/yogajagat.com\/de\/das-yoga-sutra\/"]}]},{"@type":"BreadcrumbList","@id":"https:\/\/yogajagat.com\/de\/das-yoga-sutra\/#breadcrumb","itemListElement":[{"@type":"ListItem","position":1,"name":"Home","item":"https:\/\/yogajagat.com\/sr\/"},{"@type":"ListItem","position":2,"name":"Das Yoga Sutra"}]}]}},"_links":{"self":[{"href":"https:\/\/yogajagat.com\/de\/wp-json\/wp\/v2\/pages\/3869"}],"collection":[{"href":"https:\/\/yogajagat.com\/de\/wp-json\/wp\/v2\/pages"}],"about":[{"href":"https:\/\/yogajagat.com\/de\/wp-json\/wp\/v2\/types\/page"}],"author":[{"embeddable":true,"href":"https:\/\/yogajagat.com\/de\/wp-json\/wp\/v2\/users\/1"}],"replies":[{"embeddable":true,"href":"https:\/\/yogajagat.com\/de\/wp-json\/wp\/v2\/comments?post=3869"}],"version-history":[{"count":13,"href":"https:\/\/yogajagat.com\/de\/wp-json\/wp\/v2\/pages\/3869\/revisions"}],"predecessor-version":[{"id":5967,"href":"https:\/\/yogajagat.com\/de\/wp-json\/wp\/v2\/pages\/3869\/revisions\/5967"}],"wp:attachment":[{"href":"https:\/\/yogajagat.com\/de\/wp-json\/wp\/v2\/media?parent=3869"}],"curies":[{"name":"wp","href":"https:\/\/api.w.org\/{rel}","templated":true}]}}