{"id":3854,"date":"2019-07-27T14:02:34","date_gmt":"2019-07-27T13:02:34","guid":{"rendered":"http:\/\/yogajagat.com\/?page_id=3854"},"modified":"2020-01-30T22:03:48","modified_gmt":"2020-01-30T21:03:48","slug":"homunculus-and-deep-relaxation","status":"publish","type":"page","link":"https:\/\/yogajagat.com\/de\/homunculus-and-deep-relaxation\/","title":{"rendered":"Homunculus and Deep Relaxation"},"content":{"rendered":"[vc_row][vc_column][vc_custom_heading text=&#8220;Relation Between Homunculus, Visual Perception and Deep Relaxation&#8220; font_container=&#8220;tag:h2|text_align:center|color:%231aa3b2&#8243; google_fonts=&#8220;font_family:Ubuntu%3A300%2C300italic%2Cregular%2Citalic%2C500%2C500italic%2C700%2C700italic|font_style:300%20light%20italic%3A300%3Aitalic&#8220;][\/vc_column][\/vc_row][vc_row][vc_column][vc_column_text]\n<h4><\/h4>\n<h4 style=\"text-align: center;\"><span style=\"color: #993300;\">Someone in Our Head is Watching Another One Who is Watching Another One Who is Watching Another Movie<\/span><\/h4>\n<p>&nbsp;<\/p>\n<p>&nbsp;<\/p>\n<div id=\"attachment_3855\" style=\"width: 310px\" class=\"wp-caption aligncenter\"><img aria-describedby=\"caption-attachment-3855\" loading=\"lazy\" class=\"wp-image-3855 size-medium\" src=\"https:\/\/i1.wp.com\/yogajagat.com\/wp-content\/uploads\/2019\/07\/Infinite_regress_of_homunculus-300x156.png?resize=300%2C156\" alt=\"homunculus deep relaxation opustanje \" width=\"300\" height=\"156\" srcset=\"https:\/\/i2.wp.com\/yogajagat.com\/wp-content\/uploads\/2019\/07\/Infinite_regress_of_homunculus.png?resize=300%2C156&amp;ssl=1 300w, https:\/\/i2.wp.com\/yogajagat.com\/wp-content\/uploads\/2019\/07\/Infinite_regress_of_homunculus.png?resize=768%2C400&amp;ssl=1 768w, https:\/\/i2.wp.com\/yogajagat.com\/wp-content\/uploads\/2019\/07\/Infinite_regress_of_homunculus.png?resize=1024%2C533&amp;ssl=1 1024w, https:\/\/i2.wp.com\/yogajagat.com\/wp-content\/uploads\/2019\/07\/Infinite_regress_of_homunculus.png?w=1547&amp;ssl=1 1547w\" sizes=\"(max-width: 300px) 100vw, 300px\" data-recalc-dims=\"1\" \/><p id=\"caption-attachment-3855\" class=\"wp-caption-text\">https:\/\/commons.wikimedia.org<\/p><\/div>\n[\/vc_column_text][\/vc_column][\/vc_row][vc_row][vc_column][vc_column_text]\n<hr \/>\n<p>&nbsp;<\/p>\n<p>People who study how the brain of living beings thinks, feels and understands and how machines work (which are made by people) believe that this strange and complicated situation mentioned above happens in our brain.<\/p>\n<p>It is said that in the cortex (the outer layer of the brain) there are some areas that receive and process the informations from our organs of touch, sight and sound via receptors. Those areas control certain parts of the body.<\/p>\n<p>What we know (or suppose) is that the cortex looks like a map:<\/p>\n<p>&nbsp;<\/p>\n<p>&nbsp;<\/p>\n<div id=\"attachment_1214\" style=\"width: 612px\" class=\"wp-caption aligncenter\"><img aria-describedby=\"caption-attachment-1214\" loading=\"lazy\" class=\"wp-image-1214 size-full\" src=\"https:\/\/i2.wp.com\/yogajagat.com\/wp-content\/uploads\/2016\/05\/1421_Sensory_Homunculus.jpg?resize=602%2C600\" alt=\"homunculus deep relaxation duboko opustanje\" width=\"602\" height=\"600\" srcset=\"https:\/\/i2.wp.com\/yogajagat.com\/wp-content\/uploads\/2016\/05\/1421_Sensory_Homunculus.jpg?w=602&amp;ssl=1 602w, https:\/\/i2.wp.com\/yogajagat.com\/wp-content\/uploads\/2016\/05\/1421_Sensory_Homunculus.jpg?resize=150%2C150&amp;ssl=1 150w, https:\/\/i2.wp.com\/yogajagat.com\/wp-content\/uploads\/2016\/05\/1421_Sensory_Homunculus.jpg?resize=300%2C300&amp;ssl=1 300w\" sizes=\"(max-width: 602px) 100vw, 602px\" data-recalc-dims=\"1\" \/><p id=\"caption-attachment-1214\" class=\"wp-caption-text\">Source: wikipedia<\/p><\/div>\n<p>&nbsp;<\/p>\n<p>&nbsp;<\/p>\n<p>This &#8222;little man&#8220; behind another little man, who is again behind another little man in our head, is called Homunculus. The image above represents which parts of the body belong to certain places in our brain.<\/p>\n<p>Thus, say scientists who study the human brain,\u00a0the bigger importance of sense and its organ the larger areas in the cortex.<\/p>\n<p>And, because touch, speech and walking are of great importance to us,\u00a0the centers in our cerebral cortex for those faculties are the largest.[\/vc_column_text][\/vc_column][\/vc_row][vc_row][vc_column][vc_custom_heading text=&#8220;Deep Relaxation Technique&#8220; font_container=&#8220;tag:h2|text_align:center|color:%231aa3b2&#8243; google_fonts=&#8220;font_family:Ubuntu%3A300%2C300italic%2Cregular%2Citalic%2C500%2C500italic%2C700%2C700italic|font_style:300%20light%20italic%3A300%3Aitalic&#8220;][\/vc_column][\/vc_row][vc_row][vc_column][vc_column_text]\n<hr \/>\n<p>&nbsp;<\/p>\n<p>Yoga Nidra<span style=\"color: #993300;\">, <\/span>a yogic technique of deep relaxation, uses\u00a0the map of the brain called a Homunculus, a &#8222;little man&#8220;.<\/p>\n<p>Of course, every deep and complete relaxation rests our speedy mind and our tired body, but the practice of deep and complete relaxation in a way that the technique of Yoga Nidra does, brings not only tremendous peace of mind, emotional, mental and body peace, but leads to the greatest depths of that which is hidden within us.<\/p>\n<p>Full and deep relaxation begins with relaxation of the hands and through relaxation of other parts of the body and perception of breathing leads to visualization of chakras, the psycho-energetic areas in us, object and symbols.<\/p>\n<p>&nbsp;<\/p>\n<p>What exactly is Yoga Nidra technique and what is not, you can read <a href=\"https:\/\/yogajagat.com\/deep-relaxation-yoga-nidra-a-technique-of-yogic-sleep\/\"><span style=\"color: #993300;\">here <\/span><\/a>and how a visual perception, Homunculus, a deep relaxation and brain waves are related you can read <span style=\"color: #993300;\"><a style=\"color: #993300;\" href=\"https:\/\/yogajagat.com\/frequencies-of-brain-and-yoga-nidra\/\">here<\/a>.<\/span>[\/vc_column_text][\/vc_column][\/vc_row]\n","protected":false},"excerpt":{"rendered":"<p>[vc_row][vc_column][vc_custom_heading text=&#8220;Relation Between Homunculus, Visual Perception and Deep Relaxation&#8220; font_container=&#8220;tag:h2|text_align:center|color:%231aa3b2&#8243; google_fonts=&#8220;font_family:Ubuntu%3A300%2C300italic%2Cregular%2Citalic%2C500%2C500italic%2C700%2C700italic|font_style:300%20light%20italic%3A300%3Aitalic&#8220;][\/vc_column][\/vc_row][vc_row][vc_column][vc_column_text]<\/p>\n<p>Someone in Our Head is Watching Another One Who is Watching Another One Who is Watching Another Movie<br \/>\n&nbsp;<br \/>\n&nbsp;<br \/>\n[\/vc_column_text][\/vc_column][\/vc_row][vc_row][vc_column][vc_column_text]<\/p>\n<p>&nbsp;<br \/>\nPeople who study how the brain of living beings thinks, feels and understands and how machines work (which are made by people) believe that this strange and complicated situation mentioned above happens in our brain.<br \/>\nIt is said that in the cortex (the outer layer &#8230;<\/p>\n","protected":false},"author":1,"featured_media":0,"parent":0,"menu_order":0,"comment_status":"closed","ping_status":"closed","template":"template-full-width.php","meta":{"_bbp_topic_count":0,"_bbp_reply_count":0,"_bbp_total_topic_count":0,"_bbp_total_reply_count":0,"_bbp_voice_count":0,"_bbp_anonymous_reply_count":0,"_bbp_topic_count_hidden":0,"_bbp_reply_count_hidden":0,"_bbp_forum_subforum_count":0,"inline_featured_image":false,"spay_email":""},"translation":{"provider":"WPGlobus","version":"3.0.1","language":"de","enabled_languages":["en","de","sr"],"languages":{"en":{"title":true,"content":true,"excerpt":false},"de":{"title":false,"content":false,"excerpt":false},"sr":{"title":true,"content":true,"excerpt":false}}},"yoast_head":"<!-- This site is optimized with the Yoast SEO plugin v18.3 - https:\/\/yoast.com\/wordpress\/plugins\/seo\/ -->\n<title>- Sch\u00f6nheit der Ver\u00e4nderung<\/title>\n<meta name=\"robots\" content=\"index, follow, max-snippet:-1, max-image-preview:large, max-video-preview:-1\" \/>\n<link rel=\"canonical\" href=\"https:\/\/yogajagat.com\/homunculus-and-deep-relaxation\/\" \/>\n<meta name=\"twitter:label1\" content=\"Gesch\u00e4tzte Lesezeit\" \/>\n\t<meta name=\"twitter:data1\" content=\"5\u00a0Minuten\" \/>\n<script type=\"application\/ld+json\" class=\"yoast-schema-graph\">{\"@context\":\"https:\/\/schema.org\",\"@graph\":[{\"@type\":\"Organization\",\"@id\":\"https:\/\/yogajagat.com\/#organization\",\"name\":\"Yogajagat\",\"url\":\"https:\/\/yogajagat.com\/\",\"sameAs\":[],\"logo\":{\"@type\":\"ImageObject\",\"@id\":\"https:\/\/yogajagat.com\/#logo\",\"inLanguage\":\"de\",\"url\":\"https:\/\/i1.wp.com\/yogajagat.com\/wp-content\/uploads\/2019\/03\/DSC08478-Kopie-1.jpg?fit=798%2C800&ssl=1\",\"contentUrl\":\"https:\/\/i1.wp.com\/yogajagat.com\/wp-content\/uploads\/2019\/03\/DSC08478-Kopie-1.jpg?fit=798%2C800&ssl=1\",\"width\":798,\"height\":800,\"caption\":\"Yogajagat\"},\"image\":{\"@id\":\"https:\/\/yogajagat.com\/#logo\"}},{\"@type\":\"WebSite\",\"@id\":\"https:\/\/yogajagat.com\/#website\",\"url\":\"https:\/\/yogajagat.com\/\",\"name\":\"Sch\u00f6nheit der Ver\u00e4nderung\",\"description\":\"Mit st\u00e4ndiger Ver\u00e4nderung zum sch\u00f6nsten Lebenserfahrung\",\"publisher\":{\"@id\":\"https:\/\/yogajagat.com\/#organization\"},\"potentialAction\":[{\"@type\":\"SearchAction\",\"target\":{\"@type\":\"EntryPoint\",\"urlTemplate\":\"https:\/\/yogajagat.com\/?s={search_term_string}\"},\"query-input\":\"required name=search_term_string\"}],\"inLanguage\":\"de\"},{\"@type\":\"ImageObject\",\"@id\":\"https:\/\/yogajagat.com\/homunculus-and-deep-relaxation\/#primaryimage\",\"inLanguage\":\"de\",\"url\":\"http:\/\/yogajagat.com\/wp-content\/uploads\/2019\/07\/Infinite_regress_of_homunculus-300x156.png\",\"contentUrl\":\"http:\/\/yogajagat.com\/wp-content\/uploads\/2019\/07\/Infinite_regress_of_homunculus-300x156.png\"},{\"@type\":\"WebPage\",\"@id\":\"https:\/\/yogajagat.com\/homunculus-and-deep-relaxation\/#webpage\",\"url\":\"https:\/\/yogajagat.com\/homunculus-and-deep-relaxation\/\",\"name\":\"- Sch\u00f6nheit der Ver\u00e4nderung\",\"isPartOf\":{\"@id\":\"https:\/\/yogajagat.com\/#website\"},\"primaryImageOfPage\":{\"@id\":\"https:\/\/yogajagat.com\/homunculus-and-deep-relaxation\/#primaryimage\"},\"datePublished\":\"2019-07-27T13:02:34+00:00\",\"dateModified\":\"2020-01-30T21:03:48+00:00\",\"description\":\"\",\"breadcrumb\":{\"@id\":\"https:\/\/yogajagat.com\/homunculus-and-deep-relaxation\/#breadcrumb\"},\"inLanguage\":\"de\",\"potentialAction\":[{\"@type\":\"ReadAction\",\"target\":[\"https:\/\/yogajagat.com\/homunculus-and-deep-relaxation\/\"]}]},{\"@type\":\"BreadcrumbList\",\"@id\":\"https:\/\/yogajagat.com\/homunculus-and-deep-relaxation\/#breadcrumb\",\"itemListElement\":[{\"@type\":\"ListItem\",\"position\":1,\"name\":\"Home\",\"item\":\"https:\/\/yogajagat.com\/sr\/\"},{\"@type\":\"ListItem\",\"position\":2,\"name\":\"Homunculus and Deep Relaxation\"}]}]}<\/script>\n<!-- \/ Yoast SEO plugin. -->","yoast_head_json":{"title":"- Sch\u00f6nheit der Ver\u00e4nderung","robots":{"index":"index","follow":"follow","max-snippet":"max-snippet:-1","max-image-preview":"max-image-preview:large","max-video-preview":"max-video-preview:-1"},"canonical":"https:\/\/yogajagat.com\/homunculus-and-deep-relaxation\/","twitter_misc":{"Gesch\u00e4tzte Lesezeit":"5\u00a0Minuten"},"schema":{"@context":"https:\/\/schema.org","@graph":[{"@type":"Organization","@id":"https:\/\/yogajagat.com\/#organization","name":"Yogajagat","url":"https:\/\/yogajagat.com\/","sameAs":[],"logo":{"@type":"ImageObject","@id":"https:\/\/yogajagat.com\/#logo","inLanguage":"de","url":"https:\/\/i1.wp.com\/yogajagat.com\/wp-content\/uploads\/2019\/03\/DSC08478-Kopie-1.jpg?fit=798%2C800&ssl=1","contentUrl":"https:\/\/i1.wp.com\/yogajagat.com\/wp-content\/uploads\/2019\/03\/DSC08478-Kopie-1.jpg?fit=798%2C800&ssl=1","width":798,"height":800,"caption":"Yogajagat"},"image":{"@id":"https:\/\/yogajagat.com\/#logo"}},{"@type":"WebSite","@id":"https:\/\/yogajagat.com\/#website","url":"https:\/\/yogajagat.com\/","name":"Sch\u00f6nheit der Ver\u00e4nderung","description":"Mit st\u00e4ndiger Ver\u00e4nderung zum sch\u00f6nsten Lebenserfahrung","publisher":{"@id":"https:\/\/yogajagat.com\/#organization"},"potentialAction":[{"@type":"SearchAction","target":{"@type":"EntryPoint","urlTemplate":"https:\/\/yogajagat.com\/?s={search_term_string}"},"query-input":"required name=search_term_string"}],"inLanguage":"de"},{"@type":"ImageObject","@id":"https:\/\/yogajagat.com\/homunculus-and-deep-relaxation\/#primaryimage","inLanguage":"de","url":"http:\/\/yogajagat.com\/wp-content\/uploads\/2019\/07\/Infinite_regress_of_homunculus-300x156.png","contentUrl":"http:\/\/yogajagat.com\/wp-content\/uploads\/2019\/07\/Infinite_regress_of_homunculus-300x156.png"},{"@type":"WebPage","@id":"https:\/\/yogajagat.com\/homunculus-and-deep-relaxation\/#webpage","url":"https:\/\/yogajagat.com\/homunculus-and-deep-relaxation\/","name":"- Sch\u00f6nheit der Ver\u00e4nderung","isPartOf":{"@id":"https:\/\/yogajagat.com\/#website"},"primaryImageOfPage":{"@id":"https:\/\/yogajagat.com\/homunculus-and-deep-relaxation\/#primaryimage"},"datePublished":"2019-07-27T13:02:34+00:00","dateModified":"2020-01-30T21:03:48+00:00","description":"","breadcrumb":{"@id":"https:\/\/yogajagat.com\/homunculus-and-deep-relaxation\/#breadcrumb"},"inLanguage":"de","potentialAction":[{"@type":"ReadAction","target":["https:\/\/yogajagat.com\/homunculus-and-deep-relaxation\/"]}]},{"@type":"BreadcrumbList","@id":"https:\/\/yogajagat.com\/homunculus-and-deep-relaxation\/#breadcrumb","itemListElement":[{"@type":"ListItem","position":1,"name":"Home","item":"https:\/\/yogajagat.com\/sr\/"},{"@type":"ListItem","position":2,"name":"Homunculus and Deep Relaxation"}]}]}},"_links":{"self":[{"href":"https:\/\/yogajagat.com\/de\/wp-json\/wp\/v2\/pages\/3854"}],"collection":[{"href":"https:\/\/yogajagat.com\/de\/wp-json\/wp\/v2\/pages"}],"about":[{"href":"https:\/\/yogajagat.com\/de\/wp-json\/wp\/v2\/types\/page"}],"author":[{"embeddable":true,"href":"https:\/\/yogajagat.com\/de\/wp-json\/wp\/v2\/users\/1"}],"replies":[{"embeddable":true,"href":"https:\/\/yogajagat.com\/de\/wp-json\/wp\/v2\/comments?post=3854"}],"version-history":[{"count":15,"href":"https:\/\/yogajagat.com\/de\/wp-json\/wp\/v2\/pages\/3854\/revisions"}],"predecessor-version":[{"id":5048,"href":"https:\/\/yogajagat.com\/de\/wp-json\/wp\/v2\/pages\/3854\/revisions\/5048"}],"wp:attachment":[{"href":"https:\/\/yogajagat.com\/de\/wp-json\/wp\/v2\/media?parent=3854"}],"curies":[{"name":"wp","href":"https:\/\/api.w.org\/{rel}","templated":true}]}}