{"id":3818,"date":"2019-07-26T11:46:06","date_gmt":"2019-07-26T10:46:06","guid":{"rendered":"http:\/\/yogajagat.com\/?page_id=3818"},"modified":"2020-06-16T16:05:07","modified_gmt":"2020-06-16T14:05:07","slug":"supernatural-powers","status":"publish","type":"page","link":"https:\/\/yogajagat.com\/de\/ubernaturliche-krafte-hohere-krafte-des-bewusstseins\/","title":{"rendered":"\u00dcBERNAT\u00dcRLICHE KR\u00c4FTE, H\u00d6HERE KR\u00c4FTE DES BEWUSSTSEINS"},"content":{"rendered":"[vc_row][vc_column][vc_column_text]\n<h3 style=\"text-align: center;\"><span style=\"color: #993300;\">\u00dcBERNAT\u00dcRLICHE KR\u00c4FTE DES MENSCHEN<\/span><\/h3>\n<h4 style=\"text-align: center;\"><span style=\"color: #800080;\">H\u00d6HERE KR\u00c4FTE DES GEISTES<\/span><\/h4>\n<hr \/>\n<p>&nbsp;<\/p>\n<p>Mit dem Erreichen wahrer psychischer Kr\u00e4fte, werden weitere geistige Kr\u00e4fte sowie \u00fcbernat\u00fcrliche Kr\u00e4fte gest\u00e4rkt.<\/p>\n<p><a href=\"https:\/\/yogajagat.com\/de\/siddhi-okkulte-und-psychische-kraft\/\"><span style=\"color: #993300;\">Okkulte, psychische Kr\u00e4fte<\/span><\/a> haben die Gabe, sich weiterzuentwickeln. Das <a href=\"https:\/\/yogajagat.com\/de\/erkenne-dich-selbst-die-yoga-sutras-eine-ausfuhrliche-anleitung\/\"><span style=\"color: #993300;\">Yoga Sutra<\/span><\/a> beschreibt, was als n\u00e4chstes mit den Kr\u00e4ften jener Personen geschieht, die bereits eine bestimmte Kraftebene erreicht haben.<\/p>\n<p>Wir betrachten die h\u00f6heren Kr\u00e4fte des Geistes und die \u00fcbernat\u00fcrlichen Kr\u00e4fte, wie in den Kapiteln 3. und 4. des Yoga Sutra und die Aphorismen (oder Sutras &#8211; &#8222;F\u00e4den&#8220;) 3.39 bis 3.49. beschrieben sind.<\/p>\n[\/vc_column_text][\/vc_column][\/vc_row][vc_row][vc_column][vc_custom_heading text=&#8220;Das Eintreten des Geistes des einen in den Geist und den K\u00f6rper eines anderen Menschen&#8220; font_container=&#8220;tag:h2|text_align:center|color:%2321bfd1&#8243; google_fonts=&#8220;font_family:Ubuntu%3A300%2C300italic%2Cregular%2Citalic%2C500%2C500italic%2C700%2C700italic|font_style:300%20light%20italic%3A300%3Aitalic&#8220;][\/vc_column][\/vc_row][vc_row][vc_column][vc_column_text]\n<hr \/>\n<h4><\/h4>\n<h4 style=\"text-align: center;\"><span style=\"color: #993300;\">Paranormale Ph\u00e4nomene<\/span><\/h4>\n<p>Es wurde gesagt, dass wenn ein Yogi sich durch die Verwendung seiner pers\u00f6nlichen <a href=\"https:\/\/yogajagat.com\/de\/siddhi-okkulte-und-psychische-kraft\/\"><span style=\"color: #993300;\">Siddhis<\/span><\/a> (Kr\u00e4fte) und der Kenntnis der Energiekan\u00e4le von der Anhaftung an seinen K\u00f6rper trennen kann, kann sein Bewusstsein in einen anderen K\u00f6rper eindringen und in diesem K\u00f6rper handeln.<\/p>\n<p>Diese Art von menschlichen Superm\u00e4chten ist geschehen und, obwohl sehr selten, sie geschehen immer noch. Dennoch sind die meisten Menschen auf der Erde immer noch besorgt \u00fcber die Handlungen und Reaktionen ihrer niederen Natur. Aber um Supermacht zu erlangen, ist viel Verzicht und Opferung erforderlich, von der niedrigen Natur des Bewusstseins bis zum edelsten. Sogar diejenigen, die \u00fcbernat\u00fcrliche Kr\u00e4fte erlangt haben, m\u00fcssen weiter gehen und herausfinden, ob diese Kr\u00e4fte echt oder falsch sind.<\/p>\n<p>Es gibt Menschen, die verschiedene Kr\u00e4fte besitzen, einschlie\u00dflich der F\u00e4higkeit, in den K\u00f6rper eines anderen einzutreten und ihn zu heilen. Solche energetischen Ausg\u00e4nge aus dem eigenen K\u00f6rper und Eing\u00e4nge in den K\u00f6rper anderer Menschen, haben nat\u00fcrlich eine andere Seite. Der Mensch ist entweder moralisch oder nicht.<\/p>\n<p>Mit diesen \u00fcbermenschlichen Ph\u00e4nomene aller Werte besch\u00e4ftigt sich eine sehr junge Wissenschaft namens Parapsychologie.<\/p>\n<p>&nbsp;<\/p>\n<p>Obwohl der menschliche Geist ein wahrer Schatz ist, ist er immer noch mehr oder weniger verdammt, denn sobald er seine eigenen Kr\u00e4fte sp\u00fcrt, kann alles, was bis zu diesem Zeitpunkt moralisch war, leicht unmoralisch werden. Das Leben, die Zeit und der Raum stellen der Selbstkontrolle immer eine neue Aufgabe. Deshalb sage ich, dass das ganze Leben, vom Morgen bis zur n\u00e4chsten Morgend\u00e4mmerung nichts anders als ein\u00a0<em>Sadhana<\/em> ist &#8211; die Praxis von Geist und Seele, die Praxis von Yoga.<\/p>\n<p>Yoga ist so ein ganzes Leben.<\/p>\n<p><em>(Den <a href=\"https:\/\/yogajagat.com\/de\/einheit-ganzwerdung-vereinigung-die-menschliche-dna\/\"><span style=\"color: #993300;\">Yoga<\/span><\/a>\u00a0bitte nicht mit Yoga, bei dem man seine Knochen, Muskeln und sein Ego hin- und herbringt, um mit anderen Knochen, Muskeln und Egos an einem oder anderem Wettbewerb teilzunehmen, verwechseln. In der ungl\u00fccklichen Zeit der menschlichen Intelligenz haben trotz all der unglaublich schnellen technologischen Innovationen nur sehr wenige Menschen wirklich das Wissen dar\u00fcber was Yoga ist. Aus diesem Grund habe ich Tausende von Stunden an \u00dcbungen, Erfahrungen und M\u00fche in diese vollst\u00e4ndige Buch-Website investiert, um zu versuchen, zumindest den kleinsten Teil des Sinns, der Bedeutung und des Ausma\u00dfes der Transformation des Geistes zu erkl\u00e4ren.)<\/em><\/p>\n<p>Einige der Menschen, die die Erfahrung des Todes gemacht haben, ihre eigenen (klinischen) oder den Tod geliebter und Angeh\u00f6riger, haben auch die Erfahrung des &#8222;Eintretens&#8220; des eigenen Geistes in den Geist des anderen, und umgekehrt. Aber dies sind immer noch Themen, die das rationale Gehirn des Vernunftwesens nicht leicht erfassen kann. Insbesondere glaubt die Wissenschaft nicht an \u201eM\u00e4rchen\u201c und an das, was sie nicht an Zahlen messen kann. Trotzdem, in solchen \u201eM\u00e4rchen\u201c, wie der Eintritt eines Energiek\u00f6rpers in einen anderen, \u00e4ndert sich jedoch das Licht und es kommt vor, dass das Licht von verschiedenen Maschinen oder Kameras (die ebenso von Menschen gemacht werden) aufgenommen werden kann.<\/p>\n<p>&nbsp;<\/p>\n<p>Obwohl das Thema sehr ungew\u00f6hnlich ist, kann seine Fantasie alle Menschen mit offenem Geist interessieren.<\/p>\n<p>Wenn sie wirklich echte Siddhis oder \u00fcbernat\u00fcrliche Kr\u00e4fte besitzen, r\u00fchmen sich solche Personen und spielen mit diesen Kr\u00e4ften nicht.<\/p>\n<p>Zu solchen Themen gab es immer philosophische \u00dcberlegungen. Aber vergisst nicht, dass die besten Philosophen noch bessere Psychoanalytiker waren. Aber heute, besonders im Westen, hat das Interesse der Menschen an ihren pers\u00f6nlichen psychischen und \u00fcbermenschlichen Kr\u00e4ften (wenn auch kein seltener Beruf) durch die Shoppingtherapie oder die Planung des n\u00e4chsten Urlaubs ersetzt.<\/p>\n<p>Es gibt viele Stellen in der Yoga-Literatur an denen man lesen kann, wie Energie aus dem K\u00f6rper austritt und in eine andere eindringt. Man muss jedoch nicht alles lesen, insbesondere der unvorbereitete Verstand, Geist und Herz sollten nicht alles lesen, da der rationale Verstand leicht glauben wird, dass er durch das Lesen solche beschriebenen paranormalen oder \u00fcbernat\u00fcrlichen Kr\u00e4fte selbst erreicht hat.[\/vc_column_text][\/vc_column][\/vc_row][vc_row][vc_column][vc_custom_heading text=&#8220;Yoga Sutra \u00fcber andere Kr\u00e4fte&#8220; font_container=&#8220;tag:h2|text_align:center|color:%2321bfd1&#8243; google_fonts=&#8220;font_family:Ubuntu%3A300%2C300italic%2Cregular%2Citalic%2C500%2C500italic%2C700%2C700italic|font_style:300%20light%20italic%3A300%3Aitalic&#8220;][\/vc_column][\/vc_row][vc_row][vc_column][vc_column_text]\n<hr \/>\n<p>&nbsp;<\/p>\n<p>Die folgenden Zeilen oder Sutras sprechen von weiteren, h\u00f6heren Meditationen oder Samyamas. Sie m\u00f6gen fantastisch erscheinen, aber genau diese Seiten der Yoga-Literatur waren die Inspiration und das Thema f\u00fcr viele aufgezeichnete Filme und B\u00fccher \u00fcber paranormale und \u00fcbernat\u00fcrliche menschliche Kr\u00e4fte.<\/p>\n<p>Es liegt an euch, wie ihr sie verstehen werden.<\/p>\n<p>&nbsp;<\/p>\n<h4 style=\"text-align: center;\"><span style=\"color: #993300;\">H\u00f6here Kraft des Geistes und der Seele, \u00fcbernat\u00fcrliche Kr\u00e4fte und Yoga Sutra<\/span><\/h4>\n<p>&nbsp;<\/p>\n<p>Dieser alte Text Yoga Sutra sagt, dass ein Yogi, der die mittlere Atmung oder das <em>Samana Prana<\/em> perfektioniert hat, selbst Lichtstrahlen aussenden kann.<\/p>\n<p><em>Samana Prana<\/em> ist eine lebenswichtige Lebenskraft, die den Bereich zwischen Herz und Nabel regiert und mit der Erweiterung des Bewusstseins und der Transformation verbunden ist.<\/p>\n<p>Ein Yogi, der den &#8222;oberen&#8220; Atem oder das <em>Udana Prana<\/em> (Prana, die Lebenskraft, die vom Hals aufw\u00e4rts flie\u00dft, es ist eine der f\u00fcnf <em>Prana Vayus <\/em>oder\u00a0<em>Pancha Pranas<\/em>, f\u00fcnf verschiedene Lebenskr\u00e4fte) beherrscht hat und mit der F\u00e4higkeit besch\u00e4ftigt ist, auf die Au\u00dfenwelt zu reagieren, kann sein K\u00f6rper \u00fcber Wasser und S\u00fcmpfen erheben oder auf den Dornen laufen.<br \/>\nIm Moment des Todes ist das <em>Udana Prana<\/em> f\u00fcr die Abl\u00f6sung des Astralk\u00f6rpers vom physischen K\u00f6rper verantwortlich und der fortgeschrittene Yogi, der das <em>Udana Prana<\/em> beherrscht, kann nach Belieben sterben.<\/p>\n<p>&nbsp;<\/p>\n<p>Durch Samyama (Meditation) auf die <span style=\"color: #993300;\">Verbindung zwischen dem Ohr und dem \u00c4ther<\/span> (Raum, Akasha) ein g\u00f6ttliches, \u00fcbernat\u00fcrliches H\u00f6ren aller Ger\u00e4usche.<\/p>\n<p>Mit Samyama (Meditation) \u00fcber <span style=\"color: #993300;\">die Beziehung zwischen Ohr und \u00c4ther<\/span> (Raum, Akasha) erh\u00e4lt man das g\u00f6ttliche, \u00fcbernat\u00fcrliche H\u00f6ren aller Kl\u00e4nge.<\/p>\n<p>Mit Samyama \u00fcber <span style=\"color: #993300;\">die Beziehung zwischen K\u00f6rper und Raum<\/span> oder durch das Erreichen der Leichtigkeit der Baumwollfaser durch Meditation, kann man durch die Luft reisen oder schweben, um von der Kraft der Gravitation befreit zu werden.<\/p>\n<p>Mit Samyama a<span style=\"color: #993300;\">uf den \u00e4u\u00dferen Wellen des Geistes,<\/span> die vom K\u00f6rper und vom Ego getrennt sind, verschwindet ein Schleier des inneren Lichts, der Dunkelheit und der Unwissenheit. Das Bewusstsein des Yogi kann dann ohne Vorstellungskraft in einen anderen K\u00f6rper eintreten.<\/p>\n<p>Mit Samyama <span style=\"color: #993300;\">\u00fcber die groben Elemente und ihre Formen<\/span>, <span style=\"color: #993300;\">\u00fcber die subtilen Elemente<\/span>, <span style=\"color: #993300;\">\u00fcber die wesentlichen Eigenschaften sowohl der groben als auch der subtilen Elemente und \u00fcber die Einfl\u00fcsse, die sie auf die Seele haben,<\/span> erlangt der Yogi die Meisterschaft \u00fcber die Elemente.<\/p>\n<p>Durch die Beherrschung der Elemente gewinnt man die Kraft, den K\u00f6rper atomar klein <em>(Anima)<\/em> und \u00e4hnliche Kr\u00e4fte zu machen und den K\u00f6rper zu perfektionieren.<\/p>\n<p>Wenn der Yogi diese Kr\u00e4fte erlangt hat <em>(Mahasiddhi)<\/em>, kann er sich klein wie ein Atom oder gro\u00df wie ein Berg <em>(Mahima)<\/em>, schwer <em>(Gharima)<\/em> oder leicht <em>(Laghima)<\/em> machen, er kann alles realisieren, was er w\u00fcnscht <em>(Prakamya)<\/em>. Er kann den eigenen K\u00f6rper und die geistigen Kr\u00e4fte <em>(ishitva)<\/em> regieren. Er kann auch \u00fcber andere Wesen und Elemente <em>(vashitva<\/em>) herrschen.<\/p>\n<p>Nichts und niemand steht ihm im Weg.<\/p>\n<p>Die Perfektion des physischen K\u00f6rpers <em>(Kaya-Sampat)<\/em> umfasst Sch\u00f6nheit<em> (Loch)<\/em>, Anmut <em>(Lavanaya)<\/em>, Kraft <em>(Bala)<\/em> und Adamantin H\u00e4rte <em>(Vajra)<\/em>. (Adamantin ist die Bezeichnung f\u00fcr harte Metalle, Edelsteine, und Vajra hei\u00dft ebenso hart, ein f\u00fcnfzackiges Ritualobjekt, das h\u00e4ufig in tibetisch-buddhistischen Zeremonien verwendet wird, das Symbol der Vajray\u0101na-Schule des Buddhismus). \u00a0Nichts kann es zerst\u00f6ren <em>(Samhanana)<\/em>, es gibt keine Krankheiten und Schmerzen, bis der Yogi es w\u00fcnscht (das letztere hat eine sehr tiefe Bedeutung, nicht die oberfl\u00e4chliche).<\/p>\n<p>Mit Samyama <span style=\"color: #993300;\">\u00fcber die Wahrnehmung <\/span><em>(grahana)<\/em> <span style=\"color: #993300;\">und das Wissen des Objekts, seine Natur oder Form <\/span><em>(svarupa)<\/em><span style=\"color: #993300;\"> und Transformation<\/span>, die aufgrund dieser Wahrnehmung und dieses Wissens auftritt, \u00fcber den Ego-Sinn oder das Ich-Sein\u00a0<em>(asmita)<\/em>, welches im Zentrum des <em>Indriyas<\/em> (mentale Formen von Handlungen und Sinnen) steht, \u00fcber die Beziehung <em>(Anvaya)<\/em> zwischen drei innersten Naturen der Organe<em> (Gunas)<\/em> und \u00fcber deren Erfahrung <em>(Arthavattva)<\/em>, erlangt man die Beherrschung der Organe.<\/p>\n<p>Mit dieser Meisterschaft <em>(Tato)<\/em> erlangt der K\u00f6rper die Kraft von Bewegungen schnell wie der Geist <em>(Manojavitvam)<\/em>, die Kraft der au\u00dfersinnlichen Wahrnehmung (als Hellsehen oder Hellh\u00f6rigkeit) oder die Kraft der Sinnesorgane <em>(Vikaranabhavah)\u00a0<\/em>getrennt vom K\u00f6rper und die Beherrschung der Urursache,<em> Prakriti (Pradhanajayasca).<\/em><\/p>\n<p>&nbsp;<\/p>\n<p>Die Kraft der Kontrolle der Natur, <em>Prakriti,<\/em> ist eine hohe und s\u00fc\u00dfe Kraft, aber sie sollte kein Grund f\u00fcr die Bindung an diese Kr\u00e4fte sein, da diese Person bereits das wesentliche und intuitive Wissen ihres Seins besitzt.<\/p>\n[\/vc_column_text][\/vc_column][\/vc_row][vc_row][vc_column][vc_column_text]\n<div id=\"attachment_5945\" style=\"width: 330px\" class=\"wp-caption aligncenter\"><img aria-describedby=\"caption-attachment-5945\" loading=\"lazy\" class=\"wp-image-5945 size-full\" src=\"https:\/\/i2.wp.com\/yogajagat.com\/wp-content\/uploads\/2020\/06\/Bosch.jpg?resize=320%2C225\" alt=\"\u00fcbernat\u00fcrliche Kr\u00e4fte\" width=\"320\" height=\"225\" srcset=\"https:\/\/i2.wp.com\/yogajagat.com\/wp-content\/uploads\/2020\/06\/Bosch.jpg?w=320&amp;ssl=1 320w, https:\/\/i2.wp.com\/yogajagat.com\/wp-content\/uploads\/2020\/06\/Bosch.jpg?resize=300%2C211&amp;ssl=1 300w\" sizes=\"(max-width: 320px) 100vw, 320px\" data-recalc-dims=\"1\" \/><p id=\"caption-attachment-5945\" class=\"wp-caption-text\">Hieronymus Bosch (um 1450-1516)<\/p><\/div>\n[\/vc_column_text][\/vc_column][\/vc_row]\n","protected":false},"excerpt":{"rendered":"<p>[vc_row][vc_column][vc_column_text]<br \/>\n\u00dcBERNAT\u00dcRLICHE KR\u00c4FTE DES MENSCHEN<br \/>\nH\u00d6HERE KR\u00c4FTE DES GEISTES<\/p>\n<p>&nbsp;<br \/>\nMit dem Erreichen wahrer psychischer Kr\u00e4fte, werden weitere geistige Kr\u00e4fte sowie \u00fcbernat\u00fcrliche Kr\u00e4fte gest\u00e4rkt.<br \/>\nOkkulte, psychische Kr\u00e4fte haben die Gabe, sich weiterzuentwickeln. Das Yoga Sutra beschreibt, was als n\u00e4chstes mit den Kr\u00e4ften jener Personen geschieht, die bereits eine bestimmte Kraftebene erreicht haben.<br \/>\nWir betrachten die h\u00f6heren Kr\u00e4fte des Geistes und die \u00fcbernat\u00fcrlichen Kr\u00e4fte, wie in den Kapiteln 3. und 4. des Yoga Sutra und die Aphorismen (oder Sutras &#8211; &#8230;<\/p>\n","protected":false},"author":1,"featured_media":0,"parent":0,"menu_order":0,"comment_status":"closed","ping_status":"closed","template":"template-full-width.php","meta":{"_bbp_topic_count":0,"_bbp_reply_count":0,"_bbp_total_topic_count":0,"_bbp_total_reply_count":0,"_bbp_voice_count":0,"_bbp_anonymous_reply_count":0,"_bbp_topic_count_hidden":0,"_bbp_reply_count_hidden":0,"_bbp_forum_subforum_count":0,"inline_featured_image":false,"spay_email":""},"translation":{"provider":"WPGlobus","version":"3.0.1","language":"de","enabled_languages":["en","de","sr"],"languages":{"en":{"title":true,"content":true,"excerpt":false},"de":{"title":true,"content":true,"excerpt":false},"sr":{"title":true,"content":true,"excerpt":false}}},"yoast_head":"<!-- This site is optimized with the Yoast SEO plugin v18.3 - https:\/\/yoast.com\/wordpress\/plugins\/seo\/ -->\n<title>\u00dcBERNAT\u00dcRLICHE KR\u00c4FTE, H\u00d6HERE KR\u00c4FTE DES BEWUSSTSEINS - Sch\u00f6nheit der Ver\u00e4nderung<\/title>\n<meta name=\"description\" content=\"Okkulte, psychische Kr\u00e4fte haben die Gabe, sich weiterzuentwickeln. Was sind die \u00dcbernat\u00fcrliche Kr\u00e4fte des Menschen. Erlangen der Superm\u00e4chte.\" \/>\n<meta name=\"robots\" content=\"index, follow, max-snippet:-1, max-image-preview:large, max-video-preview:-1\" \/>\n<link rel=\"canonical\" href=\"https:\/\/yogajagat.com\/supernatural-powers\/\" \/>\n<meta name=\"twitter:label1\" content=\"Gesch\u00e4tzte Lesezeit\" \/>\n\t<meta name=\"twitter:data1\" content=\"23\u00a0Minuten\" \/>\n<script type=\"application\/ld+json\" class=\"yoast-schema-graph\">{\"@context\":\"https:\/\/schema.org\",\"@graph\":[{\"@type\":\"Organization\",\"@id\":\"https:\/\/yogajagat.com\/#organization\",\"name\":\"Yogajagat\",\"url\":\"https:\/\/yogajagat.com\/\",\"sameAs\":[],\"logo\":{\"@type\":\"ImageObject\",\"@id\":\"https:\/\/yogajagat.com\/#logo\",\"inLanguage\":\"de\",\"url\":\"https:\/\/i1.wp.com\/yogajagat.com\/wp-content\/uploads\/2019\/03\/DSC08478-Kopie-1.jpg?fit=798%2C800&ssl=1\",\"contentUrl\":\"https:\/\/i1.wp.com\/yogajagat.com\/wp-content\/uploads\/2019\/03\/DSC08478-Kopie-1.jpg?fit=798%2C800&ssl=1\",\"width\":798,\"height\":800,\"caption\":\"Yogajagat\"},\"image\":{\"@id\":\"https:\/\/yogajagat.com\/#logo\"}},{\"@type\":\"WebSite\",\"@id\":\"https:\/\/yogajagat.com\/#website\",\"url\":\"https:\/\/yogajagat.com\/\",\"name\":\"Sch\u00f6nheit der Ver\u00e4nderung\",\"description\":\"Mit st\u00e4ndiger Ver\u00e4nderung zum sch\u00f6nsten Lebenserfahrung\",\"publisher\":{\"@id\":\"https:\/\/yogajagat.com\/#organization\"},\"potentialAction\":[{\"@type\":\"SearchAction\",\"target\":{\"@type\":\"EntryPoint\",\"urlTemplate\":\"https:\/\/yogajagat.com\/?s={search_term_string}\"},\"query-input\":\"required name=search_term_string\"}],\"inLanguage\":\"de\"},{\"@type\":\"ImageObject\",\"@id\":\"https:\/\/yogajagat.com\/supernatural-powers\/#primaryimage\",\"inLanguage\":\"de\",\"url\":\"http:\/\/yogajagat.com\/wp-content\/uploads\/2020\/01\/p02l54v5.jpg\",\"contentUrl\":\"http:\/\/yogajagat.com\/wp-content\/uploads\/2020\/01\/p02l54v5.jpg\"},{\"@type\":\"WebPage\",\"@id\":\"https:\/\/yogajagat.com\/supernatural-powers\/#webpage\",\"url\":\"https:\/\/yogajagat.com\/supernatural-powers\/\",\"name\":\"\u00dcBERNAT\u00dcRLICHE KR\u00c4FTE, H\u00d6HERE KR\u00c4FTE DES BEWUSSTSEINS - Sch\u00f6nheit der Ver\u00e4nderung\",\"isPartOf\":{\"@id\":\"https:\/\/yogajagat.com\/#website\"},\"primaryImageOfPage\":{\"@id\":\"https:\/\/yogajagat.com\/supernatural-powers\/#primaryimage\"},\"datePublished\":\"2019-07-26T10:46:06+00:00\",\"dateModified\":\"2020-06-16T14:05:07+00:00\",\"description\":\"Okkulte, psychische Kr\u00e4fte haben die Gabe, sich weiterzuentwickeln. Was sind die \u00dcbernat\u00fcrliche Kr\u00e4fte des Menschen. Erlangen der Superm\u00e4chte.\",\"breadcrumb\":{\"@id\":\"https:\/\/yogajagat.com\/supernatural-powers\/#breadcrumb\"},\"inLanguage\":\"de\",\"potentialAction\":[{\"@type\":\"ReadAction\",\"target\":[\"https:\/\/yogajagat.com\/supernatural-powers\/\"]}]},{\"@type\":\"BreadcrumbList\",\"@id\":\"https:\/\/yogajagat.com\/supernatural-powers\/#breadcrumb\",\"itemListElement\":[{\"@type\":\"ListItem\",\"position\":1,\"name\":\"Home\",\"item\":\"https:\/\/yogajagat.com\/sr\/\"},{\"@type\":\"ListItem\",\"position\":2,\"name\":\"Supernatural Powers\"}]}]}<\/script>\n<!-- \/ Yoast SEO plugin. -->","yoast_head_json":{"title":"\u00dcBERNAT\u00dcRLICHE KR\u00c4FTE, H\u00d6HERE KR\u00c4FTE DES BEWUSSTSEINS - Sch\u00f6nheit der Ver\u00e4nderung","description":"Okkulte, psychische Kr\u00e4fte haben die Gabe, sich weiterzuentwickeln. Was sind die \u00dcbernat\u00fcrliche Kr\u00e4fte des Menschen. Erlangen der Superm\u00e4chte.","robots":{"index":"index","follow":"follow","max-snippet":"max-snippet:-1","max-image-preview":"max-image-preview:large","max-video-preview":"max-video-preview:-1"},"canonical":"https:\/\/yogajagat.com\/supernatural-powers\/","twitter_misc":{"Gesch\u00e4tzte Lesezeit":"23\u00a0Minuten"},"schema":{"@context":"https:\/\/schema.org","@graph":[{"@type":"Organization","@id":"https:\/\/yogajagat.com\/#organization","name":"Yogajagat","url":"https:\/\/yogajagat.com\/","sameAs":[],"logo":{"@type":"ImageObject","@id":"https:\/\/yogajagat.com\/#logo","inLanguage":"de","url":"https:\/\/i1.wp.com\/yogajagat.com\/wp-content\/uploads\/2019\/03\/DSC08478-Kopie-1.jpg?fit=798%2C800&ssl=1","contentUrl":"https:\/\/i1.wp.com\/yogajagat.com\/wp-content\/uploads\/2019\/03\/DSC08478-Kopie-1.jpg?fit=798%2C800&ssl=1","width":798,"height":800,"caption":"Yogajagat"},"image":{"@id":"https:\/\/yogajagat.com\/#logo"}},{"@type":"WebSite","@id":"https:\/\/yogajagat.com\/#website","url":"https:\/\/yogajagat.com\/","name":"Sch\u00f6nheit der Ver\u00e4nderung","description":"Mit st\u00e4ndiger Ver\u00e4nderung zum sch\u00f6nsten Lebenserfahrung","publisher":{"@id":"https:\/\/yogajagat.com\/#organization"},"potentialAction":[{"@type":"SearchAction","target":{"@type":"EntryPoint","urlTemplate":"https:\/\/yogajagat.com\/?s={search_term_string}"},"query-input":"required name=search_term_string"}],"inLanguage":"de"},{"@type":"ImageObject","@id":"https:\/\/yogajagat.com\/supernatural-powers\/#primaryimage","inLanguage":"de","url":"http:\/\/yogajagat.com\/wp-content\/uploads\/2020\/01\/p02l54v5.jpg","contentUrl":"http:\/\/yogajagat.com\/wp-content\/uploads\/2020\/01\/p02l54v5.jpg"},{"@type":"WebPage","@id":"https:\/\/yogajagat.com\/supernatural-powers\/#webpage","url":"https:\/\/yogajagat.com\/supernatural-powers\/","name":"\u00dcBERNAT\u00dcRLICHE KR\u00c4FTE, H\u00d6HERE KR\u00c4FTE DES BEWUSSTSEINS - Sch\u00f6nheit der Ver\u00e4nderung","isPartOf":{"@id":"https:\/\/yogajagat.com\/#website"},"primaryImageOfPage":{"@id":"https:\/\/yogajagat.com\/supernatural-powers\/#primaryimage"},"datePublished":"2019-07-26T10:46:06+00:00","dateModified":"2020-06-16T14:05:07+00:00","description":"Okkulte, psychische Kr\u00e4fte haben die Gabe, sich weiterzuentwickeln. Was sind die \u00dcbernat\u00fcrliche Kr\u00e4fte des Menschen. Erlangen der Superm\u00e4chte.","breadcrumb":{"@id":"https:\/\/yogajagat.com\/supernatural-powers\/#breadcrumb"},"inLanguage":"de","potentialAction":[{"@type":"ReadAction","target":["https:\/\/yogajagat.com\/supernatural-powers\/"]}]},{"@type":"BreadcrumbList","@id":"https:\/\/yogajagat.com\/supernatural-powers\/#breadcrumb","itemListElement":[{"@type":"ListItem","position":1,"name":"Home","item":"https:\/\/yogajagat.com\/sr\/"},{"@type":"ListItem","position":2,"name":"Supernatural Powers"}]}]}},"_links":{"self":[{"href":"https:\/\/yogajagat.com\/de\/wp-json\/wp\/v2\/pages\/3818"}],"collection":[{"href":"https:\/\/yogajagat.com\/de\/wp-json\/wp\/v2\/pages"}],"about":[{"href":"https:\/\/yogajagat.com\/de\/wp-json\/wp\/v2\/types\/page"}],"author":[{"embeddable":true,"href":"https:\/\/yogajagat.com\/de\/wp-json\/wp\/v2\/users\/1"}],"replies":[{"embeddable":true,"href":"https:\/\/yogajagat.com\/de\/wp-json\/wp\/v2\/comments?post=3818"}],"version-history":[{"count":10,"href":"https:\/\/yogajagat.com\/de\/wp-json\/wp\/v2\/pages\/3818\/revisions"}],"predecessor-version":[{"id":5947,"href":"https:\/\/yogajagat.com\/de\/wp-json\/wp\/v2\/pages\/3818\/revisions\/5947"}],"wp:attachment":[{"href":"https:\/\/yogajagat.com\/de\/wp-json\/wp\/v2\/media?parent=3818"}],"curies":[{"name":"wp","href":"https:\/\/api.w.org\/{rel}","templated":true}]}}