{"id":3805,"date":"2019-07-25T17:40:59","date_gmt":"2019-07-25T16:40:59","guid":{"rendered":"http:\/\/yogajagat.com\/?page_id=3805"},"modified":"2020-06-13T15:05:10","modified_gmt":"2020-06-13T13:05:10","slug":"real-and-false-meditation","status":"publish","type":"page","link":"https:\/\/yogajagat.com\/de\/echte-oder-falsche-meditation\/","title":{"rendered":"Echte oder falsche Meditation?"},"content":{"rendered":"[vc_row][vc_column][vc_column_text]\n<h3><\/h3>\n<h3 style=\"text-align: center;\"><span style=\"color: #993300;\">GIBT ES ECHTE ODER FALSCHE MEDITATION?<\/span><\/h3>\n<hr \/>\n<p>&nbsp;<\/p>\n<p>Es gibt viele Kontroversen, Kritik, Zweifel und Debatten dar\u00fcber, ob Meditation \u00fcberhaupt wichtig ist und ob es echte oder falsche Meditation gibt. Nat\u00fcrlich, es ist immer am besten, es selbst zu \u00fcben und zu beweisen. Jedoch gibt es \u00fcberall viel \u00dcbertreibung. \u00dcber wann Meditation vergeblich ist und wenn in der Meditation lustige Dinge passieren, wer noch der richtige Meditierende ist, wohin man gehen muss und wie man den richtigen Meditierenden, ehrlichen Lehrer und den richtigen Weg erkennen kann und was Neurowissenschaften \u00fcber Meditation wissen,\u00a0kann man <a href=\"https:\/\/yogajagat.com\/real-and-false-meditation\/\"><span style=\"color: #993300;\">hier <\/span><\/a>auf\u00a0Englisch weiter lesen.<\/p>\n<p>&nbsp;<\/p>\n<p><img loading=\"lazy\" class=\"aligncenter wp-image-5099 size-full\" src=\"https:\/\/i0.wp.com\/yogajagat.com\/wp-content\/uploads\/2020\/02\/DSC02367.jpg?resize=640%2C480\" alt=\"echte oder falsche meditation\" width=\"640\" height=\"480\" srcset=\"https:\/\/i0.wp.com\/yogajagat.com\/wp-content\/uploads\/2020\/02\/DSC02367.jpg?w=640&amp;ssl=1 640w, https:\/\/i0.wp.com\/yogajagat.com\/wp-content\/uploads\/2020\/02\/DSC02367.jpg?resize=300%2C225&amp;ssl=1 300w\" sizes=\"(max-width: 640px) 100vw, 640px\" data-recalc-dims=\"1\" \/>[\/vc_column_text][\/vc_column][\/vc_row]\n","protected":false},"excerpt":{"rendered":"<p>[vc_row][vc_column][vc_column_text]<\/p>\n<p>GIBT ES ECHTE ODER FALSCHE MEDITATION?<\/p>\n<p>&nbsp;<br \/>\nEs gibt viele Kontroversen, Kritik, Zweifel und Debatten dar\u00fcber, ob Meditation \u00fcberhaupt wichtig ist und ob es echte oder falsche Meditation gibt. Nat\u00fcrlich, es ist immer am besten, es selbst zu \u00fcben und zu beweisen. Jedoch gibt es \u00fcberall viel \u00dcbertreibung. \u00dcber wann Meditation vergeblich ist und wenn in der Meditation lustige Dinge passieren, wer noch der richtige Meditierende ist, wohin man gehen muss und wie man den richtigen Meditierenden, &#8230;<\/p>\n","protected":false},"author":1,"featured_media":0,"parent":0,"menu_order":0,"comment_status":"closed","ping_status":"closed","template":"template-full-width.php","meta":{"_bbp_topic_count":0,"_bbp_reply_count":0,"_bbp_total_topic_count":0,"_bbp_total_reply_count":0,"_bbp_voice_count":0,"_bbp_anonymous_reply_count":0,"_bbp_topic_count_hidden":0,"_bbp_reply_count_hidden":0,"_bbp_forum_subforum_count":0,"inline_featured_image":false,"spay_email":""},"translation":{"provider":"WPGlobus","version":"3.0.1","language":"de","enabled_languages":["en","de","sr"],"languages":{"en":{"title":true,"content":true,"excerpt":false},"de":{"title":true,"content":true,"excerpt":false},"sr":{"title":true,"content":true,"excerpt":false}}},"yoast_head":"<!-- This site is optimized with the Yoast SEO plugin v18.3 - https:\/\/yoast.com\/wordpress\/plugins\/seo\/ -->\n<title>Echte oder falsche Meditation? - Sch\u00f6nheit der Ver\u00e4nderung<\/title>\n<meta name=\"description\" content=\"Gibte es echte oder falsche Meditation? Wann Meditation vergeblich ist und wenn in der Meditation lustige Sachen passieren...\" \/>\n<meta name=\"robots\" content=\"index, follow, max-snippet:-1, max-image-preview:large, max-video-preview:-1\" \/>\n<link rel=\"canonical\" href=\"https:\/\/yogajagat.com\/de\/echte-oder-falsche-meditation\/\" \/>\n<meta name=\"twitter:label1\" content=\"Gesch\u00e4tzte Lesezeit\" \/>\n\t<meta name=\"twitter:data1\" content=\"19\u00a0Minuten\" \/>\n<script type=\"application\/ld+json\" class=\"yoast-schema-graph\">{\"@context\":\"https:\/\/schema.org\",\"@graph\":[{\"@type\":\"Organization\",\"@id\":\"https:\/\/yogajagat.com\/#organization\",\"name\":\"Yogajagat\",\"url\":\"https:\/\/yogajagat.com\/\",\"sameAs\":[],\"logo\":{\"@type\":\"ImageObject\",\"@id\":\"https:\/\/yogajagat.com\/#logo\",\"inLanguage\":\"de\",\"url\":\"https:\/\/i1.wp.com\/yogajagat.com\/wp-content\/uploads\/2019\/03\/DSC08478-Kopie-1.jpg?fit=798%2C800&ssl=1\",\"contentUrl\":\"https:\/\/i1.wp.com\/yogajagat.com\/wp-content\/uploads\/2019\/03\/DSC08478-Kopie-1.jpg?fit=798%2C800&ssl=1\",\"width\":798,\"height\":800,\"caption\":\"Yogajagat\"},\"image\":{\"@id\":\"https:\/\/yogajagat.com\/#logo\"}},{\"@type\":\"WebSite\",\"@id\":\"https:\/\/yogajagat.com\/#website\",\"url\":\"https:\/\/yogajagat.com\/\",\"name\":\"Sch\u00f6nheit der Ver\u00e4nderung\",\"description\":\"Mit st\u00e4ndiger Ver\u00e4nderung zum sch\u00f6nsten Lebenserfahrung\",\"publisher\":{\"@id\":\"https:\/\/yogajagat.com\/#organization\"},\"potentialAction\":[{\"@type\":\"SearchAction\",\"target\":{\"@type\":\"EntryPoint\",\"urlTemplate\":\"https:\/\/yogajagat.com\/?s={search_term_string}\"},\"query-input\":\"required name=search_term_string\"}],\"inLanguage\":\"de\"},{\"@type\":\"ImageObject\",\"@id\":\"https:\/\/yogajagat.com\/de\/echte-oder-falsche-meditation\/#primaryimage\",\"inLanguage\":\"de\",\"url\":\"http:\/\/yogajagat.com\/wp-content\/uploads\/2020\/01\/DSC01590-Kopie.jpg\",\"contentUrl\":\"http:\/\/yogajagat.com\/wp-content\/uploads\/2020\/01\/DSC01590-Kopie.jpg\"},{\"@type\":\"WebPage\",\"@id\":\"https:\/\/yogajagat.com\/de\/echte-oder-falsche-meditation\/#webpage\",\"url\":\"https:\/\/yogajagat.com\/de\/echte-oder-falsche-meditation\/\",\"name\":\"Echte oder falsche Meditation? - Sch\u00f6nheit der Ver\u00e4nderung\",\"isPartOf\":{\"@id\":\"https:\/\/yogajagat.com\/#website\"},\"primaryImageOfPage\":{\"@id\":\"https:\/\/yogajagat.com\/de\/echte-oder-falsche-meditation\/#primaryimage\"},\"datePublished\":\"2019-07-25T16:40:59+00:00\",\"dateModified\":\"2020-06-13T13:05:10+00:00\",\"description\":\"Gibte es echte oder falsche Meditation? Wann Meditation vergeblich ist und wenn in der Meditation lustige Sachen passieren...\",\"breadcrumb\":{\"@id\":\"https:\/\/yogajagat.com\/de\/echte-oder-falsche-meditation\/#breadcrumb\"},\"inLanguage\":\"de\",\"potentialAction\":[{\"@type\":\"ReadAction\",\"target\":[\"https:\/\/yogajagat.com\/de\/echte-oder-falsche-meditation\/\"]}]},{\"@type\":\"BreadcrumbList\",\"@id\":\"https:\/\/yogajagat.com\/de\/echte-oder-falsche-meditation\/#breadcrumb\",\"itemListElement\":[{\"@type\":\"ListItem\",\"position\":1,\"name\":\"Home\",\"item\":\"https:\/\/yogajagat.com\/sr\/\"},{\"@type\":\"ListItem\",\"position\":2,\"name\":\"Echte oder falsche Meditation?\"}]}]}<\/script>\n<!-- \/ Yoast SEO plugin. -->","yoast_head_json":{"title":"Echte oder falsche Meditation? - Sch\u00f6nheit der Ver\u00e4nderung","description":"Gibte es echte oder falsche Meditation? Wann Meditation vergeblich ist und wenn in der Meditation lustige Sachen passieren...","robots":{"index":"index","follow":"follow","max-snippet":"max-snippet:-1","max-image-preview":"max-image-preview:large","max-video-preview":"max-video-preview:-1"},"canonical":"https:\/\/yogajagat.com\/de\/echte-oder-falsche-meditation\/","twitter_misc":{"Gesch\u00e4tzte Lesezeit":"19\u00a0Minuten"},"schema":{"@context":"https:\/\/schema.org","@graph":[{"@type":"Organization","@id":"https:\/\/yogajagat.com\/#organization","name":"Yogajagat","url":"https:\/\/yogajagat.com\/","sameAs":[],"logo":{"@type":"ImageObject","@id":"https:\/\/yogajagat.com\/#logo","inLanguage":"de","url":"https:\/\/i1.wp.com\/yogajagat.com\/wp-content\/uploads\/2019\/03\/DSC08478-Kopie-1.jpg?fit=798%2C800&ssl=1","contentUrl":"https:\/\/i1.wp.com\/yogajagat.com\/wp-content\/uploads\/2019\/03\/DSC08478-Kopie-1.jpg?fit=798%2C800&ssl=1","width":798,"height":800,"caption":"Yogajagat"},"image":{"@id":"https:\/\/yogajagat.com\/#logo"}},{"@type":"WebSite","@id":"https:\/\/yogajagat.com\/#website","url":"https:\/\/yogajagat.com\/","name":"Sch\u00f6nheit der Ver\u00e4nderung","description":"Mit st\u00e4ndiger Ver\u00e4nderung zum sch\u00f6nsten Lebenserfahrung","publisher":{"@id":"https:\/\/yogajagat.com\/#organization"},"potentialAction":[{"@type":"SearchAction","target":{"@type":"EntryPoint","urlTemplate":"https:\/\/yogajagat.com\/?s={search_term_string}"},"query-input":"required name=search_term_string"}],"inLanguage":"de"},{"@type":"ImageObject","@id":"https:\/\/yogajagat.com\/de\/echte-oder-falsche-meditation\/#primaryimage","inLanguage":"de","url":"http:\/\/yogajagat.com\/wp-content\/uploads\/2020\/01\/DSC01590-Kopie.jpg","contentUrl":"http:\/\/yogajagat.com\/wp-content\/uploads\/2020\/01\/DSC01590-Kopie.jpg"},{"@type":"WebPage","@id":"https:\/\/yogajagat.com\/de\/echte-oder-falsche-meditation\/#webpage","url":"https:\/\/yogajagat.com\/de\/echte-oder-falsche-meditation\/","name":"Echte oder falsche Meditation? - Sch\u00f6nheit der Ver\u00e4nderung","isPartOf":{"@id":"https:\/\/yogajagat.com\/#website"},"primaryImageOfPage":{"@id":"https:\/\/yogajagat.com\/de\/echte-oder-falsche-meditation\/#primaryimage"},"datePublished":"2019-07-25T16:40:59+00:00","dateModified":"2020-06-13T13:05:10+00:00","description":"Gibte es echte oder falsche Meditation? Wann Meditation vergeblich ist und wenn in der Meditation lustige Sachen passieren...","breadcrumb":{"@id":"https:\/\/yogajagat.com\/de\/echte-oder-falsche-meditation\/#breadcrumb"},"inLanguage":"de","potentialAction":[{"@type":"ReadAction","target":["https:\/\/yogajagat.com\/de\/echte-oder-falsche-meditation\/"]}]},{"@type":"BreadcrumbList","@id":"https:\/\/yogajagat.com\/de\/echte-oder-falsche-meditation\/#breadcrumb","itemListElement":[{"@type":"ListItem","position":1,"name":"Home","item":"https:\/\/yogajagat.com\/sr\/"},{"@type":"ListItem","position":2,"name":"Echte oder falsche Meditation?"}]}]}},"_links":{"self":[{"href":"https:\/\/yogajagat.com\/de\/wp-json\/wp\/v2\/pages\/3805"}],"collection":[{"href":"https:\/\/yogajagat.com\/de\/wp-json\/wp\/v2\/pages"}],"about":[{"href":"https:\/\/yogajagat.com\/de\/wp-json\/wp\/v2\/types\/page"}],"author":[{"embeddable":true,"href":"https:\/\/yogajagat.com\/de\/wp-json\/wp\/v2\/users\/1"}],"replies":[{"embeddable":true,"href":"https:\/\/yogajagat.com\/de\/wp-json\/wp\/v2\/comments?post=3805"}],"version-history":[{"count":13,"href":"https:\/\/yogajagat.com\/de\/wp-json\/wp\/v2\/pages\/3805\/revisions"}],"predecessor-version":[{"id":5935,"href":"https:\/\/yogajagat.com\/de\/wp-json\/wp\/v2\/pages\/3805\/revisions\/5935"}],"wp:attachment":[{"href":"https:\/\/yogajagat.com\/de\/wp-json\/wp\/v2\/media?parent=3805"}],"curies":[{"name":"wp","href":"https:\/\/api.w.org\/{rel}","templated":true}]}}