{"id":3800,"date":"2019-07-25T15:46:18","date_gmt":"2019-07-25T14:46:18","guid":{"rendered":"http:\/\/yogajagat.com\/?page_id=3800"},"modified":"2021-06-16T09:42:57","modified_gmt":"2021-06-16T07:42:57","slug":"the-stages-of-consciousness-and-vedanta","status":"publish","type":"page","link":"https:\/\/yogajagat.com\/de\/stufen-des-bewusstseins-und-vedanta\/","title":{"rendered":"Stufen des Bewusstseins und Vedanta"},"content":{"rendered":"[vc_row][vc_column][vc_column_text]\n<h3><\/h3>\n<h3 style=\"text-align: center;\"><\/h3>\n<h3 style=\"text-align: center;\"><span style=\"color: #993300;\">DIE STUFEN DES BEWUSSTSEINS UND VEDANTA<\/span><\/h3>\n<hr \/>\n<p>&nbsp;<\/p>\n<p>Alte B\u00fccher haben uns einen echten Schatz zum Lesen, Denken und \u00dcben hinterlassen. Die Wissenschaft des Vedanta erkl\u00e4rte die Stufen des Bewusstseins f\u00fcr viele hundert Jahre, bevor wir anfingen, Yoga zu praktizieren und zu meditieren.<\/p>\n<p><em>Vijnana Bhairava Tantra<\/em> ist ein alter Text \u00fcber das Wissen \u00fcber Geist und Seele. Es lehrt 112 verschiedene Meditationstechniken, die als <em>Dharana<\/em> oder <a href=\"https:\/\/yogajagat.com\/de\/konzentration-oder-nutzliche-distanzierung-des-geistes\/\"><span style=\"color: #993300;\">Konzentration<\/span><\/a> bezeichnet werden. Osho beschrieb diese Techniken sehr einfach, aber auch ausf\u00fchrlich im <a href=\"https:\/\/www.amazon.de\/Das-Buch-Geheimnisse-Meditations-Techniken-Entdeckung\/dp\/3442338476\"><span style=\"color: #993300;\"><em>Buch der Geheimnisse<\/em>.<\/span><\/a><\/p>\n<p>Die Lebensweise, die Weise auf welche atmet, denkt und handelt so wie die Tantra-Wissenschaft lehrt, f\u00fchrt (kann f\u00fchren) zum endg\u00fcltigen Bewusstseinszustand. Dieser endg\u00fcltige, letzte Bewusstseinszustand kann nur mit einem gut vorbereiteten Herzen, K\u00f6rper und richtig fokussiertem Geist erreicht werden. Leider kann dieser sehr edle Zustand nicht durch Abk\u00fcrzungen erreicht werden. Der ultimative Bewusstseinszustand ist keine Kurzgeschichte, Geschichte oder ein Kommentar. Es ist wirklich der letzte Bewusstseinszustand.<\/p>\n<p><em>Ein kurzer Hinweis: Die Zeilen dieser vollst\u00e4ndigen Website sprechen von Stufen der Transformation der Seele. Wenn man M\u00fche und Liebe in das Lesen und Dekodieren steckt, kann man zwischen den Zeilen viele Antworten und Inspirationen finden.<\/em><\/p>\n<p>Die Stufen des Bewusstseins nach Vedanta sind:<\/p>\n<p>1. Tiefschlaf<\/p>\n<p>2. Tr\u00e4umen (REM-Phase)<\/p>\n<p>3. Wachzustand, Das ist der \u00fcbliche Zustand jedes Menschen.<\/p>\n<p>4. \u00d6ffnung der Seele, Seelenbewusstsein, Das ist der Zustand des Bewusstseins indem eine Person ein Beobachter wird, der nicht vom Denken sondern von der Intuition geleitet wird. Die Person ist in diesem Zustand wie ein Zeuge, der leise beobachtet. Diese Phase ist ein tiefer Zustand reiner Aufrichtigkeit gegen\u00fcber sich selbst und damit gegen\u00fcber allem und jedem.<\/p>\n<p>5. Kosmisches, universelles Bewusstsein, oder wenn ein Mensch erkennt, dass seine Seele alle Zust\u00e4nde und alle Formen seiner Existenz und alles andere durchdringt. In diesem Zustand ist der Mensch immun gegen Stress und seine ruhige und friedliche Ruhe ist die wahre Nahrung f\u00fcr alle Menschen und die gesamte Umwelt.<\/p>\n<p>6. G\u00f6ttliches Bewusstsein. In diesem Zustand des Bewusstseins die Person ein Zeuge der Reflexion des G\u00f6ttlichen.<\/p>\n<p>7. Einheitliches Bewusstsein. Das ist die Verschmelzung des Individuums mit der universellen Seele in voller Harmonie mit den Naturgesetzen.<\/p>\n<p>Wie man die Welt erlebt, h\u00e4ngt vom Zustand seines Bewusstseins ab.<\/p>\n<p>Auf diese Weise f\u00fchrt uns Yoga, die Praxis des Tantra ist, durch die drei Grundstufen des Bewusstseins, den Wachzustand (<em>Jagrat\u00a0<\/em>), den Traumzustand (<em>Swapna\u00a0<\/em>) und den Schlafzustand (<em>Sushupti )<\/em>, zum vierten Zustand des <em>Turiya<\/em>, der nach Patanjali Yoga das Ende und ein neuer Anfang ist.<\/p>\n[\/vc_column_text][\/vc_column][\/vc_row][vc_row][vc_column][vc_custom_heading text=&#8220;Meditation in der Sankhya Philosophie&#8220; font_container=&#8220;tag:h2|text_align:center|color:%2321bbd3&#8243; google_fonts=&#8220;font_family:Ubuntu%3A300%2C300italic%2Cregular%2Citalic%2C500%2C500italic%2C700%2C700italic|font_style:300%20light%20italic%3A300%3Aitalic&#8220;][\/vc_column][\/vc_row][vc_row][vc_column][vc_column_text]\n<hr \/>\n<p>&nbsp;<\/p>\n<p><em>Sankhya<\/em> ist eine der sechs klassischen Schulen der indischen Philosophie oder Vision (<em>Darshanas\u00a0<\/em>). Es definiert Meditation als ein Werkzeug, das zwei Prinzipien vereint.<\/p>\n<p>Yoga Sutra des Patanjali ist ein Text, der auf der Sankhya-Philosophie basiert.<\/p>\n[\/vc_column_text][\/vc_column][\/vc_row][vc_row][vc_column][vc_cta h2=&#8220;Yoga Sutra 3.2:&#8220; color=&#8220;turquoise&#8220;]\u201eMeditation ist der kontinuierliche und ununterbrochene Fluss der Wahrnehmung (Denken, Idee, Glaube) in Richtung des Konzentrationsobjekts.\u201c[\/vc_cta][\/vc_column][\/vc_row][vc_row][vc_column][vc_column_text]<em>Katha Upanishad<\/em> befasst sich mit dem Studium aller m\u00f6glichen Geheimnisse.[\/vc_column_text][\/vc_column][\/vc_row][vc_row][vc_column][vc_cta h2=&#8220;Vers 2.3.10:&#8220; color=&#8220;turquoise&#8220;]\u201eWenn die f\u00fcnf Sinne aufh\u00f6ren und ruhig werden, und der Geist ruhig wird, und der h\u00f6here Geist mit seinem Aktivit\u00e4t aufh\u00f6rt, ist das der h\u00f6chste Zustand, sagen Denker.\u201c[\/vc_cta][\/vc_column][\/vc_row][vc_row][vc_column][vc_cta h2=&#8220;Bhagavad Gita 6.5:&#8220; color=&#8220;turquoise&#8220;]&#8220;Mann sollte sich mit Hilfe seines Geistes befreien, und nicht erniedrigen. Der Geist ist der Freund der bedingten Seele, aber auch ihr Feind.&#8220;<\/p>\n<p>(\u00dcbersetzung: \u0160ri \u0160rimad , A.C. Bhaktivedanta Swami Pradhupada, <em>Bhagavad Gita, wie sie ist\u00a0<\/em>)[\/vc_cta][\/vc_column][\/vc_row][vc_row][vc_column][vc_column_text]Es gibt keine Abk\u00fcrzungen im Leben. Ein Mensch kann sich nicht mit einem ungereinigten Herzen verwirklichen. Das hei\u00dft, er muss zuerst seinHerz, seine Gewohnheiten und \u00dcberzeugungen verfeinern und die Richtung seines Egoismus \u00e4ndern. Wie lange der Weg des Herzens den n\u00e4chsten Vers sagt. (Und wo und wie man diesen Weg beginnen soll, k\u00f6nnt ihr auf diese Webseite lesen, beginnend mit <a href=\"https:\/\/yogajagat.com\/de\/einheit-ganzwerdung-vereinigung-die-menschliche-dna\/\"><span style=\"color: #993300;\">dieser<\/span> <\/a>Seite voran.)[\/vc_column_text][\/vc_column][\/vc_row][vc_row][vc_column][vc_cta h2=&#8220;Bhagavad Gita 6.3:&#8220; color=&#8220;turquoise&#8220;]F\u00fcr den Meditierenden, der eine Reinigung des Herzens erreichen m\u00f6chte, die zur Konzentration f\u00fchrt, gilt Arbeit als der Weg: Wenn er eine solche Konzentration erreicht hat, gilt die Einstellung aller materiellen T\u00e4tigkeiten als Weg.[\/vc_cta][\/vc_column][\/vc_row][vc_row][vc_column][vc_cta h2=&#8220;Bhagavad Gita 6.7-8:&#8220; color=&#8220;turquoise&#8220;]F\u00fcr jemanden, der den Geist bezwungen hat, ist das H\u00f6chste Selbst (\u00dcberseele) erreicht, denn er hat Ausgeglichenheit erlangt. F\u00fcr einen solchen Menschen sind Vergn\u00fcgen und Schmerz, Ehre und Schande, Hitze und K\u00e4lte alles das gleiche.<\/p>\n<p>Dessen Herz ist erf\u00fcllt von Befriedigung durch Weisheit und Erkenntnis und ist unver\u00e4nderlich, dessen Sinne erobert sind und denen ein Klumpen Erde, Stein und Gold gleich ist: dieser Yogi wird standhaft genannt.[\/vc_cta][\/vc_column][\/vc_row][vc_row][vc_column][vc_column_text]Der Mensch, der seine Selbstbeherrschung regiert, wird von der Seele des Universums gef\u00fchrt.<\/p>\n<p>Diese Gelegenheit wird jedem lebenden Menschen bei seiner Ankunft auf der Erde gegeben und dieselbe Seele steht jedem zur Verf\u00fcgung.<\/p>\n<p>Aber nur wenn der kleine Geist seine niedrige Natur \u00fcberwindet und sich in einen Geist verwandelt, der die Selbstkontrolle herrscht, kann dieselbe Seele des Kosmos erlebt werden.<\/p>\n<p><em>Yogi<\/em> ist eine \u201emystische\u201c Person, die die gew\u00f6hnliche Welt nicht verstehen kann, selbst wenn sie ihn verstehen m\u00f6chte. Yogi ist standhaft in seiner Selbstbeherrschung und die materielle Welt hat f\u00fcr ihn kein Wert.<\/p>\n<p><a href=\"https:\/\/yogajagat.com\/de\/weg-des-denkens-der-vernunft-der-einsicht\/\"><span style=\"color: #993300;\">Raja Yogis<\/span><\/a> sind genau diese K\u00f6nige. Und deshalb hat literarisches Wissen keinen Sinn f\u00fcr die H\u00f6chste Wahrheit.<\/p>\n<p>&nbsp;<\/p>\n<p>So viel wussten die alten V\u00f6lker \u00fcber Meditation und so kennt Vedanta die Stufen des Bewusstseins.[\/vc_column_text][\/vc_column][\/vc_row][vc_row][vc_column][vc_column_text]<img loading=\"lazy\" class=\"aligncenter size-medium wp-image-5215\" src=\"https:\/\/i2.wp.com\/yogajagat.com\/wp-content\/uploads\/2020\/02\/429991_10151173983162512_962411097_n-300x200.jpg?resize=300%2C200\" alt=\"Stufen des Bewusstseins\" width=\"300\" height=\"200\" srcset=\"https:\/\/i1.wp.com\/yogajagat.com\/wp-content\/uploads\/2020\/02\/429991_10151173983162512_962411097_n.jpg?resize=300%2C200&amp;ssl=1 300w, https:\/\/i1.wp.com\/yogajagat.com\/wp-content\/uploads\/2020\/02\/429991_10151173983162512_962411097_n.jpg?resize=768%2C512&amp;ssl=1 768w, https:\/\/i1.wp.com\/yogajagat.com\/wp-content\/uploads\/2020\/02\/429991_10151173983162512_962411097_n.jpg?resize=600%2C400&amp;ssl=1 600w, https:\/\/i1.wp.com\/yogajagat.com\/wp-content\/uploads\/2020\/02\/429991_10151173983162512_962411097_n.jpg?w=960&amp;ssl=1 960w\" sizes=\"(max-width: 300px) 100vw, 300px\" data-recalc-dims=\"1\" \/>[\/vc_column_text][\/vc_column][\/vc_row]\n","protected":false},"excerpt":{"rendered":"<p>[vc_row][vc_column][vc_column_text]<\/p>\n<p>\nDIE STUFEN DES BEWUSSTSEINS UND VEDANTA<\/p>\n<p>&nbsp;<br \/>\nAlte B\u00fccher haben uns einen echten Schatz zum Lesen, Denken und \u00dcben hinterlassen. Die Wissenschaft des Vedanta erkl\u00e4rte die Stufen des Bewusstseins f\u00fcr viele hundert Jahre, bevor wir anfingen, Yoga zu praktizieren und zu meditieren.<br \/>\nVijnana Bhairava Tantra ist ein alter Text \u00fcber das Wissen \u00fcber Geist und Seele. Es lehrt 112 verschiedene Meditationstechniken, die als Dharana oder Konzentration bezeichnet werden. Osho beschrieb diese Techniken sehr einfach, aber auch &#8230;<\/p>\n","protected":false},"author":1,"featured_media":0,"parent":0,"menu_order":0,"comment_status":"closed","ping_status":"closed","template":"template-full-width.php","meta":{"_bbp_topic_count":0,"_bbp_reply_count":0,"_bbp_total_topic_count":0,"_bbp_total_reply_count":0,"_bbp_voice_count":0,"_bbp_anonymous_reply_count":0,"_bbp_topic_count_hidden":0,"_bbp_reply_count_hidden":0,"_bbp_forum_subforum_count":0,"inline_featured_image":false,"spay_email":""},"translation":{"provider":"WPGlobus","version":"3.0.1","language":"de","enabled_languages":["en","de","sr"],"languages":{"en":{"title":true,"content":true,"excerpt":false},"de":{"title":true,"content":true,"excerpt":false},"sr":{"title":true,"content":true,"excerpt":false}}},"yoast_head":"<!-- This site is optimized with the Yoast SEO plugin v18.3 - https:\/\/yoast.com\/wordpress\/plugins\/seo\/ -->\n<title>Stufen des Bewusstseins und Vedanta - Sch\u00f6nheit der Ver\u00e4nderung<\/title>\n<meta name=\"description\" content=\"Die Wissenschaft des Vedanta erkl\u00e4rte die Stufen des Bewusstseins f\u00fcr viele hundert Jahre, bevor wir anfingen, Yoga zu praktizieren und zu meditieren.\" \/>\n<meta name=\"robots\" content=\"index, follow, max-snippet:-1, max-image-preview:large, max-video-preview:-1\" \/>\n<link rel=\"canonical\" href=\"https:\/\/yogajagat.com\/the-stages-of-consciousness-and-vedanta\/\" \/>\n<meta name=\"twitter:label1\" content=\"Gesch\u00e4tzte Lesezeit\" \/>\n\t<meta name=\"twitter:data1\" content=\"4\u00a0Minuten\" \/>\n<script type=\"application\/ld+json\" class=\"yoast-schema-graph\">{\"@context\":\"https:\/\/schema.org\",\"@graph\":[{\"@type\":\"Organization\",\"@id\":\"https:\/\/yogajagat.com\/#organization\",\"name\":\"Yogajagat\",\"url\":\"https:\/\/yogajagat.com\/\",\"sameAs\":[],\"logo\":{\"@type\":\"ImageObject\",\"@id\":\"https:\/\/yogajagat.com\/#logo\",\"inLanguage\":\"de\",\"url\":\"https:\/\/i1.wp.com\/yogajagat.com\/wp-content\/uploads\/2019\/03\/DSC08478-Kopie-1.jpg?fit=798%2C800&ssl=1\",\"contentUrl\":\"https:\/\/i1.wp.com\/yogajagat.com\/wp-content\/uploads\/2019\/03\/DSC08478-Kopie-1.jpg?fit=798%2C800&ssl=1\",\"width\":798,\"height\":800,\"caption\":\"Yogajagat\"},\"image\":{\"@id\":\"https:\/\/yogajagat.com\/#logo\"}},{\"@type\":\"WebSite\",\"@id\":\"https:\/\/yogajagat.com\/#website\",\"url\":\"https:\/\/yogajagat.com\/\",\"name\":\"Sch\u00f6nheit der Ver\u00e4nderung\",\"description\":\"Mit st\u00e4ndiger Ver\u00e4nderung zum sch\u00f6nsten Lebenserfahrung\",\"publisher\":{\"@id\":\"https:\/\/yogajagat.com\/#organization\"},\"potentialAction\":[{\"@type\":\"SearchAction\",\"target\":{\"@type\":\"EntryPoint\",\"urlTemplate\":\"https:\/\/yogajagat.com\/?s={search_term_string}\"},\"query-input\":\"required name=search_term_string\"}],\"inLanguage\":\"de\"},{\"@type\":\"ImageObject\",\"@id\":\"https:\/\/yogajagat.com\/the-stages-of-consciousness-and-vedanta\/#primaryimage\",\"inLanguage\":\"de\",\"url\":\"http:\/\/yogajagat.com\/wp-content\/uploads\/2020\/01\/DSC00201.jpg\",\"contentUrl\":\"http:\/\/yogajagat.com\/wp-content\/uploads\/2020\/01\/DSC00201.jpg\"},{\"@type\":\"WebPage\",\"@id\":\"https:\/\/yogajagat.com\/the-stages-of-consciousness-and-vedanta\/#webpage\",\"url\":\"https:\/\/yogajagat.com\/the-stages-of-consciousness-and-vedanta\/\",\"name\":\"Stufen des Bewusstseins und Vedanta - Sch\u00f6nheit der Ver\u00e4nderung\",\"isPartOf\":{\"@id\":\"https:\/\/yogajagat.com\/#website\"},\"primaryImageOfPage\":{\"@id\":\"https:\/\/yogajagat.com\/the-stages-of-consciousness-and-vedanta\/#primaryimage\"},\"datePublished\":\"2019-07-25T14:46:18+00:00\",\"dateModified\":\"2021-06-16T07:42:57+00:00\",\"description\":\"Die Wissenschaft des Vedanta erkl\u00e4rte die Stufen des Bewusstseins f\u00fcr viele hundert Jahre, bevor wir anfingen, Yoga zu praktizieren und zu meditieren.\",\"breadcrumb\":{\"@id\":\"https:\/\/yogajagat.com\/the-stages-of-consciousness-and-vedanta\/#breadcrumb\"},\"inLanguage\":\"de\",\"potentialAction\":[{\"@type\":\"ReadAction\",\"target\":[\"https:\/\/yogajagat.com\/the-stages-of-consciousness-and-vedanta\/\"]}]},{\"@type\":\"BreadcrumbList\",\"@id\":\"https:\/\/yogajagat.com\/the-stages-of-consciousness-and-vedanta\/#breadcrumb\",\"itemListElement\":[{\"@type\":\"ListItem\",\"position\":1,\"name\":\"Home\",\"item\":\"https:\/\/yogajagat.com\/sr\/\"},{\"@type\":\"ListItem\",\"position\":2,\"name\":\"The Stages of Consciousness and Vedanta\"}]}]}<\/script>\n<!-- \/ Yoast SEO plugin. -->","yoast_head_json":{"title":"Stufen des Bewusstseins und Vedanta - Sch\u00f6nheit der Ver\u00e4nderung","description":"Die Wissenschaft des Vedanta erkl\u00e4rte die Stufen des Bewusstseins f\u00fcr viele hundert Jahre, bevor wir anfingen, Yoga zu praktizieren und zu meditieren.","robots":{"index":"index","follow":"follow","max-snippet":"max-snippet:-1","max-image-preview":"max-image-preview:large","max-video-preview":"max-video-preview:-1"},"canonical":"https:\/\/yogajagat.com\/the-stages-of-consciousness-and-vedanta\/","twitter_misc":{"Gesch\u00e4tzte Lesezeit":"4\u00a0Minuten"},"schema":{"@context":"https:\/\/schema.org","@graph":[{"@type":"Organization","@id":"https:\/\/yogajagat.com\/#organization","name":"Yogajagat","url":"https:\/\/yogajagat.com\/","sameAs":[],"logo":{"@type":"ImageObject","@id":"https:\/\/yogajagat.com\/#logo","inLanguage":"de","url":"https:\/\/i1.wp.com\/yogajagat.com\/wp-content\/uploads\/2019\/03\/DSC08478-Kopie-1.jpg?fit=798%2C800&ssl=1","contentUrl":"https:\/\/i1.wp.com\/yogajagat.com\/wp-content\/uploads\/2019\/03\/DSC08478-Kopie-1.jpg?fit=798%2C800&ssl=1","width":798,"height":800,"caption":"Yogajagat"},"image":{"@id":"https:\/\/yogajagat.com\/#logo"}},{"@type":"WebSite","@id":"https:\/\/yogajagat.com\/#website","url":"https:\/\/yogajagat.com\/","name":"Sch\u00f6nheit der Ver\u00e4nderung","description":"Mit st\u00e4ndiger Ver\u00e4nderung zum sch\u00f6nsten Lebenserfahrung","publisher":{"@id":"https:\/\/yogajagat.com\/#organization"},"potentialAction":[{"@type":"SearchAction","target":{"@type":"EntryPoint","urlTemplate":"https:\/\/yogajagat.com\/?s={search_term_string}"},"query-input":"required name=search_term_string"}],"inLanguage":"de"},{"@type":"ImageObject","@id":"https:\/\/yogajagat.com\/the-stages-of-consciousness-and-vedanta\/#primaryimage","inLanguage":"de","url":"http:\/\/yogajagat.com\/wp-content\/uploads\/2020\/01\/DSC00201.jpg","contentUrl":"http:\/\/yogajagat.com\/wp-content\/uploads\/2020\/01\/DSC00201.jpg"},{"@type":"WebPage","@id":"https:\/\/yogajagat.com\/the-stages-of-consciousness-and-vedanta\/#webpage","url":"https:\/\/yogajagat.com\/the-stages-of-consciousness-and-vedanta\/","name":"Stufen des Bewusstseins und Vedanta - Sch\u00f6nheit der Ver\u00e4nderung","isPartOf":{"@id":"https:\/\/yogajagat.com\/#website"},"primaryImageOfPage":{"@id":"https:\/\/yogajagat.com\/the-stages-of-consciousness-and-vedanta\/#primaryimage"},"datePublished":"2019-07-25T14:46:18+00:00","dateModified":"2021-06-16T07:42:57+00:00","description":"Die Wissenschaft des Vedanta erkl\u00e4rte die Stufen des Bewusstseins f\u00fcr viele hundert Jahre, bevor wir anfingen, Yoga zu praktizieren und zu meditieren.","breadcrumb":{"@id":"https:\/\/yogajagat.com\/the-stages-of-consciousness-and-vedanta\/#breadcrumb"},"inLanguage":"de","potentialAction":[{"@type":"ReadAction","target":["https:\/\/yogajagat.com\/the-stages-of-consciousness-and-vedanta\/"]}]},{"@type":"BreadcrumbList","@id":"https:\/\/yogajagat.com\/the-stages-of-consciousness-and-vedanta\/#breadcrumb","itemListElement":[{"@type":"ListItem","position":1,"name":"Home","item":"https:\/\/yogajagat.com\/sr\/"},{"@type":"ListItem","position":2,"name":"The Stages of Consciousness and Vedanta"}]}]}},"_links":{"self":[{"href":"https:\/\/yogajagat.com\/de\/wp-json\/wp\/v2\/pages\/3800"}],"collection":[{"href":"https:\/\/yogajagat.com\/de\/wp-json\/wp\/v2\/pages"}],"about":[{"href":"https:\/\/yogajagat.com\/de\/wp-json\/wp\/v2\/types\/page"}],"author":[{"embeddable":true,"href":"https:\/\/yogajagat.com\/de\/wp-json\/wp\/v2\/users\/1"}],"replies":[{"embeddable":true,"href":"https:\/\/yogajagat.com\/de\/wp-json\/wp\/v2\/comments?post=3800"}],"version-history":[{"count":17,"href":"https:\/\/yogajagat.com\/de\/wp-json\/wp\/v2\/pages\/3800\/revisions"}],"predecessor-version":[{"id":6122,"href":"https:\/\/yogajagat.com\/de\/wp-json\/wp\/v2\/pages\/3800\/revisions\/6122"}],"wp:attachment":[{"href":"https:\/\/yogajagat.com\/de\/wp-json\/wp\/v2\/media?parent=3800"}],"curies":[{"name":"wp","href":"https:\/\/api.w.org\/{rel}","templated":true}]}}