{"id":3778,"date":"2019-07-25T11:24:58","date_gmt":"2019-07-25T10:24:58","guid":{"rendered":"http:\/\/yogajagat.com\/?page_id=3778"},"modified":"2022-01-27T22:40:15","modified_gmt":"2022-01-27T21:40:15","slug":"ancient-teachings-vijnana-bhairava-tantra","status":"publish","type":"page","link":"https:\/\/yogajagat.com\/de\/die-uralte-weisheit\/","title":{"rendered":"Die uralte Weisheit"},"content":{"rendered":"[vc_row][vc_column][vc_custom_heading text=&#8220;Was uns die Alten V\u00f6lker zum \u00dcben \u00fcberlassen haben&#8220; font_container=&#8220;tag:h2|text_align:center|color:%2320a7c9&#8243; google_fonts=&#8220;font_family:Ubuntu%3A300%2C300italic%2Cregular%2Citalic%2C500%2C500italic%2C700%2C700italic|font_style:300%20light%20italic%3A300%3Aitalic&#8220;][\/vc_column][\/vc_row][vc_row][vc_column][vc_column_text]\n<h3 style=\"text-align: center;\"><span style=\"color: #993300;\">DIE URALTE WEISHEIT\u00a0<\/span><\/h3>\n<hr \/>\n<p>&nbsp;<\/p>\n<p>Die uralte Weisheit und die Lehren der ehrw\u00fcrdigen V\u00f6lker haben einen enormen Wert und eine enorme Dimension. Achtsamkeit oder Konzentration ist ein zentrales Thema in einem alten Text,\u00a0<em>Vijnana Bhairava Tantra<\/em>.<\/p>\n<p>Osho hat dies in seinem <em>Buch der Geheimnisse<\/em> sehr ausf\u00fchrlich beschrieben. Das Buch ist umfassend und dieses Buch mag viele Dinge, die Osho, die umstrittene, einzigartig geniale Kreatur auf dem Planeten, jemals gesagt, bearbeitet, getan oder geschrieben hat. Viele Menschen werden das Buch als \u201eschwierig\u201c und unverst\u00e4ndlich empfinden. Das riesige <a href=\"https:\/\/www.amazon.de\/Das-Buch-Geheimnisse-Meditations-Techniken-Entdeckung\/dp\/3442338476\"><span style=\"color: #993300;\">Buch<\/span><\/a> ist jedoch einen Versuch wert.<\/p>\n<p>&nbsp;<\/p>\n<p><em>Yoga Sutra<\/em> oder sich selbst zu kennen ist auch ein sehr praktischer Text, wie man <a href=\"https:\/\/yogajagat.com\/de\/erkenne-dich-selbst-die-yoga-sutras-eine-ausfuhrliche-anleitung\/\"><span style=\"color: #993300;\">mit dem Leben umgeht<\/span><\/a>.<\/p>\n<p>Das dritte Kapitel des Yoga Sutra erkl\u00e4rt die Kraft oder h\u00f6here Ebenen des <a href=\"https:\/\/yogajagat.com\/de\/einheit-ganzwerdung-vereinigung-die-menschliche-dna\/\"><span style=\"color: #993300;\">Yoga<\/span><\/a> und ihre Praxis. Dies sind <em>Dharana<\/em> oder <a href=\"https:\/\/yogajagat.com\/de\/konzentration-oder-nutzliche-distanzierung-des-geistes\/\"><span style=\"color: #993300;\">Konzentration<\/span><\/a>, <em>Dhyana<\/em> oder <a href=\"https:\/\/yogajagat.com\/de\/meditation\/\"><span style=\"color: #993300;\">Meditation<\/span><\/a> und <a href=\"https:\/\/yogajagat.com\/de\/was-ist-samadhi\/\"><span style=\"color: #993300;\">Samadhi<\/span><\/a> (Selbstverwirklichung, die gleichbedeutend mit Selbsterkenntnis, Wissen und Erkenntnis des H\u00f6heren Wesens oder Selbst ist).<\/p>\n<p>Patanjali Yoga ist der Weg der Selbstverwirklichung. Es geh\u00f6rt zu Kapilas <em>Sankhya Philosophie<\/em>, die besagt, dass reines Bewusstsein <em>(Purusha )<\/em> von Energie <em>(Prakriti )<\/em> getrennt ist.<\/p>\n<p>Der Buddhismus und andere spirituelle Systeme basieren ebenfalls auf Kapilas Gedanken.<\/p>\n<p>In <em>Vedanta<\/em> (&#8222;das Ende des Wissens&#8220;, h\u00f6chstes Wissen) ist das reine Bewusstsein von <em>Maya<\/em> oder Illusion getrennt.<\/p>\n[\/vc_column_text][\/vc_column][\/vc_row][vc_row][vc_column][vc_custom_heading text=&#8220;Das Wesen, das aus seiner Tiefe aufsteigt&#8220; font_container=&#8220;tag:h2|text_align:center|color:%2320a7c9&#8243; google_fonts=&#8220;font_family:Ubuntu%3A300%2C300italic%2Cregular%2Citalic%2C500%2C500italic%2C700%2C700italic|font_style:300%20light%20italic%3A300%3Aitalic&#8220;][\/vc_column][\/vc_row][vc_row][vc_column][vc_column_text]\n<hr \/>\n<p>&nbsp;<\/p>\n[\/vc_column_text][\/vc_column][\/vc_row][vc_row][vc_column width=&#8220;1\/2&#8243;][vc_column_text]\n<p>Wenn es eine Hierarchie in den Pfaden g\u00e4be, auf denen sich das Wesen vom Boden bis zu seinen h\u00f6chsten Gipfeln entwickelt, dann w\u00e4re der <em>Patanjali Yoga,<\/em> als notwendige Reinigung des Wesens, die Wurzel des Pfades.<\/p>\n<p>\u00dcber Yoga w\u00e4re Vedanta und die Spitze w\u00e4re Tantra.[\/vc_column_text][\/vc_column][vc_column width=&#8220;1\/2&#8243;][vc_column_text]<img loading=\"lazy\" class=\"aligncenter wp-image-5466 size-medium\" src=\"https:\/\/i2.wp.com\/yogajagat.com\/wp-content\/uploads\/2020\/02\/DSC02763-225x300.jpg?resize=225%2C300\" alt=\"die uralte weisheit\" width=\"225\" height=\"300\" srcset=\"https:\/\/i1.wp.com\/yogajagat.com\/wp-content\/uploads\/2020\/02\/DSC02763.jpg?resize=225%2C300&amp;ssl=1 225w, https:\/\/i1.wp.com\/yogajagat.com\/wp-content\/uploads\/2020\/02\/DSC02763.jpg?w=480&amp;ssl=1 480w\" sizes=\"(max-width: 225px) 100vw, 225px\" data-recalc-dims=\"1\" \/>[\/vc_column_text][\/vc_column][\/vc_row][vc_row][vc_column][vc_custom_heading text=&#8220;Tantra&#8220; font_container=&#8220;tag:h2|text_align:center|color:%2320a7c9&#8243; google_fonts=&#8220;font_family:Ubuntu%3A300%2C300italic%2Cregular%2Citalic%2C500%2C500italic%2C700%2C700italic|font_style:300%20light%20italic%3A300%3Aitalic&#8220;][\/vc_column][\/vc_row][vc_row][vc_column][vc_column_text]\n<hr \/>\n<p>&nbsp;<\/p>\n<p>Leider ist dies nicht das, was ihr denkt.<\/p>\n<h4><span style=\"color: #993300;\">Tantra ist eine hoch entwickelte und raffinierte Lebenseinstellung. <\/span><\/h4>\n<h4><span style=\"color: #993300;\">Es ist der Weg der Vereinigung der Seele des Menschen mit der universellen Seele auf der Ebene des kosmischen Bewusstseins, der Weg der vollst\u00e4ndigen \u00d6ffnung des Herzens ohne Zweifel und Wiederkehr.\u00a0<\/span><\/h4>\n<p>&nbsp;<\/p>\n[\/vc_column_text][\/vc_column][\/vc_row][vc_row][vc_column][vc_column_text]\n<h3 style=\"text-align: center;\"><span style=\"color: #33cccc;\">VIJNANA BHAIRAVA<\/span><\/h3>\n<hr \/>\n<p>&nbsp;<\/p>\n<p>Die alte Lehre, das <a href=\"https:\/\/www.amazon.com\/-\/de\/dp\/8120808207\/ref=sr_1_2?__mk_de_DE=\u00c5M\u00c5\u017d\u00d5\u00d1&#038;crid=2MYEXEMRLUVTC&#038;keywords=vijnana+bhairava+tantra&#038;qid=1576157651&#038;sprefix=vijnana%2Caps%2C237&#038;sr=8-2\"><span style=\"color: #993300;\">Vijnana Bhairava Tantra,<\/span><\/a>\u00a0ist ein einfacher und ausf\u00fchrlicher Text \u00fcber Yoga. Es ist &#8222;Der Yoga der Freude, des Wunders und des Erstaunens&#8220;, wie Jaideva Singh es genannt hat.<\/p>\n<p>Dieser Text ist ein praktischer Leitfaden, der viele verschiedene M\u00f6glichkeiten bietet, das Bewusstsein zu fokussieren und zu halten, was zu Vijnana Bhairava f\u00fchrt, einem Zustand des hohen Verst\u00e4ndnisses.<\/p>\n<p>&nbsp;<\/p>\n<p>Es ist ein Zustand von <em>Nirvikalpa Samadhi<\/em>, ein Zustand ohne Gedanken und ohne geistiges Geschw\u00e4tz im Inneren des Kopfes. In diesem Zustand erlebt man die Transzendenz der manifestierten Welt.<\/p>\n<p>Dieser Zustand ist eine perfekte Konzentration, die <em>Ekagrata<\/em> genannt wird, wobei <em>Eka<\/em> Eins und <em>Agrata<\/em>\u00a0pointedness oder Spitzigkeit oder Sch\u00e4rfe (des Bewusstseins) bedeutet.<\/p>\n<p>&nbsp;<\/p>\n<p>Es gibt nur einen kleinen Faden zwischen Konzentration und Meditation.<\/p>\n<p>Wenn eine Person in der Lage ist, das Bewusstsein f\u00fcr eine Sache aufrechtzuerhalten, wird sie leicht in einen Zustand der Meditation versinken. Die Lehre der antiken V\u00f6lker, Vijnana Bhairava Tantra, und ihre Weisheit besagen, dass Meditation der h\u00f6chste Zustand spiritueller H\u00f6he ist.<\/p>\n[\/vc_column_text][\/vc_column][\/vc_row]\n","protected":false},"excerpt":{"rendered":"<p>[vc_row][vc_column][vc_custom_heading text=&#8220;Was uns die Alten V\u00f6lker zum \u00dcben \u00fcberlassen haben&#8220; font_container=&#8220;tag:h2|text_align:center|color:%2320a7c9&#8243; google_fonts=&#8220;font_family:Ubuntu%3A300%2C300italic%2Cregular%2Citalic%2C500%2C500italic%2C700%2C700italic|font_style:300%20light%20italic%3A300%3Aitalic&#8220;][\/vc_column][\/vc_row][vc_row][vc_column][vc_column_text]<br \/>\nDIE URALTE WEISHEIT\u00a0<\/p>\n<p>&nbsp;<br \/>\nDie uralte Weisheit und die Lehren der ehrw\u00fcrdigen V\u00f6lker haben einen enormen Wert und eine enorme Dimension. Achtsamkeit oder Konzentration ist ein zentrales Thema in einem alten Text,\u00a0Vijnana Bhairava Tantra.<br \/>\nOsho hat dies in seinem Buch der Geheimnisse sehr ausf\u00fchrlich beschrieben. Das Buch ist umfassend und dieses Buch mag viele Dinge, die Osho, die umstrittene, einzigartig geniale Kreatur auf dem Planeten, jemals gesagt, &#8230;<\/p>\n","protected":false},"author":1,"featured_media":0,"parent":0,"menu_order":0,"comment_status":"closed","ping_status":"open","template":"template-full-width.php","meta":{"_bbp_topic_count":0,"_bbp_reply_count":0,"_bbp_total_topic_count":0,"_bbp_total_reply_count":0,"_bbp_voice_count":0,"_bbp_anonymous_reply_count":0,"_bbp_topic_count_hidden":0,"_bbp_reply_count_hidden":0,"_bbp_forum_subforum_count":0,"inline_featured_image":false,"spay_email":""},"translation":{"provider":"WPGlobus","version":"3.0.1","language":"de","enabled_languages":["en","de","sr"],"languages":{"en":{"title":true,"content":true,"excerpt":false},"de":{"title":true,"content":true,"excerpt":false},"sr":{"title":true,"content":true,"excerpt":false}}},"yoast_head":"<!-- This site is optimized with the Yoast SEO plugin v18.3 - https:\/\/yoast.com\/wordpress\/plugins\/seo\/ -->\n<title>Die uralte Weisheit - Sch\u00f6nheit der Ver\u00e4nderung<\/title>\n<meta name=\"description\" content=\"Die uralte Weisheit und die Lehren der ehrw\u00fcrdigen V\u00f6lker. Was ist Tantra? Was ist Vijnana Bhairava Tantra und was die alten V\u00f6lker uns \u00fcberlassen haben...\" \/>\n<meta name=\"robots\" content=\"index, follow, max-snippet:-1, max-image-preview:large, max-video-preview:-1\" \/>\n<link rel=\"canonical\" href=\"https:\/\/yogajagat.com\/ancient-teachings-vijnana-bhairava-tantra\/\" \/>\n<meta name=\"twitter:label1\" content=\"Gesch\u00e4tzte Lesezeit\" \/>\n\t<meta name=\"twitter:data1\" content=\"10\u00a0Minuten\" \/>\n<script type=\"application\/ld+json\" class=\"yoast-schema-graph\">{\"@context\":\"https:\/\/schema.org\",\"@graph\":[{\"@type\":\"Organization\",\"@id\":\"https:\/\/yogajagat.com\/#organization\",\"name\":\"Yogajagat\",\"url\":\"https:\/\/yogajagat.com\/\",\"sameAs\":[],\"logo\":{\"@type\":\"ImageObject\",\"@id\":\"https:\/\/yogajagat.com\/#logo\",\"inLanguage\":\"de\",\"url\":\"https:\/\/i1.wp.com\/yogajagat.com\/wp-content\/uploads\/2019\/03\/DSC08478-Kopie-1.jpg?fit=798%2C800&ssl=1\",\"contentUrl\":\"https:\/\/i1.wp.com\/yogajagat.com\/wp-content\/uploads\/2019\/03\/DSC08478-Kopie-1.jpg?fit=798%2C800&ssl=1\",\"width\":798,\"height\":800,\"caption\":\"Yogajagat\"},\"image\":{\"@id\":\"https:\/\/yogajagat.com\/#logo\"}},{\"@type\":\"WebSite\",\"@id\":\"https:\/\/yogajagat.com\/#website\",\"url\":\"https:\/\/yogajagat.com\/\",\"name\":\"Sch\u00f6nheit der Ver\u00e4nderung\",\"description\":\"Mit st\u00e4ndiger Ver\u00e4nderung zum sch\u00f6nsten Lebenserfahrung\",\"publisher\":{\"@id\":\"https:\/\/yogajagat.com\/#organization\"},\"potentialAction\":[{\"@type\":\"SearchAction\",\"target\":{\"@type\":\"EntryPoint\",\"urlTemplate\":\"https:\/\/yogajagat.com\/?s={search_term_string}\"},\"query-input\":\"required name=search_term_string\"}],\"inLanguage\":\"de\"},{\"@type\":\"ImageObject\",\"@id\":\"https:\/\/yogajagat.com\/ancient-teachings-vijnana-bhairava-tantra\/#primaryimage\",\"inLanguage\":\"de\",\"url\":\"http:\/\/yogajagat.com\/wp-content\/uploads\/2019\/12\/DSC00582.jpg\",\"contentUrl\":\"http:\/\/yogajagat.com\/wp-content\/uploads\/2019\/12\/DSC00582.jpg\"},{\"@type\":\"WebPage\",\"@id\":\"https:\/\/yogajagat.com\/ancient-teachings-vijnana-bhairava-tantra\/#webpage\",\"url\":\"https:\/\/yogajagat.com\/ancient-teachings-vijnana-bhairava-tantra\/\",\"name\":\"Die uralte Weisheit - Sch\u00f6nheit der Ver\u00e4nderung\",\"isPartOf\":{\"@id\":\"https:\/\/yogajagat.com\/#website\"},\"primaryImageOfPage\":{\"@id\":\"https:\/\/yogajagat.com\/ancient-teachings-vijnana-bhairava-tantra\/#primaryimage\"},\"datePublished\":\"2019-07-25T10:24:58+00:00\",\"dateModified\":\"2022-01-27T21:40:15+00:00\",\"description\":\"Ancient teachings are immensely valuable and of huge dimensions and mindfulness is a central issue in the Vijnana Bhairava Tantra.\",\"breadcrumb\":{\"@id\":\"https:\/\/yogajagat.com\/ancient-teachings-vijnana-bhairava-tantra\/#breadcrumb\"},\"inLanguage\":\"de\",\"potentialAction\":[{\"@type\":\"ReadAction\",\"target\":[\"https:\/\/yogajagat.com\/ancient-teachings-vijnana-bhairava-tantra\/\"]}]},{\"@type\":\"BreadcrumbList\",\"@id\":\"https:\/\/yogajagat.com\/ancient-teachings-vijnana-bhairava-tantra\/#breadcrumb\",\"itemListElement\":[{\"@type\":\"ListItem\",\"position\":1,\"name\":\"Home\",\"item\":\"https:\/\/yogajagat.com\/sr\/\"},{\"@type\":\"ListItem\",\"position\":2,\"name\":\"Ancient Teachings Vijnana Bhairava Tantra\"}]}]}<\/script>\n<!-- \/ Yoast SEO plugin. -->","yoast_head_json":{"title":"Die uralte Weisheit - Sch\u00f6nheit der Ver\u00e4nderung","description":"Die uralte Weisheit und die Lehren der ehrw\u00fcrdigen V\u00f6lker. Was ist Tantra? Was ist Vijnana Bhairava Tantra und was die alten V\u00f6lker uns \u00fcberlassen haben...","robots":{"index":"index","follow":"follow","max-snippet":"max-snippet:-1","max-image-preview":"max-image-preview:large","max-video-preview":"max-video-preview:-1"},"canonical":"https:\/\/yogajagat.com\/ancient-teachings-vijnana-bhairava-tantra\/","twitter_misc":{"Gesch\u00e4tzte Lesezeit":"10\u00a0Minuten"},"schema":{"@context":"https:\/\/schema.org","@graph":[{"@type":"Organization","@id":"https:\/\/yogajagat.com\/#organization","name":"Yogajagat","url":"https:\/\/yogajagat.com\/","sameAs":[],"logo":{"@type":"ImageObject","@id":"https:\/\/yogajagat.com\/#logo","inLanguage":"de","url":"https:\/\/i1.wp.com\/yogajagat.com\/wp-content\/uploads\/2019\/03\/DSC08478-Kopie-1.jpg?fit=798%2C800&ssl=1","contentUrl":"https:\/\/i1.wp.com\/yogajagat.com\/wp-content\/uploads\/2019\/03\/DSC08478-Kopie-1.jpg?fit=798%2C800&ssl=1","width":798,"height":800,"caption":"Yogajagat"},"image":{"@id":"https:\/\/yogajagat.com\/#logo"}},{"@type":"WebSite","@id":"https:\/\/yogajagat.com\/#website","url":"https:\/\/yogajagat.com\/","name":"Sch\u00f6nheit der Ver\u00e4nderung","description":"Mit st\u00e4ndiger Ver\u00e4nderung zum sch\u00f6nsten Lebenserfahrung","publisher":{"@id":"https:\/\/yogajagat.com\/#organization"},"potentialAction":[{"@type":"SearchAction","target":{"@type":"EntryPoint","urlTemplate":"https:\/\/yogajagat.com\/?s={search_term_string}"},"query-input":"required name=search_term_string"}],"inLanguage":"de"},{"@type":"ImageObject","@id":"https:\/\/yogajagat.com\/ancient-teachings-vijnana-bhairava-tantra\/#primaryimage","inLanguage":"de","url":"http:\/\/yogajagat.com\/wp-content\/uploads\/2019\/12\/DSC00582.jpg","contentUrl":"http:\/\/yogajagat.com\/wp-content\/uploads\/2019\/12\/DSC00582.jpg"},{"@type":"WebPage","@id":"https:\/\/yogajagat.com\/ancient-teachings-vijnana-bhairava-tantra\/#webpage","url":"https:\/\/yogajagat.com\/ancient-teachings-vijnana-bhairava-tantra\/","name":"Die uralte Weisheit - Sch\u00f6nheit der Ver\u00e4nderung","isPartOf":{"@id":"https:\/\/yogajagat.com\/#website"},"primaryImageOfPage":{"@id":"https:\/\/yogajagat.com\/ancient-teachings-vijnana-bhairava-tantra\/#primaryimage"},"datePublished":"2019-07-25T10:24:58+00:00","dateModified":"2022-01-27T21:40:15+00:00","description":"Ancient teachings are immensely valuable and of huge dimensions and mindfulness is a central issue in the Vijnana Bhairava Tantra.","breadcrumb":{"@id":"https:\/\/yogajagat.com\/ancient-teachings-vijnana-bhairava-tantra\/#breadcrumb"},"inLanguage":"de","potentialAction":[{"@type":"ReadAction","target":["https:\/\/yogajagat.com\/ancient-teachings-vijnana-bhairava-tantra\/"]}]},{"@type":"BreadcrumbList","@id":"https:\/\/yogajagat.com\/ancient-teachings-vijnana-bhairava-tantra\/#breadcrumb","itemListElement":[{"@type":"ListItem","position":1,"name":"Home","item":"https:\/\/yogajagat.com\/sr\/"},{"@type":"ListItem","position":2,"name":"Ancient Teachings Vijnana Bhairava Tantra"}]}]}},"_links":{"self":[{"href":"https:\/\/yogajagat.com\/de\/wp-json\/wp\/v2\/pages\/3778"}],"collection":[{"href":"https:\/\/yogajagat.com\/de\/wp-json\/wp\/v2\/pages"}],"about":[{"href":"https:\/\/yogajagat.com\/de\/wp-json\/wp\/v2\/types\/page"}],"author":[{"embeddable":true,"href":"https:\/\/yogajagat.com\/de\/wp-json\/wp\/v2\/users\/1"}],"replies":[{"embeddable":true,"href":"https:\/\/yogajagat.com\/de\/wp-json\/wp\/v2\/comments?post=3778"}],"version-history":[{"count":10,"href":"https:\/\/yogajagat.com\/de\/wp-json\/wp\/v2\/pages\/3778\/revisions"}],"predecessor-version":[{"id":5879,"href":"https:\/\/yogajagat.com\/de\/wp-json\/wp\/v2\/pages\/3778\/revisions\/5879"}],"wp:attachment":[{"href":"https:\/\/yogajagat.com\/de\/wp-json\/wp\/v2\/media?parent=3778"}],"curies":[{"name":"wp","href":"https:\/\/api.w.org\/{rel}","templated":true}]}}