{"id":3769,"date":"2019-07-24T18:28:47","date_gmt":"2019-07-24T17:28:47","guid":{"rendered":"http:\/\/yogajagat.com\/?page_id=3769"},"modified":"2022-01-27T22:30:45","modified_gmt":"2022-01-27T21:30:45","slug":"human-senses-and-the-ancients","status":"publish","type":"page","link":"https:\/\/yogajagat.com\/de\/die-menschlichen-sinne-und-die-antike\/","title":{"rendered":"Die Menschlichen Sinne und die Antike"},"content":{"rendered":"[vc_row][vc_column][vc_column_text]\n<h3 style=\"text-align: center;\"><span style=\"color: #993300;\">DIE MENSCHLICHEN SINNE UND DIE ANTIKE<\/span><\/h3>\n<p>&nbsp;<\/p>\n<h4 style=\"text-align: center;\"><span style=\"color: #800080;\">UND WAS DIE ALTEN V\u00d6LKER \u00dcBER GRUNDLEGENDE UND H\u00d6HERE SINNE WUSSTEN<\/span><\/h4>\n<hr \/>\n<p>&nbsp;<\/p>\n<p>In alten Zeiten dachten die alten V\u00f6lker, dass die Erde eine Scheibe ist. Aber, sie hatten Kenntnis von \u201eunbekannten\u201c Kr\u00e4ften. Diese V\u00f6lker kannten die menschlichen Sinne. Den sechsten und die weiteren Sinne haben sie selbst erlebt. Und sie lie\u00dfen uns ihr Wissen zu \u00fcben und zu pr\u00fcfen.<\/p>\n<p>Heute erforscht der Mensch die Sterne und Himmelsk\u00f6rper mit den fantastischsten und unglaublichsten Instrumenten, jedoch ist er in der Kenntnis dieser \u201eunbekannten Kr\u00e4fte\u201c gefangen.<\/p>\n<p>Auch wenn wir heute neue Roboter, Computer und Maschinen mit unglaublicher Geschwindigkeit erfinden, lesen und interpretieren wir immer noch das alte Wissen und die alten Texte, die uns die alten V\u00f6lker hinterlassen haben.<\/p>\n<p>Den Text<em>\u00a0<\/em>kann man <a href=\"https:\/\/yogajagat.com\/human-senses-and-the-ancients\/\"><span style=\"color: #993300;\">hier<\/span><\/a>\u00a0auf\u00a0Englisch weiter lesen.<\/p>\n<p>&nbsp;<\/p>\n[\/vc_column_text][\/vc_column][\/vc_row]\n","protected":false},"excerpt":{"rendered":"<p>[vc_row][vc_column][vc_column_text]<br \/>\nDIE MENSCHLICHEN SINNE UND DIE ANTIKE<br \/>\n&nbsp;<br \/>\nUND WAS DIE ALTEN V\u00d6LKER \u00dcBER GRUNDLEGENDE UND H\u00d6HERE SINNE WUSSTEN<\/p>\n<p>&nbsp;<br \/>\nIn alten Zeiten dachten die alten V\u00f6lker, dass die Erde eine Scheibe ist. Aber, sie hatten Kenntnis von \u201eunbekannten\u201c Kr\u00e4ften. Diese V\u00f6lker kannten die menschlichen Sinne. Den sechsten und die weiteren Sinne haben sie selbst erlebt. Und sie lie\u00dfen uns ihr Wissen zu \u00fcben und zu pr\u00fcfen.<br \/>\nHeute erforscht der Mensch die Sterne und Himmelsk\u00f6rper mit den fantastischsten und &#8230;<\/p>\n","protected":false},"author":1,"featured_media":0,"parent":0,"menu_order":0,"comment_status":"closed","ping_status":"closed","template":"template-full-width.php","meta":{"_bbp_topic_count":0,"_bbp_reply_count":0,"_bbp_total_topic_count":0,"_bbp_total_reply_count":0,"_bbp_voice_count":0,"_bbp_anonymous_reply_count":0,"_bbp_topic_count_hidden":0,"_bbp_reply_count_hidden":0,"_bbp_forum_subforum_count":0,"inline_featured_image":false,"spay_email":""},"translation":{"provider":"WPGlobus","version":"3.0.1","language":"de","enabled_languages":["en","de","sr"],"languages":{"en":{"title":true,"content":true,"excerpt":false},"de":{"title":true,"content":true,"excerpt":false},"sr":{"title":true,"content":true,"excerpt":false}}},"yoast_head":"<!-- This site is optimized with the Yoast SEO plugin v18.3 - https:\/\/yoast.com\/wordpress\/plugins\/seo\/ -->\n<title>Die Menschlichen Sinne und die Antike - Sch\u00f6nheit der Ver\u00e4nderung<\/title>\n<meta name=\"description\" content=\"In alten Zeiten dachten die alten V\u00f6lker, dass die Erde eine Scheibe ist. Aber, diese V\u00f6lker kannten die menschlichen Sinne.\" \/>\n<meta name=\"robots\" content=\"index, follow, max-snippet:-1, max-image-preview:large, max-video-preview:-1\" \/>\n<link rel=\"canonical\" href=\"https:\/\/yogajagat.com\/human-senses-and-the-ancients\/\" \/>\n<meta name=\"twitter:label1\" content=\"Gesch\u00e4tzte Lesezeit\" \/>\n\t<meta name=\"twitter:data1\" content=\"9\u00a0Minuten\" \/>\n<script type=\"application\/ld+json\" class=\"yoast-schema-graph\">{\"@context\":\"https:\/\/schema.org\",\"@graph\":[{\"@type\":\"Organization\",\"@id\":\"https:\/\/yogajagat.com\/#organization\",\"name\":\"Yogajagat\",\"url\":\"https:\/\/yogajagat.com\/\",\"sameAs\":[],\"logo\":{\"@type\":\"ImageObject\",\"@id\":\"https:\/\/yogajagat.com\/#logo\",\"inLanguage\":\"de\",\"url\":\"https:\/\/i1.wp.com\/yogajagat.com\/wp-content\/uploads\/2019\/03\/DSC08478-Kopie-1.jpg?fit=798%2C800&ssl=1\",\"contentUrl\":\"https:\/\/i1.wp.com\/yogajagat.com\/wp-content\/uploads\/2019\/03\/DSC08478-Kopie-1.jpg?fit=798%2C800&ssl=1\",\"width\":798,\"height\":800,\"caption\":\"Yogajagat\"},\"image\":{\"@id\":\"https:\/\/yogajagat.com\/#logo\"}},{\"@type\":\"WebSite\",\"@id\":\"https:\/\/yogajagat.com\/#website\",\"url\":\"https:\/\/yogajagat.com\/\",\"name\":\"Sch\u00f6nheit der Ver\u00e4nderung\",\"description\":\"Mit st\u00e4ndiger Ver\u00e4nderung zum sch\u00f6nsten Lebenserfahrung\",\"publisher\":{\"@id\":\"https:\/\/yogajagat.com\/#organization\"},\"potentialAction\":[{\"@type\":\"SearchAction\",\"target\":{\"@type\":\"EntryPoint\",\"urlTemplate\":\"https:\/\/yogajagat.com\/?s={search_term_string}\"},\"query-input\":\"required name=search_term_string\"}],\"inLanguage\":\"de\"},{\"@type\":\"ImageObject\",\"@id\":\"https:\/\/yogajagat.com\/human-senses-and-the-ancients\/#primaryimage\",\"inLanguage\":\"de\",\"url\":\"http:\/\/yogajagat.com\/wp-content\/uploads\/2020\/02\/DSC00501.jpg\",\"contentUrl\":\"http:\/\/yogajagat.com\/wp-content\/uploads\/2020\/02\/DSC00501.jpg\"},{\"@type\":\"WebPage\",\"@id\":\"https:\/\/yogajagat.com\/human-senses-and-the-ancients\/#webpage\",\"url\":\"https:\/\/yogajagat.com\/human-senses-and-the-ancients\/\",\"name\":\"Die Menschlichen Sinne und die Antike - Sch\u00f6nheit der Ver\u00e4nderung\",\"isPartOf\":{\"@id\":\"https:\/\/yogajagat.com\/#website\"},\"primaryImageOfPage\":{\"@id\":\"https:\/\/yogajagat.com\/human-senses-and-the-ancients\/#primaryimage\"},\"datePublished\":\"2019-07-24T17:28:47+00:00\",\"dateModified\":\"2022-01-27T21:30:45+00:00\",\"description\":\"The ancients knew the human senses. The sixth and further senses they have experienced themselves. What they left us to practice?\",\"breadcrumb\":{\"@id\":\"https:\/\/yogajagat.com\/human-senses-and-the-ancients\/#breadcrumb\"},\"inLanguage\":\"de\",\"potentialAction\":[{\"@type\":\"ReadAction\",\"target\":[\"https:\/\/yogajagat.com\/human-senses-and-the-ancients\/\"]}]},{\"@type\":\"BreadcrumbList\",\"@id\":\"https:\/\/yogajagat.com\/human-senses-and-the-ancients\/#breadcrumb\",\"itemListElement\":[{\"@type\":\"ListItem\",\"position\":1,\"name\":\"Home\",\"item\":\"https:\/\/yogajagat.com\/sr\/\"},{\"@type\":\"ListItem\",\"position\":2,\"name\":\"Human Senses and the Ancients\"}]}]}<\/script>\n<!-- \/ Yoast SEO plugin. -->","yoast_head_json":{"title":"Die Menschlichen Sinne und die Antike - Sch\u00f6nheit der Ver\u00e4nderung","description":"In alten Zeiten dachten die alten V\u00f6lker, dass die Erde eine Scheibe ist. Aber, diese V\u00f6lker kannten die menschlichen Sinne.","robots":{"index":"index","follow":"follow","max-snippet":"max-snippet:-1","max-image-preview":"max-image-preview:large","max-video-preview":"max-video-preview:-1"},"canonical":"https:\/\/yogajagat.com\/human-senses-and-the-ancients\/","twitter_misc":{"Gesch\u00e4tzte Lesezeit":"9\u00a0Minuten"},"schema":{"@context":"https:\/\/schema.org","@graph":[{"@type":"Organization","@id":"https:\/\/yogajagat.com\/#organization","name":"Yogajagat","url":"https:\/\/yogajagat.com\/","sameAs":[],"logo":{"@type":"ImageObject","@id":"https:\/\/yogajagat.com\/#logo","inLanguage":"de","url":"https:\/\/i1.wp.com\/yogajagat.com\/wp-content\/uploads\/2019\/03\/DSC08478-Kopie-1.jpg?fit=798%2C800&ssl=1","contentUrl":"https:\/\/i1.wp.com\/yogajagat.com\/wp-content\/uploads\/2019\/03\/DSC08478-Kopie-1.jpg?fit=798%2C800&ssl=1","width":798,"height":800,"caption":"Yogajagat"},"image":{"@id":"https:\/\/yogajagat.com\/#logo"}},{"@type":"WebSite","@id":"https:\/\/yogajagat.com\/#website","url":"https:\/\/yogajagat.com\/","name":"Sch\u00f6nheit der Ver\u00e4nderung","description":"Mit st\u00e4ndiger Ver\u00e4nderung zum sch\u00f6nsten Lebenserfahrung","publisher":{"@id":"https:\/\/yogajagat.com\/#organization"},"potentialAction":[{"@type":"SearchAction","target":{"@type":"EntryPoint","urlTemplate":"https:\/\/yogajagat.com\/?s={search_term_string}"},"query-input":"required name=search_term_string"}],"inLanguage":"de"},{"@type":"ImageObject","@id":"https:\/\/yogajagat.com\/human-senses-and-the-ancients\/#primaryimage","inLanguage":"de","url":"http:\/\/yogajagat.com\/wp-content\/uploads\/2020\/02\/DSC00501.jpg","contentUrl":"http:\/\/yogajagat.com\/wp-content\/uploads\/2020\/02\/DSC00501.jpg"},{"@type":"WebPage","@id":"https:\/\/yogajagat.com\/human-senses-and-the-ancients\/#webpage","url":"https:\/\/yogajagat.com\/human-senses-and-the-ancients\/","name":"Die Menschlichen Sinne und die Antike - Sch\u00f6nheit der Ver\u00e4nderung","isPartOf":{"@id":"https:\/\/yogajagat.com\/#website"},"primaryImageOfPage":{"@id":"https:\/\/yogajagat.com\/human-senses-and-the-ancients\/#primaryimage"},"datePublished":"2019-07-24T17:28:47+00:00","dateModified":"2022-01-27T21:30:45+00:00","description":"The ancients knew the human senses. The sixth and further senses they have experienced themselves. What they left us to practice?","breadcrumb":{"@id":"https:\/\/yogajagat.com\/human-senses-and-the-ancients\/#breadcrumb"},"inLanguage":"de","potentialAction":[{"@type":"ReadAction","target":["https:\/\/yogajagat.com\/human-senses-and-the-ancients\/"]}]},{"@type":"BreadcrumbList","@id":"https:\/\/yogajagat.com\/human-senses-and-the-ancients\/#breadcrumb","itemListElement":[{"@type":"ListItem","position":1,"name":"Home","item":"https:\/\/yogajagat.com\/sr\/"},{"@type":"ListItem","position":2,"name":"Human Senses and the Ancients"}]}]}},"_links":{"self":[{"href":"https:\/\/yogajagat.com\/de\/wp-json\/wp\/v2\/pages\/3769"}],"collection":[{"href":"https:\/\/yogajagat.com\/de\/wp-json\/wp\/v2\/pages"}],"about":[{"href":"https:\/\/yogajagat.com\/de\/wp-json\/wp\/v2\/types\/page"}],"author":[{"embeddable":true,"href":"https:\/\/yogajagat.com\/de\/wp-json\/wp\/v2\/users\/1"}],"replies":[{"embeddable":true,"href":"https:\/\/yogajagat.com\/de\/wp-json\/wp\/v2\/comments?post=3769"}],"version-history":[{"count":12,"href":"https:\/\/yogajagat.com\/de\/wp-json\/wp\/v2\/pages\/3769\/revisions"}],"predecessor-version":[{"id":4219,"href":"https:\/\/yogajagat.com\/de\/wp-json\/wp\/v2\/pages\/3769\/revisions\/4219"}],"wp:attachment":[{"href":"https:\/\/yogajagat.com\/de\/wp-json\/wp\/v2\/media?parent=3769"}],"curies":[{"name":"wp","href":"https:\/\/api.w.org\/{rel}","templated":true}]}}