{"id":3750,"date":"2019-07-24T14:17:44","date_gmt":"2019-07-24T13:17:44","guid":{"rendered":"http:\/\/yogajagat.com\/?page_id=3750"},"modified":"2020-05-07T12:36:33","modified_gmt":"2020-05-07T10:36:33","slug":"breath-retention-yogic-breathing-techniques","status":"publish","type":"page","link":"https:\/\/yogajagat.com\/de\/einatmung-ausatmung-atemanhalten\/","title":{"rendered":"Ausatmung, Einatmung, Atemanhalten"},"content":{"rendered":"[vc_row][vc_column][vc_column_text]\n<h3 style=\"text-align: center;\"><\/h3>\n<h3 style=\"text-align: center;\"><span style=\"color: #993300;\">Ausatmung, Einatmung und Atemanhalten<\/span><\/h3>\n<hr \/>\n<p>&nbsp;<\/p>\n<p>Der Text <em>Ausatmung, Einatmung und Atemanhalten\u00a0<\/em>ist zur Zeit in <a href=\"https:\/\/yogajagat.com\/pranayama-breathing-technique-state-of-tranquility\/\">englischer Sprache<\/a> verf\u00fcgbar.<\/p>\n<p>&nbsp;<\/p>\n<p><img loading=\"lazy\" class=\"aligncenter wp-image-4201 size-full\" src=\"https:\/\/i2.wp.com\/yogajagat.com\/wp-content\/uploads\/2019\/11\/DSC06365.jpg?resize=800%2C600\" alt=\"atemanhalten einatmung ausatmung zadr\u017eavanje daha jogi\u010dke tehnike disanja\" width=\"800\" height=\"600\" srcset=\"https:\/\/i2.wp.com\/yogajagat.com\/wp-content\/uploads\/2019\/11\/DSC06365.jpg?w=800&amp;ssl=1 800w, https:\/\/i2.wp.com\/yogajagat.com\/wp-content\/uploads\/2019\/11\/DSC06365.jpg?resize=300%2C225&amp;ssl=1 300w, https:\/\/i2.wp.com\/yogajagat.com\/wp-content\/uploads\/2019\/11\/DSC06365.jpg?resize=768%2C576&amp;ssl=1 768w\" sizes=\"(max-width: 800px) 100vw, 800px\" data-recalc-dims=\"1\" \/>[\/vc_column_text][\/vc_column][\/vc_row]\n","protected":false},"excerpt":{"rendered":"<p>[vc_row][vc_column][vc_column_text]<\/p>\n<p>Ausatmung, Einatmung und Atemanhalten<\/p>\n<p>&nbsp;<br \/>\nDer Text Ausatmung, Einatmung und Atemanhalten\u00a0ist zur Zeit in englischer Sprache verf\u00fcgbar.<br \/>\n&nbsp;<br \/>\n[\/vc_column_text][\/vc_column][\/vc_row]<\/p>\n","protected":false},"author":1,"featured_media":0,"parent":0,"menu_order":0,"comment_status":"closed","ping_status":"closed","template":"template-full-width.php","meta":{"_bbp_topic_count":0,"_bbp_reply_count":0,"_bbp_total_topic_count":0,"_bbp_total_reply_count":0,"_bbp_voice_count":0,"_bbp_anonymous_reply_count":0,"_bbp_topic_count_hidden":0,"_bbp_reply_count_hidden":0,"_bbp_forum_subforum_count":0,"inline_featured_image":false,"spay_email":""},"translation":{"provider":"WPGlobus","version":"3.0.1","language":"de","enabled_languages":["en","de","sr"],"languages":{"en":{"title":true,"content":true,"excerpt":false},"de":{"title":true,"content":true,"excerpt":false},"sr":{"title":true,"content":true,"excerpt":false}}},"yoast_head":"<!-- This site is optimized with the Yoast SEO plugin v18.3 - https:\/\/yoast.com\/wordpress\/plugins\/seo\/ -->\n<title>Ausatmung, Einatmung, Atemanhalten - Sch\u00f6nheit der Ver\u00e4nderung<\/title>\n<meta name=\"description\" content=\"Einatmung, Ausatmung, Atemanhalten. Yogische Atemtehniken, Pranayama...\" \/>\n<meta name=\"robots\" content=\"index, follow, max-snippet:-1, max-image-preview:large, max-video-preview:-1\" \/>\n<link rel=\"canonical\" href=\"https:\/\/yogajagat.com\/sr\/zadrzavanje-daha-jogicke-tehnike-disanja\/\" \/>\n<meta name=\"twitter:label1\" content=\"Gesch\u00e4tzte Lesezeit\" \/>\n\t<meta name=\"twitter:data1\" content=\"7\u00a0Minuten\" \/>\n<script type=\"application\/ld+json\" class=\"yoast-schema-graph\">{\"@context\":\"https:\/\/schema.org\",\"@graph\":[{\"@type\":\"Organization\",\"@id\":\"https:\/\/yogajagat.com\/#organization\",\"name\":\"Yogajagat\",\"url\":\"https:\/\/yogajagat.com\/\",\"sameAs\":[],\"logo\":{\"@type\":\"ImageObject\",\"@id\":\"https:\/\/yogajagat.com\/#logo\",\"inLanguage\":\"de\",\"url\":\"https:\/\/i1.wp.com\/yogajagat.com\/wp-content\/uploads\/2019\/03\/DSC08478-Kopie-1.jpg?fit=798%2C800&ssl=1\",\"contentUrl\":\"https:\/\/i1.wp.com\/yogajagat.com\/wp-content\/uploads\/2019\/03\/DSC08478-Kopie-1.jpg?fit=798%2C800&ssl=1\",\"width\":798,\"height\":800,\"caption\":\"Yogajagat\"},\"image\":{\"@id\":\"https:\/\/yogajagat.com\/#logo\"}},{\"@type\":\"WebSite\",\"@id\":\"https:\/\/yogajagat.com\/#website\",\"url\":\"https:\/\/yogajagat.com\/\",\"name\":\"Sch\u00f6nheit der Ver\u00e4nderung\",\"description\":\"Mit st\u00e4ndiger Ver\u00e4nderung zum sch\u00f6nsten Lebenserfahrung\",\"publisher\":{\"@id\":\"https:\/\/yogajagat.com\/#organization\"},\"potentialAction\":[{\"@type\":\"SearchAction\",\"target\":{\"@type\":\"EntryPoint\",\"urlTemplate\":\"https:\/\/yogajagat.com\/?s={search_term_string}\"},\"query-input\":\"required name=search_term_string\"}],\"inLanguage\":\"de\"},{\"@type\":\"ImageObject\",\"@id\":\"https:\/\/yogajagat.com\/sr\/zadrzavanje-daha-jogicke-tehnike-disanja\/#primaryimage\",\"inLanguage\":\"de\",\"url\":\"http:\/\/yogajagat.com\/wp-content\/uploads\/2019\/11\/DSC04645.jpg\",\"contentUrl\":\"http:\/\/yogajagat.com\/wp-content\/uploads\/2019\/11\/DSC04645.jpg\"},{\"@type\":\"WebPage\",\"@id\":\"https:\/\/yogajagat.com\/sr\/zadrzavanje-daha-jogicke-tehnike-disanja\/#webpage\",\"url\":\"https:\/\/yogajagat.com\/sr\/zadrzavanje-daha-jogicke-tehnike-disanja\/\",\"name\":\"Ausatmung, Einatmung, Atemanhalten - Sch\u00f6nheit der Ver\u00e4nderung\",\"isPartOf\":{\"@id\":\"https:\/\/yogajagat.com\/#website\"},\"primaryImageOfPage\":{\"@id\":\"https:\/\/yogajagat.com\/sr\/zadrzavanje-daha-jogicke-tehnike-disanja\/#primaryimage\"},\"datePublished\":\"2019-07-24T13:17:44+00:00\",\"dateModified\":\"2020-05-07T10:36:33+00:00\",\"description\":\"Einatmung, Ausatmung, Atemanhalten. Yogische Atemtehniken, Pranayama...\",\"breadcrumb\":{\"@id\":\"https:\/\/yogajagat.com\/sr\/zadrzavanje-daha-jogicke-tehnike-disanja\/#breadcrumb\"},\"inLanguage\":\"de\",\"potentialAction\":[{\"@type\":\"ReadAction\",\"target\":[\"https:\/\/yogajagat.com\/sr\/zadrzavanje-daha-jogicke-tehnike-disanja\/\"]}]},{\"@type\":\"BreadcrumbList\",\"@id\":\"https:\/\/yogajagat.com\/sr\/zadrzavanje-daha-jogicke-tehnike-disanja\/#breadcrumb\",\"itemListElement\":[{\"@type\":\"ListItem\",\"position\":1,\"name\":\"Home\",\"item\":\"https:\/\/yogajagat.com\/sr\/\"},{\"@type\":\"ListItem\",\"position\":2,\"name\":\"Zadr\u017eavanje daha, jogi\u010dke tehnike disanja\"}]}]}<\/script>\n<!-- \/ Yoast SEO plugin. -->","yoast_head_json":{"title":"Ausatmung, Einatmung, Atemanhalten - Sch\u00f6nheit der Ver\u00e4nderung","description":"Einatmung, Ausatmung, Atemanhalten. Yogische Atemtehniken, Pranayama...","robots":{"index":"index","follow":"follow","max-snippet":"max-snippet:-1","max-image-preview":"max-image-preview:large","max-video-preview":"max-video-preview:-1"},"canonical":"https:\/\/yogajagat.com\/sr\/zadrzavanje-daha-jogicke-tehnike-disanja\/","twitter_misc":{"Gesch\u00e4tzte Lesezeit":"7\u00a0Minuten"},"schema":{"@context":"https:\/\/schema.org","@graph":[{"@type":"Organization","@id":"https:\/\/yogajagat.com\/#organization","name":"Yogajagat","url":"https:\/\/yogajagat.com\/","sameAs":[],"logo":{"@type":"ImageObject","@id":"https:\/\/yogajagat.com\/#logo","inLanguage":"de","url":"https:\/\/i1.wp.com\/yogajagat.com\/wp-content\/uploads\/2019\/03\/DSC08478-Kopie-1.jpg?fit=798%2C800&ssl=1","contentUrl":"https:\/\/i1.wp.com\/yogajagat.com\/wp-content\/uploads\/2019\/03\/DSC08478-Kopie-1.jpg?fit=798%2C800&ssl=1","width":798,"height":800,"caption":"Yogajagat"},"image":{"@id":"https:\/\/yogajagat.com\/#logo"}},{"@type":"WebSite","@id":"https:\/\/yogajagat.com\/#website","url":"https:\/\/yogajagat.com\/","name":"Sch\u00f6nheit der Ver\u00e4nderung","description":"Mit st\u00e4ndiger Ver\u00e4nderung zum sch\u00f6nsten Lebenserfahrung","publisher":{"@id":"https:\/\/yogajagat.com\/#organization"},"potentialAction":[{"@type":"SearchAction","target":{"@type":"EntryPoint","urlTemplate":"https:\/\/yogajagat.com\/?s={search_term_string}"},"query-input":"required name=search_term_string"}],"inLanguage":"de"},{"@type":"ImageObject","@id":"https:\/\/yogajagat.com\/sr\/zadrzavanje-daha-jogicke-tehnike-disanja\/#primaryimage","inLanguage":"de","url":"http:\/\/yogajagat.com\/wp-content\/uploads\/2019\/11\/DSC04645.jpg","contentUrl":"http:\/\/yogajagat.com\/wp-content\/uploads\/2019\/11\/DSC04645.jpg"},{"@type":"WebPage","@id":"https:\/\/yogajagat.com\/sr\/zadrzavanje-daha-jogicke-tehnike-disanja\/#webpage","url":"https:\/\/yogajagat.com\/sr\/zadrzavanje-daha-jogicke-tehnike-disanja\/","name":"Ausatmung, Einatmung, Atemanhalten - Sch\u00f6nheit der Ver\u00e4nderung","isPartOf":{"@id":"https:\/\/yogajagat.com\/#website"},"primaryImageOfPage":{"@id":"https:\/\/yogajagat.com\/sr\/zadrzavanje-daha-jogicke-tehnike-disanja\/#primaryimage"},"datePublished":"2019-07-24T13:17:44+00:00","dateModified":"2020-05-07T10:36:33+00:00","description":"Einatmung, Ausatmung, Atemanhalten. Yogische Atemtehniken, Pranayama...","breadcrumb":{"@id":"https:\/\/yogajagat.com\/sr\/zadrzavanje-daha-jogicke-tehnike-disanja\/#breadcrumb"},"inLanguage":"de","potentialAction":[{"@type":"ReadAction","target":["https:\/\/yogajagat.com\/sr\/zadrzavanje-daha-jogicke-tehnike-disanja\/"]}]},{"@type":"BreadcrumbList","@id":"https:\/\/yogajagat.com\/sr\/zadrzavanje-daha-jogicke-tehnike-disanja\/#breadcrumb","itemListElement":[{"@type":"ListItem","position":1,"name":"Home","item":"https:\/\/yogajagat.com\/sr\/"},{"@type":"ListItem","position":2,"name":"Zadr\u017eavanje daha, jogi\u010dke tehnike disanja"}]}]}},"_links":{"self":[{"href":"https:\/\/yogajagat.com\/de\/wp-json\/wp\/v2\/pages\/3750"}],"collection":[{"href":"https:\/\/yogajagat.com\/de\/wp-json\/wp\/v2\/pages"}],"about":[{"href":"https:\/\/yogajagat.com\/de\/wp-json\/wp\/v2\/types\/page"}],"author":[{"embeddable":true,"href":"https:\/\/yogajagat.com\/de\/wp-json\/wp\/v2\/users\/1"}],"replies":[{"embeddable":true,"href":"https:\/\/yogajagat.com\/de\/wp-json\/wp\/v2\/comments?post=3750"}],"version-history":[{"count":12,"href":"https:\/\/yogajagat.com\/de\/wp-json\/wp\/v2\/pages\/3750\/revisions"}],"predecessor-version":[{"id":5852,"href":"https:\/\/yogajagat.com\/de\/wp-json\/wp\/v2\/pages\/3750\/revisions\/5852"}],"wp:attachment":[{"href":"https:\/\/yogajagat.com\/de\/wp-json\/wp\/v2\/media?parent=3750"}],"curies":[{"name":"wp","href":"https:\/\/api.w.org\/{rel}","templated":true}]}}