{"id":3733,"date":"2019-07-23T18:48:30","date_gmt":"2019-07-23T17:48:30","guid":{"rendered":"http:\/\/yogajagat.com\/?page_id=3733"},"modified":"2020-04-16T11:18:23","modified_gmt":"2020-04-16T09:18:23","slug":"know-thyself-yoga-sutras-an-in-depth-guide-to-an-comfortable-life","status":"publish","type":"page","link":"https:\/\/yogajagat.com\/de\/erkenne-dich-selbst-die-yoga-sutras-eine-ausfuhrliche-anleitung\/","title":{"rendered":"Erkenne dich selbst"},"content":{"rendered":"[vc_row][vc_column][vc_column_text]\n<h3 style=\"text-align: center;\"><span style=\"color: #993300;\">Erkenne dich selbst. Die Yoga Sutras, eine ausf\u00fchrliche Anleitung<\/span><\/h3>\n<hr \/>\n<p>&nbsp;<\/p>\n<p>Die Seite <em>Erkenne dich selbst. Die Yoga Sutras, eine ausf\u00fchrliche Anleitung<\/em> ist zur Zeit in <a href=\"https:\/\/yogajagat.com\/know-thyself-yoga-sutras-an-in-depth-guide-to-an-comfortable-life\/\"><span style=\"color: #993300;\">englischer Sprache <\/span><\/a>verf\u00fcgbar.<\/p>\n<p>&nbsp;<\/p>\n<p><img loading=\"lazy\" class=\"aligncenter wp-image-5467 size-full\" src=\"https:\/\/i0.wp.com\/yogajagat.com\/wp-content\/uploads\/2020\/02\/DSC02759.jpg?resize=480%2C640\" alt=\"erkenne dich selbst yoga sutras\" width=\"480\" height=\"640\" srcset=\"https:\/\/i0.wp.com\/yogajagat.com\/wp-content\/uploads\/2020\/02\/DSC02759.jpg?w=480&amp;ssl=1 480w, https:\/\/i0.wp.com\/yogajagat.com\/wp-content\/uploads\/2020\/02\/DSC02759.jpg?resize=225%2C300&amp;ssl=1 225w\" sizes=\"(max-width: 480px) 100vw, 480px\" data-recalc-dims=\"1\" \/>[\/vc_column_text][\/vc_column][\/vc_row]\n","protected":false},"excerpt":{"rendered":"<p>[vc_row][vc_column][vc_column_text]<br \/>\nErkenne dich selbst. Die Yoga Sutras, eine ausf\u00fchrliche Anleitung<\/p>\n<p>&nbsp;<br \/>\nDie Seite Erkenne dich selbst. Die Yoga Sutras, eine ausf\u00fchrliche Anleitung ist zur Zeit in englischer Sprache verf\u00fcgbar.<br \/>\n&nbsp;<br \/>\n[\/vc_column_text][\/vc_column][\/vc_row]<\/p>\n","protected":false},"author":1,"featured_media":0,"parent":0,"menu_order":0,"comment_status":"closed","ping_status":"closed","template":"template-full-width.php","meta":{"_bbp_topic_count":0,"_bbp_reply_count":0,"_bbp_total_topic_count":0,"_bbp_total_reply_count":0,"_bbp_voice_count":0,"_bbp_anonymous_reply_count":0,"_bbp_topic_count_hidden":0,"_bbp_reply_count_hidden":0,"_bbp_forum_subforum_count":0,"inline_featured_image":false,"spay_email":""},"translation":{"provider":"WPGlobus","version":"3.0.1","language":"de","enabled_languages":["en","de","sr"],"languages":{"en":{"title":true,"content":true,"excerpt":false},"de":{"title":true,"content":true,"excerpt":false},"sr":{"title":true,"content":true,"excerpt":false}}},"yoast_head":"<!-- This site is optimized with the Yoast SEO plugin v18.3 - https:\/\/yoast.com\/wordpress\/plugins\/seo\/ -->\n<title>Erkenne dich selbst - Sch\u00f6nheit der Ver\u00e4nderung<\/title>\n<meta name=\"description\" content=\"Erkenne dich selbst. Die Yoga Sutras sind eine ausf\u00fchrliche Anleitung, die mit pers\u00f6nlicher und kollektiver Psychologie beginnt und \u00fcber die h\u00f6chste...\" \/>\n<meta name=\"robots\" content=\"index, follow, max-snippet:-1, max-image-preview:large, max-video-preview:-1\" \/>\n<link rel=\"canonical\" href=\"https:\/\/yogajagat.com\/know-thyself-yoga-sutras-an-in-depth-guide-to-an-comfortable-life\/\" \/>\n<meta name=\"twitter:label1\" content=\"Gesch\u00e4tzte Lesezeit\" \/>\n\t<meta name=\"twitter:data1\" content=\"10\u00a0Minuten\" \/>\n<script type=\"application\/ld+json\" class=\"yoast-schema-graph\">{\"@context\":\"https:\/\/schema.org\",\"@graph\":[{\"@type\":\"Organization\",\"@id\":\"https:\/\/yogajagat.com\/#organization\",\"name\":\"Yogajagat\",\"url\":\"https:\/\/yogajagat.com\/\",\"sameAs\":[],\"logo\":{\"@type\":\"ImageObject\",\"@id\":\"https:\/\/yogajagat.com\/#logo\",\"inLanguage\":\"de\",\"url\":\"https:\/\/i1.wp.com\/yogajagat.com\/wp-content\/uploads\/2019\/03\/DSC08478-Kopie-1.jpg?fit=798%2C800&ssl=1\",\"contentUrl\":\"https:\/\/i1.wp.com\/yogajagat.com\/wp-content\/uploads\/2019\/03\/DSC08478-Kopie-1.jpg?fit=798%2C800&ssl=1\",\"width\":798,\"height\":800,\"caption\":\"Yogajagat\"},\"image\":{\"@id\":\"https:\/\/yogajagat.com\/#logo\"}},{\"@type\":\"WebSite\",\"@id\":\"https:\/\/yogajagat.com\/#website\",\"url\":\"https:\/\/yogajagat.com\/\",\"name\":\"Sch\u00f6nheit der Ver\u00e4nderung\",\"description\":\"Mit st\u00e4ndiger Ver\u00e4nderung zum sch\u00f6nsten Lebenserfahrung\",\"publisher\":{\"@id\":\"https:\/\/yogajagat.com\/#organization\"},\"potentialAction\":[{\"@type\":\"SearchAction\",\"target\":{\"@type\":\"EntryPoint\",\"urlTemplate\":\"https:\/\/yogajagat.com\/?s={search_term_string}\"},\"query-input\":\"required name=search_term_string\"}],\"inLanguage\":\"de\"},{\"@type\":\"ImageObject\",\"@id\":\"https:\/\/yogajagat.com\/know-thyself-yoga-sutras-an-in-depth-guide-to-an-comfortable-life\/#primaryimage\",\"inLanguage\":\"de\",\"url\":\"http:\/\/yogajagat.com\/wp-content\/uploads\/2020\/01\/DSC08477.jpg\",\"contentUrl\":\"http:\/\/yogajagat.com\/wp-content\/uploads\/2020\/01\/DSC08477.jpg\"},{\"@type\":\"WebPage\",\"@id\":\"https:\/\/yogajagat.com\/know-thyself-yoga-sutras-an-in-depth-guide-to-an-comfortable-life\/#webpage\",\"url\":\"https:\/\/yogajagat.com\/know-thyself-yoga-sutras-an-in-depth-guide-to-an-comfortable-life\/\",\"name\":\"Erkenne dich selbst - Sch\u00f6nheit der Ver\u00e4nderung\",\"isPartOf\":{\"@id\":\"https:\/\/yogajagat.com\/#website\"},\"primaryImageOfPage\":{\"@id\":\"https:\/\/yogajagat.com\/know-thyself-yoga-sutras-an-in-depth-guide-to-an-comfortable-life\/#primaryimage\"},\"datePublished\":\"2019-07-23T17:48:30+00:00\",\"dateModified\":\"2020-04-16T09:18:23+00:00\",\"description\":\"Erkenne dich selbst. Die Yoga Sutras sind eine ausf\u00fchrliche Anleitung, die mit pers\u00f6nlicher und kollektiver Psychologie beginnt und \u00fcber die h\u00f6chste...\",\"breadcrumb\":{\"@id\":\"https:\/\/yogajagat.com\/know-thyself-yoga-sutras-an-in-depth-guide-to-an-comfortable-life\/#breadcrumb\"},\"inLanguage\":\"de\",\"potentialAction\":[{\"@type\":\"ReadAction\",\"target\":[\"https:\/\/yogajagat.com\/know-thyself-yoga-sutras-an-in-depth-guide-to-an-comfortable-life\/\"]}]},{\"@type\":\"BreadcrumbList\",\"@id\":\"https:\/\/yogajagat.com\/know-thyself-yoga-sutras-an-in-depth-guide-to-an-comfortable-life\/#breadcrumb\",\"itemListElement\":[{\"@type\":\"ListItem\",\"position\":1,\"name\":\"Home\",\"item\":\"https:\/\/yogajagat.com\/sr\/\"},{\"@type\":\"ListItem\",\"position\":2,\"name\":\"Know Thyself? Yoga Sutras, an In-Depth Guide to an Comfortable Life\"}]}]}<\/script>\n<!-- \/ Yoast SEO plugin. -->","yoast_head_json":{"title":"Erkenne dich selbst - Sch\u00f6nheit der Ver\u00e4nderung","description":"Erkenne dich selbst. Die Yoga Sutras sind eine ausf\u00fchrliche Anleitung, die mit pers\u00f6nlicher und kollektiver Psychologie beginnt und \u00fcber die h\u00f6chste...","robots":{"index":"index","follow":"follow","max-snippet":"max-snippet:-1","max-image-preview":"max-image-preview:large","max-video-preview":"max-video-preview:-1"},"canonical":"https:\/\/yogajagat.com\/know-thyself-yoga-sutras-an-in-depth-guide-to-an-comfortable-life\/","twitter_misc":{"Gesch\u00e4tzte Lesezeit":"10\u00a0Minuten"},"schema":{"@context":"https:\/\/schema.org","@graph":[{"@type":"Organization","@id":"https:\/\/yogajagat.com\/#organization","name":"Yogajagat","url":"https:\/\/yogajagat.com\/","sameAs":[],"logo":{"@type":"ImageObject","@id":"https:\/\/yogajagat.com\/#logo","inLanguage":"de","url":"https:\/\/i1.wp.com\/yogajagat.com\/wp-content\/uploads\/2019\/03\/DSC08478-Kopie-1.jpg?fit=798%2C800&ssl=1","contentUrl":"https:\/\/i1.wp.com\/yogajagat.com\/wp-content\/uploads\/2019\/03\/DSC08478-Kopie-1.jpg?fit=798%2C800&ssl=1","width":798,"height":800,"caption":"Yogajagat"},"image":{"@id":"https:\/\/yogajagat.com\/#logo"}},{"@type":"WebSite","@id":"https:\/\/yogajagat.com\/#website","url":"https:\/\/yogajagat.com\/","name":"Sch\u00f6nheit der Ver\u00e4nderung","description":"Mit st\u00e4ndiger Ver\u00e4nderung zum sch\u00f6nsten Lebenserfahrung","publisher":{"@id":"https:\/\/yogajagat.com\/#organization"},"potentialAction":[{"@type":"SearchAction","target":{"@type":"EntryPoint","urlTemplate":"https:\/\/yogajagat.com\/?s={search_term_string}"},"query-input":"required name=search_term_string"}],"inLanguage":"de"},{"@type":"ImageObject","@id":"https:\/\/yogajagat.com\/know-thyself-yoga-sutras-an-in-depth-guide-to-an-comfortable-life\/#primaryimage","inLanguage":"de","url":"http:\/\/yogajagat.com\/wp-content\/uploads\/2020\/01\/DSC08477.jpg","contentUrl":"http:\/\/yogajagat.com\/wp-content\/uploads\/2020\/01\/DSC08477.jpg"},{"@type":"WebPage","@id":"https:\/\/yogajagat.com\/know-thyself-yoga-sutras-an-in-depth-guide-to-an-comfortable-life\/#webpage","url":"https:\/\/yogajagat.com\/know-thyself-yoga-sutras-an-in-depth-guide-to-an-comfortable-life\/","name":"Erkenne dich selbst - Sch\u00f6nheit der Ver\u00e4nderung","isPartOf":{"@id":"https:\/\/yogajagat.com\/#website"},"primaryImageOfPage":{"@id":"https:\/\/yogajagat.com\/know-thyself-yoga-sutras-an-in-depth-guide-to-an-comfortable-life\/#primaryimage"},"datePublished":"2019-07-23T17:48:30+00:00","dateModified":"2020-04-16T09:18:23+00:00","description":"Erkenne dich selbst. Die Yoga Sutras sind eine ausf\u00fchrliche Anleitung, die mit pers\u00f6nlicher und kollektiver Psychologie beginnt und \u00fcber die h\u00f6chste...","breadcrumb":{"@id":"https:\/\/yogajagat.com\/know-thyself-yoga-sutras-an-in-depth-guide-to-an-comfortable-life\/#breadcrumb"},"inLanguage":"de","potentialAction":[{"@type":"ReadAction","target":["https:\/\/yogajagat.com\/know-thyself-yoga-sutras-an-in-depth-guide-to-an-comfortable-life\/"]}]},{"@type":"BreadcrumbList","@id":"https:\/\/yogajagat.com\/know-thyself-yoga-sutras-an-in-depth-guide-to-an-comfortable-life\/#breadcrumb","itemListElement":[{"@type":"ListItem","position":1,"name":"Home","item":"https:\/\/yogajagat.com\/sr\/"},{"@type":"ListItem","position":2,"name":"Know Thyself? Yoga Sutras, an In-Depth Guide to an Comfortable Life"}]}]}},"_links":{"self":[{"href":"https:\/\/yogajagat.com\/de\/wp-json\/wp\/v2\/pages\/3733"}],"collection":[{"href":"https:\/\/yogajagat.com\/de\/wp-json\/wp\/v2\/pages"}],"about":[{"href":"https:\/\/yogajagat.com\/de\/wp-json\/wp\/v2\/types\/page"}],"author":[{"embeddable":true,"href":"https:\/\/yogajagat.com\/de\/wp-json\/wp\/v2\/users\/1"}],"replies":[{"embeddable":true,"href":"https:\/\/yogajagat.com\/de\/wp-json\/wp\/v2\/comments?post=3733"}],"version-history":[{"count":13,"href":"https:\/\/yogajagat.com\/de\/wp-json\/wp\/v2\/pages\/3733\/revisions"}],"predecessor-version":[{"id":5787,"href":"https:\/\/yogajagat.com\/de\/wp-json\/wp\/v2\/pages\/3733\/revisions\/5787"}],"wp:attachment":[{"href":"https:\/\/yogajagat.com\/de\/wp-json\/wp\/v2\/media?parent=3733"}],"curies":[{"name":"wp","href":"https:\/\/api.w.org\/{rel}","templated":true}]}}