{"id":3458,"date":"2019-05-15T00:38:36","date_gmt":"2019-05-14T23:38:36","guid":{"rendered":"http:\/\/yogajagat.com\/?page_id=3458"},"modified":"2020-04-09T00:39:30","modified_gmt":"2020-04-08T22:39:30","slug":"why-to-practice-yoga-at-all","status":"publish","type":"page","link":"https:\/\/yogajagat.com\/de\/why-to-practice-yoga-at-all\/","title":{"rendered":"Why to Practice Yoga at all"},"content":{"rendered":"[vc_row][vc_column][vc_column_text]\n<h3 style=\"text-align: center;\"><span style=\"color: #993300;\">WHY TO PRACTICE YOGA AT ALL<\/span><\/h3>\n<h4 style=\"text-align: center;\"><span style=\"color: #800080;\">BENEFITS OF HATHA YOGA PRACTICE IN EVERY DAY LIFE<\/span><\/h4>\n<hr \/>\n<p>&nbsp;<\/p>\n<p>We live in the ridiculous centuries of <a href=\"https:\/\/yogajagat.com\/unification-or-becoming-a-whole\/\"><span style=\"color: #993300;\">Yoga<\/span><\/a> and I totally understand all the ironic people, all the jokes about yoga and the questions like <em>why to practice yoga at all<\/em>.<\/p>\n<p>But if practiced with intelligence, complete sincerity, knowledge and an open heart practice of\u00a0<a href=\"https:\/\/yogajagat.com\/hatha-yoga-techniques\/\"><span style=\"color: #993300;\">Hatha<\/span><\/a> or <a href=\"https:\/\/yogajagat.com\/paths-in-life-where-we-are\/\"><span style=\"color: #800080;\">any other<\/span><\/a> Yoga\u00a0will be immense treasure to every individual.<\/p>\n[\/vc_column_text][\/vc_column][\/vc_row][vc_row][vc_column][vc_custom_heading text=&#8220;Concentration&#8220; font_container=&#8220;tag:h2|text_align:center|color:%231ba2b7&#8243; google_fonts=&#8220;font_family:Ubuntu%3A300%2C300italic%2Cregular%2Citalic%2C500%2C500italic%2C700%2C700italic|font_style:300%20light%20italic%3A300%3Aitalic&#8220;][\/vc_column][\/vc_row][vc_row][vc_column][vc_column_text]\n<hr \/>\n<p>&nbsp;<\/p>\n<p>We all know how hard it is to live and work with people who are not concentrated.<\/p>\n<p>And also when we are more concentrated, we notice that we are essentially much more intelligent than we think and behave.<\/p>\n<p>Better concentration develops self-confidence and the ability to listen to and respond to our own inner voices instead of constantly allowing ourselves to be controlled by others in our thoughts and reactions.<\/p>\n<p>Practicing Hatha or any other Yoga with a lot of patience and inner devotion develops our concentration.<\/p>\n<p>Those who practice or better &#8222;do&#8220; body postures with sad\u00a0craving for handsome muscles or 365 selfies per year, they will not develop concentration. Instead, they will continue to live a life full of complications.<br \/>\nSo, the benefits of Yoga practice in every day life that we are here talking about, are not the final definition.<\/p>\n[\/vc_column_text][\/vc_column][\/vc_row][vc_row][vc_column][vc_custom_heading text=&#8220;The Art of Distinguishing&#8220; font_container=&#8220;tag:h2|text_align:center|color:%231ba2b7&#8243; google_fonts=&#8220;font_family:Ubuntu%3A300%2C300italic%2Cregular%2Citalic%2C500%2C500italic%2C700%2C700italic|font_style:300%20light%20italic%3A300%3Aitalic&#8220;][\/vc_column][\/vc_row][vc_row][vc_column][vc_column_text]\n<hr \/>\n<p>&nbsp;<\/p>\n<p>Every man has his own manner, his own opinion, his own insight into the &#8222;state of affairs&#8220;.<\/p>\n<p>People will sometimes tell you so long and extensively about themselves or others, about various facts or theories. Some will even be simply,\u00a0<a href=\"https:\/\/yogajagat.com\/omniscience-growing-knowledge\/\"><span style=\"color: #993300;\">omniscient<\/span><\/a>.<\/p>\n<p>Many of those who listen, however, are often simply lost in the multitude of information about the nature of things.<\/p>\n<p>&nbsp;<\/p>\n<p>The old techniques of Hatha Yoga and other Yogas know how one can bring one&#8217;s own and not others&#8216; mind to the utmost in refinement.<\/p>\n<p>Practicing these techniques honestly and with an open heart can help us become true artists in our ability to <em>make a difference<\/em>.<\/p>\n<p>When the mind is sharpened, it can then make the right decisions and not always the wrong ones on its own, and not with the intrusive interference of others.<\/p>\n<p>The master of these abilities sees things in their natural appearance and without scenery. He reacts fully naturally respecting himself and all other beings.<\/p>\n<p>You should not run from sharp minds but use them for your own good.<\/p>\n[\/vc_column_text][\/vc_column][\/vc_row][vc_row][vc_column][vc_custom_heading text=&#8220;Release From Emotional Prison&#8220; font_container=&#8220;tag:h2|text_align:center|color:%231ba2b7&#8243; google_fonts=&#8220;font_family:Ubuntu%3A300%2C300italic%2Cregular%2Citalic%2C500%2C500italic%2C700%2C700italic|font_style:300%20light%20italic%3A300%3Aitalic&#8220;][\/vc_column][\/vc_row][vc_row][vc_column][vc_column_text]\n<hr \/>\n<p>&nbsp;<\/p>\n<p>Many people have an overwhelming desire and an exhausting lust to be first, on top and if possible stay on top as the only ones and forever.<\/p>\n<p>&nbsp;<\/p>\n<p>Practicing Hatha or any other type of Yoga, with the full understanding that every human being is, at the end, exactly what he is and that every human being is getting exactly where he needs to be, helps us to get out of that bleak emotional slavery. And thus out of the prison of all that is purely material in nature and what makes us unhappy, or rather dissatisfied because satisfaction is the basis for happiness.<\/p>\n<p>&nbsp;<\/p>\n[\/vc_column_text][\/vc_column][\/vc_row][vc_row][vc_column][vc_custom_heading text=&#8220;Letting Go, Leaving Everything Behind&#8220; font_container=&#8220;tag:h2|text_align:center|color:%231ba2b7&#8243; google_fonts=&#8220;font_family:Ubuntu%3A300%2C300italic%2Cregular%2Citalic%2C500%2C500italic%2C700%2C700italic|font_style:300%20light%20italic%3A300%3Aitalic&#8220;][\/vc_column][\/vc_row][vc_row][vc_column][vc_column_text]\n<hr \/>\n<p>&nbsp;<\/p>\n<p>When Hatha or any other Yoga is practiced with tenderness then it teaches us to get rid of everything that does not make us satisfied and happy.<\/p>\n<p>People who are determined to get rid of old patterns and accept new ones will surely look &#8222;cold&#8220; and emotionless to the average.<\/p>\n<p>&nbsp;<\/p>\n<p>Practice Hatha or any other Yoga with your lungs open and your heart open. And you will be much stronger to embrace new liberties and get rid of old hard labor. Your passion, on the contrary, will not leave you.<\/p>\n<p>&nbsp;<\/p>\n<p>Passion, but in liberty is the greatest possible human happiness.<\/p>\n[\/vc_column_text][\/vc_column][\/vc_row][vc_row][vc_column][vc_custom_heading text=&#8220;Criticism, Judging Others and Cynicism are Habits of the Mind&#8220; font_container=&#8220;tag:h2|text_align:center|color:%231ba2b7&#8243; google_fonts=&#8220;font_family:Ubuntu%3A300%2C300italic%2Cregular%2Citalic%2C500%2C500italic%2C700%2C700italic|font_style:300%20light%20italic%3A300%3Aitalic&#8220;][\/vc_column][\/vc_row][vc_row][vc_column][vc_column_text]\n<hr \/>\n<p>&nbsp;<\/p>\n<p>A man who does not constantly criticize himself or others has successfully accomplished a human mission, the transformation of the ego. Such a man knows much more than you think he knows.<\/p>\n<p>Criticism, condemnation and cynicism are always good friends. These are persistent, boring and stubborn habits of mind. Even these habits can be eradicated by practicing Hatha or other type of Yoga.<\/p>\n<p>&nbsp;<\/p>\n<p>It&#8217;s always better to try it yourself and be your own judge.<\/p>\n<p>&nbsp;<\/p>\n<p>You won&#8217;t lose anything, even more. You will find that you are much more than a walking calumny and a strict judge of your own and someone else&#8217;s life, sometimes even a real cynic that no one needs.<\/p>\n[\/vc_column_text][\/vc_column][\/vc_row][vc_row][vc_column][vc_column_text]<img loading=\"lazy\" class=\"aligncenter size-full wp-image-5186\" src=\"https:\/\/i1.wp.com\/yogajagat.com\/wp-content\/uploads\/2020\/02\/DSC03269.jpg?resize=640%2C480\" alt=\"why to practice yoga\" width=\"640\" height=\"480\" srcset=\"https:\/\/i1.wp.com\/yogajagat.com\/wp-content\/uploads\/2020\/02\/DSC03269.jpg?w=640&amp;ssl=1 640w, https:\/\/i1.wp.com\/yogajagat.com\/wp-content\/uploads\/2020\/02\/DSC03269.jpg?resize=300%2C225&amp;ssl=1 300w\" sizes=\"(max-width: 640px) 100vw, 640px\" data-recalc-dims=\"1\" \/>[\/vc_column_text][\/vc_column][\/vc_row][vc_row][vc_column][vc_custom_heading text=&#8220;Opening the Heart for the Most Beautiful Human Traits &#8220; font_container=&#8220;tag:h2|text_align:center|color:%231ba2b7&#8243; google_fonts=&#8220;font_family:Ubuntu%3A300%2C300italic%2Cregular%2Citalic%2C500%2C500italic%2C700%2C700italic|font_style:300%20light%20italic%3A300%3Aitalic&#8220;][\/vc_column][\/vc_row][vc_row][vc_column][vc_column_text]\n<hr \/>\n<p>&nbsp;<\/p>\n<p>The hearts of the people are closed, sometimes well wrapped.<\/p>\n<p>Practicing Hatha or other Yoga opens your heart sometimes faster sometimes slower but always without a doubt. The most beautiful human traits enter into your heart without reservation, or rather come back again. These are compassion, tenderness, <a href=\"https:\/\/yogajagat.com\/nonviolence-and-how-to-overcome-it\/\"><span style=\"color: #993300;\">non-violence,<\/span> <\/a>kindness, gentleness.<\/p>\n<p>&nbsp;<\/p>\n<p>Nothing is impossible.<\/p>\n<p>Decide to take a challenge of change.<\/p>\n[\/vc_column_text][\/vc_column][\/vc_row][vc_row][vc_column][vc_cta h2=&#8220;&#8220;]<span style=\"color: #993300;\">\u201cSo plant your own gardens and decorate your own soul, instead of waiting for someone to bring you flowers.\u201d<\/span><\/p>\n<p><span style=\"color: #993300;\">\u2015 Jorge Luis Borges<\/span>[\/vc_cta][\/vc_column][\/vc_row]\n","protected":false},"excerpt":{"rendered":"<p>[vc_row][vc_column][vc_column_text]<br \/>\nWHY TO PRACTICE YOGA AT ALL<br \/>\nBENEFITS OF HATHA YOGA PRACTICE IN EVERY DAY LIFE<\/p>\n<p>&nbsp;<br \/>\nWe live in the ridiculous centuries of Yoga and I totally understand all the ironic people, all the jokes about yoga and the questions like why to practice yoga at all.<br \/>\nBut if practiced with intelligence, complete sincerity, knowledge and an open heart practice of\u00a0Hatha or any other Yoga\u00a0will be immense treasure to every individual.<br \/>\n[\/vc_column_text][\/vc_column][\/vc_row][vc_row][vc_column][vc_custom_heading text=&#8220;Concentration&#8220; font_container=&#8220;tag:h2|text_align:center|color:%231ba2b7&#8243; google_fonts=&#8220;font_family:Ubuntu%3A300%2C300italic%2Cregular%2Citalic%2C500%2C500italic%2C700%2C700italic|font_style:300%20light%20italic%3A300%3Aitalic&#8220;][\/vc_column][\/vc_row][vc_row][vc_column][vc_column_text]<\/p>\n<p>&nbsp;<br \/>\nWe &#8230;<\/p>\n","protected":false},"author":1,"featured_media":0,"parent":0,"menu_order":0,"comment_status":"closed","ping_status":"closed","template":"template-full-width.php","meta":{"_bbp_topic_count":0,"_bbp_reply_count":0,"_bbp_total_topic_count":0,"_bbp_total_reply_count":0,"_bbp_voice_count":0,"_bbp_anonymous_reply_count":0,"_bbp_topic_count_hidden":0,"_bbp_reply_count_hidden":0,"_bbp_forum_subforum_count":0,"inline_featured_image":false,"spay_email":""},"translation":{"provider":"WPGlobus","version":"3.0.1","language":"de","enabled_languages":["en","de","sr"],"languages":{"en":{"title":true,"content":true,"excerpt":false},"de":{"title":false,"content":false,"excerpt":false},"sr":{"title":true,"content":true,"excerpt":false}}},"yoast_head":"<!-- This site is optimized with the Yoast SEO plugin v18.3 - https:\/\/yoast.com\/wordpress\/plugins\/seo\/ -->\n<title>- Sch\u00f6nheit der Ver\u00e4nderung<\/title>\n<meta name=\"robots\" content=\"index, follow, max-snippet:-1, max-image-preview:large, max-video-preview:-1\" \/>\n<link rel=\"canonical\" href=\"https:\/\/yogajagat.com\/why-to-practice-yoga-at-all\/\" \/>\n<meta name=\"twitter:label1\" content=\"Gesch\u00e4tzte Lesezeit\" \/>\n\t<meta name=\"twitter:data1\" content=\"12\u00a0Minuten\" \/>\n<script type=\"application\/ld+json\" class=\"yoast-schema-graph\">{\"@context\":\"https:\/\/schema.org\",\"@graph\":[{\"@type\":\"Organization\",\"@id\":\"https:\/\/yogajagat.com\/#organization\",\"name\":\"Yogajagat\",\"url\":\"https:\/\/yogajagat.com\/\",\"sameAs\":[],\"logo\":{\"@type\":\"ImageObject\",\"@id\":\"https:\/\/yogajagat.com\/#logo\",\"inLanguage\":\"de\",\"url\":\"https:\/\/i1.wp.com\/yogajagat.com\/wp-content\/uploads\/2019\/03\/DSC08478-Kopie-1.jpg?fit=798%2C800&ssl=1\",\"contentUrl\":\"https:\/\/i1.wp.com\/yogajagat.com\/wp-content\/uploads\/2019\/03\/DSC08478-Kopie-1.jpg?fit=798%2C800&ssl=1\",\"width\":798,\"height\":800,\"caption\":\"Yogajagat\"},\"image\":{\"@id\":\"https:\/\/yogajagat.com\/#logo\"}},{\"@type\":\"WebSite\",\"@id\":\"https:\/\/yogajagat.com\/#website\",\"url\":\"https:\/\/yogajagat.com\/\",\"name\":\"Sch\u00f6nheit der Ver\u00e4nderung\",\"description\":\"Mit st\u00e4ndiger Ver\u00e4nderung zum sch\u00f6nsten Lebenserfahrung\",\"publisher\":{\"@id\":\"https:\/\/yogajagat.com\/#organization\"},\"potentialAction\":[{\"@type\":\"SearchAction\",\"target\":{\"@type\":\"EntryPoint\",\"urlTemplate\":\"https:\/\/yogajagat.com\/?s={search_term_string}\"},\"query-input\":\"required name=search_term_string\"}],\"inLanguage\":\"de\"},{\"@type\":\"ImageObject\",\"@id\":\"https:\/\/yogajagat.com\/why-to-practice-yoga-at-all\/#primaryimage\",\"inLanguage\":\"de\",\"url\":\"http:\/\/yogajagat.com\/wp-content\/uploads\/2020\/02\/DSC03269.jpg\",\"contentUrl\":\"http:\/\/yogajagat.com\/wp-content\/uploads\/2020\/02\/DSC03269.jpg\"},{\"@type\":\"WebPage\",\"@id\":\"https:\/\/yogajagat.com\/why-to-practice-yoga-at-all\/#webpage\",\"url\":\"https:\/\/yogajagat.com\/why-to-practice-yoga-at-all\/\",\"name\":\"- Sch\u00f6nheit der Ver\u00e4nderung\",\"isPartOf\":{\"@id\":\"https:\/\/yogajagat.com\/#website\"},\"primaryImageOfPage\":{\"@id\":\"https:\/\/yogajagat.com\/why-to-practice-yoga-at-all\/#primaryimage\"},\"datePublished\":\"2019-05-14T23:38:36+00:00\",\"dateModified\":\"2020-04-08T22:39:30+00:00\",\"description\":\"\",\"breadcrumb\":{\"@id\":\"https:\/\/yogajagat.com\/why-to-practice-yoga-at-all\/#breadcrumb\"},\"inLanguage\":\"de\",\"potentialAction\":[{\"@type\":\"ReadAction\",\"target\":[\"https:\/\/yogajagat.com\/why-to-practice-yoga-at-all\/\"]}]},{\"@type\":\"BreadcrumbList\",\"@id\":\"https:\/\/yogajagat.com\/why-to-practice-yoga-at-all\/#breadcrumb\",\"itemListElement\":[{\"@type\":\"ListItem\",\"position\":1,\"name\":\"Home\",\"item\":\"https:\/\/yogajagat.com\/sr\/\"},{\"@type\":\"ListItem\",\"position\":2,\"name\":\"Why to Practice Yoga at all\"}]}]}<\/script>\n<!-- \/ Yoast SEO plugin. -->","yoast_head_json":{"title":"- Sch\u00f6nheit der Ver\u00e4nderung","robots":{"index":"index","follow":"follow","max-snippet":"max-snippet:-1","max-image-preview":"max-image-preview:large","max-video-preview":"max-video-preview:-1"},"canonical":"https:\/\/yogajagat.com\/why-to-practice-yoga-at-all\/","twitter_misc":{"Gesch\u00e4tzte Lesezeit":"12\u00a0Minuten"},"schema":{"@context":"https:\/\/schema.org","@graph":[{"@type":"Organization","@id":"https:\/\/yogajagat.com\/#organization","name":"Yogajagat","url":"https:\/\/yogajagat.com\/","sameAs":[],"logo":{"@type":"ImageObject","@id":"https:\/\/yogajagat.com\/#logo","inLanguage":"de","url":"https:\/\/i1.wp.com\/yogajagat.com\/wp-content\/uploads\/2019\/03\/DSC08478-Kopie-1.jpg?fit=798%2C800&ssl=1","contentUrl":"https:\/\/i1.wp.com\/yogajagat.com\/wp-content\/uploads\/2019\/03\/DSC08478-Kopie-1.jpg?fit=798%2C800&ssl=1","width":798,"height":800,"caption":"Yogajagat"},"image":{"@id":"https:\/\/yogajagat.com\/#logo"}},{"@type":"WebSite","@id":"https:\/\/yogajagat.com\/#website","url":"https:\/\/yogajagat.com\/","name":"Sch\u00f6nheit der Ver\u00e4nderung","description":"Mit st\u00e4ndiger Ver\u00e4nderung zum sch\u00f6nsten Lebenserfahrung","publisher":{"@id":"https:\/\/yogajagat.com\/#organization"},"potentialAction":[{"@type":"SearchAction","target":{"@type":"EntryPoint","urlTemplate":"https:\/\/yogajagat.com\/?s={search_term_string}"},"query-input":"required name=search_term_string"}],"inLanguage":"de"},{"@type":"ImageObject","@id":"https:\/\/yogajagat.com\/why-to-practice-yoga-at-all\/#primaryimage","inLanguage":"de","url":"http:\/\/yogajagat.com\/wp-content\/uploads\/2020\/02\/DSC03269.jpg","contentUrl":"http:\/\/yogajagat.com\/wp-content\/uploads\/2020\/02\/DSC03269.jpg"},{"@type":"WebPage","@id":"https:\/\/yogajagat.com\/why-to-practice-yoga-at-all\/#webpage","url":"https:\/\/yogajagat.com\/why-to-practice-yoga-at-all\/","name":"- Sch\u00f6nheit der Ver\u00e4nderung","isPartOf":{"@id":"https:\/\/yogajagat.com\/#website"},"primaryImageOfPage":{"@id":"https:\/\/yogajagat.com\/why-to-practice-yoga-at-all\/#primaryimage"},"datePublished":"2019-05-14T23:38:36+00:00","dateModified":"2020-04-08T22:39:30+00:00","description":"","breadcrumb":{"@id":"https:\/\/yogajagat.com\/why-to-practice-yoga-at-all\/#breadcrumb"},"inLanguage":"de","potentialAction":[{"@type":"ReadAction","target":["https:\/\/yogajagat.com\/why-to-practice-yoga-at-all\/"]}]},{"@type":"BreadcrumbList","@id":"https:\/\/yogajagat.com\/why-to-practice-yoga-at-all\/#breadcrumb","itemListElement":[{"@type":"ListItem","position":1,"name":"Home","item":"https:\/\/yogajagat.com\/sr\/"},{"@type":"ListItem","position":2,"name":"Why to Practice Yoga at all"}]}]}},"_links":{"self":[{"href":"https:\/\/yogajagat.com\/de\/wp-json\/wp\/v2\/pages\/3458"}],"collection":[{"href":"https:\/\/yogajagat.com\/de\/wp-json\/wp\/v2\/pages"}],"about":[{"href":"https:\/\/yogajagat.com\/de\/wp-json\/wp\/v2\/types\/page"}],"author":[{"embeddable":true,"href":"https:\/\/yogajagat.com\/de\/wp-json\/wp\/v2\/users\/1"}],"replies":[{"embeddable":true,"href":"https:\/\/yogajagat.com\/de\/wp-json\/wp\/v2\/comments?post=3458"}],"version-history":[{"count":9,"href":"https:\/\/yogajagat.com\/de\/wp-json\/wp\/v2\/pages\/3458\/revisions"}],"predecessor-version":[{"id":5766,"href":"https:\/\/yogajagat.com\/de\/wp-json\/wp\/v2\/pages\/3458\/revisions\/5766"}],"wp:attachment":[{"href":"https:\/\/yogajagat.com\/de\/wp-json\/wp\/v2\/media?parent=3458"}],"curies":[{"name":"wp","href":"https:\/\/api.w.org\/{rel}","templated":true}]}}