{"id":3205,"date":"2019-05-15T00:11:25","date_gmt":"2019-05-14T23:11:25","guid":{"rendered":"http:\/\/yogajagat.com\/?page_id=3205"},"modified":"2020-02-28T21:47:43","modified_gmt":"2020-02-28T20:47:43","slug":"nadis-kundalini-snake-symbol","status":"publish","type":"page","link":"https:\/\/yogajagat.com\/de\/nadis-kundalini-snake-symbol\/","title":{"rendered":"Nadis Kundalini Snake Symbol"},"content":{"rendered":"[vc_row][vc_column][vc_custom_heading text=&#8220;Snake Symbol&#8220; font_container=&#8220;tag:h2|text_align:center|color:%231ba2b7&#8243; google_fonts=&#8220;font_family:Ubuntu%3A300%2C300italic%2Cregular%2Citalic%2C500%2C500italic%2C700%2C700italic|font_style:300%20light%20italic%3A300%3Aitalic&#8220;][\/vc_column][\/vc_row][vc_row][vc_column][vc_column_text]\n<hr \/>\n<p>&nbsp;<\/p>\n<p>Snake has been associated with supernatural, mystical, higher powers and healing since the very old age of mythology and religion. It was a symbol of mysticism, luck, rejuvenation, therapy, the earth\u2019s fertility, death.<\/p>\n<p>The earliest known symbol of coiled snake around the staff is Ningi\u0161zida, a Mesopotamian deity of the underworld, in the 21st century BC, in the Sumerian civilization which believed that the universe consisted of a flat disk enclosed by a spheric roof.<\/p>\n<p>In the Egyptian tradition the goddess Isis was the embodiment of love, healing, the moon, fertility and she is represented with the snake.<\/p>\n<p>In Greek mythology, the image of a single-snake coiled around the staff represents the Asklepios, the Greek god of healing.<\/p>\n<p>In Greek mythology, again, a double-snake image, a Caduceus, was a sign of Hermes (in Roman mythology Mercury), a messenger of gods, protector of travelers, trade and thieves, the immortal conductor of the dead.<\/p>\n<p>Through the middle age religions and traditions and early modern time, today the both symbols, single- and double-snake symbol, are used by different medical and physician associations, it is a emblem for pharmacy, it is also used by the army medical corps and some politicians.<\/p>\n[\/vc_column_text][\/vc_column][\/vc_row][vc_row][vc_column width=&#8220;1\/2&#8243;][vc_column_text]\n<div id=\"attachment_1314\" style=\"width: 266px\" class=\"wp-caption aligncenter\"><img aria-describedby=\"caption-attachment-1314\" loading=\"lazy\" class=\"wp-image-1314 size-full\" src=\"https:\/\/i1.wp.com\/yogajagat.com\/wp-content\/uploads\/2016\/05\/Caduceus.svg_.png?resize=256%2C305\" alt=\"snake symbol\" width=\"256\" height=\"305\" srcset=\"https:\/\/i1.wp.com\/yogajagat.com\/wp-content\/uploads\/2016\/05\/Caduceus.svg_.png?w=256&amp;ssl=1 256w, https:\/\/i1.wp.com\/yogajagat.com\/wp-content\/uploads\/2016\/05\/Caduceus.svg_.png?resize=252%2C300&amp;ssl=1 252w\" sizes=\"(max-width: 256px) 100vw, 256px\" data-recalc-dims=\"1\" \/><p id=\"caption-attachment-1314\" class=\"wp-caption-text\">Caduceus<\/p><\/div>\n[\/vc_column_text][\/vc_column][vc_column width=&#8220;1\/2&#8243;][vc_column_text]\n<div id=\"attachment_1315\" style=\"width: 90px\" class=\"wp-caption aligncenter\"><img aria-describedby=\"caption-attachment-1315\" loading=\"lazy\" class=\"wp-image-1315 size-full\" src=\"https:\/\/i2.wp.com\/yogajagat.com\/wp-content\/uploads\/2016\/05\/Rod_of_asclepius.png?resize=80%2C204\" alt=\"nadiji kundalini simbol zmije\" width=\"80\" height=\"204\" data-recalc-dims=\"1\" \/><p id=\"caption-attachment-1315\" class=\"wp-caption-text\">Rod of Asclepius<\/p><\/div>\n[\/vc_column_text][\/vc_column][\/vc_row][vc_row][vc_column][vc_column_text]\n<h3 style=\"text-align: center;\"><span style=\"color: #993300;\">NADIS, KUNDALINI AND THE SNAKE SYMBOL<\/span><\/h3>\n<hr \/>\n<p>&nbsp;<\/p>\n<p>Nadis, Kundalini and the snake symbol are the topic of many ancient Indian texts.<\/p>\n<p>The symbol of a peaceful snake wrapped three and a half times represents Kundalini energy.<\/p>\n<p>It is quite natural, powerful, spiritual energy that is given to every human being. However, few people have been able to recognize, revive and experience Kundalini energy throughout their lives. The revival of this powerful energy does not happen without strenuous self-control, exhaustive and self-disciplined effort, but it is also predisposed to birth.<\/p>\n<p><em>This, of course, does not mean that there are no people today who have been able to overcome the lower nature and drives and thus experience a <a href=\"https:\/\/yogajagat.com\/samadhi-what-happens-in-samadhi\/\"><span style=\"color: #993300;\">unique fusion,<\/span><\/a> <a href=\"https:\/\/yogajagat.com\/siddhis-occult-and-psychic-powers\/\"><span style=\"color: #800080;\">new states of consciousness<\/span><\/a> and <a href=\"https:\/\/yogajagat.com\/path-of-liberation-power-of-life\/\"><span style=\"color: #993300;\">transformations<\/span><\/a>. It is important that the topic on nadis, kundalini, the snake symbol and similar topics are read less about but more honestly practiced without omniscient ego, snobbish imagination and corrupt exaggeration. With honesty, one can achieve much.<\/em><\/p>\n<p>One of the texts in which Kundalini energy is represented by the snake is the 16th century <em>Purnananda<\/em>&#8217;s text, <em>Sri Tattva Cintamani<\/em>. The sixth chapter of this extensive text is a separate text, the Sat\u00a0<em>Cakra Nirupana.<\/em><\/p>\n<p>This text is the science of chakras, centers of the most refined energy. This science says the following.<\/p>\n<p>&nbsp;<\/p>\n<p>On the right and left sides of the spinal cord, <em>meru<\/em>, there are two side <a href=\"https:\/\/yogajagat.com\/the-main-aim-of-hatha-yoga\/\"><span style=\"color: #993300;\">nadis,<\/span><\/a> <em>pingala<\/em> and <em>ida,<\/em> which bear the nature of the sun and moon. In the middle of the channel there is a <em>sushumna<\/em>, the center of consciousness, which bears the features of the sun, moon and fire. It rises from the Muladara Chakra, almost at the very end of the upper body, towards the middle of the head.<\/p>\n<p>In the middle of Sushumna is the <em>Vajra<\/em> Channel, which has an even finer energy channel, the <em>citrini<\/em>. Here is the <em>brahmanadi<\/em>, a hollow path that extends from almost the very end of the spine to the crown of the head, the <em>Sahasrara<\/em>, a lotus with a thousand petals. The entrance of this channel is <em>brahmadvara<\/em>.<\/p>\n<p>&nbsp;<\/p>\n<p><em>Muladara<\/em> chakra is a vital, energy center located in the pubic region.<\/p>\n<p>Muladara chakra carries the lowest human nature meaning purely animal. It is pure survival, safety (material), self-preservation, animal urge, sex, fears about survival, lack of confidence, sense of feeling is smell and so on.<\/p>\n<p>&nbsp;<\/p>\n<p>Muladara chakra is the place where <em>kanda<\/em> and <em>sushumna<\/em> meet.<\/p>\n<p>This center is seen with four petals bearing the syllables <em>va, \u0161a, sa<\/em> and <em>sa<\/em>, clockwise (<em>daksinavarta yoga\u00a0<\/em>). The element of this center is the earth, the color is red (sometimes noticed and experienced as golden). In the center there is another center in the form of a square bearing the &#8222;seed&#8220; mantra <em>lam<\/em>.<\/p>\n<p><img loading=\"lazy\" class=\"size-full wp-image-5508 alignright\" src=\"https:\/\/i0.wp.com\/yogajagat.com\/wp-content\/uploads\/2020\/02\/DSC02800.jpg?resize=320%2C318\" alt=\"nadis kundalini snake symbol nadiji simbol zmije\" width=\"320\" height=\"318\" srcset=\"https:\/\/i0.wp.com\/yogajagat.com\/wp-content\/uploads\/2020\/02\/DSC02800.jpg?w=320&amp;ssl=1 320w, https:\/\/i0.wp.com\/yogajagat.com\/wp-content\/uploads\/2020\/02\/DSC02800.jpg?resize=300%2C298&amp;ssl=1 300w, https:\/\/i0.wp.com\/yogajagat.com\/wp-content\/uploads\/2020\/02\/DSC02800.jpg?resize=150%2C150&amp;ssl=1 150w, https:\/\/i0.wp.com\/yogajagat.com\/wp-content\/uploads\/2020\/02\/DSC02800.jpg?resize=71%2C71&amp;ssl=1 71w, https:\/\/i0.wp.com\/yogajagat.com\/wp-content\/uploads\/2020\/02\/DSC02800.jpg?resize=36%2C36&amp;ssl=1 36w\" sizes=\"(max-width: 320px) 100vw, 320px\" data-recalc-dims=\"1\" \/><\/p>\n<p>&#8222;Seed&#8220; means that one breads what was sown and that one reaps what one sows, as a result of personal effort. By repeating this seed mantra, one meditates on <em>Brahma<\/em> (according to some it is <em>Indra<\/em>, the leader of the sacrifice), with his &#8222;vehicle&#8220; which is the elephant (the largest and most powerful terrestrial animal on earth), which has four faces with four Vedas. <em>Dakini<\/em>, the four-handed goddess is also here. <em>Brahma (creator) is one of the three major deities besides Vishnu (sustainer) and Shiva (one who destroys and re-creates), not to be confused with Brahman, the central theme of Hindu philosophy, the supreme truth, the immortal absolute.<\/em><\/p>\n<p>Inside the square is a field of down facing triangle, <em>Traipura<\/em>, which is the seat of the goddess <em>Tripurasundari<\/em>. This center is located at the entrance of the <em>Vajra<\/em> nerve, which is in the middle of the <em>sushumna<\/em> and through this center flows the energy of the<em> kandarpa<\/em>, the particles that carry and control the embodiment of the being.<\/p>\n<p>In this triangle is the <em>svayambhu linga<\/em>, the symbol representing <em>Shiva<\/em>, the masculine aspect of creation. The power of this center,<em> Kashi<\/em>, is realized through meditation and knowledge.<\/p>\n<p>Above this linga is the<em> kulakundalini<\/em> in a dormant state that covers the opening of the <em>brahmadvara<\/em>, the entrance to <em>Brahma<\/em>. It is located at the very end of the spine.<\/p>\n<p>Thus, Kundalini has the form of three and a half times wrapped, dormant snake. That is why it is said that Kundalini is a dormant potential in man. The &#8222;awakening&#8220; or revival of this energy largely depends on the man himself and his activities, although this potential of the potential is also given by birth.<\/p>\n<p>In the<em> kulakundalini<\/em> dwells the supreme deity, <em>Parameshvara<\/em>, it is filled with pure bliss and possesses infinite knowledge. It is omnipotent, called <em>Kala,<\/em> and is identical with<em> nadashakti<\/em>.<\/p>\n<p>&nbsp;<\/p>\n<p>In addition, Patandjali&#8217;s name has been associated with <em>Adisha<\/em> in literature, which is the primordial serpent. Patanjali himself was considered to be the incarnation of the serpent lord, <em>Anant<\/em>.<\/p>\n[\/vc_column_text][\/vc_column][\/vc_row]\n","protected":false},"excerpt":{"rendered":"<p>[vc_row][vc_column][vc_custom_heading text=&#8220;Snake Symbol&#8220; font_container=&#8220;tag:h2|text_align:center|color:%231ba2b7&#8243; google_fonts=&#8220;font_family:Ubuntu%3A300%2C300italic%2Cregular%2Citalic%2C500%2C500italic%2C700%2C700italic|font_style:300%20light%20italic%3A300%3Aitalic&#8220;][\/vc_column][\/vc_row][vc_row][vc_column][vc_column_text]<\/p>\n<p>&nbsp;<br \/>\nSnake has been associated with supernatural, mystical, higher powers and healing since the very old age of mythology and religion. It was a symbol of mysticism, luck, rejuvenation, therapy, the earth\u2019s fertility, death.<br \/>\nThe earliest known symbol of coiled snake around the staff is Ningi\u0161zida, a Mesopotamian deity of the underworld, in the 21st century BC, in the Sumerian civilization which believed that the universe consisted of a flat disk enclosed by a &#8230;<\/p>\n","protected":false},"author":1,"featured_media":0,"parent":0,"menu_order":0,"comment_status":"closed","ping_status":"closed","template":"template-full-width.php","meta":{"_bbp_topic_count":0,"_bbp_reply_count":0,"_bbp_total_topic_count":0,"_bbp_total_reply_count":0,"_bbp_voice_count":0,"_bbp_anonymous_reply_count":0,"_bbp_topic_count_hidden":0,"_bbp_reply_count_hidden":0,"_bbp_forum_subforum_count":0,"inline_featured_image":false,"spay_email":""},"translation":{"provider":"WPGlobus","version":"3.0.1","language":"de","enabled_languages":["en","de","sr"],"languages":{"en":{"title":true,"content":true,"excerpt":false},"de":{"title":false,"content":false,"excerpt":false},"sr":{"title":true,"content":true,"excerpt":false}}},"yoast_head":"<!-- This site is optimized with the Yoast SEO plugin v18.3 - https:\/\/yoast.com\/wordpress\/plugins\/seo\/ -->\n<title>- Sch\u00f6nheit der Ver\u00e4nderung<\/title>\n<meta name=\"robots\" content=\"index, follow, max-snippet:-1, max-image-preview:large, max-video-preview:-1\" \/>\n<link rel=\"canonical\" href=\"https:\/\/yogajagat.com\/nadis-kundalini-snake-symbol\/\" \/>\n<meta name=\"twitter:label1\" content=\"Gesch\u00e4tzte Lesezeit\" \/>\n\t<meta name=\"twitter:data1\" content=\"10\u00a0Minuten\" \/>\n<script type=\"application\/ld+json\" class=\"yoast-schema-graph\">{\"@context\":\"https:\/\/schema.org\",\"@graph\":[{\"@type\":\"Organization\",\"@id\":\"https:\/\/yogajagat.com\/#organization\",\"name\":\"Yogajagat\",\"url\":\"https:\/\/yogajagat.com\/\",\"sameAs\":[],\"logo\":{\"@type\":\"ImageObject\",\"@id\":\"https:\/\/yogajagat.com\/#logo\",\"inLanguage\":\"de\",\"url\":\"https:\/\/i1.wp.com\/yogajagat.com\/wp-content\/uploads\/2019\/03\/DSC08478-Kopie-1.jpg?fit=798%2C800&ssl=1\",\"contentUrl\":\"https:\/\/i1.wp.com\/yogajagat.com\/wp-content\/uploads\/2019\/03\/DSC08478-Kopie-1.jpg?fit=798%2C800&ssl=1\",\"width\":798,\"height\":800,\"caption\":\"Yogajagat\"},\"image\":{\"@id\":\"https:\/\/yogajagat.com\/#logo\"}},{\"@type\":\"WebSite\",\"@id\":\"https:\/\/yogajagat.com\/#website\",\"url\":\"https:\/\/yogajagat.com\/\",\"name\":\"Sch\u00f6nheit der Ver\u00e4nderung\",\"description\":\"Mit st\u00e4ndiger Ver\u00e4nderung zum sch\u00f6nsten Lebenserfahrung\",\"publisher\":{\"@id\":\"https:\/\/yogajagat.com\/#organization\"},\"potentialAction\":[{\"@type\":\"SearchAction\",\"target\":{\"@type\":\"EntryPoint\",\"urlTemplate\":\"https:\/\/yogajagat.com\/?s={search_term_string}\"},\"query-input\":\"required name=search_term_string\"}],\"inLanguage\":\"de\"},{\"@type\":\"ImageObject\",\"@id\":\"https:\/\/yogajagat.com\/nadis-kundalini-snake-symbol\/#primaryimage\",\"inLanguage\":\"de\",\"url\":\"http:\/\/yogajagat.com\/wp-content\/uploads\/2016\/05\/Caduceus.svg_.png\",\"contentUrl\":\"http:\/\/yogajagat.com\/wp-content\/uploads\/2016\/05\/Caduceus.svg_.png\"},{\"@type\":\"WebPage\",\"@id\":\"https:\/\/yogajagat.com\/nadis-kundalini-snake-symbol\/#webpage\",\"url\":\"https:\/\/yogajagat.com\/nadis-kundalini-snake-symbol\/\",\"name\":\"- Sch\u00f6nheit der Ver\u00e4nderung\",\"isPartOf\":{\"@id\":\"https:\/\/yogajagat.com\/#website\"},\"primaryImageOfPage\":{\"@id\":\"https:\/\/yogajagat.com\/nadis-kundalini-snake-symbol\/#primaryimage\"},\"datePublished\":\"2019-05-14T23:11:25+00:00\",\"dateModified\":\"2020-02-28T20:47:43+00:00\",\"description\":\"\",\"breadcrumb\":{\"@id\":\"https:\/\/yogajagat.com\/nadis-kundalini-snake-symbol\/#breadcrumb\"},\"inLanguage\":\"de\",\"potentialAction\":[{\"@type\":\"ReadAction\",\"target\":[\"https:\/\/yogajagat.com\/nadis-kundalini-snake-symbol\/\"]}]},{\"@type\":\"BreadcrumbList\",\"@id\":\"https:\/\/yogajagat.com\/nadis-kundalini-snake-symbol\/#breadcrumb\",\"itemListElement\":[{\"@type\":\"ListItem\",\"position\":1,\"name\":\"Home\",\"item\":\"https:\/\/yogajagat.com\/sr\/\"},{\"@type\":\"ListItem\",\"position\":2,\"name\":\"Nadis Kundalini Snake Symbol\"}]}]}<\/script>\n<!-- \/ Yoast SEO plugin. -->","yoast_head_json":{"title":"- Sch\u00f6nheit der Ver\u00e4nderung","robots":{"index":"index","follow":"follow","max-snippet":"max-snippet:-1","max-image-preview":"max-image-preview:large","max-video-preview":"max-video-preview:-1"},"canonical":"https:\/\/yogajagat.com\/nadis-kundalini-snake-symbol\/","twitter_misc":{"Gesch\u00e4tzte Lesezeit":"10\u00a0Minuten"},"schema":{"@context":"https:\/\/schema.org","@graph":[{"@type":"Organization","@id":"https:\/\/yogajagat.com\/#organization","name":"Yogajagat","url":"https:\/\/yogajagat.com\/","sameAs":[],"logo":{"@type":"ImageObject","@id":"https:\/\/yogajagat.com\/#logo","inLanguage":"de","url":"https:\/\/i1.wp.com\/yogajagat.com\/wp-content\/uploads\/2019\/03\/DSC08478-Kopie-1.jpg?fit=798%2C800&ssl=1","contentUrl":"https:\/\/i1.wp.com\/yogajagat.com\/wp-content\/uploads\/2019\/03\/DSC08478-Kopie-1.jpg?fit=798%2C800&ssl=1","width":798,"height":800,"caption":"Yogajagat"},"image":{"@id":"https:\/\/yogajagat.com\/#logo"}},{"@type":"WebSite","@id":"https:\/\/yogajagat.com\/#website","url":"https:\/\/yogajagat.com\/","name":"Sch\u00f6nheit der Ver\u00e4nderung","description":"Mit st\u00e4ndiger Ver\u00e4nderung zum sch\u00f6nsten Lebenserfahrung","publisher":{"@id":"https:\/\/yogajagat.com\/#organization"},"potentialAction":[{"@type":"SearchAction","target":{"@type":"EntryPoint","urlTemplate":"https:\/\/yogajagat.com\/?s={search_term_string}"},"query-input":"required name=search_term_string"}],"inLanguage":"de"},{"@type":"ImageObject","@id":"https:\/\/yogajagat.com\/nadis-kundalini-snake-symbol\/#primaryimage","inLanguage":"de","url":"http:\/\/yogajagat.com\/wp-content\/uploads\/2016\/05\/Caduceus.svg_.png","contentUrl":"http:\/\/yogajagat.com\/wp-content\/uploads\/2016\/05\/Caduceus.svg_.png"},{"@type":"WebPage","@id":"https:\/\/yogajagat.com\/nadis-kundalini-snake-symbol\/#webpage","url":"https:\/\/yogajagat.com\/nadis-kundalini-snake-symbol\/","name":"- Sch\u00f6nheit der Ver\u00e4nderung","isPartOf":{"@id":"https:\/\/yogajagat.com\/#website"},"primaryImageOfPage":{"@id":"https:\/\/yogajagat.com\/nadis-kundalini-snake-symbol\/#primaryimage"},"datePublished":"2019-05-14T23:11:25+00:00","dateModified":"2020-02-28T20:47:43+00:00","description":"","breadcrumb":{"@id":"https:\/\/yogajagat.com\/nadis-kundalini-snake-symbol\/#breadcrumb"},"inLanguage":"de","potentialAction":[{"@type":"ReadAction","target":["https:\/\/yogajagat.com\/nadis-kundalini-snake-symbol\/"]}]},{"@type":"BreadcrumbList","@id":"https:\/\/yogajagat.com\/nadis-kundalini-snake-symbol\/#breadcrumb","itemListElement":[{"@type":"ListItem","position":1,"name":"Home","item":"https:\/\/yogajagat.com\/sr\/"},{"@type":"ListItem","position":2,"name":"Nadis Kundalini Snake Symbol"}]}]}},"_links":{"self":[{"href":"https:\/\/yogajagat.com\/de\/wp-json\/wp\/v2\/pages\/3205"}],"collection":[{"href":"https:\/\/yogajagat.com\/de\/wp-json\/wp\/v2\/pages"}],"about":[{"href":"https:\/\/yogajagat.com\/de\/wp-json\/wp\/v2\/types\/page"}],"author":[{"embeddable":true,"href":"https:\/\/yogajagat.com\/de\/wp-json\/wp\/v2\/users\/1"}],"replies":[{"embeddable":true,"href":"https:\/\/yogajagat.com\/de\/wp-json\/wp\/v2\/comments?post=3205"}],"version-history":[{"count":19,"href":"https:\/\/yogajagat.com\/de\/wp-json\/wp\/v2\/pages\/3205\/revisions"}],"predecessor-version":[{"id":5593,"href":"https:\/\/yogajagat.com\/de\/wp-json\/wp\/v2\/pages\/3205\/revisions\/5593"}],"wp:attachment":[{"href":"https:\/\/yogajagat.com\/de\/wp-json\/wp\/v2\/media?parent=3205"}],"curies":[{"name":"wp","href":"https:\/\/api.w.org\/{rel}","templated":true}]}}