{"id":300,"date":"2015-01-17T10:30:45","date_gmt":"2015-01-17T10:30:45","guid":{"rendered":"http:\/\/yogajagat.com\/?page_id=300"},"modified":"2020-03-03T19:16:22","modified_gmt":"2020-03-03T18:16:22","slug":"unification-or-becoming-a-whole","status":"publish","type":"page","link":"https:\/\/yogajagat.com\/de\/einheit-ganzwerdung-vereinigung-die-menschliche-dna\/","title":{"rendered":"Einheit. Ganzwerdung. Vereinigung. Die menschliche DNA"},"content":{"rendered":"[vc_row][vc_column][vc_custom_heading text=&#8220;Letztlich, geht es um die Ganzwerdung, Einheit, Vereinigung&#8220; font_container=&#8220;tag:h2|text_align:center|color:%231d98b7&#8243; google_fonts=&#8220;font_family:Ubuntu%3A300%2C300italic%2Cregular%2Citalic%2C500%2C500italic%2C700%2C700italic|font_style:300%20light%20italic%3A300%3Aitalic&#8220;][\/vc_column][\/vc_row][vc_row][vc_column][vc_column_text]\n<hr \/>\n[\/vc_column_text][\/vc_column][\/vc_row][vc_row][vc_column width=&#8220;1\/2&#8243;][vc_column_text]\n<p>Gibt es eine solche Erfahrung wie eine Ganzwerdung, Einheit, Vereinigung?<\/p>\n<p>Ist es nur eine Reihe von modischen Worten?<\/p>\n<p>Vereinen, mit wem? Geht es um die Vereinigung mit dem G\u00f6ttlichen?<\/p>\n<p>Warum das alles?<\/p>\n<p>K\u00f6nnen nur reine Herzen die Vereinigung erfahren?<\/p>\n<p>Was ist mit Erleuchtung?<\/p>\n<p>K\u00f6nnen wir<em> ein<\/em> Leben und<em> ein<\/em> Geist mit wahrer Wahrheit sein?<\/p>\n<p>Wie hei\u00dft diese Wahrheit?[\/vc_column_text][\/vc_column][vc_column width=&#8220;1\/2&#8243;][vc_column_text]\n<div id=\"attachment_3971\" style=\"width: 310px\" class=\"wp-caption aligncenter\"><img aria-describedby=\"caption-attachment-3971\" loading=\"lazy\" class=\"wp-image-3971 size-medium\" src=\"https:\/\/i2.wp.com\/yogajagat.com\/wp-content\/uploads\/2019\/08\/Bildschirmfoto-2019-04-04-um-14.11.12-300x150.png?resize=300%2C150\" alt=\"Unification of all life. Human DNA einheit vereinigung\" width=\"300\" height=\"150\" srcset=\"https:\/\/i1.wp.com\/yogajagat.com\/wp-content\/uploads\/2019\/08\/Bildschirmfoto-2019-04-04-um-14.11.12.png?resize=300%2C150&amp;ssl=1 300w, https:\/\/i1.wp.com\/yogajagat.com\/wp-content\/uploads\/2019\/08\/Bildschirmfoto-2019-04-04-um-14.11.12.png?resize=768%2C384&amp;ssl=1 768w, https:\/\/i1.wp.com\/yogajagat.com\/wp-content\/uploads\/2019\/08\/Bildschirmfoto-2019-04-04-um-14.11.12.png?resize=1024%2C512&amp;ssl=1 1024w, https:\/\/i1.wp.com\/yogajagat.com\/wp-content\/uploads\/2019\/08\/Bildschirmfoto-2019-04-04-um-14.11.12.png?w=1060&amp;ssl=1 1060w\" sizes=\"(max-width: 300px) 100vw, 300px\" data-recalc-dims=\"1\" \/><p id=\"caption-attachment-3971\" class=\"wp-caption-text\">Human DNA. Source: Internet<\/p><\/div>\n[\/vc_column_text][\/vc_column][\/vc_row][vc_row][vc_column][vc_custom_heading text=&#8220;Harmonische Gesamtheit&#8220; font_container=&#8220;tag:h2|text_align:center|color:%231d98b7&#8243; google_fonts=&#8220;font_family:Ubuntu%3A300%2C300italic%2Cregular%2Citalic%2C500%2C500italic%2C700%2C700italic|font_style:300%20light%20italic%3A300%3Aitalic&#8220;][\/vc_column][\/vc_row][vc_row][vc_column][vc_column_text]\n<hr \/>\n<p>&nbsp;<\/p>\n<p>Egal wie die Antwort lautet, irgendwo muss man anfangen.<\/p>\n<p>Es gibt viele Dinge beiseite zu legen und zu vereinigen, zu reinigen, sie loszuwerden, viele Dinge zu \u00f6ffnen und viele zu schlie\u00dfen. Es gibt viele <em>ja<\/em> und viele <em>nein, <\/em>die\u00a0entscheiden werden sollen.<\/p>\n<p>Ein wahres Wesen kann nur ans Licht kommen, wenn es mit seinem eigenen K\u00f6rper, seinen Sinnen und seinem eigenen Geist verbunden ist.[\/vc_column_text][\/vc_column][\/vc_row][vc_row][vc_column][vc_custom_heading text=&#8220;Das Wort Yoga&#8220; font_container=&#8220;tag:h2|text_align:center|color:%231d98b7&#8243; google_fonts=&#8220;font_family:Ubuntu%3A300%2C300italic%2Cregular%2Citalic%2C500%2C500italic%2C700%2C700italic|font_style:300%20light%20italic%3A300%3Aitalic&#8220;][\/vc_column][\/vc_row][vc_row][vc_column][vc_column_text]\n<hr \/>\n<p>&nbsp;<\/p>\n<p>\u2026 Hat seine Wurzeln im <em>Sanskrit<\/em>, einer der \u00e4ltesten Sprachen der Welt und der Sprache des Yoga.<\/p>\n<p>Es gibt viele Bedeutungen dieses Wortes.<\/p>\n<p><em>Wilson<\/em> beschreibt in seinem W\u00f6rterbuch (1832) das Wort YOGA mit 30 verschiedenen Bedeutungen, von denen einige:<\/p>\n<p>Kreuzung. Treffen.<br \/>\nReligi\u00f6se und abstrakte Meditation.<br \/>\nVereinigung mit einem h\u00f6chsten Wesen durch abstrakte Kontemplation.<br \/>\nDie Verbindung mit H\u00f6chstem Wessen durch abstrakte Betrachtung, abstraktes Nachdenken, Pr\u00e4dikat mit Subjekt, Qualit\u00e4t mit Materie. Folge. Das Ergebnis. Das Hauptziel oder Objekt einer Sache oder Handlung. (In der Astronomie).<br \/>\nDer Haupt- oder Leitstern eines Mondhauses.<br \/>\nDer siebenundzwanzigste Teil des 360 \u00b0 Kreises, gemessen in der Ebene der Ekliptik, und benutzt zur Berechnung des L\u00e4ngengrades von Sonne und Mond; Jeder Yoga hat einen anderen Namen. Astrologen z\u00e4hlen auch achtundzwanzig Yogis auf, die ansonsten achtundzwanzig Nakshatars oder Einteilungen auf dem Mondpfad entsprechen, jedoch abh\u00e4ngig vom Wochentag.<br \/>\nDie Periode, oder die Zeit in der die Summe der Bewegungen von Sonne und Mond ein Nakshatra ist, dessen mittlere Dauer 23 Stunden 47 Minuten 44 Sekunden betr\u00e4gt.<\/p>\n<p>&nbsp;<\/p>\n<p>In seinem W\u00f6rterbuch (1872) beschreibt<em> Monier-Villiams<\/em> Yoga mit \u00fcber 70 verschiedenen Bedeutungen.<br \/>\nEinige davon sind:<\/p>\n<p>das Verbinden von zwei Dingen, so dass sie sich zusammen bewegen k\u00f6nnen.<br \/>\nDie Handlung von Verbindung, B\u00e4ndigung, Vereinigung, Kontakt; Einspannen oder zusammensetzten (Pferde); das <strong>Joch\u00a0<\/strong>(\u00a0bezieht sich auch auf ein Joch, Ochsen oder Werkzeug, das verbindet und f\u00fchrt, verbindet, kontaktiert, bindet oder setzt, bei Pferden); \u00dcbernat\u00fcrliche Mittel, Charme, Instinkt, Zauber, Magie, magische Kunst, T\u00e4uschung, Kombination oder Konfiguration von Sternen, Sternbildern, Sterngruppe, Fixierung des Geistes an einem bestimmten Punkt und Halten des K\u00f6rpers in einer festen Position.[\/vc_column_text][\/vc_column][\/vc_row][vc_row][vc_column][vc_custom_heading text=&#8220;Als Grundwissenschaft der menschlich-kosmischen Kr\u00e4fte&#8220; font_container=&#8220;tag:h2|text_align:center|color:%231d98b7&#8243; google_fonts=&#8220;font_family:Ubuntu%3A300%2C300italic%2Cregular%2Citalic%2C500%2C500italic%2C700%2C700italic|font_style:300%20light%20italic%3A300%3Aitalic&#8220;][\/vc_column][\/vc_row][vc_row][vc_column][vc_column_text]\n<hr \/>\n<p>&nbsp;<\/p>\n<p>\u2026<em> Yoga<\/em> ist eine vollst\u00e4ndige und daher sehr komplexe Reise.<\/p>\n<p>In der Tat, es ist eine sehr anspruchsvolle Gymnastik f\u00fcr geistige und seelische Sch\u00f6nheit.<\/p>\n<p>Viele Menschen sind davon \u00fcberzeugt, dass materielle Dinge oder alles, was von au\u00dfen kommt, ihrem Herzen Gelassenheit und ihrem Geist Frieden bringen k\u00f6nnen. Aber, vor 5000 Jahren wussten die <em>Rishis<\/em> und <em>Maharishis<\/em>, die alten Weisen und Seher, wie man ihre eigenen Sinne beherrscht und sich mit sich selbst, mit anderen und mit der Natur in Einheit kommen k\u00f6nnen. Diese Einheit nennt man <em>Yoga<\/em>.<\/p>\n<p>Die erste Erw\u00e4hnung von Yoga findet sich im <em>Rig Veda<\/em>.[\/vc_column_text][\/vc_column][\/vc_row][vc_row][vc_column][vc_custom_heading text=&#8220;Der \u00e4lteste Traktat \u00fcber Yoga&#8220; font_container=&#8220;tag:h2|text_align:center|color:%231d98b7&#8243; google_fonts=&#8220;font_family:Ubuntu%3A300%2C300italic%2Cregular%2Citalic%2C500%2C500italic%2C700%2C700italic|font_style:300%20light%20italic%3A300%3Aitalic&#8220;][\/vc_column][\/vc_row][vc_row][vc_column][vc_column_text]\n<hr \/>\n<p>&nbsp;<\/p>\n<p>Der \u00e4lteste und expliziteste Traktat \u00fcber Yoga ist die <em>Katha Upanishad<\/em>, eine von 108 Upanishaden, der alten indischen Texten.<\/p>\n<p>Er sagt, dass:<\/p>\n<p>K\u00f6rper das Fahrzeug ist,<br \/>\nGedanken der Wagenlenker,<br \/>\nSinne die Pferde,<br \/>\nSinnesorgane Strassen,<br \/>\nGeist die Z\u00fcgel sind<br \/>\nund das Selbst ein Reisender (Seele) ist.<\/p>\n<p>Dies ist nur der \u00e4lteste Traktat \u00fcber Yoga. Was <em>Yoga<\/em> ist, ist schwer zu definieren.<\/p>\n<p>Aber die W\u00f6rter, die am besten (jedoch nicht vollst\u00e4ndig) die menschliche Gef\u00fchle, Erfahrungen, Ausspr\u00fcche, Studien und Mystik mit\u00a0h\u00f6heren Kr\u00e4ften vereinigen k\u00f6nnen, sind diese:<\/p>\n<p>&nbsp;<\/p>\n[\/vc_column_text][\/vc_column][\/vc_row][vc_row][vc_column][vc_column_text]\n<h3 style=\"text-align: center;\"><span style=\"color: #993300;\">Yoga ist die Einheit (Ganzwerdung, Vereinigung) des Menschen in K\u00f6rper, Sinnen, Geister und Seelen<\/span><\/h3>\n[\/vc_column_text][\/vc_column][\/vc_row]\n","protected":false},"excerpt":{"rendered":"<p>[vc_row][vc_column][vc_custom_heading text=&#8220;Letztlich, geht es um die Ganzwerdung, Einheit, Vereinigung&#8220; font_container=&#8220;tag:h2|text_align:center|color:%231d98b7&#8243; google_fonts=&#8220;font_family:Ubuntu%3A300%2C300italic%2Cregular%2Citalic%2C500%2C500italic%2C700%2C700italic|font_style:300%20light%20italic%3A300%3Aitalic&#8220;][\/vc_column][\/vc_row][vc_row][vc_column][vc_column_text]<\/p>\n<p>[\/vc_column_text][\/vc_column][\/vc_row][vc_row][vc_column width=&#8220;1\/2&#8243;][vc_column_text]<br \/>\nGibt es eine solche Erfahrung wie eine Ganzwerdung, Einheit, Vereinigung?<br \/>\nIst es nur eine Reihe von modischen Worten?<br \/>\nVereinen, mit wem? Geht es um die Vereinigung mit dem G\u00f6ttlichen?<br \/>\nWarum das alles?<br \/>\nK\u00f6nnen nur reine Herzen die Vereinigung erfahren?<br \/>\nWas ist mit Erleuchtung?<br \/>\nK\u00f6nnen wir ein Leben und ein Geist mit wahrer Wahrheit sein?<br \/>\nWie hei\u00dft diese Wahrheit?[\/vc_column_text][\/vc_column][vc_column width=&#8220;1\/2&#8243;][vc_column_text]<br \/>\n[\/vc_column_text][\/vc_column][\/vc_row][vc_row][vc_column][vc_custom_heading text=&#8220;Harmonische Gesamtheit&#8220; font_container=&#8220;tag:h2|text_align:center|color:%231d98b7&#8243; google_fonts=&#8220;font_family:Ubuntu%3A300%2C300italic%2Cregular%2Citalic%2C500%2C500italic%2C700%2C700italic|font_style:300%20light%20italic%3A300%3Aitalic&#8220;][\/vc_column][\/vc_row][vc_row][vc_column][vc_column_text]<\/p>\n<p>&nbsp;<br ...\n<\/p>\n","protected":false},"author":1,"featured_media":0,"parent":0,"menu_order":0,"comment_status":"open","ping_status":"open","template":"template-full-width.php","meta":{"_bbp_topic_count":0,"_bbp_reply_count":0,"_bbp_total_topic_count":0,"_bbp_total_reply_count":0,"_bbp_voice_count":0,"_bbp_anonymous_reply_count":0,"_bbp_topic_count_hidden":0,"_bbp_reply_count_hidden":0,"_bbp_forum_subforum_count":0,"inline_featured_image":false,"spay_email":""},"translation":{"provider":"WPGlobus","version":"3.0.1","language":"de","enabled_languages":["en","de","sr"],"languages":{"en":{"title":true,"content":true,"excerpt":false},"de":{"title":true,"content":true,"excerpt":false},"sr":{"title":true,"content":true,"excerpt":false}}},"yoast_head":"<!-- This site is optimized with the Yoast SEO plugin v18.3 - https:\/\/yoast.com\/wordpress\/plugins\/seo\/ -->\n<title>Einheit. Ganzwerdung. Vereinigung. Die menschliche DNA - Sch\u00f6nheit der Ver\u00e4nderung<\/title>\n<meta name=\"description\" content=\"Gibt es eine solche Erfahrung wie eine Ganzwerdung, Einheit, Vereinigung? Ist es nur eine Reihe von modischen Worten? Vereinigen, mit wem? Geht es um die...\" \/>\n<meta name=\"robots\" content=\"index, follow, max-snippet:-1, max-image-preview:large, max-video-preview:-1\" \/>\n<link rel=\"canonical\" href=\"https:\/\/yogajagat.com\/unification-or-becoming-a-whole\/\" \/>\n<meta name=\"twitter:label1\" content=\"Gesch\u00e4tzte Lesezeit\" \/>\n\t<meta name=\"twitter:data1\" content=\"14\u00a0Minuten\" \/>\n<script type=\"application\/ld+json\" class=\"yoast-schema-graph\">{\"@context\":\"https:\/\/schema.org\",\"@graph\":[{\"@type\":\"Organization\",\"@id\":\"https:\/\/yogajagat.com\/#organization\",\"name\":\"Yogajagat\",\"url\":\"https:\/\/yogajagat.com\/\",\"sameAs\":[],\"logo\":{\"@type\":\"ImageObject\",\"@id\":\"https:\/\/yogajagat.com\/#logo\",\"inLanguage\":\"de\",\"url\":\"https:\/\/i1.wp.com\/yogajagat.com\/wp-content\/uploads\/2019\/03\/DSC08478-Kopie-1.jpg?fit=798%2C800&ssl=1\",\"contentUrl\":\"https:\/\/i1.wp.com\/yogajagat.com\/wp-content\/uploads\/2019\/03\/DSC08478-Kopie-1.jpg?fit=798%2C800&ssl=1\",\"width\":798,\"height\":800,\"caption\":\"Yogajagat\"},\"image\":{\"@id\":\"https:\/\/yogajagat.com\/#logo\"}},{\"@type\":\"WebSite\",\"@id\":\"https:\/\/yogajagat.com\/#website\",\"url\":\"https:\/\/yogajagat.com\/\",\"name\":\"Sch\u00f6nheit der Ver\u00e4nderung\",\"description\":\"Mit st\u00e4ndiger Ver\u00e4nderung zum sch\u00f6nsten Lebenserfahrung\",\"publisher\":{\"@id\":\"https:\/\/yogajagat.com\/#organization\"},\"potentialAction\":[{\"@type\":\"SearchAction\",\"target\":{\"@type\":\"EntryPoint\",\"urlTemplate\":\"https:\/\/yogajagat.com\/?s={search_term_string}\"},\"query-input\":\"required name=search_term_string\"}],\"inLanguage\":\"de\"},{\"@type\":\"ImageObject\",\"@id\":\"https:\/\/yogajagat.com\/unification-or-becoming-a-whole\/#primaryimage\",\"inLanguage\":\"de\",\"url\":\"http:\/\/yogajagat.com\/wp-content\/uploads\/2019\/08\/Bildschirmfoto-2019-04-04-um-14.11.12-300x150.png\",\"contentUrl\":\"http:\/\/yogajagat.com\/wp-content\/uploads\/2019\/08\/Bildschirmfoto-2019-04-04-um-14.11.12-300x150.png\"},{\"@type\":\"WebPage\",\"@id\":\"https:\/\/yogajagat.com\/unification-or-becoming-a-whole\/#webpage\",\"url\":\"https:\/\/yogajagat.com\/unification-or-becoming-a-whole\/\",\"name\":\"Einheit. Ganzwerdung. Vereinigung. Die menschliche DNA - Sch\u00f6nheit der Ver\u00e4nderung\",\"isPartOf\":{\"@id\":\"https:\/\/yogajagat.com\/#website\"},\"primaryImageOfPage\":{\"@id\":\"https:\/\/yogajagat.com\/unification-or-becoming-a-whole\/#primaryimage\"},\"datePublished\":\"2015-01-17T10:30:45+00:00\",\"dateModified\":\"2020-03-03T18:16:22+00:00\",\"description\":\"Gibt es eine solche Erfahrung wie eine Ganzwerdung, Einheit, Vereinigung? Ist es nur eine Reihe von modischen Worten? Vereinigen, mit wem? Geht es um die...\",\"breadcrumb\":{\"@id\":\"https:\/\/yogajagat.com\/unification-or-becoming-a-whole\/#breadcrumb\"},\"inLanguage\":\"de\",\"potentialAction\":[{\"@type\":\"ReadAction\",\"target\":[\"https:\/\/yogajagat.com\/unification-or-becoming-a-whole\/\"]}]},{\"@type\":\"BreadcrumbList\",\"@id\":\"https:\/\/yogajagat.com\/unification-or-becoming-a-whole\/#breadcrumb\",\"itemListElement\":[{\"@type\":\"ListItem\",\"position\":1,\"name\":\"Home\",\"item\":\"https:\/\/yogajagat.com\/sr\/\"},{\"@type\":\"ListItem\",\"position\":2,\"name\":\"Unification or Becoming a Whole\"}]}]}<\/script>\n<!-- \/ Yoast SEO plugin. -->","yoast_head_json":{"title":"Einheit. Ganzwerdung. Vereinigung. Die menschliche DNA - Sch\u00f6nheit der Ver\u00e4nderung","description":"Gibt es eine solche Erfahrung wie eine Ganzwerdung, Einheit, Vereinigung? Ist es nur eine Reihe von modischen Worten? Vereinigen, mit wem? Geht es um die...","robots":{"index":"index","follow":"follow","max-snippet":"max-snippet:-1","max-image-preview":"max-image-preview:large","max-video-preview":"max-video-preview:-1"},"canonical":"https:\/\/yogajagat.com\/unification-or-becoming-a-whole\/","twitter_misc":{"Gesch\u00e4tzte Lesezeit":"14\u00a0Minuten"},"schema":{"@context":"https:\/\/schema.org","@graph":[{"@type":"Organization","@id":"https:\/\/yogajagat.com\/#organization","name":"Yogajagat","url":"https:\/\/yogajagat.com\/","sameAs":[],"logo":{"@type":"ImageObject","@id":"https:\/\/yogajagat.com\/#logo","inLanguage":"de","url":"https:\/\/i1.wp.com\/yogajagat.com\/wp-content\/uploads\/2019\/03\/DSC08478-Kopie-1.jpg?fit=798%2C800&ssl=1","contentUrl":"https:\/\/i1.wp.com\/yogajagat.com\/wp-content\/uploads\/2019\/03\/DSC08478-Kopie-1.jpg?fit=798%2C800&ssl=1","width":798,"height":800,"caption":"Yogajagat"},"image":{"@id":"https:\/\/yogajagat.com\/#logo"}},{"@type":"WebSite","@id":"https:\/\/yogajagat.com\/#website","url":"https:\/\/yogajagat.com\/","name":"Sch\u00f6nheit der Ver\u00e4nderung","description":"Mit st\u00e4ndiger Ver\u00e4nderung zum sch\u00f6nsten Lebenserfahrung","publisher":{"@id":"https:\/\/yogajagat.com\/#organization"},"potentialAction":[{"@type":"SearchAction","target":{"@type":"EntryPoint","urlTemplate":"https:\/\/yogajagat.com\/?s={search_term_string}"},"query-input":"required name=search_term_string"}],"inLanguage":"de"},{"@type":"ImageObject","@id":"https:\/\/yogajagat.com\/unification-or-becoming-a-whole\/#primaryimage","inLanguage":"de","url":"http:\/\/yogajagat.com\/wp-content\/uploads\/2019\/08\/Bildschirmfoto-2019-04-04-um-14.11.12-300x150.png","contentUrl":"http:\/\/yogajagat.com\/wp-content\/uploads\/2019\/08\/Bildschirmfoto-2019-04-04-um-14.11.12-300x150.png"},{"@type":"WebPage","@id":"https:\/\/yogajagat.com\/unification-or-becoming-a-whole\/#webpage","url":"https:\/\/yogajagat.com\/unification-or-becoming-a-whole\/","name":"Einheit. Ganzwerdung. Vereinigung. Die menschliche DNA - Sch\u00f6nheit der Ver\u00e4nderung","isPartOf":{"@id":"https:\/\/yogajagat.com\/#website"},"primaryImageOfPage":{"@id":"https:\/\/yogajagat.com\/unification-or-becoming-a-whole\/#primaryimage"},"datePublished":"2015-01-17T10:30:45+00:00","dateModified":"2020-03-03T18:16:22+00:00","description":"Gibt es eine solche Erfahrung wie eine Ganzwerdung, Einheit, Vereinigung? Ist es nur eine Reihe von modischen Worten? Vereinigen, mit wem? Geht es um die...","breadcrumb":{"@id":"https:\/\/yogajagat.com\/unification-or-becoming-a-whole\/#breadcrumb"},"inLanguage":"de","potentialAction":[{"@type":"ReadAction","target":["https:\/\/yogajagat.com\/unification-or-becoming-a-whole\/"]}]},{"@type":"BreadcrumbList","@id":"https:\/\/yogajagat.com\/unification-or-becoming-a-whole\/#breadcrumb","itemListElement":[{"@type":"ListItem","position":1,"name":"Home","item":"https:\/\/yogajagat.com\/sr\/"},{"@type":"ListItem","position":2,"name":"Unification or Becoming a Whole"}]}]}},"_links":{"self":[{"href":"https:\/\/yogajagat.com\/de\/wp-json\/wp\/v2\/pages\/300"}],"collection":[{"href":"https:\/\/yogajagat.com\/de\/wp-json\/wp\/v2\/pages"}],"about":[{"href":"https:\/\/yogajagat.com\/de\/wp-json\/wp\/v2\/types\/page"}],"author":[{"embeddable":true,"href":"https:\/\/yogajagat.com\/de\/wp-json\/wp\/v2\/users\/1"}],"replies":[{"embeddable":true,"href":"https:\/\/yogajagat.com\/de\/wp-json\/wp\/v2\/comments?post=300"}],"version-history":[{"count":112,"href":"https:\/\/yogajagat.com\/de\/wp-json\/wp\/v2\/pages\/300\/revisions"}],"predecessor-version":[{"id":5625,"href":"https:\/\/yogajagat.com\/de\/wp-json\/wp\/v2\/pages\/300\/revisions\/5625"}],"wp:attachment":[{"href":"https:\/\/yogajagat.com\/de\/wp-json\/wp\/v2\/media?parent=300"}],"curies":[{"name":"wp","href":"https:\/\/api.w.org\/{rel}","templated":true}]}}