{"id":2825,"date":"2019-04-09T14:27:30","date_gmt":"2019-04-09T13:27:30","guid":{"rendered":"http:\/\/yogajagat.com\/?page_id=2825"},"modified":"2021-02-15T17:25:54","modified_gmt":"2021-02-15T16:25:54","slug":"lika-holzem-yoga-world-of-teaching","status":"publish","type":"page","link":"https:\/\/yogajagat.com\/de\/aus-der-welt-des-yoga-lehrens\/","title":{"rendered":"Aus der Welt des Yoga Lehrens"},"content":{"rendered":"[vc_row][vc_column][vc_column_text]\n<h4 style=\"text-align: center;\"><span style=\"color: #800080;\">HINTER DER WEBSEITE<\/span><\/h4>\n<h3 style=\"text-align: center;\"><span style=\"color: #993300;\">Aus der Welt des Yoga Lehrens<\/span><\/h3>\n<hr \/>\n<p>&nbsp;<\/p>\n<p>Das Jahr 2020 ist das 10. Jahr meines Lehrens von Yoga- Techniken und -Wissenschaften. Der j\u00fcngste meiner Sch\u00fcler war 7 \u00a0Jahre alt und der \u00e4lteste war eine 83-j\u00e4hrige Seniorin. Meine Unterrichtserfahrung umfasst auch f\u00fcnf Jahre regul\u00e4ren Seniorenunterricht und etwas k\u00fcrzere Erfahrung im Unterrichten von Schulkindern.<\/p>\n<p>Die erwachsenen Studenten waren aller Art von Berufen, Putzfrauen, Psychotherapeutin, B\u00e4cker, Psychologe, Juristin, K\u00fcnstler, Universit\u00e4tsprofessoren, Hausfrauen, Studenten und viele, viele mehr, und von allen m\u00f6glichen K\u00f6rperkonstitutionen und K\u00f6rpergewichten, da Praktizieren von Yoga kein Praktizieren nur f\u00fcr schlanke und gut aussehende muskul\u00f6se K\u00f6rper ist.<\/p>\n<p>Bis heute habe ich manchmal an einem einzigen Tag vier Stunden in zwei verschiedenen St\u00e4dten und an drei verschiedenen Orten (in Deutschland) unterrichtet, an den anderen Tagen habe ich nur eine Stunde pro Tag unterrichtet und manchmal hatte ich (wir) eine Pause von ein paar Monate, in denen ich in der Natur gelebt habe und alleine praktiziert habe.<\/p>\n<p>In den letzten Jahren des Unterrichts, was Hunderte von Unterrichtsstunden bedeutet, habe ich mich jedem einzelnen Problem, das meine Sch\u00fcler mit sich gebracht haben, gewidmet, und versucht ihnen mit meinem ganzen Herzen, meiner Erfahrung und meinem besten Wissen zu helfen.<\/p>\n<p>Dies wird heute als Yogatherapie bezeichnet.<\/p>\n<p>Mehrere schwangere Praktizierende wurden von mir bis zu verschiedenen Stadien ihrer Schwangerschaft gef\u00fchrt, eine liebe schwangere Sch\u00fclerin sogar bis wenige Wochen vor der Geburt. Mit solch einer pers\u00f6nlichen Mentalit\u00e4t habe ich Tage und Jahre damit verbracht, mich mit allen m\u00f6glichen menschlichen Problemen zu besch\u00e4ftigen sei es Asthma, Augenkrankheiten, Diabetes, Bluthochdruck, schlechte Immunit\u00e4t, Bandscheibenvorfall, Knie oder anderen Operationen&#8230; bis hin zu Krebserkrankungen, oder einen extrem unruhigen und \u00e4ngstlichen Geist zu haben (der letzte ist tief mit dem Ziel verbunden, die W\u00fcnsche zu befriedigen die gr\u00f6\u00dftenteils nicht realisierbar sind. Niemand kann anderen wirklich dabei helfen, es ist eine Arbeit an sich selbst. Au\u00dferdem niemand kann niemandem helfen, wenn er sich nicht selbst helfen will).<\/p>\n<p>Ich mache keinen Unterschied zwischen Menschen, die zu meinen Stunden kommen, aber es ist mir wichtig zu sagen, dass Menschen, die gegen wirklich schweren Krankheiten wie Multiple Sklerose oder Krebs k\u00e4mpfen, die optimistischsten und inspirierendsten Menschen sind. Sie w\u00e4rmen mein Herz besonders.<\/p>\n<p>Im Laufe der Zeit hat sich meine eigene Praxis auf nat\u00fcrliche und spontane Weise zu einer reinen Hingabe an diejenigen entwickelt, die ich unterrichtete. Nicht nur meine alte Atmung, was ungew\u00f6hnlich langsam war,\u00a0hat sich ver\u00e4ndert, sondern ich habe auch die Regelm\u00e4\u00dfigkeit meiner eigenen Praxis verloren.<\/p>\n<p>Die Tat, am Ende eines jeden Tages f\u00fcr andere n\u00fctzlich zu sein, war schon immer und wird immer das sch\u00f6nste Geschenk sein, das der Mensch haben k\u00f6nnte. Ich empfehle euch jedoch, die Regelm\u00e4\u00dfigkeit eurer eigenen Praxis niemals zu vernachl\u00e4ssigen.<\/p>\n[\/vc_column_text][\/vc_column][\/vc_row][vc_row][vc_column][vc_column_text]<img loading=\"lazy\" class=\"aligncenter wp-image-5345 size-medium\" src=\"https:\/\/i2.wp.com\/yogajagat.com\/wp-content\/uploads\/2020\/02\/DSC09441-Kopie-300x192.jpg?resize=300%2C192\" alt=\"welt des yoga lehrens\" width=\"300\" height=\"192\" srcset=\"https:\/\/i2.wp.com\/yogajagat.com\/wp-content\/uploads\/2020\/02\/DSC09441-Kopie.jpg?resize=300%2C192&amp;ssl=1 300w, https:\/\/i2.wp.com\/yogajagat.com\/wp-content\/uploads\/2020\/02\/DSC09441-Kopie.jpg?w=640&amp;ssl=1 640w\" sizes=\"(max-width: 300px) 100vw, 300px\" data-recalc-dims=\"1\" \/>[\/vc_column_text][\/vc_column][\/vc_row]\n","protected":false},"excerpt":{"rendered":"<p>[vc_row][vc_column][vc_column_text]<br \/>\nHINTER DER WEBSEITE<br \/>\nAus der Welt des Yoga Lehrens<\/p>\n<p>&nbsp;<br \/>\nDas Jahr 2020 ist das 10. Jahr meines Lehrens von Yoga- Techniken und -Wissenschaften. Der j\u00fcngste meiner Sch\u00fcler war 7 \u00a0Jahre alt und der \u00e4lteste war eine 83-j\u00e4hrige Seniorin. Meine Unterrichtserfahrung umfasst auch f\u00fcnf Jahre regul\u00e4ren Seniorenunterricht und etwas k\u00fcrzere Erfahrung im Unterrichten von Schulkindern.<br \/>\nDie erwachsenen Studenten waren aller Art von Berufen, Putzfrauen, Psychotherapeutin, B\u00e4cker, Psychologe, Juristin, K\u00fcnstler, Universit\u00e4tsprofessoren, Hausfrauen, Studenten und viele, viele mehr, und von &#8230;<\/p>\n","protected":false},"author":1,"featured_media":0,"parent":0,"menu_order":0,"comment_status":"closed","ping_status":"closed","template":"template-full-width.php","meta":{"_bbp_topic_count":0,"_bbp_reply_count":0,"_bbp_total_topic_count":0,"_bbp_total_reply_count":0,"_bbp_voice_count":0,"_bbp_anonymous_reply_count":0,"_bbp_topic_count_hidden":0,"_bbp_reply_count_hidden":0,"_bbp_forum_subforum_count":0,"inline_featured_image":false,"spay_email":""},"translation":{"provider":"WPGlobus","version":"3.0.1","language":"de","enabled_languages":["en","de","sr"],"languages":{"en":{"title":true,"content":true,"excerpt":false},"de":{"title":true,"content":true,"excerpt":false},"sr":{"title":true,"content":true,"excerpt":false}}},"yoast_head":"<!-- This site is optimized with the Yoast SEO plugin v18.3 - https:\/\/yoast.com\/wordpress\/plugins\/seo\/ -->\n<title>Aus der Welt des Yoga Lehrens - Sch\u00f6nheit der Ver\u00e4nderung<\/title>\n<meta name=\"description\" content=\"Aus der Welt des Yoga Lehrens...\" \/>\n<meta name=\"robots\" content=\"index, follow, max-snippet:-1, max-image-preview:large, max-video-preview:-1\" \/>\n<link rel=\"canonical\" href=\"https:\/\/yogajagat.com\/lika-holzem-yoga-world-of-teaching\/\" \/>\n<meta name=\"twitter:label1\" content=\"Gesch\u00e4tzte Lesezeit\" \/>\n\t<meta name=\"twitter:data1\" content=\"3\u00a0Minuten\" \/>\n<script type=\"application\/ld+json\" class=\"yoast-schema-graph\">{\"@context\":\"https:\/\/schema.org\",\"@graph\":[{\"@type\":\"Organization\",\"@id\":\"https:\/\/yogajagat.com\/#organization\",\"name\":\"Yogajagat\",\"url\":\"https:\/\/yogajagat.com\/\",\"sameAs\":[],\"logo\":{\"@type\":\"ImageObject\",\"@id\":\"https:\/\/yogajagat.com\/#logo\",\"inLanguage\":\"de\",\"url\":\"https:\/\/i1.wp.com\/yogajagat.com\/wp-content\/uploads\/2019\/03\/DSC08478-Kopie-1.jpg?fit=798%2C800&ssl=1\",\"contentUrl\":\"https:\/\/i1.wp.com\/yogajagat.com\/wp-content\/uploads\/2019\/03\/DSC08478-Kopie-1.jpg?fit=798%2C800&ssl=1\",\"width\":798,\"height\":800,\"caption\":\"Yogajagat\"},\"image\":{\"@id\":\"https:\/\/yogajagat.com\/#logo\"}},{\"@type\":\"WebSite\",\"@id\":\"https:\/\/yogajagat.com\/#website\",\"url\":\"https:\/\/yogajagat.com\/\",\"name\":\"Sch\u00f6nheit der Ver\u00e4nderung\",\"description\":\"Mit st\u00e4ndiger Ver\u00e4nderung zum sch\u00f6nsten Lebenserfahrung\",\"publisher\":{\"@id\":\"https:\/\/yogajagat.com\/#organization\"},\"potentialAction\":[{\"@type\":\"SearchAction\",\"target\":{\"@type\":\"EntryPoint\",\"urlTemplate\":\"https:\/\/yogajagat.com\/?s={search_term_string}\"},\"query-input\":\"required name=search_term_string\"}],\"inLanguage\":\"de\"},{\"@type\":\"ImageObject\",\"@id\":\"https:\/\/yogajagat.com\/lika-holzem-yoga-world-of-teaching\/#primaryimage\",\"inLanguage\":\"de\",\"url\":\"http:\/\/yogajagat.com\/wp-content\/uploads\/2020\/02\/DSC05473.jpg-1-1024x768-1.jpg\",\"contentUrl\":\"http:\/\/yogajagat.com\/wp-content\/uploads\/2020\/02\/DSC05473.jpg-1-1024x768-1.jpg\"},{\"@type\":\"WebPage\",\"@id\":\"https:\/\/yogajagat.com\/lika-holzem-yoga-world-of-teaching\/#webpage\",\"url\":\"https:\/\/yogajagat.com\/lika-holzem-yoga-world-of-teaching\/\",\"name\":\"Aus der Welt des Yoga Lehrens - Sch\u00f6nheit der Ver\u00e4nderung\",\"isPartOf\":{\"@id\":\"https:\/\/yogajagat.com\/#website\"},\"primaryImageOfPage\":{\"@id\":\"https:\/\/yogajagat.com\/lika-holzem-yoga-world-of-teaching\/#primaryimage\"},\"datePublished\":\"2019-04-09T13:27:30+00:00\",\"dateModified\":\"2021-02-15T16:25:54+00:00\",\"description\":\"Aus der Welt des Yoga Lehrens...\",\"breadcrumb\":{\"@id\":\"https:\/\/yogajagat.com\/lika-holzem-yoga-world-of-teaching\/#breadcrumb\"},\"inLanguage\":\"de\",\"potentialAction\":[{\"@type\":\"ReadAction\",\"target\":[\"https:\/\/yogajagat.com\/lika-holzem-yoga-world-of-teaching\/\"]}]},{\"@type\":\"BreadcrumbList\",\"@id\":\"https:\/\/yogajagat.com\/lika-holzem-yoga-world-of-teaching\/#breadcrumb\",\"itemListElement\":[{\"@type\":\"ListItem\",\"position\":1,\"name\":\"Home\",\"item\":\"https:\/\/yogajagat.com\/sr\/\"},{\"@type\":\"ListItem\",\"position\":2,\"name\":\"From The World Of Yoga Teaching\"}]}]}<\/script>\n<!-- \/ Yoast SEO plugin. -->","yoast_head_json":{"title":"Aus der Welt des Yoga Lehrens - Sch\u00f6nheit der Ver\u00e4nderung","description":"Aus der Welt des Yoga Lehrens...","robots":{"index":"index","follow":"follow","max-snippet":"max-snippet:-1","max-image-preview":"max-image-preview:large","max-video-preview":"max-video-preview:-1"},"canonical":"https:\/\/yogajagat.com\/lika-holzem-yoga-world-of-teaching\/","twitter_misc":{"Gesch\u00e4tzte Lesezeit":"3\u00a0Minuten"},"schema":{"@context":"https:\/\/schema.org","@graph":[{"@type":"Organization","@id":"https:\/\/yogajagat.com\/#organization","name":"Yogajagat","url":"https:\/\/yogajagat.com\/","sameAs":[],"logo":{"@type":"ImageObject","@id":"https:\/\/yogajagat.com\/#logo","inLanguage":"de","url":"https:\/\/i1.wp.com\/yogajagat.com\/wp-content\/uploads\/2019\/03\/DSC08478-Kopie-1.jpg?fit=798%2C800&ssl=1","contentUrl":"https:\/\/i1.wp.com\/yogajagat.com\/wp-content\/uploads\/2019\/03\/DSC08478-Kopie-1.jpg?fit=798%2C800&ssl=1","width":798,"height":800,"caption":"Yogajagat"},"image":{"@id":"https:\/\/yogajagat.com\/#logo"}},{"@type":"WebSite","@id":"https:\/\/yogajagat.com\/#website","url":"https:\/\/yogajagat.com\/","name":"Sch\u00f6nheit der Ver\u00e4nderung","description":"Mit st\u00e4ndiger Ver\u00e4nderung zum sch\u00f6nsten Lebenserfahrung","publisher":{"@id":"https:\/\/yogajagat.com\/#organization"},"potentialAction":[{"@type":"SearchAction","target":{"@type":"EntryPoint","urlTemplate":"https:\/\/yogajagat.com\/?s={search_term_string}"},"query-input":"required name=search_term_string"}],"inLanguage":"de"},{"@type":"ImageObject","@id":"https:\/\/yogajagat.com\/lika-holzem-yoga-world-of-teaching\/#primaryimage","inLanguage":"de","url":"http:\/\/yogajagat.com\/wp-content\/uploads\/2020\/02\/DSC05473.jpg-1-1024x768-1.jpg","contentUrl":"http:\/\/yogajagat.com\/wp-content\/uploads\/2020\/02\/DSC05473.jpg-1-1024x768-1.jpg"},{"@type":"WebPage","@id":"https:\/\/yogajagat.com\/lika-holzem-yoga-world-of-teaching\/#webpage","url":"https:\/\/yogajagat.com\/lika-holzem-yoga-world-of-teaching\/","name":"Aus der Welt des Yoga Lehrens - Sch\u00f6nheit der Ver\u00e4nderung","isPartOf":{"@id":"https:\/\/yogajagat.com\/#website"},"primaryImageOfPage":{"@id":"https:\/\/yogajagat.com\/lika-holzem-yoga-world-of-teaching\/#primaryimage"},"datePublished":"2019-04-09T13:27:30+00:00","dateModified":"2021-02-15T16:25:54+00:00","description":"Aus der Welt des Yoga Lehrens...","breadcrumb":{"@id":"https:\/\/yogajagat.com\/lika-holzem-yoga-world-of-teaching\/#breadcrumb"},"inLanguage":"de","potentialAction":[{"@type":"ReadAction","target":["https:\/\/yogajagat.com\/lika-holzem-yoga-world-of-teaching\/"]}]},{"@type":"BreadcrumbList","@id":"https:\/\/yogajagat.com\/lika-holzem-yoga-world-of-teaching\/#breadcrumb","itemListElement":[{"@type":"ListItem","position":1,"name":"Home","item":"https:\/\/yogajagat.com\/sr\/"},{"@type":"ListItem","position":2,"name":"From The World Of Yoga Teaching"}]}]}},"_links":{"self":[{"href":"https:\/\/yogajagat.com\/de\/wp-json\/wp\/v2\/pages\/2825"}],"collection":[{"href":"https:\/\/yogajagat.com\/de\/wp-json\/wp\/v2\/pages"}],"about":[{"href":"https:\/\/yogajagat.com\/de\/wp-json\/wp\/v2\/types\/page"}],"author":[{"embeddable":true,"href":"https:\/\/yogajagat.com\/de\/wp-json\/wp\/v2\/users\/1"}],"replies":[{"embeddable":true,"href":"https:\/\/yogajagat.com\/de\/wp-json\/wp\/v2\/comments?post=2825"}],"version-history":[{"count":26,"href":"https:\/\/yogajagat.com\/de\/wp-json\/wp\/v2\/pages\/2825\/revisions"}],"predecessor-version":[{"id":6022,"href":"https:\/\/yogajagat.com\/de\/wp-json\/wp\/v2\/pages\/2825\/revisions\/6022"}],"wp:attachment":[{"href":"https:\/\/yogajagat.com\/de\/wp-json\/wp\/v2\/media?parent=2825"}],"curies":[{"name":"wp","href":"https:\/\/api.w.org\/{rel}","templated":true}]}}