{"id":2586,"date":"2019-03-08T22:07:00","date_gmt":"2019-03-08T21:07:00","guid":{"rendered":"http:\/\/yogajagat.com\/?page_id=2586"},"modified":"2020-06-17T12:53:20","modified_gmt":"2020-06-17T10:53:20","slug":"thinking-reasoning-insight","status":"publish","type":"page","link":"https:\/\/yogajagat.com\/de\/nachdenken-logisches-denken-einsicht\/","title":{"rendered":"Nachdenken, logisches Denken, Einsicht"},"content":{"rendered":"[vc_row][vc_column][vc_custom_heading text=&#8220;St\u00e4rkung des Geistes und der Herzenskraft&#8220; font_container=&#8220;tag:h2|text_align:center|color:%231ba2b7&#8243; google_fonts=&#8220;font_family:Ubuntu%3A300%2C300italic%2Cregular%2Citalic%2C500%2C500italic%2C700%2C700italic|font_style:300%20light%20italic%3A300%3Aitalic&#8220;][\/vc_column][\/vc_row][vc_row][vc_column][vc_column_text]\n<h3><\/h3>\n<h3 style=\"text-align: center;\"><span style=\"color: #993300;\">NACHDENKEN, LOGISCHES DENKEN, EINSICHT\u00a0<\/span><\/h3>\n<hr \/>\n<p>&nbsp;<\/p>\n<p>Jeder wird mit seiner eigenen Natur geboren. Nicht einmal eineiige Zwillinge, oder die menschlichen Ph\u00e4nomene Abigail und Brittany Hensel, zwei Menschen mit zwei Gehirnen und zwei Herzen in einem K\u00f6rper, haben eine v\u00f6llig identische Natur. Die Natur des Menschen kann nicht leicht ver\u00e4ndert werden, wenn \u00fcberhaupt.<\/p>\n<p>Es gibt auch keinen Grund, sich zu \u00e4ndern. Jeder Mann ist ein reiner Schatz, nur er wei\u00df es nicht.<\/p>\n<p>Jeder Schatz in einem Menschen kann erkannt und gepflegt werden, damit das Leiden des Menschen so weit wie m\u00f6glich gelindert werden kann. Jeder kann sich innerlich und \u00e4u\u00dferlich vereinen.<br \/>\nEs ist nicht schwer, den Weg zu erkennen. Man muss nur ganz ehrlich zu sich selbst sein. Man muss auch aufh\u00f6ren zu denken, dass man etwas ist, was man nicht ist. Stille und Einsamkeit f\u00fchren zu dieser Aufrichtigkeit.<\/p>\n<p>Fruchtbares Nachdenken und logisches Denken bringen eine tiefe Einsicht. Diesen Geistreichtum schafft der Mensch nur in Stille und Zur\u00fcckgezogenheit.[\/vc_column_text][\/vc_column][\/vc_row][vc_row][vc_column][vc_custom_heading text=&#8220;Die Botschaft aus der alten Zeit&#8220; font_container=&#8220;tag:h2|text_align:center|color:%231ba2b7&#8243; google_fonts=&#8220;font_family:Ubuntu%3A300%2C300italic%2Cregular%2Citalic%2C500%2C500italic%2C700%2C700italic|font_style:300%20light%20italic%3A300%3Aitalic&#8220;][\/vc_column][\/vc_row][vc_row][vc_column][vc_column_text]\n<hr \/>\n<p>&nbsp;<\/p>\n<p>Die \u00e4ltesten erhaltenen spirituellen Texte sind indische Schriften.<\/p>\n<p>Sie sprechen \u00fcber <a href=\"https:\/\/yogajagat.com\/de\/einheit-ganzwerdung-vereinigung-die-menschliche-dna\/\"><span style=\"color: #993300;\">Yoga <\/span><\/a>(Vereinigung) und das gesamte Leben eines Menschen. Sie sprechen auch dar\u00fcber, wie man ein K\u00f6nig wird, ohne H\u00e4user und Autos zu besitzen.<\/p>\n<p>Eine Person, die tief nachdenkt und argumentiert, wird <em>Raja Yogi<\/em> genannt. Ihr werdet jetzt vielleicht \u00fcberrascht sein, wie jemand als <em>Yogi<\/em> bezeichnet werden kann, wenn ihm\u00a0weder eine Plastikmatte stolz aus seinem Rucksack herausragt, noch hat er das Geld, um, sehr oft, \u00fcberteurere Yoga-Kurse zu bezahlen.<\/p>\n[\/vc_column_text][\/vc_column][\/vc_row][vc_row][vc_column][vc_custom_heading text=&#8220;Raja Yogi&#8220; font_container=&#8220;tag:h2|text_align:center|color:%231ba2b7&#8243; google_fonts=&#8220;font_family:Ubuntu%3A300%2C300italic%2Cregular%2Citalic%2C500%2C500italic%2C700%2C700italic|font_style:300%20light%20italic%3A300%3Aitalic&#8220;][\/vc_column][\/vc_row][vc_row][vc_column][vc_column_text]\n<hr \/>\n<p>&nbsp;<\/p>\n<p>Eine der Arten (der Natur) des Lebens ist die Art zu denken und zu argumentieren oder logisch zu denken. Wenn es stark und genug geerdet wird, f\u00fchrt dieser Weg zu einem klaren Einblick in das &#8222;Etwas dahinter&#8220;. <em>Reine Einsicht<\/em> unterscheidet zwischen dem, was wahr und was falsch ist.<\/p>\n<p><em>Raja<\/em> bedeutet w\u00f6rtlich K\u00f6nig.<\/p>\n<p>Der Weg eines K\u00f6nigs ohne Geld und Eigentum ist ein Weg des unerm\u00fcdlichen Denkens und der gro\u00dfen Toleranz gegen\u00fcber den eigenen Gedanken, wie auch den Gedanken und der Denkweise anderer Menschen. Diese K\u00f6nige haben anstelle des materiellen Besitzes einen offenen Geist und eine gro\u00dfe Spiritualit\u00e4t. Spiritualit\u00e4t bedeutet nicht, an Gott zu glauben. Und ein offener Geist ist wirklich offen.<\/p>\n<p>&nbsp;<\/p>\n<p>Jeder Mann kann ein K\u00f6nig oder ein Raja Yogi sein. Wenn seine Natur mehr Nachdenken und logisches Denken sind, und wenn ein Mensch M\u00fche in seinen eigenen Weg investiert, wird er seinen Geist und Herz fehlerlos st\u00e4rken. Dies ist jedoch nur mit gro\u00dfer und ehrlicher Selbstkontrolle m\u00f6glich.<\/p>\n<p><em>Selbstkontrolle ist kein Modedetail, sondern ein Weg disziplinierter, innerer Entsagung und starken Willens.<\/em><\/p>\n<p><em>Raja Yoga<\/em> ist die Vereinigung nicht nur von &#8222;K\u00f6rper, Geist und Seele&#8220; (eine\u00a0Definition und die Worte, die sowieso keiner versteht), sondern die Vereinigung, auf die sich der urspr\u00fcngliche Yoga bezieht, und das ist die Einheit der menschlichen Seele mit einer h\u00f6heren Seele, der Seele des Universums, mit etwas was viel wertvoller ist als unsere allt\u00e4gliche <em>Erledigung <\/em>der allt\u00e4glichen Aufgaben.<\/p>\n[\/vc_column_text][\/vc_column][\/vc_row][vc_row][vc_column][vc_custom_heading text=&#8220;Raja Yoga&#8220; font_container=&#8220;tag:h2|text_align:center|color:%231ba2b7&#8243; google_fonts=&#8220;font_family:Ubuntu%3A300%2C300italic%2Cregular%2Citalic%2C500%2C500italic%2C700%2C700italic|font_style:300%20light%20italic%3A300%3Aitalic&#8220;][\/vc_column][\/vc_row][vc_row][vc_column][vc_column_text]\n<hr \/>\n<p>&nbsp;<\/p>\n<p>\u2026 Ist der Yoga des Geistes. Andere Namen sind klassischer Yoga, Patanjali Yoga, Yoga der Meditation oder f\u00fcr die Informierten: Yoga. Yoga ist unter anderem eine der sechs indischen Philosophien.<\/p>\n<p>Patanjali ist ein indischer Weiser, \u00fcber den nur sehr wenig bekannt ist und der die Yoga Sutras verfasst haben soll. Yoga Sutras sind weise, detaillierte und sehr pr\u00e4zise Gedanken \u00fcber seinen und die Erfahrungen anderer indischer Weiser, die noch einige Jahrhunderte vor ihm lebten.<\/p>\n<p>Diese Erfahrungen (<em>Sutras- <\/em>&#8222;F\u00e4den&#8220;) wurden m\u00fcndlich weitergegeben.<\/p>\n<p>Niemand wei\u00df genau, wann dieser Text geschrieben wurde. Es gibt verschiedene Behauptungen bez\u00fcglich des Erstellungsdatums dieses Textes, ab 400 v. bis zum Jahr 400 n. Chr.<\/p>\n<p>Die<em> Encyclopedia of Indian Philosophies<\/em> von Gerald James Larson und Ram Shankar Bhattacharya (<a href=\"https:\/\/www.abebooks.com\/9788120833494\/Encyclopedia-Indian-Philosophies-Vol-Yoga-812083349X\/plp\"><span style=\"color: #993300;\">Encyclopedia of Indian Philosophies<\/span><\/a>, Vol. XII; Yoga:\u00a0Yoga India&#8217;s Philosophy of Meditation) besagt, dass der Text zu Beginn unserer \u00c4ra, zwischen 350 und 450 n. Chr. geschrieben wurde.<\/p>\n<p>Indessen, das Yoga Sutra ist das<span style=\"color: #993300;\"> Fundament der Yoga-Tradition<\/span>.<\/p>\n[\/vc_column_text][\/vc_column][\/vc_row][vc_row][vc_column][vc_column_text]<img loading=\"lazy\" class=\"aligncenter size-full wp-image-5240\" src=\"https:\/\/i0.wp.com\/yogajagat.com\/wp-content\/uploads\/2020\/02\/IMG_7603-768x1024-1.jpg?resize=480%2C640\" alt=\"Nachdenken, logisches Denken, die Einsicht\" width=\"480\" height=\"640\" srcset=\"https:\/\/i0.wp.com\/yogajagat.com\/wp-content\/uploads\/2020\/02\/IMG_7603-768x1024-1.jpg?w=480&amp;ssl=1 480w, https:\/\/i0.wp.com\/yogajagat.com\/wp-content\/uploads\/2020\/02\/IMG_7603-768x1024-1.jpg?resize=225%2C300&amp;ssl=1 225w\" sizes=\"(max-width: 480px) 100vw, 480px\" data-recalc-dims=\"1\" \/>[\/vc_column_text][\/vc_column][\/vc_row]\n","protected":false},"excerpt":{"rendered":"<p>[vc_row][vc_column][vc_custom_heading text=&#8220;St\u00e4rkung des Geistes und der Herzenskraft&#8220; font_container=&#8220;tag:h2|text_align:center|color:%231ba2b7&#8243; google_fonts=&#8220;font_family:Ubuntu%3A300%2C300italic%2Cregular%2Citalic%2C500%2C500italic%2C700%2C700italic|font_style:300%20light%20italic%3A300%3Aitalic&#8220;][\/vc_column][\/vc_row][vc_row][vc_column][vc_column_text]<\/p>\n<p>NACHDENKEN, LOGISCHES DENKEN, EINSICHT\u00a0<\/p>\n<p>&nbsp;<br \/>\nJeder wird mit seiner eigenen Natur geboren. Nicht einmal eineiige Zwillinge, oder die menschlichen Ph\u00e4nomene Abigail und Brittany Hensel, zwei Menschen mit zwei Gehirnen und zwei Herzen in einem K\u00f6rper, haben eine v\u00f6llig identische Natur. Die Natur des Menschen kann nicht leicht ver\u00e4ndert werden, wenn \u00fcberhaupt.<br \/>\nEs gibt auch keinen Grund, sich zu \u00e4ndern. Jeder Mann ist ein reiner Schatz, nur er wei\u00df es &#8230;<\/p>\n","protected":false},"author":1,"featured_media":0,"parent":0,"menu_order":0,"comment_status":"closed","ping_status":"closed","template":"template-full-width.php","meta":{"_bbp_topic_count":0,"_bbp_reply_count":0,"_bbp_total_topic_count":0,"_bbp_total_reply_count":0,"_bbp_voice_count":0,"_bbp_anonymous_reply_count":0,"_bbp_topic_count_hidden":0,"_bbp_reply_count_hidden":0,"_bbp_forum_subforum_count":0,"inline_featured_image":false,"spay_email":""},"translation":{"provider":"WPGlobus","version":"3.0.1","language":"de","enabled_languages":["en","de","sr"],"languages":{"en":{"title":true,"content":true,"excerpt":false},"de":{"title":true,"content":true,"excerpt":false},"sr":{"title":true,"content":true,"excerpt":false}}},"yoast_head":"<!-- This site is optimized with the Yoast SEO plugin v18.3 - https:\/\/yoast.com\/wordpress\/plugins\/seo\/ -->\n<title>Nachdenken, logisches Denken, Einsicht - Sch\u00f6nheit der Ver\u00e4nderung<\/title>\n<meta name=\"description\" content=\"Geistreichtum und Nachdenken, logisches Denken, die Einsicht. Wer ist Raja Yogi und was ist Raja Yoga? Patanjali und Yoga Sutra.\" \/>\n<meta name=\"robots\" content=\"index, follow, max-snippet:-1, max-image-preview:large, max-video-preview:-1\" \/>\n<link rel=\"canonical\" href=\"https:\/\/yogajagat.com\/thinking-reasoning-insight\/\" \/>\n<meta name=\"twitter:label1\" content=\"Gesch\u00e4tzte Lesezeit\" \/>\n\t<meta name=\"twitter:data1\" content=\"14\u00a0Minuten\" \/>\n<script type=\"application\/ld+json\" class=\"yoast-schema-graph\">{\"@context\":\"https:\/\/schema.org\",\"@graph\":[{\"@type\":\"Organization\",\"@id\":\"https:\/\/yogajagat.com\/#organization\",\"name\":\"Yogajagat\",\"url\":\"https:\/\/yogajagat.com\/\",\"sameAs\":[],\"logo\":{\"@type\":\"ImageObject\",\"@id\":\"https:\/\/yogajagat.com\/#logo\",\"inLanguage\":\"de\",\"url\":\"https:\/\/i1.wp.com\/yogajagat.com\/wp-content\/uploads\/2019\/03\/DSC08478-Kopie-1.jpg?fit=798%2C800&ssl=1\",\"contentUrl\":\"https:\/\/i1.wp.com\/yogajagat.com\/wp-content\/uploads\/2019\/03\/DSC08478-Kopie-1.jpg?fit=798%2C800&ssl=1\",\"width\":798,\"height\":800,\"caption\":\"Yogajagat\"},\"image\":{\"@id\":\"https:\/\/yogajagat.com\/#logo\"}},{\"@type\":\"WebSite\",\"@id\":\"https:\/\/yogajagat.com\/#website\",\"url\":\"https:\/\/yogajagat.com\/\",\"name\":\"Sch\u00f6nheit der Ver\u00e4nderung\",\"description\":\"Mit st\u00e4ndiger Ver\u00e4nderung zum sch\u00f6nsten Lebenserfahrung\",\"publisher\":{\"@id\":\"https:\/\/yogajagat.com\/#organization\"},\"potentialAction\":[{\"@type\":\"SearchAction\",\"target\":{\"@type\":\"EntryPoint\",\"urlTemplate\":\"https:\/\/yogajagat.com\/?s={search_term_string}\"},\"query-input\":\"required name=search_term_string\"}],\"inLanguage\":\"de\"},{\"@type\":\"ImageObject\",\"@id\":\"https:\/\/yogajagat.com\/thinking-reasoning-insight\/#primaryimage\",\"inLanguage\":\"de\",\"url\":\"http:\/\/yogajagat.com\/wp-content\/uploads\/2020\/02\/DSC00846-1024x768-1-300x225.jpg\",\"contentUrl\":\"http:\/\/yogajagat.com\/wp-content\/uploads\/2020\/02\/DSC00846-1024x768-1-300x225.jpg\"},{\"@type\":\"WebPage\",\"@id\":\"https:\/\/yogajagat.com\/thinking-reasoning-insight\/#webpage\",\"url\":\"https:\/\/yogajagat.com\/thinking-reasoning-insight\/\",\"name\":\"Nachdenken, logisches Denken, Einsicht - Sch\u00f6nheit der Ver\u00e4nderung\",\"isPartOf\":{\"@id\":\"https:\/\/yogajagat.com\/#website\"},\"primaryImageOfPage\":{\"@id\":\"https:\/\/yogajagat.com\/thinking-reasoning-insight\/#primaryimage\"},\"datePublished\":\"2019-03-08T21:07:00+00:00\",\"dateModified\":\"2020-06-17T10:53:20+00:00\",\"description\":\"Geistreichtum und Nachdenken, logisches Denken, die Einsicht. Wer ist Raja Yogi und was ist Raja Yoga? Patanjali und Yoga Sutra.\",\"breadcrumb\":{\"@id\":\"https:\/\/yogajagat.com\/thinking-reasoning-insight\/#breadcrumb\"},\"inLanguage\":\"de\",\"potentialAction\":[{\"@type\":\"ReadAction\",\"target\":[\"https:\/\/yogajagat.com\/thinking-reasoning-insight\/\"]}]},{\"@type\":\"BreadcrumbList\",\"@id\":\"https:\/\/yogajagat.com\/thinking-reasoning-insight\/#breadcrumb\",\"itemListElement\":[{\"@type\":\"ListItem\",\"position\":1,\"name\":\"Home\",\"item\":\"https:\/\/yogajagat.com\/sr\/\"},{\"@type\":\"ListItem\",\"position\":2,\"name\":\"Thinking, Reasoning, Insight\"}]}]}<\/script>\n<!-- \/ Yoast SEO plugin. -->","yoast_head_json":{"title":"Nachdenken, logisches Denken, Einsicht - Sch\u00f6nheit der Ver\u00e4nderung","description":"Geistreichtum und Nachdenken, logisches Denken, die Einsicht. Wer ist Raja Yogi und was ist Raja Yoga? Patanjali und Yoga Sutra.","robots":{"index":"index","follow":"follow","max-snippet":"max-snippet:-1","max-image-preview":"max-image-preview:large","max-video-preview":"max-video-preview:-1"},"canonical":"https:\/\/yogajagat.com\/thinking-reasoning-insight\/","twitter_misc":{"Gesch\u00e4tzte Lesezeit":"14\u00a0Minuten"},"schema":{"@context":"https:\/\/schema.org","@graph":[{"@type":"Organization","@id":"https:\/\/yogajagat.com\/#organization","name":"Yogajagat","url":"https:\/\/yogajagat.com\/","sameAs":[],"logo":{"@type":"ImageObject","@id":"https:\/\/yogajagat.com\/#logo","inLanguage":"de","url":"https:\/\/i1.wp.com\/yogajagat.com\/wp-content\/uploads\/2019\/03\/DSC08478-Kopie-1.jpg?fit=798%2C800&ssl=1","contentUrl":"https:\/\/i1.wp.com\/yogajagat.com\/wp-content\/uploads\/2019\/03\/DSC08478-Kopie-1.jpg?fit=798%2C800&ssl=1","width":798,"height":800,"caption":"Yogajagat"},"image":{"@id":"https:\/\/yogajagat.com\/#logo"}},{"@type":"WebSite","@id":"https:\/\/yogajagat.com\/#website","url":"https:\/\/yogajagat.com\/","name":"Sch\u00f6nheit der Ver\u00e4nderung","description":"Mit st\u00e4ndiger Ver\u00e4nderung zum sch\u00f6nsten Lebenserfahrung","publisher":{"@id":"https:\/\/yogajagat.com\/#organization"},"potentialAction":[{"@type":"SearchAction","target":{"@type":"EntryPoint","urlTemplate":"https:\/\/yogajagat.com\/?s={search_term_string}"},"query-input":"required name=search_term_string"}],"inLanguage":"de"},{"@type":"ImageObject","@id":"https:\/\/yogajagat.com\/thinking-reasoning-insight\/#primaryimage","inLanguage":"de","url":"http:\/\/yogajagat.com\/wp-content\/uploads\/2020\/02\/DSC00846-1024x768-1-300x225.jpg","contentUrl":"http:\/\/yogajagat.com\/wp-content\/uploads\/2020\/02\/DSC00846-1024x768-1-300x225.jpg"},{"@type":"WebPage","@id":"https:\/\/yogajagat.com\/thinking-reasoning-insight\/#webpage","url":"https:\/\/yogajagat.com\/thinking-reasoning-insight\/","name":"Nachdenken, logisches Denken, Einsicht - Sch\u00f6nheit der Ver\u00e4nderung","isPartOf":{"@id":"https:\/\/yogajagat.com\/#website"},"primaryImageOfPage":{"@id":"https:\/\/yogajagat.com\/thinking-reasoning-insight\/#primaryimage"},"datePublished":"2019-03-08T21:07:00+00:00","dateModified":"2020-06-17T10:53:20+00:00","description":"Geistreichtum und Nachdenken, logisches Denken, die Einsicht. Wer ist Raja Yogi und was ist Raja Yoga? Patanjali und Yoga Sutra.","breadcrumb":{"@id":"https:\/\/yogajagat.com\/thinking-reasoning-insight\/#breadcrumb"},"inLanguage":"de","potentialAction":[{"@type":"ReadAction","target":["https:\/\/yogajagat.com\/thinking-reasoning-insight\/"]}]},{"@type":"BreadcrumbList","@id":"https:\/\/yogajagat.com\/thinking-reasoning-insight\/#breadcrumb","itemListElement":[{"@type":"ListItem","position":1,"name":"Home","item":"https:\/\/yogajagat.com\/sr\/"},{"@type":"ListItem","position":2,"name":"Thinking, Reasoning, Insight"}]}]}},"_links":{"self":[{"href":"https:\/\/yogajagat.com\/de\/wp-json\/wp\/v2\/pages\/2586"}],"collection":[{"href":"https:\/\/yogajagat.com\/de\/wp-json\/wp\/v2\/pages"}],"about":[{"href":"https:\/\/yogajagat.com\/de\/wp-json\/wp\/v2\/types\/page"}],"author":[{"embeddable":true,"href":"https:\/\/yogajagat.com\/de\/wp-json\/wp\/v2\/users\/1"}],"replies":[{"embeddable":true,"href":"https:\/\/yogajagat.com\/de\/wp-json\/wp\/v2\/comments?post=2586"}],"version-history":[{"count":26,"href":"https:\/\/yogajagat.com\/de\/wp-json\/wp\/v2\/pages\/2586\/revisions"}],"predecessor-version":[{"id":5962,"href":"https:\/\/yogajagat.com\/de\/wp-json\/wp\/v2\/pages\/2586\/revisions\/5962"}],"wp:attachment":[{"href":"https:\/\/yogajagat.com\/de\/wp-json\/wp\/v2\/media?parent=2586"}],"curies":[{"name":"wp","href":"https:\/\/api.w.org\/{rel}","templated":true}]}}