{"id":2583,"date":"2019-03-08T22:05:19","date_gmt":"2019-03-08T21:05:19","guid":{"rendered":"http:\/\/yogajagat.com\/?page_id=2583"},"modified":"2020-06-17T16:32:16","modified_gmt":"2020-06-17T14:32:16","slug":"dissolution-of-the-ego-how-to-practice-it","status":"publish","type":"page","link":"https:\/\/yogajagat.com\/de\/auflosung-des-ego\/","title":{"rendered":"Aufl\u00f6sung des Ego und die Vereinigung des Menschen"},"content":{"rendered":"[vc_row][vc_column][vc_column_text]\n<h3 style=\"text-align: center;\"><span style=\"color: #993300;\">DIE AUFL\u00d6SUNG DES EGO<\/span><\/h3>\n<h4 style=\"text-align: center;\"><span style=\"color: #800080;\">UND DIE VEREINIGUNG DES MENSCHEN<\/span><\/h4>\n<hr \/>\n<p>&nbsp;<\/p>\n<p>Das Ego kann nicht wirklich \u201esterben\u201c. Die &#8222;Aufl\u00f6sung des Ego&#8220; ist die fortschrittliche und beharrliche Arbeit, zwei Dinge zu trennen, die nicht nebeneinander leben k\u00f6nnen und alle anderen Dinge zu vereinen, die zusammenpassen.<\/p>\n<p>Die Aufl\u00f6sung des Ego wird so zu einem Bewusstseinszustand, einem vollkommenen Seelenfrieden, der spontan, aber nach langem und engagiertem \u00dcben eintritt. Eine dieser Praktiken ist die des <em>Hatha Yoga<\/em>, der, nat\u00fcrlich, nicht reine k\u00f6rperliche Bewegung von Knochen und Muskeln ist.<\/p>\n<h4 style=\"text-align: center;\"><span style=\"color: #993300;\">Kurz dar\u00fcber, wie sich Yoga auf euch auswirkt<\/span><\/h4>\n<p>&nbsp;<\/p>\n<p>Durch zwei \u00d6ffnungen auf jeder Seite der Wirbels\u00e4ule, durch zwei physische Durchg\u00e4nge der Nerven, flie\u00dfen zwei Prana-Kan\u00e4le oder <em>Nadis<\/em>.<\/p>\n<p>Prana ist eine Lebensenergie oder Kraft des Lebens. <a href=\"https:\/\/yogajagat.com\/de\/was-ist-prana\/\"><span style=\"color: #993300;\">Prana<\/span><\/a> wird auch Ki, Chi oder Mana genannt. Der Begriff \u201eEnergie\u201c wird hier mangels eines besseren Wortes verwendet.<\/p>\n<p>Das Wort <em>Nadi<\/em> bedeutet Fluss oder Kanal. Die Nadis sind keine Nerven sondern subtile Kan\u00e4le, die Prana tragen. Nach alten Yoga Texten gibt es 72.000 Nadis. <em>Siva Samhita,<\/em> ein anderer Hatha Yoga Text, spricht von 350.000 Nadis.<\/p>\n<p>Wenn die Energiekan\u00e4le und Energiezentren ge\u00f6ffnet, gereinigt und vereint werden, kann auch das Ego auseinanderbrechen. Alle Defekte des Selbst wie Angst, Wut, Hass, Gier, Selbstt\u00e4uschung, sind von Selbst und Ego getrennt.<\/p>\n<p>Dieser Zustand war dem alten indischen Volk bekannt und diese Art von Yoga wird <em>Laya Yoga<\/em> genannt.<\/p>\n<p>Das Sanskrit-Wort <em>Laya<\/em> bedeutet Trennung.<\/p>\n<p>&nbsp;<\/p>\n<p>Es ist <em>Turiya<\/em>, die Summe aller drei Bewusstseinszust\u00e4nde. Es ist der transzendente Zustand der h\u00f6chsten Wahrheit.<\/p>\n<p>Dies ist der Punkt auf dem Symbol von <em>OM.<\/em><\/p>\n[\/vc_column_text][\/vc_column][\/vc_row][vc_row][vc_column][vc_custom_heading text=&#8220;Kann man Laya Yoga praktizieren?&#8220; font_container=&#8220;tag:h2|text_align:center|color:%231ba2b7&#8243; google_fonts=&#8220;font_family:Ubuntu%3A300%2C300italic%2Cregular%2Citalic%2C500%2C500italic%2C700%2C700italic|font_style:300%20light%20italic%3A300%3Aitalic&#8220;][\/vc_column][\/vc_row][vc_row][vc_column][vc_column_text]\n<hr \/>\n<p>&nbsp;<\/p>\n<p>Es gibt viele M\u00f6glichkeiten, das Ego von seinen dunklen Seiten zu trennen. Diese ganze Website spricht \u00fcber sie. Ihr k\u00f6nnt von <a href=\"https:\/\/yogajagat.com\/de\/der-geist-des-menschen-wie-kann-man-seinen-geist-organisieren\/\"><span style=\"color: #993300;\">dieser Seite<\/span> <\/a>aus mit dem Lesen beginnen.<\/p>\n<p>&nbsp;<\/p>\n<p>Das Ego kann nicht \u201ezerst\u00f6rt\u201c werden. Ohne Ego w\u00e4ren wir nicht hier. Das Ego enth\u00e4lt menschliche Motive, W\u00fcnsche, Absichten, Ideen.<\/p>\n<p>Es ist <a href=\"https:\/\/yogajagat.com\/de\/das-stille-gluck-die-ruhige-zufriedenheit\/\"><span style=\"color: #993300;\">nichts falsch<\/span><\/a> mit dem Ego, aber es kann definitiv unter Kontrolle gebracht werden. Und die Kontrolle des Ego sind, wie alle Entscheidungen, Entscheidungen, die im pers\u00f6nlichen Geist stattfinden.<\/p>\n<p>Ohne Kontrolle des Ego ist der Mensch ein Tier wie jedes andere Tier, das schwitzt, Sex hat, frisst, Kot ausscheidet.<\/p>\n<p>Wie bei allen h\u00f6heren Bewusstseinszust\u00e4nden und der h\u00f6heren Vereinigung wird <em>Laya Yoga<\/em> durch eine engagierte und ehrliche Praxis der Konzentration und Meditation erreicht.<\/p>\n<p>Wie bei allen h\u00f6heren Yogas k\u00f6nnen <a href=\"https:\/\/yogajagat.com\/de\/konzentration-oder-nutzliche-distanzierung-des-geistes\/\"><span style=\"color: #993300;\">Konzentration<\/span><\/a> und <a href=\"https:\/\/yogajagat.com\/de\/meditation\/\"><span style=\"color: #800080;\">Meditation<\/span><\/a> allein nur dann fruchtbar sein, wenn sowohl K\u00f6rper als auch Geist gereinigt sind.<\/p>\n[\/vc_column_text][\/vc_column][\/vc_row][vc_row][vc_column][vc_column_text]<img loading=\"lazy\" class=\"aligncenter size-full wp-image-5349\" src=\"https:\/\/i0.wp.com\/yogajagat.com\/wp-content\/uploads\/2020\/02\/DSC07041.jpg?resize=480%2C640\" alt=\"Aufl\u00f6sung des Ego\" width=\"480\" height=\"640\" srcset=\"https:\/\/i0.wp.com\/yogajagat.com\/wp-content\/uploads\/2020\/02\/DSC07041.jpg?w=480&amp;ssl=1 480w, https:\/\/i0.wp.com\/yogajagat.com\/wp-content\/uploads\/2020\/02\/DSC07041.jpg?resize=225%2C300&amp;ssl=1 225w\" sizes=\"(max-width: 480px) 100vw, 480px\" data-recalc-dims=\"1\" \/>[\/vc_column_text][\/vc_column][\/vc_row][vc_row][vc_column][vc_column_text]\n<h4 style=\"text-align: center;\"><span style=\"color: #993300;\">Nimm die Herausforderung der Ver\u00e4nderung an.<\/span><\/h4>\n[\/vc_column_text][\/vc_column][\/vc_row]\n","protected":false},"excerpt":{"rendered":"<p>[vc_row][vc_column][vc_column_text]<br \/>\nDIE AUFL\u00d6SUNG DES EGO<br \/>\nUND DIE VEREINIGUNG DES MENSCHEN<\/p>\n<p>&nbsp;<br \/>\nDas Ego kann nicht wirklich \u201esterben\u201c. Die &#8222;Aufl\u00f6sung des Ego&#8220; ist die fortschrittliche und beharrliche Arbeit, zwei Dinge zu trennen, die nicht nebeneinander leben k\u00f6nnen und alle anderen Dinge zu vereinen, die zusammenpassen.<br \/>\nDie Aufl\u00f6sung des Ego wird so zu einem Bewusstseinszustand, einem vollkommenen Seelenfrieden, der spontan, aber nach langem und engagiertem \u00dcben eintritt. Eine dieser Praktiken ist die des Hatha Yoga, der, nat\u00fcrlich, nicht reine k\u00f6rperliche Bewegung &#8230;<\/p>\n","protected":false},"author":1,"featured_media":0,"parent":0,"menu_order":0,"comment_status":"closed","ping_status":"closed","template":"template-full-width.php","meta":{"_bbp_topic_count":0,"_bbp_reply_count":0,"_bbp_total_topic_count":0,"_bbp_total_reply_count":0,"_bbp_voice_count":0,"_bbp_anonymous_reply_count":0,"_bbp_topic_count_hidden":0,"_bbp_reply_count_hidden":0,"_bbp_forum_subforum_count":0,"inline_featured_image":false,"spay_email":""},"translation":{"provider":"WPGlobus","version":"3.0.1","language":"de","enabled_languages":["en","de","sr"],"languages":{"en":{"title":true,"content":true,"excerpt":false},"de":{"title":true,"content":true,"excerpt":false},"sr":{"title":true,"content":true,"excerpt":false}}},"yoast_head":"<!-- This site is optimized with the Yoast SEO plugin v18.3 - https:\/\/yoast.com\/wordpress\/plugins\/seo\/ -->\n<title>Aufl\u00f6sung des Ego und die Vereinigung des Menschen - Sch\u00f6nheit der Ver\u00e4nderung<\/title>\n<meta name=\"description\" content=\"Die &quot;Aufl\u00f6sung des Ego&quot; ist die fortschrittliche und beharrliche Arbeit, zwei Dinge zu trennen die nicht nebeneinander leben k\u00f6nnen und alle andere Dinge zu vereinen, die zusammenpassen.\" \/>\n<meta name=\"robots\" content=\"index, follow, max-snippet:-1, max-image-preview:large, max-video-preview:-1\" \/>\n<link rel=\"canonical\" href=\"https:\/\/yogajagat.com\/dissolution-of-the-ego-how-to-practice-it\/\" \/>\n<meta name=\"twitter:label1\" content=\"Gesch\u00e4tzte Lesezeit\" \/>\n\t<meta name=\"twitter:data1\" content=\"8\u00a0Minuten\" \/>\n<script type=\"application\/ld+json\" class=\"yoast-schema-graph\">{\"@context\":\"https:\/\/schema.org\",\"@graph\":[{\"@type\":\"Organization\",\"@id\":\"https:\/\/yogajagat.com\/#organization\",\"name\":\"Yogajagat\",\"url\":\"https:\/\/yogajagat.com\/\",\"sameAs\":[],\"logo\":{\"@type\":\"ImageObject\",\"@id\":\"https:\/\/yogajagat.com\/#logo\",\"inLanguage\":\"de\",\"url\":\"https:\/\/i1.wp.com\/yogajagat.com\/wp-content\/uploads\/2019\/03\/DSC08478-Kopie-1.jpg?fit=798%2C800&ssl=1\",\"contentUrl\":\"https:\/\/i1.wp.com\/yogajagat.com\/wp-content\/uploads\/2019\/03\/DSC08478-Kopie-1.jpg?fit=798%2C800&ssl=1\",\"width\":798,\"height\":800,\"caption\":\"Yogajagat\"},\"image\":{\"@id\":\"https:\/\/yogajagat.com\/#logo\"}},{\"@type\":\"WebSite\",\"@id\":\"https:\/\/yogajagat.com\/#website\",\"url\":\"https:\/\/yogajagat.com\/\",\"name\":\"Sch\u00f6nheit der Ver\u00e4nderung\",\"description\":\"Mit st\u00e4ndiger Ver\u00e4nderung zum sch\u00f6nsten Lebenserfahrung\",\"publisher\":{\"@id\":\"https:\/\/yogajagat.com\/#organization\"},\"potentialAction\":[{\"@type\":\"SearchAction\",\"target\":{\"@type\":\"EntryPoint\",\"urlTemplate\":\"https:\/\/yogajagat.com\/?s={search_term_string}\"},\"query-input\":\"required name=search_term_string\"}],\"inLanguage\":\"de\"},{\"@type\":\"ImageObject\",\"@id\":\"https:\/\/yogajagat.com\/dissolution-of-the-ego-how-to-practice-it\/#primaryimage\",\"inLanguage\":\"de\",\"url\":\"http:\/\/yogajagat.com\/wp-content\/uploads\/2020\/02\/DSC06885.jpg\",\"contentUrl\":\"http:\/\/yogajagat.com\/wp-content\/uploads\/2020\/02\/DSC06885.jpg\"},{\"@type\":\"WebPage\",\"@id\":\"https:\/\/yogajagat.com\/dissolution-of-the-ego-how-to-practice-it\/#webpage\",\"url\":\"https:\/\/yogajagat.com\/dissolution-of-the-ego-how-to-practice-it\/\",\"name\":\"Aufl\u00f6sung des Ego und die Vereinigung des Menschen - Sch\u00f6nheit der Ver\u00e4nderung\",\"isPartOf\":{\"@id\":\"https:\/\/yogajagat.com\/#website\"},\"primaryImageOfPage\":{\"@id\":\"https:\/\/yogajagat.com\/dissolution-of-the-ego-how-to-practice-it\/#primaryimage\"},\"datePublished\":\"2019-03-08T21:05:19+00:00\",\"dateModified\":\"2020-06-17T14:32:16+00:00\",\"description\":\"Die \\\"Aufl\u00f6sung des Ego\\\" ist die fortschrittliche und beharrliche Arbeit, zwei Dinge zu trennen die nicht nebeneinander leben k\u00f6nnen und alle andere Dinge zu vereinen, die zusammenpassen.\",\"breadcrumb\":{\"@id\":\"https:\/\/yogajagat.com\/dissolution-of-the-ego-how-to-practice-it\/#breadcrumb\"},\"inLanguage\":\"de\",\"potentialAction\":[{\"@type\":\"ReadAction\",\"target\":[\"https:\/\/yogajagat.com\/dissolution-of-the-ego-how-to-practice-it\/\"]}]},{\"@type\":\"BreadcrumbList\",\"@id\":\"https:\/\/yogajagat.com\/dissolution-of-the-ego-how-to-practice-it\/#breadcrumb\",\"itemListElement\":[{\"@type\":\"ListItem\",\"position\":1,\"name\":\"Home\",\"item\":\"https:\/\/yogajagat.com\/sr\/\"},{\"@type\":\"ListItem\",\"position\":2,\"name\":\"Dissolution of the Ego, How to Practice It?\"}]}]}<\/script>\n<!-- \/ Yoast SEO plugin. -->","yoast_head_json":{"title":"Aufl\u00f6sung des Ego und die Vereinigung des Menschen - Sch\u00f6nheit der Ver\u00e4nderung","description":"Die \"Aufl\u00f6sung des Ego\" ist die fortschrittliche und beharrliche Arbeit, zwei Dinge zu trennen die nicht nebeneinander leben k\u00f6nnen und alle andere Dinge zu vereinen, die zusammenpassen.","robots":{"index":"index","follow":"follow","max-snippet":"max-snippet:-1","max-image-preview":"max-image-preview:large","max-video-preview":"max-video-preview:-1"},"canonical":"https:\/\/yogajagat.com\/dissolution-of-the-ego-how-to-practice-it\/","twitter_misc":{"Gesch\u00e4tzte Lesezeit":"8\u00a0Minuten"},"schema":{"@context":"https:\/\/schema.org","@graph":[{"@type":"Organization","@id":"https:\/\/yogajagat.com\/#organization","name":"Yogajagat","url":"https:\/\/yogajagat.com\/","sameAs":[],"logo":{"@type":"ImageObject","@id":"https:\/\/yogajagat.com\/#logo","inLanguage":"de","url":"https:\/\/i1.wp.com\/yogajagat.com\/wp-content\/uploads\/2019\/03\/DSC08478-Kopie-1.jpg?fit=798%2C800&ssl=1","contentUrl":"https:\/\/i1.wp.com\/yogajagat.com\/wp-content\/uploads\/2019\/03\/DSC08478-Kopie-1.jpg?fit=798%2C800&ssl=1","width":798,"height":800,"caption":"Yogajagat"},"image":{"@id":"https:\/\/yogajagat.com\/#logo"}},{"@type":"WebSite","@id":"https:\/\/yogajagat.com\/#website","url":"https:\/\/yogajagat.com\/","name":"Sch\u00f6nheit der Ver\u00e4nderung","description":"Mit st\u00e4ndiger Ver\u00e4nderung zum sch\u00f6nsten Lebenserfahrung","publisher":{"@id":"https:\/\/yogajagat.com\/#organization"},"potentialAction":[{"@type":"SearchAction","target":{"@type":"EntryPoint","urlTemplate":"https:\/\/yogajagat.com\/?s={search_term_string}"},"query-input":"required name=search_term_string"}],"inLanguage":"de"},{"@type":"ImageObject","@id":"https:\/\/yogajagat.com\/dissolution-of-the-ego-how-to-practice-it\/#primaryimage","inLanguage":"de","url":"http:\/\/yogajagat.com\/wp-content\/uploads\/2020\/02\/DSC06885.jpg","contentUrl":"http:\/\/yogajagat.com\/wp-content\/uploads\/2020\/02\/DSC06885.jpg"},{"@type":"WebPage","@id":"https:\/\/yogajagat.com\/dissolution-of-the-ego-how-to-practice-it\/#webpage","url":"https:\/\/yogajagat.com\/dissolution-of-the-ego-how-to-practice-it\/","name":"Aufl\u00f6sung des Ego und die Vereinigung des Menschen - Sch\u00f6nheit der Ver\u00e4nderung","isPartOf":{"@id":"https:\/\/yogajagat.com\/#website"},"primaryImageOfPage":{"@id":"https:\/\/yogajagat.com\/dissolution-of-the-ego-how-to-practice-it\/#primaryimage"},"datePublished":"2019-03-08T21:05:19+00:00","dateModified":"2020-06-17T14:32:16+00:00","description":"Die \"Aufl\u00f6sung des Ego\" ist die fortschrittliche und beharrliche Arbeit, zwei Dinge zu trennen die nicht nebeneinander leben k\u00f6nnen und alle andere Dinge zu vereinen, die zusammenpassen.","breadcrumb":{"@id":"https:\/\/yogajagat.com\/dissolution-of-the-ego-how-to-practice-it\/#breadcrumb"},"inLanguage":"de","potentialAction":[{"@type":"ReadAction","target":["https:\/\/yogajagat.com\/dissolution-of-the-ego-how-to-practice-it\/"]}]},{"@type":"BreadcrumbList","@id":"https:\/\/yogajagat.com\/dissolution-of-the-ego-how-to-practice-it\/#breadcrumb","itemListElement":[{"@type":"ListItem","position":1,"name":"Home","item":"https:\/\/yogajagat.com\/sr\/"},{"@type":"ListItem","position":2,"name":"Dissolution of the Ego, How to Practice It?"}]}]}},"_links":{"self":[{"href":"https:\/\/yogajagat.com\/de\/wp-json\/wp\/v2\/pages\/2583"}],"collection":[{"href":"https:\/\/yogajagat.com\/de\/wp-json\/wp\/v2\/pages"}],"about":[{"href":"https:\/\/yogajagat.com\/de\/wp-json\/wp\/v2\/types\/page"}],"author":[{"embeddable":true,"href":"https:\/\/yogajagat.com\/de\/wp-json\/wp\/v2\/users\/1"}],"replies":[{"embeddable":true,"href":"https:\/\/yogajagat.com\/de\/wp-json\/wp\/v2\/comments?post=2583"}],"version-history":[{"count":12,"href":"https:\/\/yogajagat.com\/de\/wp-json\/wp\/v2\/pages\/2583\/revisions"}],"predecessor-version":[{"id":5971,"href":"https:\/\/yogajagat.com\/de\/wp-json\/wp\/v2\/pages\/2583\/revisions\/5971"}],"wp:attachment":[{"href":"https:\/\/yogajagat.com\/de\/wp-json\/wp\/v2\/media?parent=2583"}],"curies":[{"name":"wp","href":"https:\/\/api.w.org\/{rel}","templated":true}]}}