{"id":2578,"date":"2019-03-08T22:03:34","date_gmt":"2019-03-08T21:03:34","guid":{"rendered":"http:\/\/yogajagat.com\/?page_id=2578"},"modified":"2020-06-18T15:49:19","modified_gmt":"2020-06-18T13:49:19","slug":"the-sound-of-the-heart-the-om","status":"publish","type":"page","link":"https:\/\/yogajagat.com\/de\/klang-des-herzens-om-und-schwan\/","title":{"rendered":"Klang des Herzens, OM und Schwan"},"content":{"rendered":"[vc_row][vc_column][vc_custom_heading text=&#8220;Nada, der innere Klang. Der Klang der Geheimnisse&#8220; font_container=&#8220;tag:h2|text_align:center|color:%231ba2b7&#8243; google_fonts=&#8220;font_family:Ubuntu%3A300%2C300italic%2Cregular%2Citalic%2C500%2C500italic%2C700%2C700italic|font_style:300%20light%20italic%3A300%3Aitalic&#8220;][\/vc_column][\/vc_row][vc_row][vc_column][vc_column_text]\n<h3 style=\"text-align: center;\"><span style=\"color: #993300;\">DER KLANG DES HERZENS<\/span><\/h3>\n<hr \/>\n<p>&nbsp;<\/p>\n<p>Klang, wie das Prana, hat seine gr\u00f6beren und subtileren Erscheinungsformen.<\/p>\n<p>Je offener und subtiler unser Bewusstsein ist, desto offener und subtiler wird\u00a0unser Empfang von Schallschwingungen.<\/p>\n<p>In unserem feinstofflichen (Energie-) K\u00f6rper befinden sich Energiezentren oder <em>Chakren<\/em>. Dies sind die Orte, an denen die Energiekan\u00e4le <em>(Nadis)<\/em> sich kreuzen. Elektrische und magnetische Energie flie\u00dft durch die Chakren, und da Chakren und Energiekan\u00e4le freier und offener sind, ist der Empfang elektromagnetischer Schwingungen st\u00e4rker.<\/p>\n<p>Diese Schwingung nennt man Schall.<\/p>\n<p>Da Schall nicht durch das Vakuum wandern kann, k\u00f6nnen Vibrationen nicht durch blockierte Energiekan\u00e4le flie\u00dfen.<\/p>\n<p>Wie auf allen Wegen des <a href=\"https:\/\/yogajagat.com\/de\/einheit-ganzwerdung-vereinigung-die-menschliche-dna\/\"><span style=\"color: #993300;\">Yoga<\/span><\/a> (Vereinigung, Selbstverwirklichung, Befreiung) ist der <em>Nada Yoga<\/em> ein Mittel und ein Ziel.[\/vc_column_text][\/vc_column][\/vc_row][vc_row][vc_column][vc_custom_heading text=&#8220;Der Urklang OM&#8220; font_container=&#8220;tag:h2|text_align:center|color:%231ba2b7&#8243; google_fonts=&#8220;font_family:Ubuntu%3A300%2C300italic%2Cregular%2Citalic%2C500%2C500italic%2C700%2C700italic|font_style:300%20light%20italic%3A300%3Aitalic&#8220;][\/vc_column][\/vc_row][vc_row][vc_column][vc_column_text]\n<hr \/>\n<p>&nbsp;<\/p>\n<p>OM ist ein Urklang. Wie die alten indischen Weisen erkannten, ist es ein Klang, der in jedem Wasserfall, in jeder Bewegung des Windes, in jeder Zelle zu h\u00f6ren und erleben ist.<\/p>\n<p>OM ist ein Mantra, eine Schwingung des Bewusstseins oder ein Instrument des Geistes. <em>Man<\/em> bedeutet Geist und <em>Tra<\/em>\u00a0&#8211; Befreiung.<\/p>\n<p>In dem Moment, in dem wir das OM oder andere Mantras singen, schalten wir unsere Gedanken aus. Dieser Zustand f\u00fchrt uns zu einem h\u00f6heren Geisteszustand, <em>Pratyahara<\/em> (<a href=\"https:\/\/yogajagat.com\/de\/zuruckziehen-der-sinne\/\"><span style=\"color: #993300;\">R\u00fcckzug der Sinne<\/span><\/a>), vollkommener Ruhe und gleichzeitig perfekter Pr\u00e4senz. In diesem Zustand, k\u00f6nnen wir den Klang des Herzens h\u00f6ren.<\/p>\n<p>Seit unserer spirituellen Geburt in unserem Sein sind die Eindr\u00fccke aller Art gespeichert worden. Dies sind die <em>Samskaras<\/em> (nicht zu verwechseln mit <em>Samsara<\/em>, dem Rad des Todes und der Wiedergeburt), und das Singen von OM oder anderen Mantras, geistig oder laut, k\u00f6nnen uns von diesen Eindr\u00fccke befreien, oder es kann uns helfen, sie zu verarbeiten.<\/p>\n<p><em>Nada<\/em> ist das <em>Anahata<\/em> selbst, das Herzchakra, der Sitz des kosmischen Klangs. Innere Stimmen sind nicht unbedingt ein Zeichen von Krankheit. <em>Nada Yoga<\/em> ist die Vereinigung des inneren Universums mit dem \u00e4u\u00dferen, des inneren Klangs mit dem \u00e4u\u00dferen Klang, eines Mikrokosmos (menschlicher K\u00f6rper) mit dem Makrokosmos (<em>Brahmanda<\/em>).<\/p>\n<p>Nada Yoga f\u00fchrt durch das H\u00f6ren innerer Kl\u00e4nge, Kl\u00e4nge des Herzens, zu <a href=\"https:\/\/yogajagat.com\/de\/auflosung-des-ego\/\"><span style=\"color: #993300;\">Laya Yoga<\/span><\/a>.<\/p>\n<p>Laya Yoga ist der Yoga der subtilen transzendentalen Klangschwingungen.<\/p>\n<p>Menschen mit einer h\u00f6heren Bewusstseinsebene k\u00f6nnen ihr eigenes Herzchakra h\u00f6ren. Diese Erfahrungen sind genau wie das gesamte Yoga <em>Sadhana<\/em>, die Yoga-Praxis, absolut authentisch.<\/p>\n<p>In Indien ist Nada Yoga hoch angesehen. Das Singen von <em>Gayatri<\/em> oder <em>Pranava Mantra<\/em> (das OM Singen) oder das Verwenden einer Klangschale wird als Therapie verwendet.<\/p>\n<p>Um OM zu singen, muss man nicht religi\u00f6s sein. Die OM-Silbe ist a: <em>A, U und M.<\/em><\/p>\n<p>Das Singen von OM ist sehr einfach und jeder kann es entweder mental, fl\u00fcsternd oder laut singen. Es ist ein Urklang, und wenn sich ein Mensch der Natur und ihren Kl\u00e4ngen widmet, wird er ihn sehr schnell erkennen.<\/p>\n<p>Es gibt Menschen, die durch ehrliches und gewidmetes \u00dcben des einen oder anderen Yoga, ihr Bewusstsein zur Selbstverwirklichung gebracht haben.[\/vc_column_text][\/vc_column][\/vc_row][vc_row][vc_column][vc_custom_heading text=&#8220;Das Symbol der Seele&#8220; font_container=&#8220;tag:h2|text_align:center|color:%231ba2b7&#8243; google_fonts=&#8220;font_family:Ubuntu%3A300%2C300italic%2Cregular%2Citalic%2C500%2C500italic%2C700%2C700italic|font_style:300%20light%20italic%3A300%3Aitalic&#8220;][\/vc_column][\/vc_row][vc_row][vc_column][vc_column_text]\n<hr \/>\n<p>&nbsp;<\/p>\n<p>Der Schwan oder <em>Hamsa<\/em> ist ein Symbol einer reinen Seele. Nach alten indischen Schriften werden das OM (AUM) Mantra, was \u00a0der Klang des Herzens ist, sowie das h\u00f6here Bewusstsein durch die Form eines Schwans dargestellt:<\/p>\n<p>Der rechte Fl\u00fcgel des Schwans tr\u00e4gt <em>das Mantra A,<\/em> der linke Fl\u00fcgel tr\u00e4gt\u00a0<em>das\u00a0Mantra U <\/em>und der Schwanz <em>das Mantra M.<\/em><\/p>\n<p><em>Ardhamantra<\/em> (<em>Ardha<\/em> bedeutet halb) ist das Ger\u00e4usch, das auftritt, wenn die Luft w\u00e4hrend der Aussprache durch die Nasenh\u00f6hlen str\u00f6mt, und dies sein Kopf ist. <img loading=\"lazy\" class=\"size-medium wp-image-5973 alignright\" src=\"https:\/\/i0.wp.com\/yogajagat.com\/wp-content\/uploads\/2020\/06\/DSC04700-300x225.jpg?resize=300%2C225\" alt=\"schwan hamsa\" width=\"300\" height=\"225\" srcset=\"https:\/\/i1.wp.com\/yogajagat.com\/wp-content\/uploads\/2020\/06\/DSC04700.jpg?resize=300%2C225&amp;ssl=1 300w, https:\/\/i1.wp.com\/yogajagat.com\/wp-content\/uploads\/2020\/06\/DSC04700.jpg?w=640&amp;ssl=1 640w\" sizes=\"(max-width: 300px) 100vw, 300px\" data-recalc-dims=\"1\" \/><\/p>\n<p>Die Beine sind drei <em>Gunas<\/em> (drei Merkmale der Natur aller K\u00f6rper).<\/p>\n<p>Der K\u00f6rper ist <em>Tattwa<\/em> (Elemente).<\/p>\n<p>Das rechte Auge ist <em>Dharma<\/em> (was w\u00e4hrend des Lebens zu sein scheint, was die Richtigkeit aufrechterh\u00e4lt), linkes <em>Adharma<\/em> (<em>a<\/em>-ist nicht).<\/p>\n<p>Auf seinen Beinen, Knien, Taille, Nabel, in seinem Herzen, am Hals und zwischen den Augen gibt es sieben Regionen (Bogen): <em>Bhuh, Bhuva, Svah, Mahah, Jana, Tapah <\/em>und <em>Satya.<\/em><\/p>\n<p>&nbsp;<\/p>\n<p>Es wird gesagt, dass ein <em>Hamsayogin<\/em> (der auf dem Schwan sitzt) von keiner S\u00fcnde ber\u00fchrt wird.<\/p>\n<p>Das Bewusstsein des Menschen befindet sich dann in der wahren Realit\u00e4t, in einer wahren und anhaltenden Gl\u00fcckseligkeit. Wenn der Geist vollst\u00e4ndig mit dieser Realit\u00e4t hinter den Gunas und den gew\u00f6hnlichen Sinnen verschmilzt, wird gesagt, dass ein Mensch im Yoga vereint ist. Solch ein realisierter Mann lehnt nat\u00fcrlich die Bindung an seinen K\u00f6rper und an die Gesellschaft ab.<\/p>\n[\/vc_column_text][\/vc_column][\/vc_row][vc_row][vc_column][vc_custom_heading text=&#8220;Wie man Nada Yoga praktiziert<br \/>\n&#8220; font_container=&#8220;tag:h2|text_align:center|color:%231ba2b7&#8243; google_fonts=&#8220;font_family:Ubuntu%3A300%2C300italic%2Cregular%2Citalic%2C500%2C500italic%2C700%2C700italic|font_style:300%20light%20italic%3A300%3Aitalic&#8220;][\/vc_column][\/vc_row][vc_row][vc_column][vc_column_text]\n<hr \/>\n<p>&nbsp;<\/p>\n<p>In einer der Sitzhaltungen. Dies sind:<\/p>\n<p>&#8211; die einfache Sitzhaltung mit gekreuzten Beinen (<em>sukhasana<\/em>),<\/p>\n<p>&#8211; die Halblotus Sitzhaltung (<em>Ardha Padmasana<\/em>)- der Fu\u00df ber\u00fchrt die Innenseite des gegen\u00fcberliegenden Oberschenkels, der andere Fu\u00df ruht auf dem Oberschenkel,<\/p>\n<p>&#8211; voller Lotus (<em>Padmasana<\/em>) &#8211; die Fu\u00dfr\u00fccken beider F\u00fc\u00dfe ruhen auf den Oberschenkeln,<\/p>\n<p>&#8211; vollendete oder perfekte Yoga-Haltung f\u00fcr M\u00e4nner (<em>Siddhasana<\/em>) &#8211; rechter Fu\u00df zur Innenseite des Oberschenkels, wo die Ferse das Perineum (K\u00f6rperteil zwischen Genitalien und Anus) dr\u00fcckt, Zehen und die Au\u00dfenseite des linken Fu\u00dfes sind zwischen Oberschenkel und Kalb des rechten Beins,<\/p>\n<p>&#8211; vollst\u00e4ndige oder perfekte Haltung f\u00fcr Frauen (<em>Siddha Yoni Asana<\/em>) &#8211; Umgekehrt zu Siddhasana.\u00a0<em>Yoni<\/em>\u00a0bedeutet Mutterleib. <em>Siddha<\/em> ist eine perfekte, vollendete, m\u00e4chtige Seele, was nat\u00fcrlich nicht bedeutet, dass jeder, der im <em>Siddhasana<\/em> sitzt, eine perfekte, vollendete, m\u00e4chtige Seele ist, die ihr Sein erkannt hat, also vorsichtig mit Selbstdiagnose und Diagnose,<\/p>\n<p>&#8211; oder in der Position des reinen Gl\u00fccks der Existenz (<em>swastikasana<\/em>) &#8211; wird ausgef\u00fchrt wie Siddhasana, ohne das Perineum zu ber\u00fchren.\u00a0<em>Swastika <\/em>oder\u00a0Hakenkreuz ist ein Symbol f\u00fcr die Vereinigung aller Seiten des Universums in seinem Zentrum.<\/p>\n<p>&nbsp;<\/p>\n<p>W\u00e4hrend man in einer dieser Positionen sitzt, ist der innere Klang von OM im rechten Ohr zu h\u00f6ren.<\/p>\n<p>&nbsp;<\/p>\n<p>Dieser Klang wird <em>Anahathanada<\/em> genannt, der Klang des Herzens. Wenn sich ein Mensch auf den Nada-Klang konzentriert, unterdr\u00fcckt er \u00e4u\u00dfere Ger\u00e4usche und bringt so beide \u201eFl\u00fcgel\u201c des <em>Pranava-Mantras<\/em> unter Kontrolle. Dies bringt ihn in den vierten Bewusstseinszustand.<\/p>\n<p>Das Singen ist zun\u00e4chst lauter und mit der Zeit wird der Klang zu den subtilsten Schwingungen gebracht.<\/p>\n<p>Zuerst kann der Yogi das Rauschen des Meeres, der Wolken, das schw\u00e4chere Ger\u00e4usch der Trommel oder das Ger\u00e4usch des Brunnens h\u00f6ren.<\/p>\n<p>W\u00e4hrend man sorgf\u00e4ltig auf die inneren Kl\u00e4nge des Yoga h\u00f6rt, muss man nach den subtilen suchen. Ein Mensch wird also seine Konzentration fokussieren und sich von \u00e4u\u00dferen Ger\u00e4uschen isolieren.<\/p>\n<p>Wie in allem, flie\u00dft Energie dahin, wohin sie geleitet wird. Wenn sich ein Mann voll und ganz auf den inneren Klang konzentrieren kann, schmelzen beide, er selbst als auch der Nada, mit diesem Klang.<\/p>\n<p>Wenn ein Mann sich mit Nada verschmilzt, kann er sich mit dem inneren Raum des Bewusstseins (<em>Chidakasha)<\/em> vereinen. In diesem Zustand v\u00f6lliger Selbstbeherrschung und der ehrlichsten Praxis tritt er langsam in den Zustand des Nicht-Geistes ein. Dieser Zustand tritt auf, wenn sich eine Person vollst\u00e4ndig und m\u00fchelos vom Denken trennt.<\/p>\n<p>Die Idee des Raumes ist, wie die W\u00f6rter (T\u00f6ne), pr\u00e4sent.<\/p>\n<p>Der Geist ist gegenw\u00e4rtig, solange es einen Ton gibt.<br \/>\nWenn die Kl\u00e4nge vom Geist selbst erobert werden, kommt ein Mensch zur Erfahrung seines h\u00f6heren Wesens. Der Geist wird zu einem Nicht-Geist und verschmilzt mit der ultimativen, obersten Wahrheit.<\/p>\n<p>Mit der Zeit wird der Geist fest und die Konzentration wird ohne \u00dcbung stabil. Es geschieht m\u00fchelos.<\/p>\n<p>Dieser Zustand wird der Zustand des <em>Brahmapranava<\/em> genannt (<em>Brahma<\/em> &#8211; das Bewusstsein des Universums, <em>Pranava<\/em> &#8211; der Klang von <em>AUM<\/em>).<\/p>\n<p>&nbsp;<\/p>\n<p>Der Mensch, der sich mit Nada vereinigt hat, ist frei von Leiden. Er erlebt<em> Moksha<\/em>, <a href=\"https:\/\/yogajagat.com\/de\/der-weg-der-befreiung\/\"><span style=\"color: #993300;\">Befreiung.<\/span><\/a><\/p>\n<p>Solch ein verwirklichtes Wesen wird in Bezug auf das irdische Leben weiterhin als \u201etot\u201c leben.<\/p>\n[\/vc_column_text][\/vc_column][\/vc_row][vc_row][vc_column][vc_column_text]<img loading=\"lazy\" class=\"aligncenter size-full wp-image-5162\" src=\"https:\/\/i2.wp.com\/yogajagat.com\/wp-content\/uploads\/2020\/02\/DSC03312.jpg?resize=640%2C480\" alt=\"klang des herzens\" width=\"640\" height=\"480\" srcset=\"https:\/\/i2.wp.com\/yogajagat.com\/wp-content\/uploads\/2020\/02\/DSC03312.jpg?w=640&amp;ssl=1 640w, https:\/\/i2.wp.com\/yogajagat.com\/wp-content\/uploads\/2020\/02\/DSC03312.jpg?resize=300%2C225&amp;ssl=1 300w\" sizes=\"(max-width: 640px) 100vw, 640px\" data-recalc-dims=\"1\" \/>[\/vc_column_text][\/vc_column][\/vc_row]\n","protected":false},"excerpt":{"rendered":"<p>[vc_row][vc_column][vc_custom_heading text=&#8220;Nada, der innere Klang. Der Klang der Geheimnisse&#8220; font_container=&#8220;tag:h2|text_align:center|color:%231ba2b7&#8243; google_fonts=&#8220;font_family:Ubuntu%3A300%2C300italic%2Cregular%2Citalic%2C500%2C500italic%2C700%2C700italic|font_style:300%20light%20italic%3A300%3Aitalic&#8220;][\/vc_column][\/vc_row][vc_row][vc_column][vc_column_text]<br \/>\nDER KLANG DES HERZENS<\/p>\n<p>&nbsp;<br \/>\nKlang, wie das Prana, hat seine gr\u00f6beren und subtileren Erscheinungsformen.<br \/>\nJe offener und subtiler unser Bewusstsein ist, desto offener und subtiler wird\u00a0unser Empfang von Schallschwingungen.<br \/>\nIn unserem feinstofflichen (Energie-) K\u00f6rper befinden sich Energiezentren oder Chakren. Dies sind die Orte, an denen die Energiekan\u00e4le (Nadis) sich kreuzen. Elektrische und magnetische Energie flie\u00dft durch die Chakren, und da Chakren und Energiekan\u00e4le freier und offener sind, &#8230;<\/p>\n","protected":false},"author":1,"featured_media":0,"parent":0,"menu_order":0,"comment_status":"closed","ping_status":"closed","template":"template-full-width.php","meta":{"_bbp_topic_count":0,"_bbp_reply_count":0,"_bbp_total_topic_count":0,"_bbp_total_reply_count":0,"_bbp_voice_count":0,"_bbp_anonymous_reply_count":0,"_bbp_topic_count_hidden":0,"_bbp_reply_count_hidden":0,"_bbp_forum_subforum_count":0,"inline_featured_image":false,"spay_email":""},"translation":{"provider":"WPGlobus","version":"3.0.1","language":"de","enabled_languages":["en","de","sr"],"languages":{"en":{"title":true,"content":true,"excerpt":false},"de":{"title":true,"content":true,"excerpt":false},"sr":{"title":true,"content":true,"excerpt":false}}},"yoast_head":"<!-- This site is optimized with the Yoast SEO plugin v18.3 - https:\/\/yoast.com\/wordpress\/plugins\/seo\/ -->\n<title>Klang des Herzens, OM und Schwan - Sch\u00f6nheit der Ver\u00e4nderung<\/title>\n<meta name=\"description\" content=\"Klang des Herzens und OM, der Urklang. Der Schwan ist das Symbol der reinen Seele. Wer ist Hamsayogin? Wie praktiziert man Nada Yoga?\" \/>\n<meta name=\"robots\" content=\"index, follow, max-snippet:-1, max-image-preview:large, max-video-preview:-1\" \/>\n<link rel=\"canonical\" href=\"https:\/\/yogajagat.com\/de\/klang-des-herzens-om-und-schwan\/\" \/>\n<meta name=\"twitter:label1\" content=\"Gesch\u00e4tzte Lesezeit\" \/>\n\t<meta name=\"twitter:data1\" content=\"23\u00a0Minuten\" \/>\n<script type=\"application\/ld+json\" class=\"yoast-schema-graph\">{\"@context\":\"https:\/\/schema.org\",\"@graph\":[{\"@type\":\"Organization\",\"@id\":\"https:\/\/yogajagat.com\/#organization\",\"name\":\"Yogajagat\",\"url\":\"https:\/\/yogajagat.com\/\",\"sameAs\":[],\"logo\":{\"@type\":\"ImageObject\",\"@id\":\"https:\/\/yogajagat.com\/#logo\",\"inLanguage\":\"de\",\"url\":\"https:\/\/i1.wp.com\/yogajagat.com\/wp-content\/uploads\/2019\/03\/DSC08478-Kopie-1.jpg?fit=798%2C800&ssl=1\",\"contentUrl\":\"https:\/\/i1.wp.com\/yogajagat.com\/wp-content\/uploads\/2019\/03\/DSC08478-Kopie-1.jpg?fit=798%2C800&ssl=1\",\"width\":798,\"height\":800,\"caption\":\"Yogajagat\"},\"image\":{\"@id\":\"https:\/\/yogajagat.com\/#logo\"}},{\"@type\":\"WebSite\",\"@id\":\"https:\/\/yogajagat.com\/#website\",\"url\":\"https:\/\/yogajagat.com\/\",\"name\":\"Sch\u00f6nheit der Ver\u00e4nderung\",\"description\":\"Mit st\u00e4ndiger Ver\u00e4nderung zum sch\u00f6nsten Lebenserfahrung\",\"publisher\":{\"@id\":\"https:\/\/yogajagat.com\/#organization\"},\"potentialAction\":[{\"@type\":\"SearchAction\",\"target\":{\"@type\":\"EntryPoint\",\"urlTemplate\":\"https:\/\/yogajagat.com\/?s={search_term_string}\"},\"query-input\":\"required name=search_term_string\"}],\"inLanguage\":\"de\"},{\"@type\":\"ImageObject\",\"@id\":\"https:\/\/yogajagat.com\/de\/klang-des-herzens-om-und-schwan\/#primaryimage\",\"inLanguage\":\"de\",\"url\":\"http:\/\/yogajagat.com\/wp-content\/uploads\/2020\/01\/DSC03518.jpg-1-1024x768-1-300x225.jpg\",\"contentUrl\":\"http:\/\/yogajagat.com\/wp-content\/uploads\/2020\/01\/DSC03518.jpg-1-1024x768-1-300x225.jpg\"},{\"@type\":\"WebPage\",\"@id\":\"https:\/\/yogajagat.com\/de\/klang-des-herzens-om-und-schwan\/#webpage\",\"url\":\"https:\/\/yogajagat.com\/de\/klang-des-herzens-om-und-schwan\/\",\"name\":\"Klang des Herzens, OM und Schwan - Sch\u00f6nheit der Ver\u00e4nderung\",\"isPartOf\":{\"@id\":\"https:\/\/yogajagat.com\/#website\"},\"primaryImageOfPage\":{\"@id\":\"https:\/\/yogajagat.com\/de\/klang-des-herzens-om-und-schwan\/#primaryimage\"},\"datePublished\":\"2019-03-08T21:03:34+00:00\",\"dateModified\":\"2020-06-18T13:49:19+00:00\",\"description\":\"Klang des Herzens und OM, der Urklang. Der Schwan ist das Symbol der reinen Seele. Wer ist Hamsayogin? Wie praktiziert man Nada Yoga?\",\"breadcrumb\":{\"@id\":\"https:\/\/yogajagat.com\/de\/klang-des-herzens-om-und-schwan\/#breadcrumb\"},\"inLanguage\":\"de\",\"potentialAction\":[{\"@type\":\"ReadAction\",\"target\":[\"https:\/\/yogajagat.com\/de\/klang-des-herzens-om-und-schwan\/\"]}]},{\"@type\":\"BreadcrumbList\",\"@id\":\"https:\/\/yogajagat.com\/de\/klang-des-herzens-om-und-schwan\/#breadcrumb\",\"itemListElement\":[{\"@type\":\"ListItem\",\"position\":1,\"name\":\"Home\",\"item\":\"https:\/\/yogajagat.com\/sr\/\"},{\"@type\":\"ListItem\",\"position\":2,\"name\":\"Klang des Herzens, OM und Schwan\"}]}]}<\/script>\n<!-- \/ Yoast SEO plugin. -->","yoast_head_json":{"title":"Klang des Herzens, OM und Schwan - Sch\u00f6nheit der Ver\u00e4nderung","description":"Klang des Herzens und OM, der Urklang. Der Schwan ist das Symbol der reinen Seele. Wer ist Hamsayogin? Wie praktiziert man Nada Yoga?","robots":{"index":"index","follow":"follow","max-snippet":"max-snippet:-1","max-image-preview":"max-image-preview:large","max-video-preview":"max-video-preview:-1"},"canonical":"https:\/\/yogajagat.com\/de\/klang-des-herzens-om-und-schwan\/","twitter_misc":{"Gesch\u00e4tzte Lesezeit":"23\u00a0Minuten"},"schema":{"@context":"https:\/\/schema.org","@graph":[{"@type":"Organization","@id":"https:\/\/yogajagat.com\/#organization","name":"Yogajagat","url":"https:\/\/yogajagat.com\/","sameAs":[],"logo":{"@type":"ImageObject","@id":"https:\/\/yogajagat.com\/#logo","inLanguage":"de","url":"https:\/\/i1.wp.com\/yogajagat.com\/wp-content\/uploads\/2019\/03\/DSC08478-Kopie-1.jpg?fit=798%2C800&ssl=1","contentUrl":"https:\/\/i1.wp.com\/yogajagat.com\/wp-content\/uploads\/2019\/03\/DSC08478-Kopie-1.jpg?fit=798%2C800&ssl=1","width":798,"height":800,"caption":"Yogajagat"},"image":{"@id":"https:\/\/yogajagat.com\/#logo"}},{"@type":"WebSite","@id":"https:\/\/yogajagat.com\/#website","url":"https:\/\/yogajagat.com\/","name":"Sch\u00f6nheit der Ver\u00e4nderung","description":"Mit st\u00e4ndiger Ver\u00e4nderung zum sch\u00f6nsten Lebenserfahrung","publisher":{"@id":"https:\/\/yogajagat.com\/#organization"},"potentialAction":[{"@type":"SearchAction","target":{"@type":"EntryPoint","urlTemplate":"https:\/\/yogajagat.com\/?s={search_term_string}"},"query-input":"required name=search_term_string"}],"inLanguage":"de"},{"@type":"ImageObject","@id":"https:\/\/yogajagat.com\/de\/klang-des-herzens-om-und-schwan\/#primaryimage","inLanguage":"de","url":"http:\/\/yogajagat.com\/wp-content\/uploads\/2020\/01\/DSC03518.jpg-1-1024x768-1-300x225.jpg","contentUrl":"http:\/\/yogajagat.com\/wp-content\/uploads\/2020\/01\/DSC03518.jpg-1-1024x768-1-300x225.jpg"},{"@type":"WebPage","@id":"https:\/\/yogajagat.com\/de\/klang-des-herzens-om-und-schwan\/#webpage","url":"https:\/\/yogajagat.com\/de\/klang-des-herzens-om-und-schwan\/","name":"Klang des Herzens, OM und Schwan - Sch\u00f6nheit der Ver\u00e4nderung","isPartOf":{"@id":"https:\/\/yogajagat.com\/#website"},"primaryImageOfPage":{"@id":"https:\/\/yogajagat.com\/de\/klang-des-herzens-om-und-schwan\/#primaryimage"},"datePublished":"2019-03-08T21:03:34+00:00","dateModified":"2020-06-18T13:49:19+00:00","description":"Klang des Herzens und OM, der Urklang. Der Schwan ist das Symbol der reinen Seele. Wer ist Hamsayogin? Wie praktiziert man Nada Yoga?","breadcrumb":{"@id":"https:\/\/yogajagat.com\/de\/klang-des-herzens-om-und-schwan\/#breadcrumb"},"inLanguage":"de","potentialAction":[{"@type":"ReadAction","target":["https:\/\/yogajagat.com\/de\/klang-des-herzens-om-und-schwan\/"]}]},{"@type":"BreadcrumbList","@id":"https:\/\/yogajagat.com\/de\/klang-des-herzens-om-und-schwan\/#breadcrumb","itemListElement":[{"@type":"ListItem","position":1,"name":"Home","item":"https:\/\/yogajagat.com\/sr\/"},{"@type":"ListItem","position":2,"name":"Klang des Herzens, OM und Schwan"}]}]}},"_links":{"self":[{"href":"https:\/\/yogajagat.com\/de\/wp-json\/wp\/v2\/pages\/2578"}],"collection":[{"href":"https:\/\/yogajagat.com\/de\/wp-json\/wp\/v2\/pages"}],"about":[{"href":"https:\/\/yogajagat.com\/de\/wp-json\/wp\/v2\/types\/page"}],"author":[{"embeddable":true,"href":"https:\/\/yogajagat.com\/de\/wp-json\/wp\/v2\/users\/1"}],"replies":[{"embeddable":true,"href":"https:\/\/yogajagat.com\/de\/wp-json\/wp\/v2\/comments?post=2578"}],"version-history":[{"count":17,"href":"https:\/\/yogajagat.com\/de\/wp-json\/wp\/v2\/pages\/2578\/revisions"}],"predecessor-version":[{"id":5976,"href":"https:\/\/yogajagat.com\/de\/wp-json\/wp\/v2\/pages\/2578\/revisions\/5976"}],"wp:attachment":[{"href":"https:\/\/yogajagat.com\/de\/wp-json\/wp\/v2\/media?parent=2578"}],"curies":[{"name":"wp","href":"https:\/\/api.w.org\/{rel}","templated":true}]}}