{"id":2573,"date":"2019-03-08T22:00:31","date_gmt":"2019-03-08T21:00:31","guid":{"rendered":"http:\/\/yogajagat.com\/?page_id=2573"},"modified":"2020-05-01T13:31:32","modified_gmt":"2020-05-01T11:31:32","slug":"the-way-of-the-heart","status":"publish","type":"page","link":"https:\/\/yogajagat.com\/de\/weg-des-herzens-und-der-widmung\/","title":{"rendered":"Weg des Herzens und der Widmung"},"content":{"rendered":"[vc_row][vc_column][vc_column_text]Der Text <em>Weg des Herzens und der Widmung\u00a0<\/em>ist zur Zeit in <a href=\"https:\/\/yogajagat.com\/the-way-of-the-heart\/\"><span style=\"color: #993300;\">englischer Sprache<\/span><\/a> verf\u00fcgbar.<\/p>\n<p>&nbsp;<\/p>\n<div id=\"attachment_3066\" style=\"width: 437px\" class=\"wp-caption aligncenter\"><img aria-describedby=\"caption-attachment-3066\" loading=\"lazy\" class=\"size-full wp-image-3066\" src=\"https:\/\/i1.wp.com\/yogajagat.com\/wp-content\/uploads\/2019\/04\/inside-Agafya-long-krasrab.jpeg?resize=427%2C640\" alt=\"the way of the heart weg des herzens\" width=\"427\" height=\"640\" srcset=\"https:\/\/i1.wp.com\/yogajagat.com\/wp-content\/uploads\/2019\/04\/inside-Agafya-long-krasrab.jpeg?w=427&amp;ssl=1 427w, https:\/\/i1.wp.com\/yogajagat.com\/wp-content\/uploads\/2019\/04\/inside-Agafya-long-krasrab.jpeg?resize=200%2C300&amp;ssl=1 200w\" sizes=\"(max-width: 427px) 100vw, 427px\" data-recalc-dims=\"1\" \/><p id=\"caption-attachment-3066\" class=\"wp-caption-text\">Agafya Lykova, Image source: https:\/\/siberiantimes.com\/other\/others\/features\/siberian-hermit-75-who-lives-in-18th-century-refuses-to-be-moved-by-space-age\/<\/p><\/div>\n[\/vc_column_text][\/vc_column][\/vc_row]\n","protected":false},"excerpt":{"rendered":"<p>[vc_row][vc_column][vc_column_text]Der Text Weg des Herzens und der Widmung\u00a0ist zur Zeit in englischer Sprache verf\u00fcgbar.<br \/>\n&nbsp;<br \/>\n[\/vc_column_text][\/vc_column][\/vc_row]<\/p>\n","protected":false},"author":1,"featured_media":0,"parent":0,"menu_order":0,"comment_status":"closed","ping_status":"closed","template":"template-full-width.php","meta":{"_bbp_topic_count":0,"_bbp_reply_count":0,"_bbp_total_topic_count":0,"_bbp_total_reply_count":0,"_bbp_voice_count":0,"_bbp_anonymous_reply_count":0,"_bbp_topic_count_hidden":0,"_bbp_reply_count_hidden":0,"_bbp_forum_subforum_count":0,"inline_featured_image":false,"spay_email":""},"translation":{"provider":"WPGlobus","version":"3.0.1","language":"de","enabled_languages":["en","de","sr"],"languages":{"en":{"title":true,"content":true,"excerpt":false},"de":{"title":true,"content":true,"excerpt":false},"sr":{"title":true,"content":true,"excerpt":false}}},"yoast_head":"<!-- This site is optimized with the Yoast SEO plugin v18.3 - https:\/\/yoast.com\/wordpress\/plugins\/seo\/ -->\n<title>Weg des Herzens und der Widmung - Sch\u00f6nheit der Ver\u00e4nderung<\/title>\n<meta name=\"description\" content=\"Weg des Herzens und der Widmung... ist zur Zeit in Englischer Sprache verf\u00fcgbar...\" \/>\n<meta name=\"robots\" content=\"index, follow, max-snippet:-1, max-image-preview:large, max-video-preview:-1\" \/>\n<link rel=\"canonical\" href=\"https:\/\/yogajagat.com\/the-way-of-the-heart\/\" \/>\n<meta name=\"twitter:label1\" content=\"Gesch\u00e4tzte Lesezeit\" \/>\n\t<meta name=\"twitter:data1\" content=\"30\u00a0Minuten\" \/>\n<script type=\"application\/ld+json\" class=\"yoast-schema-graph\">{\"@context\":\"https:\/\/schema.org\",\"@graph\":[{\"@type\":\"Organization\",\"@id\":\"https:\/\/yogajagat.com\/#organization\",\"name\":\"Yogajagat\",\"url\":\"https:\/\/yogajagat.com\/\",\"sameAs\":[],\"logo\":{\"@type\":\"ImageObject\",\"@id\":\"https:\/\/yogajagat.com\/#logo\",\"inLanguage\":\"de\",\"url\":\"https:\/\/i1.wp.com\/yogajagat.com\/wp-content\/uploads\/2019\/03\/DSC08478-Kopie-1.jpg?fit=798%2C800&ssl=1\",\"contentUrl\":\"https:\/\/i1.wp.com\/yogajagat.com\/wp-content\/uploads\/2019\/03\/DSC08478-Kopie-1.jpg?fit=798%2C800&ssl=1\",\"width\":798,\"height\":800,\"caption\":\"Yogajagat\"},\"image\":{\"@id\":\"https:\/\/yogajagat.com\/#logo\"}},{\"@type\":\"WebSite\",\"@id\":\"https:\/\/yogajagat.com\/#website\",\"url\":\"https:\/\/yogajagat.com\/\",\"name\":\"Sch\u00f6nheit der Ver\u00e4nderung\",\"description\":\"Mit st\u00e4ndiger Ver\u00e4nderung zum sch\u00f6nsten Lebenserfahrung\",\"publisher\":{\"@id\":\"https:\/\/yogajagat.com\/#organization\"},\"potentialAction\":[{\"@type\":\"SearchAction\",\"target\":{\"@type\":\"EntryPoint\",\"urlTemplate\":\"https:\/\/yogajagat.com\/?s={search_term_string}\"},\"query-input\":\"required name=search_term_string\"}],\"inLanguage\":\"de\"},{\"@type\":\"ImageObject\",\"@id\":\"https:\/\/yogajagat.com\/the-way-of-the-heart\/#primaryimage\",\"inLanguage\":\"de\",\"url\":\"http:\/\/yogajagat.com\/wp-content\/uploads\/2019\/04\/inside-Agafya-long-krasrab.jpeg\",\"contentUrl\":\"http:\/\/yogajagat.com\/wp-content\/uploads\/2019\/04\/inside-Agafya-long-krasrab.jpeg\"},{\"@type\":\"WebPage\",\"@id\":\"https:\/\/yogajagat.com\/the-way-of-the-heart\/#webpage\",\"url\":\"https:\/\/yogajagat.com\/the-way-of-the-heart\/\",\"name\":\"Weg des Herzens und der Widmung - Sch\u00f6nheit der Ver\u00e4nderung\",\"isPartOf\":{\"@id\":\"https:\/\/yogajagat.com\/#website\"},\"primaryImageOfPage\":{\"@id\":\"https:\/\/yogajagat.com\/the-way-of-the-heart\/#primaryimage\"},\"datePublished\":\"2019-03-08T21:00:31+00:00\",\"dateModified\":\"2020-05-01T11:31:32+00:00\",\"description\":\"Weg des Herzens und der Widmung... ist zur Zeit in Englischer Sprache verf\u00fcgbar...\",\"breadcrumb\":{\"@id\":\"https:\/\/yogajagat.com\/the-way-of-the-heart\/#breadcrumb\"},\"inLanguage\":\"de\",\"potentialAction\":[{\"@type\":\"ReadAction\",\"target\":[\"https:\/\/yogajagat.com\/the-way-of-the-heart\/\"]}]},{\"@type\":\"BreadcrumbList\",\"@id\":\"https:\/\/yogajagat.com\/the-way-of-the-heart\/#breadcrumb\",\"itemListElement\":[{\"@type\":\"ListItem\",\"position\":1,\"name\":\"Home\",\"item\":\"https:\/\/yogajagat.com\/sr\/\"},{\"@type\":\"ListItem\",\"position\":2,\"name\":\"The Way of the Heart\"}]}]}<\/script>\n<!-- \/ Yoast SEO plugin. -->","yoast_head_json":{"title":"Weg des Herzens und der Widmung - Sch\u00f6nheit der Ver\u00e4nderung","description":"Weg des Herzens und der Widmung... ist zur Zeit in Englischer Sprache verf\u00fcgbar...","robots":{"index":"index","follow":"follow","max-snippet":"max-snippet:-1","max-image-preview":"max-image-preview:large","max-video-preview":"max-video-preview:-1"},"canonical":"https:\/\/yogajagat.com\/the-way-of-the-heart\/","twitter_misc":{"Gesch\u00e4tzte Lesezeit":"30\u00a0Minuten"},"schema":{"@context":"https:\/\/schema.org","@graph":[{"@type":"Organization","@id":"https:\/\/yogajagat.com\/#organization","name":"Yogajagat","url":"https:\/\/yogajagat.com\/","sameAs":[],"logo":{"@type":"ImageObject","@id":"https:\/\/yogajagat.com\/#logo","inLanguage":"de","url":"https:\/\/i1.wp.com\/yogajagat.com\/wp-content\/uploads\/2019\/03\/DSC08478-Kopie-1.jpg?fit=798%2C800&ssl=1","contentUrl":"https:\/\/i1.wp.com\/yogajagat.com\/wp-content\/uploads\/2019\/03\/DSC08478-Kopie-1.jpg?fit=798%2C800&ssl=1","width":798,"height":800,"caption":"Yogajagat"},"image":{"@id":"https:\/\/yogajagat.com\/#logo"}},{"@type":"WebSite","@id":"https:\/\/yogajagat.com\/#website","url":"https:\/\/yogajagat.com\/","name":"Sch\u00f6nheit der Ver\u00e4nderung","description":"Mit st\u00e4ndiger Ver\u00e4nderung zum sch\u00f6nsten Lebenserfahrung","publisher":{"@id":"https:\/\/yogajagat.com\/#organization"},"potentialAction":[{"@type":"SearchAction","target":{"@type":"EntryPoint","urlTemplate":"https:\/\/yogajagat.com\/?s={search_term_string}"},"query-input":"required name=search_term_string"}],"inLanguage":"de"},{"@type":"ImageObject","@id":"https:\/\/yogajagat.com\/the-way-of-the-heart\/#primaryimage","inLanguage":"de","url":"http:\/\/yogajagat.com\/wp-content\/uploads\/2019\/04\/inside-Agafya-long-krasrab.jpeg","contentUrl":"http:\/\/yogajagat.com\/wp-content\/uploads\/2019\/04\/inside-Agafya-long-krasrab.jpeg"},{"@type":"WebPage","@id":"https:\/\/yogajagat.com\/the-way-of-the-heart\/#webpage","url":"https:\/\/yogajagat.com\/the-way-of-the-heart\/","name":"Weg des Herzens und der Widmung - Sch\u00f6nheit der Ver\u00e4nderung","isPartOf":{"@id":"https:\/\/yogajagat.com\/#website"},"primaryImageOfPage":{"@id":"https:\/\/yogajagat.com\/the-way-of-the-heart\/#primaryimage"},"datePublished":"2019-03-08T21:00:31+00:00","dateModified":"2020-05-01T11:31:32+00:00","description":"Weg des Herzens und der Widmung... ist zur Zeit in Englischer Sprache verf\u00fcgbar...","breadcrumb":{"@id":"https:\/\/yogajagat.com\/the-way-of-the-heart\/#breadcrumb"},"inLanguage":"de","potentialAction":[{"@type":"ReadAction","target":["https:\/\/yogajagat.com\/the-way-of-the-heart\/"]}]},{"@type":"BreadcrumbList","@id":"https:\/\/yogajagat.com\/the-way-of-the-heart\/#breadcrumb","itemListElement":[{"@type":"ListItem","position":1,"name":"Home","item":"https:\/\/yogajagat.com\/sr\/"},{"@type":"ListItem","position":2,"name":"The Way of the Heart"}]}]}},"_links":{"self":[{"href":"https:\/\/yogajagat.com\/de\/wp-json\/wp\/v2\/pages\/2573"}],"collection":[{"href":"https:\/\/yogajagat.com\/de\/wp-json\/wp\/v2\/pages"}],"about":[{"href":"https:\/\/yogajagat.com\/de\/wp-json\/wp\/v2\/types\/page"}],"author":[{"embeddable":true,"href":"https:\/\/yogajagat.com\/de\/wp-json\/wp\/v2\/users\/1"}],"replies":[{"embeddable":true,"href":"https:\/\/yogajagat.com\/de\/wp-json\/wp\/v2\/comments?post=2573"}],"version-history":[{"count":41,"href":"https:\/\/yogajagat.com\/de\/wp-json\/wp\/v2\/pages\/2573\/revisions"}],"predecessor-version":[{"id":5839,"href":"https:\/\/yogajagat.com\/de\/wp-json\/wp\/v2\/pages\/2573\/revisions\/5839"}],"wp:attachment":[{"href":"https:\/\/yogajagat.com\/de\/wp-json\/wp\/v2\/media?parent=2573"}],"curies":[{"name":"wp","href":"https:\/\/api.w.org\/{rel}","templated":true}]}}