{"id":2568,"date":"2019-03-08T21:57:54","date_gmt":"2019-03-08T20:57:54","guid":{"rendered":"http:\/\/yogajagat.com\/?page_id=2568"},"modified":"2020-06-17T15:48:34","modified_gmt":"2020-06-17T13:48:34","slug":"analytical-thinkers-and-their-path","status":"publish","type":"page","link":"https:\/\/yogajagat.com\/de\/analytische-denker-und-ihr-weg\/","title":{"rendered":"Analytische Denker und ihr Weg"},"content":{"rendered":"[vc_row][vc_column][vc_column_text]\n<h3 style=\"text-align: center;\"><span style=\"color: #993300;\">ANALYTISCHE DENKER\u00a0<\/span><\/h3>\n<h4 style=\"text-align: center;\"><span style=\"color: #800080;\">ERKENNUNG DER WAHRHEIT<\/span><\/h4>\n<h4 style=\"text-align: center;\"><span style=\"color: #800080;\">DER WEG ZU GROSSER ERFAHRUNG UND BESTEM WISSEN<\/span><\/h4>\n<hr \/>\n<p>&nbsp;<\/p>\n<p>Der <em>Weg<\/em> ist sowohl unsere Lebensweise als auch der Raum, an dem wir angekommen sind. Analytische Denker haben vielleicht einen langsameren Lebensweg, aber deren ruhigerer, langsamer Weg f\u00fchrt zu einer gro\u00dfartigen Erfahrung und damit zu einem gro\u00dfen Wissen \u00fcber die Dinge und Ereignisse in ihnen und um sie.<\/p>\n[\/vc_column_text][\/vc_column][\/vc_row][vc_row][vc_column][vc_custom_heading text=&#8220;Identifizieren, was echt ist und was nicht&#8220; font_container=&#8220;tag:h2|text_align:center|color:%231ba2b7&#8243; google_fonts=&#8220;font_family:Ubuntu%3A300%2C300italic%2Cregular%2Citalic%2C500%2C500italic%2C700%2C700italic|font_style:300%20light%20italic%3A300%3Aitalic&#8220;][\/vc_column][\/vc_row][vc_row][vc_column][vc_column_text]\n<hr \/>\n<p>&nbsp;<\/p>\n<p>Niemand wird gelehrt geboren, aber mit bestimmten Zuneigungen. Die ewigen Analytiker und diejenigen, denen die Wahrheit am wichtigsten ist und die bereit sind, irdische Freuden im Namen h\u00f6herer Gedanken und Erfahrungen\u00a0immer wieder zu leugnen,\u00a0im Sinne des Yoga, nennen wir sie <em>Jnana Yogis.<\/em><\/p>\n<p>Diese Personen haben die F\u00e4higkeit, den Unterschied zwischen zwei Dingen zu erkennen. Sie reisen Schritt f\u00fcr Schritt durch das Leben, \u00fcbrigens wie alle anderen.<\/p>\n<p>Die ewigen analytischen Denker haben einen systematischen Weg, um Wahrheit oder Unwahrheit zu erkennen. Deshalb gehen diejenigen Menschen, die zu T\u00e4uschung und \u00dcbertreibung neigen, diesen Weg in ihrem Leben nicht.<\/p>\n<p>Eine falsche Identifikation mit dem, was der Mensch\u00a0nicht ist, ist bereits eine T\u00e4uschung die zu noch tieferer Verwirrung f\u00fchrt. Analytische Denker \u00e4rgern sich manchmal \u00fcber Tagtr\u00e4umer oder Idealisten, aber sie lassen sich selten in der L\u00fcge gefangen.<\/p>\n[\/vc_column_text][\/vc_column][\/vc_row][vc_row][vc_column][vc_column_text]<img loading=\"lazy\" class=\"aligncenter size-full wp-image-5212\" src=\"https:\/\/i1.wp.com\/yogajagat.com\/wp-content\/uploads\/2020\/02\/30298_395461372511_4899473_n.jpg?resize=477%2C719\" alt=\"analytische Denker\" width=\"477\" height=\"719\" srcset=\"https:\/\/i1.wp.com\/yogajagat.com\/wp-content\/uploads\/2020\/02\/30298_395461372511_4899473_n.jpg?w=477&amp;ssl=1 477w, https:\/\/i1.wp.com\/yogajagat.com\/wp-content\/uploads\/2020\/02\/30298_395461372511_4899473_n.jpg?resize=199%2C300&amp;ssl=1 199w\" sizes=\"(max-width: 477px) 100vw, 477px\" data-recalc-dims=\"1\" \/>[\/vc_column_text][\/vc_column][\/vc_row][vc_row][vc_column][vc_custom_heading text=&#8220;Wie sich ein Jnana Yogi verh\u00e4lt&#8220; font_container=&#8220;tag:h2|text_align:center|color:%231ba2b7&#8243; google_fonts=&#8220;font_family:Ubuntu%3A300%2C300italic%2Cregular%2Citalic%2C500%2C500italic%2C700%2C700italic|font_style:300%20light%20italic%3A300%3Aitalic&#8220;][\/vc_column][\/vc_row][vc_row][vc_column][vc_column_text]\n<hr \/>\n<p>&nbsp;<\/p>\n<p>Ein Mensch, der diese Ebene der Existenz erreicht hat an der er den Unterschied zweifellos machen kann, wurde gew\u00f6hnlich von seiner niederen Natur getrennt. Er wurde eins mit allem, ein realisierter Mensch.<\/p>\n<p>Die alte indische Wissenschaft des Nicht-Dualismus hei\u00dft <em>Advaita Vedanta<\/em>.<\/p>\n<p>Das Sanskrit-Wort <em>Vedanta<\/em> bedeutet das Ende des Wissens und bezieht sich auf transzendentales Wissen nicht auf das, was ein Mensch mit seinem Verstand lernt. Dieser Weg des Wissens ist ein langer Weg der Weisheit, der schrittweise und mit gro\u00dfer Aufrichtigkeit gegen\u00fcber sich selbst erreicht werden kann.<\/p>\n<p>Dieser Weg erfordert viel Selbstdisziplin.<\/p>\n<p>Einsicht ist ein Kind des Wissens.<\/p>\n<p>Erfahrung und Wissen werden eins.<\/p>\n<p><em>Jnana Yogi<\/em> ist jeder, der einen klaren Einblick in die Welt aller Dinge, Menschen und Ereignisse hat.<\/p>\n<p>Alle vier Veden, <em>Rig Veda, Sam Veda, Yajur Veda <\/em>und <em>Artharvaveda<\/em> sind Textsammlungen, zu denen die <em>Upanishaden<\/em> geh\u00f6ren, und sie sprechen \u00fcber Jnana Yoga.<\/p>\n[\/vc_column_text][\/vc_column][\/vc_row][vc_row][vc_column][vc_custom_heading text=&#8220;Einsicht \u00fcben&#8220; font_container=&#8220;tag:h2|text_align:center|color:%231ba2b7&#8243; google_fonts=&#8220;font_family:Ubuntu%3A300%2C300italic%2Cregular%2Citalic%2C500%2C500italic%2C700%2C700italic|font_style:300%20light%20italic%3A300%3Aitalic&#8220;][\/vc_column][\/vc_row][vc_row][vc_column][vc_column_text]\n<hr \/>\n<p>&nbsp;<\/p>\n<p>Das Erkennen der Wahrheit kann ge\u00fcbt werden. Praxis, die zur Anerkennung der Wahrheit f\u00fchrt, ist auch eine Frage der Selbstdisziplin und Selbstaufopferung. Nichts kann tats\u00e4chlich ohne inneres Opfer und Selbstdisziplin geschehen.<\/p>\n<p>Um eine reine Einsicht zu erreichen, sollte ein Mensch seinen Geh\u00f6rsinn mehr den Menschen widmen, die sich bereits verwirklicht haben. Diese Leute sprechen \u00fcber ihre direkten Erfahrungen.<\/p>\n<p>Man sollte weise und spirituelle <a href=\"https:\/\/yogajagat.com\/de\/des-menschen-bester-freund\/\"><span style=\"color: #993300;\">B\u00fccher lesen<\/span><\/a>. Mann findet die Wahrheit <a href=\"https:\/\/yogajagat.com\/de\/mensch-und-stille\/\"><span style=\"color: #993300;\">in Stille.<\/span><\/a> Wenn ein Mann die Augen schlie\u00dft und in seine inneren Welten eintritt, kann er daher die Wahrheit dessen verstehen, was er von wahrhaft spirituellen Menschen geh\u00f6rt und gelesen hat.<\/p>\n<p>Dies ist die Praxis der Diskriminierung und der Wahl, was echt ist und was nicht.<\/p>\n<p>Es ist ein Weg, der zur Selbstverwirklichung f\u00fchrt oder einfach gesagt, ein Mann kann <a href=\"https:\/\/yogajagat.com\/de\/der-weg-der-befreiung\/\"><span style=\"color: #993300;\">frei<\/span> <\/a>sein.<\/p>\n<p>Der Weg der analytischen Denker ist mit dem Weg der <a href=\"https:\/\/yogajagat.com\/de\/nachdenken-logisches-denken-einsicht\/\"><span style=\"color: #993300;\">Raja Yogis<\/span><\/a>\u00a0eng verwoben.<\/p>\n[\/vc_column_text][\/vc_column][\/vc_row]\n","protected":false},"excerpt":{"rendered":"<p>[vc_row][vc_column][vc_column_text]<br \/>\nANALYTISCHE DENKER\u00a0<br \/>\nERKENNUNG DER WAHRHEIT<br \/>\nDER WEG ZU GROSSER ERFAHRUNG UND BESTEM WISSEN<\/p>\n<p>&nbsp;<br \/>\nDer Weg ist sowohl unsere Lebensweise als auch der Raum, an dem wir angekommen sind. Analytische Denker haben vielleicht einen langsameren Lebensweg, aber deren ruhigerer, langsamer Weg f\u00fchrt zu einer gro\u00dfartigen Erfahrung und damit zu einem gro\u00dfen Wissen \u00fcber die Dinge und Ereignisse in ihnen und um sie.<br \/>\n[\/vc_column_text][\/vc_column][\/vc_row][vc_row][vc_column][vc_custom_heading text=&#8220;Identifizieren, was echt ist und was nicht&#8220; font_container=&#8220;tag:h2|text_align:center|color:%231ba2b7&#8243; google_fonts=&#8220;font_family:Ubuntu%3A300%2C300italic%2Cregular%2Citalic%2C500%2C500italic%2C700%2C700italic|font_style:300%20light%20italic%3A300%3Aitalic&#8220;][\/vc_column][\/vc_row][vc_row][vc_column][vc_column_text]<\/p>\n<p>&nbsp;<br \/>\nNiemand wird gelehrt geboren, &#8230;<\/p>\n","protected":false},"author":1,"featured_media":0,"parent":0,"menu_order":0,"comment_status":"closed","ping_status":"closed","template":"template-full-width.php","meta":{"_bbp_topic_count":0,"_bbp_reply_count":0,"_bbp_total_topic_count":0,"_bbp_total_reply_count":0,"_bbp_voice_count":0,"_bbp_anonymous_reply_count":0,"_bbp_topic_count_hidden":0,"_bbp_reply_count_hidden":0,"_bbp_forum_subforum_count":0,"inline_featured_image":false,"spay_email":""},"translation":{"provider":"WPGlobus","version":"3.0.1","language":"de","enabled_languages":["en","de","sr"],"languages":{"en":{"title":true,"content":true,"excerpt":false},"de":{"title":true,"content":true,"excerpt":false},"sr":{"title":true,"content":true,"excerpt":false}}},"yoast_head":"<!-- This site is optimized with the Yoast SEO plugin v18.3 - https:\/\/yoast.com\/wordpress\/plugins\/seo\/ -->\n<title>Analytische Denker und ihr Weg - Sch\u00f6nheit der Ver\u00e4nderung<\/title>\n<meta name=\"description\" content=\"Analytische Denker und Erkennung der Wahrheit. Selbstdisziplin und Selbsaufopferung. Wer sind Jnana Yogis und was ist der Weg der Selbstverwirklichung?\" \/>\n<meta name=\"robots\" content=\"index, follow, max-snippet:-1, max-image-preview:large, max-video-preview:-1\" \/>\n<link rel=\"canonical\" href=\"https:\/\/yogajagat.com\/analytical-thinkers-and-their-path\/\" \/>\n<meta name=\"twitter:label1\" content=\"Gesch\u00e4tzte Lesezeit\" \/>\n\t<meta name=\"twitter:data1\" content=\"10\u00a0Minuten\" \/>\n<script type=\"application\/ld+json\" class=\"yoast-schema-graph\">{\"@context\":\"https:\/\/schema.org\",\"@graph\":[{\"@type\":\"Organization\",\"@id\":\"https:\/\/yogajagat.com\/#organization\",\"name\":\"Yogajagat\",\"url\":\"https:\/\/yogajagat.com\/\",\"sameAs\":[],\"logo\":{\"@type\":\"ImageObject\",\"@id\":\"https:\/\/yogajagat.com\/#logo\",\"inLanguage\":\"de\",\"url\":\"https:\/\/i1.wp.com\/yogajagat.com\/wp-content\/uploads\/2019\/03\/DSC08478-Kopie-1.jpg?fit=798%2C800&ssl=1\",\"contentUrl\":\"https:\/\/i1.wp.com\/yogajagat.com\/wp-content\/uploads\/2019\/03\/DSC08478-Kopie-1.jpg?fit=798%2C800&ssl=1\",\"width\":798,\"height\":800,\"caption\":\"Yogajagat\"},\"image\":{\"@id\":\"https:\/\/yogajagat.com\/#logo\"}},{\"@type\":\"WebSite\",\"@id\":\"https:\/\/yogajagat.com\/#website\",\"url\":\"https:\/\/yogajagat.com\/\",\"name\":\"Sch\u00f6nheit der Ver\u00e4nderung\",\"description\":\"Mit st\u00e4ndiger Ver\u00e4nderung zum sch\u00f6nsten Lebenserfahrung\",\"publisher\":{\"@id\":\"https:\/\/yogajagat.com\/#organization\"},\"potentialAction\":[{\"@type\":\"SearchAction\",\"target\":{\"@type\":\"EntryPoint\",\"urlTemplate\":\"https:\/\/yogajagat.com\/?s={search_term_string}\"},\"query-input\":\"required name=search_term_string\"}],\"inLanguage\":\"de\"},{\"@type\":\"ImageObject\",\"@id\":\"https:\/\/yogajagat.com\/analytical-thinkers-and-their-path\/#primaryimage\",\"inLanguage\":\"de\",\"url\":\"http:\/\/yogajagat.com\/wp-content\/uploads\/2020\/02\/IMG_7265.jpg\",\"contentUrl\":\"http:\/\/yogajagat.com\/wp-content\/uploads\/2020\/02\/IMG_7265.jpg\"},{\"@type\":\"WebPage\",\"@id\":\"https:\/\/yogajagat.com\/analytical-thinkers-and-their-path\/#webpage\",\"url\":\"https:\/\/yogajagat.com\/analytical-thinkers-and-their-path\/\",\"name\":\"Analytische Denker und ihr Weg - Sch\u00f6nheit der Ver\u00e4nderung\",\"isPartOf\":{\"@id\":\"https:\/\/yogajagat.com\/#website\"},\"primaryImageOfPage\":{\"@id\":\"https:\/\/yogajagat.com\/analytical-thinkers-and-their-path\/#primaryimage\"},\"datePublished\":\"2019-03-08T20:57:54+00:00\",\"dateModified\":\"2020-06-17T13:48:34+00:00\",\"description\":\"Analytische Denker und Erkennung der Wahrheit. Selbstdisziplin und Selbsaufopferung. Wer sind Jnana Yogis und was ist der Weg der Selbstverwirklichung?\",\"breadcrumb\":{\"@id\":\"https:\/\/yogajagat.com\/analytical-thinkers-and-their-path\/#breadcrumb\"},\"inLanguage\":\"de\",\"potentialAction\":[{\"@type\":\"ReadAction\",\"target\":[\"https:\/\/yogajagat.com\/analytical-thinkers-and-their-path\/\"]}]},{\"@type\":\"BreadcrumbList\",\"@id\":\"https:\/\/yogajagat.com\/analytical-thinkers-and-their-path\/#breadcrumb\",\"itemListElement\":[{\"@type\":\"ListItem\",\"position\":1,\"name\":\"Home\",\"item\":\"https:\/\/yogajagat.com\/sr\/\"},{\"@type\":\"ListItem\",\"position\":2,\"name\":\"Analytical Thinkers and Their Path\"}]}]}<\/script>\n<!-- \/ Yoast SEO plugin. -->","yoast_head_json":{"title":"Analytische Denker und ihr Weg - Sch\u00f6nheit der Ver\u00e4nderung","description":"Analytische Denker und Erkennung der Wahrheit. Selbstdisziplin und Selbsaufopferung. Wer sind Jnana Yogis und was ist der Weg der Selbstverwirklichung?","robots":{"index":"index","follow":"follow","max-snippet":"max-snippet:-1","max-image-preview":"max-image-preview:large","max-video-preview":"max-video-preview:-1"},"canonical":"https:\/\/yogajagat.com\/analytical-thinkers-and-their-path\/","twitter_misc":{"Gesch\u00e4tzte Lesezeit":"10\u00a0Minuten"},"schema":{"@context":"https:\/\/schema.org","@graph":[{"@type":"Organization","@id":"https:\/\/yogajagat.com\/#organization","name":"Yogajagat","url":"https:\/\/yogajagat.com\/","sameAs":[],"logo":{"@type":"ImageObject","@id":"https:\/\/yogajagat.com\/#logo","inLanguage":"de","url":"https:\/\/i1.wp.com\/yogajagat.com\/wp-content\/uploads\/2019\/03\/DSC08478-Kopie-1.jpg?fit=798%2C800&ssl=1","contentUrl":"https:\/\/i1.wp.com\/yogajagat.com\/wp-content\/uploads\/2019\/03\/DSC08478-Kopie-1.jpg?fit=798%2C800&ssl=1","width":798,"height":800,"caption":"Yogajagat"},"image":{"@id":"https:\/\/yogajagat.com\/#logo"}},{"@type":"WebSite","@id":"https:\/\/yogajagat.com\/#website","url":"https:\/\/yogajagat.com\/","name":"Sch\u00f6nheit der Ver\u00e4nderung","description":"Mit st\u00e4ndiger Ver\u00e4nderung zum sch\u00f6nsten Lebenserfahrung","publisher":{"@id":"https:\/\/yogajagat.com\/#organization"},"potentialAction":[{"@type":"SearchAction","target":{"@type":"EntryPoint","urlTemplate":"https:\/\/yogajagat.com\/?s={search_term_string}"},"query-input":"required name=search_term_string"}],"inLanguage":"de"},{"@type":"ImageObject","@id":"https:\/\/yogajagat.com\/analytical-thinkers-and-their-path\/#primaryimage","inLanguage":"de","url":"http:\/\/yogajagat.com\/wp-content\/uploads\/2020\/02\/IMG_7265.jpg","contentUrl":"http:\/\/yogajagat.com\/wp-content\/uploads\/2020\/02\/IMG_7265.jpg"},{"@type":"WebPage","@id":"https:\/\/yogajagat.com\/analytical-thinkers-and-their-path\/#webpage","url":"https:\/\/yogajagat.com\/analytical-thinkers-and-their-path\/","name":"Analytische Denker und ihr Weg - Sch\u00f6nheit der Ver\u00e4nderung","isPartOf":{"@id":"https:\/\/yogajagat.com\/#website"},"primaryImageOfPage":{"@id":"https:\/\/yogajagat.com\/analytical-thinkers-and-their-path\/#primaryimage"},"datePublished":"2019-03-08T20:57:54+00:00","dateModified":"2020-06-17T13:48:34+00:00","description":"Analytische Denker und Erkennung der Wahrheit. Selbstdisziplin und Selbsaufopferung. Wer sind Jnana Yogis und was ist der Weg der Selbstverwirklichung?","breadcrumb":{"@id":"https:\/\/yogajagat.com\/analytical-thinkers-and-their-path\/#breadcrumb"},"inLanguage":"de","potentialAction":[{"@type":"ReadAction","target":["https:\/\/yogajagat.com\/analytical-thinkers-and-their-path\/"]}]},{"@type":"BreadcrumbList","@id":"https:\/\/yogajagat.com\/analytical-thinkers-and-their-path\/#breadcrumb","itemListElement":[{"@type":"ListItem","position":1,"name":"Home","item":"https:\/\/yogajagat.com\/sr\/"},{"@type":"ListItem","position":2,"name":"Analytical Thinkers and Their Path"}]}]}},"_links":{"self":[{"href":"https:\/\/yogajagat.com\/de\/wp-json\/wp\/v2\/pages\/2568"}],"collection":[{"href":"https:\/\/yogajagat.com\/de\/wp-json\/wp\/v2\/pages"}],"about":[{"href":"https:\/\/yogajagat.com\/de\/wp-json\/wp\/v2\/types\/page"}],"author":[{"embeddable":true,"href":"https:\/\/yogajagat.com\/de\/wp-json\/wp\/v2\/users\/1"}],"replies":[{"embeddable":true,"href":"https:\/\/yogajagat.com\/de\/wp-json\/wp\/v2\/comments?post=2568"}],"version-history":[{"count":13,"href":"https:\/\/yogajagat.com\/de\/wp-json\/wp\/v2\/pages\/2568\/revisions"}],"predecessor-version":[{"id":5968,"href":"https:\/\/yogajagat.com\/de\/wp-json\/wp\/v2\/pages\/2568\/revisions\/5968"}],"wp:attachment":[{"href":"https:\/\/yogajagat.com\/de\/wp-json\/wp\/v2\/media?parent=2568"}],"curies":[{"name":"wp","href":"https:\/\/api.w.org\/{rel}","templated":true}]}}