{"id":2532,"date":"2019-03-08T00:40:47","date_gmt":"2019-03-07T23:40:47","guid":{"rendered":"http:\/\/yogajagat.com\/?page_id=2532"},"modified":"2020-06-16T13:15:17","modified_gmt":"2020-06-16T11:15:17","slug":"siddhis-occult-and-psychic-powers","status":"publish","type":"page","link":"https:\/\/yogajagat.com\/de\/siddhi-okkulte-und-psychische-kraft\/","title":{"rendered":"Siddhi, okkulte und psychische Kraft"},"content":{"rendered":"[vc_row][vc_column][vc_column_text]\n<h3 style=\"text-align: center;\"><span style=\"color: #993300;\">SIDDHI<\/span><\/h3>\n<h3 style=\"text-align: center;\"><span style=\"color: #993300;\"> OKKULTE, PSYCHISCHE KRAFT<\/span><\/h3>\n<hr \/>\n<p>&nbsp;<\/p>\n<p>Siddhi ist ein Sanskrit-Wort und bedeutet &#8222;Perfektion&#8220;. Siddhi ist eine okkulte, psychische Kraft, die durch die Kontrolle psychischer Elemente geweckt wird.<\/p>\n<p>Siddha ist eine perfekte, vollendete Seele. Es ist eine Person, die ihre <a href=\"https:\/\/yogajagat.com\/de\/was-ist-prana\/\"><span style=\"color: #993300;\">pranischen<\/span><\/a> oder psychischen F\u00e4higkeiten von K\u00f6rper, Geist und Seele voll entwickelt hat und die Kontrolle \u00fcber Geist, Seele, Elemente und Natur hat.<\/p>\n<p>Siddhartha ist der Mensch, der sein Wesen perfektioniert hat. (Siddhartha Gautama ist der Name des Buddha, des Begr\u00fcnders des Buddhismus im 6. Jahrhundert vor Christus).<\/p>\n<p>Das Erreichen \u00fcbernat\u00fcrlicher Kr\u00e4fte steht jeder Person zur Verf\u00fcgung, die an tieferen spirituellen Praktiken beteiligt ist. Spirituelle Praktiken k\u00f6nnen Geburt (wenn als Praxis verstanden), &#8222;geplante&#8220; oder &#8222;ungeplante&#8220; Askese, &#8222;geplante&#8220; oder &#8222;ungeplante&#8220; Demut, die Verwendung von Kr\u00e4utern (Heilpflanzen) oder Mantras (heilige Worte), oder Samadhi selbst sein.<\/p>\n<p>Ein Siddha ist ein Mensch wie jeder andere. Der einzige Unterschied besteht darin, dass seine psychischen und okkulten Kr\u00e4fte st\u00e4rker entwickelt sind als bei anderen Menschen. Es besteht kein Grund, sich vor solchen Menschen zu f\u00fcrchten.<\/p>\n<p>Es ist auch wichtig zu verstehen, dass die Sehnsucht nach solchen Kr\u00e4ften und der Versuch sie zu erreichen, normalerweise ein echtes katastrophales Chaos im Leben mit sich bringt, sowohl im Leben desjenigen, der sich nach solchen Kr\u00e4ften sehnt, als auch derer, die um ihn herum leben. Das Leben bringt fr\u00fcher oder sp\u00e4ter sowieso solche Leute zur Pr\u00fcfung.<\/p>\n[\/vc_column_text][\/vc_column][\/vc_row][vc_row][vc_column][vc_cta h2=&#8220;Yoga Sutra 4.1:&#8220; color=&#8220;turquoise&#8220;]Siddhi (Kr\u00e4fte) werden durch Geburt <em>(Yanma)<\/em>, Heilpflanzen <em>(Ausadhi)<\/em>, Mantras, Askese oder Demut <em>(Tapah)<\/em> oder Samadhi erreicht.<\/p>\n[\/vc_cta][\/vc_column][\/vc_row][vc_row][vc_column][vc_column_text]\n<p>Den Text <em>Siddhi, okkulte und psychische Kraft\u00a0<\/em>kann man<a href=\"https:\/\/yogajagat.com\/siddhis-occult-and-psychic-powers\/\"><span style=\"color: #993300;\"> hier<\/span><\/a>\u00a0auf\u00a0Englisch weiter lesen.[\/vc_column_text][\/vc_column][\/vc_row]\n","protected":false},"excerpt":{"rendered":"<p>[vc_row][vc_column][vc_column_text]<br \/>\nSIDDHI<br \/>\n OKKULTE, PSYCHISCHE KRAFT<\/p>\n<p>&nbsp;<br \/>\nSiddhi ist ein Sanskrit-Wort und bedeutet &#8222;Perfektion&#8220;. Siddhi ist eine okkulte, psychische Kraft, die durch die Kontrolle psychischer Elemente geweckt wird.<br \/>\nSiddha ist eine perfekte, vollendete Seele. Es ist eine Person, die ihre pranischen oder psychischen F\u00e4higkeiten von K\u00f6rper, Geist und Seele voll entwickelt hat und die Kontrolle \u00fcber Geist, Seele, Elemente und Natur hat.<br \/>\nSiddhartha ist der Mensch, der sein Wesen perfektioniert hat. (Siddhartha Gautama ist der Name des Buddha, des &#8230;<\/p>\n","protected":false},"author":1,"featured_media":0,"parent":0,"menu_order":0,"comment_status":"closed","ping_status":"closed","template":"template-full-width.php","meta":{"_bbp_topic_count":0,"_bbp_reply_count":0,"_bbp_total_topic_count":0,"_bbp_total_reply_count":0,"_bbp_voice_count":0,"_bbp_anonymous_reply_count":0,"_bbp_topic_count_hidden":0,"_bbp_reply_count_hidden":0,"_bbp_forum_subforum_count":0,"inline_featured_image":false,"spay_email":""},"translation":{"provider":"WPGlobus","version":"3.0.1","language":"de","enabled_languages":["en","de","sr"],"languages":{"en":{"title":true,"content":true,"excerpt":false},"de":{"title":true,"content":true,"excerpt":false},"sr":{"title":true,"content":true,"excerpt":false}}},"yoast_head":"<!-- This site is optimized with the Yoast SEO plugin v18.3 - https:\/\/yoast.com\/wordpress\/plugins\/seo\/ -->\n<title>Siddhi, okkulte und psychische Kraft - Sch\u00f6nheit der Ver\u00e4nderung<\/title>\n<meta name=\"description\" content=\"Siddhi ist ein Sanskrit-Wort und bedeutet &quot;Perfektion&quot;. Siddhi ist die okkulte, psychische Kraft, die durch die Kontrolle psychischer Elemente geweckt wird.\" \/>\n<meta name=\"robots\" content=\"index, follow, max-snippet:-1, max-image-preview:large, max-video-preview:-1\" \/>\n<link rel=\"canonical\" href=\"https:\/\/yogajagat.com\/siddhis-occult-and-psychic-powers\/\" \/>\n<meta name=\"twitter:label1\" content=\"Gesch\u00e4tzte Lesezeit\" \/>\n\t<meta name=\"twitter:data1\" content=\"19\u00a0Minuten\" \/>\n<script type=\"application\/ld+json\" class=\"yoast-schema-graph\">{\"@context\":\"https:\/\/schema.org\",\"@graph\":[{\"@type\":\"Organization\",\"@id\":\"https:\/\/yogajagat.com\/#organization\",\"name\":\"Yogajagat\",\"url\":\"https:\/\/yogajagat.com\/\",\"sameAs\":[],\"logo\":{\"@type\":\"ImageObject\",\"@id\":\"https:\/\/yogajagat.com\/#logo\",\"inLanguage\":\"de\",\"url\":\"https:\/\/i1.wp.com\/yogajagat.com\/wp-content\/uploads\/2019\/03\/DSC08478-Kopie-1.jpg?fit=798%2C800&ssl=1\",\"contentUrl\":\"https:\/\/i1.wp.com\/yogajagat.com\/wp-content\/uploads\/2019\/03\/DSC08478-Kopie-1.jpg?fit=798%2C800&ssl=1\",\"width\":798,\"height\":800,\"caption\":\"Yogajagat\"},\"image\":{\"@id\":\"https:\/\/yogajagat.com\/#logo\"}},{\"@type\":\"WebSite\",\"@id\":\"https:\/\/yogajagat.com\/#website\",\"url\":\"https:\/\/yogajagat.com\/\",\"name\":\"Sch\u00f6nheit der Ver\u00e4nderung\",\"description\":\"Mit st\u00e4ndiger Ver\u00e4nderung zum sch\u00f6nsten Lebenserfahrung\",\"publisher\":{\"@id\":\"https:\/\/yogajagat.com\/#organization\"},\"potentialAction\":[{\"@type\":\"SearchAction\",\"target\":{\"@type\":\"EntryPoint\",\"urlTemplate\":\"https:\/\/yogajagat.com\/?s={search_term_string}\"},\"query-input\":\"required name=search_term_string\"}],\"inLanguage\":\"de\"},{\"@type\":\"WebPage\",\"@id\":\"https:\/\/yogajagat.com\/siddhis-occult-and-psychic-powers\/#webpage\",\"url\":\"https:\/\/yogajagat.com\/siddhis-occult-and-psychic-powers\/\",\"name\":\"Siddhi, okkulte und psychische Kraft - Sch\u00f6nheit der Ver\u00e4nderung\",\"isPartOf\":{\"@id\":\"https:\/\/yogajagat.com\/#website\"},\"datePublished\":\"2019-03-07T23:40:47+00:00\",\"dateModified\":\"2020-06-16T11:15:17+00:00\",\"description\":\"Siddhi ist ein Sanskrit-Wort und bedeutet \\\"Perfektion\\\". Siddhi ist die okkulte, psychische Kraft, die durch die Kontrolle psychischer Elemente geweckt wird.\",\"breadcrumb\":{\"@id\":\"https:\/\/yogajagat.com\/siddhis-occult-and-psychic-powers\/#breadcrumb\"},\"inLanguage\":\"de\",\"potentialAction\":[{\"@type\":\"ReadAction\",\"target\":[\"https:\/\/yogajagat.com\/siddhis-occult-and-psychic-powers\/\"]}]},{\"@type\":\"BreadcrumbList\",\"@id\":\"https:\/\/yogajagat.com\/siddhis-occult-and-psychic-powers\/#breadcrumb\",\"itemListElement\":[{\"@type\":\"ListItem\",\"position\":1,\"name\":\"Home\",\"item\":\"https:\/\/yogajagat.com\/sr\/\"},{\"@type\":\"ListItem\",\"position\":2,\"name\":\"Siddhis occult and psychic powers\"}]}]}<\/script>\n<!-- \/ Yoast SEO plugin. -->","yoast_head_json":{"title":"Siddhi, okkulte und psychische Kraft - Sch\u00f6nheit der Ver\u00e4nderung","description":"Siddhi ist ein Sanskrit-Wort und bedeutet \"Perfektion\". Siddhi ist die okkulte, psychische Kraft, die durch die Kontrolle psychischer Elemente geweckt wird.","robots":{"index":"index","follow":"follow","max-snippet":"max-snippet:-1","max-image-preview":"max-image-preview:large","max-video-preview":"max-video-preview:-1"},"canonical":"https:\/\/yogajagat.com\/siddhis-occult-and-psychic-powers\/","twitter_misc":{"Gesch\u00e4tzte Lesezeit":"19\u00a0Minuten"},"schema":{"@context":"https:\/\/schema.org","@graph":[{"@type":"Organization","@id":"https:\/\/yogajagat.com\/#organization","name":"Yogajagat","url":"https:\/\/yogajagat.com\/","sameAs":[],"logo":{"@type":"ImageObject","@id":"https:\/\/yogajagat.com\/#logo","inLanguage":"de","url":"https:\/\/i1.wp.com\/yogajagat.com\/wp-content\/uploads\/2019\/03\/DSC08478-Kopie-1.jpg?fit=798%2C800&ssl=1","contentUrl":"https:\/\/i1.wp.com\/yogajagat.com\/wp-content\/uploads\/2019\/03\/DSC08478-Kopie-1.jpg?fit=798%2C800&ssl=1","width":798,"height":800,"caption":"Yogajagat"},"image":{"@id":"https:\/\/yogajagat.com\/#logo"}},{"@type":"WebSite","@id":"https:\/\/yogajagat.com\/#website","url":"https:\/\/yogajagat.com\/","name":"Sch\u00f6nheit der Ver\u00e4nderung","description":"Mit st\u00e4ndiger Ver\u00e4nderung zum sch\u00f6nsten Lebenserfahrung","publisher":{"@id":"https:\/\/yogajagat.com\/#organization"},"potentialAction":[{"@type":"SearchAction","target":{"@type":"EntryPoint","urlTemplate":"https:\/\/yogajagat.com\/?s={search_term_string}"},"query-input":"required name=search_term_string"}],"inLanguage":"de"},{"@type":"WebPage","@id":"https:\/\/yogajagat.com\/siddhis-occult-and-psychic-powers\/#webpage","url":"https:\/\/yogajagat.com\/siddhis-occult-and-psychic-powers\/","name":"Siddhi, okkulte und psychische Kraft - Sch\u00f6nheit der Ver\u00e4nderung","isPartOf":{"@id":"https:\/\/yogajagat.com\/#website"},"datePublished":"2019-03-07T23:40:47+00:00","dateModified":"2020-06-16T11:15:17+00:00","description":"Siddhi ist ein Sanskrit-Wort und bedeutet \"Perfektion\". Siddhi ist die okkulte, psychische Kraft, die durch die Kontrolle psychischer Elemente geweckt wird.","breadcrumb":{"@id":"https:\/\/yogajagat.com\/siddhis-occult-and-psychic-powers\/#breadcrumb"},"inLanguage":"de","potentialAction":[{"@type":"ReadAction","target":["https:\/\/yogajagat.com\/siddhis-occult-and-psychic-powers\/"]}]},{"@type":"BreadcrumbList","@id":"https:\/\/yogajagat.com\/siddhis-occult-and-psychic-powers\/#breadcrumb","itemListElement":[{"@type":"ListItem","position":1,"name":"Home","item":"https:\/\/yogajagat.com\/sr\/"},{"@type":"ListItem","position":2,"name":"Siddhis occult and psychic powers"}]}]}},"_links":{"self":[{"href":"https:\/\/yogajagat.com\/de\/wp-json\/wp\/v2\/pages\/2532"}],"collection":[{"href":"https:\/\/yogajagat.com\/de\/wp-json\/wp\/v2\/pages"}],"about":[{"href":"https:\/\/yogajagat.com\/de\/wp-json\/wp\/v2\/types\/page"}],"author":[{"embeddable":true,"href":"https:\/\/yogajagat.com\/de\/wp-json\/wp\/v2\/users\/1"}],"replies":[{"embeddable":true,"href":"https:\/\/yogajagat.com\/de\/wp-json\/wp\/v2\/comments?post=2532"}],"version-history":[{"count":15,"href":"https:\/\/yogajagat.com\/de\/wp-json\/wp\/v2\/pages\/2532\/revisions"}],"predecessor-version":[{"id":5942,"href":"https:\/\/yogajagat.com\/de\/wp-json\/wp\/v2\/pages\/2532\/revisions\/5942"}],"wp:attachment":[{"href":"https:\/\/yogajagat.com\/de\/wp-json\/wp\/v2\/media?parent=2532"}],"curies":[{"name":"wp","href":"https:\/\/api.w.org\/{rel}","templated":true}]}}