{"id":2527,"date":"2019-03-08T00:37:50","date_gmt":"2019-03-07T23:37:50","guid":{"rendered":"http:\/\/yogajagat.com\/?page_id=2527"},"modified":"2020-06-16T12:40:37","modified_gmt":"2020-06-16T10:40:37","slug":"the-higher-powers-of-consciousness","status":"publish","type":"page","link":"https:\/\/yogajagat.com\/de\/hohere-bewusstseinskrafte\/","title":{"rendered":"H\u00f6here Bewusstseinskr\u00e4fte"},"content":{"rendered":"[vc_row][vc_column][vc_custom_heading text=&#8220;Die Bewusstseinskr\u00e4fte, nachdem einer niedrigeren Stufe von Samadhi erreicht wurde&#8220; font_container=&#8220;tag:h2|text_align:center|color:%231ba2b7&#8243; google_fonts=&#8220;font_family:Ubuntu%3A300%2C300italic%2Cregular%2Citalic%2C500%2C500italic%2C700%2C700italic|font_style:300%20light%20italic%3A300%3Aitalic&#8220;][\/vc_column][\/vc_row][vc_row][vc_column][vc_column_text]\n<h3 style=\"text-align: center;\"><span style=\"color: #993300;\">\u00a0H\u00d6HERE BEWUSSTSEINSKR\u00c4FTE<\/span><\/h3>\n<hr \/>\n<p>&nbsp;<\/p>\n<p>Mit dem Erreichen der unteren Ebene von Samadhi kommen verschiedene okkulte-yogische-psychische Kr\u00e4fte, <span style=\"color: #993300;\">Siddhi<\/span>. Dies sind h\u00f6here Bewusstseinskr\u00e4fte.<\/p>\n<p>Das Yoga Sutra bietet eine tiefere Erkl\u00e4rung dieser Kr\u00e4fte. <a href=\"https:\/\/yogajagat.com\/de\/was-ist-samadhi\/\"><span style=\"color: #993300;\">Samyama<\/span><\/a>, das sowohl Praxis als auch Erfahrung ist, ist die Summe des Wissens \u00fcber <a href=\"https:\/\/yogajagat.com\/de\/konzentration-oder-nutzliche-distanzierung-des-geistes\/\"><span style=\"color: #993300;\">Konzentration<\/span><\/a>, <a href=\"https:\/\/yogajagat.com\/de\/meditation\/\"><span style=\"color: #800080;\">Meditation<\/span><\/a> und S<span style=\"color: #993300;\">amadhi<\/span>. Es bringt das eigene Bewusstsein zu den h\u00f6heren Bewusstseinskr\u00e4ften. Yoga Sutra beschreibt Samyama im dritten Kapitel. Auf dieser Seite interpretieren wir die Sutras 3.17 &#8211; 3.38.<\/p>\n<p>So kann man mit<em> Samyama<\/em> (fortgeschrittene Konzentration und Meditation) auf den Klang des Wortes den Klang, man kann die Bedeutung und die Wirkung der Bedeutung von W\u00f6rtern trennen.<\/p>\n<p>Ein Beispiel hierf\u00fcr ist eine Person, deren Sinne so au\u00dfergew\u00f6hnlich entwickelt sind, dass eine solche Person die Sprache der Natur und der Tiere sowie die Sprache aller Menschen verstehen kann ohne dass sie eine bestimmte Weltsprache zu verstehen.<\/p>\n<p>Wenn die Wellen des Geistes still sind, die Erinnerung solche Person ist umgewandelt und sie gewinnt den Einblick in vergangene Leben.<\/p>\n<p>Mit\u00a0<em>Samyama<\/em> auf den \u201eZeichen\u201c anderer Menschen, die Gedanken und Handlungen sind, w\u00e4hrend man sich gleichzeitig von ihnen getrennt ist, gewinnt man das Wissen \u00fcber die Natur des Geistes anderer Menschen.<\/p>\n<p>Dies ist nur m\u00f6glich, wenn Samyama gleichzeitig am Herzen der anderen Person ausgef\u00fchrt wird. Dies impliziert, dass das Herz eines Menschen bereits gereinigt ist.<\/p>\n[\/vc_column_text][\/vc_column][\/vc_row][vc_row][vc_column][vc_custom_heading text=&#8220;Was kommt als Ergebnis des \u00dcbens verschiedener Samyamas&#8220; font_container=&#8220;tag:h2|text_align:center|color:%231ba2b7&#8243; google_fonts=&#8220;font_family:Ubuntu%3A300%2C300italic%2Cregular%2Citalic%2C500%2C500italic%2C700%2C700italic|font_style:300%20light%20italic%3A300%3Aitalic&#8220;][\/vc_column][\/vc_row][vc_row][vc_column][vc_column_text]\n<hr \/>\n<p>&nbsp;<\/p>\n<p>Samyamas sind Praktiken und Erfahrungen von Konzentration, Meditation und Samadhi. Es ist die Erfahrung der h\u00f6heren Bewusstseinskr\u00e4fte.<\/p>\n<p>Laut <a href=\"https:\/\/yogajagat.com\/de\/erkenne-dich-selbst-die-yoga-sutras-eine-ausfuhrliche-anleitung\/\"><span style=\"color: #993300;\">Yoga Sutras<\/span><\/a> wenn ein Mensch seine eigenen nat\u00fcrlichen F\u00e4higkeiten, Wissen, Lernen und Verstehen vollst\u00e4ndig kontrollieren und sich \u00fcber diesen, losgel\u00f6st von den groben Organen der K\u00f6rpersinne,\u00a0erheben kann, kann er sich\u00a0\u00fcber sein fr\u00fcheres Elend und seinen Schmerz erheben. Diese Person und ihre Ger\u00e4usche k\u00f6nnen f\u00fcr die Wahrnehmung des anderen \u201eunsichtbar\u201c sein.<\/p>\n<p>Mit <em>Samyama<\/em>\u00a0auf zwei verschiedenen Karmas, dem einen, der sich fr\u00fcher, und dem anderen, der sich im sp\u00e4teren Leben manifestiert, wird man Kenntnis \u00fcber den genauen Zeitpunkt seines Todes erlangen.<\/p>\n<p>Mit <em>Samyama<\/em>\u00a0auf\u00a0<span style=\"color: #993300;\">Freundlichkeit gegen\u00fcber Gl\u00fcck, Mitgef\u00fchl f\u00fcr das Ungl\u00fcck<\/span>, <span style=\"color: #ff9900;\">Freude am Gesunden,<\/span><span style=\"color: #800080;\"> Desinteresse f\u00fcr das Sch\u00e4dliche und B\u00f6se,<\/span> entwickelt der Mensch gute Eigenschaften.<\/p>\n<p>Mit <em>Samyama<\/em>\u00a0<span style=\"color: #993300;\">auf die Kraft,<\/span> wie die Kraft des Elefanten, gewinnt man selbst die Kraft.<\/p>\n<p>Mit <em>Samyama<\/em>\u00a0<span style=\"color: #993300;\">auf das innere Licht<\/span>, erlangt man das Wissen \u00fcber das Subtile und Verborgene und \u00fcber die Distanz.<\/p>\n<p>Mit<em> Samyama<\/em>\u00a0<span style=\"color: #993300;\">auf der Sonne<\/span> gewinnt man das Wissen \u00fcber die kosmische Dimension. Mit dem <em>Samyama<\/em>\u00a0<span style=\"color: #993300;\">\u00fcber\u00a0dem Mond<\/span> gewinnt man Kenntnis von der Anordnung der Sterne. Mit <em>Samyama<\/em> <span style=\"color: #993300;\">auf den Polarstern<\/span> gewinnt man das Wissen \u00fcber die Bewegung der Sterne.<\/p>\n<p>Mit\u00a0<em>Samyama<\/em>\u00a0<span style=\"color: #993300;\">auf den Nabelbereich<\/span> gewinnt man das Wissen \u00fcber die K\u00f6rperstruktur und das Innere des Rachens. Man kann Hunger und Durst kontrollieren.<\/p>\n<p>Mit\u00a0<em>Samyama<\/em> <span style=\"color: #993300;\">auf den R\u00f6hr<\/span> in der Brust erreichte man v\u00f6llige Stabilit\u00e4t.<\/p>\n<p>Mit <em>Samyama<\/em> <span style=\"color: #993300;\">auf das strahlende Licht<\/span><em> (Jyotisi)<\/em> im Hinterkopf kann man mit den Meistern, mit den psychischen oder himmlischen Wesen einen psychischen Kontakt herstellen.<\/p>\n<p>Einem <em>Siddhi<\/em> (eine Person, die okkulte Kr\u00e4fte besitzt), die bereits einen h\u00f6heren Zustand der Reinigung des Geistes erreicht hat, wird nichts unbekannt sein und er kann die Erleuchtung erfahren, ohne andere Samyamas zu \u00fcben oder kennen.<\/p>\n<p>Mit <em>Samyama <\/em><span style=\"color: #993300;\">auf\u00a0das\u00a0Herz<\/span> gewinnt man eine feinere Kenntnis des Geistes.<\/p>\n<p>&nbsp;<\/p>\n<p>Man kann das Wissen \u00fcber das Selbst erlangen nur dann, wenn man f\u00e4hig ist seine Erfahrung der Freude (die eine <em>sattvische<\/em> Kraft der Natur ist) von <em>Atman<\/em> (dem wahren Selbst, der Seele in ihrer reinsten unsterblichen Essenz) oder von <em>Purusha<\/em> (wenn sie den ganzen K\u00f6rper durchdringt) zu trennen. Nur wenn man sich selbst von der Freude der Reflexion des wahren Selbst distanzieren kann, die noch weltlich ist, kann man eine <em>Freude der reinen Seele<\/em> selbst werden.<\/p>\n<p>Diese Freude ohne Anhaftung f\u00fchrt zu einer spontanen Erleuchtung, die den Sinn f\u00fcr H\u00f6ren, Ber\u00fchren, Sehen, Schmecken und Riechen f\u00fcr das \u00dcbernat\u00fcrliche \u00fcbersteigt.<\/p>\n<p>Wenn weltlich, k\u00f6nnen auch diese Kr\u00e4fte die Hindernisse f\u00fcr die h\u00f6chste Transformation sein.<\/p>\n<p>Sogar die <em>Siddhis<\/em>\u00a0&#8222;leben&#8220; im Kopf.<\/p>\n<p>Wenn der Geist selbst von seinen eigenen Kr\u00e4ften losgel\u00f6st ist, besteht eine Chance f\u00fcr die wirkliche Befreiung <em>(kaivalya moksha).<\/em><\/p>\n<p>Der Zustand, in dem der Geist \u201enirgendwo\u201c ist, wird <em>nirmal sthiti<\/em> genannt, ein fortgesetzter gedankenloser Zustand in seiner h\u00f6chsten Reinheit.<\/p>\n<p>Eine befreite Seele, die noch am Leben ist, wird <em>Jivanmukti<\/em> genannt (nicht zu verwechseln mit dem \u00e4hnlich bezeichneten modernen physischen Yoga-Stil, der in den USA erfunden wurde).<\/p>\n[\/vc_column_text][\/vc_column][\/vc_row]\n","protected":false},"excerpt":{"rendered":"<p>[vc_row][vc_column][vc_custom_heading text=&#8220;Die Bewusstseinskr\u00e4fte, nachdem einer niedrigeren Stufe von Samadhi erreicht wurde&#8220; font_container=&#8220;tag:h2|text_align:center|color:%231ba2b7&#8243; google_fonts=&#8220;font_family:Ubuntu%3A300%2C300italic%2Cregular%2Citalic%2C500%2C500italic%2C700%2C700italic|font_style:300%20light%20italic%3A300%3Aitalic&#8220;][\/vc_column][\/vc_row][vc_row][vc_column][vc_column_text]<br \/>\n\u00a0H\u00d6HERE BEWUSSTSEINSKR\u00c4FTE<\/p>\n<p>&nbsp;<br \/>\nMit dem Erreichen der unteren Ebene von Samadhi kommen verschiedene okkulte-yogische-psychische Kr\u00e4fte, Siddhi. Dies sind h\u00f6here Bewusstseinskr\u00e4fte.<br \/>\nDas Yoga Sutra bietet eine tiefere Erkl\u00e4rung dieser Kr\u00e4fte. Samyama, das sowohl Praxis als auch Erfahrung ist, ist die Summe des Wissens \u00fcber Konzentration, Meditation und Samadhi. Es bringt das eigene Bewusstsein zu den h\u00f6heren Bewusstseinskr\u00e4ften. Yoga Sutra beschreibt Samyama im dritten Kapitel. Auf dieser Seite &#8230;<\/p>\n","protected":false},"author":1,"featured_media":0,"parent":0,"menu_order":0,"comment_status":"closed","ping_status":"closed","template":"template-full-width.php","meta":{"_bbp_topic_count":0,"_bbp_reply_count":0,"_bbp_total_topic_count":0,"_bbp_total_reply_count":0,"_bbp_voice_count":0,"_bbp_anonymous_reply_count":0,"_bbp_topic_count_hidden":0,"_bbp_reply_count_hidden":0,"_bbp_forum_subforum_count":0,"inline_featured_image":false,"spay_email":""},"translation":{"provider":"WPGlobus","version":"3.0.1","language":"de","enabled_languages":["en","de","sr"],"languages":{"en":{"title":true,"content":true,"excerpt":false},"de":{"title":true,"content":true,"excerpt":false},"sr":{"title":true,"content":true,"excerpt":false}}},"yoast_head":"<!-- This site is optimized with the Yoast SEO plugin v18.3 - https:\/\/yoast.com\/wordpress\/plugins\/seo\/ -->\n<title>H\u00f6here Bewusstseinskr\u00e4fte - Sch\u00f6nheit der Ver\u00e4nderung<\/title>\n<meta name=\"description\" content=\"H\u00f6here Bewusstseinskr\u00e4fte. Samyamas sind fortgeschrittene Praktiken und Erfahrungen von Konzentration, Meditation und Samadhi.\" \/>\n<meta name=\"robots\" content=\"index, follow, max-snippet:-1, max-image-preview:large, max-video-preview:-1\" \/>\n<link rel=\"canonical\" href=\"https:\/\/yogajagat.com\/the-higher-powers-of-consciousness\/\" \/>\n<meta name=\"twitter:label1\" content=\"Gesch\u00e4tzte Lesezeit\" \/>\n\t<meta name=\"twitter:data1\" content=\"13\u00a0Minuten\" \/>\n<script type=\"application\/ld+json\" class=\"yoast-schema-graph\">{\"@context\":\"https:\/\/schema.org\",\"@graph\":[{\"@type\":\"Organization\",\"@id\":\"https:\/\/yogajagat.com\/#organization\",\"name\":\"Yogajagat\",\"url\":\"https:\/\/yogajagat.com\/\",\"sameAs\":[],\"logo\":{\"@type\":\"ImageObject\",\"@id\":\"https:\/\/yogajagat.com\/#logo\",\"inLanguage\":\"de\",\"url\":\"https:\/\/i1.wp.com\/yogajagat.com\/wp-content\/uploads\/2019\/03\/DSC08478-Kopie-1.jpg?fit=798%2C800&ssl=1\",\"contentUrl\":\"https:\/\/i1.wp.com\/yogajagat.com\/wp-content\/uploads\/2019\/03\/DSC08478-Kopie-1.jpg?fit=798%2C800&ssl=1\",\"width\":798,\"height\":800,\"caption\":\"Yogajagat\"},\"image\":{\"@id\":\"https:\/\/yogajagat.com\/#logo\"}},{\"@type\":\"WebSite\",\"@id\":\"https:\/\/yogajagat.com\/#website\",\"url\":\"https:\/\/yogajagat.com\/\",\"name\":\"Sch\u00f6nheit der Ver\u00e4nderung\",\"description\":\"Mit st\u00e4ndiger Ver\u00e4nderung zum sch\u00f6nsten Lebenserfahrung\",\"publisher\":{\"@id\":\"https:\/\/yogajagat.com\/#organization\"},\"potentialAction\":[{\"@type\":\"SearchAction\",\"target\":{\"@type\":\"EntryPoint\",\"urlTemplate\":\"https:\/\/yogajagat.com\/?s={search_term_string}\"},\"query-input\":\"required name=search_term_string\"}],\"inLanguage\":\"de\"},{\"@type\":\"WebPage\",\"@id\":\"https:\/\/yogajagat.com\/the-higher-powers-of-consciousness\/#webpage\",\"url\":\"https:\/\/yogajagat.com\/the-higher-powers-of-consciousness\/\",\"name\":\"H\u00f6here Bewusstseinskr\u00e4fte - Sch\u00f6nheit der Ver\u00e4nderung\",\"isPartOf\":{\"@id\":\"https:\/\/yogajagat.com\/#website\"},\"datePublished\":\"2019-03-07T23:37:50+00:00\",\"dateModified\":\"2020-06-16T10:40:37+00:00\",\"description\":\"H\u00f6here Bewusstseinskr\u00e4fte. Samyamas sind fortgeschrittene Praktiken und Erfahrungen von Konzentration, Meditation und Samadhi.\",\"breadcrumb\":{\"@id\":\"https:\/\/yogajagat.com\/the-higher-powers-of-consciousness\/#breadcrumb\"},\"inLanguage\":\"de\",\"potentialAction\":[{\"@type\":\"ReadAction\",\"target\":[\"https:\/\/yogajagat.com\/the-higher-powers-of-consciousness\/\"]}]},{\"@type\":\"BreadcrumbList\",\"@id\":\"https:\/\/yogajagat.com\/the-higher-powers-of-consciousness\/#breadcrumb\",\"itemListElement\":[{\"@type\":\"ListItem\",\"position\":1,\"name\":\"Home\",\"item\":\"https:\/\/yogajagat.com\/sr\/\"},{\"@type\":\"ListItem\",\"position\":2,\"name\":\"The Higher Powers Of Consciousness\"}]}]}<\/script>\n<!-- \/ Yoast SEO plugin. -->","yoast_head_json":{"title":"H\u00f6here Bewusstseinskr\u00e4fte - Sch\u00f6nheit der Ver\u00e4nderung","description":"H\u00f6here Bewusstseinskr\u00e4fte. Samyamas sind fortgeschrittene Praktiken und Erfahrungen von Konzentration, Meditation und Samadhi.","robots":{"index":"index","follow":"follow","max-snippet":"max-snippet:-1","max-image-preview":"max-image-preview:large","max-video-preview":"max-video-preview:-1"},"canonical":"https:\/\/yogajagat.com\/the-higher-powers-of-consciousness\/","twitter_misc":{"Gesch\u00e4tzte Lesezeit":"13\u00a0Minuten"},"schema":{"@context":"https:\/\/schema.org","@graph":[{"@type":"Organization","@id":"https:\/\/yogajagat.com\/#organization","name":"Yogajagat","url":"https:\/\/yogajagat.com\/","sameAs":[],"logo":{"@type":"ImageObject","@id":"https:\/\/yogajagat.com\/#logo","inLanguage":"de","url":"https:\/\/i1.wp.com\/yogajagat.com\/wp-content\/uploads\/2019\/03\/DSC08478-Kopie-1.jpg?fit=798%2C800&ssl=1","contentUrl":"https:\/\/i1.wp.com\/yogajagat.com\/wp-content\/uploads\/2019\/03\/DSC08478-Kopie-1.jpg?fit=798%2C800&ssl=1","width":798,"height":800,"caption":"Yogajagat"},"image":{"@id":"https:\/\/yogajagat.com\/#logo"}},{"@type":"WebSite","@id":"https:\/\/yogajagat.com\/#website","url":"https:\/\/yogajagat.com\/","name":"Sch\u00f6nheit der Ver\u00e4nderung","description":"Mit st\u00e4ndiger Ver\u00e4nderung zum sch\u00f6nsten Lebenserfahrung","publisher":{"@id":"https:\/\/yogajagat.com\/#organization"},"potentialAction":[{"@type":"SearchAction","target":{"@type":"EntryPoint","urlTemplate":"https:\/\/yogajagat.com\/?s={search_term_string}"},"query-input":"required name=search_term_string"}],"inLanguage":"de"},{"@type":"WebPage","@id":"https:\/\/yogajagat.com\/the-higher-powers-of-consciousness\/#webpage","url":"https:\/\/yogajagat.com\/the-higher-powers-of-consciousness\/","name":"H\u00f6here Bewusstseinskr\u00e4fte - Sch\u00f6nheit der Ver\u00e4nderung","isPartOf":{"@id":"https:\/\/yogajagat.com\/#website"},"datePublished":"2019-03-07T23:37:50+00:00","dateModified":"2020-06-16T10:40:37+00:00","description":"H\u00f6here Bewusstseinskr\u00e4fte. Samyamas sind fortgeschrittene Praktiken und Erfahrungen von Konzentration, Meditation und Samadhi.","breadcrumb":{"@id":"https:\/\/yogajagat.com\/the-higher-powers-of-consciousness\/#breadcrumb"},"inLanguage":"de","potentialAction":[{"@type":"ReadAction","target":["https:\/\/yogajagat.com\/the-higher-powers-of-consciousness\/"]}]},{"@type":"BreadcrumbList","@id":"https:\/\/yogajagat.com\/the-higher-powers-of-consciousness\/#breadcrumb","itemListElement":[{"@type":"ListItem","position":1,"name":"Home","item":"https:\/\/yogajagat.com\/sr\/"},{"@type":"ListItem","position":2,"name":"The Higher Powers Of Consciousness"}]}]}},"_links":{"self":[{"href":"https:\/\/yogajagat.com\/de\/wp-json\/wp\/v2\/pages\/2527"}],"collection":[{"href":"https:\/\/yogajagat.com\/de\/wp-json\/wp\/v2\/pages"}],"about":[{"href":"https:\/\/yogajagat.com\/de\/wp-json\/wp\/v2\/types\/page"}],"author":[{"embeddable":true,"href":"https:\/\/yogajagat.com\/de\/wp-json\/wp\/v2\/users\/1"}],"replies":[{"embeddable":true,"href":"https:\/\/yogajagat.com\/de\/wp-json\/wp\/v2\/comments?post=2527"}],"version-history":[{"count":18,"href":"https:\/\/yogajagat.com\/de\/wp-json\/wp\/v2\/pages\/2527\/revisions"}],"predecessor-version":[{"id":5941,"href":"https:\/\/yogajagat.com\/de\/wp-json\/wp\/v2\/pages\/2527\/revisions\/5941"}],"wp:attachment":[{"href":"https:\/\/yogajagat.com\/de\/wp-json\/wp\/v2\/media?parent=2527"}],"curies":[{"name":"wp","href":"https:\/\/api.w.org\/{rel}","templated":true}]}}